{"id":7914,"date":"2024-05-04T14:37:09","date_gmt":"2024-05-04T14:37:09","guid":{"rendered":"https:\/\/skaitytaknyga.lt\/?post_type=product&#038;p=7914"},"modified":"2025-02-26T09:31:54","modified_gmt":"2025-02-26T07:31:54","slug":"urzula-ir-volfgangas-ulrichai-raganosiu-dziunglese-2","status":"publish","type":"product","link":"https:\/\/skaitytaknyga.lt\/en\/produktas\/urzula-ir-volfgangas-ulrichai-raganosiu-dziunglese-2\/","title":{"rendered":"Urzula ir Volfgangas Ulrichai \u201eRaganosi\u0173 d\u017eiungl\u0117se&#8221;"},"content":{"rendered":"<p>Autoriai pasakoja apie kelion\u0119 Indijon, kur kelias savaites steb\u0117jo pasaulio mil\u017ein\u0173 &#8211; \u0161arvuot\u0173j\u0173 raganosi\u0173 elgsen\u0105 bei \u012fpro\u010dius, fotografavo, tur\u0117dami tiksl\u0105 pateikti mokslui i\u0161sami\u0173 \u017eini\u0173 apie \u0161i\u0173 gyv\u016bn\u0173 biologij\u0105.<\/p>\n<p>I\u0161 knyg\u0173 serijos \u201eHorizontai\u201c.<\/p>\n","protected":false},"excerpt":{"rendered":"<p>Autoriai pasakoja apie kelion\u0119 Indijon, kur kelias savaites steb\u0117jo pasaulio mil\u017ein\u0173 &#8211; \u0161arvuot\u0173j\u0173 raganosi\u0173 elgsen\u0105 bei \u012fpro\u010dius, fotografavo, tur\u0117dami tiksl\u0105 pateikti mokslui i\u0161sami\u0173 \u017eini\u0173 apie \u0161i\u0173 gyv\u016bn\u0173 biologij\u0105.<\/p>\n","protected":false},"featured_media":3518,"comment_status":"closed","ping_status":"closed","template":"","meta":{"_acf_changed":false,"site-sidebar-layout":"default","site-content-layout":"","ast-site-content-layout":"default","site-content-style":"default","site-sidebar-style":"default","ast-global-header-display":"","ast-banner-title-visibility":"","ast-main-header-display":"","ast-hfb-above-header-display":"","ast-hfb-below-header-display":"","ast-hfb-mobile-header-display":"","site-post-title":"","ast-breadcrumbs-content":"","ast-featured-img":"","footer-sml-layout":"","ast-disable-related-posts":"","theme-transparent-header-meta":"","adv-header-id-meta":"","stick-header-meta":"","header-above-stick-meta":"","header-main-stick-meta":"","header-below-stick-meta":"","astra-migrate-meta-layouts":"default","ast-page-background-enabled":"default","ast-page-background-meta":{"desktop":{"background-color":"","background-image":"","background-repeat":"repeat","background-position":"center center","background-size":"auto","background-attachment":"scroll","background-type":"","background-media":"","overlay-type":"","overlay-color":"","overlay-opacity":"","overlay-gradient":""},"tablet":{"background-color":"","background-image":"","background-repeat":"repeat","background-position":"center center","background-size":"auto","background-attachment":"scroll","background-type":"","background-media":"","overlay-type":"","overlay-color":"","overlay-opacity":"","overlay-gradient":""},"mobile":{"background-color":"","background-image":"","background-repeat":"repeat","background-position":"center center","background-size":"auto","background-attachment":"scroll","background-type":"","background-media":"","overlay-type":"","overlay-color":"","overlay-opacity":"","overlay-gradient":""}},"ast-content-background-meta":{"desktop":{"background-color":"var(--ast-global-color-4)","background-image":"","background-repeat":"repeat","background-position":"center center","background-size":"auto","background-attachment":"scroll","background-type":"","background-media":"","overlay-type":"","overlay-color":"","overlay-opacity":"","overlay-gradient":""},"tablet":{"background-color":"var(--ast-global-color-4)","background-image":"","background-repeat":"repeat","background-position":"center center","background-size":"auto","background-attachment":"scroll","background-type":"","background-media":"","overlay-type":"","overlay-color":"","overlay-opacity":"","overlay-gradient":""},"mobile":{"background-color":"var(--ast-global-color-4)","background-image":"","background-repeat":"repeat","background-position":"center center","background-size":"auto","background-attachment":"scroll","background-type":"","background-media":"","overlay-type":"","overlay-color":"","overlay-opacity":"","overlay-gradient":""}}},"product_brand":[],"product_cat":[448],"product_tag":[441],"class_list":{"0":"post-7914","1":"product","2":"type-product","3":"status-publish","4":"has-post-thumbnail","6":"product_cat-keliones","7":"product_tag-horizontai","8":"desktop-align-left","9":"tablet-align-left","10":"mobile-align-left","12":"first","13":"outofstock","14":"shipping-taxable","15":"purchasable","16":"product-type-simple"},"acf":[],"yoast_head":"<!-- This site is optimized with the Yoast SEO plugin v27.0 - https:\/\/yoast.com\/product\/yoast-seo-wordpress\/ -->\n<title>Urzula ir Volfgangas Ulrichai \u201eRaganosi\u0173 d\u017eiungl\u0117se&quot;<\/title>\n<meta name=\"description\" content=\"Autoriai pasakoja apie kelion\u0119 Indijon, kur kelias savaites steb\u0117jo pasaulio mil\u017ein\u0173 - \u0161arvuot\u0173j\u0173 raganosi\u0173 elgsen\u0105 bei \u012fpro\u010dius, fotografavo, tur\u0117dami tiksl\u0105 pateikti mokslui i\u0161sami\u0173 \u017eini\u0173 apie \u0161i\u0173 gyv\u016bn\u0173 biologij\u0105.\" \/>\n<meta name=\"robots\" content=\"index, follow, max-snippet:-1, max-image-preview:large, max-video-preview:-1\" \/>\n<link rel=\"canonical\" href=\"https:\/\/skaitytaknyga.lt\/en\/produktas\/urzula-ir-volfgangas-ulrichai-raganosiu-dziunglese-2\/\" \/>\n<meta property=\"og:locale\" content=\"en_GB\" \/>\n<meta property=\"og:locale:alternate\" content=\"lt_LT\" \/>\n<meta property=\"og:type\" content=\"article\" \/>\n<meta property=\"og:title\" content=\"Urzula ir Volfgangas Ulrichai \u201eRaganosi\u0173 d\u017eiungl\u0117se&quot;\" \/>\n<meta property=\"og:description\" content=\"Autoriai pasakoja apie kelion\u0119 Indijon, kur kelias savaites steb\u0117jo pasaulio mil\u017ein\u0173 - \u0161arvuot\u0173j\u0173 raganosi\u0173 elgsen\u0105 bei \u012fpro\u010dius, fotografavo, tur\u0117dami tiksl\u0105 pateikti mokslui i\u0161sami\u0173 \u017eini\u0173 apie \u0161i\u0173 gyv\u016bn\u0173 biologij\u0105.\" \/>\n<meta property=\"og:url\" content=\"https:\/\/skaitytaknyga.lt\/en\/produktas\/urzula-ir-volfgangas-ulrichai-raganosiu-dziunglese-2\/\" \/>\n<meta property=\"og:site_name\" content=\"Skaitytaknyga\" \/>\n<meta property=\"article:publisher\" content=\"https:\/\/www.facebook.com\/skaitytaknyga\/\" \/>\n<meta property=\"article:modified_time\" content=\"2025-02-26T07:31:54+00:00\" \/>\n<meta property=\"og:image\" content=\"https:\/\/skaitytaknyga.lt\/wp-content\/uploads\/2024\/04\/knyga244.jpg\" \/>\n\t<meta property=\"og:image:width\" content=\"455\" \/>\n\t<meta property=\"og:image:height\" content=\"694\" \/>\n\t<meta property=\"og:image:type\" content=\"image\/jpeg\" \/>\n<meta name=\"twitter:card\" content=\"summary_large_image\" \/>\n<script type=\"application\/ld+json\" class=\"yoast-schema-graph\">{\"@context\":\"https:\/\/schema.org\",\"@graph\":[{\"@type\":\"WebPage\",\"@id\":\"https:\/\/skaitytaknyga.lt\/produktas\/urzula-ir-volfgangas-ulrichai-raganosiu-dziunglese-2\/\",\"url\":\"https:\/\/skaitytaknyga.lt\/produktas\/urzula-ir-volfgangas-ulrichai-raganosiu-dziunglese-2\/\",\"name\":\"Urzula ir Volfgangas Ulrichai \u201eRaganosi\u0173 d\u017eiungl\u0117se\\\"\",\"isPartOf\":{\"@id\":\"https:\/\/skaitytaknyga.lt\/#website\"},\"primaryImageOfPage\":{\"@id\":\"https:\/\/skaitytaknyga.lt\/produktas\/urzula-ir-volfgangas-ulrichai-raganosiu-dziunglese-2\/#primaryimage\"},\"image\":{\"@id\":\"https:\/\/skaitytaknyga.lt\/produktas\/urzula-ir-volfgangas-ulrichai-raganosiu-dziunglese-2\/#primaryimage\"},\"thumbnailUrl\":\"https:\/\/skaitytaknyga.lt\/wp-content\/uploads\/2024\/04\/knyga244.jpg\",\"datePublished\":\"2024-05-04T14:37:09+00:00\",\"dateModified\":\"2025-02-26T07:31:54+00:00\",\"description\":\"Autoriai pasakoja apie kelion\u0119 Indijon, kur kelias savaites steb\u0117jo pasaulio mil\u017ein\u0173 - \u0161arvuot\u0173j\u0173 raganosi\u0173 elgsen\u0105 bei \u012fpro\u010dius, fotografavo, tur\u0117dami tiksl\u0105 pateikti mokslui i\u0161sami\u0173 \u017eini\u0173 apie \u0161i\u0173 gyv\u016bn\u0173 biologij\u0105.\",\"breadcrumb\":{\"@id\":\"https:\/\/skaitytaknyga.lt\/produktas\/urzula-ir-volfgangas-ulrichai-raganosiu-dziunglese-2\/#breadcrumb\"},\"inLanguage\":\"en-GB\",\"potentialAction\":[{\"@type\":\"ReadAction\",\"target\":[\"https:\/\/skaitytaknyga.lt\/produktas\/urzula-ir-volfgangas-ulrichai-raganosiu-dziunglese-2\/\"]}]},{\"@type\":\"ImageObject\",\"inLanguage\":\"en-GB\",\"@id\":\"https:\/\/skaitytaknyga.lt\/produktas\/urzula-ir-volfgangas-ulrichai-raganosiu-dziunglese-2\/#primaryimage\",\"url\":\"https:\/\/skaitytaknyga.lt\/wp-content\/uploads\/2024\/04\/knyga244.jpg\",\"contentUrl\":\"https:\/\/skaitytaknyga.lt\/wp-content\/uploads\/2024\/04\/knyga244.jpg\",\"width\":455,\"height\":694,\"caption\":\"knyga244\"},{\"@type\":\"BreadcrumbList\",\"@id\":\"https:\/\/skaitytaknyga.lt\/produktas\/urzula-ir-volfgangas-ulrichai-raganosiu-dziunglese-2\/#breadcrumb\",\"itemListElement\":[{\"@type\":\"ListItem\",\"position\":1,\"name\":\"Home\",\"item\":\"https:\/\/skaitytaknyga.lt\/\"},{\"@type\":\"ListItem\",\"position\":2,\"name\":\"Parduotuv\u0117\",\"item\":\"https:\/\/skaitytaknyga.lt\/knygu-parduotuve\/\"},{\"@type\":\"ListItem\",\"position\":3,\"name\":\"Urzula ir Volfgangas Ulrichai \u201eRaganosi\u0173 d\u017eiungl\u0117se&#8221;\"}]},{\"@type\":\"WebSite\",\"@id\":\"https:\/\/skaitytaknyga.lt\/#website\",\"url\":\"https:\/\/skaitytaknyga.lt\/\",\"name\":\"skaitytaknyga.lt\",\"description\":\"Skaitytaknyga.lt \u2013 tai ma\u017eas \u0161eimos verslas, kuris prasid\u0117jo nuo meil\u0117s knygoms ir siekio i\u0161gelb\u0117ti knygas nuo likimo prie konteinerio. Kas vienam nereikalingas daiktas \u2013 kitam lobis, o mes esame tarpininkai, kurie padeda abiems tapti laimingesniems ???? \u017dinome kaip nelengva i\u0161gyventi ma\u017eiems verslams, tad nuo \u0161iol, \u010dia rasite ir kit\u0173, ma\u017e\u0173 \u0161eim\u0173 versl\u0173, rank\u0173 darbo, dovan\u0173 sau ir artimiesiems.\",\"publisher\":{\"@id\":\"https:\/\/skaitytaknyga.lt\/#organization\"},\"potentialAction\":[{\"@type\":\"SearchAction\",\"target\":{\"@type\":\"EntryPoint\",\"urlTemplate\":\"https:\/\/skaitytaknyga.lt\/?s={search_term_string}\"},\"query-input\":{\"@type\":\"PropertyValueSpecification\",\"valueRequired\":true,\"valueName\":\"search_term_string\"}}],\"inLanguage\":\"en-GB\"},{\"@type\":\"Organization\",\"@id\":\"https:\/\/skaitytaknyga.lt\/#organization\",\"name\":\"skaitytaknyga.lt\",\"url\":\"https:\/\/skaitytaknyga.lt\/\",\"logo\":{\"@type\":\"ImageObject\",\"inLanguage\":\"en-GB\",\"@id\":\"https:\/\/skaitytaknyga.lt\/#\/schema\/logo\/image\/\",\"url\":\"https:\/\/skaitytaknyga.lt\/wp-content\/uploads\/2024\/05\/cropped-cropped-cropped-02_00843_jt3bggkj1j3HLc7SyY6rEUpg.jpeg\",\"contentUrl\":\"https:\/\/skaitytaknyga.lt\/wp-content\/uploads\/2024\/05\/cropped-cropped-cropped-02_00843_jt3bggkj1j3HLc7SyY6rEUpg.jpeg\",\"width\":1600,\"height\":1600,\"caption\":\"skaitytaknyga.lt\"},\"image\":{\"@id\":\"https:\/\/skaitytaknyga.lt\/#\/schema\/logo\/image\/\"},\"sameAs\":[\"https:\/\/www.facebook.com\/skaitytaknyga\/\"]}]}<\/script>\n<!-- \/ Yoast SEO plugin. -->","yoast_head_json":{"title":"Urzula ir Volfgangas Ulrichai \u201eRaganosi\u0173 d\u017eiungl\u0117se\"","description":"Autoriai pasakoja apie kelion\u0119 Indijon, kur kelias savaites steb\u0117jo pasaulio mil\u017ein\u0173 - \u0161arvuot\u0173j\u0173 raganosi\u0173 elgsen\u0105 bei \u012fpro\u010dius, fotografavo, tur\u0117dami tiksl\u0105 pateikti mokslui i\u0161sami\u0173 \u017eini\u0173 apie \u0161i\u0173 gyv\u016bn\u0173 biologij\u0105.","robots":{"index":"index","follow":"follow","max-snippet":"max-snippet:-1","max-image-preview":"max-image-preview:large","max-video-preview":"max-video-preview:-1"},"canonical":"https:\/\/skaitytaknyga.lt\/en\/produktas\/urzula-ir-volfgangas-ulrichai-raganosiu-dziunglese-2\/","og_locale":"en_GB","og_type":"article","og_title":"[:lt]Urzula ir Volfgangas Ulrichai \u201eRaganosi\u0173 d\u017eiungl\u0117se\"[:] - Skaitytaknyga","og_description":"Autoriai pasakoja apie kelion\u0119 Indijon, kur kelias savaites steb\u0117jo pasaulio mil\u017ein\u0173 - \u0161arvuot\u0173j\u0173 raganosi\u0173 elgsen\u0105 bei \u012fpro\u010dius, fotografavo, tur\u0117dami tiksl\u0105 pateikti mokslui i\u0161sami\u0173 \u017eini\u0173 apie \u0161i\u0173 gyv\u016bn\u0173 biologij\u0105.","og_url":"https:\/\/skaitytaknyga.lt\/en\/produktas\/urzula-ir-volfgangas-ulrichai-raganosiu-dziunglese-2\/","og_site_name":"Skaitytaknyga","article_publisher":"https:\/\/www.facebook.com\/skaitytaknyga\/","article_modified_time":"2025-02-26T07:31:54+00:00","og_image":[{"width":455,"height":694,"url":"https:\/\/skaitytaknyga.lt\/wp-content\/uploads\/2024\/04\/knyga244.jpg","type":"image\/jpeg"}],"twitter_card":"summary_large_image","schema":{"@context":"https:\/\/schema.org","@graph":[{"@type":"WebPage","@id":"https:\/\/skaitytaknyga.lt\/produktas\/urzula-ir-volfgangas-ulrichai-raganosiu-dziunglese-2\/","url":"https:\/\/skaitytaknyga.lt\/produktas\/urzula-ir-volfgangas-ulrichai-raganosiu-dziunglese-2\/","name":"Urzula ir Volfgangas Ulrichai \u201eRaganosi\u0173 d\u017eiungl\u0117se\"","isPartOf":{"@id":"https:\/\/skaitytaknyga.lt\/#website"},"primaryImageOfPage":{"@id":"https:\/\/skaitytaknyga.lt\/produktas\/urzula-ir-volfgangas-ulrichai-raganosiu-dziunglese-2\/#primaryimage"},"image":{"@id":"https:\/\/skaitytaknyga.lt\/produktas\/urzula-ir-volfgangas-ulrichai-raganosiu-dziunglese-2\/#primaryimage"},"thumbnailUrl":"https:\/\/skaitytaknyga.lt\/wp-content\/uploads\/2024\/04\/knyga244.jpg","datePublished":"2024-05-04T14:37:09+00:00","dateModified":"2025-02-26T07:31:54+00:00","description":"Autoriai pasakoja apie kelion\u0119 Indijon, kur kelias savaites steb\u0117jo pasaulio mil\u017ein\u0173 - \u0161arvuot\u0173j\u0173 raganosi\u0173 elgsen\u0105 bei \u012fpro\u010dius, fotografavo, tur\u0117dami tiksl\u0105 pateikti mokslui i\u0161sami\u0173 \u017eini\u0173 apie \u0161i\u0173 gyv\u016bn\u0173 biologij\u0105.","breadcrumb":{"@id":"https:\/\/skaitytaknyga.lt\/produktas\/urzula-ir-volfgangas-ulrichai-raganosiu-dziunglese-2\/#breadcrumb"},"inLanguage":"en-GB","potentialAction":[{"@type":"ReadAction","target":["https:\/\/skaitytaknyga.lt\/produktas\/urzula-ir-volfgangas-ulrichai-raganosiu-dziunglese-2\/"]}]},{"@type":"ImageObject","inLanguage":"en-GB","@id":"https:\/\/skaitytaknyga.lt\/produktas\/urzula-ir-volfgangas-ulrichai-raganosiu-dziunglese-2\/#primaryimage","url":"https:\/\/skaitytaknyga.lt\/wp-content\/uploads\/2024\/04\/knyga244.jpg","contentUrl":"https:\/\/skaitytaknyga.lt\/wp-content\/uploads\/2024\/04\/knyga244.jpg","width":455,"height":694,"caption":"knyga244"},{"@type":"BreadcrumbList","@id":"https:\/\/skaitytaknyga.lt\/produktas\/urzula-ir-volfgangas-ulrichai-raganosiu-dziunglese-2\/#breadcrumb","itemListElement":[{"@type":"ListItem","position":1,"name":"Home","item":"https:\/\/skaitytaknyga.lt\/"},{"@type":"ListItem","position":2,"name":"Parduotuv\u0117","item":"https:\/\/skaitytaknyga.lt\/knygu-parduotuve\/"},{"@type":"ListItem","position":3,"name":"Urzula ir Volfgangas Ulrichai \u201eRaganosi\u0173 d\u017eiungl\u0117se&#8221;"}]},{"@type":"WebSite","@id":"https:\/\/skaitytaknyga.lt\/#website","url":"https:\/\/skaitytaknyga.lt\/","name":"skaitytaknyga.lt","description":"Skaitytaknyga.lt \u2013 tai ma\u017eas \u0161eimos verslas, kuris prasid\u0117jo nuo meil\u0117s knygoms ir siekio i\u0161gelb\u0117ti knygas nuo likimo prie konteinerio. Kas vienam nereikalingas daiktas \u2013 kitam lobis, o mes esame tarpininkai, kurie padeda abiems tapti laimingesniems ???? \u017dinome kaip nelengva i\u0161gyventi ma\u017eiems verslams, tad nuo \u0161iol, \u010dia rasite ir kit\u0173, ma\u017e\u0173 \u0161eim\u0173 versl\u0173, rank\u0173 darbo, dovan\u0173 sau ir artimiesiems.","publisher":{"@id":"https:\/\/skaitytaknyga.lt\/#organization"},"potentialAction":[{"@type":"SearchAction","target":{"@type":"EntryPoint","urlTemplate":"https:\/\/skaitytaknyga.lt\/?s={search_term_string}"},"query-input":{"@type":"PropertyValueSpecification","valueRequired":true,"valueName":"search_term_string"}}],"inLanguage":"en-GB"},{"@type":"Organization","@id":"https:\/\/skaitytaknyga.lt\/#organization","name":"skaitytaknyga.lt","url":"https:\/\/skaitytaknyga.lt\/","logo":{"@type":"ImageObject","inLanguage":"en-GB","@id":"https:\/\/skaitytaknyga.lt\/#\/schema\/logo\/image\/","url":"https:\/\/skaitytaknyga.lt\/wp-content\/uploads\/2024\/05\/cropped-cropped-cropped-02_00843_jt3bggkj1j3HLc7SyY6rEUpg.jpeg","contentUrl":"https:\/\/skaitytaknyga.lt\/wp-content\/uploads\/2024\/05\/cropped-cropped-cropped-02_00843_jt3bggkj1j3HLc7SyY6rEUpg.jpeg","width":1600,"height":1600,"caption":"skaitytaknyga.lt"},"image":{"@id":"https:\/\/skaitytaknyga.lt\/#\/schema\/logo\/image\/"},"sameAs":["https:\/\/www.facebook.com\/skaitytaknyga\/"]}]}},"_links":{"self":[{"href":"https:\/\/skaitytaknyga.lt\/en\/wp-json\/wp\/v2\/product\/7914","targetHints":{"allow":["GET"]}}],"collection":[{"href":"https:\/\/skaitytaknyga.lt\/en\/wp-json\/wp\/v2\/product"}],"about":[{"href":"https:\/\/skaitytaknyga.lt\/en\/wp-json\/wp\/v2\/types\/product"}],"replies":[{"embeddable":true,"href":"https:\/\/skaitytaknyga.lt\/en\/wp-json\/wp\/v2\/comments?post=7914"}],"wp:featuredmedia":[{"embeddable":true,"href":"https:\/\/skaitytaknyga.lt\/en\/wp-json\/wp\/v2\/media\/3518"}],"wp:attachment":[{"href":"https:\/\/skaitytaknyga.lt\/en\/wp-json\/wp\/v2\/media?parent=7914"}],"wp:term":[{"taxonomy":"product_brand","embeddable":true,"href":"https:\/\/skaitytaknyga.lt\/en\/wp-json\/wp\/v2\/product_brand?post=7914"},{"taxonomy":"product_cat","embeddable":true,"href":"https:\/\/skaitytaknyga.lt\/en\/wp-json\/wp\/v2\/product_cat?post=7914"},{"taxonomy":"product_tag","embeddable":true,"href":"https:\/\/skaitytaknyga.lt\/en\/wp-json\/wp\/v2\/product_tag?post=7914"}],"curies":[{"name":"wp","href":"https:\/\/api.w.org\/{rel}","templated":true}]}}