{"id":7901,"date":"2024-05-04T14:37:09","date_gmt":"2024-05-04T14:37:09","guid":{"rendered":"https:\/\/skaitytaknyga.lt\/?post_type=product&#038;p=7901"},"modified":"2024-05-04T14:37:17","modified_gmt":"2024-05-04T14:37:17","slug":"100-patarimu-vadovui-2","status":"publish","type":"product","link":"https:\/\/skaitytaknyga.lt\/en\/produktas\/100-patarimu-vadovui-2\/","title":{"rendered":"100 patarim\u0173 vadovui"},"content":{"rendered":"<p>Knygos autorius &#8211; vienas labiausiai gerbiam\u0173 pasaulyje patar\u0117j\u0173 vadybos ir vadovavimo srityse, vienas pirm\u0173j\u0173 vadovavimo d\u0117stytoj\u0173 pasaulyje. Jo id\u0117jomis ir patarimais nesunkiai remiasi daugyb\u0117 valstybini\u0173 ir priva\u010di\u0173 organizacij\u0173 pasaulyje.<\/p>\n<p>\u0160ioje knygoje rasite 100 labai prakti\u0161k\u0173 ir nesunkiai pritaikom\u0173 vadybos, lyderyst\u0117s, darbo organizavimo, motyvacijos ir efektyvaus bendravimo princip\u0173 bei patarim\u0173. Jei norite pagerinti savo vadovo ar vadybininko \u012fg\u016bd\u017eius, \u0161i knyga &#8211; b\u016btent Jums.<\/p>\n","protected":false},"excerpt":{"rendered":"<p>Knygos autorius &#8211; vienas labiausiai gerbiam\u0173 pasaulyje patar\u0117j\u0173 vadybos ir vadovavimo srityse, vienas pirm\u0173j\u0173 vadovavimo d\u0117stytoj\u0173 pasaulyje. Jo id\u0117jomis ir patarimais nesunkiai remiasi daugyb\u0117 valstybini\u0173 ir priva\u010di\u0173 organizacij\u0173 pasaulyje.<\/p>\n<p>\u0160ioje knygoje rasite 100 labai prakti\u0161k\u0173 ir nesunkiai pritaikom\u0173 vadybos, lyderyst\u0117s, darbo organizavimo, motyvacijos ir efektyvaus bendravimo princip\u0173 bei patarim\u0173. Jei norite pagerinti savo vadovo ar vadybininko \u012fg\u016bd\u017eius, \u0161i knyga &#8211; b\u016btent Jums.<\/p>\n","protected":false},"featured_media":3498,"comment_status":"closed","ping_status":"closed","template":"","meta":{"_acf_changed":false,"site-sidebar-layout":"default","site-content-layout":"","ast-site-content-layout":"default","site-content-style":"default","site-sidebar-style":"default","ast-global-header-display":"","ast-banner-title-visibility":"","ast-main-header-display":"","ast-hfb-above-header-display":"","ast-hfb-below-header-display":"","ast-hfb-mobile-header-display":"","site-post-title":"","ast-breadcrumbs-content":"","ast-featured-img":"","footer-sml-layout":"","ast-disable-related-posts":"","theme-transparent-header-meta":"","adv-header-id-meta":"","stick-header-meta":"","header-above-stick-meta":"","header-main-stick-meta":"","header-below-stick-meta":"","astra-migrate-meta-layouts":"default","ast-page-background-enabled":"default","ast-page-background-meta":{"desktop":{"background-color":"","background-image":"","background-repeat":"repeat","background-position":"center center","background-size":"auto","background-attachment":"scroll","background-type":"","background-media":"","overlay-type":"","overlay-color":"","overlay-opacity":"","overlay-gradient":""},"tablet":{"background-color":"","background-image":"","background-repeat":"repeat","background-position":"center center","background-size":"auto","background-attachment":"scroll","background-type":"","background-media":"","overlay-type":"","overlay-color":"","overlay-opacity":"","overlay-gradient":""},"mobile":{"background-color":"","background-image":"","background-repeat":"repeat","background-position":"center center","background-size":"auto","background-attachment":"scroll","background-type":"","background-media":"","overlay-type":"","overlay-color":"","overlay-opacity":"","overlay-gradient":""}},"ast-content-background-meta":{"desktop":{"background-color":"var(--ast-global-color-4)","background-image":"","background-repeat":"repeat","background-position":"center center","background-size":"auto","background-attachment":"scroll","background-type":"","background-media":"","overlay-type":"","overlay-color":"","overlay-opacity":"","overlay-gradient":""},"tablet":{"background-color":"var(--ast-global-color-4)","background-image":"","background-repeat":"repeat","background-position":"center center","background-size":"auto","background-attachment":"scroll","background-type":"","background-media":"","overlay-type":"","overlay-color":"","overlay-opacity":"","overlay-gradient":""},"mobile":{"background-color":"var(--ast-global-color-4)","background-image":"","background-repeat":"repeat","background-position":"center center","background-size":"auto","background-attachment":"scroll","background-type":"","background-media":"","overlay-type":"","overlay-color":"","overlay-opacity":"","overlay-gradient":""}}},"product_brand":[],"product_cat":[26],"product_tag":[],"class_list":{"0":"post-7901","1":"product","2":"type-product","3":"status-publish","4":"has-post-thumbnail","6":"product_cat-verslas-vadyba-ir-finansai","7":"pa_leidimo-metai-452","8":"pa_virselis-minkstas","9":"desktop-align-left","10":"tablet-align-left","11":"mobile-align-left","13":"first","14":"instock","15":"shipping-taxable","16":"purchasable","17":"product-type-simple"},"acf":[],"yoast_head":"<!-- This site is optimized with the Yoast SEO plugin v27.0 - https:\/\/yoast.com\/product\/yoast-seo-wordpress\/ -->\n<title>100 patarim\u0173 vadovui - Skaitytaknyga<\/title>\n<meta name=\"description\" content=\"Knygos autorius - vienas labiausiai gerbiam\u0173 pasaulyje patar\u0117j\u0173 vadybos ir vadovavimo srityse, vienas pirm\u0173j\u0173 vadovavimo d\u0117stytoj\u0173 pasaulyje. Jo id\u0117jomis ir patarimais nesunkiai remiasi daugyb\u0117 valstybini\u0173 ir priva\u010di\u0173 organizacij\u0173 pasaulyje.  \u0160ioje knygoje rasite 100 labai prakti\u0161k\u0173 ir nesunkiai pritaikom\u0173 vadybos, lyderyst\u0117s, darbo organizavimo, motyvacijos ir efektyvaus bendravimo princip\u0173 bei patarim\u0173. Jei norite pagerinti savo vadovo ar vadybininko \u012fg\u016bd\u017eius, \u0161i knyga - b\u016btent Jums.\" \/>\n<meta name=\"robots\" content=\"index, follow, max-snippet:-1, max-image-preview:large, max-video-preview:-1\" \/>\n<link rel=\"canonical\" href=\"https:\/\/skaitytaknyga.lt\/en\/produktas\/100-patarimu-vadovui-2\/\" \/>\n<meta property=\"og:locale\" content=\"en_GB\" \/>\n<meta property=\"og:locale:alternate\" content=\"lt_LT\" \/>\n<meta property=\"og:type\" content=\"article\" \/>\n<meta property=\"og:title\" content=\"100 patarim\u0173 vadovui - Skaitytaknyga\" \/>\n<meta property=\"og:description\" content=\"Knygos autorius - vienas labiausiai gerbiam\u0173 pasaulyje patar\u0117j\u0173 vadybos ir vadovavimo srityse, vienas pirm\u0173j\u0173 vadovavimo d\u0117stytoj\u0173 pasaulyje. Jo id\u0117jomis ir patarimais nesunkiai remiasi daugyb\u0117 valstybini\u0173 ir priva\u010di\u0173 organizacij\u0173 pasaulyje.  \u0160ioje knygoje rasite 100 labai prakti\u0161k\u0173 ir nesunkiai pritaikom\u0173 vadybos, lyderyst\u0117s, darbo organizavimo, motyvacijos ir efektyvaus bendravimo princip\u0173 bei patarim\u0173. Jei norite pagerinti savo vadovo ar vadybininko \u012fg\u016bd\u017eius, \u0161i knyga - b\u016btent Jums.\" \/>\n<meta property=\"og:url\" content=\"https:\/\/skaitytaknyga.lt\/en\/produktas\/100-patarimu-vadovui-2\/\" \/>\n<meta property=\"og:site_name\" content=\"Skaitytaknyga\" \/>\n<meta property=\"article:publisher\" content=\"https:\/\/www.facebook.com\/skaitytaknyga\/\" \/>\n<meta property=\"article:modified_time\" content=\"2024-05-04T14:37:17+00:00\" \/>\n<meta property=\"og:image\" content=\"https:\/\/skaitytaknyga.lt\/wp-content\/uploads\/2024\/04\/1527774574_Scan_31-05-2018_1448.jpg\" \/>\n\t<meta property=\"og:image:width\" content=\"320\" \/>\n\t<meta property=\"og:image:height\" content=\"335\" \/>\n\t<meta property=\"og:image:type\" content=\"image\/jpeg\" \/>\n<meta name=\"twitter:card\" content=\"summary_large_image\" \/>\n<script type=\"application\/ld+json\" class=\"yoast-schema-graph\">{\"@context\":\"https:\/\/schema.org\",\"@graph\":[{\"@type\":\"WebPage\",\"@id\":\"https:\/\/skaitytaknyga.lt\/produktas\/100-patarimu-vadovui-2\/\",\"url\":\"https:\/\/skaitytaknyga.lt\/produktas\/100-patarimu-vadovui-2\/\",\"name\":\"100 patarim\u0173 vadovui - Skaitytaknyga\",\"isPartOf\":{\"@id\":\"https:\/\/skaitytaknyga.lt\/#website\"},\"primaryImageOfPage\":{\"@id\":\"https:\/\/skaitytaknyga.lt\/produktas\/100-patarimu-vadovui-2\/#primaryimage\"},\"image\":{\"@id\":\"https:\/\/skaitytaknyga.lt\/produktas\/100-patarimu-vadovui-2\/#primaryimage\"},\"thumbnailUrl\":\"https:\/\/skaitytaknyga.lt\/wp-content\/uploads\/2024\/04\/1527774574_Scan_31-05-2018_1448.jpg\",\"datePublished\":\"2024-05-04T14:37:09+00:00\",\"dateModified\":\"2024-05-04T14:37:17+00:00\",\"description\":\"Knygos autorius - vienas labiausiai gerbiam\u0173 pasaulyje patar\u0117j\u0173 vadybos ir vadovavimo srityse, vienas pirm\u0173j\u0173 vadovavimo d\u0117stytoj\u0173 pasaulyje. Jo id\u0117jomis ir patarimais nesunkiai remiasi daugyb\u0117 valstybini\u0173 ir priva\u010di\u0173 organizacij\u0173 pasaulyje. \u0160ioje knygoje rasite 100 labai prakti\u0161k\u0173 ir nesunkiai pritaikom\u0173 vadybos, lyderyst\u0117s, darbo organizavimo, motyvacijos ir efektyvaus bendravimo princip\u0173 bei patarim\u0173. Jei norite pagerinti savo vadovo ar vadybininko \u012fg\u016bd\u017eius, \u0161i knyga - b\u016btent Jums.\",\"breadcrumb\":{\"@id\":\"https:\/\/skaitytaknyga.lt\/produktas\/100-patarimu-vadovui-2\/#breadcrumb\"},\"inLanguage\":\"en-GB\",\"potentialAction\":[{\"@type\":\"ReadAction\",\"target\":[\"https:\/\/skaitytaknyga.lt\/produktas\/100-patarimu-vadovui-2\/\"]}]},{\"@type\":\"ImageObject\",\"inLanguage\":\"en-GB\",\"@id\":\"https:\/\/skaitytaknyga.lt\/produktas\/100-patarimu-vadovui-2\/#primaryimage\",\"url\":\"https:\/\/skaitytaknyga.lt\/wp-content\/uploads\/2024\/04\/1527774574_Scan_31-05-2018_1448.jpg\",\"contentUrl\":\"https:\/\/skaitytaknyga.lt\/wp-content\/uploads\/2024\/04\/1527774574_Scan_31-05-2018_1448.jpg\",\"width\":320,\"height\":335,\"caption\":\"1527774574 Scan 31 05 2018 1448\"},{\"@type\":\"BreadcrumbList\",\"@id\":\"https:\/\/skaitytaknyga.lt\/produktas\/100-patarimu-vadovui-2\/#breadcrumb\",\"itemListElement\":[{\"@type\":\"ListItem\",\"position\":1,\"name\":\"Home\",\"item\":\"https:\/\/skaitytaknyga.lt\/\"},{\"@type\":\"ListItem\",\"position\":2,\"name\":\"Parduotuv\u0117\",\"item\":\"https:\/\/skaitytaknyga.lt\/knygu-parduotuve\/\"},{\"@type\":\"ListItem\",\"position\":3,\"name\":\"100 patarim\u0173 vadovui\"}]},{\"@type\":\"WebSite\",\"@id\":\"https:\/\/skaitytaknyga.lt\/#website\",\"url\":\"https:\/\/skaitytaknyga.lt\/\",\"name\":\"skaitytaknyga.lt\",\"description\":\"Skaitytaknyga.lt \u2013 tai ma\u017eas \u0161eimos verslas, kuris prasid\u0117jo nuo meil\u0117s knygoms ir siekio i\u0161gelb\u0117ti knygas nuo likimo prie konteinerio. Kas vienam nereikalingas daiktas \u2013 kitam lobis, o mes esame tarpininkai, kurie padeda abiems tapti laimingesniems ???? \u017dinome kaip nelengva i\u0161gyventi ma\u017eiems verslams, tad nuo \u0161iol, \u010dia rasite ir kit\u0173, ma\u017e\u0173 \u0161eim\u0173 versl\u0173, rank\u0173 darbo, dovan\u0173 sau ir artimiesiems.\",\"publisher\":{\"@id\":\"https:\/\/skaitytaknyga.lt\/#organization\"},\"potentialAction\":[{\"@type\":\"SearchAction\",\"target\":{\"@type\":\"EntryPoint\",\"urlTemplate\":\"https:\/\/skaitytaknyga.lt\/?s={search_term_string}\"},\"query-input\":{\"@type\":\"PropertyValueSpecification\",\"valueRequired\":true,\"valueName\":\"search_term_string\"}}],\"inLanguage\":\"en-GB\"},{\"@type\":\"Organization\",\"@id\":\"https:\/\/skaitytaknyga.lt\/#organization\",\"name\":\"skaitytaknyga.lt\",\"url\":\"https:\/\/skaitytaknyga.lt\/\",\"logo\":{\"@type\":\"ImageObject\",\"inLanguage\":\"en-GB\",\"@id\":\"https:\/\/skaitytaknyga.lt\/#\/schema\/logo\/image\/\",\"url\":\"https:\/\/skaitytaknyga.lt\/wp-content\/uploads\/2024\/05\/cropped-cropped-cropped-02_00843_jt3bggkj1j3HLc7SyY6rEUpg.jpeg\",\"contentUrl\":\"https:\/\/skaitytaknyga.lt\/wp-content\/uploads\/2024\/05\/cropped-cropped-cropped-02_00843_jt3bggkj1j3HLc7SyY6rEUpg.jpeg\",\"width\":1600,\"height\":1600,\"caption\":\"skaitytaknyga.lt\"},\"image\":{\"@id\":\"https:\/\/skaitytaknyga.lt\/#\/schema\/logo\/image\/\"},\"sameAs\":[\"https:\/\/www.facebook.com\/skaitytaknyga\/\"]}]}<\/script>\n<!-- \/ Yoast SEO plugin. -->","yoast_head_json":{"title":"100 patarim\u0173 vadovui - Skaitytaknyga","description":"Knygos autorius - vienas labiausiai gerbiam\u0173 pasaulyje patar\u0117j\u0173 vadybos ir vadovavimo srityse, vienas pirm\u0173j\u0173 vadovavimo d\u0117stytoj\u0173 pasaulyje. Jo id\u0117jomis ir patarimais nesunkiai remiasi daugyb\u0117 valstybini\u0173 ir priva\u010di\u0173 organizacij\u0173 pasaulyje.  \u0160ioje knygoje rasite 100 labai prakti\u0161k\u0173 ir nesunkiai pritaikom\u0173 vadybos, lyderyst\u0117s, darbo organizavimo, motyvacijos ir efektyvaus bendravimo princip\u0173 bei patarim\u0173. Jei norite pagerinti savo vadovo ar vadybininko \u012fg\u016bd\u017eius, \u0161i knyga - b\u016btent Jums.","robots":{"index":"index","follow":"follow","max-snippet":"max-snippet:-1","max-image-preview":"max-image-preview:large","max-video-preview":"max-video-preview:-1"},"canonical":"https:\/\/skaitytaknyga.lt\/en\/produktas\/100-patarimu-vadovui-2\/","og_locale":"en_GB","og_type":"article","og_title":"100 patarim\u0173 vadovui - Skaitytaknyga","og_description":"Knygos autorius - vienas labiausiai gerbiam\u0173 pasaulyje patar\u0117j\u0173 vadybos ir vadovavimo srityse, vienas pirm\u0173j\u0173 vadovavimo d\u0117stytoj\u0173 pasaulyje. Jo id\u0117jomis ir patarimais nesunkiai remiasi daugyb\u0117 valstybini\u0173 ir priva\u010di\u0173 organizacij\u0173 pasaulyje.  \u0160ioje knygoje rasite 100 labai prakti\u0161k\u0173 ir nesunkiai pritaikom\u0173 vadybos, lyderyst\u0117s, darbo organizavimo, motyvacijos ir efektyvaus bendravimo princip\u0173 bei patarim\u0173. Jei norite pagerinti savo vadovo ar vadybininko \u012fg\u016bd\u017eius, \u0161i knyga - b\u016btent Jums.","og_url":"https:\/\/skaitytaknyga.lt\/en\/produktas\/100-patarimu-vadovui-2\/","og_site_name":"Skaitytaknyga","article_publisher":"https:\/\/www.facebook.com\/skaitytaknyga\/","article_modified_time":"2024-05-04T14:37:17+00:00","og_image":[{"width":320,"height":335,"url":"https:\/\/skaitytaknyga.lt\/wp-content\/uploads\/2024\/04\/1527774574_Scan_31-05-2018_1448.jpg","type":"image\/jpeg"}],"twitter_card":"summary_large_image","schema":{"@context":"https:\/\/schema.org","@graph":[{"@type":"WebPage","@id":"https:\/\/skaitytaknyga.lt\/produktas\/100-patarimu-vadovui-2\/","url":"https:\/\/skaitytaknyga.lt\/produktas\/100-patarimu-vadovui-2\/","name":"100 patarim\u0173 vadovui - Skaitytaknyga","isPartOf":{"@id":"https:\/\/skaitytaknyga.lt\/#website"},"primaryImageOfPage":{"@id":"https:\/\/skaitytaknyga.lt\/produktas\/100-patarimu-vadovui-2\/#primaryimage"},"image":{"@id":"https:\/\/skaitytaknyga.lt\/produktas\/100-patarimu-vadovui-2\/#primaryimage"},"thumbnailUrl":"https:\/\/skaitytaknyga.lt\/wp-content\/uploads\/2024\/04\/1527774574_Scan_31-05-2018_1448.jpg","datePublished":"2024-05-04T14:37:09+00:00","dateModified":"2024-05-04T14:37:17+00:00","description":"Knygos autorius - vienas labiausiai gerbiam\u0173 pasaulyje patar\u0117j\u0173 vadybos ir vadovavimo srityse, vienas pirm\u0173j\u0173 vadovavimo d\u0117stytoj\u0173 pasaulyje. Jo id\u0117jomis ir patarimais nesunkiai remiasi daugyb\u0117 valstybini\u0173 ir priva\u010di\u0173 organizacij\u0173 pasaulyje. \u0160ioje knygoje rasite 100 labai prakti\u0161k\u0173 ir nesunkiai pritaikom\u0173 vadybos, lyderyst\u0117s, darbo organizavimo, motyvacijos ir efektyvaus bendravimo princip\u0173 bei patarim\u0173. Jei norite pagerinti savo vadovo ar vadybininko \u012fg\u016bd\u017eius, \u0161i knyga - b\u016btent Jums.","breadcrumb":{"@id":"https:\/\/skaitytaknyga.lt\/produktas\/100-patarimu-vadovui-2\/#breadcrumb"},"inLanguage":"en-GB","potentialAction":[{"@type":"ReadAction","target":["https:\/\/skaitytaknyga.lt\/produktas\/100-patarimu-vadovui-2\/"]}]},{"@type":"ImageObject","inLanguage":"en-GB","@id":"https:\/\/skaitytaknyga.lt\/produktas\/100-patarimu-vadovui-2\/#primaryimage","url":"https:\/\/skaitytaknyga.lt\/wp-content\/uploads\/2024\/04\/1527774574_Scan_31-05-2018_1448.jpg","contentUrl":"https:\/\/skaitytaknyga.lt\/wp-content\/uploads\/2024\/04\/1527774574_Scan_31-05-2018_1448.jpg","width":320,"height":335,"caption":"1527774574 Scan 31 05 2018 1448"},{"@type":"BreadcrumbList","@id":"https:\/\/skaitytaknyga.lt\/produktas\/100-patarimu-vadovui-2\/#breadcrumb","itemListElement":[{"@type":"ListItem","position":1,"name":"Home","item":"https:\/\/skaitytaknyga.lt\/"},{"@type":"ListItem","position":2,"name":"Parduotuv\u0117","item":"https:\/\/skaitytaknyga.lt\/knygu-parduotuve\/"},{"@type":"ListItem","position":3,"name":"100 patarim\u0173 vadovui"}]},{"@type":"WebSite","@id":"https:\/\/skaitytaknyga.lt\/#website","url":"https:\/\/skaitytaknyga.lt\/","name":"skaitytaknyga.lt","description":"Skaitytaknyga.lt \u2013 tai ma\u017eas \u0161eimos verslas, kuris prasid\u0117jo nuo meil\u0117s knygoms ir siekio i\u0161gelb\u0117ti knygas nuo likimo prie konteinerio. Kas vienam nereikalingas daiktas \u2013 kitam lobis, o mes esame tarpininkai, kurie padeda abiems tapti laimingesniems ???? \u017dinome kaip nelengva i\u0161gyventi ma\u017eiems verslams, tad nuo \u0161iol, \u010dia rasite ir kit\u0173, ma\u017e\u0173 \u0161eim\u0173 versl\u0173, rank\u0173 darbo, dovan\u0173 sau ir artimiesiems.","publisher":{"@id":"https:\/\/skaitytaknyga.lt\/#organization"},"potentialAction":[{"@type":"SearchAction","target":{"@type":"EntryPoint","urlTemplate":"https:\/\/skaitytaknyga.lt\/?s={search_term_string}"},"query-input":{"@type":"PropertyValueSpecification","valueRequired":true,"valueName":"search_term_string"}}],"inLanguage":"en-GB"},{"@type":"Organization","@id":"https:\/\/skaitytaknyga.lt\/#organization","name":"skaitytaknyga.lt","url":"https:\/\/skaitytaknyga.lt\/","logo":{"@type":"ImageObject","inLanguage":"en-GB","@id":"https:\/\/skaitytaknyga.lt\/#\/schema\/logo\/image\/","url":"https:\/\/skaitytaknyga.lt\/wp-content\/uploads\/2024\/05\/cropped-cropped-cropped-02_00843_jt3bggkj1j3HLc7SyY6rEUpg.jpeg","contentUrl":"https:\/\/skaitytaknyga.lt\/wp-content\/uploads\/2024\/05\/cropped-cropped-cropped-02_00843_jt3bggkj1j3HLc7SyY6rEUpg.jpeg","width":1600,"height":1600,"caption":"skaitytaknyga.lt"},"image":{"@id":"https:\/\/skaitytaknyga.lt\/#\/schema\/logo\/image\/"},"sameAs":["https:\/\/www.facebook.com\/skaitytaknyga\/"]}]}},"_links":{"self":[{"href":"https:\/\/skaitytaknyga.lt\/en\/wp-json\/wp\/v2\/product\/7901","targetHints":{"allow":["GET"]}}],"collection":[{"href":"https:\/\/skaitytaknyga.lt\/en\/wp-json\/wp\/v2\/product"}],"about":[{"href":"https:\/\/skaitytaknyga.lt\/en\/wp-json\/wp\/v2\/types\/product"}],"replies":[{"embeddable":true,"href":"https:\/\/skaitytaknyga.lt\/en\/wp-json\/wp\/v2\/comments?post=7901"}],"wp:featuredmedia":[{"embeddable":true,"href":"https:\/\/skaitytaknyga.lt\/en\/wp-json\/wp\/v2\/media\/3498"}],"wp:attachment":[{"href":"https:\/\/skaitytaknyga.lt\/en\/wp-json\/wp\/v2\/media?parent=7901"}],"wp:term":[{"taxonomy":"product_brand","embeddable":true,"href":"https:\/\/skaitytaknyga.lt\/en\/wp-json\/wp\/v2\/product_brand?post=7901"},{"taxonomy":"product_cat","embeddable":true,"href":"https:\/\/skaitytaknyga.lt\/en\/wp-json\/wp\/v2\/product_cat?post=7901"},{"taxonomy":"product_tag","embeddable":true,"href":"https:\/\/skaitytaknyga.lt\/en\/wp-json\/wp\/v2\/product_tag?post=7901"}],"curies":[{"name":"wp","href":"https:\/\/api.w.org\/{rel}","templated":true}]}}