{"id":7846,"date":"2024-05-04T14:36:02","date_gmt":"2024-05-04T14:36:02","guid":{"rendered":"https:\/\/skaitytaknyga.lt\/?post_type=product&#038;p=7846"},"modified":"2024-05-04T14:36:21","modified_gmt":"2024-05-04T14:36:21","slug":"tibor-fisher-kolekcininku-kolekcininke-2","status":"publish","type":"product","link":"https:\/\/skaitytaknyga.lt\/en\/produktas\/tibor-fisher-kolekcininku-kolekcininke-2\/","title":{"rendered":"Tibor Fisher  \u201eKolekcinink\u0173 kolekcinink\u0117\u201c"},"content":{"rendered":"<p>Pagrindin\u0117 romano veik\u0117ja yra&#8230; vaza. Jai \u2013 du t\u016bkstan\u010diai met\u0173. Ji mato, visk\u0105 supranta ir visk\u0105 atsimena. Ji buvo pavogta, t\u016bkstant\u012f met\u0173 palaidota, kol kap\u0173 pl\u0117\u0161ikai j\u0105 i\u0161trauk\u0117, ja naudojosi, ja \u017eav\u0117josi, bjaur\u0117josi, dau\u017e\u0117 ir tyr\u0117, ji priklaus\u0117 garsiems kolekcininkams&#8230;<br \/>\n\u017dod\u017eiu, T. Fischerio vaza turi k\u0105 papasakoti. Ir daro tai su malonumu. \u0160i brangi vaza turi ne tik prot\u0105, bet ir siel\u0105. O siela jos trok\u0161ta meil\u0117s. O konkre\u010diai, \u2013 nori paker\u0117ti menotyrinink\u0117s Rozos \u0161ird\u012f&#8230;<br \/>\nFischeris privers jus isteri\u0161kai kvatotis i\u0161 toki\u0173 dalyk\u0173, kurie, atrodo, labai toli nuo humoro.<br \/>\nNew Statesman<\/p>\n","protected":false},"excerpt":{"rendered":"<p>Pagrindin\u0117 romano veik\u0117ja yra&#8230; vaza. Jai \u2013 du t\u016bkstan\u010diai met\u0173. Ji mato, visk\u0105 supranta ir visk\u0105 atsimena. Ji buvo pavogta, t\u016bkstant\u012f met\u0173 palaidota, kol kap\u0173 pl\u0117\u0161ikai j\u0105 i\u0161trauk\u0117, ja naudojosi, ja \u017eav\u0117josi, bjaur\u0117josi, dau\u017e\u0117 ir tyr\u0117, ji priklaus\u0117 garsiems kolekcininkams&#8230;<br \/>\n\u017dod\u017eiu, T. Fischerio vaza turi k\u0105 papasakoti. Ir daro tai su malonumu. \u0160i brangi vaza turi ne tik prot\u0105, bet ir siel\u0105. O siela jos trok\u0161ta meil\u0117s. O konkre\u010diai, \u2013 nori paker\u0117ti menotyrinink\u0117s Rozos \u0161ird\u012f&#8230;<br \/>\nFischeris privers jus isteri\u0161kai kvatotis i\u0161 toki\u0173 dalyk\u0173, kurie, atrodo, labai toli nuo humoro.<br \/>\nNew Statesman<\/p>\n","protected":false},"featured_media":3393,"comment_status":"closed","ping_status":"closed","template":"","meta":{"_acf_changed":false,"site-sidebar-layout":"default","site-content-layout":"","ast-site-content-layout":"default","site-content-style":"default","site-sidebar-style":"default","ast-global-header-display":"","ast-banner-title-visibility":"","ast-main-header-display":"","ast-hfb-above-header-display":"","ast-hfb-below-header-display":"","ast-hfb-mobile-header-display":"","site-post-title":"","ast-breadcrumbs-content":"","ast-featured-img":"","footer-sml-layout":"","ast-disable-related-posts":"","theme-transparent-header-meta":"","adv-header-id-meta":"","stick-header-meta":"","header-above-stick-meta":"","header-main-stick-meta":"","header-below-stick-meta":"","astra-migrate-meta-layouts":"default","ast-page-background-enabled":"default","ast-page-background-meta":{"desktop":{"background-color":"","background-image":"","background-repeat":"repeat","background-position":"center center","background-size":"auto","background-attachment":"scroll","background-type":"","background-media":"","overlay-type":"","overlay-color":"","overlay-opacity":"","overlay-gradient":""},"tablet":{"background-color":"","background-image":"","background-repeat":"repeat","background-position":"center center","background-size":"auto","background-attachment":"scroll","background-type":"","background-media":"","overlay-type":"","overlay-color":"","overlay-opacity":"","overlay-gradient":""},"mobile":{"background-color":"","background-image":"","background-repeat":"repeat","background-position":"center center","background-size":"auto","background-attachment":"scroll","background-type":"","background-media":"","overlay-type":"","overlay-color":"","overlay-opacity":"","overlay-gradient":""}},"ast-content-background-meta":{"desktop":{"background-color":"var(--ast-global-color-4)","background-image":"","background-repeat":"repeat","background-position":"center center","background-size":"auto","background-attachment":"scroll","background-type":"","background-media":"","overlay-type":"","overlay-color":"","overlay-opacity":"","overlay-gradient":""},"tablet":{"background-color":"var(--ast-global-color-4)","background-image":"","background-repeat":"repeat","background-position":"center center","background-size":"auto","background-attachment":"scroll","background-type":"","background-media":"","overlay-type":"","overlay-color":"","overlay-opacity":"","overlay-gradient":""},"mobile":{"background-color":"var(--ast-global-color-4)","background-image":"","background-repeat":"repeat","background-position":"center center","background-size":"auto","background-attachment":"scroll","background-type":"","background-media":"","overlay-type":"","overlay-color":"","overlay-opacity":"","overlay-gradient":""}}},"product_brand":[],"product_cat":[31],"product_tag":[],"class_list":{"0":"post-7846","1":"product","2":"type-product","3":"status-publish","4":"has-post-thumbnail","6":"product_cat-grozine-literatura","7":"desktop-align-left","8":"tablet-align-left","9":"mobile-align-left","11":"first","12":"instock","13":"shipping-taxable","14":"purchasable","15":"product-type-simple"},"acf":[],"yoast_head":"<!-- This site is optimized with the Yoast SEO plugin v27.4 - https:\/\/yoast.com\/product\/yoast-seo-wordpress\/ -->\n<title>Tibor Fisher \u201eKolekcinink\u0173 kolekcinink\u0117\u201c - Skaitytaknyga<\/title>\n<meta name=\"description\" content=\"Pagrindin\u0117 romano veik\u0117ja yra... vaza. Jai \u2013 du t\u016bkstan\u010diai met\u0173. Ji mato, visk\u0105 supranta ir visk\u0105 atsimena. Ji buvo pavogta, t\u016bkstant\u012f met\u0173 palaidota, kol kap\u0173 pl\u0117\u0161ikai j\u0105 i\u0161trauk\u0117, ja naudojosi, ja \u017eav\u0117josi, bjaur\u0117josi, dau\u017e\u0117 ir tyr\u0117, ji priklaus\u0117 garsiems kolekcininkams... \u017dod\u017eiu, T. Fischerio vaza turi k\u0105 papasakoti. Ir daro tai su malonumu. \u0160i brangi vaza turi ne tik prot\u0105, bet ir siel\u0105. O siela jos trok\u0161ta meil\u0117s. O konkre\u010diai, \u2013 nori paker\u0117ti menotyrinink\u0117s Rozos \u0161ird\u012f... Fischeris privers jus isteri\u0161kai kvatotis i\u0161 toki\u0173 dalyk\u0173, kurie, atrodo, labai toli nuo humoro. New Statesman\" \/>\n<meta name=\"robots\" content=\"index, follow, max-snippet:-1, max-image-preview:large, max-video-preview:-1\" \/>\n<link rel=\"canonical\" href=\"https:\/\/skaitytaknyga.lt\/en\/produktas\/tibor-fisher-kolekcininku-kolekcininke-2\/\" \/>\n<meta property=\"og:locale\" content=\"en_GB\" \/>\n<meta property=\"og:locale:alternate\" content=\"lt_LT\" \/>\n<meta property=\"og:type\" content=\"article\" \/>\n<meta property=\"og:title\" content=\"Tibor Fisher \u201eKolekcinink\u0173 kolekcinink\u0117\u201c - Skaitytaknyga\" \/>\n<meta property=\"og:description\" content=\"Pagrindin\u0117 romano veik\u0117ja yra... vaza. Jai \u2013 du t\u016bkstan\u010diai met\u0173. Ji mato, visk\u0105 supranta ir visk\u0105 atsimena. Ji buvo pavogta, t\u016bkstant\u012f met\u0173 palaidota, kol kap\u0173 pl\u0117\u0161ikai j\u0105 i\u0161trauk\u0117, ja naudojosi, ja \u017eav\u0117josi, bjaur\u0117josi, dau\u017e\u0117 ir tyr\u0117, ji priklaus\u0117 garsiems kolekcininkams... \u017dod\u017eiu, T. Fischerio vaza turi k\u0105 papasakoti. Ir daro tai su malonumu. \u0160i brangi vaza turi ne tik prot\u0105, bet ir siel\u0105. O siela jos trok\u0161ta meil\u0117s. O konkre\u010diai, \u2013 nori paker\u0117ti menotyrinink\u0117s Rozos \u0161ird\u012f... Fischeris privers jus isteri\u0161kai kvatotis i\u0161 toki\u0173 dalyk\u0173, kurie, atrodo, labai toli nuo humoro. New Statesman\" \/>\n<meta property=\"og:url\" content=\"https:\/\/skaitytaknyga.lt\/en\/produktas\/tibor-fisher-kolekcininku-kolekcininke-2\/\" \/>\n<meta property=\"og:site_name\" content=\"Skaitytaknyga\" \/>\n<meta property=\"article:publisher\" content=\"https:\/\/www.facebook.com\/skaitytaknyga\/\" \/>\n<meta property=\"article:modified_time\" content=\"2024-05-04T14:36:21+00:00\" \/>\n<meta property=\"og:image\" content=\"https:\/\/skaitytaknyga.lt\/wp-content\/uploads\/2024\/04\/1462881610_img0035.jpg\" \/>\n\t<meta property=\"og:image:width\" content=\"265\" \/>\n\t<meta property=\"og:image:height\" content=\"430\" \/>\n\t<meta property=\"og:image:type\" content=\"image\/jpeg\" \/>\n<meta name=\"twitter:card\" content=\"summary_large_image\" \/>\n<meta name=\"twitter:label1\" content=\"Estimated reading time\" \/>\n\t<meta name=\"twitter:data1\" content=\"1 minute\" \/>\n<script type=\"application\/ld+json\" class=\"yoast-schema-graph\">{\"@context\":\"https:\\\/\\\/schema.org\",\"@graph\":[{\"@type\":\"WebPage\",\"@id\":\"https:\\\/\\\/skaitytaknyga.lt\\\/produktas\\\/tibor-fisher-kolekcininku-kolekcininke-2\\\/\",\"url\":\"https:\\\/\\\/skaitytaknyga.lt\\\/produktas\\\/tibor-fisher-kolekcininku-kolekcininke-2\\\/\",\"name\":\"Tibor Fisher \u201eKolekcinink\u0173 kolekcinink\u0117\u201c - Skaitytaknyga\",\"isPartOf\":{\"@id\":\"https:\\\/\\\/skaitytaknyga.lt\\\/#website\"},\"primaryImageOfPage\":{\"@id\":\"https:\\\/\\\/skaitytaknyga.lt\\\/produktas\\\/tibor-fisher-kolekcininku-kolekcininke-2\\\/#primaryimage\"},\"image\":{\"@id\":\"https:\\\/\\\/skaitytaknyga.lt\\\/produktas\\\/tibor-fisher-kolekcininku-kolekcininke-2\\\/#primaryimage\"},\"thumbnailUrl\":\"https:\\\/\\\/skaitytaknyga.lt\\\/wp-content\\\/uploads\\\/2024\\\/04\\\/1462881610_img0035.jpg\",\"datePublished\":\"2024-05-04T14:36:02+00:00\",\"dateModified\":\"2024-05-04T14:36:21+00:00\",\"description\":\"Pagrindin\u0117 romano veik\u0117ja yra... vaza. Jai \u2013 du t\u016bkstan\u010diai met\u0173. Ji mato, visk\u0105 supranta ir visk\u0105 atsimena. Ji buvo pavogta, t\u016bkstant\u012f met\u0173 palaidota, kol kap\u0173 pl\u0117\u0161ikai j\u0105 i\u0161trauk\u0117, ja naudojosi, ja \u017eav\u0117josi, bjaur\u0117josi, dau\u017e\u0117 ir tyr\u0117, ji priklaus\u0117 garsiems kolekcininkams... \u017dod\u017eiu, T. Fischerio vaza turi k\u0105 papasakoti. Ir daro tai su malonumu. \u0160i brangi vaza turi ne tik prot\u0105, bet ir siel\u0105. O siela jos trok\u0161ta meil\u0117s. O konkre\u010diai, \u2013 nori paker\u0117ti menotyrinink\u0117s Rozos \u0161ird\u012f... Fischeris privers jus isteri\u0161kai kvatotis i\u0161 toki\u0173 dalyk\u0173, kurie, atrodo, labai toli nuo humoro. New Statesman\",\"breadcrumb\":{\"@id\":\"https:\\\/\\\/skaitytaknyga.lt\\\/produktas\\\/tibor-fisher-kolekcininku-kolekcininke-2\\\/#breadcrumb\"},\"inLanguage\":\"en-GB\",\"potentialAction\":[{\"@type\":\"ReadAction\",\"target\":[\"https:\\\/\\\/skaitytaknyga.lt\\\/produktas\\\/tibor-fisher-kolekcininku-kolekcininke-2\\\/\"]}]},{\"@type\":\"ImageObject\",\"inLanguage\":\"en-GB\",\"@id\":\"https:\\\/\\\/skaitytaknyga.lt\\\/produktas\\\/tibor-fisher-kolekcininku-kolekcininke-2\\\/#primaryimage\",\"url\":\"https:\\\/\\\/skaitytaknyga.lt\\\/wp-content\\\/uploads\\\/2024\\\/04\\\/1462881610_img0035.jpg\",\"contentUrl\":\"https:\\\/\\\/skaitytaknyga.lt\\\/wp-content\\\/uploads\\\/2024\\\/04\\\/1462881610_img0035.jpg\",\"width\":265,\"height\":430,\"caption\":\"1462881610 img0035\"},{\"@type\":\"BreadcrumbList\",\"@id\":\"https:\\\/\\\/skaitytaknyga.lt\\\/produktas\\\/tibor-fisher-kolekcininku-kolekcininke-2\\\/#breadcrumb\",\"itemListElement\":[{\"@type\":\"ListItem\",\"position\":1,\"name\":\"Home\",\"item\":\"https:\\\/\\\/skaitytaknyga.lt\\\/\"},{\"@type\":\"ListItem\",\"position\":2,\"name\":\"Parduotuv\u0117\",\"item\":\"https:\\\/\\\/skaitytaknyga.lt\\\/knygu-parduotuve\\\/\"},{\"@type\":\"ListItem\",\"position\":3,\"name\":\"Tibor Fisher \u201eKolekcinink\u0173 kolekcinink\u0117\u201c\"}]},{\"@type\":\"WebSite\",\"@id\":\"https:\\\/\\\/skaitytaknyga.lt\\\/#website\",\"url\":\"https:\\\/\\\/skaitytaknyga.lt\\\/\",\"name\":\"skaitytaknyga.lt\",\"description\":\"Skaitytaknyga.lt \u2013 tai ma\u017eas \u0161eimos verslas, kuris prasid\u0117jo nuo meil\u0117s knygoms ir siekio i\u0161gelb\u0117ti knygas nuo likimo prie konteinerio. Kas vienam nereikalingas daiktas \u2013 kitam lobis, o mes esame tarpininkai, kurie padeda abiems tapti laimingesniems ???? \u017dinome kaip nelengva i\u0161gyventi ma\u017eiems verslams, tad nuo \u0161iol, \u010dia rasite ir kit\u0173, ma\u017e\u0173 \u0161eim\u0173 versl\u0173, rank\u0173 darbo, dovan\u0173 sau ir artimiesiems.\",\"publisher\":{\"@id\":\"https:\\\/\\\/skaitytaknyga.lt\\\/#organization\"},\"potentialAction\":[{\"@type\":\"SearchAction\",\"target\":{\"@type\":\"EntryPoint\",\"urlTemplate\":\"https:\\\/\\\/skaitytaknyga.lt\\\/?s={search_term_string}\"},\"query-input\":{\"@type\":\"PropertyValueSpecification\",\"valueRequired\":true,\"valueName\":\"search_term_string\"}}],\"inLanguage\":\"en-GB\"},{\"@type\":\"Organization\",\"@id\":\"https:\\\/\\\/skaitytaknyga.lt\\\/#organization\",\"name\":\"skaitytaknyga.lt\",\"url\":\"https:\\\/\\\/skaitytaknyga.lt\\\/\",\"logo\":{\"@type\":\"ImageObject\",\"inLanguage\":\"en-GB\",\"@id\":\"https:\\\/\\\/skaitytaknyga.lt\\\/#\\\/schema\\\/logo\\\/image\\\/\",\"url\":\"https:\\\/\\\/skaitytaknyga.lt\\\/wp-content\\\/uploads\\\/2024\\\/05\\\/cropped-cropped-cropped-02_00843_jt3bggkj1j3HLc7SyY6rEUpg.jpeg\",\"contentUrl\":\"https:\\\/\\\/skaitytaknyga.lt\\\/wp-content\\\/uploads\\\/2024\\\/05\\\/cropped-cropped-cropped-02_00843_jt3bggkj1j3HLc7SyY6rEUpg.jpeg\",\"width\":1600,\"height\":1600,\"caption\":\"skaitytaknyga.lt\"},\"image\":{\"@id\":\"https:\\\/\\\/skaitytaknyga.lt\\\/#\\\/schema\\\/logo\\\/image\\\/\"},\"sameAs\":[\"https:\\\/\\\/www.facebook.com\\\/skaitytaknyga\\\/\"]}]}<\/script>\n<!-- \/ Yoast SEO plugin. -->","yoast_head_json":{"title":"Tibor Fisher \u201eKolekcinink\u0173 kolekcinink\u0117\u201c - Skaitytaknyga","description":"Pagrindin\u0117 romano veik\u0117ja yra... vaza. Jai \u2013 du t\u016bkstan\u010diai met\u0173. Ji mato, visk\u0105 supranta ir visk\u0105 atsimena. Ji buvo pavogta, t\u016bkstant\u012f met\u0173 palaidota, kol kap\u0173 pl\u0117\u0161ikai j\u0105 i\u0161trauk\u0117, ja naudojosi, ja \u017eav\u0117josi, bjaur\u0117josi, dau\u017e\u0117 ir tyr\u0117, ji priklaus\u0117 garsiems kolekcininkams... \u017dod\u017eiu, T. Fischerio vaza turi k\u0105 papasakoti. Ir daro tai su malonumu. \u0160i brangi vaza turi ne tik prot\u0105, bet ir siel\u0105. O siela jos trok\u0161ta meil\u0117s. O konkre\u010diai, \u2013 nori paker\u0117ti menotyrinink\u0117s Rozos \u0161ird\u012f... Fischeris privers jus isteri\u0161kai kvatotis i\u0161 toki\u0173 dalyk\u0173, kurie, atrodo, labai toli nuo humoro. New Statesman","robots":{"index":"index","follow":"follow","max-snippet":"max-snippet:-1","max-image-preview":"max-image-preview:large","max-video-preview":"max-video-preview:-1"},"canonical":"https:\/\/skaitytaknyga.lt\/en\/produktas\/tibor-fisher-kolekcininku-kolekcininke-2\/","og_locale":"en_GB","og_type":"article","og_title":"Tibor Fisher \u201eKolekcinink\u0173 kolekcinink\u0117\u201c - Skaitytaknyga","og_description":"Pagrindin\u0117 romano veik\u0117ja yra... vaza. Jai \u2013 du t\u016bkstan\u010diai met\u0173. Ji mato, visk\u0105 supranta ir visk\u0105 atsimena. Ji buvo pavogta, t\u016bkstant\u012f met\u0173 palaidota, kol kap\u0173 pl\u0117\u0161ikai j\u0105 i\u0161trauk\u0117, ja naudojosi, ja \u017eav\u0117josi, bjaur\u0117josi, dau\u017e\u0117 ir tyr\u0117, ji priklaus\u0117 garsiems kolekcininkams... \u017dod\u017eiu, T. Fischerio vaza turi k\u0105 papasakoti. Ir daro tai su malonumu. \u0160i brangi vaza turi ne tik prot\u0105, bet ir siel\u0105. O siela jos trok\u0161ta meil\u0117s. O konkre\u010diai, \u2013 nori paker\u0117ti menotyrinink\u0117s Rozos \u0161ird\u012f... Fischeris privers jus isteri\u0161kai kvatotis i\u0161 toki\u0173 dalyk\u0173, kurie, atrodo, labai toli nuo humoro. New Statesman","og_url":"https:\/\/skaitytaknyga.lt\/en\/produktas\/tibor-fisher-kolekcininku-kolekcininke-2\/","og_site_name":"Skaitytaknyga","article_publisher":"https:\/\/www.facebook.com\/skaitytaknyga\/","article_modified_time":"2024-05-04T14:36:21+00:00","og_image":[{"width":265,"height":430,"url":"https:\/\/skaitytaknyga.lt\/wp-content\/uploads\/2024\/04\/1462881610_img0035.jpg","type":"image\/jpeg"}],"twitter_card":"summary_large_image","twitter_misc":{"Estimated reading time":"1 minute"},"schema":{"@context":"https:\/\/schema.org","@graph":[{"@type":"WebPage","@id":"https:\/\/skaitytaknyga.lt\/produktas\/tibor-fisher-kolekcininku-kolekcininke-2\/","url":"https:\/\/skaitytaknyga.lt\/produktas\/tibor-fisher-kolekcininku-kolekcininke-2\/","name":"Tibor Fisher \u201eKolekcinink\u0173 kolekcinink\u0117\u201c - Skaitytaknyga","isPartOf":{"@id":"https:\/\/skaitytaknyga.lt\/#website"},"primaryImageOfPage":{"@id":"https:\/\/skaitytaknyga.lt\/produktas\/tibor-fisher-kolekcininku-kolekcininke-2\/#primaryimage"},"image":{"@id":"https:\/\/skaitytaknyga.lt\/produktas\/tibor-fisher-kolekcininku-kolekcininke-2\/#primaryimage"},"thumbnailUrl":"https:\/\/skaitytaknyga.lt\/wp-content\/uploads\/2024\/04\/1462881610_img0035.jpg","datePublished":"2024-05-04T14:36:02+00:00","dateModified":"2024-05-04T14:36:21+00:00","description":"Pagrindin\u0117 romano veik\u0117ja yra... vaza. Jai \u2013 du t\u016bkstan\u010diai met\u0173. Ji mato, visk\u0105 supranta ir visk\u0105 atsimena. Ji buvo pavogta, t\u016bkstant\u012f met\u0173 palaidota, kol kap\u0173 pl\u0117\u0161ikai j\u0105 i\u0161trauk\u0117, ja naudojosi, ja \u017eav\u0117josi, bjaur\u0117josi, dau\u017e\u0117 ir tyr\u0117, ji priklaus\u0117 garsiems kolekcininkams... \u017dod\u017eiu, T. Fischerio vaza turi k\u0105 papasakoti. Ir daro tai su malonumu. \u0160i brangi vaza turi ne tik prot\u0105, bet ir siel\u0105. O siela jos trok\u0161ta meil\u0117s. O konkre\u010diai, \u2013 nori paker\u0117ti menotyrinink\u0117s Rozos \u0161ird\u012f... Fischeris privers jus isteri\u0161kai kvatotis i\u0161 toki\u0173 dalyk\u0173, kurie, atrodo, labai toli nuo humoro. New Statesman","breadcrumb":{"@id":"https:\/\/skaitytaknyga.lt\/produktas\/tibor-fisher-kolekcininku-kolekcininke-2\/#breadcrumb"},"inLanguage":"en-GB","potentialAction":[{"@type":"ReadAction","target":["https:\/\/skaitytaknyga.lt\/produktas\/tibor-fisher-kolekcininku-kolekcininke-2\/"]}]},{"@type":"ImageObject","inLanguage":"en-GB","@id":"https:\/\/skaitytaknyga.lt\/produktas\/tibor-fisher-kolekcininku-kolekcininke-2\/#primaryimage","url":"https:\/\/skaitytaknyga.lt\/wp-content\/uploads\/2024\/04\/1462881610_img0035.jpg","contentUrl":"https:\/\/skaitytaknyga.lt\/wp-content\/uploads\/2024\/04\/1462881610_img0035.jpg","width":265,"height":430,"caption":"1462881610 img0035"},{"@type":"BreadcrumbList","@id":"https:\/\/skaitytaknyga.lt\/produktas\/tibor-fisher-kolekcininku-kolekcininke-2\/#breadcrumb","itemListElement":[{"@type":"ListItem","position":1,"name":"Home","item":"https:\/\/skaitytaknyga.lt\/"},{"@type":"ListItem","position":2,"name":"Parduotuv\u0117","item":"https:\/\/skaitytaknyga.lt\/knygu-parduotuve\/"},{"@type":"ListItem","position":3,"name":"Tibor Fisher \u201eKolekcinink\u0173 kolekcinink\u0117\u201c"}]},{"@type":"WebSite","@id":"https:\/\/skaitytaknyga.lt\/#website","url":"https:\/\/skaitytaknyga.lt\/","name":"skaitytaknyga.lt","description":"Skaitytaknyga.lt \u2013 tai ma\u017eas \u0161eimos verslas, kuris prasid\u0117jo nuo meil\u0117s knygoms ir siekio i\u0161gelb\u0117ti knygas nuo likimo prie konteinerio. Kas vienam nereikalingas daiktas \u2013 kitam lobis, o mes esame tarpininkai, kurie padeda abiems tapti laimingesniems ???? \u017dinome kaip nelengva i\u0161gyventi ma\u017eiems verslams, tad nuo \u0161iol, \u010dia rasite ir kit\u0173, ma\u017e\u0173 \u0161eim\u0173 versl\u0173, rank\u0173 darbo, dovan\u0173 sau ir artimiesiems.","publisher":{"@id":"https:\/\/skaitytaknyga.lt\/#organization"},"potentialAction":[{"@type":"SearchAction","target":{"@type":"EntryPoint","urlTemplate":"https:\/\/skaitytaknyga.lt\/?s={search_term_string}"},"query-input":{"@type":"PropertyValueSpecification","valueRequired":true,"valueName":"search_term_string"}}],"inLanguage":"en-GB"},{"@type":"Organization","@id":"https:\/\/skaitytaknyga.lt\/#organization","name":"skaitytaknyga.lt","url":"https:\/\/skaitytaknyga.lt\/","logo":{"@type":"ImageObject","inLanguage":"en-GB","@id":"https:\/\/skaitytaknyga.lt\/#\/schema\/logo\/image\/","url":"https:\/\/skaitytaknyga.lt\/wp-content\/uploads\/2024\/05\/cropped-cropped-cropped-02_00843_jt3bggkj1j3HLc7SyY6rEUpg.jpeg","contentUrl":"https:\/\/skaitytaknyga.lt\/wp-content\/uploads\/2024\/05\/cropped-cropped-cropped-02_00843_jt3bggkj1j3HLc7SyY6rEUpg.jpeg","width":1600,"height":1600,"caption":"skaitytaknyga.lt"},"image":{"@id":"https:\/\/skaitytaknyga.lt\/#\/schema\/logo\/image\/"},"sameAs":["https:\/\/www.facebook.com\/skaitytaknyga\/"]}]}},"_links":{"self":[{"href":"https:\/\/skaitytaknyga.lt\/en\/wp-json\/wp\/v2\/product\/7846","targetHints":{"allow":["GET"]}}],"collection":[{"href":"https:\/\/skaitytaknyga.lt\/en\/wp-json\/wp\/v2\/product"}],"about":[{"href":"https:\/\/skaitytaknyga.lt\/en\/wp-json\/wp\/v2\/types\/product"}],"replies":[{"embeddable":true,"href":"https:\/\/skaitytaknyga.lt\/en\/wp-json\/wp\/v2\/comments?post=7846"}],"wp:featuredmedia":[{"embeddable":true,"href":"https:\/\/skaitytaknyga.lt\/en\/wp-json\/wp\/v2\/media\/3393"}],"wp:attachment":[{"href":"https:\/\/skaitytaknyga.lt\/en\/wp-json\/wp\/v2\/media?parent=7846"}],"wp:term":[{"taxonomy":"product_brand","embeddable":true,"href":"https:\/\/skaitytaknyga.lt\/en\/wp-json\/wp\/v2\/product_brand?post=7846"},{"taxonomy":"product_cat","embeddable":true,"href":"https:\/\/skaitytaknyga.lt\/en\/wp-json\/wp\/v2\/product_cat?post=7846"},{"taxonomy":"product_tag","embeddable":true,"href":"https:\/\/skaitytaknyga.lt\/en\/wp-json\/wp\/v2\/product_tag?post=7846"}],"curies":[{"name":"wp","href":"https:\/\/api.w.org\/{rel}","templated":true}]}}