{"id":7843,"date":"2024-05-04T14:36:02","date_gmt":"2024-05-04T14:36:02","guid":{"rendered":"https:\/\/skaitytaknyga.lt\/?post_type=product&#038;p=7843"},"modified":"2026-03-18T13:14:07","modified_gmt":"2026-03-18T11:14:07","slug":"karl-lagerfeld-3d-dieta-2","status":"publish","type":"product","link":"https:\/\/skaitytaknyga.lt\/en\/produktas\/karl-lagerfeld-3d-dieta-2\/","title":{"rendered":"3D dieta"},"content":{"rendered":"<p>Nelauk geriausi patarimai kaip numesti nereikalingus KG jau \u010dia. \u017dymusis dizaineris \u017eino, kaip pasiekti norim\u0105 svor\u012f. viskas ko reikia \u0161ioje knygoje Kai Karl Lagerfeld turite problem\u0173 su svoriu, jis siek\u0117, kad dr Jean-Claude Udre A mitybos specialisto patarim\u0173. Kartu jie suk\u016br\u0117 valgio plan\u0105, per kur\u012f Karl Lagerfeld u\u017e metus neteko 42 kg, taip kaip mados dizaineris, jis gal\u0117jo d\u0117v\u0117ti drabu\u017eius, sukurtus jauniems ir lieknas vyrams. Po kurio laiko, knyga apie \u0161ios dietos, per kurias ne tik mitybos \u012fpro\u010dius, bet ir psichologiniai aspektai \u017emon\u0117ms, ken\u010diantiems nuo nutukimo elges\u012f ir psichikos paruo\u0161imas dietos ir valios vystymosi.<\/p>\n","protected":false},"excerpt":{"rendered":"<p>Nelauk geriausi patarimai kaip numesti nereikalingus KG jau \u010dia. \u017dymusis dizaineris \u017eino, kaip pasiekti norim\u0105 svor\u012f. viskas ko reikia \u0161ioje knygoje Kai Karl Lagerfeld turite problem\u0173 su svoriu, jis siek\u0117, kad dr Jean-Claude Udre A mitybos specialisto patarim\u0173. Kartu jie suk\u016br\u0117 valgio plan\u0105, per kur\u012f Karl Lagerfeld u\u017e metus neteko 42 kg, taip kaip mados dizaineris, jis gal\u0117jo d\u0117v\u0117ti drabu\u017eius, sukurtus jauniems ir lieknas vyrams. Po kurio laiko, knyga apie \u0161ios dietos, per kurias ne tik mitybos \u012fpro\u010dius, bet ir psichologiniai aspektai \u017emon\u0117ms, ken\u010diantiems nuo nutukimo elges\u012f ir psichikos paruo\u0161imas dietos ir valios vystymosi.<\/p>\n","protected":false},"featured_media":3371,"comment_status":"closed","ping_status":"closed","template":"","meta":{"_acf_changed":false,"site-sidebar-layout":"default","site-content-layout":"","ast-site-content-layout":"default","site-content-style":"default","site-sidebar-style":"default","ast-global-header-display":"","ast-banner-title-visibility":"","ast-main-header-display":"","ast-hfb-above-header-display":"","ast-hfb-below-header-display":"","ast-hfb-mobile-header-display":"","site-post-title":"","ast-breadcrumbs-content":"","ast-featured-img":"","footer-sml-layout":"","ast-disable-related-posts":"","theme-transparent-header-meta":"","adv-header-id-meta":"","stick-header-meta":"","header-above-stick-meta":"","header-main-stick-meta":"","header-below-stick-meta":"","astra-migrate-meta-layouts":"default","ast-page-background-enabled":"default","ast-page-background-meta":{"desktop":{"background-color":"","background-image":"","background-repeat":"repeat","background-position":"center center","background-size":"auto","background-attachment":"scroll","background-type":"","background-media":"","overlay-type":"","overlay-color":"","overlay-opacity":"","overlay-gradient":""},"tablet":{"background-color":"","background-image":"","background-repeat":"repeat","background-position":"center center","background-size":"auto","background-attachment":"scroll","background-type":"","background-media":"","overlay-type":"","overlay-color":"","overlay-opacity":"","overlay-gradient":""},"mobile":{"background-color":"","background-image":"","background-repeat":"repeat","background-position":"center center","background-size":"auto","background-attachment":"scroll","background-type":"","background-media":"","overlay-type":"","overlay-color":"","overlay-opacity":"","overlay-gradient":""}},"ast-content-background-meta":{"desktop":{"background-color":"var(--ast-global-color-4)","background-image":"","background-repeat":"repeat","background-position":"center center","background-size":"auto","background-attachment":"scroll","background-type":"","background-media":"","overlay-type":"","overlay-color":"","overlay-opacity":"","overlay-gradient":""},"tablet":{"background-color":"var(--ast-global-color-4)","background-image":"","background-repeat":"repeat","background-position":"center center","background-size":"auto","background-attachment":"scroll","background-type":"","background-media":"","overlay-type":"","overlay-color":"","overlay-opacity":"","overlay-gradient":""},"mobile":{"background-color":"var(--ast-global-color-4)","background-image":"","background-repeat":"repeat","background-position":"center center","background-size":"auto","background-attachment":"scroll","background-type":"","background-media":"","overlay-type":"","overlay-color":"","overlay-opacity":"","overlay-gradient":""}}},"product_brand":[],"product_cat":[9855,58,55],"product_tag":[2953,1388,2952,2196,1680],"class_list":{"0":"post-7843","1":"product","2":"type-product","3":"status-publish","4":"has-post-thumbnail","6":"product_cat-mityba-ir-dieta","7":"product_cat-receptai","8":"product_cat-sveikata-ir-sveika-mityba","9":"product_tag-3d-dieta","10":"product_tag-dieta","11":"product_tag-karl-lagerfeld","12":"product_tag-mityba","13":"product_tag-sveikata","14":"desktop-align-left","15":"tablet-align-left","16":"mobile-align-left","18":"first","19":"outofstock","20":"shipping-taxable","21":"purchasable","22":"product-type-simple"},"acf":[],"yoast_head":"<!-- This site is optimized with the Yoast SEO plugin v27.0 - https:\/\/yoast.com\/product\/yoast-seo-wordpress\/ -->\n<title>3D dieta<\/title>\n<meta name=\"description\" content=\"Nelauk geriausi patarimai kaip numesti nereikalingus KG jau \u010dia. \u017dymusis dizaineris \u017eino, kaip pasiekti norim\u0105 svor\u012f. viskas ko reikia \u0161ioje knygoje Kai Karl Lagerfeld turite problem\u0173 su svoriu, jis siek\u0117, kad dr Jean-Claude Udre A mitybos specialisto patarim\u0173. Kartu jie suk\u016br\u0117 valgio plan\u0105, per kur\u012f Karl Lagerfeld u\u017e metus neteko 42 kg, taip kaip mados dizaineris, jis gal\u0117jo d\u0117v\u0117ti drabu\u017eius, sukurtus jauniems ir lieknas vyrams. Po kurio laiko, knyga apie \u0161ios dietos, per kurias ne tik mitybos \u012fpro\u010dius, bet ir psichologiniai aspektai \u017emon\u0117ms, ken\u010diantiems nuo nutukimo elges\u012f ir psichikos paruo\u0161imas dietos ir valios vystymosi.\" \/>\n<meta name=\"robots\" content=\"index, follow, max-snippet:-1, max-image-preview:large, max-video-preview:-1\" \/>\n<link rel=\"canonical\" href=\"https:\/\/skaitytaknyga.lt\/en\/produktas\/karl-lagerfeld-3d-dieta-2\/\" \/>\n<meta property=\"og:locale\" content=\"en_GB\" \/>\n<meta property=\"og:locale:alternate\" content=\"lt_LT\" \/>\n<meta property=\"og:type\" content=\"article\" \/>\n<meta property=\"og:title\" content=\"3D dieta\" \/>\n<meta property=\"og:description\" content=\"Nelauk geriausi patarimai kaip numesti nereikalingus KG jau \u010dia. \u017dymusis dizaineris \u017eino, kaip pasiekti norim\u0105 svor\u012f. viskas ko reikia \u0161ioje knygoje Kai Karl Lagerfeld turite problem\u0173 su svoriu, jis siek\u0117, kad dr Jean-Claude Udre A mitybos specialisto patarim\u0173. Kartu jie suk\u016br\u0117 valgio plan\u0105, per kur\u012f Karl Lagerfeld u\u017e metus neteko 42 kg, taip kaip mados dizaineris, jis gal\u0117jo d\u0117v\u0117ti drabu\u017eius, sukurtus jauniems ir lieknas vyrams. Po kurio laiko, knyga apie \u0161ios dietos, per kurias ne tik mitybos \u012fpro\u010dius, bet ir psichologiniai aspektai \u017emon\u0117ms, ken\u010diantiems nuo nutukimo elges\u012f ir psichikos paruo\u0161imas dietos ir valios vystymosi.\" \/>\n<meta property=\"og:url\" content=\"https:\/\/skaitytaknyga.lt\/en\/produktas\/karl-lagerfeld-3d-dieta-2\/\" \/>\n<meta property=\"og:site_name\" content=\"Skaitytaknyga\" \/>\n<meta property=\"article:publisher\" content=\"https:\/\/www.facebook.com\/skaitytaknyga\/\" \/>\n<meta property=\"article:modified_time\" content=\"2026-03-18T11:14:07+00:00\" \/>\n<meta property=\"og:image\" content=\"https:\/\/skaitytaknyga.lt\/wp-content\/uploads\/2024\/04\/1522935159_214242-3-d-dieta.jpg\" \/>\n\t<meta property=\"og:image:width\" content=\"278\" \/>\n\t<meta property=\"og:image:height\" content=\"430\" \/>\n\t<meta property=\"og:image:type\" content=\"image\/jpeg\" \/>\n<meta name=\"twitter:card\" content=\"summary_large_image\" \/>\n<meta name=\"twitter:label1\" content=\"Estimated reading time\" \/>\n\t<meta name=\"twitter:data1\" content=\"1 minute\" \/>\n<script type=\"application\/ld+json\" class=\"yoast-schema-graph\">{\"@context\":\"https:\/\/schema.org\",\"@graph\":[{\"@type\":\"WebPage\",\"@id\":\"https:\/\/skaitytaknyga.lt\/produktas\/karl-lagerfeld-3d-dieta-2\/\",\"url\":\"https:\/\/skaitytaknyga.lt\/produktas\/karl-lagerfeld-3d-dieta-2\/\",\"name\":\"3D dieta\",\"isPartOf\":{\"@id\":\"https:\/\/skaitytaknyga.lt\/#website\"},\"primaryImageOfPage\":{\"@id\":\"https:\/\/skaitytaknyga.lt\/produktas\/karl-lagerfeld-3d-dieta-2\/#primaryimage\"},\"image\":{\"@id\":\"https:\/\/skaitytaknyga.lt\/produktas\/karl-lagerfeld-3d-dieta-2\/#primaryimage\"},\"thumbnailUrl\":\"https:\/\/skaitytaknyga.lt\/wp-content\/uploads\/2024\/04\/1522935159_214242-3-d-dieta.jpg\",\"datePublished\":\"2024-05-04T14:36:02+00:00\",\"dateModified\":\"2026-03-18T11:14:07+00:00\",\"description\":\"Nelauk geriausi patarimai kaip numesti nereikalingus KG jau \u010dia. \u017dymusis dizaineris \u017eino, kaip pasiekti norim\u0105 svor\u012f. viskas ko reikia \u0161ioje knygoje Kai Karl Lagerfeld turite problem\u0173 su svoriu, jis siek\u0117, kad dr Jean-Claude Udre A mitybos specialisto patarim\u0173. Kartu jie suk\u016br\u0117 valgio plan\u0105, per kur\u012f Karl Lagerfeld u\u017e metus neteko 42 kg, taip kaip mados dizaineris, jis gal\u0117jo d\u0117v\u0117ti drabu\u017eius, sukurtus jauniems ir lieknas vyrams. Po kurio laiko, knyga apie \u0161ios dietos, per kurias ne tik mitybos \u012fpro\u010dius, bet ir psichologiniai aspektai \u017emon\u0117ms, ken\u010diantiems nuo nutukimo elges\u012f ir psichikos paruo\u0161imas dietos ir valios vystymosi.\",\"breadcrumb\":{\"@id\":\"https:\/\/skaitytaknyga.lt\/produktas\/karl-lagerfeld-3d-dieta-2\/#breadcrumb\"},\"inLanguage\":\"en-GB\",\"potentialAction\":[{\"@type\":\"ReadAction\",\"target\":[\"https:\/\/skaitytaknyga.lt\/produktas\/karl-lagerfeld-3d-dieta-2\/\"]}]},{\"@type\":\"ImageObject\",\"inLanguage\":\"en-GB\",\"@id\":\"https:\/\/skaitytaknyga.lt\/produktas\/karl-lagerfeld-3d-dieta-2\/#primaryimage\",\"url\":\"https:\/\/skaitytaknyga.lt\/wp-content\/uploads\/2024\/04\/1522935159_214242-3-d-dieta.jpg\",\"contentUrl\":\"https:\/\/skaitytaknyga.lt\/wp-content\/uploads\/2024\/04\/1522935159_214242-3-d-dieta.jpg\",\"width\":278,\"height\":430,\"caption\":\"1522935159 214242 3 d dieta\"},{\"@type\":\"BreadcrumbList\",\"@id\":\"https:\/\/skaitytaknyga.lt\/produktas\/karl-lagerfeld-3d-dieta-2\/#breadcrumb\",\"itemListElement\":[{\"@type\":\"ListItem\",\"position\":1,\"name\":\"Home\",\"item\":\"https:\/\/skaitytaknyga.lt\/\"},{\"@type\":\"ListItem\",\"position\":2,\"name\":\"Parduotuv\u0117\",\"item\":\"https:\/\/skaitytaknyga.lt\/knygu-parduotuve\/\"},{\"@type\":\"ListItem\",\"position\":3,\"name\":\"3D dieta\"}]},{\"@type\":\"WebSite\",\"@id\":\"https:\/\/skaitytaknyga.lt\/#website\",\"url\":\"https:\/\/skaitytaknyga.lt\/\",\"name\":\"skaitytaknyga.lt\",\"description\":\"Skaitytaknyga.lt \u2013 tai ma\u017eas \u0161eimos verslas, kuris prasid\u0117jo nuo meil\u0117s knygoms ir siekio i\u0161gelb\u0117ti knygas nuo likimo prie konteinerio. Kas vienam nereikalingas daiktas \u2013 kitam lobis, o mes esame tarpininkai, kurie padeda abiems tapti laimingesniems ???? \u017dinome kaip nelengva i\u0161gyventi ma\u017eiems verslams, tad nuo \u0161iol, \u010dia rasite ir kit\u0173, ma\u017e\u0173 \u0161eim\u0173 versl\u0173, rank\u0173 darbo, dovan\u0173 sau ir artimiesiems.\",\"publisher\":{\"@id\":\"https:\/\/skaitytaknyga.lt\/#organization\"},\"potentialAction\":[{\"@type\":\"SearchAction\",\"target\":{\"@type\":\"EntryPoint\",\"urlTemplate\":\"https:\/\/skaitytaknyga.lt\/?s={search_term_string}\"},\"query-input\":{\"@type\":\"PropertyValueSpecification\",\"valueRequired\":true,\"valueName\":\"search_term_string\"}}],\"inLanguage\":\"en-GB\"},{\"@type\":\"Organization\",\"@id\":\"https:\/\/skaitytaknyga.lt\/#organization\",\"name\":\"skaitytaknyga.lt\",\"url\":\"https:\/\/skaitytaknyga.lt\/\",\"logo\":{\"@type\":\"ImageObject\",\"inLanguage\":\"en-GB\",\"@id\":\"https:\/\/skaitytaknyga.lt\/#\/schema\/logo\/image\/\",\"url\":\"https:\/\/skaitytaknyga.lt\/wp-content\/uploads\/2024\/05\/cropped-cropped-cropped-02_00843_jt3bggkj1j3HLc7SyY6rEUpg.jpeg\",\"contentUrl\":\"https:\/\/skaitytaknyga.lt\/wp-content\/uploads\/2024\/05\/cropped-cropped-cropped-02_00843_jt3bggkj1j3HLc7SyY6rEUpg.jpeg\",\"width\":1600,\"height\":1600,\"caption\":\"skaitytaknyga.lt\"},\"image\":{\"@id\":\"https:\/\/skaitytaknyga.lt\/#\/schema\/logo\/image\/\"},\"sameAs\":[\"https:\/\/www.facebook.com\/skaitytaknyga\/\"]}]}<\/script>\n<!-- \/ Yoast SEO plugin. -->","yoast_head_json":{"title":"3D dieta","description":"Nelauk geriausi patarimai kaip numesti nereikalingus KG jau \u010dia. \u017dymusis dizaineris \u017eino, kaip pasiekti norim\u0105 svor\u012f. viskas ko reikia \u0161ioje knygoje Kai Karl Lagerfeld turite problem\u0173 su svoriu, jis siek\u0117, kad dr Jean-Claude Udre A mitybos specialisto patarim\u0173. Kartu jie suk\u016br\u0117 valgio plan\u0105, per kur\u012f Karl Lagerfeld u\u017e metus neteko 42 kg, taip kaip mados dizaineris, jis gal\u0117jo d\u0117v\u0117ti drabu\u017eius, sukurtus jauniems ir lieknas vyrams. Po kurio laiko, knyga apie \u0161ios dietos, per kurias ne tik mitybos \u012fpro\u010dius, bet ir psichologiniai aspektai \u017emon\u0117ms, ken\u010diantiems nuo nutukimo elges\u012f ir psichikos paruo\u0161imas dietos ir valios vystymosi.","robots":{"index":"index","follow":"follow","max-snippet":"max-snippet:-1","max-image-preview":"max-image-preview:large","max-video-preview":"max-video-preview:-1"},"canonical":"https:\/\/skaitytaknyga.lt\/en\/produktas\/karl-lagerfeld-3d-dieta-2\/","og_locale":"en_GB","og_type":"article","og_title":"[:lt]3D dieta[:] - Skaitytaknyga","og_description":"Nelauk geriausi patarimai kaip numesti nereikalingus KG jau \u010dia. \u017dymusis dizaineris \u017eino, kaip pasiekti norim\u0105 svor\u012f. viskas ko reikia \u0161ioje knygoje Kai Karl Lagerfeld turite problem\u0173 su svoriu, jis siek\u0117, kad dr Jean-Claude Udre A mitybos specialisto patarim\u0173. Kartu jie suk\u016br\u0117 valgio plan\u0105, per kur\u012f Karl Lagerfeld u\u017e metus neteko 42 kg, taip kaip mados dizaineris, jis gal\u0117jo d\u0117v\u0117ti drabu\u017eius, sukurtus jauniems ir lieknas vyrams. Po kurio laiko, knyga apie \u0161ios dietos, per kurias ne tik mitybos \u012fpro\u010dius, bet ir psichologiniai aspektai \u017emon\u0117ms, ken\u010diantiems nuo nutukimo elges\u012f ir psichikos paruo\u0161imas dietos ir valios vystymosi.","og_url":"https:\/\/skaitytaknyga.lt\/en\/produktas\/karl-lagerfeld-3d-dieta-2\/","og_site_name":"Skaitytaknyga","article_publisher":"https:\/\/www.facebook.com\/skaitytaknyga\/","article_modified_time":"2026-03-18T11:14:07+00:00","og_image":[{"width":278,"height":430,"url":"https:\/\/skaitytaknyga.lt\/wp-content\/uploads\/2024\/04\/1522935159_214242-3-d-dieta.jpg","type":"image\/jpeg"}],"twitter_card":"summary_large_image","twitter_misc":{"Estimated reading time":"1 minute"},"schema":{"@context":"https:\/\/schema.org","@graph":[{"@type":"WebPage","@id":"https:\/\/skaitytaknyga.lt\/produktas\/karl-lagerfeld-3d-dieta-2\/","url":"https:\/\/skaitytaknyga.lt\/produktas\/karl-lagerfeld-3d-dieta-2\/","name":"3D dieta","isPartOf":{"@id":"https:\/\/skaitytaknyga.lt\/#website"},"primaryImageOfPage":{"@id":"https:\/\/skaitytaknyga.lt\/produktas\/karl-lagerfeld-3d-dieta-2\/#primaryimage"},"image":{"@id":"https:\/\/skaitytaknyga.lt\/produktas\/karl-lagerfeld-3d-dieta-2\/#primaryimage"},"thumbnailUrl":"https:\/\/skaitytaknyga.lt\/wp-content\/uploads\/2024\/04\/1522935159_214242-3-d-dieta.jpg","datePublished":"2024-05-04T14:36:02+00:00","dateModified":"2026-03-18T11:14:07+00:00","description":"Nelauk geriausi patarimai kaip numesti nereikalingus KG jau \u010dia. \u017dymusis dizaineris \u017eino, kaip pasiekti norim\u0105 svor\u012f. viskas ko reikia \u0161ioje knygoje Kai Karl Lagerfeld turite problem\u0173 su svoriu, jis siek\u0117, kad dr Jean-Claude Udre A mitybos specialisto patarim\u0173. Kartu jie suk\u016br\u0117 valgio plan\u0105, per kur\u012f Karl Lagerfeld u\u017e metus neteko 42 kg, taip kaip mados dizaineris, jis gal\u0117jo d\u0117v\u0117ti drabu\u017eius, sukurtus jauniems ir lieknas vyrams. Po kurio laiko, knyga apie \u0161ios dietos, per kurias ne tik mitybos \u012fpro\u010dius, bet ir psichologiniai aspektai \u017emon\u0117ms, ken\u010diantiems nuo nutukimo elges\u012f ir psichikos paruo\u0161imas dietos ir valios vystymosi.","breadcrumb":{"@id":"https:\/\/skaitytaknyga.lt\/produktas\/karl-lagerfeld-3d-dieta-2\/#breadcrumb"},"inLanguage":"en-GB","potentialAction":[{"@type":"ReadAction","target":["https:\/\/skaitytaknyga.lt\/produktas\/karl-lagerfeld-3d-dieta-2\/"]}]},{"@type":"ImageObject","inLanguage":"en-GB","@id":"https:\/\/skaitytaknyga.lt\/produktas\/karl-lagerfeld-3d-dieta-2\/#primaryimage","url":"https:\/\/skaitytaknyga.lt\/wp-content\/uploads\/2024\/04\/1522935159_214242-3-d-dieta.jpg","contentUrl":"https:\/\/skaitytaknyga.lt\/wp-content\/uploads\/2024\/04\/1522935159_214242-3-d-dieta.jpg","width":278,"height":430,"caption":"1522935159 214242 3 d dieta"},{"@type":"BreadcrumbList","@id":"https:\/\/skaitytaknyga.lt\/produktas\/karl-lagerfeld-3d-dieta-2\/#breadcrumb","itemListElement":[{"@type":"ListItem","position":1,"name":"Home","item":"https:\/\/skaitytaknyga.lt\/"},{"@type":"ListItem","position":2,"name":"Parduotuv\u0117","item":"https:\/\/skaitytaknyga.lt\/knygu-parduotuve\/"},{"@type":"ListItem","position":3,"name":"3D dieta"}]},{"@type":"WebSite","@id":"https:\/\/skaitytaknyga.lt\/#website","url":"https:\/\/skaitytaknyga.lt\/","name":"skaitytaknyga.lt","description":"Skaitytaknyga.lt \u2013 tai ma\u017eas \u0161eimos verslas, kuris prasid\u0117jo nuo meil\u0117s knygoms ir siekio i\u0161gelb\u0117ti knygas nuo likimo prie konteinerio. Kas vienam nereikalingas daiktas \u2013 kitam lobis, o mes esame tarpininkai, kurie padeda abiems tapti laimingesniems ???? \u017dinome kaip nelengva i\u0161gyventi ma\u017eiems verslams, tad nuo \u0161iol, \u010dia rasite ir kit\u0173, ma\u017e\u0173 \u0161eim\u0173 versl\u0173, rank\u0173 darbo, dovan\u0173 sau ir artimiesiems.","publisher":{"@id":"https:\/\/skaitytaknyga.lt\/#organization"},"potentialAction":[{"@type":"SearchAction","target":{"@type":"EntryPoint","urlTemplate":"https:\/\/skaitytaknyga.lt\/?s={search_term_string}"},"query-input":{"@type":"PropertyValueSpecification","valueRequired":true,"valueName":"search_term_string"}}],"inLanguage":"en-GB"},{"@type":"Organization","@id":"https:\/\/skaitytaknyga.lt\/#organization","name":"skaitytaknyga.lt","url":"https:\/\/skaitytaknyga.lt\/","logo":{"@type":"ImageObject","inLanguage":"en-GB","@id":"https:\/\/skaitytaknyga.lt\/#\/schema\/logo\/image\/","url":"https:\/\/skaitytaknyga.lt\/wp-content\/uploads\/2024\/05\/cropped-cropped-cropped-02_00843_jt3bggkj1j3HLc7SyY6rEUpg.jpeg","contentUrl":"https:\/\/skaitytaknyga.lt\/wp-content\/uploads\/2024\/05\/cropped-cropped-cropped-02_00843_jt3bggkj1j3HLc7SyY6rEUpg.jpeg","width":1600,"height":1600,"caption":"skaitytaknyga.lt"},"image":{"@id":"https:\/\/skaitytaknyga.lt\/#\/schema\/logo\/image\/"},"sameAs":["https:\/\/www.facebook.com\/skaitytaknyga\/"]}]}},"_links":{"self":[{"href":"https:\/\/skaitytaknyga.lt\/en\/wp-json\/wp\/v2\/product\/7843","targetHints":{"allow":["GET"]}}],"collection":[{"href":"https:\/\/skaitytaknyga.lt\/en\/wp-json\/wp\/v2\/product"}],"about":[{"href":"https:\/\/skaitytaknyga.lt\/en\/wp-json\/wp\/v2\/types\/product"}],"replies":[{"embeddable":true,"href":"https:\/\/skaitytaknyga.lt\/en\/wp-json\/wp\/v2\/comments?post=7843"}],"wp:featuredmedia":[{"embeddable":true,"href":"https:\/\/skaitytaknyga.lt\/en\/wp-json\/wp\/v2\/media\/3371"}],"wp:attachment":[{"href":"https:\/\/skaitytaknyga.lt\/en\/wp-json\/wp\/v2\/media?parent=7843"}],"wp:term":[{"taxonomy":"product_brand","embeddable":true,"href":"https:\/\/skaitytaknyga.lt\/en\/wp-json\/wp\/v2\/product_brand?post=7843"},{"taxonomy":"product_cat","embeddable":true,"href":"https:\/\/skaitytaknyga.lt\/en\/wp-json\/wp\/v2\/product_cat?post=7843"},{"taxonomy":"product_tag","embeddable":true,"href":"https:\/\/skaitytaknyga.lt\/en\/wp-json\/wp\/v2\/product_tag?post=7843"}],"curies":[{"name":"wp","href":"https:\/\/api.w.org\/{rel}","templated":true}]}}