{"id":7827,"date":"2024-05-04T14:36:01","date_gmt":"2024-05-04T14:36:01","guid":{"rendered":"https:\/\/skaitytaknyga.lt\/?post_type=product&#038;p=7827"},"modified":"2025-05-12T14:25:55","modified_gmt":"2025-05-12T11:25:55","slug":"t-dreizeris-titanas-3","status":"publish","type":"product","link":"https:\/\/skaitytaknyga.lt\/en\/produktas\/t-dreizeris-titanas-3\/","title":{"rendered":"Titanas"},"content":{"rendered":"<p>&#8220;Tuo metu atsiranda socialin\u0117s s\u0105vokos ir \u017eod\u017eiai, i\u0161rei\u0161ki\u0105 ver\u017eim\u0105si \u012f pusiausvyr\u0105, \u012f lygsvar\u0105. Visi \u0161ie \u017eod\u017eiai- teis\u0117, teisingumas, tiesa, dora, tyras protas ir tauri \u0161irdis- rei\u0161kia viena: turi b\u016bti pasiekta pusiausvyra. Stiprus neturi b\u016bti perdaug stiprus, silpnas- perdaug silpnas. Bet be svarstykli\u0173 si\u016bbavimo ar galima pasiekti pusiausvyr\u0105? Nirvana! Nirvana! Visko pabaiga- ramyb\u0117, pusiausvyra&#8230;.<\/p>\n","protected":false},"excerpt":{"rendered":"<p>&#8220;Tuo metu atsiranda socialin\u0117s s\u0105vokos ir \u017eod\u017eiai, i\u0161rei\u0161ki\u0105 ver\u017eim\u0105si \u012f pusiausvyr\u0105, \u012f lygsvar\u0105. Visi \u0161ie \u017eod\u017eiai- teis\u0117, teisingumas, tiesa, dora, tyras protas ir tauri \u0161irdis- rei\u0161kia viena: turi b\u016bti pasiekta pusiausvyra. Stiprus neturi b\u016bti perdaug stiprus, silpnas- perdaug silpnas. Bet be svarstykli\u0173 si\u016bbavimo ar galima pasiekti pusiausvyr\u0105? Nirvana! Nirvana! Visko pabaiga- ramyb\u0117, pusiausvyra&#8230;.<\/p>\n","protected":false},"featured_media":3356,"comment_status":"closed","ping_status":"closed","template":"","meta":{"_acf_changed":false,"site-sidebar-layout":"default","site-content-layout":"","ast-site-content-layout":"default","site-content-style":"default","site-sidebar-style":"default","ast-global-header-display":"","ast-banner-title-visibility":"","ast-main-header-display":"","ast-hfb-above-header-display":"","ast-hfb-below-header-display":"","ast-hfb-mobile-header-display":"","site-post-title":"","ast-breadcrumbs-content":"","ast-featured-img":"","footer-sml-layout":"","ast-disable-related-posts":"","theme-transparent-header-meta":"","adv-header-id-meta":"","stick-header-meta":"","header-above-stick-meta":"","header-main-stick-meta":"","header-below-stick-meta":"","astra-migrate-meta-layouts":"default","ast-page-background-enabled":"default","ast-page-background-meta":{"desktop":{"background-color":"","background-image":"","background-repeat":"repeat","background-position":"center center","background-size":"auto","background-attachment":"scroll","background-type":"","background-media":"","overlay-type":"","overlay-color":"","overlay-opacity":"","overlay-gradient":""},"tablet":{"background-color":"","background-image":"","background-repeat":"repeat","background-position":"center center","background-size":"auto","background-attachment":"scroll","background-type":"","background-media":"","overlay-type":"","overlay-color":"","overlay-opacity":"","overlay-gradient":""},"mobile":{"background-color":"","background-image":"","background-repeat":"repeat","background-position":"center center","background-size":"auto","background-attachment":"scroll","background-type":"","background-media":"","overlay-type":"","overlay-color":"","overlay-opacity":"","overlay-gradient":""}},"ast-content-background-meta":{"desktop":{"background-color":"var(--ast-global-color-4)","background-image":"","background-repeat":"repeat","background-position":"center center","background-size":"auto","background-attachment":"scroll","background-type":"","background-media":"","overlay-type":"","overlay-color":"","overlay-opacity":"","overlay-gradient":""},"tablet":{"background-color":"var(--ast-global-color-4)","background-image":"","background-repeat":"repeat","background-position":"center center","background-size":"auto","background-attachment":"scroll","background-type":"","background-media":"","overlay-type":"","overlay-color":"","overlay-opacity":"","overlay-gradient":""},"mobile":{"background-color":"var(--ast-global-color-4)","background-image":"","background-repeat":"repeat","background-position":"center center","background-size":"auto","background-attachment":"scroll","background-type":"","background-media":"","overlay-type":"","overlay-color":"","overlay-opacity":"","overlay-gradient":""}}},"product_brand":[],"product_cat":[28],"product_tag":[2040,1437,2041,2039],"class_list":{"0":"post-7827","1":"product","2":"type-product","3":"status-publish","4":"has-post-thumbnail","6":"product_cat-klasika","7":"product_tag-amerikieciu-literatura","8":"product_tag-klasika","9":"product_tag-socialinis-romanas","10":"product_tag-t-dreizeris","11":"desktop-align-left","12":"tablet-align-left","13":"mobile-align-left","15":"first","16":"instock","17":"shipping-taxable","18":"purchasable","19":"product-type-simple"},"acf":[],"yoast_head":"<!-- This site is optimized with the Yoast SEO plugin v27.0 - https:\/\/yoast.com\/product\/yoast-seo-wordpress\/ -->\n<title>Titanas<\/title>\n<meta name=\"description\" content=\"&quot;Tuo metu atsiranda socialin\u0117s s\u0105vokos ir \u017eod\u017eiai, i\u0161rei\u0161ki\u0105 ver\u017eim\u0105si \u012f pusiausvyr\u0105, \u012f lygsvar\u0105. Visi \u0161ie \u017eod\u017eiai- teis\u0117, teisingumas, tiesa, dora, tyras protas ir tauri \u0161irdis- rei\u0161kia viena: turi b\u016bti pasiekta pusiausvyra. Stiprus neturi b\u016bti perdaug stiprus, silpnas- perdaug silpnas. Bet be svarstykli\u0173 si\u016bbavimo ar galima pasiekti pusiausvyr\u0105? Nirvana! Nirvana! Visko pabaiga- ramyb\u0117, pusiausvyra....\" \/>\n<meta name=\"robots\" content=\"index, follow, max-snippet:-1, max-image-preview:large, max-video-preview:-1\" \/>\n<link rel=\"canonical\" href=\"https:\/\/skaitytaknyga.lt\/en\/produktas\/t-dreizeris-titanas-3\/\" \/>\n<meta property=\"og:locale\" content=\"en_GB\" \/>\n<meta property=\"og:locale:alternate\" content=\"lt_LT\" \/>\n<meta property=\"og:type\" content=\"article\" \/>\n<meta property=\"og:title\" content=\"Titanas\" \/>\n<meta property=\"og:description\" content=\"&quot;Tuo metu atsiranda socialin\u0117s s\u0105vokos ir \u017eod\u017eiai, i\u0161rei\u0161ki\u0105 ver\u017eim\u0105si \u012f pusiausvyr\u0105, \u012f lygsvar\u0105. Visi \u0161ie \u017eod\u017eiai- teis\u0117, teisingumas, tiesa, dora, tyras protas ir tauri \u0161irdis- rei\u0161kia viena: turi b\u016bti pasiekta pusiausvyra. Stiprus neturi b\u016bti perdaug stiprus, silpnas- perdaug silpnas. Bet be svarstykli\u0173 si\u016bbavimo ar galima pasiekti pusiausvyr\u0105? Nirvana! Nirvana! Visko pabaiga- ramyb\u0117, pusiausvyra....\" \/>\n<meta property=\"og:url\" content=\"https:\/\/skaitytaknyga.lt\/en\/produktas\/t-dreizeris-titanas-3\/\" \/>\n<meta property=\"og:site_name\" content=\"Skaitytaknyga\" \/>\n<meta property=\"article:publisher\" content=\"https:\/\/www.facebook.com\/skaitytaknyga\/\" \/>\n<meta property=\"article:modified_time\" content=\"2025-05-12T11:25:55+00:00\" \/>\n<meta property=\"og:image\" content=\"https:\/\/skaitytaknyga.lt\/wp-content\/uploads\/2024\/04\/1462880392_img0008.jpg\" \/>\n\t<meta property=\"og:image:width\" content=\"281\" \/>\n\t<meta property=\"og:image:height\" content=\"430\" \/>\n\t<meta property=\"og:image:type\" content=\"image\/jpeg\" \/>\n<meta name=\"twitter:card\" content=\"summary_large_image\" \/>\n<script type=\"application\/ld+json\" class=\"yoast-schema-graph\">{\"@context\":\"https:\/\/schema.org\",\"@graph\":[{\"@type\":\"WebPage\",\"@id\":\"https:\/\/skaitytaknyga.lt\/produktas\/t-dreizeris-titanas-3\/\",\"url\":\"https:\/\/skaitytaknyga.lt\/produktas\/t-dreizeris-titanas-3\/\",\"name\":\"Titanas\",\"isPartOf\":{\"@id\":\"https:\/\/skaitytaknyga.lt\/#website\"},\"primaryImageOfPage\":{\"@id\":\"https:\/\/skaitytaknyga.lt\/produktas\/t-dreizeris-titanas-3\/#primaryimage\"},\"image\":{\"@id\":\"https:\/\/skaitytaknyga.lt\/produktas\/t-dreizeris-titanas-3\/#primaryimage\"},\"thumbnailUrl\":\"https:\/\/skaitytaknyga.lt\/wp-content\/uploads\/2024\/04\/1462880392_img0008.jpg\",\"datePublished\":\"2024-05-04T14:36:01+00:00\",\"dateModified\":\"2025-05-12T11:25:55+00:00\",\"description\":\"\\\"Tuo metu atsiranda socialin\u0117s s\u0105vokos ir \u017eod\u017eiai, i\u0161rei\u0161ki\u0105 ver\u017eim\u0105si \u012f pusiausvyr\u0105, \u012f lygsvar\u0105. Visi \u0161ie \u017eod\u017eiai- teis\u0117, teisingumas, tiesa, dora, tyras protas ir tauri \u0161irdis- rei\u0161kia viena: turi b\u016bti pasiekta pusiausvyra. Stiprus neturi b\u016bti perdaug stiprus, silpnas- perdaug silpnas. Bet be svarstykli\u0173 si\u016bbavimo ar galima pasiekti pusiausvyr\u0105? Nirvana! Nirvana! Visko pabaiga- ramyb\u0117, pusiausvyra....\",\"breadcrumb\":{\"@id\":\"https:\/\/skaitytaknyga.lt\/produktas\/t-dreizeris-titanas-3\/#breadcrumb\"},\"inLanguage\":\"en-GB\",\"potentialAction\":[{\"@type\":\"ReadAction\",\"target\":[\"https:\/\/skaitytaknyga.lt\/produktas\/t-dreizeris-titanas-3\/\"]}]},{\"@type\":\"ImageObject\",\"inLanguage\":\"en-GB\",\"@id\":\"https:\/\/skaitytaknyga.lt\/produktas\/t-dreizeris-titanas-3\/#primaryimage\",\"url\":\"https:\/\/skaitytaknyga.lt\/wp-content\/uploads\/2024\/04\/1462880392_img0008.jpg\",\"contentUrl\":\"https:\/\/skaitytaknyga.lt\/wp-content\/uploads\/2024\/04\/1462880392_img0008.jpg\",\"width\":281,\"height\":430,\"caption\":\"1462880392 img0008\"},{\"@type\":\"BreadcrumbList\",\"@id\":\"https:\/\/skaitytaknyga.lt\/produktas\/t-dreizeris-titanas-3\/#breadcrumb\",\"itemListElement\":[{\"@type\":\"ListItem\",\"position\":1,\"name\":\"Home\",\"item\":\"https:\/\/skaitytaknyga.lt\/\"},{\"@type\":\"ListItem\",\"position\":2,\"name\":\"Parduotuv\u0117\",\"item\":\"https:\/\/skaitytaknyga.lt\/knygu-parduotuve\/\"},{\"@type\":\"ListItem\",\"position\":3,\"name\":\"Titanas\"}]},{\"@type\":\"WebSite\",\"@id\":\"https:\/\/skaitytaknyga.lt\/#website\",\"url\":\"https:\/\/skaitytaknyga.lt\/\",\"name\":\"skaitytaknyga.lt\",\"description\":\"Skaitytaknyga.lt \u2013 tai ma\u017eas \u0161eimos verslas, kuris prasid\u0117jo nuo meil\u0117s knygoms ir siekio i\u0161gelb\u0117ti knygas nuo likimo prie konteinerio. Kas vienam nereikalingas daiktas \u2013 kitam lobis, o mes esame tarpininkai, kurie padeda abiems tapti laimingesniems ???? \u017dinome kaip nelengva i\u0161gyventi ma\u017eiems verslams, tad nuo \u0161iol, \u010dia rasite ir kit\u0173, ma\u017e\u0173 \u0161eim\u0173 versl\u0173, rank\u0173 darbo, dovan\u0173 sau ir artimiesiems.\",\"publisher\":{\"@id\":\"https:\/\/skaitytaknyga.lt\/#organization\"},\"potentialAction\":[{\"@type\":\"SearchAction\",\"target\":{\"@type\":\"EntryPoint\",\"urlTemplate\":\"https:\/\/skaitytaknyga.lt\/?s={search_term_string}\"},\"query-input\":{\"@type\":\"PropertyValueSpecification\",\"valueRequired\":true,\"valueName\":\"search_term_string\"}}],\"inLanguage\":\"en-GB\"},{\"@type\":\"Organization\",\"@id\":\"https:\/\/skaitytaknyga.lt\/#organization\",\"name\":\"skaitytaknyga.lt\",\"url\":\"https:\/\/skaitytaknyga.lt\/\",\"logo\":{\"@type\":\"ImageObject\",\"inLanguage\":\"en-GB\",\"@id\":\"https:\/\/skaitytaknyga.lt\/#\/schema\/logo\/image\/\",\"url\":\"https:\/\/skaitytaknyga.lt\/wp-content\/uploads\/2024\/05\/cropped-cropped-cropped-02_00843_jt3bggkj1j3HLc7SyY6rEUpg.jpeg\",\"contentUrl\":\"https:\/\/skaitytaknyga.lt\/wp-content\/uploads\/2024\/05\/cropped-cropped-cropped-02_00843_jt3bggkj1j3HLc7SyY6rEUpg.jpeg\",\"width\":1600,\"height\":1600,\"caption\":\"skaitytaknyga.lt\"},\"image\":{\"@id\":\"https:\/\/skaitytaknyga.lt\/#\/schema\/logo\/image\/\"},\"sameAs\":[\"https:\/\/www.facebook.com\/skaitytaknyga\/\"]}]}<\/script>\n<!-- \/ Yoast SEO plugin. -->","yoast_head_json":{"title":"Titanas","description":"\"Tuo metu atsiranda socialin\u0117s s\u0105vokos ir \u017eod\u017eiai, i\u0161rei\u0161ki\u0105 ver\u017eim\u0105si \u012f pusiausvyr\u0105, \u012f lygsvar\u0105. Visi \u0161ie \u017eod\u017eiai- teis\u0117, teisingumas, tiesa, dora, tyras protas ir tauri \u0161irdis- rei\u0161kia viena: turi b\u016bti pasiekta pusiausvyra. Stiprus neturi b\u016bti perdaug stiprus, silpnas- perdaug silpnas. Bet be svarstykli\u0173 si\u016bbavimo ar galima pasiekti pusiausvyr\u0105? Nirvana! Nirvana! Visko pabaiga- ramyb\u0117, pusiausvyra....","robots":{"index":"index","follow":"follow","max-snippet":"max-snippet:-1","max-image-preview":"max-image-preview:large","max-video-preview":"max-video-preview:-1"},"canonical":"https:\/\/skaitytaknyga.lt\/en\/produktas\/t-dreizeris-titanas-3\/","og_locale":"en_GB","og_type":"article","og_title":"[:lt]Titanas[:] - Skaitytaknyga","og_description":"\"Tuo metu atsiranda socialin\u0117s s\u0105vokos ir \u017eod\u017eiai, i\u0161rei\u0161ki\u0105 ver\u017eim\u0105si \u012f pusiausvyr\u0105, \u012f lygsvar\u0105. Visi \u0161ie \u017eod\u017eiai- teis\u0117, teisingumas, tiesa, dora, tyras protas ir tauri \u0161irdis- rei\u0161kia viena: turi b\u016bti pasiekta pusiausvyra. Stiprus neturi b\u016bti perdaug stiprus, silpnas- perdaug silpnas. Bet be svarstykli\u0173 si\u016bbavimo ar galima pasiekti pusiausvyr\u0105? Nirvana! Nirvana! Visko pabaiga- ramyb\u0117, pusiausvyra....","og_url":"https:\/\/skaitytaknyga.lt\/en\/produktas\/t-dreizeris-titanas-3\/","og_site_name":"Skaitytaknyga","article_publisher":"https:\/\/www.facebook.com\/skaitytaknyga\/","article_modified_time":"2025-05-12T11:25:55+00:00","og_image":[{"width":281,"height":430,"url":"https:\/\/skaitytaknyga.lt\/wp-content\/uploads\/2024\/04\/1462880392_img0008.jpg","type":"image\/jpeg"}],"twitter_card":"summary_large_image","schema":{"@context":"https:\/\/schema.org","@graph":[{"@type":"WebPage","@id":"https:\/\/skaitytaknyga.lt\/produktas\/t-dreizeris-titanas-3\/","url":"https:\/\/skaitytaknyga.lt\/produktas\/t-dreizeris-titanas-3\/","name":"Titanas","isPartOf":{"@id":"https:\/\/skaitytaknyga.lt\/#website"},"primaryImageOfPage":{"@id":"https:\/\/skaitytaknyga.lt\/produktas\/t-dreizeris-titanas-3\/#primaryimage"},"image":{"@id":"https:\/\/skaitytaknyga.lt\/produktas\/t-dreizeris-titanas-3\/#primaryimage"},"thumbnailUrl":"https:\/\/skaitytaknyga.lt\/wp-content\/uploads\/2024\/04\/1462880392_img0008.jpg","datePublished":"2024-05-04T14:36:01+00:00","dateModified":"2025-05-12T11:25:55+00:00","description":"\"Tuo metu atsiranda socialin\u0117s s\u0105vokos ir \u017eod\u017eiai, i\u0161rei\u0161ki\u0105 ver\u017eim\u0105si \u012f pusiausvyr\u0105, \u012f lygsvar\u0105. Visi \u0161ie \u017eod\u017eiai- teis\u0117, teisingumas, tiesa, dora, tyras protas ir tauri \u0161irdis- rei\u0161kia viena: turi b\u016bti pasiekta pusiausvyra. Stiprus neturi b\u016bti perdaug stiprus, silpnas- perdaug silpnas. Bet be svarstykli\u0173 si\u016bbavimo ar galima pasiekti pusiausvyr\u0105? Nirvana! Nirvana! Visko pabaiga- ramyb\u0117, pusiausvyra....","breadcrumb":{"@id":"https:\/\/skaitytaknyga.lt\/produktas\/t-dreizeris-titanas-3\/#breadcrumb"},"inLanguage":"en-GB","potentialAction":[{"@type":"ReadAction","target":["https:\/\/skaitytaknyga.lt\/produktas\/t-dreizeris-titanas-3\/"]}]},{"@type":"ImageObject","inLanguage":"en-GB","@id":"https:\/\/skaitytaknyga.lt\/produktas\/t-dreizeris-titanas-3\/#primaryimage","url":"https:\/\/skaitytaknyga.lt\/wp-content\/uploads\/2024\/04\/1462880392_img0008.jpg","contentUrl":"https:\/\/skaitytaknyga.lt\/wp-content\/uploads\/2024\/04\/1462880392_img0008.jpg","width":281,"height":430,"caption":"1462880392 img0008"},{"@type":"BreadcrumbList","@id":"https:\/\/skaitytaknyga.lt\/produktas\/t-dreizeris-titanas-3\/#breadcrumb","itemListElement":[{"@type":"ListItem","position":1,"name":"Home","item":"https:\/\/skaitytaknyga.lt\/"},{"@type":"ListItem","position":2,"name":"Parduotuv\u0117","item":"https:\/\/skaitytaknyga.lt\/knygu-parduotuve\/"},{"@type":"ListItem","position":3,"name":"Titanas"}]},{"@type":"WebSite","@id":"https:\/\/skaitytaknyga.lt\/#website","url":"https:\/\/skaitytaknyga.lt\/","name":"skaitytaknyga.lt","description":"Skaitytaknyga.lt \u2013 tai ma\u017eas \u0161eimos verslas, kuris prasid\u0117jo nuo meil\u0117s knygoms ir siekio i\u0161gelb\u0117ti knygas nuo likimo prie konteinerio. Kas vienam nereikalingas daiktas \u2013 kitam lobis, o mes esame tarpininkai, kurie padeda abiems tapti laimingesniems ???? \u017dinome kaip nelengva i\u0161gyventi ma\u017eiems verslams, tad nuo \u0161iol, \u010dia rasite ir kit\u0173, ma\u017e\u0173 \u0161eim\u0173 versl\u0173, rank\u0173 darbo, dovan\u0173 sau ir artimiesiems.","publisher":{"@id":"https:\/\/skaitytaknyga.lt\/#organization"},"potentialAction":[{"@type":"SearchAction","target":{"@type":"EntryPoint","urlTemplate":"https:\/\/skaitytaknyga.lt\/?s={search_term_string}"},"query-input":{"@type":"PropertyValueSpecification","valueRequired":true,"valueName":"search_term_string"}}],"inLanguage":"en-GB"},{"@type":"Organization","@id":"https:\/\/skaitytaknyga.lt\/#organization","name":"skaitytaknyga.lt","url":"https:\/\/skaitytaknyga.lt\/","logo":{"@type":"ImageObject","inLanguage":"en-GB","@id":"https:\/\/skaitytaknyga.lt\/#\/schema\/logo\/image\/","url":"https:\/\/skaitytaknyga.lt\/wp-content\/uploads\/2024\/05\/cropped-cropped-cropped-02_00843_jt3bggkj1j3HLc7SyY6rEUpg.jpeg","contentUrl":"https:\/\/skaitytaknyga.lt\/wp-content\/uploads\/2024\/05\/cropped-cropped-cropped-02_00843_jt3bggkj1j3HLc7SyY6rEUpg.jpeg","width":1600,"height":1600,"caption":"skaitytaknyga.lt"},"image":{"@id":"https:\/\/skaitytaknyga.lt\/#\/schema\/logo\/image\/"},"sameAs":["https:\/\/www.facebook.com\/skaitytaknyga\/"]}]}},"_links":{"self":[{"href":"https:\/\/skaitytaknyga.lt\/en\/wp-json\/wp\/v2\/product\/7827","targetHints":{"allow":["GET"]}}],"collection":[{"href":"https:\/\/skaitytaknyga.lt\/en\/wp-json\/wp\/v2\/product"}],"about":[{"href":"https:\/\/skaitytaknyga.lt\/en\/wp-json\/wp\/v2\/types\/product"}],"replies":[{"embeddable":true,"href":"https:\/\/skaitytaknyga.lt\/en\/wp-json\/wp\/v2\/comments?post=7827"}],"wp:featuredmedia":[{"embeddable":true,"href":"https:\/\/skaitytaknyga.lt\/en\/wp-json\/wp\/v2\/media\/3356"}],"wp:attachment":[{"href":"https:\/\/skaitytaknyga.lt\/en\/wp-json\/wp\/v2\/media?parent=7827"}],"wp:term":[{"taxonomy":"product_brand","embeddable":true,"href":"https:\/\/skaitytaknyga.lt\/en\/wp-json\/wp\/v2\/product_brand?post=7827"},{"taxonomy":"product_cat","embeddable":true,"href":"https:\/\/skaitytaknyga.lt\/en\/wp-json\/wp\/v2\/product_cat?post=7827"},{"taxonomy":"product_tag","embeddable":true,"href":"https:\/\/skaitytaknyga.lt\/en\/wp-json\/wp\/v2\/product_tag?post=7827"}],"curies":[{"name":"wp","href":"https:\/\/api.w.org\/{rel}","templated":true}]}}