{"id":7826,"date":"2024-05-04T14:36:01","date_gmt":"2024-05-04T14:36:01","guid":{"rendered":"https:\/\/skaitytaknyga.lt\/?post_type=product&#038;p=7826"},"modified":"2024-05-04T14:36:04","modified_gmt":"2024-05-04T14:36:04","slug":"dzovanis-bokacas-dekameronas-i-ii-tomai-2","status":"publish","type":"product","link":"https:\/\/skaitytaknyga.lt\/en\/produktas\/dzovanis-bokacas-dekameronas-i-ii-tomai-2\/","title":{"rendered":"D\u017eovanis Boka\u010das \u201eDekameronas\u201c I-II tomai"},"content":{"rendered":"<p>\u201eDekameronas\u201c (gr. deka \u2013 de\u0161imt, hemera \u2013 diena) \u2013 noveli\u0173 rinkinys.  Tai viena garsiausi\u0173 vis\u0173 laik\u0173 Vakar\u0173 Europos knyg\u0173, 1350\u20131353 m.  para\u0161yta Giovanni\u2019o Boccaccio. Veiksmo laikas ir vieta \u2013 1348 metai, Florencijos apylink\u0117s, \u012f kurias nuo mieste siau\u010dian\u010dio maro pasitrauk\u0119 septynios kilmingos damos ir trys jaunikai\u010diai pasakoja istorijas. Kiekvien\u0105 dien\u0105 i\u0161renkamas karalius arba karalien\u0117 nurodo pasakojim\u0173 ton\u0105 ir tem\u0105. Kiekvienas pasakotojas stengiasi rasti kuo i\u0161radingesn\u0119, linksmesn\u0119, eroti\u0161kesn\u0119 ar labiau pamokom\u0105 istorij\u0105 \u2013 taip per de\u0161imt dien\u0173 papasakojama \u0161imtas noveli\u0173.  \u201eDekameronas\u201c \u2013 pasaulin\u0117s literat\u016bros \u0161edevras, jame gausu vaizduot\u0117s \u017eaismo, intrig\u0173 ir ankstyvojo Renesanso eroti\u0161kumo.<\/p>\n","protected":false},"excerpt":{"rendered":"<p>\u201eDekameronas\u201c (gr. deka \u2013 de\u0161imt, hemera \u2013 diena) \u2013 noveli\u0173 rinkinys.  Tai viena garsiausi\u0173 vis\u0173 laik\u0173 Vakar\u0173 Europos knyg\u0173, 1350\u20131353 m.  para\u0161yta Giovanni\u2019o Boccaccio. Veiksmo laikas ir vieta \u2013 1348 metai, Florencijos apylink\u0117s, \u012f kurias nuo mieste siau\u010dian\u010dio maro pasitrauk\u0119 septynios kilmingos damos ir trys jaunikai\u010diai pasakoja istorijas. Kiekvien\u0105 dien\u0105 i\u0161renkamas karalius arba karalien\u0117 nurodo pasakojim\u0173 ton\u0105 ir tem\u0105. Kiekvienas pasakotojas stengiasi rasti kuo i\u0161radingesn\u0119, linksmesn\u0119, eroti\u0161kesn\u0119 ar labiau pamokom\u0105 istorij\u0105 \u2013 taip per de\u0161imt dien\u0173 papasakojama \u0161imtas noveli\u0173.  \u201eDekameronas\u201c \u2013 pasaulin\u0117s literat\u016bros \u0161edevras, jame gausu vaizduot\u0117s \u017eaismo, intrig\u0173 ir ankstyvojo Renesanso eroti\u0161kumo.<\/p>\n","protected":false},"featured_media":3355,"comment_status":"closed","ping_status":"closed","template":"","meta":{"_acf_changed":false,"site-sidebar-layout":"default","site-content-layout":"","ast-site-content-layout":"default","site-content-style":"default","site-sidebar-style":"default","ast-global-header-display":"","ast-banner-title-visibility":"","ast-main-header-display":"","ast-hfb-above-header-display":"","ast-hfb-below-header-display":"","ast-hfb-mobile-header-display":"","site-post-title":"","ast-breadcrumbs-content":"","ast-featured-img":"","footer-sml-layout":"","ast-disable-related-posts":"","theme-transparent-header-meta":"","adv-header-id-meta":"","stick-header-meta":"","header-above-stick-meta":"","header-main-stick-meta":"","header-below-stick-meta":"","astra-migrate-meta-layouts":"default","ast-page-background-enabled":"default","ast-page-background-meta":{"desktop":{"background-color":"","background-image":"","background-repeat":"repeat","background-position":"center center","background-size":"auto","background-attachment":"scroll","background-type":"","background-media":"","overlay-type":"","overlay-color":"","overlay-opacity":"","overlay-gradient":""},"tablet":{"background-color":"","background-image":"","background-repeat":"repeat","background-position":"center center","background-size":"auto","background-attachment":"scroll","background-type":"","background-media":"","overlay-type":"","overlay-color":"","overlay-opacity":"","overlay-gradient":""},"mobile":{"background-color":"","background-image":"","background-repeat":"repeat","background-position":"center center","background-size":"auto","background-attachment":"scroll","background-type":"","background-media":"","overlay-type":"","overlay-color":"","overlay-opacity":"","overlay-gradient":""}},"ast-content-background-meta":{"desktop":{"background-color":"var(--ast-global-color-4)","background-image":"","background-repeat":"repeat","background-position":"center center","background-size":"auto","background-attachment":"scroll","background-type":"","background-media":"","overlay-type":"","overlay-color":"","overlay-opacity":"","overlay-gradient":""},"tablet":{"background-color":"var(--ast-global-color-4)","background-image":"","background-repeat":"repeat","background-position":"center center","background-size":"auto","background-attachment":"scroll","background-type":"","background-media":"","overlay-type":"","overlay-color":"","overlay-opacity":"","overlay-gradient":""},"mobile":{"background-color":"var(--ast-global-color-4)","background-image":"","background-repeat":"repeat","background-position":"center center","background-size":"auto","background-attachment":"scroll","background-type":"","background-media":"","overlay-type":"","overlay-color":"","overlay-opacity":"","overlay-gradient":""}}},"product_brand":[],"product_cat":[28],"product_tag":[],"class_list":{"0":"post-7826","1":"product","2":"type-product","3":"status-publish","4":"has-post-thumbnail","6":"product_cat-klasika","7":"desktop-align-left","8":"tablet-align-left","9":"mobile-align-left","11":"first","12":"outofstock","13":"shipping-taxable","14":"purchasable","15":"product-type-simple"},"acf":[],"yoast_head":"<!-- This site is optimized with the Yoast SEO plugin v27.4 - https:\/\/yoast.com\/product\/yoast-seo-wordpress\/ -->\n<title>D\u017eovanis Boka\u010das \u201eDekameronas\u201c I-II tomai - Skaitytaknyga<\/title>\n<meta name=\"description\" content=\"\u201eDekameronas\u201c (gr. deka \u2013 de\u0161imt, hemera \u2013 diena) \u2013 noveli\u0173 rinkinys. Tai viena garsiausi\u0173 vis\u0173 laik\u0173 Vakar\u0173 Europos knyg\u0173, 1350\u20131353 m. para\u0161yta Giovanni\u2019o Boccaccio. Veiksmo laikas ir vieta \u2013 1348 metai, Florencijos apylink\u0117s, \u012f kurias nuo mieste siau\u010dian\u010dio maro pasitrauk\u0119 septynios kilmingos damos ir trys jaunikai\u010diai pasakoja istorijas. Kiekvien\u0105 dien\u0105 i\u0161renkamas karalius arba karalien\u0117 nurodo pasakojim\u0173 ton\u0105 ir tem\u0105. Kiekvienas pasakotojas stengiasi rasti kuo i\u0161radingesn\u0119, linksmesn\u0119, eroti\u0161kesn\u0119 ar labiau pamokom\u0105 istorij\u0105 \u2013 taip per de\u0161imt dien\u0173 papasakojama \u0161imtas noveli\u0173. \u201eDekameronas\u201c \u2013 pasaulin\u0117s literat\u016bros \u0161edevras, jame gausu vaizduot\u0117s \u017eaismo, intrig\u0173 ir ankstyvojo Renesanso eroti\u0161kumo.\" \/>\n<meta name=\"robots\" content=\"index, follow, max-snippet:-1, max-image-preview:large, max-video-preview:-1\" \/>\n<link rel=\"canonical\" href=\"https:\/\/skaitytaknyga.lt\/en\/produktas\/dzovanis-bokacas-dekameronas-i-ii-tomai-2\/\" \/>\n<meta property=\"og:locale\" content=\"en_GB\" \/>\n<meta property=\"og:locale:alternate\" content=\"lt_LT\" \/>\n<meta property=\"og:type\" content=\"article\" \/>\n<meta property=\"og:title\" content=\"D\u017eovanis Boka\u010das \u201eDekameronas\u201c I-II tomai - Skaitytaknyga\" \/>\n<meta property=\"og:description\" content=\"\u201eDekameronas\u201c (gr. deka \u2013 de\u0161imt, hemera \u2013 diena) \u2013 noveli\u0173 rinkinys. Tai viena garsiausi\u0173 vis\u0173 laik\u0173 Vakar\u0173 Europos knyg\u0173, 1350\u20131353 m. para\u0161yta Giovanni\u2019o Boccaccio. Veiksmo laikas ir vieta \u2013 1348 metai, Florencijos apylink\u0117s, \u012f kurias nuo mieste siau\u010dian\u010dio maro pasitrauk\u0119 septynios kilmingos damos ir trys jaunikai\u010diai pasakoja istorijas. Kiekvien\u0105 dien\u0105 i\u0161renkamas karalius arba karalien\u0117 nurodo pasakojim\u0173 ton\u0105 ir tem\u0105. Kiekvienas pasakotojas stengiasi rasti kuo i\u0161radingesn\u0119, linksmesn\u0119, eroti\u0161kesn\u0119 ar labiau pamokom\u0105 istorij\u0105 \u2013 taip per de\u0161imt dien\u0173 papasakojama \u0161imtas noveli\u0173. \u201eDekameronas\u201c \u2013 pasaulin\u0117s literat\u016bros \u0161edevras, jame gausu vaizduot\u0117s \u017eaismo, intrig\u0173 ir ankstyvojo Renesanso eroti\u0161kumo.\" \/>\n<meta property=\"og:url\" content=\"https:\/\/skaitytaknyga.lt\/en\/produktas\/dzovanis-bokacas-dekameronas-i-ii-tomai-2\/\" \/>\n<meta property=\"og:site_name\" content=\"Skaitytaknyga\" \/>\n<meta property=\"article:publisher\" content=\"https:\/\/www.facebook.com\/skaitytaknyga\/\" \/>\n<meta property=\"article:modified_time\" content=\"2024-05-04T14:36:04+00:00\" \/>\n<meta property=\"og:image\" content=\"https:\/\/skaitytaknyga.lt\/wp-content\/uploads\/2024\/04\/unnamed-2-2-e1607694426637.jpg\" \/>\n\t<meta property=\"og:image:width\" content=\"267\" \/>\n\t<meta property=\"og:image:height\" content=\"400\" \/>\n\t<meta property=\"og:image:type\" content=\"image\/jpeg\" \/>\n<meta name=\"twitter:card\" content=\"summary_large_image\" \/>\n<script type=\"application\/ld+json\" class=\"yoast-schema-graph\">{\"@context\":\"https:\\\/\\\/schema.org\",\"@graph\":[{\"@type\":\"WebPage\",\"@id\":\"https:\\\/\\\/skaitytaknyga.lt\\\/produktas\\\/dzovanis-bokacas-dekameronas-i-ii-tomai-2\\\/\",\"url\":\"https:\\\/\\\/skaitytaknyga.lt\\\/produktas\\\/dzovanis-bokacas-dekameronas-i-ii-tomai-2\\\/\",\"name\":\"D\u017eovanis Boka\u010das \u201eDekameronas\u201c I-II tomai - Skaitytaknyga\",\"isPartOf\":{\"@id\":\"https:\\\/\\\/skaitytaknyga.lt\\\/#website\"},\"primaryImageOfPage\":{\"@id\":\"https:\\\/\\\/skaitytaknyga.lt\\\/produktas\\\/dzovanis-bokacas-dekameronas-i-ii-tomai-2\\\/#primaryimage\"},\"image\":{\"@id\":\"https:\\\/\\\/skaitytaknyga.lt\\\/produktas\\\/dzovanis-bokacas-dekameronas-i-ii-tomai-2\\\/#primaryimage\"},\"thumbnailUrl\":\"https:\\\/\\\/skaitytaknyga.lt\\\/wp-content\\\/uploads\\\/2024\\\/04\\\/unnamed-2-2-e1607694426637.jpg\",\"datePublished\":\"2024-05-04T14:36:01+00:00\",\"dateModified\":\"2024-05-04T14:36:04+00:00\",\"description\":\"\u201eDekameronas\u201c (gr. deka \u2013 de\u0161imt, hemera \u2013 diena) \u2013 noveli\u0173 rinkinys. Tai viena garsiausi\u0173 vis\u0173 laik\u0173 Vakar\u0173 Europos knyg\u0173, 1350\u20131353 m. para\u0161yta Giovanni\u2019o Boccaccio. Veiksmo laikas ir vieta \u2013 1348 metai, Florencijos apylink\u0117s, \u012f kurias nuo mieste siau\u010dian\u010dio maro pasitrauk\u0119 septynios kilmingos damos ir trys jaunikai\u010diai pasakoja istorijas. Kiekvien\u0105 dien\u0105 i\u0161renkamas karalius arba karalien\u0117 nurodo pasakojim\u0173 ton\u0105 ir tem\u0105. Kiekvienas pasakotojas stengiasi rasti kuo i\u0161radingesn\u0119, linksmesn\u0119, eroti\u0161kesn\u0119 ar labiau pamokom\u0105 istorij\u0105 \u2013 taip per de\u0161imt dien\u0173 papasakojama \u0161imtas noveli\u0173. \u201eDekameronas\u201c \u2013 pasaulin\u0117s literat\u016bros \u0161edevras, jame gausu vaizduot\u0117s \u017eaismo, intrig\u0173 ir ankstyvojo Renesanso eroti\u0161kumo.\",\"breadcrumb\":{\"@id\":\"https:\\\/\\\/skaitytaknyga.lt\\\/produktas\\\/dzovanis-bokacas-dekameronas-i-ii-tomai-2\\\/#breadcrumb\"},\"inLanguage\":\"en-GB\",\"potentialAction\":[{\"@type\":\"ReadAction\",\"target\":[\"https:\\\/\\\/skaitytaknyga.lt\\\/produktas\\\/dzovanis-bokacas-dekameronas-i-ii-tomai-2\\\/\"]}]},{\"@type\":\"ImageObject\",\"inLanguage\":\"en-GB\",\"@id\":\"https:\\\/\\\/skaitytaknyga.lt\\\/produktas\\\/dzovanis-bokacas-dekameronas-i-ii-tomai-2\\\/#primaryimage\",\"url\":\"https:\\\/\\\/skaitytaknyga.lt\\\/wp-content\\\/uploads\\\/2024\\\/04\\\/unnamed-2-2-e1607694426637.jpg\",\"contentUrl\":\"https:\\\/\\\/skaitytaknyga.lt\\\/wp-content\\\/uploads\\\/2024\\\/04\\\/unnamed-2-2-e1607694426637.jpg\",\"width\":267,\"height\":400,\"caption\":\"unnamed 2 2 e1607694426637\"},{\"@type\":\"BreadcrumbList\",\"@id\":\"https:\\\/\\\/skaitytaknyga.lt\\\/produktas\\\/dzovanis-bokacas-dekameronas-i-ii-tomai-2\\\/#breadcrumb\",\"itemListElement\":[{\"@type\":\"ListItem\",\"position\":1,\"name\":\"Home\",\"item\":\"https:\\\/\\\/skaitytaknyga.lt\\\/\"},{\"@type\":\"ListItem\",\"position\":2,\"name\":\"Parduotuv\u0117\",\"item\":\"https:\\\/\\\/skaitytaknyga.lt\\\/knygu-parduotuve\\\/\"},{\"@type\":\"ListItem\",\"position\":3,\"name\":\"D\u017eovanis Boka\u010das \u201eDekameronas\u201c I-II tomai\"}]},{\"@type\":\"WebSite\",\"@id\":\"https:\\\/\\\/skaitytaknyga.lt\\\/#website\",\"url\":\"https:\\\/\\\/skaitytaknyga.lt\\\/\",\"name\":\"skaitytaknyga.lt\",\"description\":\"Skaitytaknyga.lt \u2013 tai ma\u017eas \u0161eimos verslas, kuris prasid\u0117jo nuo meil\u0117s knygoms ir siekio i\u0161gelb\u0117ti knygas nuo likimo prie konteinerio. Kas vienam nereikalingas daiktas \u2013 kitam lobis, o mes esame tarpininkai, kurie padeda abiems tapti laimingesniems ???? \u017dinome kaip nelengva i\u0161gyventi ma\u017eiems verslams, tad nuo \u0161iol, \u010dia rasite ir kit\u0173, ma\u017e\u0173 \u0161eim\u0173 versl\u0173, rank\u0173 darbo, dovan\u0173 sau ir artimiesiems.\",\"publisher\":{\"@id\":\"https:\\\/\\\/skaitytaknyga.lt\\\/#organization\"},\"potentialAction\":[{\"@type\":\"SearchAction\",\"target\":{\"@type\":\"EntryPoint\",\"urlTemplate\":\"https:\\\/\\\/skaitytaknyga.lt\\\/?s={search_term_string}\"},\"query-input\":{\"@type\":\"PropertyValueSpecification\",\"valueRequired\":true,\"valueName\":\"search_term_string\"}}],\"inLanguage\":\"en-GB\"},{\"@type\":\"Organization\",\"@id\":\"https:\\\/\\\/skaitytaknyga.lt\\\/#organization\",\"name\":\"skaitytaknyga.lt\",\"url\":\"https:\\\/\\\/skaitytaknyga.lt\\\/\",\"logo\":{\"@type\":\"ImageObject\",\"inLanguage\":\"en-GB\",\"@id\":\"https:\\\/\\\/skaitytaknyga.lt\\\/#\\\/schema\\\/logo\\\/image\\\/\",\"url\":\"https:\\\/\\\/skaitytaknyga.lt\\\/wp-content\\\/uploads\\\/2024\\\/05\\\/cropped-cropped-cropped-02_00843_jt3bggkj1j3HLc7SyY6rEUpg.jpeg\",\"contentUrl\":\"https:\\\/\\\/skaitytaknyga.lt\\\/wp-content\\\/uploads\\\/2024\\\/05\\\/cropped-cropped-cropped-02_00843_jt3bggkj1j3HLc7SyY6rEUpg.jpeg\",\"width\":1600,\"height\":1600,\"caption\":\"skaitytaknyga.lt\"},\"image\":{\"@id\":\"https:\\\/\\\/skaitytaknyga.lt\\\/#\\\/schema\\\/logo\\\/image\\\/\"},\"sameAs\":[\"https:\\\/\\\/www.facebook.com\\\/skaitytaknyga\\\/\"]}]}<\/script>\n<!-- \/ Yoast SEO plugin. -->","yoast_head_json":{"title":"D\u017eovanis Boka\u010das \u201eDekameronas\u201c I-II tomai - Skaitytaknyga","description":"\u201eDekameronas\u201c (gr. deka \u2013 de\u0161imt, hemera \u2013 diena) \u2013 noveli\u0173 rinkinys. Tai viena garsiausi\u0173 vis\u0173 laik\u0173 Vakar\u0173 Europos knyg\u0173, 1350\u20131353 m. para\u0161yta Giovanni\u2019o Boccaccio. Veiksmo laikas ir vieta \u2013 1348 metai, Florencijos apylink\u0117s, \u012f kurias nuo mieste siau\u010dian\u010dio maro pasitrauk\u0119 septynios kilmingos damos ir trys jaunikai\u010diai pasakoja istorijas. Kiekvien\u0105 dien\u0105 i\u0161renkamas karalius arba karalien\u0117 nurodo pasakojim\u0173 ton\u0105 ir tem\u0105. Kiekvienas pasakotojas stengiasi rasti kuo i\u0161radingesn\u0119, linksmesn\u0119, eroti\u0161kesn\u0119 ar labiau pamokom\u0105 istorij\u0105 \u2013 taip per de\u0161imt dien\u0173 papasakojama \u0161imtas noveli\u0173. \u201eDekameronas\u201c \u2013 pasaulin\u0117s literat\u016bros \u0161edevras, jame gausu vaizduot\u0117s \u017eaismo, intrig\u0173 ir ankstyvojo Renesanso eroti\u0161kumo.","robots":{"index":"index","follow":"follow","max-snippet":"max-snippet:-1","max-image-preview":"max-image-preview:large","max-video-preview":"max-video-preview:-1"},"canonical":"https:\/\/skaitytaknyga.lt\/en\/produktas\/dzovanis-bokacas-dekameronas-i-ii-tomai-2\/","og_locale":"en_GB","og_type":"article","og_title":"D\u017eovanis Boka\u010das \u201eDekameronas\u201c I-II tomai - Skaitytaknyga","og_description":"\u201eDekameronas\u201c (gr. deka \u2013 de\u0161imt, hemera \u2013 diena) \u2013 noveli\u0173 rinkinys. Tai viena garsiausi\u0173 vis\u0173 laik\u0173 Vakar\u0173 Europos knyg\u0173, 1350\u20131353 m. para\u0161yta Giovanni\u2019o Boccaccio. Veiksmo laikas ir vieta \u2013 1348 metai, Florencijos apylink\u0117s, \u012f kurias nuo mieste siau\u010dian\u010dio maro pasitrauk\u0119 septynios kilmingos damos ir trys jaunikai\u010diai pasakoja istorijas. Kiekvien\u0105 dien\u0105 i\u0161renkamas karalius arba karalien\u0117 nurodo pasakojim\u0173 ton\u0105 ir tem\u0105. Kiekvienas pasakotojas stengiasi rasti kuo i\u0161radingesn\u0119, linksmesn\u0119, eroti\u0161kesn\u0119 ar labiau pamokom\u0105 istorij\u0105 \u2013 taip per de\u0161imt dien\u0173 papasakojama \u0161imtas noveli\u0173. \u201eDekameronas\u201c \u2013 pasaulin\u0117s literat\u016bros \u0161edevras, jame gausu vaizduot\u0117s \u017eaismo, intrig\u0173 ir ankstyvojo Renesanso eroti\u0161kumo.","og_url":"https:\/\/skaitytaknyga.lt\/en\/produktas\/dzovanis-bokacas-dekameronas-i-ii-tomai-2\/","og_site_name":"Skaitytaknyga","article_publisher":"https:\/\/www.facebook.com\/skaitytaknyga\/","article_modified_time":"2024-05-04T14:36:04+00:00","og_image":[{"width":267,"height":400,"url":"https:\/\/skaitytaknyga.lt\/wp-content\/uploads\/2024\/04\/unnamed-2-2-e1607694426637.jpg","type":"image\/jpeg"}],"twitter_card":"summary_large_image","schema":{"@context":"https:\/\/schema.org","@graph":[{"@type":"WebPage","@id":"https:\/\/skaitytaknyga.lt\/produktas\/dzovanis-bokacas-dekameronas-i-ii-tomai-2\/","url":"https:\/\/skaitytaknyga.lt\/produktas\/dzovanis-bokacas-dekameronas-i-ii-tomai-2\/","name":"D\u017eovanis Boka\u010das \u201eDekameronas\u201c I-II tomai - Skaitytaknyga","isPartOf":{"@id":"https:\/\/skaitytaknyga.lt\/#website"},"primaryImageOfPage":{"@id":"https:\/\/skaitytaknyga.lt\/produktas\/dzovanis-bokacas-dekameronas-i-ii-tomai-2\/#primaryimage"},"image":{"@id":"https:\/\/skaitytaknyga.lt\/produktas\/dzovanis-bokacas-dekameronas-i-ii-tomai-2\/#primaryimage"},"thumbnailUrl":"https:\/\/skaitytaknyga.lt\/wp-content\/uploads\/2024\/04\/unnamed-2-2-e1607694426637.jpg","datePublished":"2024-05-04T14:36:01+00:00","dateModified":"2024-05-04T14:36:04+00:00","description":"\u201eDekameronas\u201c (gr. deka \u2013 de\u0161imt, hemera \u2013 diena) \u2013 noveli\u0173 rinkinys. Tai viena garsiausi\u0173 vis\u0173 laik\u0173 Vakar\u0173 Europos knyg\u0173, 1350\u20131353 m. para\u0161yta Giovanni\u2019o Boccaccio. Veiksmo laikas ir vieta \u2013 1348 metai, Florencijos apylink\u0117s, \u012f kurias nuo mieste siau\u010dian\u010dio maro pasitrauk\u0119 septynios kilmingos damos ir trys jaunikai\u010diai pasakoja istorijas. Kiekvien\u0105 dien\u0105 i\u0161renkamas karalius arba karalien\u0117 nurodo pasakojim\u0173 ton\u0105 ir tem\u0105. Kiekvienas pasakotojas stengiasi rasti kuo i\u0161radingesn\u0119, linksmesn\u0119, eroti\u0161kesn\u0119 ar labiau pamokom\u0105 istorij\u0105 \u2013 taip per de\u0161imt dien\u0173 papasakojama \u0161imtas noveli\u0173. \u201eDekameronas\u201c \u2013 pasaulin\u0117s literat\u016bros \u0161edevras, jame gausu vaizduot\u0117s \u017eaismo, intrig\u0173 ir ankstyvojo Renesanso eroti\u0161kumo.","breadcrumb":{"@id":"https:\/\/skaitytaknyga.lt\/produktas\/dzovanis-bokacas-dekameronas-i-ii-tomai-2\/#breadcrumb"},"inLanguage":"en-GB","potentialAction":[{"@type":"ReadAction","target":["https:\/\/skaitytaknyga.lt\/produktas\/dzovanis-bokacas-dekameronas-i-ii-tomai-2\/"]}]},{"@type":"ImageObject","inLanguage":"en-GB","@id":"https:\/\/skaitytaknyga.lt\/produktas\/dzovanis-bokacas-dekameronas-i-ii-tomai-2\/#primaryimage","url":"https:\/\/skaitytaknyga.lt\/wp-content\/uploads\/2024\/04\/unnamed-2-2-e1607694426637.jpg","contentUrl":"https:\/\/skaitytaknyga.lt\/wp-content\/uploads\/2024\/04\/unnamed-2-2-e1607694426637.jpg","width":267,"height":400,"caption":"unnamed 2 2 e1607694426637"},{"@type":"BreadcrumbList","@id":"https:\/\/skaitytaknyga.lt\/produktas\/dzovanis-bokacas-dekameronas-i-ii-tomai-2\/#breadcrumb","itemListElement":[{"@type":"ListItem","position":1,"name":"Home","item":"https:\/\/skaitytaknyga.lt\/"},{"@type":"ListItem","position":2,"name":"Parduotuv\u0117","item":"https:\/\/skaitytaknyga.lt\/knygu-parduotuve\/"},{"@type":"ListItem","position":3,"name":"D\u017eovanis Boka\u010das \u201eDekameronas\u201c I-II tomai"}]},{"@type":"WebSite","@id":"https:\/\/skaitytaknyga.lt\/#website","url":"https:\/\/skaitytaknyga.lt\/","name":"skaitytaknyga.lt","description":"Skaitytaknyga.lt \u2013 tai ma\u017eas \u0161eimos verslas, kuris prasid\u0117jo nuo meil\u0117s knygoms ir siekio i\u0161gelb\u0117ti knygas nuo likimo prie konteinerio. Kas vienam nereikalingas daiktas \u2013 kitam lobis, o mes esame tarpininkai, kurie padeda abiems tapti laimingesniems ???? \u017dinome kaip nelengva i\u0161gyventi ma\u017eiems verslams, tad nuo \u0161iol, \u010dia rasite ir kit\u0173, ma\u017e\u0173 \u0161eim\u0173 versl\u0173, rank\u0173 darbo, dovan\u0173 sau ir artimiesiems.","publisher":{"@id":"https:\/\/skaitytaknyga.lt\/#organization"},"potentialAction":[{"@type":"SearchAction","target":{"@type":"EntryPoint","urlTemplate":"https:\/\/skaitytaknyga.lt\/?s={search_term_string}"},"query-input":{"@type":"PropertyValueSpecification","valueRequired":true,"valueName":"search_term_string"}}],"inLanguage":"en-GB"},{"@type":"Organization","@id":"https:\/\/skaitytaknyga.lt\/#organization","name":"skaitytaknyga.lt","url":"https:\/\/skaitytaknyga.lt\/","logo":{"@type":"ImageObject","inLanguage":"en-GB","@id":"https:\/\/skaitytaknyga.lt\/#\/schema\/logo\/image\/","url":"https:\/\/skaitytaknyga.lt\/wp-content\/uploads\/2024\/05\/cropped-cropped-cropped-02_00843_jt3bggkj1j3HLc7SyY6rEUpg.jpeg","contentUrl":"https:\/\/skaitytaknyga.lt\/wp-content\/uploads\/2024\/05\/cropped-cropped-cropped-02_00843_jt3bggkj1j3HLc7SyY6rEUpg.jpeg","width":1600,"height":1600,"caption":"skaitytaknyga.lt"},"image":{"@id":"https:\/\/skaitytaknyga.lt\/#\/schema\/logo\/image\/"},"sameAs":["https:\/\/www.facebook.com\/skaitytaknyga\/"]}]}},"_links":{"self":[{"href":"https:\/\/skaitytaknyga.lt\/en\/wp-json\/wp\/v2\/product\/7826","targetHints":{"allow":["GET"]}}],"collection":[{"href":"https:\/\/skaitytaknyga.lt\/en\/wp-json\/wp\/v2\/product"}],"about":[{"href":"https:\/\/skaitytaknyga.lt\/en\/wp-json\/wp\/v2\/types\/product"}],"replies":[{"embeddable":true,"href":"https:\/\/skaitytaknyga.lt\/en\/wp-json\/wp\/v2\/comments?post=7826"}],"wp:featuredmedia":[{"embeddable":true,"href":"https:\/\/skaitytaknyga.lt\/en\/wp-json\/wp\/v2\/media\/3355"}],"wp:attachment":[{"href":"https:\/\/skaitytaknyga.lt\/en\/wp-json\/wp\/v2\/media?parent=7826"}],"wp:term":[{"taxonomy":"product_brand","embeddable":true,"href":"https:\/\/skaitytaknyga.lt\/en\/wp-json\/wp\/v2\/product_brand?post=7826"},{"taxonomy":"product_cat","embeddable":true,"href":"https:\/\/skaitytaknyga.lt\/en\/wp-json\/wp\/v2\/product_cat?post=7826"},{"taxonomy":"product_tag","embeddable":true,"href":"https:\/\/skaitytaknyga.lt\/en\/wp-json\/wp\/v2\/product_tag?post=7826"}],"curies":[{"name":"wp","href":"https:\/\/api.w.org\/{rel}","templated":true}]}}