{"id":7818,"date":"2024-05-04T14:35:38","date_gmt":"2024-05-04T14:35:38","guid":{"rendered":"https:\/\/skaitytaknyga.lt\/?post_type=product&#038;p=7818"},"modified":"2025-11-23T13:32:34","modified_gmt":"2025-11-23T11:32:34","slug":"menas-mokytis-nepavargstant-2","status":"publish","type":"product","link":"https:\/\/skaitytaknyga.lt\/en\/produktas\/menas-mokytis-nepavargstant-2\/","title":{"rendered":"Menas mokytis nepavargstant"},"content":{"rendered":"<p>\u0160ioje knygoje si\u016bloma naujausi\u0173 mokymosi metod\u0173 ap\u017evalga. Prof. Kurtas Tepperweinas, remdamasis nauj\u0173 mokymo metod\u0173 taikymo patyrimu, pateikia i\u0161sami\u0105 ir nauding\u0105 informacij\u0105 vis\u0173 am\u017eiaus grupi\u0173 ir profesij\u0173 \u017emon\u0117ms, besidomintiems \u0161ia tema. Veikale atskleid\u017eiami \u012fvair\u016bs faktoriai, nuo kuri\u0173 priklauso mokymosi pa\u017eanga. Skaitytojas su\u017eino, kaip funkcionuoja atmintis ir koki\u0105 reik\u0161m\u0119 s\u0117kmingam mokymuisi turi motyvacija bei susikaupimas. Be to, nurodomos palankiausios mokymosi prielaidos ir s\u0105lygos, aptariamos \u012fvairios atminties treniravimo technikos, patariama, kaip geriausiai i\u0161sivaduoti nuo egzamin\u0173 baim\u0117s. Supa\u017eindinama su geriausiais \u0161iandieniniais mokymosi metodais, pavyzd\u017eiui, autohipnoz\u0117s, meditatyviniu, sugestopedijos. Su\u017einosite, kaip padidinti atminties talpum\u0105, sugeb\u0117jim\u0105 sutelkti d\u0117mes\u012f ir mokytis grei\u010diau. \u012esitikinsite, kad galite pasiekti toki\u0173 mokymosi rezultat\u0173, kuri\u0173 iki \u0161iol nesitik\u0117jote.<\/p>\n","protected":false},"excerpt":{"rendered":"<p>\u0160ioje knygoje si\u016bloma naujausi\u0173 mokymosi metod\u0173 ap\u017evalga. Prof. Kurtas Tepperweinas, remdamasis nauj\u0173 mokymo metod\u0173 taikymo patyrimu, pateikia i\u0161sami\u0105 ir nauding\u0105 informacij\u0105 vis\u0173 am\u017eiaus grupi\u0173 ir profesij\u0173 \u017emon\u0117ms, besidomintiems \u0161ia tema. Veikale atskleid\u017eiami \u012fvair\u016bs faktoriai, nuo kuri\u0173 priklauso mokymosi pa\u017eanga. Skaitytojas su\u017eino, kaip funkcionuoja atmintis ir koki\u0105 reik\u0161m\u0119 s\u0117kmingam mokymuisi turi motyvacija bei susikaupimas. Be to, nurodomos palankiausios mokymosi prielaidos ir s\u0105lygos, aptariamos \u012fvairios atminties treniravimo technikos, patariama, kaip geriausiai i\u0161sivaduoti nuo egzamin\u0173 baim\u0117s. Supa\u017eindinama su geriausiais \u0161iandieniniais mokymosi metodais, pavyzd\u017eiui, autohipnoz\u0117s, meditatyviniu, sugestopedijos. Su\u017einosite, kaip padidinti atminties talpum\u0105, sugeb\u0117jim\u0105 sutelkti d\u0117mes\u012f ir mokytis grei\u010diau. \u012esitikinsite, kad galite pasiekti toki\u0173 mokymosi rezultat\u0173, kuri\u0173 iki \u0161iol nesitik\u0117jote.<\/p>\n","protected":false},"featured_media":3335,"comment_status":"closed","ping_status":"closed","template":"","meta":{"_acf_changed":false,"site-sidebar-layout":"default","site-content-layout":"","ast-site-content-layout":"default","site-content-style":"default","site-sidebar-style":"default","ast-global-header-display":"","ast-banner-title-visibility":"","ast-main-header-display":"","ast-hfb-above-header-display":"","ast-hfb-below-header-display":"","ast-hfb-mobile-header-display":"","site-post-title":"","ast-breadcrumbs-content":"","ast-featured-img":"","footer-sml-layout":"","ast-disable-related-posts":"","theme-transparent-header-meta":"default","adv-header-id-meta":"","stick-header-meta":"","header-above-stick-meta":"","header-main-stick-meta":"","header-below-stick-meta":"","astra-migrate-meta-layouts":"set","ast-page-background-enabled":"default","ast-page-background-meta":{"desktop":{"background-color":"","background-image":"","background-repeat":"repeat","background-position":"center center","background-size":"auto","background-attachment":"scroll","background-type":"","background-media":"","overlay-type":"","overlay-color":"","overlay-opacity":"","overlay-gradient":""},"tablet":{"background-color":"","background-image":"","background-repeat":"repeat","background-position":"center center","background-size":"auto","background-attachment":"scroll","background-type":"","background-media":"","overlay-type":"","overlay-color":"","overlay-opacity":"","overlay-gradient":""},"mobile":{"background-color":"","background-image":"","background-repeat":"repeat","background-position":"center center","background-size":"auto","background-attachment":"scroll","background-type":"","background-media":"","overlay-type":"","overlay-color":"","overlay-opacity":"","overlay-gradient":""}},"ast-content-background-meta":{"desktop":{"background-color":"var(--ast-global-color-4)","background-image":"","background-repeat":"repeat","background-position":"center center","background-size":"auto","background-attachment":"scroll","background-type":"","background-media":"","overlay-type":"","overlay-color":"","overlay-opacity":"","overlay-gradient":""},"tablet":{"background-color":"var(--ast-global-color-4)","background-image":"","background-repeat":"repeat","background-position":"center center","background-size":"auto","background-attachment":"scroll","background-type":"","background-media":"","overlay-type":"","overlay-color":"","overlay-opacity":"","overlay-gradient":""},"mobile":{"background-color":"var(--ast-global-color-4)","background-image":"","background-repeat":"repeat","background-position":"center center","background-size":"auto","background-attachment":"scroll","background-type":"","background-media":"","overlay-type":"","overlay-color":"","overlay-opacity":"","overlay-gradient":""}}},"product_brand":[],"product_cat":[37,30],"product_tag":[],"class_list":{"0":"post-7818","1":"product","2":"type-product","3":"status-publish","4":"has-post-thumbnail","6":"product_cat-nestumas-ir-vaiku-prieziura-bei-auklejimas","7":"product_cat-psichologija-ir-saviugda","8":"desktop-align-left","9":"tablet-align-left","10":"mobile-align-left","12":"first","13":"instock","14":"shipping-taxable","15":"purchasable","16":"product-type-simple"},"acf":[],"yoast_head":"<!-- This site is optimized with the Yoast SEO plugin v27.0 - https:\/\/yoast.com\/product\/yoast-seo-wordpress\/ -->\n<title>Menas mokytis nepavargstant<\/title>\n<meta name=\"description\" content=\"\u0160ioje knygoje si\u016bloma naujausi\u0173 mokymosi metod\u0173 ap\u017evalga. Prof. Kurtas Tepperweinas, remdamasis nauj\u0173 mokymo metod\u0173 taikymo patyrimu, pateikia i\u0161sami\u0105 ir nauding\u0105 informacij\u0105 vis\u0173 am\u017eiaus grupi\u0173 ir profesij\u0173 \u017emon\u0117ms, besidomintiems \u0161ia tema. Veikale atskleid\u017eiami \u012fvair\u016bs faktoriai, nuo kuri\u0173 priklauso mokymosi pa\u017eanga. Skaitytojas su\u017eino, kaip funkcionuoja atmintis ir koki\u0105 reik\u0161m\u0119 s\u0117kmingam mokymuisi turi motyvacija bei susikaupimas. Be to, nurodomos palankiausios mokymosi prielaidos ir s\u0105lygos, aptariamos \u012fvairios atminties treniravimo technikos, patariama, kaip geriausiai i\u0161sivaduoti nuo egzamin\u0173 baim\u0117s. Supa\u017eindinama su geriausiais \u0161iandieniniais mokymosi metodais, pavyzd\u017eiui, autohipnoz\u0117s, meditatyviniu, sugestopedijos. Su\u017einosite, kaip padidinti atminties talpum\u0105, sugeb\u0117jim\u0105 sutelkti d\u0117mes\u012f ir mokytis grei\u010diau. \u012esitikinsite, kad galite pasiekti toki\u0173 mokymosi rezultat\u0173, kuri\u0173 iki \u0161iol nesitik\u0117jote.\" \/>\n<meta name=\"robots\" content=\"index, follow, max-snippet:-1, max-image-preview:large, max-video-preview:-1\" \/>\n<link rel=\"canonical\" href=\"https:\/\/skaitytaknyga.lt\/en\/produktas\/menas-mokytis-nepavargstant-2\/\" \/>\n<meta property=\"og:locale\" content=\"en_GB\" \/>\n<meta property=\"og:locale:alternate\" content=\"lt_LT\" \/>\n<meta property=\"og:type\" content=\"article\" \/>\n<meta property=\"og:title\" content=\"Menas mokytis nepavargstant\" \/>\n<meta property=\"og:description\" content=\"\u0160ioje knygoje si\u016bloma naujausi\u0173 mokymosi metod\u0173 ap\u017evalga. Prof. Kurtas Tepperweinas, remdamasis nauj\u0173 mokymo metod\u0173 taikymo patyrimu, pateikia i\u0161sami\u0105 ir nauding\u0105 informacij\u0105 vis\u0173 am\u017eiaus grupi\u0173 ir profesij\u0173 \u017emon\u0117ms, besidomintiems \u0161ia tema. Veikale atskleid\u017eiami \u012fvair\u016bs faktoriai, nuo kuri\u0173 priklauso mokymosi pa\u017eanga. Skaitytojas su\u017eino, kaip funkcionuoja atmintis ir koki\u0105 reik\u0161m\u0119 s\u0117kmingam mokymuisi turi motyvacija bei susikaupimas. Be to, nurodomos palankiausios mokymosi prielaidos ir s\u0105lygos, aptariamos \u012fvairios atminties treniravimo technikos, patariama, kaip geriausiai i\u0161sivaduoti nuo egzamin\u0173 baim\u0117s. Supa\u017eindinama su geriausiais \u0161iandieniniais mokymosi metodais, pavyzd\u017eiui, autohipnoz\u0117s, meditatyviniu, sugestopedijos. Su\u017einosite, kaip padidinti atminties talpum\u0105, sugeb\u0117jim\u0105 sutelkti d\u0117mes\u012f ir mokytis grei\u010diau. \u012esitikinsite, kad galite pasiekti toki\u0173 mokymosi rezultat\u0173, kuri\u0173 iki \u0161iol nesitik\u0117jote.\" \/>\n<meta property=\"og:url\" content=\"https:\/\/skaitytaknyga.lt\/en\/produktas\/menas-mokytis-nepavargstant-2\/\" \/>\n<meta property=\"og:site_name\" content=\"Skaitytaknyga\" \/>\n<meta property=\"article:publisher\" content=\"https:\/\/www.facebook.com\/skaitytaknyga\/\" \/>\n<meta property=\"article:modified_time\" content=\"2025-11-23T11:32:34+00:00\" \/>\n<meta property=\"og:image\" content=\"https:\/\/skaitytaknyga.lt\/wp-content\/uploads\/2024\/04\/194849-kurt-tepperwein-menas-mokytis-nepavargstant-1-e1607691521951.jpg\" \/>\n\t<meta property=\"og:image:width\" content=\"211\" \/>\n\t<meta property=\"og:image:height\" content=\"320\" \/>\n\t<meta property=\"og:image:type\" content=\"image\/jpeg\" \/>\n<meta name=\"twitter:card\" content=\"summary_large_image\" \/>\n<meta name=\"twitter:label1\" content=\"Estimated reading time\" \/>\n\t<meta name=\"twitter:data1\" content=\"1 minute\" \/>\n<script type=\"application\/ld+json\" class=\"yoast-schema-graph\">{\"@context\":\"https:\/\/schema.org\",\"@graph\":[{\"@type\":\"WebPage\",\"@id\":\"https:\/\/skaitytaknyga.lt\/produktas\/menas-mokytis-nepavargstant-2\/\",\"url\":\"https:\/\/skaitytaknyga.lt\/produktas\/menas-mokytis-nepavargstant-2\/\",\"name\":\"Menas mokytis nepavargstant\",\"isPartOf\":{\"@id\":\"https:\/\/skaitytaknyga.lt\/#website\"},\"primaryImageOfPage\":{\"@id\":\"https:\/\/skaitytaknyga.lt\/produktas\/menas-mokytis-nepavargstant-2\/#primaryimage\"},\"image\":{\"@id\":\"https:\/\/skaitytaknyga.lt\/produktas\/menas-mokytis-nepavargstant-2\/#primaryimage\"},\"thumbnailUrl\":\"https:\/\/skaitytaknyga.lt\/wp-content\/uploads\/2024\/04\/194849-kurt-tepperwein-menas-mokytis-nepavargstant-1-e1607691521951.jpg\",\"datePublished\":\"2024-05-04T14:35:38+00:00\",\"dateModified\":\"2025-11-23T11:32:34+00:00\",\"description\":\"\u0160ioje knygoje si\u016bloma naujausi\u0173 mokymosi metod\u0173 ap\u017evalga. Prof. Kurtas Tepperweinas, remdamasis nauj\u0173 mokymo metod\u0173 taikymo patyrimu, pateikia i\u0161sami\u0105 ir nauding\u0105 informacij\u0105 vis\u0173 am\u017eiaus grupi\u0173 ir profesij\u0173 \u017emon\u0117ms, besidomintiems \u0161ia tema. Veikale atskleid\u017eiami \u012fvair\u016bs faktoriai, nuo kuri\u0173 priklauso mokymosi pa\u017eanga. Skaitytojas su\u017eino, kaip funkcionuoja atmintis ir koki\u0105 reik\u0161m\u0119 s\u0117kmingam mokymuisi turi motyvacija bei susikaupimas. Be to, nurodomos palankiausios mokymosi prielaidos ir s\u0105lygos, aptariamos \u012fvairios atminties treniravimo technikos, patariama, kaip geriausiai i\u0161sivaduoti nuo egzamin\u0173 baim\u0117s. Supa\u017eindinama su geriausiais \u0161iandieniniais mokymosi metodais, pavyzd\u017eiui, autohipnoz\u0117s, meditatyviniu, sugestopedijos. Su\u017einosite, kaip padidinti atminties talpum\u0105, sugeb\u0117jim\u0105 sutelkti d\u0117mes\u012f ir mokytis grei\u010diau. \u012esitikinsite, kad galite pasiekti toki\u0173 mokymosi rezultat\u0173, kuri\u0173 iki \u0161iol nesitik\u0117jote.\",\"breadcrumb\":{\"@id\":\"https:\/\/skaitytaknyga.lt\/produktas\/menas-mokytis-nepavargstant-2\/#breadcrumb\"},\"inLanguage\":\"en-GB\",\"potentialAction\":[{\"@type\":\"ReadAction\",\"target\":[\"https:\/\/skaitytaknyga.lt\/produktas\/menas-mokytis-nepavargstant-2\/\"]}]},{\"@type\":\"ImageObject\",\"inLanguage\":\"en-GB\",\"@id\":\"https:\/\/skaitytaknyga.lt\/produktas\/menas-mokytis-nepavargstant-2\/#primaryimage\",\"url\":\"https:\/\/skaitytaknyga.lt\/wp-content\/uploads\/2024\/04\/194849-kurt-tepperwein-menas-mokytis-nepavargstant-1-e1607691521951.jpg\",\"contentUrl\":\"https:\/\/skaitytaknyga.lt\/wp-content\/uploads\/2024\/04\/194849-kurt-tepperwein-menas-mokytis-nepavargstant-1-e1607691521951.jpg\",\"width\":211,\"height\":320,\"caption\":\"194849 kurt tepperwein menas mokytis nepavargstant 1 e1607691521951\"},{\"@type\":\"BreadcrumbList\",\"@id\":\"https:\/\/skaitytaknyga.lt\/produktas\/menas-mokytis-nepavargstant-2\/#breadcrumb\",\"itemListElement\":[{\"@type\":\"ListItem\",\"position\":1,\"name\":\"Home\",\"item\":\"https:\/\/skaitytaknyga.lt\/\"},{\"@type\":\"ListItem\",\"position\":2,\"name\":\"Parduotuv\u0117\",\"item\":\"https:\/\/skaitytaknyga.lt\/knygu-parduotuve\/\"},{\"@type\":\"ListItem\",\"position\":3,\"name\":\"Menas mokytis nepavargstant\"}]},{\"@type\":\"WebSite\",\"@id\":\"https:\/\/skaitytaknyga.lt\/#website\",\"url\":\"https:\/\/skaitytaknyga.lt\/\",\"name\":\"skaitytaknyga.lt\",\"description\":\"Skaitytaknyga.lt \u2013 tai ma\u017eas \u0161eimos verslas, kuris prasid\u0117jo nuo meil\u0117s knygoms ir siekio i\u0161gelb\u0117ti knygas nuo likimo prie konteinerio. Kas vienam nereikalingas daiktas \u2013 kitam lobis, o mes esame tarpininkai, kurie padeda abiems tapti laimingesniems ???? \u017dinome kaip nelengva i\u0161gyventi ma\u017eiems verslams, tad nuo \u0161iol, \u010dia rasite ir kit\u0173, ma\u017e\u0173 \u0161eim\u0173 versl\u0173, rank\u0173 darbo, dovan\u0173 sau ir artimiesiems.\",\"publisher\":{\"@id\":\"https:\/\/skaitytaknyga.lt\/#organization\"},\"potentialAction\":[{\"@type\":\"SearchAction\",\"target\":{\"@type\":\"EntryPoint\",\"urlTemplate\":\"https:\/\/skaitytaknyga.lt\/?s={search_term_string}\"},\"query-input\":{\"@type\":\"PropertyValueSpecification\",\"valueRequired\":true,\"valueName\":\"search_term_string\"}}],\"inLanguage\":\"en-GB\"},{\"@type\":\"Organization\",\"@id\":\"https:\/\/skaitytaknyga.lt\/#organization\",\"name\":\"skaitytaknyga.lt\",\"url\":\"https:\/\/skaitytaknyga.lt\/\",\"logo\":{\"@type\":\"ImageObject\",\"inLanguage\":\"en-GB\",\"@id\":\"https:\/\/skaitytaknyga.lt\/#\/schema\/logo\/image\/\",\"url\":\"https:\/\/skaitytaknyga.lt\/wp-content\/uploads\/2024\/05\/cropped-cropped-cropped-02_00843_jt3bggkj1j3HLc7SyY6rEUpg.jpeg\",\"contentUrl\":\"https:\/\/skaitytaknyga.lt\/wp-content\/uploads\/2024\/05\/cropped-cropped-cropped-02_00843_jt3bggkj1j3HLc7SyY6rEUpg.jpeg\",\"width\":1600,\"height\":1600,\"caption\":\"skaitytaknyga.lt\"},\"image\":{\"@id\":\"https:\/\/skaitytaknyga.lt\/#\/schema\/logo\/image\/\"},\"sameAs\":[\"https:\/\/www.facebook.com\/skaitytaknyga\/\"]}]}<\/script>\n<!-- \/ Yoast SEO plugin. -->","yoast_head_json":{"title":"Menas mokytis nepavargstant","description":"\u0160ioje knygoje si\u016bloma naujausi\u0173 mokymosi metod\u0173 ap\u017evalga. Prof. Kurtas Tepperweinas, remdamasis nauj\u0173 mokymo metod\u0173 taikymo patyrimu, pateikia i\u0161sami\u0105 ir nauding\u0105 informacij\u0105 vis\u0173 am\u017eiaus grupi\u0173 ir profesij\u0173 \u017emon\u0117ms, besidomintiems \u0161ia tema. Veikale atskleid\u017eiami \u012fvair\u016bs faktoriai, nuo kuri\u0173 priklauso mokymosi pa\u017eanga. Skaitytojas su\u017eino, kaip funkcionuoja atmintis ir koki\u0105 reik\u0161m\u0119 s\u0117kmingam mokymuisi turi motyvacija bei susikaupimas. Be to, nurodomos palankiausios mokymosi prielaidos ir s\u0105lygos, aptariamos \u012fvairios atminties treniravimo technikos, patariama, kaip geriausiai i\u0161sivaduoti nuo egzamin\u0173 baim\u0117s. Supa\u017eindinama su geriausiais \u0161iandieniniais mokymosi metodais, pavyzd\u017eiui, autohipnoz\u0117s, meditatyviniu, sugestopedijos. Su\u017einosite, kaip padidinti atminties talpum\u0105, sugeb\u0117jim\u0105 sutelkti d\u0117mes\u012f ir mokytis grei\u010diau. \u012esitikinsite, kad galite pasiekti toki\u0173 mokymosi rezultat\u0173, kuri\u0173 iki \u0161iol nesitik\u0117jote.","robots":{"index":"index","follow":"follow","max-snippet":"max-snippet:-1","max-image-preview":"max-image-preview:large","max-video-preview":"max-video-preview:-1"},"canonical":"https:\/\/skaitytaknyga.lt\/en\/produktas\/menas-mokytis-nepavargstant-2\/","og_locale":"en_GB","og_type":"article","og_title":"[:lt]Menas mokytis nepavargstant[:] - Skaitytaknyga","og_description":"\u0160ioje knygoje si\u016bloma naujausi\u0173 mokymosi metod\u0173 ap\u017evalga. Prof. Kurtas Tepperweinas, remdamasis nauj\u0173 mokymo metod\u0173 taikymo patyrimu, pateikia i\u0161sami\u0105 ir nauding\u0105 informacij\u0105 vis\u0173 am\u017eiaus grupi\u0173 ir profesij\u0173 \u017emon\u0117ms, besidomintiems \u0161ia tema. Veikale atskleid\u017eiami \u012fvair\u016bs faktoriai, nuo kuri\u0173 priklauso mokymosi pa\u017eanga. Skaitytojas su\u017eino, kaip funkcionuoja atmintis ir koki\u0105 reik\u0161m\u0119 s\u0117kmingam mokymuisi turi motyvacija bei susikaupimas. Be to, nurodomos palankiausios mokymosi prielaidos ir s\u0105lygos, aptariamos \u012fvairios atminties treniravimo technikos, patariama, kaip geriausiai i\u0161sivaduoti nuo egzamin\u0173 baim\u0117s. Supa\u017eindinama su geriausiais \u0161iandieniniais mokymosi metodais, pavyzd\u017eiui, autohipnoz\u0117s, meditatyviniu, sugestopedijos. Su\u017einosite, kaip padidinti atminties talpum\u0105, sugeb\u0117jim\u0105 sutelkti d\u0117mes\u012f ir mokytis grei\u010diau. \u012esitikinsite, kad galite pasiekti toki\u0173 mokymosi rezultat\u0173, kuri\u0173 iki \u0161iol nesitik\u0117jote.","og_url":"https:\/\/skaitytaknyga.lt\/en\/produktas\/menas-mokytis-nepavargstant-2\/","og_site_name":"Skaitytaknyga","article_publisher":"https:\/\/www.facebook.com\/skaitytaknyga\/","article_modified_time":"2025-11-23T11:32:34+00:00","og_image":[{"width":211,"height":320,"url":"https:\/\/skaitytaknyga.lt\/wp-content\/uploads\/2024\/04\/194849-kurt-tepperwein-menas-mokytis-nepavargstant-1-e1607691521951.jpg","type":"image\/jpeg"}],"twitter_card":"summary_large_image","twitter_misc":{"Estimated reading time":"1 minute"},"schema":{"@context":"https:\/\/schema.org","@graph":[{"@type":"WebPage","@id":"https:\/\/skaitytaknyga.lt\/produktas\/menas-mokytis-nepavargstant-2\/","url":"https:\/\/skaitytaknyga.lt\/produktas\/menas-mokytis-nepavargstant-2\/","name":"Menas mokytis nepavargstant","isPartOf":{"@id":"https:\/\/skaitytaknyga.lt\/#website"},"primaryImageOfPage":{"@id":"https:\/\/skaitytaknyga.lt\/produktas\/menas-mokytis-nepavargstant-2\/#primaryimage"},"image":{"@id":"https:\/\/skaitytaknyga.lt\/produktas\/menas-mokytis-nepavargstant-2\/#primaryimage"},"thumbnailUrl":"https:\/\/skaitytaknyga.lt\/wp-content\/uploads\/2024\/04\/194849-kurt-tepperwein-menas-mokytis-nepavargstant-1-e1607691521951.jpg","datePublished":"2024-05-04T14:35:38+00:00","dateModified":"2025-11-23T11:32:34+00:00","description":"\u0160ioje knygoje si\u016bloma naujausi\u0173 mokymosi metod\u0173 ap\u017evalga. Prof. Kurtas Tepperweinas, remdamasis nauj\u0173 mokymo metod\u0173 taikymo patyrimu, pateikia i\u0161sami\u0105 ir nauding\u0105 informacij\u0105 vis\u0173 am\u017eiaus grupi\u0173 ir profesij\u0173 \u017emon\u0117ms, besidomintiems \u0161ia tema. Veikale atskleid\u017eiami \u012fvair\u016bs faktoriai, nuo kuri\u0173 priklauso mokymosi pa\u017eanga. Skaitytojas su\u017eino, kaip funkcionuoja atmintis ir koki\u0105 reik\u0161m\u0119 s\u0117kmingam mokymuisi turi motyvacija bei susikaupimas. Be to, nurodomos palankiausios mokymosi prielaidos ir s\u0105lygos, aptariamos \u012fvairios atminties treniravimo technikos, patariama, kaip geriausiai i\u0161sivaduoti nuo egzamin\u0173 baim\u0117s. Supa\u017eindinama su geriausiais \u0161iandieniniais mokymosi metodais, pavyzd\u017eiui, autohipnoz\u0117s, meditatyviniu, sugestopedijos. Su\u017einosite, kaip padidinti atminties talpum\u0105, sugeb\u0117jim\u0105 sutelkti d\u0117mes\u012f ir mokytis grei\u010diau. \u012esitikinsite, kad galite pasiekti toki\u0173 mokymosi rezultat\u0173, kuri\u0173 iki \u0161iol nesitik\u0117jote.","breadcrumb":{"@id":"https:\/\/skaitytaknyga.lt\/produktas\/menas-mokytis-nepavargstant-2\/#breadcrumb"},"inLanguage":"en-GB","potentialAction":[{"@type":"ReadAction","target":["https:\/\/skaitytaknyga.lt\/produktas\/menas-mokytis-nepavargstant-2\/"]}]},{"@type":"ImageObject","inLanguage":"en-GB","@id":"https:\/\/skaitytaknyga.lt\/produktas\/menas-mokytis-nepavargstant-2\/#primaryimage","url":"https:\/\/skaitytaknyga.lt\/wp-content\/uploads\/2024\/04\/194849-kurt-tepperwein-menas-mokytis-nepavargstant-1-e1607691521951.jpg","contentUrl":"https:\/\/skaitytaknyga.lt\/wp-content\/uploads\/2024\/04\/194849-kurt-tepperwein-menas-mokytis-nepavargstant-1-e1607691521951.jpg","width":211,"height":320,"caption":"194849 kurt tepperwein menas mokytis nepavargstant 1 e1607691521951"},{"@type":"BreadcrumbList","@id":"https:\/\/skaitytaknyga.lt\/produktas\/menas-mokytis-nepavargstant-2\/#breadcrumb","itemListElement":[{"@type":"ListItem","position":1,"name":"Home","item":"https:\/\/skaitytaknyga.lt\/"},{"@type":"ListItem","position":2,"name":"Parduotuv\u0117","item":"https:\/\/skaitytaknyga.lt\/knygu-parduotuve\/"},{"@type":"ListItem","position":3,"name":"Menas mokytis nepavargstant"}]},{"@type":"WebSite","@id":"https:\/\/skaitytaknyga.lt\/#website","url":"https:\/\/skaitytaknyga.lt\/","name":"skaitytaknyga.lt","description":"Skaitytaknyga.lt \u2013 tai ma\u017eas \u0161eimos verslas, kuris prasid\u0117jo nuo meil\u0117s knygoms ir siekio i\u0161gelb\u0117ti knygas nuo likimo prie konteinerio. Kas vienam nereikalingas daiktas \u2013 kitam lobis, o mes esame tarpininkai, kurie padeda abiems tapti laimingesniems ???? \u017dinome kaip nelengva i\u0161gyventi ma\u017eiems verslams, tad nuo \u0161iol, \u010dia rasite ir kit\u0173, ma\u017e\u0173 \u0161eim\u0173 versl\u0173, rank\u0173 darbo, dovan\u0173 sau ir artimiesiems.","publisher":{"@id":"https:\/\/skaitytaknyga.lt\/#organization"},"potentialAction":[{"@type":"SearchAction","target":{"@type":"EntryPoint","urlTemplate":"https:\/\/skaitytaknyga.lt\/?s={search_term_string}"},"query-input":{"@type":"PropertyValueSpecification","valueRequired":true,"valueName":"search_term_string"}}],"inLanguage":"en-GB"},{"@type":"Organization","@id":"https:\/\/skaitytaknyga.lt\/#organization","name":"skaitytaknyga.lt","url":"https:\/\/skaitytaknyga.lt\/","logo":{"@type":"ImageObject","inLanguage":"en-GB","@id":"https:\/\/skaitytaknyga.lt\/#\/schema\/logo\/image\/","url":"https:\/\/skaitytaknyga.lt\/wp-content\/uploads\/2024\/05\/cropped-cropped-cropped-02_00843_jt3bggkj1j3HLc7SyY6rEUpg.jpeg","contentUrl":"https:\/\/skaitytaknyga.lt\/wp-content\/uploads\/2024\/05\/cropped-cropped-cropped-02_00843_jt3bggkj1j3HLc7SyY6rEUpg.jpeg","width":1600,"height":1600,"caption":"skaitytaknyga.lt"},"image":{"@id":"https:\/\/skaitytaknyga.lt\/#\/schema\/logo\/image\/"},"sameAs":["https:\/\/www.facebook.com\/skaitytaknyga\/"]}]}},"_links":{"self":[{"href":"https:\/\/skaitytaknyga.lt\/en\/wp-json\/wp\/v2\/product\/7818","targetHints":{"allow":["GET"]}}],"collection":[{"href":"https:\/\/skaitytaknyga.lt\/en\/wp-json\/wp\/v2\/product"}],"about":[{"href":"https:\/\/skaitytaknyga.lt\/en\/wp-json\/wp\/v2\/types\/product"}],"replies":[{"embeddable":true,"href":"https:\/\/skaitytaknyga.lt\/en\/wp-json\/wp\/v2\/comments?post=7818"}],"wp:featuredmedia":[{"embeddable":true,"href":"https:\/\/skaitytaknyga.lt\/en\/wp-json\/wp\/v2\/media\/3335"}],"wp:attachment":[{"href":"https:\/\/skaitytaknyga.lt\/en\/wp-json\/wp\/v2\/media?parent=7818"}],"wp:term":[{"taxonomy":"product_brand","embeddable":true,"href":"https:\/\/skaitytaknyga.lt\/en\/wp-json\/wp\/v2\/product_brand?post=7818"},{"taxonomy":"product_cat","embeddable":true,"href":"https:\/\/skaitytaknyga.lt\/en\/wp-json\/wp\/v2\/product_cat?post=7818"},{"taxonomy":"product_tag","embeddable":true,"href":"https:\/\/skaitytaknyga.lt\/en\/wp-json\/wp\/v2\/product_tag?post=7818"}],"curies":[{"name":"wp","href":"https:\/\/api.w.org\/{rel}","templated":true}]}}