{"id":7785,"date":"2024-05-04T14:35:15","date_gmt":"2024-05-04T14:35:15","guid":{"rendered":"https:\/\/skaitytaknyga.lt\/?post_type=product&#038;p=7785"},"modified":"2024-05-04T14:35:24","modified_gmt":"2024-05-04T14:35:24","slug":"500-sriubu-subraizytas-virselis-2","status":"publish","type":"product","link":"https:\/\/skaitytaknyga.lt\/en\/produktas\/500-sriubu-subraizytas-virselis-2\/","title":{"rendered":"500 sriub\u0173 (subrai\u017eytas vir\u0161elis)"},"content":{"rendered":"<p>\u0160iame rinkinyje pateikta 500 gard\u017ei\u0173, nesud\u0117ting\u0173 ir lengvai pagaminam\u0173 sriub\u0173 recept\u0173. Kiekviename puslapyje rasite id\u0117j\u0173 ir nauding\u0173 patarim\u0173 kiekvienos r\u016b\u0161ies skaidriai, tir\u0161tai, trintai sriubai ir sultiniui pagaminti. Jei ruo\u0161iate \u012fprastus savaitgalio pietus, \u012fmantr\u0173 pirm\u0105j\u012f patiekal\u0105, \u017eiem\u0105 \u0161ildant\u012f, o vasar\u0105 atv\u0117sinant\u012f maist\u0105, \u2013 \u010dia rasite visoms progoms tinkamus receptus.<\/p>\n<p>\u012e\u017eangin\u0117je dalyje aptariami pagrindiniai dalykai: maisto gaminimo \u012frankiai, sud\u0117tin\u0117s j\u0173 dalys, j\u0173 derinimo ir maisto gamybos metodai.<\/p>\n<p>\u0160iame gausiai iliustruotame leidinyje rasite ir \u0161iuolaiki\u0161kas klasikini\u0173 recept\u0173, toki\u0173, kaip vietnamieti\u0161kos jautienos sriubos ir itali\u0161kos dar\u017eovien\u0117s, interpretacijos.<\/p>\n<p>J\u016bs\u0173 pasirinkimui \u2013 v\u0117si\u0173 ir gaivi\u0173, tir\u0161t\u0173 ir \u0161velni\u0173, sveik\u0173 ir maisting\u0173, \u012fmantri\u0173 ir vos per 20 minu\u010di\u0173 pagaminam\u0173 sriub\u0173 receptai.<\/p>\n","protected":false},"excerpt":{"rendered":"<p>\u0160iame rinkinyje pateikta 500 gard\u017ei\u0173, nesud\u0117ting\u0173 ir lengvai pagaminam\u0173 sriub\u0173 recept\u0173. Kiekviename puslapyje rasite id\u0117j\u0173 ir nauding\u0173 patarim\u0173 kiekvienos r\u016b\u0161ies skaidriai, tir\u0161tai, trintai sriubai ir sultiniui pagaminti. Jei ruo\u0161iate \u012fprastus savaitgalio pietus, \u012fmantr\u0173 pirm\u0105j\u012f patiekal\u0105, \u017eiem\u0105 \u0161ildant\u012f, o vasar\u0105 atv\u0117sinant\u012f maist\u0105, \u2013 \u010dia rasite visoms progoms tinkamus receptus.<\/p>\n<p>\u012e\u017eangin\u0117je dalyje aptariami pagrindiniai dalykai: maisto gaminimo \u012frankiai, sud\u0117tin\u0117s j\u0173 dalys, j\u0173 derinimo ir maisto gamybos metodai.<\/p>\n<p>\u0160iame gausiai iliustruotame leidinyje rasite ir \u0161iuolaiki\u0161kas klasikini\u0173 recept\u0173, toki\u0173, kaip vietnamieti\u0161kos jautienos sriubos ir itali\u0161kos dar\u017eovien\u0117s, interpretacijos.<\/p>\n<p>J\u016bs\u0173 pasirinkimui \u2013 v\u0117si\u0173 ir gaivi\u0173, tir\u0161t\u0173 ir \u0161velni\u0173, sveik\u0173 ir maisting\u0173, \u012fmantri\u0173 ir vos per 20 minu\u010di\u0173 pagaminam\u0173 sriub\u0173 receptai.<\/p>\n","protected":false},"featured_media":3257,"comment_status":"closed","ping_status":"closed","template":"","meta":{"_acf_changed":false,"site-sidebar-layout":"default","site-content-layout":"","ast-site-content-layout":"default","site-content-style":"default","site-sidebar-style":"default","ast-global-header-display":"","ast-banner-title-visibility":"","ast-main-header-display":"","ast-hfb-above-header-display":"","ast-hfb-below-header-display":"","ast-hfb-mobile-header-display":"","site-post-title":"","ast-breadcrumbs-content":"","ast-featured-img":"","footer-sml-layout":"","ast-disable-related-posts":"","theme-transparent-header-meta":"","adv-header-id-meta":"","stick-header-meta":"","header-above-stick-meta":"","header-main-stick-meta":"","header-below-stick-meta":"","astra-migrate-meta-layouts":"default","ast-page-background-enabled":"default","ast-page-background-meta":{"desktop":{"background-color":"","background-image":"","background-repeat":"repeat","background-position":"center center","background-size":"auto","background-attachment":"scroll","background-type":"","background-media":"","overlay-type":"","overlay-color":"","overlay-opacity":"","overlay-gradient":""},"tablet":{"background-color":"","background-image":"","background-repeat":"repeat","background-position":"center center","background-size":"auto","background-attachment":"scroll","background-type":"","background-media":"","overlay-type":"","overlay-color":"","overlay-opacity":"","overlay-gradient":""},"mobile":{"background-color":"","background-image":"","background-repeat":"repeat","background-position":"center center","background-size":"auto","background-attachment":"scroll","background-type":"","background-media":"","overlay-type":"","overlay-color":"","overlay-opacity":"","overlay-gradient":""}},"ast-content-background-meta":{"desktop":{"background-color":"var(--ast-global-color-4)","background-image":"","background-repeat":"repeat","background-position":"center center","background-size":"auto","background-attachment":"scroll","background-type":"","background-media":"","overlay-type":"","overlay-color":"","overlay-opacity":"","overlay-gradient":""},"tablet":{"background-color":"var(--ast-global-color-4)","background-image":"","background-repeat":"repeat","background-position":"center center","background-size":"auto","background-attachment":"scroll","background-type":"","background-media":"","overlay-type":"","overlay-color":"","overlay-opacity":"","overlay-gradient":""},"mobile":{"background-color":"var(--ast-global-color-4)","background-image":"","background-repeat":"repeat","background-position":"center center","background-size":"auto","background-attachment":"scroll","background-type":"","background-media":"","overlay-type":"","overlay-color":"","overlay-opacity":"","overlay-gradient":""}}},"product_brand":[],"product_cat":[58],"product_tag":[],"class_list":{"0":"post-7785","1":"product","2":"type-product","3":"status-publish","4":"has-post-thumbnail","6":"product_cat-receptai","7":"desktop-align-left","8":"tablet-align-left","9":"mobile-align-left","11":"first","12":"outofstock","13":"shipping-taxable","14":"purchasable","15":"product-type-simple"},"acf":[],"yoast_head":"<!-- This site is optimized with the Yoast SEO plugin v27.4 - https:\/\/yoast.com\/product\/yoast-seo-wordpress\/ -->\n<title>500 sriub\u0173 (subrai\u017eytas vir\u0161elis) - Skaitytaknyga<\/title>\n<meta name=\"description\" content=\"\u0160iame rinkinyje pateikta 500 gard\u017ei\u0173, nesud\u0117ting\u0173 ir lengvai pagaminam\u0173 sriub\u0173 recept\u0173. Kiekviename puslapyje rasite id\u0117j\u0173 ir nauding\u0173 patarim\u0173 kiekvienos r\u016b\u0161ies skaidriai, tir\u0161tai, trintai sriubai ir sultiniui pagaminti. Jei ruo\u0161iate \u012fprastus savaitgalio pietus, \u012fmantr\u0173 pirm\u0105j\u012f patiekal\u0105, \u017eiem\u0105 \u0161ildant\u012f, o vasar\u0105 atv\u0117sinant\u012f maist\u0105, \u2013 \u010dia rasite visoms progoms tinkamus receptus.  \u012e\u017eangin\u0117je dalyje aptariami pagrindiniai dalykai: maisto gaminimo \u012frankiai, sud\u0117tin\u0117s j\u0173 dalys, j\u0173 derinimo ir maisto gamybos metodai.  \u0160iame gausiai iliustruotame leidinyje rasite ir \u0161iuolaiki\u0161kas klasikini\u0173 recept\u0173, toki\u0173, kaip vietnamieti\u0161kos jautienos sriubos ir itali\u0161kos dar\u017eovien\u0117s, interpretacijos.  J\u016bs\u0173 pasirinkimui \u2013 v\u0117si\u0173 ir gaivi\u0173, tir\u0161t\u0173 ir \u0161velni\u0173, sveik\u0173 ir maisting\u0173, \u012fmantri\u0173 ir vos per 20 minu\u010di\u0173 pagaminam\u0173 sriub\u0173 receptai.\" \/>\n<meta name=\"robots\" content=\"index, follow, max-snippet:-1, max-image-preview:large, max-video-preview:-1\" \/>\n<link rel=\"canonical\" href=\"https:\/\/skaitytaknyga.lt\/en\/produktas\/500-sriubu-subraizytas-virselis-2\/\" \/>\n<meta property=\"og:locale\" content=\"en_GB\" \/>\n<meta property=\"og:locale:alternate\" content=\"lt_LT\" \/>\n<meta property=\"og:type\" content=\"article\" \/>\n<meta property=\"og:title\" content=\"500 sriub\u0173 (subrai\u017eytas vir\u0161elis) - Skaitytaknyga\" \/>\n<meta property=\"og:description\" content=\"\u0160iame rinkinyje pateikta 500 gard\u017ei\u0173, nesud\u0117ting\u0173 ir lengvai pagaminam\u0173 sriub\u0173 recept\u0173. Kiekviename puslapyje rasite id\u0117j\u0173 ir nauding\u0173 patarim\u0173 kiekvienos r\u016b\u0161ies skaidriai, tir\u0161tai, trintai sriubai ir sultiniui pagaminti. Jei ruo\u0161iate \u012fprastus savaitgalio pietus, \u012fmantr\u0173 pirm\u0105j\u012f patiekal\u0105, \u017eiem\u0105 \u0161ildant\u012f, o vasar\u0105 atv\u0117sinant\u012f maist\u0105, \u2013 \u010dia rasite visoms progoms tinkamus receptus.  \u012e\u017eangin\u0117je dalyje aptariami pagrindiniai dalykai: maisto gaminimo \u012frankiai, sud\u0117tin\u0117s j\u0173 dalys, j\u0173 derinimo ir maisto gamybos metodai.  \u0160iame gausiai iliustruotame leidinyje rasite ir \u0161iuolaiki\u0161kas klasikini\u0173 recept\u0173, toki\u0173, kaip vietnamieti\u0161kos jautienos sriubos ir itali\u0161kos dar\u017eovien\u0117s, interpretacijos.  J\u016bs\u0173 pasirinkimui \u2013 v\u0117si\u0173 ir gaivi\u0173, tir\u0161t\u0173 ir \u0161velni\u0173, sveik\u0173 ir maisting\u0173, \u012fmantri\u0173 ir vos per 20 minu\u010di\u0173 pagaminam\u0173 sriub\u0173 receptai.\" \/>\n<meta property=\"og:url\" content=\"https:\/\/skaitytaknyga.lt\/en\/produktas\/500-sriubu-subraizytas-virselis-2\/\" \/>\n<meta property=\"og:site_name\" content=\"Skaitytaknyga\" \/>\n<meta property=\"article:publisher\" content=\"https:\/\/www.facebook.com\/skaitytaknyga\/\" \/>\n<meta property=\"article:modified_time\" content=\"2024-05-04T14:35:24+00:00\" \/>\n<meta property=\"og:image\" content=\"https:\/\/skaitytaknyga.lt\/wp-content\/uploads\/2024\/04\/1462873252_500sriubu.jpg\" \/>\n\t<meta property=\"og:image:width\" content=\"320\" \/>\n\t<meta property=\"og:image:height\" content=\"326\" \/>\n\t<meta property=\"og:image:type\" content=\"image\/jpeg\" \/>\n<meta name=\"twitter:card\" content=\"summary_large_image\" \/>\n<meta name=\"twitter:label1\" content=\"Estimated reading time\" \/>\n\t<meta name=\"twitter:data1\" content=\"1 minute\" \/>\n<script type=\"application\/ld+json\" class=\"yoast-schema-graph\">{\"@context\":\"https:\\\/\\\/schema.org\",\"@graph\":[{\"@type\":\"WebPage\",\"@id\":\"https:\\\/\\\/skaitytaknyga.lt\\\/produktas\\\/500-sriubu-subraizytas-virselis-2\\\/\",\"url\":\"https:\\\/\\\/skaitytaknyga.lt\\\/produktas\\\/500-sriubu-subraizytas-virselis-2\\\/\",\"name\":\"500 sriub\u0173 (subrai\u017eytas vir\u0161elis) - Skaitytaknyga\",\"isPartOf\":{\"@id\":\"https:\\\/\\\/skaitytaknyga.lt\\\/#website\"},\"primaryImageOfPage\":{\"@id\":\"https:\\\/\\\/skaitytaknyga.lt\\\/produktas\\\/500-sriubu-subraizytas-virselis-2\\\/#primaryimage\"},\"image\":{\"@id\":\"https:\\\/\\\/skaitytaknyga.lt\\\/produktas\\\/500-sriubu-subraizytas-virselis-2\\\/#primaryimage\"},\"thumbnailUrl\":\"https:\\\/\\\/skaitytaknyga.lt\\\/wp-content\\\/uploads\\\/2024\\\/04\\\/1462873252_500sriubu.jpg\",\"datePublished\":\"2024-05-04T14:35:15+00:00\",\"dateModified\":\"2024-05-04T14:35:24+00:00\",\"description\":\"\u0160iame rinkinyje pateikta 500 gard\u017ei\u0173, nesud\u0117ting\u0173 ir lengvai pagaminam\u0173 sriub\u0173 recept\u0173. Kiekviename puslapyje rasite id\u0117j\u0173 ir nauding\u0173 patarim\u0173 kiekvienos r\u016b\u0161ies skaidriai, tir\u0161tai, trintai sriubai ir sultiniui pagaminti. Jei ruo\u0161iate \u012fprastus savaitgalio pietus, \u012fmantr\u0173 pirm\u0105j\u012f patiekal\u0105, \u017eiem\u0105 \u0161ildant\u012f, o vasar\u0105 atv\u0117sinant\u012f maist\u0105, \u2013 \u010dia rasite visoms progoms tinkamus receptus. \u012e\u017eangin\u0117je dalyje aptariami pagrindiniai dalykai: maisto gaminimo \u012frankiai, sud\u0117tin\u0117s j\u0173 dalys, j\u0173 derinimo ir maisto gamybos metodai. \u0160iame gausiai iliustruotame leidinyje rasite ir \u0161iuolaiki\u0161kas klasikini\u0173 recept\u0173, toki\u0173, kaip vietnamieti\u0161kos jautienos sriubos ir itali\u0161kos dar\u017eovien\u0117s, interpretacijos. J\u016bs\u0173 pasirinkimui \u2013 v\u0117si\u0173 ir gaivi\u0173, tir\u0161t\u0173 ir \u0161velni\u0173, sveik\u0173 ir maisting\u0173, \u012fmantri\u0173 ir vos per 20 minu\u010di\u0173 pagaminam\u0173 sriub\u0173 receptai.\",\"breadcrumb\":{\"@id\":\"https:\\\/\\\/skaitytaknyga.lt\\\/produktas\\\/500-sriubu-subraizytas-virselis-2\\\/#breadcrumb\"},\"inLanguage\":\"en-GB\",\"potentialAction\":[{\"@type\":\"ReadAction\",\"target\":[\"https:\\\/\\\/skaitytaknyga.lt\\\/produktas\\\/500-sriubu-subraizytas-virselis-2\\\/\"]}]},{\"@type\":\"ImageObject\",\"inLanguage\":\"en-GB\",\"@id\":\"https:\\\/\\\/skaitytaknyga.lt\\\/produktas\\\/500-sriubu-subraizytas-virselis-2\\\/#primaryimage\",\"url\":\"https:\\\/\\\/skaitytaknyga.lt\\\/wp-content\\\/uploads\\\/2024\\\/04\\\/1462873252_500sriubu.jpg\",\"contentUrl\":\"https:\\\/\\\/skaitytaknyga.lt\\\/wp-content\\\/uploads\\\/2024\\\/04\\\/1462873252_500sriubu.jpg\",\"width\":320,\"height\":326,\"caption\":\"1462873252 500sriubu\"},{\"@type\":\"BreadcrumbList\",\"@id\":\"https:\\\/\\\/skaitytaknyga.lt\\\/produktas\\\/500-sriubu-subraizytas-virselis-2\\\/#breadcrumb\",\"itemListElement\":[{\"@type\":\"ListItem\",\"position\":1,\"name\":\"Home\",\"item\":\"https:\\\/\\\/skaitytaknyga.lt\\\/\"},{\"@type\":\"ListItem\",\"position\":2,\"name\":\"Parduotuv\u0117\",\"item\":\"https:\\\/\\\/skaitytaknyga.lt\\\/knygu-parduotuve\\\/\"},{\"@type\":\"ListItem\",\"position\":3,\"name\":\"500 sriub\u0173 (subrai\u017eytas vir\u0161elis)\"}]},{\"@type\":\"WebSite\",\"@id\":\"https:\\\/\\\/skaitytaknyga.lt\\\/#website\",\"url\":\"https:\\\/\\\/skaitytaknyga.lt\\\/\",\"name\":\"skaitytaknyga.lt\",\"description\":\"Skaitytaknyga.lt \u2013 tai ma\u017eas \u0161eimos verslas, kuris prasid\u0117jo nuo meil\u0117s knygoms ir siekio i\u0161gelb\u0117ti knygas nuo likimo prie konteinerio. Kas vienam nereikalingas daiktas \u2013 kitam lobis, o mes esame tarpininkai, kurie padeda abiems tapti laimingesniems ???? \u017dinome kaip nelengva i\u0161gyventi ma\u017eiems verslams, tad nuo \u0161iol, \u010dia rasite ir kit\u0173, ma\u017e\u0173 \u0161eim\u0173 versl\u0173, rank\u0173 darbo, dovan\u0173 sau ir artimiesiems.\",\"publisher\":{\"@id\":\"https:\\\/\\\/skaitytaknyga.lt\\\/#organization\"},\"potentialAction\":[{\"@type\":\"SearchAction\",\"target\":{\"@type\":\"EntryPoint\",\"urlTemplate\":\"https:\\\/\\\/skaitytaknyga.lt\\\/?s={search_term_string}\"},\"query-input\":{\"@type\":\"PropertyValueSpecification\",\"valueRequired\":true,\"valueName\":\"search_term_string\"}}],\"inLanguage\":\"en-GB\"},{\"@type\":\"Organization\",\"@id\":\"https:\\\/\\\/skaitytaknyga.lt\\\/#organization\",\"name\":\"skaitytaknyga.lt\",\"url\":\"https:\\\/\\\/skaitytaknyga.lt\\\/\",\"logo\":{\"@type\":\"ImageObject\",\"inLanguage\":\"en-GB\",\"@id\":\"https:\\\/\\\/skaitytaknyga.lt\\\/#\\\/schema\\\/logo\\\/image\\\/\",\"url\":\"https:\\\/\\\/skaitytaknyga.lt\\\/wp-content\\\/uploads\\\/2024\\\/05\\\/cropped-cropped-cropped-02_00843_jt3bggkj1j3HLc7SyY6rEUpg.jpeg\",\"contentUrl\":\"https:\\\/\\\/skaitytaknyga.lt\\\/wp-content\\\/uploads\\\/2024\\\/05\\\/cropped-cropped-cropped-02_00843_jt3bggkj1j3HLc7SyY6rEUpg.jpeg\",\"width\":1600,\"height\":1600,\"caption\":\"skaitytaknyga.lt\"},\"image\":{\"@id\":\"https:\\\/\\\/skaitytaknyga.lt\\\/#\\\/schema\\\/logo\\\/image\\\/\"},\"sameAs\":[\"https:\\\/\\\/www.facebook.com\\\/skaitytaknyga\\\/\"]}]}<\/script>\n<!-- \/ Yoast SEO plugin. -->","yoast_head_json":{"title":"500 sriub\u0173 (subrai\u017eytas vir\u0161elis) - Skaitytaknyga","description":"\u0160iame rinkinyje pateikta 500 gard\u017ei\u0173, nesud\u0117ting\u0173 ir lengvai pagaminam\u0173 sriub\u0173 recept\u0173. Kiekviename puslapyje rasite id\u0117j\u0173 ir nauding\u0173 patarim\u0173 kiekvienos r\u016b\u0161ies skaidriai, tir\u0161tai, trintai sriubai ir sultiniui pagaminti. Jei ruo\u0161iate \u012fprastus savaitgalio pietus, \u012fmantr\u0173 pirm\u0105j\u012f patiekal\u0105, \u017eiem\u0105 \u0161ildant\u012f, o vasar\u0105 atv\u0117sinant\u012f maist\u0105, \u2013 \u010dia rasite visoms progoms tinkamus receptus.  \u012e\u017eangin\u0117je dalyje aptariami pagrindiniai dalykai: maisto gaminimo \u012frankiai, sud\u0117tin\u0117s j\u0173 dalys, j\u0173 derinimo ir maisto gamybos metodai.  \u0160iame gausiai iliustruotame leidinyje rasite ir \u0161iuolaiki\u0161kas klasikini\u0173 recept\u0173, toki\u0173, kaip vietnamieti\u0161kos jautienos sriubos ir itali\u0161kos dar\u017eovien\u0117s, interpretacijos.  J\u016bs\u0173 pasirinkimui \u2013 v\u0117si\u0173 ir gaivi\u0173, tir\u0161t\u0173 ir \u0161velni\u0173, sveik\u0173 ir maisting\u0173, \u012fmantri\u0173 ir vos per 20 minu\u010di\u0173 pagaminam\u0173 sriub\u0173 receptai.","robots":{"index":"index","follow":"follow","max-snippet":"max-snippet:-1","max-image-preview":"max-image-preview:large","max-video-preview":"max-video-preview:-1"},"canonical":"https:\/\/skaitytaknyga.lt\/en\/produktas\/500-sriubu-subraizytas-virselis-2\/","og_locale":"en_GB","og_type":"article","og_title":"500 sriub\u0173 (subrai\u017eytas vir\u0161elis) - Skaitytaknyga","og_description":"\u0160iame rinkinyje pateikta 500 gard\u017ei\u0173, nesud\u0117ting\u0173 ir lengvai pagaminam\u0173 sriub\u0173 recept\u0173. Kiekviename puslapyje rasite id\u0117j\u0173 ir nauding\u0173 patarim\u0173 kiekvienos r\u016b\u0161ies skaidriai, tir\u0161tai, trintai sriubai ir sultiniui pagaminti. Jei ruo\u0161iate \u012fprastus savaitgalio pietus, \u012fmantr\u0173 pirm\u0105j\u012f patiekal\u0105, \u017eiem\u0105 \u0161ildant\u012f, o vasar\u0105 atv\u0117sinant\u012f maist\u0105, \u2013 \u010dia rasite visoms progoms tinkamus receptus.  \u012e\u017eangin\u0117je dalyje aptariami pagrindiniai dalykai: maisto gaminimo \u012frankiai, sud\u0117tin\u0117s j\u0173 dalys, j\u0173 derinimo ir maisto gamybos metodai.  \u0160iame gausiai iliustruotame leidinyje rasite ir \u0161iuolaiki\u0161kas klasikini\u0173 recept\u0173, toki\u0173, kaip vietnamieti\u0161kos jautienos sriubos ir itali\u0161kos dar\u017eovien\u0117s, interpretacijos.  J\u016bs\u0173 pasirinkimui \u2013 v\u0117si\u0173 ir gaivi\u0173, tir\u0161t\u0173 ir \u0161velni\u0173, sveik\u0173 ir maisting\u0173, \u012fmantri\u0173 ir vos per 20 minu\u010di\u0173 pagaminam\u0173 sriub\u0173 receptai.","og_url":"https:\/\/skaitytaknyga.lt\/en\/produktas\/500-sriubu-subraizytas-virselis-2\/","og_site_name":"Skaitytaknyga","article_publisher":"https:\/\/www.facebook.com\/skaitytaknyga\/","article_modified_time":"2024-05-04T14:35:24+00:00","og_image":[{"width":320,"height":326,"url":"https:\/\/skaitytaknyga.lt\/wp-content\/uploads\/2024\/04\/1462873252_500sriubu.jpg","type":"image\/jpeg"}],"twitter_card":"summary_large_image","twitter_misc":{"Estimated reading time":"1 minute"},"schema":{"@context":"https:\/\/schema.org","@graph":[{"@type":"WebPage","@id":"https:\/\/skaitytaknyga.lt\/produktas\/500-sriubu-subraizytas-virselis-2\/","url":"https:\/\/skaitytaknyga.lt\/produktas\/500-sriubu-subraizytas-virselis-2\/","name":"500 sriub\u0173 (subrai\u017eytas vir\u0161elis) - Skaitytaknyga","isPartOf":{"@id":"https:\/\/skaitytaknyga.lt\/#website"},"primaryImageOfPage":{"@id":"https:\/\/skaitytaknyga.lt\/produktas\/500-sriubu-subraizytas-virselis-2\/#primaryimage"},"image":{"@id":"https:\/\/skaitytaknyga.lt\/produktas\/500-sriubu-subraizytas-virselis-2\/#primaryimage"},"thumbnailUrl":"https:\/\/skaitytaknyga.lt\/wp-content\/uploads\/2024\/04\/1462873252_500sriubu.jpg","datePublished":"2024-05-04T14:35:15+00:00","dateModified":"2024-05-04T14:35:24+00:00","description":"\u0160iame rinkinyje pateikta 500 gard\u017ei\u0173, nesud\u0117ting\u0173 ir lengvai pagaminam\u0173 sriub\u0173 recept\u0173. Kiekviename puslapyje rasite id\u0117j\u0173 ir nauding\u0173 patarim\u0173 kiekvienos r\u016b\u0161ies skaidriai, tir\u0161tai, trintai sriubai ir sultiniui pagaminti. Jei ruo\u0161iate \u012fprastus savaitgalio pietus, \u012fmantr\u0173 pirm\u0105j\u012f patiekal\u0105, \u017eiem\u0105 \u0161ildant\u012f, o vasar\u0105 atv\u0117sinant\u012f maist\u0105, \u2013 \u010dia rasite visoms progoms tinkamus receptus. \u012e\u017eangin\u0117je dalyje aptariami pagrindiniai dalykai: maisto gaminimo \u012frankiai, sud\u0117tin\u0117s j\u0173 dalys, j\u0173 derinimo ir maisto gamybos metodai. \u0160iame gausiai iliustruotame leidinyje rasite ir \u0161iuolaiki\u0161kas klasikini\u0173 recept\u0173, toki\u0173, kaip vietnamieti\u0161kos jautienos sriubos ir itali\u0161kos dar\u017eovien\u0117s, interpretacijos. J\u016bs\u0173 pasirinkimui \u2013 v\u0117si\u0173 ir gaivi\u0173, tir\u0161t\u0173 ir \u0161velni\u0173, sveik\u0173 ir maisting\u0173, \u012fmantri\u0173 ir vos per 20 minu\u010di\u0173 pagaminam\u0173 sriub\u0173 receptai.","breadcrumb":{"@id":"https:\/\/skaitytaknyga.lt\/produktas\/500-sriubu-subraizytas-virselis-2\/#breadcrumb"},"inLanguage":"en-GB","potentialAction":[{"@type":"ReadAction","target":["https:\/\/skaitytaknyga.lt\/produktas\/500-sriubu-subraizytas-virselis-2\/"]}]},{"@type":"ImageObject","inLanguage":"en-GB","@id":"https:\/\/skaitytaknyga.lt\/produktas\/500-sriubu-subraizytas-virselis-2\/#primaryimage","url":"https:\/\/skaitytaknyga.lt\/wp-content\/uploads\/2024\/04\/1462873252_500sriubu.jpg","contentUrl":"https:\/\/skaitytaknyga.lt\/wp-content\/uploads\/2024\/04\/1462873252_500sriubu.jpg","width":320,"height":326,"caption":"1462873252 500sriubu"},{"@type":"BreadcrumbList","@id":"https:\/\/skaitytaknyga.lt\/produktas\/500-sriubu-subraizytas-virselis-2\/#breadcrumb","itemListElement":[{"@type":"ListItem","position":1,"name":"Home","item":"https:\/\/skaitytaknyga.lt\/"},{"@type":"ListItem","position":2,"name":"Parduotuv\u0117","item":"https:\/\/skaitytaknyga.lt\/knygu-parduotuve\/"},{"@type":"ListItem","position":3,"name":"500 sriub\u0173 (subrai\u017eytas vir\u0161elis)"}]},{"@type":"WebSite","@id":"https:\/\/skaitytaknyga.lt\/#website","url":"https:\/\/skaitytaknyga.lt\/","name":"skaitytaknyga.lt","description":"Skaitytaknyga.lt \u2013 tai ma\u017eas \u0161eimos verslas, kuris prasid\u0117jo nuo meil\u0117s knygoms ir siekio i\u0161gelb\u0117ti knygas nuo likimo prie konteinerio. Kas vienam nereikalingas daiktas \u2013 kitam lobis, o mes esame tarpininkai, kurie padeda abiems tapti laimingesniems ???? \u017dinome kaip nelengva i\u0161gyventi ma\u017eiems verslams, tad nuo \u0161iol, \u010dia rasite ir kit\u0173, ma\u017e\u0173 \u0161eim\u0173 versl\u0173, rank\u0173 darbo, dovan\u0173 sau ir artimiesiems.","publisher":{"@id":"https:\/\/skaitytaknyga.lt\/#organization"},"potentialAction":[{"@type":"SearchAction","target":{"@type":"EntryPoint","urlTemplate":"https:\/\/skaitytaknyga.lt\/?s={search_term_string}"},"query-input":{"@type":"PropertyValueSpecification","valueRequired":true,"valueName":"search_term_string"}}],"inLanguage":"en-GB"},{"@type":"Organization","@id":"https:\/\/skaitytaknyga.lt\/#organization","name":"skaitytaknyga.lt","url":"https:\/\/skaitytaknyga.lt\/","logo":{"@type":"ImageObject","inLanguage":"en-GB","@id":"https:\/\/skaitytaknyga.lt\/#\/schema\/logo\/image\/","url":"https:\/\/skaitytaknyga.lt\/wp-content\/uploads\/2024\/05\/cropped-cropped-cropped-02_00843_jt3bggkj1j3HLc7SyY6rEUpg.jpeg","contentUrl":"https:\/\/skaitytaknyga.lt\/wp-content\/uploads\/2024\/05\/cropped-cropped-cropped-02_00843_jt3bggkj1j3HLc7SyY6rEUpg.jpeg","width":1600,"height":1600,"caption":"skaitytaknyga.lt"},"image":{"@id":"https:\/\/skaitytaknyga.lt\/#\/schema\/logo\/image\/"},"sameAs":["https:\/\/www.facebook.com\/skaitytaknyga\/"]}]}},"_links":{"self":[{"href":"https:\/\/skaitytaknyga.lt\/en\/wp-json\/wp\/v2\/product\/7785","targetHints":{"allow":["GET"]}}],"collection":[{"href":"https:\/\/skaitytaknyga.lt\/en\/wp-json\/wp\/v2\/product"}],"about":[{"href":"https:\/\/skaitytaknyga.lt\/en\/wp-json\/wp\/v2\/types\/product"}],"replies":[{"embeddable":true,"href":"https:\/\/skaitytaknyga.lt\/en\/wp-json\/wp\/v2\/comments?post=7785"}],"wp:featuredmedia":[{"embeddable":true,"href":"https:\/\/skaitytaknyga.lt\/en\/wp-json\/wp\/v2\/media\/3257"}],"wp:attachment":[{"href":"https:\/\/skaitytaknyga.lt\/en\/wp-json\/wp\/v2\/media?parent=7785"}],"wp:term":[{"taxonomy":"product_brand","embeddable":true,"href":"https:\/\/skaitytaknyga.lt\/en\/wp-json\/wp\/v2\/product_brand?post=7785"},{"taxonomy":"product_cat","embeddable":true,"href":"https:\/\/skaitytaknyga.lt\/en\/wp-json\/wp\/v2\/product_cat?post=7785"},{"taxonomy":"product_tag","embeddable":true,"href":"https:\/\/skaitytaknyga.lt\/en\/wp-json\/wp\/v2\/product_tag?post=7785"}],"curies":[{"name":"wp","href":"https:\/\/api.w.org\/{rel}","templated":true}]}}