{"id":7779,"date":"2024-05-04T14:34:54","date_gmt":"2024-05-04T14:34:54","guid":{"rendered":"https:\/\/skaitytaknyga.lt\/?post_type=product&#038;p=7779"},"modified":"2025-07-21T21:52:18","modified_gmt":"2025-07-21T18:52:18","slug":"ajurveda-mokslas-apie-gyvenima-ir-sveikata","status":"publish","type":"product","link":"https:\/\/skaitytaknyga.lt\/en\/produktas\/ajurveda-mokslas-apie-gyvenima-ir-sveikata\/","title":{"rendered":"Ajurveda: mokslas apie gyvenim\u0105 ir sveikat\u0105"},"content":{"rendered":"<p>\u201eAjurveda: mokslas apie gyvenim\u0105 ir sveikat\u0105\u201c \u2013 tai i\u0161samus pagrindini\u0173 ajurvedos \u017eini\u0173 bei nuostat\u0173 \u012fvadas ir prakti\u0161ki patarimai, kaip jomis pasinaudoti kasdieniame gyvenime. \u0160is informatyvus \u017einynas apima individualiai k\u016bno sandarai pritaikyt\u0105 mityb\u0105, gyvenimo kokyb\u0119 gerinan\u010di\u0105 dienotvark\u0119, si\u016blo veiksmingus ir lengvai pagaminamus vaista\u017eoli\u0173 preparatus nuo da\u017en\u0173 negalavim\u0173, protin\u0117s ir dvasin\u0117s sveikatos stiprinimo b\u016bdus.<\/p>\n<p>Tai vertingas \u017eini\u0173 \u0161altinis tiems, kurie domisi nat\u016brali\u0105ja medicina, holistiniu po\u017ei\u016briu \u012f sveikat\u0105 ir k\u016bno bei proto darna.<\/p>\n<ul class=\"about-product d-none d-xl-block mt-4\">\n<li><strong>Originalus pavadinimas:<\/strong>\u00a0Eternal Health. The Essence of Ayurveda<\/li>\n<li><strong>Autorius:<\/strong>\u00a0Dr. Partap Chauhan<\/li>\n<li><strong>Leid\u0117jas:<\/strong>\u00a0Ajurvedos akademija<\/li>\n<li><strong>Metai:<\/strong>\u00a02016<\/li>\n<li><strong>Puslapiai:<\/strong>\u00a0264<\/li>\n<li class=\"toggleable type-new-formats \"><strong>ISBN:<\/strong>\u00a09786099581514<\/li>\n<li><strong>Versijos kodas:<\/strong>\u00a010<\/li>\n<li class=\"toggleable type-new-formats \"><strong>Formatas:<\/strong>\u00a014,5 x 22 x 2,5 cm, kieti vir\u0161eliai<\/li>\n<li><strong>Kalba:<\/strong>\u00a0Lietuvi\u0173<\/li>\n<li><strong>Vert\u0117jas:<\/strong>\u00a0Jolanta Narkevi\u010dien\u0117<\/li>\n<\/ul>\n","protected":false},"excerpt":{"rendered":"<p>\u201eAjurveda: mokslas apie gyvenim\u0105 ir sveikat\u0105\u201c \u2013 tai i\u0161samus pagrindini\u0173 ajurvedos \u017eini\u0173 bei nuostat\u0173 \u012fvadas ir prakti\u0161ki patarimai, kaip jomis pasinaudoti kasdieniame gyvenime. \u0160is informatyvus \u017einynas apima individualiai k\u016bno sandarai pritaikyt\u0105 mityb\u0105, gyvenimo kokyb\u0119 gerinan\u010di\u0105 dienotvark\u0119, si\u016blo veiksmingus ir lengvai pagaminamus vaista\u017eoli\u0173 preparatus nuo da\u017en\u0173 negalavim\u0173, protin\u0117s ir dvasin\u0117s sveikatos stiprinimo b\u016bdus. Tai vertingas \u017eini\u0173 \u0161altinis tiems, kurie domisi nat\u016brali\u0105ja medicina, holistiniu po\u017ei\u016briu \u012f sveikat\u0105 ir k\u016bno bei proto darna. Originalus pavadinimas:\u00a0Eternal Health. The Essence of Ayurveda Autorius:\u00a0Dr. Partap Chauhan Leid\u0117jas:\u00a0Ajurvedos akademija Metai:\u00a02016 Puslapiai:\u00a0264 ISBN:\u00a09786099581514 Versijos kodas:\u00a010 Formatas:\u00a014,5 x 22 x 2,5 cm, kieti vir\u0161eliai Kalba:\u00a0Lietuvi\u0173 Vert\u0117jas:\u00a0Jolanta Narkevi\u010dien\u0117<\/p>\n","protected":false},"featured_media":3251,"comment_status":"closed","ping_status":"closed","template":"","meta":{"_acf_changed":false,"site-sidebar-layout":"default","site-content-layout":"","ast-site-content-layout":"default","site-content-style":"default","site-sidebar-style":"default","ast-global-header-display":"","ast-banner-title-visibility":"","ast-main-header-display":"","ast-hfb-above-header-display":"","ast-hfb-below-header-display":"","ast-hfb-mobile-header-display":"","site-post-title":"","ast-breadcrumbs-content":"","ast-featured-img":"","footer-sml-layout":"","ast-disable-related-posts":"","theme-transparent-header-meta":"default","adv-header-id-meta":"","stick-header-meta":"","header-above-stick-meta":"","header-main-stick-meta":"","header-below-stick-meta":"","astra-migrate-meta-layouts":"set","ast-page-background-enabled":"default","ast-page-background-meta":{"desktop":{"background-color":"","background-image":"","background-repeat":"repeat","background-position":"center center","background-size":"auto","background-attachment":"scroll","background-type":"","background-media":"","overlay-type":"","overlay-color":"","overlay-opacity":"","overlay-gradient":""},"tablet":{"background-color":"","background-image":"","background-repeat":"repeat","background-position":"center center","background-size":"auto","background-attachment":"scroll","background-type":"","background-media":"","overlay-type":"","overlay-color":"","overlay-opacity":"","overlay-gradient":""},"mobile":{"background-color":"","background-image":"","background-repeat":"repeat","background-position":"center center","background-size":"auto","background-attachment":"scroll","background-type":"","background-media":"","overlay-type":"","overlay-color":"","overlay-opacity":"","overlay-gradient":""}},"ast-content-background-meta":{"desktop":{"background-color":"var(--ast-global-color-4)","background-image":"","background-repeat":"repeat","background-position":"center center","background-size":"auto","background-attachment":"scroll","background-type":"","background-media":"","overlay-type":"","overlay-color":"","overlay-opacity":"","overlay-gradient":""},"tablet":{"background-color":"var(--ast-global-color-4)","background-image":"","background-repeat":"repeat","background-position":"center center","background-size":"auto","background-attachment":"scroll","background-type":"","background-media":"","overlay-type":"","overlay-color":"","overlay-opacity":"","overlay-gradient":""},"mobile":{"background-color":"var(--ast-global-color-4)","background-image":"","background-repeat":"repeat","background-position":"center center","background-size":"auto","background-attachment":"scroll","background-type":"","background-media":"","overlay-type":"","overlay-color":"","overlay-opacity":"","overlay-gradient":""}}},"product_brand":[],"product_cat":[55],"product_tag":[2344,2348,2198,2345,2346,2347,1680],"class_list":{"0":"post-7779","1":"product","2":"type-product","3":"status-publish","4":"has-post-thumbnail","6":"product_cat-sveikata-ir-sveika-mityba","7":"product_tag-ajurveda","8":"product_tag-dvasine-pusiausvyra","9":"product_tag-gyvenimo-budas","10":"product_tag-holistine-medicina","11":"product_tag-indijos-ismintis","12":"product_tag-naturalioji-medicina","13":"product_tag-sveikata","14":"desktop-align-left","15":"tablet-align-left","16":"mobile-align-left","18":"first","19":"instock","20":"shipping-taxable","21":"purchasable","22":"product-type-simple"},"acf":[],"yoast_head":"<!-- This site is optimized with the Yoast SEO plugin v27.0 - https:\/\/yoast.com\/product\/yoast-seo-wordpress\/ -->\n<title>Ajurveda: mokslas apie gyvenim\u0105 ir sveikat\u0105<\/title>\n<meta name=\"description\" content=\"\u201eAjurveda: mokslas apie gyvenim\u0105 ir sveikat\u0105\u201c \u2013 tai i\u0161samus pagrindini\u0173 ajurvedos \u017eini\u0173 bei nuostat\u0173 \u012fvadas ir prakti\u0161ki patarimai, kaip jomis pasinaudoti\" \/>\n<meta name=\"robots\" content=\"index, follow, max-snippet:-1, max-image-preview:large, max-video-preview:-1\" \/>\n<link rel=\"canonical\" href=\"https:\/\/skaitytaknyga.lt\/en\/produktas\/ajurveda-mokslas-apie-gyvenima-ir-sveikata\/\" \/>\n<meta property=\"og:locale\" content=\"en_GB\" \/>\n<meta property=\"og:locale:alternate\" content=\"lt_LT\" \/>\n<meta property=\"og:type\" content=\"article\" \/>\n<meta property=\"og:title\" content=\"Ajurveda: mokslas apie gyvenim\u0105 ir sveikat\u0105\" \/>\n<meta property=\"og:description\" content=\"\u201eAjurveda: mokslas apie gyvenim\u0105 ir sveikat\u0105\u201c \u2013 tai i\u0161samus pagrindini\u0173 ajurvedos \u017eini\u0173 bei nuostat\u0173 \u012fvadas ir prakti\u0161ki patarimai, kaip jomis pasinaudoti\" \/>\n<meta property=\"og:url\" content=\"https:\/\/skaitytaknyga.lt\/en\/produktas\/ajurveda-mokslas-apie-gyvenima-ir-sveikata\/\" \/>\n<meta property=\"og:site_name\" content=\"Skaitytaknyga\" \/>\n<meta property=\"article:publisher\" content=\"https:\/\/www.facebook.com\/skaitytaknyga\/\" \/>\n<meta property=\"article:modified_time\" content=\"2025-07-21T18:52:18+00:00\" \/>\n<meta property=\"og:image\" content=\"https:\/\/skaitytaknyga.lt\/wp-content\/uploads\/2024\/04\/1499755157_1499424641_img937.jpg\" \/>\n\t<meta property=\"og:image:width\" content=\"285\" \/>\n\t<meta property=\"og:image:height\" content=\"430\" \/>\n\t<meta property=\"og:image:type\" content=\"image\/jpeg\" \/>\n<meta name=\"twitter:card\" content=\"summary_large_image\" \/>\n<meta name=\"twitter:label1\" content=\"Estimated reading time\" \/>\n\t<meta name=\"twitter:data1\" content=\"1 minute\" \/>\n<script type=\"application\/ld+json\" class=\"yoast-schema-graph\">{\"@context\":\"https:\/\/schema.org\",\"@graph\":[{\"@type\":\"WebPage\",\"@id\":\"https:\/\/skaitytaknyga.lt\/produktas\/ajurveda-mokslas-apie-gyvenima-ir-sveikata\/\",\"url\":\"https:\/\/skaitytaknyga.lt\/produktas\/ajurveda-mokslas-apie-gyvenima-ir-sveikata\/\",\"name\":\"Ajurveda: mokslas apie gyvenim\u0105 ir sveikat\u0105\",\"isPartOf\":{\"@id\":\"https:\/\/skaitytaknyga.lt\/#website\"},\"primaryImageOfPage\":{\"@id\":\"https:\/\/skaitytaknyga.lt\/produktas\/ajurveda-mokslas-apie-gyvenima-ir-sveikata\/#primaryimage\"},\"image\":{\"@id\":\"https:\/\/skaitytaknyga.lt\/produktas\/ajurveda-mokslas-apie-gyvenima-ir-sveikata\/#primaryimage\"},\"thumbnailUrl\":\"https:\/\/skaitytaknyga.lt\/wp-content\/uploads\/2024\/04\/1499755157_1499424641_img937.jpg\",\"datePublished\":\"2024-05-04T14:34:54+00:00\",\"dateModified\":\"2025-07-21T18:52:18+00:00\",\"description\":\"\u201eAjurveda: mokslas apie gyvenim\u0105 ir sveikat\u0105\u201c \u2013 tai i\u0161samus pagrindini\u0173 ajurvedos \u017eini\u0173 bei nuostat\u0173 \u012fvadas ir prakti\u0161ki patarimai, kaip jomis pasinaudoti\",\"breadcrumb\":{\"@id\":\"https:\/\/skaitytaknyga.lt\/produktas\/ajurveda-mokslas-apie-gyvenima-ir-sveikata\/#breadcrumb\"},\"inLanguage\":\"en-GB\",\"potentialAction\":[{\"@type\":\"ReadAction\",\"target\":[\"https:\/\/skaitytaknyga.lt\/produktas\/ajurveda-mokslas-apie-gyvenima-ir-sveikata\/\"]}]},{\"@type\":\"ImageObject\",\"inLanguage\":\"en-GB\",\"@id\":\"https:\/\/skaitytaknyga.lt\/produktas\/ajurveda-mokslas-apie-gyvenima-ir-sveikata\/#primaryimage\",\"url\":\"https:\/\/skaitytaknyga.lt\/wp-content\/uploads\/2024\/04\/1499755157_1499424641_img937.jpg\",\"contentUrl\":\"https:\/\/skaitytaknyga.lt\/wp-content\/uploads\/2024\/04\/1499755157_1499424641_img937.jpg\",\"width\":285,\"height\":430,\"caption\":\"1499755157 1499424641 img937\"},{\"@type\":\"BreadcrumbList\",\"@id\":\"https:\/\/skaitytaknyga.lt\/produktas\/ajurveda-mokslas-apie-gyvenima-ir-sveikata\/#breadcrumb\",\"itemListElement\":[{\"@type\":\"ListItem\",\"position\":1,\"name\":\"Home\",\"item\":\"https:\/\/skaitytaknyga.lt\/\"},{\"@type\":\"ListItem\",\"position\":2,\"name\":\"Parduotuv\u0117\",\"item\":\"https:\/\/skaitytaknyga.lt\/knygu-parduotuve\/\"},{\"@type\":\"ListItem\",\"position\":3,\"name\":\"Ajurveda: mokslas apie gyvenim\u0105 ir sveikat\u0105\"}]},{\"@type\":\"WebSite\",\"@id\":\"https:\/\/skaitytaknyga.lt\/#website\",\"url\":\"https:\/\/skaitytaknyga.lt\/\",\"name\":\"skaitytaknyga.lt\",\"description\":\"Skaitytaknyga.lt \u2013 tai ma\u017eas \u0161eimos verslas, kuris prasid\u0117jo nuo meil\u0117s knygoms ir siekio i\u0161gelb\u0117ti knygas nuo likimo prie konteinerio. Kas vienam nereikalingas daiktas \u2013 kitam lobis, o mes esame tarpininkai, kurie padeda abiems tapti laimingesniems ???? \u017dinome kaip nelengva i\u0161gyventi ma\u017eiems verslams, tad nuo \u0161iol, \u010dia rasite ir kit\u0173, ma\u017e\u0173 \u0161eim\u0173 versl\u0173, rank\u0173 darbo, dovan\u0173 sau ir artimiesiems.\",\"publisher\":{\"@id\":\"https:\/\/skaitytaknyga.lt\/#organization\"},\"potentialAction\":[{\"@type\":\"SearchAction\",\"target\":{\"@type\":\"EntryPoint\",\"urlTemplate\":\"https:\/\/skaitytaknyga.lt\/?s={search_term_string}\"},\"query-input\":{\"@type\":\"PropertyValueSpecification\",\"valueRequired\":true,\"valueName\":\"search_term_string\"}}],\"inLanguage\":\"en-GB\"},{\"@type\":\"Organization\",\"@id\":\"https:\/\/skaitytaknyga.lt\/#organization\",\"name\":\"skaitytaknyga.lt\",\"url\":\"https:\/\/skaitytaknyga.lt\/\",\"logo\":{\"@type\":\"ImageObject\",\"inLanguage\":\"en-GB\",\"@id\":\"https:\/\/skaitytaknyga.lt\/#\/schema\/logo\/image\/\",\"url\":\"https:\/\/skaitytaknyga.lt\/wp-content\/uploads\/2024\/05\/cropped-cropped-cropped-02_00843_jt3bggkj1j3HLc7SyY6rEUpg.jpeg\",\"contentUrl\":\"https:\/\/skaitytaknyga.lt\/wp-content\/uploads\/2024\/05\/cropped-cropped-cropped-02_00843_jt3bggkj1j3HLc7SyY6rEUpg.jpeg\",\"width\":1600,\"height\":1600,\"caption\":\"skaitytaknyga.lt\"},\"image\":{\"@id\":\"https:\/\/skaitytaknyga.lt\/#\/schema\/logo\/image\/\"},\"sameAs\":[\"https:\/\/www.facebook.com\/skaitytaknyga\/\"]}]}<\/script>\n<!-- \/ Yoast SEO plugin. -->","yoast_head_json":{"title":"Ajurveda: mokslas apie gyvenim\u0105 ir sveikat\u0105","description":"\u201eAjurveda: mokslas apie gyvenim\u0105 ir sveikat\u0105\u201c \u2013 tai i\u0161samus pagrindini\u0173 ajurvedos \u017eini\u0173 bei nuostat\u0173 \u012fvadas ir prakti\u0161ki patarimai, kaip jomis pasinaudoti","robots":{"index":"index","follow":"follow","max-snippet":"max-snippet:-1","max-image-preview":"max-image-preview:large","max-video-preview":"max-video-preview:-1"},"canonical":"https:\/\/skaitytaknyga.lt\/en\/produktas\/ajurveda-mokslas-apie-gyvenima-ir-sveikata\/","og_locale":"en_GB","og_type":"article","og_title":"[:lt]Ajurveda: mokslas apie gyvenim\u0105 ir sveikat\u0105[:] - Skaitytaknyga","og_description":"\u201eAjurveda: mokslas apie gyvenim\u0105 ir sveikat\u0105\u201c \u2013 tai i\u0161samus pagrindini\u0173 ajurvedos \u017eini\u0173 bei nuostat\u0173 \u012fvadas ir prakti\u0161ki patarimai, kaip jomis pasinaudoti","og_url":"https:\/\/skaitytaknyga.lt\/en\/produktas\/ajurveda-mokslas-apie-gyvenima-ir-sveikata\/","og_site_name":"Skaitytaknyga","article_publisher":"https:\/\/www.facebook.com\/skaitytaknyga\/","article_modified_time":"2025-07-21T18:52:18+00:00","og_image":[{"width":285,"height":430,"url":"https:\/\/skaitytaknyga.lt\/wp-content\/uploads\/2024\/04\/1499755157_1499424641_img937.jpg","type":"image\/jpeg"}],"twitter_card":"summary_large_image","twitter_misc":{"Estimated reading time":"1 minute"},"schema":{"@context":"https:\/\/schema.org","@graph":[{"@type":"WebPage","@id":"https:\/\/skaitytaknyga.lt\/produktas\/ajurveda-mokslas-apie-gyvenima-ir-sveikata\/","url":"https:\/\/skaitytaknyga.lt\/produktas\/ajurveda-mokslas-apie-gyvenima-ir-sveikata\/","name":"Ajurveda: mokslas apie gyvenim\u0105 ir sveikat\u0105","isPartOf":{"@id":"https:\/\/skaitytaknyga.lt\/#website"},"primaryImageOfPage":{"@id":"https:\/\/skaitytaknyga.lt\/produktas\/ajurveda-mokslas-apie-gyvenima-ir-sveikata\/#primaryimage"},"image":{"@id":"https:\/\/skaitytaknyga.lt\/produktas\/ajurveda-mokslas-apie-gyvenima-ir-sveikata\/#primaryimage"},"thumbnailUrl":"https:\/\/skaitytaknyga.lt\/wp-content\/uploads\/2024\/04\/1499755157_1499424641_img937.jpg","datePublished":"2024-05-04T14:34:54+00:00","dateModified":"2025-07-21T18:52:18+00:00","description":"\u201eAjurveda: mokslas apie gyvenim\u0105 ir sveikat\u0105\u201c \u2013 tai i\u0161samus pagrindini\u0173 ajurvedos \u017eini\u0173 bei nuostat\u0173 \u012fvadas ir prakti\u0161ki patarimai, kaip jomis pasinaudoti","breadcrumb":{"@id":"https:\/\/skaitytaknyga.lt\/produktas\/ajurveda-mokslas-apie-gyvenima-ir-sveikata\/#breadcrumb"},"inLanguage":"en-GB","potentialAction":[{"@type":"ReadAction","target":["https:\/\/skaitytaknyga.lt\/produktas\/ajurveda-mokslas-apie-gyvenima-ir-sveikata\/"]}]},{"@type":"ImageObject","inLanguage":"en-GB","@id":"https:\/\/skaitytaknyga.lt\/produktas\/ajurveda-mokslas-apie-gyvenima-ir-sveikata\/#primaryimage","url":"https:\/\/skaitytaknyga.lt\/wp-content\/uploads\/2024\/04\/1499755157_1499424641_img937.jpg","contentUrl":"https:\/\/skaitytaknyga.lt\/wp-content\/uploads\/2024\/04\/1499755157_1499424641_img937.jpg","width":285,"height":430,"caption":"1499755157 1499424641 img937"},{"@type":"BreadcrumbList","@id":"https:\/\/skaitytaknyga.lt\/produktas\/ajurveda-mokslas-apie-gyvenima-ir-sveikata\/#breadcrumb","itemListElement":[{"@type":"ListItem","position":1,"name":"Home","item":"https:\/\/skaitytaknyga.lt\/"},{"@type":"ListItem","position":2,"name":"Parduotuv\u0117","item":"https:\/\/skaitytaknyga.lt\/knygu-parduotuve\/"},{"@type":"ListItem","position":3,"name":"Ajurveda: mokslas apie gyvenim\u0105 ir sveikat\u0105"}]},{"@type":"WebSite","@id":"https:\/\/skaitytaknyga.lt\/#website","url":"https:\/\/skaitytaknyga.lt\/","name":"skaitytaknyga.lt","description":"Skaitytaknyga.lt \u2013 tai ma\u017eas \u0161eimos verslas, kuris prasid\u0117jo nuo meil\u0117s knygoms ir siekio i\u0161gelb\u0117ti knygas nuo likimo prie konteinerio. Kas vienam nereikalingas daiktas \u2013 kitam lobis, o mes esame tarpininkai, kurie padeda abiems tapti laimingesniems ???? \u017dinome kaip nelengva i\u0161gyventi ma\u017eiems verslams, tad nuo \u0161iol, \u010dia rasite ir kit\u0173, ma\u017e\u0173 \u0161eim\u0173 versl\u0173, rank\u0173 darbo, dovan\u0173 sau ir artimiesiems.","publisher":{"@id":"https:\/\/skaitytaknyga.lt\/#organization"},"potentialAction":[{"@type":"SearchAction","target":{"@type":"EntryPoint","urlTemplate":"https:\/\/skaitytaknyga.lt\/?s={search_term_string}"},"query-input":{"@type":"PropertyValueSpecification","valueRequired":true,"valueName":"search_term_string"}}],"inLanguage":"en-GB"},{"@type":"Organization","@id":"https:\/\/skaitytaknyga.lt\/#organization","name":"skaitytaknyga.lt","url":"https:\/\/skaitytaknyga.lt\/","logo":{"@type":"ImageObject","inLanguage":"en-GB","@id":"https:\/\/skaitytaknyga.lt\/#\/schema\/logo\/image\/","url":"https:\/\/skaitytaknyga.lt\/wp-content\/uploads\/2024\/05\/cropped-cropped-cropped-02_00843_jt3bggkj1j3HLc7SyY6rEUpg.jpeg","contentUrl":"https:\/\/skaitytaknyga.lt\/wp-content\/uploads\/2024\/05\/cropped-cropped-cropped-02_00843_jt3bggkj1j3HLc7SyY6rEUpg.jpeg","width":1600,"height":1600,"caption":"skaitytaknyga.lt"},"image":{"@id":"https:\/\/skaitytaknyga.lt\/#\/schema\/logo\/image\/"},"sameAs":["https:\/\/www.facebook.com\/skaitytaknyga\/"]}]}},"_links":{"self":[{"href":"https:\/\/skaitytaknyga.lt\/en\/wp-json\/wp\/v2\/product\/7779","targetHints":{"allow":["GET"]}}],"collection":[{"href":"https:\/\/skaitytaknyga.lt\/en\/wp-json\/wp\/v2\/product"}],"about":[{"href":"https:\/\/skaitytaknyga.lt\/en\/wp-json\/wp\/v2\/types\/product"}],"replies":[{"embeddable":true,"href":"https:\/\/skaitytaknyga.lt\/en\/wp-json\/wp\/v2\/comments?post=7779"}],"wp:featuredmedia":[{"embeddable":true,"href":"https:\/\/skaitytaknyga.lt\/en\/wp-json\/wp\/v2\/media\/3251"}],"wp:attachment":[{"href":"https:\/\/skaitytaknyga.lt\/en\/wp-json\/wp\/v2\/media?parent=7779"}],"wp:term":[{"taxonomy":"product_brand","embeddable":true,"href":"https:\/\/skaitytaknyga.lt\/en\/wp-json\/wp\/v2\/product_brand?post=7779"},{"taxonomy":"product_cat","embeddable":true,"href":"https:\/\/skaitytaknyga.lt\/en\/wp-json\/wp\/v2\/product_cat?post=7779"},{"taxonomy":"product_tag","embeddable":true,"href":"https:\/\/skaitytaknyga.lt\/en\/wp-json\/wp\/v2\/product_tag?post=7779"}],"curies":[{"name":"wp","href":"https:\/\/api.w.org\/{rel}","templated":true}]}}