{"id":7775,"date":"2024-05-04T14:34:54","date_gmt":"2024-05-04T14:34:54","guid":{"rendered":"https:\/\/skaitytaknyga.lt\/?post_type=product&#038;p=7775"},"modified":"2025-06-27T20:48:05","modified_gmt":"2025-06-27T17:48:05","slug":"kas-yra-kas-senoves-egiptas-2","status":"publish","type":"product","link":"https:\/\/skaitytaknyga.lt\/en\/produktas\/kas-yra-kas-senoves-egiptas-2\/","title":{"rendered":"Kas yra kas. Senov\u0117s Egiptas"},"content":{"rendered":"<p>Senojo Egipto pasaulis jau seniai pradingo am\u017ei\u0173 gl\u016bdumoje, ta\u010diau liko jo didyb\u0117s liudininkai: piramid\u0117s ir \u0161ventyklos, kapai ir mumijos, pie\u0161iniai ir hieroglifai. Visa tai mus \u017eavi iki \u0161iolei. Nauji atradimai Nilo sl\u0117nyje t\u0119siasi jau \u0161imtme\u010dius, jie niekuomet nesustojo, vargu, ar praeina m\u0117nuo, kai nerandama ko nors vertingo. I\u0161 \u0161i\u0173 radini\u0173 mes geriau pa\u017e\u012fstame Sen\u0105j\u012f Egipt\u0105, \u017einoma, dar daug kas lieka neai\u0161ku, m\u012fslinga, gin\u010dytina. Egiptologas Dieter Kurth vaizduoja \u0161alies prie Nilo gyvenim\u0105, besikei\u010diant\u012f tarsi kaleidoskope, faraon\u0173 vie\u0161patavim\u0105, j\u0173 tarn\u0173 buit\u012f. Taip pat apra\u0161oma ir tyrin\u0117toj\u0173, besistengian\u010di\u0173 atgaivinti Senov\u0117s Egipto pasaul\u012f, veikla.<\/p>\n","protected":false},"excerpt":{"rendered":"<p>Senojo Egipto pasaulis jau seniai pradingo am\u017ei\u0173 gl\u016bdumoje, ta\u010diau liko jo didyb\u0117s liudininkai: piramid\u0117s ir \u0161ventyklos, kapai ir mumijos, pie\u0161iniai ir hieroglifai. Visa tai mus \u017eavi iki \u0161iolei. Nauji atradimai Nilo sl\u0117nyje t\u0119siasi jau \u0161imtme\u010dius, jie niekuomet nesustojo, vargu, ar praeina m\u0117nuo, kai nerandama ko nors vertingo. I\u0161 \u0161i\u0173 radini\u0173 mes geriau pa\u017e\u012fstame Sen\u0105j\u012f Egipt\u0105, \u017einoma, dar daug kas lieka neai\u0161ku, m\u012fslinga, gin\u010dytina. Egiptologas Dieter Kurth vaizduoja \u0161alies prie Nilo gyvenim\u0105, besikei\u010diant\u012f tarsi kaleidoskope, faraon\u0173 vie\u0161patavim\u0105, j\u0173 tarn\u0173 buit\u012f. Taip pat apra\u0161oma ir tyrin\u0117toj\u0173, besistengian\u010di\u0173 atgaivinti Senov\u0117s Egipto pasaul\u012f, veikla.<\/p>\n","protected":false},"featured_media":3233,"comment_status":"closed","ping_status":"closed","template":"","meta":{"_acf_changed":false,"site-sidebar-layout":"default","site-content-layout":"","ast-site-content-layout":"default","site-content-style":"default","site-sidebar-style":"default","ast-global-header-display":"","ast-banner-title-visibility":"","ast-main-header-display":"","ast-hfb-above-header-display":"","ast-hfb-below-header-display":"","ast-hfb-mobile-header-display":"","site-post-title":"","ast-breadcrumbs-content":"","ast-featured-img":"","footer-sml-layout":"","ast-disable-related-posts":"","theme-transparent-header-meta":"","adv-header-id-meta":"","stick-header-meta":"","header-above-stick-meta":"","header-main-stick-meta":"","header-below-stick-meta":"","astra-migrate-meta-layouts":"default","ast-page-background-enabled":"default","ast-page-background-meta":{"desktop":{"background-color":"","background-image":"","background-repeat":"repeat","background-position":"center center","background-size":"auto","background-attachment":"scroll","background-type":"","background-media":"","overlay-type":"","overlay-color":"","overlay-opacity":"","overlay-gradient":""},"tablet":{"background-color":"","background-image":"","background-repeat":"repeat","background-position":"center center","background-size":"auto","background-attachment":"scroll","background-type":"","background-media":"","overlay-type":"","overlay-color":"","overlay-opacity":"","overlay-gradient":""},"mobile":{"background-color":"","background-image":"","background-repeat":"repeat","background-position":"center center","background-size":"auto","background-attachment":"scroll","background-type":"","background-media":"","overlay-type":"","overlay-color":"","overlay-opacity":"","overlay-gradient":""}},"ast-content-background-meta":{"desktop":{"background-color":"var(--ast-global-color-4)","background-image":"","background-repeat":"repeat","background-position":"center center","background-size":"auto","background-attachment":"scroll","background-type":"","background-media":"","overlay-type":"","overlay-color":"","overlay-opacity":"","overlay-gradient":""},"tablet":{"background-color":"var(--ast-global-color-4)","background-image":"","background-repeat":"repeat","background-position":"center center","background-size":"auto","background-attachment":"scroll","background-type":"","background-media":"","overlay-type":"","overlay-color":"","overlay-opacity":"","overlay-gradient":""},"mobile":{"background-color":"var(--ast-global-color-4)","background-image":"","background-repeat":"repeat","background-position":"center center","background-size":"auto","background-attachment":"scroll","background-type":"","background-media":"","overlay-type":"","overlay-color":"","overlay-opacity":"","overlay-gradient":""}}},"product_brand":[],"product_cat":[35,73],"product_tag":[],"class_list":{"0":"post-7775","1":"product","2":"type-product","3":"status-publish","4":"has-post-thumbnail","6":"product_cat-vaikams-ir-paaugliams","7":"product_cat-zinynai-ir-enciklopedijos","8":"desktop-align-left","9":"tablet-align-left","10":"mobile-align-left","12":"first","13":"instock","14":"shipping-taxable","15":"purchasable","16":"product-type-simple"},"acf":[],"yoast_head":"<!-- This site is optimized with the Yoast SEO plugin v27.0 - https:\/\/yoast.com\/product\/yoast-seo-wordpress\/ -->\n<title>Kas yra kas. Senov\u0117s Egiptas - Skaitytaknyga<\/title>\n<meta name=\"description\" content=\"Senojo Egipto pasaulis jau seniai pradingo am\u017ei\u0173 gl\u016bdumoje, ta\u010diau liko jo didyb\u0117s liudininkai: piramid\u0117s ir \u0161ventyklos, kapai ir mumijos, pie\u0161iniai ir hieroglifai. Visa tai mus \u017eavi iki \u0161iolei. Nauji atradimai Nilo sl\u0117nyje t\u0119siasi jau \u0161imtme\u010dius, jie niekuomet nesustojo, vargu, ar praeina m\u0117nuo, kai nerandama ko nors vertingo. I\u0161 \u0161i\u0173 radini\u0173 mes geriau pa\u017e\u012fstame Sen\u0105j\u012f Egipt\u0105, \u017einoma, dar daug kas lieka neai\u0161ku, m\u012fslinga, gin\u010dytina. Egiptologas Dieter Kurth vaizduoja \u0161alies prie Nilo gyvenim\u0105, besikei\u010diant\u012f tarsi kaleidoskope, faraon\u0173 vie\u0161patavim\u0105, j\u0173 tarn\u0173 buit\u012f. Taip pat apra\u0161oma ir tyrin\u0117toj\u0173, besistengian\u010di\u0173 atgaivinti Senov\u0117s Egipto pasaul\u012f, veikla.\" \/>\n<meta name=\"robots\" content=\"index, follow, max-snippet:-1, max-image-preview:large, max-video-preview:-1\" \/>\n<link rel=\"canonical\" href=\"https:\/\/skaitytaknyga.lt\/en\/produktas\/kas-yra-kas-senoves-egiptas-2\/\" \/>\n<meta property=\"og:locale\" content=\"en_GB\" \/>\n<meta property=\"og:locale:alternate\" content=\"lt_LT\" \/>\n<meta property=\"og:type\" content=\"article\" \/>\n<meta property=\"og:title\" content=\"Kas yra kas. Senov\u0117s Egiptas - Skaitytaknyga\" \/>\n<meta property=\"og:description\" content=\"Senojo Egipto pasaulis jau seniai pradingo am\u017ei\u0173 gl\u016bdumoje, ta\u010diau liko jo didyb\u0117s liudininkai: piramid\u0117s ir \u0161ventyklos, kapai ir mumijos, pie\u0161iniai ir hieroglifai. Visa tai mus \u017eavi iki \u0161iolei. Nauji atradimai Nilo sl\u0117nyje t\u0119siasi jau \u0161imtme\u010dius, jie niekuomet nesustojo, vargu, ar praeina m\u0117nuo, kai nerandama ko nors vertingo. I\u0161 \u0161i\u0173 radini\u0173 mes geriau pa\u017e\u012fstame Sen\u0105j\u012f Egipt\u0105, \u017einoma, dar daug kas lieka neai\u0161ku, m\u012fslinga, gin\u010dytina. Egiptologas Dieter Kurth vaizduoja \u0161alies prie Nilo gyvenim\u0105, besikei\u010diant\u012f tarsi kaleidoskope, faraon\u0173 vie\u0161patavim\u0105, j\u0173 tarn\u0173 buit\u012f. Taip pat apra\u0161oma ir tyrin\u0117toj\u0173, besistengian\u010di\u0173 atgaivinti Senov\u0117s Egipto pasaul\u012f, veikla.\" \/>\n<meta property=\"og:url\" content=\"https:\/\/skaitytaknyga.lt\/en\/produktas\/kas-yra-kas-senoves-egiptas-2\/\" \/>\n<meta property=\"og:site_name\" content=\"Skaitytaknyga\" \/>\n<meta property=\"article:publisher\" content=\"https:\/\/www.facebook.com\/skaitytaknyga\/\" \/>\n<meta property=\"article:modified_time\" content=\"2025-06-27T17:48:05+00:00\" \/>\n<meta property=\"og:image\" content=\"https:\/\/skaitytaknyga.lt\/wp-content\/uploads\/2024\/04\/img-0002-1.jpg\" \/>\n\t<meta property=\"og:image:width\" content=\"320\" \/>\n\t<meta property=\"og:image:height\" content=\"430\" \/>\n\t<meta property=\"og:image:type\" content=\"image\/jpeg\" \/>\n<meta name=\"twitter:card\" content=\"summary_large_image\" \/>\n<meta name=\"twitter:label1\" content=\"Estimated reading time\" \/>\n\t<meta name=\"twitter:data1\" content=\"1 minute\" \/>\n<script type=\"application\/ld+json\" class=\"yoast-schema-graph\">{\"@context\":\"https:\/\/schema.org\",\"@graph\":[{\"@type\":\"WebPage\",\"@id\":\"https:\/\/skaitytaknyga.lt\/produktas\/kas-yra-kas-senoves-egiptas-2\/\",\"url\":\"https:\/\/skaitytaknyga.lt\/produktas\/kas-yra-kas-senoves-egiptas-2\/\",\"name\":\"Kas yra kas. Senov\u0117s Egiptas - Skaitytaknyga\",\"isPartOf\":{\"@id\":\"https:\/\/skaitytaknyga.lt\/#website\"},\"primaryImageOfPage\":{\"@id\":\"https:\/\/skaitytaknyga.lt\/produktas\/kas-yra-kas-senoves-egiptas-2\/#primaryimage\"},\"image\":{\"@id\":\"https:\/\/skaitytaknyga.lt\/produktas\/kas-yra-kas-senoves-egiptas-2\/#primaryimage\"},\"thumbnailUrl\":\"https:\/\/skaitytaknyga.lt\/wp-content\/uploads\/2024\/04\/img-0002-1.jpg\",\"datePublished\":\"2024-05-04T14:34:54+00:00\",\"dateModified\":\"2025-06-27T17:48:05+00:00\",\"description\":\"Senojo Egipto pasaulis jau seniai pradingo am\u017ei\u0173 gl\u016bdumoje, ta\u010diau liko jo didyb\u0117s liudininkai: piramid\u0117s ir \u0161ventyklos, kapai ir mumijos, pie\u0161iniai ir hieroglifai. Visa tai mus \u017eavi iki \u0161iolei. Nauji atradimai Nilo sl\u0117nyje t\u0119siasi jau \u0161imtme\u010dius, jie niekuomet nesustojo, vargu, ar praeina m\u0117nuo, kai nerandama ko nors vertingo. I\u0161 \u0161i\u0173 radini\u0173 mes geriau pa\u017e\u012fstame Sen\u0105j\u012f Egipt\u0105, \u017einoma, dar daug kas lieka neai\u0161ku, m\u012fslinga, gin\u010dytina. Egiptologas Dieter Kurth vaizduoja \u0161alies prie Nilo gyvenim\u0105, besikei\u010diant\u012f tarsi kaleidoskope, faraon\u0173 vie\u0161patavim\u0105, j\u0173 tarn\u0173 buit\u012f. Taip pat apra\u0161oma ir tyrin\u0117toj\u0173, besistengian\u010di\u0173 atgaivinti Senov\u0117s Egipto pasaul\u012f, veikla.\",\"breadcrumb\":{\"@id\":\"https:\/\/skaitytaknyga.lt\/produktas\/kas-yra-kas-senoves-egiptas-2\/#breadcrumb\"},\"inLanguage\":\"en-GB\",\"potentialAction\":[{\"@type\":\"ReadAction\",\"target\":[\"https:\/\/skaitytaknyga.lt\/produktas\/kas-yra-kas-senoves-egiptas-2\/\"]}]},{\"@type\":\"ImageObject\",\"inLanguage\":\"en-GB\",\"@id\":\"https:\/\/skaitytaknyga.lt\/produktas\/kas-yra-kas-senoves-egiptas-2\/#primaryimage\",\"url\":\"https:\/\/skaitytaknyga.lt\/wp-content\/uploads\/2024\/04\/img-0002-1.jpg\",\"contentUrl\":\"https:\/\/skaitytaknyga.lt\/wp-content\/uploads\/2024\/04\/img-0002-1.jpg\",\"width\":320,\"height\":430,\"caption\":\"img 0002 1\"},{\"@type\":\"BreadcrumbList\",\"@id\":\"https:\/\/skaitytaknyga.lt\/produktas\/kas-yra-kas-senoves-egiptas-2\/#breadcrumb\",\"itemListElement\":[{\"@type\":\"ListItem\",\"position\":1,\"name\":\"Home\",\"item\":\"https:\/\/skaitytaknyga.lt\/\"},{\"@type\":\"ListItem\",\"position\":2,\"name\":\"Parduotuv\u0117\",\"item\":\"https:\/\/skaitytaknyga.lt\/knygu-parduotuve\/\"},{\"@type\":\"ListItem\",\"position\":3,\"name\":\"Kas yra kas. Senov\u0117s Egiptas\"}]},{\"@type\":\"WebSite\",\"@id\":\"https:\/\/skaitytaknyga.lt\/#website\",\"url\":\"https:\/\/skaitytaknyga.lt\/\",\"name\":\"skaitytaknyga.lt\",\"description\":\"Skaitytaknyga.lt \u2013 tai ma\u017eas \u0161eimos verslas, kuris prasid\u0117jo nuo meil\u0117s knygoms ir siekio i\u0161gelb\u0117ti knygas nuo likimo prie konteinerio. Kas vienam nereikalingas daiktas \u2013 kitam lobis, o mes esame tarpininkai, kurie padeda abiems tapti laimingesniems ???? \u017dinome kaip nelengva i\u0161gyventi ma\u017eiems verslams, tad nuo \u0161iol, \u010dia rasite ir kit\u0173, ma\u017e\u0173 \u0161eim\u0173 versl\u0173, rank\u0173 darbo, dovan\u0173 sau ir artimiesiems.\",\"publisher\":{\"@id\":\"https:\/\/skaitytaknyga.lt\/#organization\"},\"potentialAction\":[{\"@type\":\"SearchAction\",\"target\":{\"@type\":\"EntryPoint\",\"urlTemplate\":\"https:\/\/skaitytaknyga.lt\/?s={search_term_string}\"},\"query-input\":{\"@type\":\"PropertyValueSpecification\",\"valueRequired\":true,\"valueName\":\"search_term_string\"}}],\"inLanguage\":\"en-GB\"},{\"@type\":\"Organization\",\"@id\":\"https:\/\/skaitytaknyga.lt\/#organization\",\"name\":\"skaitytaknyga.lt\",\"url\":\"https:\/\/skaitytaknyga.lt\/\",\"logo\":{\"@type\":\"ImageObject\",\"inLanguage\":\"en-GB\",\"@id\":\"https:\/\/skaitytaknyga.lt\/#\/schema\/logo\/image\/\",\"url\":\"https:\/\/skaitytaknyga.lt\/wp-content\/uploads\/2024\/05\/cropped-cropped-cropped-02_00843_jt3bggkj1j3HLc7SyY6rEUpg.jpeg\",\"contentUrl\":\"https:\/\/skaitytaknyga.lt\/wp-content\/uploads\/2024\/05\/cropped-cropped-cropped-02_00843_jt3bggkj1j3HLc7SyY6rEUpg.jpeg\",\"width\":1600,\"height\":1600,\"caption\":\"skaitytaknyga.lt\"},\"image\":{\"@id\":\"https:\/\/skaitytaknyga.lt\/#\/schema\/logo\/image\/\"},\"sameAs\":[\"https:\/\/www.facebook.com\/skaitytaknyga\/\"]}]}<\/script>\n<!-- \/ Yoast SEO plugin. -->","yoast_head_json":{"title":"Kas yra kas. Senov\u0117s Egiptas - Skaitytaknyga","description":"Senojo Egipto pasaulis jau seniai pradingo am\u017ei\u0173 gl\u016bdumoje, ta\u010diau liko jo didyb\u0117s liudininkai: piramid\u0117s ir \u0161ventyklos, kapai ir mumijos, pie\u0161iniai ir hieroglifai. Visa tai mus \u017eavi iki \u0161iolei. Nauji atradimai Nilo sl\u0117nyje t\u0119siasi jau \u0161imtme\u010dius, jie niekuomet nesustojo, vargu, ar praeina m\u0117nuo, kai nerandama ko nors vertingo. I\u0161 \u0161i\u0173 radini\u0173 mes geriau pa\u017e\u012fstame Sen\u0105j\u012f Egipt\u0105, \u017einoma, dar daug kas lieka neai\u0161ku, m\u012fslinga, gin\u010dytina. Egiptologas Dieter Kurth vaizduoja \u0161alies prie Nilo gyvenim\u0105, besikei\u010diant\u012f tarsi kaleidoskope, faraon\u0173 vie\u0161patavim\u0105, j\u0173 tarn\u0173 buit\u012f. Taip pat apra\u0161oma ir tyrin\u0117toj\u0173, besistengian\u010di\u0173 atgaivinti Senov\u0117s Egipto pasaul\u012f, veikla.","robots":{"index":"index","follow":"follow","max-snippet":"max-snippet:-1","max-image-preview":"max-image-preview:large","max-video-preview":"max-video-preview:-1"},"canonical":"https:\/\/skaitytaknyga.lt\/en\/produktas\/kas-yra-kas-senoves-egiptas-2\/","og_locale":"en_GB","og_type":"article","og_title":"Kas yra kas. Senov\u0117s Egiptas - Skaitytaknyga","og_description":"Senojo Egipto pasaulis jau seniai pradingo am\u017ei\u0173 gl\u016bdumoje, ta\u010diau liko jo didyb\u0117s liudininkai: piramid\u0117s ir \u0161ventyklos, kapai ir mumijos, pie\u0161iniai ir hieroglifai. Visa tai mus \u017eavi iki \u0161iolei. Nauji atradimai Nilo sl\u0117nyje t\u0119siasi jau \u0161imtme\u010dius, jie niekuomet nesustojo, vargu, ar praeina m\u0117nuo, kai nerandama ko nors vertingo. I\u0161 \u0161i\u0173 radini\u0173 mes geriau pa\u017e\u012fstame Sen\u0105j\u012f Egipt\u0105, \u017einoma, dar daug kas lieka neai\u0161ku, m\u012fslinga, gin\u010dytina. Egiptologas Dieter Kurth vaizduoja \u0161alies prie Nilo gyvenim\u0105, besikei\u010diant\u012f tarsi kaleidoskope, faraon\u0173 vie\u0161patavim\u0105, j\u0173 tarn\u0173 buit\u012f. Taip pat apra\u0161oma ir tyrin\u0117toj\u0173, besistengian\u010di\u0173 atgaivinti Senov\u0117s Egipto pasaul\u012f, veikla.","og_url":"https:\/\/skaitytaknyga.lt\/en\/produktas\/kas-yra-kas-senoves-egiptas-2\/","og_site_name":"Skaitytaknyga","article_publisher":"https:\/\/www.facebook.com\/skaitytaknyga\/","article_modified_time":"2025-06-27T17:48:05+00:00","og_image":[{"width":320,"height":430,"url":"https:\/\/skaitytaknyga.lt\/wp-content\/uploads\/2024\/04\/img-0002-1.jpg","type":"image\/jpeg"}],"twitter_card":"summary_large_image","twitter_misc":{"Estimated reading time":"1 minute"},"schema":{"@context":"https:\/\/schema.org","@graph":[{"@type":"WebPage","@id":"https:\/\/skaitytaknyga.lt\/produktas\/kas-yra-kas-senoves-egiptas-2\/","url":"https:\/\/skaitytaknyga.lt\/produktas\/kas-yra-kas-senoves-egiptas-2\/","name":"Kas yra kas. Senov\u0117s Egiptas - Skaitytaknyga","isPartOf":{"@id":"https:\/\/skaitytaknyga.lt\/#website"},"primaryImageOfPage":{"@id":"https:\/\/skaitytaknyga.lt\/produktas\/kas-yra-kas-senoves-egiptas-2\/#primaryimage"},"image":{"@id":"https:\/\/skaitytaknyga.lt\/produktas\/kas-yra-kas-senoves-egiptas-2\/#primaryimage"},"thumbnailUrl":"https:\/\/skaitytaknyga.lt\/wp-content\/uploads\/2024\/04\/img-0002-1.jpg","datePublished":"2024-05-04T14:34:54+00:00","dateModified":"2025-06-27T17:48:05+00:00","description":"Senojo Egipto pasaulis jau seniai pradingo am\u017ei\u0173 gl\u016bdumoje, ta\u010diau liko jo didyb\u0117s liudininkai: piramid\u0117s ir \u0161ventyklos, kapai ir mumijos, pie\u0161iniai ir hieroglifai. Visa tai mus \u017eavi iki \u0161iolei. Nauji atradimai Nilo sl\u0117nyje t\u0119siasi jau \u0161imtme\u010dius, jie niekuomet nesustojo, vargu, ar praeina m\u0117nuo, kai nerandama ko nors vertingo. I\u0161 \u0161i\u0173 radini\u0173 mes geriau pa\u017e\u012fstame Sen\u0105j\u012f Egipt\u0105, \u017einoma, dar daug kas lieka neai\u0161ku, m\u012fslinga, gin\u010dytina. Egiptologas Dieter Kurth vaizduoja \u0161alies prie Nilo gyvenim\u0105, besikei\u010diant\u012f tarsi kaleidoskope, faraon\u0173 vie\u0161patavim\u0105, j\u0173 tarn\u0173 buit\u012f. Taip pat apra\u0161oma ir tyrin\u0117toj\u0173, besistengian\u010di\u0173 atgaivinti Senov\u0117s Egipto pasaul\u012f, veikla.","breadcrumb":{"@id":"https:\/\/skaitytaknyga.lt\/produktas\/kas-yra-kas-senoves-egiptas-2\/#breadcrumb"},"inLanguage":"en-GB","potentialAction":[{"@type":"ReadAction","target":["https:\/\/skaitytaknyga.lt\/produktas\/kas-yra-kas-senoves-egiptas-2\/"]}]},{"@type":"ImageObject","inLanguage":"en-GB","@id":"https:\/\/skaitytaknyga.lt\/produktas\/kas-yra-kas-senoves-egiptas-2\/#primaryimage","url":"https:\/\/skaitytaknyga.lt\/wp-content\/uploads\/2024\/04\/img-0002-1.jpg","contentUrl":"https:\/\/skaitytaknyga.lt\/wp-content\/uploads\/2024\/04\/img-0002-1.jpg","width":320,"height":430,"caption":"img 0002 1"},{"@type":"BreadcrumbList","@id":"https:\/\/skaitytaknyga.lt\/produktas\/kas-yra-kas-senoves-egiptas-2\/#breadcrumb","itemListElement":[{"@type":"ListItem","position":1,"name":"Home","item":"https:\/\/skaitytaknyga.lt\/"},{"@type":"ListItem","position":2,"name":"Parduotuv\u0117","item":"https:\/\/skaitytaknyga.lt\/knygu-parduotuve\/"},{"@type":"ListItem","position":3,"name":"Kas yra kas. Senov\u0117s Egiptas"}]},{"@type":"WebSite","@id":"https:\/\/skaitytaknyga.lt\/#website","url":"https:\/\/skaitytaknyga.lt\/","name":"skaitytaknyga.lt","description":"Skaitytaknyga.lt \u2013 tai ma\u017eas \u0161eimos verslas, kuris prasid\u0117jo nuo meil\u0117s knygoms ir siekio i\u0161gelb\u0117ti knygas nuo likimo prie konteinerio. Kas vienam nereikalingas daiktas \u2013 kitam lobis, o mes esame tarpininkai, kurie padeda abiems tapti laimingesniems ???? \u017dinome kaip nelengva i\u0161gyventi ma\u017eiems verslams, tad nuo \u0161iol, \u010dia rasite ir kit\u0173, ma\u017e\u0173 \u0161eim\u0173 versl\u0173, rank\u0173 darbo, dovan\u0173 sau ir artimiesiems.","publisher":{"@id":"https:\/\/skaitytaknyga.lt\/#organization"},"potentialAction":[{"@type":"SearchAction","target":{"@type":"EntryPoint","urlTemplate":"https:\/\/skaitytaknyga.lt\/?s={search_term_string}"},"query-input":{"@type":"PropertyValueSpecification","valueRequired":true,"valueName":"search_term_string"}}],"inLanguage":"en-GB"},{"@type":"Organization","@id":"https:\/\/skaitytaknyga.lt\/#organization","name":"skaitytaknyga.lt","url":"https:\/\/skaitytaknyga.lt\/","logo":{"@type":"ImageObject","inLanguage":"en-GB","@id":"https:\/\/skaitytaknyga.lt\/#\/schema\/logo\/image\/","url":"https:\/\/skaitytaknyga.lt\/wp-content\/uploads\/2024\/05\/cropped-cropped-cropped-02_00843_jt3bggkj1j3HLc7SyY6rEUpg.jpeg","contentUrl":"https:\/\/skaitytaknyga.lt\/wp-content\/uploads\/2024\/05\/cropped-cropped-cropped-02_00843_jt3bggkj1j3HLc7SyY6rEUpg.jpeg","width":1600,"height":1600,"caption":"skaitytaknyga.lt"},"image":{"@id":"https:\/\/skaitytaknyga.lt\/#\/schema\/logo\/image\/"},"sameAs":["https:\/\/www.facebook.com\/skaitytaknyga\/"]}]}},"_links":{"self":[{"href":"https:\/\/skaitytaknyga.lt\/en\/wp-json\/wp\/v2\/product\/7775","targetHints":{"allow":["GET"]}}],"collection":[{"href":"https:\/\/skaitytaknyga.lt\/en\/wp-json\/wp\/v2\/product"}],"about":[{"href":"https:\/\/skaitytaknyga.lt\/en\/wp-json\/wp\/v2\/types\/product"}],"replies":[{"embeddable":true,"href":"https:\/\/skaitytaknyga.lt\/en\/wp-json\/wp\/v2\/comments?post=7775"}],"wp:featuredmedia":[{"embeddable":true,"href":"https:\/\/skaitytaknyga.lt\/en\/wp-json\/wp\/v2\/media\/3233"}],"wp:attachment":[{"href":"https:\/\/skaitytaknyga.lt\/en\/wp-json\/wp\/v2\/media?parent=7775"}],"wp:term":[{"taxonomy":"product_brand","embeddable":true,"href":"https:\/\/skaitytaknyga.lt\/en\/wp-json\/wp\/v2\/product_brand?post=7775"},{"taxonomy":"product_cat","embeddable":true,"href":"https:\/\/skaitytaknyga.lt\/en\/wp-json\/wp\/v2\/product_cat?post=7775"},{"taxonomy":"product_tag","embeddable":true,"href":"https:\/\/skaitytaknyga.lt\/en\/wp-json\/wp\/v2\/product_tag?post=7775"}],"curies":[{"name":"wp","href":"https:\/\/api.w.org\/{rel}","templated":true}]}}