{"id":7750,"date":"2024-05-04T14:34:31","date_gmt":"2024-05-04T14:34:31","guid":{"rendered":"https:\/\/skaitytaknyga.lt\/?post_type=product&#038;p=7750"},"modified":"2026-03-11T11:02:06","modified_gmt":"2026-03-11T09:02:06","slug":"m-burgess-kraujo-giesme-2","status":"publish","type":"product","link":"https:\/\/skaitytaknyga.lt\/en\/produktas\/m-burgess-kraujo-giesme-2\/","title":{"rendered":"M. Burgess \u201eKraujo giesm\u0117\u201c"},"content":{"rendered":"<p>Nepaprastai \u012fdomi meil\u0117s ir griovimo istorija, laisvai paremta pagoni\u0161ka Violsung\u0173 saga. Sakm\u0117 perkelta \u012f apokaliptin\u012f, pramon\u0117s po\u017ei\u016briu sugriaut\u0105 ateities Britanijos kra\u0161tovaizd\u012f, kur vald\u017eia ir turtai atitenka tam, kuris pirmas pasi\u010diups. Jaun\u0105j\u012f didvyr\u012f Sigurd\u0105 kausto t\u0117vyn\u0117s lemtis. Politin\u0117 korupcija ir vald\u017eios tro\u0161kimas \u2013 \u017eaibi\u0161kai atpa\u017e\u012fstami dalykai, jei tik esi susipa\u017ein\u0119s su skandinav\u0173 legenda arba su \u0161iuolaikine politika.<br \/>\nPriblo\u0161kiamos vaizduot\u0117s ir galios k\u016brinys, kuriame Burgessas derina mit\u0105, magij\u0105 ir mokslin\u0119 fantastik\u0105 su esmingiausiais ir auk\u0161\u010diausiais \u017emoni\u0173 \u2013 ir ne \u017emoni\u0173 \u2013 jausmais. Skaitykite ir b\u016bkite \u012fsp\u0117ti!<\/p>\n","protected":false},"excerpt":{"rendered":"<p>Nepaprastai \u012fdomi meil\u0117s ir griovimo istorija, laisvai paremta pagoni\u0161ka Violsung\u0173 saga. Sakm\u0117 perkelta \u012f apokaliptin\u012f, pramon\u0117s po\u017ei\u016briu sugriaut\u0105 ateities Britanijos kra\u0161tovaizd\u012f, kur vald\u017eia ir turtai atitenka tam, kuris pirmas pasi\u010diups. Jaun\u0105j\u012f didvyr\u012f Sigurd\u0105 kausto t\u0117vyn\u0117s lemtis. Politin\u0117 korupcija ir vald\u017eios tro\u0161kimas \u2013 \u017eaibi\u0161kai atpa\u017e\u012fstami dalykai, jei tik esi susipa\u017ein\u0119s su skandinav\u0173 legenda arba su \u0161iuolaikine politika.<br \/>\nPriblo\u0161kiamos vaizduot\u0117s ir galios k\u016brinys, kuriame Burgessas derina mit\u0105, magij\u0105 ir mokslin\u0119 fantastik\u0105 su esmingiausiais ir auk\u0161\u010diausiais \u017emoni\u0173 \u2013 ir ne \u017emoni\u0173 \u2013 jausmais. Skaitykite ir b\u016bkite \u012fsp\u0117ti!<\/p>\n","protected":false},"featured_media":3188,"comment_status":"closed","ping_status":"closed","template":"","meta":{"_acf_changed":false,"site-sidebar-layout":"default","site-content-layout":"","ast-site-content-layout":"default","site-content-style":"default","site-sidebar-style":"default","ast-global-header-display":"","ast-banner-title-visibility":"","ast-main-header-display":"","ast-hfb-above-header-display":"","ast-hfb-below-header-display":"","ast-hfb-mobile-header-display":"","site-post-title":"","ast-breadcrumbs-content":"","ast-featured-img":"","footer-sml-layout":"","ast-disable-related-posts":"","theme-transparent-header-meta":"","adv-header-id-meta":"","stick-header-meta":"","header-above-stick-meta":"","header-main-stick-meta":"","header-below-stick-meta":"","astra-migrate-meta-layouts":"default","ast-page-background-enabled":"default","ast-page-background-meta":{"desktop":{"background-color":"","background-image":"","background-repeat":"repeat","background-position":"center center","background-size":"auto","background-attachment":"scroll","background-type":"","background-media":"","overlay-type":"","overlay-color":"","overlay-opacity":"","overlay-gradient":""},"tablet":{"background-color":"","background-image":"","background-repeat":"repeat","background-position":"center center","background-size":"auto","background-attachment":"scroll","background-type":"","background-media":"","overlay-type":"","overlay-color":"","overlay-opacity":"","overlay-gradient":""},"mobile":{"background-color":"","background-image":"","background-repeat":"repeat","background-position":"center center","background-size":"auto","background-attachment":"scroll","background-type":"","background-media":"","overlay-type":"","overlay-color":"","overlay-opacity":"","overlay-gradient":""}},"ast-content-background-meta":{"desktop":{"background-color":"var(--ast-global-color-4)","background-image":"","background-repeat":"repeat","background-position":"center center","background-size":"auto","background-attachment":"scroll","background-type":"","background-media":"","overlay-type":"","overlay-color":"","overlay-opacity":"","overlay-gradient":""},"tablet":{"background-color":"var(--ast-global-color-4)","background-image":"","background-repeat":"repeat","background-position":"center center","background-size":"auto","background-attachment":"scroll","background-type":"","background-media":"","overlay-type":"","overlay-color":"","overlay-opacity":"","overlay-gradient":""},"mobile":{"background-color":"var(--ast-global-color-4)","background-image":"","background-repeat":"repeat","background-position":"center center","background-size":"auto","background-attachment":"scroll","background-type":"","background-media":"","overlay-type":"","overlay-color":"","overlay-opacity":"","overlay-gradient":""}}},"product_brand":[],"product_cat":[9676,35],"product_tag":[],"class_list":{"0":"post-7750","1":"product","2":"type-product","3":"status-publish","4":"has-post-thumbnail","6":"product_cat-paaugliams","7":"product_cat-vaikams-ir-paaugliams","8":"desktop-align-left","9":"tablet-align-left","10":"mobile-align-left","12":"first","13":"instock","14":"shipping-taxable","15":"purchasable","16":"product-type-simple"},"acf":[],"yoast_head":"<!-- This site is optimized with the Yoast SEO plugin v27.0 - https:\/\/yoast.com\/product\/yoast-seo-wordpress\/ -->\n<title>M. Burgess \u201eKraujo giesm\u0117\u201c<\/title>\n<meta name=\"description\" content=\"Nepaprastai \u012fdomi meil\u0117s ir griovimo istorija, laisvai paremta pagoni\u0161ka Violsung\u0173 saga. Sakm\u0117 perkelta \u012f apokaliptin\u012f, pramon\u0117s po\u017ei\u016briu sugriaut\u0105 ateities Britanijos kra\u0161tovaizd\u012f, kur vald\u017eia ir turtai atitenka tam, kuris pirmas pasi\u010diups. Jaun\u0105j\u012f didvyr\u012f Sigurd\u0105 kausto t\u0117vyn\u0117s lemtis. Politin\u0117 korupcija ir vald\u017eios tro\u0161kimas \u2013 \u017eaibi\u0161kai atpa\u017e\u012fstami dalykai, jei tik esi susipa\u017ein\u0119s su skandinav\u0173 legenda arba su \u0161iuolaikine politika. Priblo\u0161kiamos vaizduot\u0117s ir galios k\u016brinys, kuriame Burgessas derina mit\u0105, magij\u0105 ir mokslin\u0119 fantastik\u0105 su esmingiausiais ir auk\u0161\u010diausiais \u017emoni\u0173 \u2013 ir ne \u017emoni\u0173 \u2013 jausmais. Skaitykite ir b\u016bkite \u012fsp\u0117ti!\" \/>\n<meta name=\"robots\" content=\"index, follow, max-snippet:-1, max-image-preview:large, max-video-preview:-1\" \/>\n<link rel=\"canonical\" href=\"https:\/\/skaitytaknyga.lt\/en\/produktas\/m-burgess-kraujo-giesme-2\/\" \/>\n<meta property=\"og:locale\" content=\"en_GB\" \/>\n<meta property=\"og:locale:alternate\" content=\"lt_LT\" \/>\n<meta property=\"og:type\" content=\"article\" \/>\n<meta property=\"og:title\" content=\"M. Burgess \u201eKraujo giesm\u0117\u201c\" \/>\n<meta property=\"og:description\" content=\"Nepaprastai \u012fdomi meil\u0117s ir griovimo istorija, laisvai paremta pagoni\u0161ka Violsung\u0173 saga. Sakm\u0117 perkelta \u012f apokaliptin\u012f, pramon\u0117s po\u017ei\u016briu sugriaut\u0105 ateities Britanijos kra\u0161tovaizd\u012f, kur vald\u017eia ir turtai atitenka tam, kuris pirmas pasi\u010diups. Jaun\u0105j\u012f didvyr\u012f Sigurd\u0105 kausto t\u0117vyn\u0117s lemtis. Politin\u0117 korupcija ir vald\u017eios tro\u0161kimas \u2013 \u017eaibi\u0161kai atpa\u017e\u012fstami dalykai, jei tik esi susipa\u017ein\u0119s su skandinav\u0173 legenda arba su \u0161iuolaikine politika. Priblo\u0161kiamos vaizduot\u0117s ir galios k\u016brinys, kuriame Burgessas derina mit\u0105, magij\u0105 ir mokslin\u0119 fantastik\u0105 su esmingiausiais ir auk\u0161\u010diausiais \u017emoni\u0173 \u2013 ir ne \u017emoni\u0173 \u2013 jausmais. Skaitykite ir b\u016bkite \u012fsp\u0117ti!\" \/>\n<meta property=\"og:url\" content=\"https:\/\/skaitytaknyga.lt\/en\/produktas\/m-burgess-kraujo-giesme-2\/\" \/>\n<meta property=\"og:site_name\" content=\"Skaitytaknyga\" \/>\n<meta property=\"article:publisher\" content=\"https:\/\/www.facebook.com\/skaitytaknyga\/\" \/>\n<meta property=\"article:modified_time\" content=\"2026-03-11T09:02:06+00:00\" \/>\n<meta property=\"og:image\" content=\"https:\/\/skaitytaknyga.lt\/wp-content\/uploads\/2024\/04\/000000000001103463-59de7f053c88c-asset-knyguklubas-cdb_kk_f6e08432baa3803dbd971bca2bed123d_p1.jpg\" \/>\n\t<meta property=\"og:image:width\" content=\"285\" \/>\n\t<meta property=\"og:image:height\" content=\"443\" \/>\n\t<meta property=\"og:image:type\" content=\"image\/jpeg\" \/>\n<meta name=\"twitter:card\" content=\"summary_large_image\" \/>\n<meta name=\"twitter:label1\" content=\"Estimated reading time\" \/>\n\t<meta name=\"twitter:data1\" content=\"1 minute\" \/>\n<script type=\"application\/ld+json\" class=\"yoast-schema-graph\">{\"@context\":\"https:\/\/schema.org\",\"@graph\":[{\"@type\":\"WebPage\",\"@id\":\"https:\/\/skaitytaknyga.lt\/produktas\/m-burgess-kraujo-giesme-2\/\",\"url\":\"https:\/\/skaitytaknyga.lt\/produktas\/m-burgess-kraujo-giesme-2\/\",\"name\":\"M. Burgess \u201eKraujo giesm\u0117\u201c\",\"isPartOf\":{\"@id\":\"https:\/\/skaitytaknyga.lt\/#website\"},\"primaryImageOfPage\":{\"@id\":\"https:\/\/skaitytaknyga.lt\/produktas\/m-burgess-kraujo-giesme-2\/#primaryimage\"},\"image\":{\"@id\":\"https:\/\/skaitytaknyga.lt\/produktas\/m-burgess-kraujo-giesme-2\/#primaryimage\"},\"thumbnailUrl\":\"https:\/\/skaitytaknyga.lt\/wp-content\/uploads\/2024\/04\/000000000001103463-59de7f053c88c-asset-knyguklubas-cdb_kk_f6e08432baa3803dbd971bca2bed123d_p1.jpg\",\"datePublished\":\"2024-05-04T14:34:31+00:00\",\"dateModified\":\"2026-03-11T09:02:06+00:00\",\"description\":\"Nepaprastai \u012fdomi meil\u0117s ir griovimo istorija, laisvai paremta pagoni\u0161ka Violsung\u0173 saga. Sakm\u0117 perkelta \u012f apokaliptin\u012f, pramon\u0117s po\u017ei\u016briu sugriaut\u0105 ateities Britanijos kra\u0161tovaizd\u012f, kur vald\u017eia ir turtai atitenka tam, kuris pirmas pasi\u010diups. Jaun\u0105j\u012f didvyr\u012f Sigurd\u0105 kausto t\u0117vyn\u0117s lemtis. Politin\u0117 korupcija ir vald\u017eios tro\u0161kimas \u2013 \u017eaibi\u0161kai atpa\u017e\u012fstami dalykai, jei tik esi susipa\u017ein\u0119s su skandinav\u0173 legenda arba su \u0161iuolaikine politika. Priblo\u0161kiamos vaizduot\u0117s ir galios k\u016brinys, kuriame Burgessas derina mit\u0105, magij\u0105 ir mokslin\u0119 fantastik\u0105 su esmingiausiais ir auk\u0161\u010diausiais \u017emoni\u0173 \u2013 ir ne \u017emoni\u0173 \u2013 jausmais. Skaitykite ir b\u016bkite \u012fsp\u0117ti!\",\"breadcrumb\":{\"@id\":\"https:\/\/skaitytaknyga.lt\/produktas\/m-burgess-kraujo-giesme-2\/#breadcrumb\"},\"inLanguage\":\"en-GB\",\"potentialAction\":[{\"@type\":\"ReadAction\",\"target\":[\"https:\/\/skaitytaknyga.lt\/produktas\/m-burgess-kraujo-giesme-2\/\"]}]},{\"@type\":\"ImageObject\",\"inLanguage\":\"en-GB\",\"@id\":\"https:\/\/skaitytaknyga.lt\/produktas\/m-burgess-kraujo-giesme-2\/#primaryimage\",\"url\":\"https:\/\/skaitytaknyga.lt\/wp-content\/uploads\/2024\/04\/000000000001103463-59de7f053c88c-asset-knyguklubas-cdb_kk_f6e08432baa3803dbd971bca2bed123d_p1.jpg\",\"contentUrl\":\"https:\/\/skaitytaknyga.lt\/wp-content\/uploads\/2024\/04\/000000000001103463-59de7f053c88c-asset-knyguklubas-cdb_kk_f6e08432baa3803dbd971bca2bed123d_p1.jpg\",\"width\":285,\"height\":443,\"caption\":\"000000000001103463 59de7f053c88c asset knyguklubas cdb kk f6e08432baa3803dbd971bca2bed123d p1\"},{\"@type\":\"BreadcrumbList\",\"@id\":\"https:\/\/skaitytaknyga.lt\/produktas\/m-burgess-kraujo-giesme-2\/#breadcrumb\",\"itemListElement\":[{\"@type\":\"ListItem\",\"position\":1,\"name\":\"Home\",\"item\":\"https:\/\/skaitytaknyga.lt\/\"},{\"@type\":\"ListItem\",\"position\":2,\"name\":\"Parduotuv\u0117\",\"item\":\"https:\/\/skaitytaknyga.lt\/knygu-parduotuve\/\"},{\"@type\":\"ListItem\",\"position\":3,\"name\":\"M. Burgess \u201eKraujo giesm\u0117\u201c\"}]},{\"@type\":\"WebSite\",\"@id\":\"https:\/\/skaitytaknyga.lt\/#website\",\"url\":\"https:\/\/skaitytaknyga.lt\/\",\"name\":\"skaitytaknyga.lt\",\"description\":\"Skaitytaknyga.lt \u2013 tai ma\u017eas \u0161eimos verslas, kuris prasid\u0117jo nuo meil\u0117s knygoms ir siekio i\u0161gelb\u0117ti knygas nuo likimo prie konteinerio. Kas vienam nereikalingas daiktas \u2013 kitam lobis, o mes esame tarpininkai, kurie padeda abiems tapti laimingesniems ???? \u017dinome kaip nelengva i\u0161gyventi ma\u017eiems verslams, tad nuo \u0161iol, \u010dia rasite ir kit\u0173, ma\u017e\u0173 \u0161eim\u0173 versl\u0173, rank\u0173 darbo, dovan\u0173 sau ir artimiesiems.\",\"publisher\":{\"@id\":\"https:\/\/skaitytaknyga.lt\/#organization\"},\"potentialAction\":[{\"@type\":\"SearchAction\",\"target\":{\"@type\":\"EntryPoint\",\"urlTemplate\":\"https:\/\/skaitytaknyga.lt\/?s={search_term_string}\"},\"query-input\":{\"@type\":\"PropertyValueSpecification\",\"valueRequired\":true,\"valueName\":\"search_term_string\"}}],\"inLanguage\":\"en-GB\"},{\"@type\":\"Organization\",\"@id\":\"https:\/\/skaitytaknyga.lt\/#organization\",\"name\":\"skaitytaknyga.lt\",\"url\":\"https:\/\/skaitytaknyga.lt\/\",\"logo\":{\"@type\":\"ImageObject\",\"inLanguage\":\"en-GB\",\"@id\":\"https:\/\/skaitytaknyga.lt\/#\/schema\/logo\/image\/\",\"url\":\"https:\/\/skaitytaknyga.lt\/wp-content\/uploads\/2024\/05\/cropped-cropped-cropped-02_00843_jt3bggkj1j3HLc7SyY6rEUpg.jpeg\",\"contentUrl\":\"https:\/\/skaitytaknyga.lt\/wp-content\/uploads\/2024\/05\/cropped-cropped-cropped-02_00843_jt3bggkj1j3HLc7SyY6rEUpg.jpeg\",\"width\":1600,\"height\":1600,\"caption\":\"skaitytaknyga.lt\"},\"image\":{\"@id\":\"https:\/\/skaitytaknyga.lt\/#\/schema\/logo\/image\/\"},\"sameAs\":[\"https:\/\/www.facebook.com\/skaitytaknyga\/\"]}]}<\/script>\n<!-- \/ Yoast SEO plugin. -->","yoast_head_json":{"title":"M. Burgess \u201eKraujo giesm\u0117\u201c","description":"Nepaprastai \u012fdomi meil\u0117s ir griovimo istorija, laisvai paremta pagoni\u0161ka Violsung\u0173 saga. Sakm\u0117 perkelta \u012f apokaliptin\u012f, pramon\u0117s po\u017ei\u016briu sugriaut\u0105 ateities Britanijos kra\u0161tovaizd\u012f, kur vald\u017eia ir turtai atitenka tam, kuris pirmas pasi\u010diups. Jaun\u0105j\u012f didvyr\u012f Sigurd\u0105 kausto t\u0117vyn\u0117s lemtis. Politin\u0117 korupcija ir vald\u017eios tro\u0161kimas \u2013 \u017eaibi\u0161kai atpa\u017e\u012fstami dalykai, jei tik esi susipa\u017ein\u0119s su skandinav\u0173 legenda arba su \u0161iuolaikine politika. Priblo\u0161kiamos vaizduot\u0117s ir galios k\u016brinys, kuriame Burgessas derina mit\u0105, magij\u0105 ir mokslin\u0119 fantastik\u0105 su esmingiausiais ir auk\u0161\u010diausiais \u017emoni\u0173 \u2013 ir ne \u017emoni\u0173 \u2013 jausmais. Skaitykite ir b\u016bkite \u012fsp\u0117ti!","robots":{"index":"index","follow":"follow","max-snippet":"max-snippet:-1","max-image-preview":"max-image-preview:large","max-video-preview":"max-video-preview:-1"},"canonical":"https:\/\/skaitytaknyga.lt\/en\/produktas\/m-burgess-kraujo-giesme-2\/","og_locale":"en_GB","og_type":"article","og_title":"[:lt]M. Burgess \u201eKraujo giesm\u0117\u201c[:] - Skaitytaknyga","og_description":"Nepaprastai \u012fdomi meil\u0117s ir griovimo istorija, laisvai paremta pagoni\u0161ka Violsung\u0173 saga. Sakm\u0117 perkelta \u012f apokaliptin\u012f, pramon\u0117s po\u017ei\u016briu sugriaut\u0105 ateities Britanijos kra\u0161tovaizd\u012f, kur vald\u017eia ir turtai atitenka tam, kuris pirmas pasi\u010diups. Jaun\u0105j\u012f didvyr\u012f Sigurd\u0105 kausto t\u0117vyn\u0117s lemtis. Politin\u0117 korupcija ir vald\u017eios tro\u0161kimas \u2013 \u017eaibi\u0161kai atpa\u017e\u012fstami dalykai, jei tik esi susipa\u017ein\u0119s su skandinav\u0173 legenda arba su \u0161iuolaikine politika. Priblo\u0161kiamos vaizduot\u0117s ir galios k\u016brinys, kuriame Burgessas derina mit\u0105, magij\u0105 ir mokslin\u0119 fantastik\u0105 su esmingiausiais ir auk\u0161\u010diausiais \u017emoni\u0173 \u2013 ir ne \u017emoni\u0173 \u2013 jausmais. Skaitykite ir b\u016bkite \u012fsp\u0117ti!","og_url":"https:\/\/skaitytaknyga.lt\/en\/produktas\/m-burgess-kraujo-giesme-2\/","og_site_name":"Skaitytaknyga","article_publisher":"https:\/\/www.facebook.com\/skaitytaknyga\/","article_modified_time":"2026-03-11T09:02:06+00:00","og_image":[{"width":285,"height":443,"url":"https:\/\/skaitytaknyga.lt\/wp-content\/uploads\/2024\/04\/000000000001103463-59de7f053c88c-asset-knyguklubas-cdb_kk_f6e08432baa3803dbd971bca2bed123d_p1.jpg","type":"image\/jpeg"}],"twitter_card":"summary_large_image","twitter_misc":{"Estimated reading time":"1 minute"},"schema":{"@context":"https:\/\/schema.org","@graph":[{"@type":"WebPage","@id":"https:\/\/skaitytaknyga.lt\/produktas\/m-burgess-kraujo-giesme-2\/","url":"https:\/\/skaitytaknyga.lt\/produktas\/m-burgess-kraujo-giesme-2\/","name":"M. Burgess \u201eKraujo giesm\u0117\u201c","isPartOf":{"@id":"https:\/\/skaitytaknyga.lt\/#website"},"primaryImageOfPage":{"@id":"https:\/\/skaitytaknyga.lt\/produktas\/m-burgess-kraujo-giesme-2\/#primaryimage"},"image":{"@id":"https:\/\/skaitytaknyga.lt\/produktas\/m-burgess-kraujo-giesme-2\/#primaryimage"},"thumbnailUrl":"https:\/\/skaitytaknyga.lt\/wp-content\/uploads\/2024\/04\/000000000001103463-59de7f053c88c-asset-knyguklubas-cdb_kk_f6e08432baa3803dbd971bca2bed123d_p1.jpg","datePublished":"2024-05-04T14:34:31+00:00","dateModified":"2026-03-11T09:02:06+00:00","description":"Nepaprastai \u012fdomi meil\u0117s ir griovimo istorija, laisvai paremta pagoni\u0161ka Violsung\u0173 saga. Sakm\u0117 perkelta \u012f apokaliptin\u012f, pramon\u0117s po\u017ei\u016briu sugriaut\u0105 ateities Britanijos kra\u0161tovaizd\u012f, kur vald\u017eia ir turtai atitenka tam, kuris pirmas pasi\u010diups. Jaun\u0105j\u012f didvyr\u012f Sigurd\u0105 kausto t\u0117vyn\u0117s lemtis. Politin\u0117 korupcija ir vald\u017eios tro\u0161kimas \u2013 \u017eaibi\u0161kai atpa\u017e\u012fstami dalykai, jei tik esi susipa\u017ein\u0119s su skandinav\u0173 legenda arba su \u0161iuolaikine politika. Priblo\u0161kiamos vaizduot\u0117s ir galios k\u016brinys, kuriame Burgessas derina mit\u0105, magij\u0105 ir mokslin\u0119 fantastik\u0105 su esmingiausiais ir auk\u0161\u010diausiais \u017emoni\u0173 \u2013 ir ne \u017emoni\u0173 \u2013 jausmais. Skaitykite ir b\u016bkite \u012fsp\u0117ti!","breadcrumb":{"@id":"https:\/\/skaitytaknyga.lt\/produktas\/m-burgess-kraujo-giesme-2\/#breadcrumb"},"inLanguage":"en-GB","potentialAction":[{"@type":"ReadAction","target":["https:\/\/skaitytaknyga.lt\/produktas\/m-burgess-kraujo-giesme-2\/"]}]},{"@type":"ImageObject","inLanguage":"en-GB","@id":"https:\/\/skaitytaknyga.lt\/produktas\/m-burgess-kraujo-giesme-2\/#primaryimage","url":"https:\/\/skaitytaknyga.lt\/wp-content\/uploads\/2024\/04\/000000000001103463-59de7f053c88c-asset-knyguklubas-cdb_kk_f6e08432baa3803dbd971bca2bed123d_p1.jpg","contentUrl":"https:\/\/skaitytaknyga.lt\/wp-content\/uploads\/2024\/04\/000000000001103463-59de7f053c88c-asset-knyguklubas-cdb_kk_f6e08432baa3803dbd971bca2bed123d_p1.jpg","width":285,"height":443,"caption":"000000000001103463 59de7f053c88c asset knyguklubas cdb kk f6e08432baa3803dbd971bca2bed123d p1"},{"@type":"BreadcrumbList","@id":"https:\/\/skaitytaknyga.lt\/produktas\/m-burgess-kraujo-giesme-2\/#breadcrumb","itemListElement":[{"@type":"ListItem","position":1,"name":"Home","item":"https:\/\/skaitytaknyga.lt\/"},{"@type":"ListItem","position":2,"name":"Parduotuv\u0117","item":"https:\/\/skaitytaknyga.lt\/knygu-parduotuve\/"},{"@type":"ListItem","position":3,"name":"M. Burgess \u201eKraujo giesm\u0117\u201c"}]},{"@type":"WebSite","@id":"https:\/\/skaitytaknyga.lt\/#website","url":"https:\/\/skaitytaknyga.lt\/","name":"skaitytaknyga.lt","description":"Skaitytaknyga.lt \u2013 tai ma\u017eas \u0161eimos verslas, kuris prasid\u0117jo nuo meil\u0117s knygoms ir siekio i\u0161gelb\u0117ti knygas nuo likimo prie konteinerio. Kas vienam nereikalingas daiktas \u2013 kitam lobis, o mes esame tarpininkai, kurie padeda abiems tapti laimingesniems ???? \u017dinome kaip nelengva i\u0161gyventi ma\u017eiems verslams, tad nuo \u0161iol, \u010dia rasite ir kit\u0173, ma\u017e\u0173 \u0161eim\u0173 versl\u0173, rank\u0173 darbo, dovan\u0173 sau ir artimiesiems.","publisher":{"@id":"https:\/\/skaitytaknyga.lt\/#organization"},"potentialAction":[{"@type":"SearchAction","target":{"@type":"EntryPoint","urlTemplate":"https:\/\/skaitytaknyga.lt\/?s={search_term_string}"},"query-input":{"@type":"PropertyValueSpecification","valueRequired":true,"valueName":"search_term_string"}}],"inLanguage":"en-GB"},{"@type":"Organization","@id":"https:\/\/skaitytaknyga.lt\/#organization","name":"skaitytaknyga.lt","url":"https:\/\/skaitytaknyga.lt\/","logo":{"@type":"ImageObject","inLanguage":"en-GB","@id":"https:\/\/skaitytaknyga.lt\/#\/schema\/logo\/image\/","url":"https:\/\/skaitytaknyga.lt\/wp-content\/uploads\/2024\/05\/cropped-cropped-cropped-02_00843_jt3bggkj1j3HLc7SyY6rEUpg.jpeg","contentUrl":"https:\/\/skaitytaknyga.lt\/wp-content\/uploads\/2024\/05\/cropped-cropped-cropped-02_00843_jt3bggkj1j3HLc7SyY6rEUpg.jpeg","width":1600,"height":1600,"caption":"skaitytaknyga.lt"},"image":{"@id":"https:\/\/skaitytaknyga.lt\/#\/schema\/logo\/image\/"},"sameAs":["https:\/\/www.facebook.com\/skaitytaknyga\/"]}]}},"_links":{"self":[{"href":"https:\/\/skaitytaknyga.lt\/en\/wp-json\/wp\/v2\/product\/7750","targetHints":{"allow":["GET"]}}],"collection":[{"href":"https:\/\/skaitytaknyga.lt\/en\/wp-json\/wp\/v2\/product"}],"about":[{"href":"https:\/\/skaitytaknyga.lt\/en\/wp-json\/wp\/v2\/types\/product"}],"replies":[{"embeddable":true,"href":"https:\/\/skaitytaknyga.lt\/en\/wp-json\/wp\/v2\/comments?post=7750"}],"wp:featuredmedia":[{"embeddable":true,"href":"https:\/\/skaitytaknyga.lt\/en\/wp-json\/wp\/v2\/media\/3188"}],"wp:attachment":[{"href":"https:\/\/skaitytaknyga.lt\/en\/wp-json\/wp\/v2\/media?parent=7750"}],"wp:term":[{"taxonomy":"product_brand","embeddable":true,"href":"https:\/\/skaitytaknyga.lt\/en\/wp-json\/wp\/v2\/product_brand?post=7750"},{"taxonomy":"product_cat","embeddable":true,"href":"https:\/\/skaitytaknyga.lt\/en\/wp-json\/wp\/v2\/product_cat?post=7750"},{"taxonomy":"product_tag","embeddable":true,"href":"https:\/\/skaitytaknyga.lt\/en\/wp-json\/wp\/v2\/product_tag?post=7750"}],"curies":[{"name":"wp","href":"https:\/\/api.w.org\/{rel}","templated":true}]}}