{"id":7746,"date":"2024-05-04T14:34:31","date_gmt":"2024-05-04T14:34:31","guid":{"rendered":"https:\/\/skaitytaknyga.lt\/?post_type=product&#038;p=7746"},"modified":"2025-05-19T09:47:09","modified_gmt":"2025-05-19T06:47:09","slug":"m-burgess-ledi-kales-gyvenimas-2","status":"publish","type":"product","link":"https:\/\/skaitytaknyga.lt\/en\/produktas\/m-burgess-ledi-kales-gyvenimas-2\/","title":{"rendered":"Ledi kal\u0117s gyvenimas"},"content":{"rendered":"<p>Sandrai Fransis septyniolika ir jai galvoje tik pasilinksminimai. Aplinkiniai bando atvesti j\u0105 \u012f prot\u0105, deja, toks gyvenimas jai patinka. Ir kai j\u0105 nety\u010dia paaver\u010dia \u0161unimi, i\u0161 prad\u017ei\u0173 persigandusi mergina ilgainiui susim\u0105sto, ar verta gr\u012f\u017eti \u012f \u017emogi\u0161k\u0105j\u012f gyvenim\u0105. Jos m\u0117ginimai neprarasti \u017emogi\u0161kumo yra keisti ir kartu nepaprastai juokingi, o \u0161uns gyvenimas atveria jai malonum\u0173 pasaul\u012f, kurio ji n\u0117 nenuman\u0117 esant.<\/p>\n","protected":false},"excerpt":{"rendered":"<p>Sandrai Fransis septyniolika ir jai galvoje tik pasilinksminimai. Aplinkiniai bando atvesti j\u0105 \u012f prot\u0105, deja, toks gyvenimas jai patinka. Ir kai j\u0105 nety\u010dia paaver\u010dia \u0161unimi, i\u0161 prad\u017ei\u0173 persigandusi mergina ilgainiui susim\u0105sto, ar verta gr\u012f\u017eti \u012f \u017emogi\u0161k\u0105j\u012f gyvenim\u0105. Jos m\u0117ginimai neprarasti \u017emogi\u0161kumo yra keisti ir kartu nepaprastai juokingi, o \u0161uns gyvenimas atveria jai malonum\u0173 pasaul\u012f, kurio ji n\u0117 nenuman\u0117 esant.<\/p>\n","protected":false},"featured_media":3184,"comment_status":"closed","ping_status":"closed","template":"","meta":{"_acf_changed":false,"site-sidebar-layout":"default","site-content-layout":"","ast-site-content-layout":"default","site-content-style":"default","site-sidebar-style":"default","ast-global-header-display":"","ast-banner-title-visibility":"","ast-main-header-display":"","ast-hfb-above-header-display":"","ast-hfb-below-header-display":"","ast-hfb-mobile-header-display":"","site-post-title":"","ast-breadcrumbs-content":"","ast-featured-img":"","footer-sml-layout":"","ast-disable-related-posts":"","theme-transparent-header-meta":"","adv-header-id-meta":"","stick-header-meta":"","header-above-stick-meta":"","header-main-stick-meta":"","header-below-stick-meta":"","astra-migrate-meta-layouts":"default","ast-page-background-enabled":"default","ast-page-background-meta":{"desktop":{"background-color":"","background-image":"","background-repeat":"repeat","background-position":"center center","background-size":"auto","background-attachment":"scroll","background-type":"","background-media":"","overlay-type":"","overlay-color":"","overlay-opacity":"","overlay-gradient":""},"tablet":{"background-color":"","background-image":"","background-repeat":"repeat","background-position":"center center","background-size":"auto","background-attachment":"scroll","background-type":"","background-media":"","overlay-type":"","overlay-color":"","overlay-opacity":"","overlay-gradient":""},"mobile":{"background-color":"","background-image":"","background-repeat":"repeat","background-position":"center center","background-size":"auto","background-attachment":"scroll","background-type":"","background-media":"","overlay-type":"","overlay-color":"","overlay-opacity":"","overlay-gradient":""}},"ast-content-background-meta":{"desktop":{"background-color":"var(--ast-global-color-4)","background-image":"","background-repeat":"repeat","background-position":"center center","background-size":"auto","background-attachment":"scroll","background-type":"","background-media":"","overlay-type":"","overlay-color":"","overlay-opacity":"","overlay-gradient":""},"tablet":{"background-color":"var(--ast-global-color-4)","background-image":"","background-repeat":"repeat","background-position":"center center","background-size":"auto","background-attachment":"scroll","background-type":"","background-media":"","overlay-type":"","overlay-color":"","overlay-opacity":"","overlay-gradient":""},"mobile":{"background-color":"var(--ast-global-color-4)","background-image":"","background-repeat":"repeat","background-position":"center center","background-size":"auto","background-attachment":"scroll","background-type":"","background-media":"","overlay-type":"","overlay-color":"","overlay-opacity":"","overlay-gradient":""}}},"product_brand":[],"product_cat":[35],"product_tag":[],"class_list":{"0":"post-7746","1":"product","2":"type-product","3":"status-publish","4":"has-post-thumbnail","6":"product_cat-vaikams-ir-paaugliams","7":"desktop-align-left","8":"tablet-align-left","9":"mobile-align-left","11":"first","12":"instock","13":"shipping-taxable","14":"purchasable","15":"product-type-simple"},"acf":[],"yoast_head":"<!-- This site is optimized with the Yoast SEO plugin v27.4 - https:\/\/yoast.com\/product\/yoast-seo-wordpress\/ -->\n<title>Ledi kal\u0117s gyvenimas<\/title>\n<meta name=\"description\" content=\"Sandrai Fransis septyniolika ir jai galvoje tik pasilinksminimai. Aplinkiniai bando atvesti j\u0105 \u012f prot\u0105, deja, toks gyvenimas jai patinka. Ir kai j\u0105 nety\u010dia paaver\u010dia \u0161unimi, i\u0161 prad\u017ei\u0173 persigandusi mergina ilgainiui susim\u0105sto, ar verta gr\u012f\u017eti \u012f \u017emogi\u0161k\u0105j\u012f gyvenim\u0105. Jos m\u0117ginimai neprarasti \u017emogi\u0161kumo yra keisti ir kartu nepaprastai juokingi, o \u0161uns gyvenimas atveria jai malonum\u0173 pasaul\u012f, kurio ji n\u0117 nenuman\u0117 esant.\" \/>\n<meta name=\"robots\" content=\"index, follow, max-snippet:-1, max-image-preview:large, max-video-preview:-1\" \/>\n<link rel=\"canonical\" href=\"https:\/\/skaitytaknyga.lt\/en\/produktas\/m-burgess-ledi-kales-gyvenimas-2\/\" \/>\n<meta property=\"og:locale\" content=\"en_GB\" \/>\n<meta property=\"og:locale:alternate\" content=\"lt_LT\" \/>\n<meta property=\"og:type\" content=\"article\" \/>\n<meta property=\"og:title\" content=\"Ledi kal\u0117s gyvenimas\" \/>\n<meta property=\"og:description\" content=\"Sandrai Fransis septyniolika ir jai galvoje tik pasilinksminimai. Aplinkiniai bando atvesti j\u0105 \u012f prot\u0105, deja, toks gyvenimas jai patinka. Ir kai j\u0105 nety\u010dia paaver\u010dia \u0161unimi, i\u0161 prad\u017ei\u0173 persigandusi mergina ilgainiui susim\u0105sto, ar verta gr\u012f\u017eti \u012f \u017emogi\u0161k\u0105j\u012f gyvenim\u0105. Jos m\u0117ginimai neprarasti \u017emogi\u0161kumo yra keisti ir kartu nepaprastai juokingi, o \u0161uns gyvenimas atveria jai malonum\u0173 pasaul\u012f, kurio ji n\u0117 nenuman\u0117 esant.\" \/>\n<meta property=\"og:url\" content=\"https:\/\/skaitytaknyga.lt\/en\/produktas\/m-burgess-ledi-kales-gyvenimas-2\/\" \/>\n<meta property=\"og:site_name\" content=\"Skaitytaknyga\" \/>\n<meta property=\"article:publisher\" content=\"https:\/\/www.facebook.com\/skaitytaknyga\/\" \/>\n<meta property=\"article:modified_time\" content=\"2025-05-19T06:47:09+00:00\" \/>\n<meta property=\"og:image\" content=\"https:\/\/skaitytaknyga.lt\/wp-content\/uploads\/2024\/04\/scan-01-10-2018-1340.jpg\" \/>\n\t<meta property=\"og:image:width\" content=\"485\" \/>\n\t<meta property=\"og:image:height\" content=\"800\" \/>\n\t<meta property=\"og:image:type\" content=\"image\/jpeg\" \/>\n<meta name=\"twitter:card\" content=\"summary_large_image\" \/>\n<script type=\"application\/ld+json\" class=\"yoast-schema-graph\">{\"@context\":\"https:\\\/\\\/schema.org\",\"@graph\":[{\"@type\":\"WebPage\",\"@id\":\"https:\\\/\\\/skaitytaknyga.lt\\\/produktas\\\/m-burgess-ledi-kales-gyvenimas-2\\\/\",\"url\":\"https:\\\/\\\/skaitytaknyga.lt\\\/produktas\\\/m-burgess-ledi-kales-gyvenimas-2\\\/\",\"name\":\"Ledi kal\u0117s gyvenimas\",\"isPartOf\":{\"@id\":\"https:\\\/\\\/skaitytaknyga.lt\\\/#website\"},\"primaryImageOfPage\":{\"@id\":\"https:\\\/\\\/skaitytaknyga.lt\\\/produktas\\\/m-burgess-ledi-kales-gyvenimas-2\\\/#primaryimage\"},\"image\":{\"@id\":\"https:\\\/\\\/skaitytaknyga.lt\\\/produktas\\\/m-burgess-ledi-kales-gyvenimas-2\\\/#primaryimage\"},\"thumbnailUrl\":\"https:\\\/\\\/skaitytaknyga.lt\\\/wp-content\\\/uploads\\\/2024\\\/04\\\/scan-01-10-2018-1340.jpg\",\"datePublished\":\"2024-05-04T14:34:31+00:00\",\"dateModified\":\"2025-05-19T06:47:09+00:00\",\"description\":\"Sandrai Fransis septyniolika ir jai galvoje tik pasilinksminimai. Aplinkiniai bando atvesti j\u0105 \u012f prot\u0105, deja, toks gyvenimas jai patinka. Ir kai j\u0105 nety\u010dia paaver\u010dia \u0161unimi, i\u0161 prad\u017ei\u0173 persigandusi mergina ilgainiui susim\u0105sto, ar verta gr\u012f\u017eti \u012f \u017emogi\u0161k\u0105j\u012f gyvenim\u0105. Jos m\u0117ginimai neprarasti \u017emogi\u0161kumo yra keisti ir kartu nepaprastai juokingi, o \u0161uns gyvenimas atveria jai malonum\u0173 pasaul\u012f, kurio ji n\u0117 nenuman\u0117 esant.\",\"breadcrumb\":{\"@id\":\"https:\\\/\\\/skaitytaknyga.lt\\\/produktas\\\/m-burgess-ledi-kales-gyvenimas-2\\\/#breadcrumb\"},\"inLanguage\":\"en-GB\",\"potentialAction\":[{\"@type\":\"ReadAction\",\"target\":[\"https:\\\/\\\/skaitytaknyga.lt\\\/produktas\\\/m-burgess-ledi-kales-gyvenimas-2\\\/\"]}]},{\"@type\":\"ImageObject\",\"inLanguage\":\"en-GB\",\"@id\":\"https:\\\/\\\/skaitytaknyga.lt\\\/produktas\\\/m-burgess-ledi-kales-gyvenimas-2\\\/#primaryimage\",\"url\":\"https:\\\/\\\/skaitytaknyga.lt\\\/wp-content\\\/uploads\\\/2024\\\/04\\\/scan-01-10-2018-1340.jpg\",\"contentUrl\":\"https:\\\/\\\/skaitytaknyga.lt\\\/wp-content\\\/uploads\\\/2024\\\/04\\\/scan-01-10-2018-1340.jpg\",\"width\":485,\"height\":800,\"caption\":\"scan 01 10 2018 1340\"},{\"@type\":\"BreadcrumbList\",\"@id\":\"https:\\\/\\\/skaitytaknyga.lt\\\/produktas\\\/m-burgess-ledi-kales-gyvenimas-2\\\/#breadcrumb\",\"itemListElement\":[{\"@type\":\"ListItem\",\"position\":1,\"name\":\"Home\",\"item\":\"https:\\\/\\\/skaitytaknyga.lt\\\/\"},{\"@type\":\"ListItem\",\"position\":2,\"name\":\"Parduotuv\u0117\",\"item\":\"https:\\\/\\\/skaitytaknyga.lt\\\/knygu-parduotuve\\\/\"},{\"@type\":\"ListItem\",\"position\":3,\"name\":\"Ledi kal\u0117s gyvenimas\"}]},{\"@type\":\"WebSite\",\"@id\":\"https:\\\/\\\/skaitytaknyga.lt\\\/#website\",\"url\":\"https:\\\/\\\/skaitytaknyga.lt\\\/\",\"name\":\"skaitytaknyga.lt\",\"description\":\"Skaitytaknyga.lt \u2013 tai ma\u017eas \u0161eimos verslas, kuris prasid\u0117jo nuo meil\u0117s knygoms ir siekio i\u0161gelb\u0117ti knygas nuo likimo prie konteinerio. Kas vienam nereikalingas daiktas \u2013 kitam lobis, o mes esame tarpininkai, kurie padeda abiems tapti laimingesniems ???? \u017dinome kaip nelengva i\u0161gyventi ma\u017eiems verslams, tad nuo \u0161iol, \u010dia rasite ir kit\u0173, ma\u017e\u0173 \u0161eim\u0173 versl\u0173, rank\u0173 darbo, dovan\u0173 sau ir artimiesiems.\",\"publisher\":{\"@id\":\"https:\\\/\\\/skaitytaknyga.lt\\\/#organization\"},\"potentialAction\":[{\"@type\":\"SearchAction\",\"target\":{\"@type\":\"EntryPoint\",\"urlTemplate\":\"https:\\\/\\\/skaitytaknyga.lt\\\/?s={search_term_string}\"},\"query-input\":{\"@type\":\"PropertyValueSpecification\",\"valueRequired\":true,\"valueName\":\"search_term_string\"}}],\"inLanguage\":\"en-GB\"},{\"@type\":\"Organization\",\"@id\":\"https:\\\/\\\/skaitytaknyga.lt\\\/#organization\",\"name\":\"skaitytaknyga.lt\",\"url\":\"https:\\\/\\\/skaitytaknyga.lt\\\/\",\"logo\":{\"@type\":\"ImageObject\",\"inLanguage\":\"en-GB\",\"@id\":\"https:\\\/\\\/skaitytaknyga.lt\\\/#\\\/schema\\\/logo\\\/image\\\/\",\"url\":\"https:\\\/\\\/skaitytaknyga.lt\\\/wp-content\\\/uploads\\\/2024\\\/05\\\/cropped-cropped-cropped-02_00843_jt3bggkj1j3HLc7SyY6rEUpg.jpeg\",\"contentUrl\":\"https:\\\/\\\/skaitytaknyga.lt\\\/wp-content\\\/uploads\\\/2024\\\/05\\\/cropped-cropped-cropped-02_00843_jt3bggkj1j3HLc7SyY6rEUpg.jpeg\",\"width\":1600,\"height\":1600,\"caption\":\"skaitytaknyga.lt\"},\"image\":{\"@id\":\"https:\\\/\\\/skaitytaknyga.lt\\\/#\\\/schema\\\/logo\\\/image\\\/\"},\"sameAs\":[\"https:\\\/\\\/www.facebook.com\\\/skaitytaknyga\\\/\"]}]}<\/script>\n<!-- \/ Yoast SEO plugin. -->","yoast_head_json":{"title":"Ledi kal\u0117s gyvenimas","description":"Sandrai Fransis septyniolika ir jai galvoje tik pasilinksminimai. Aplinkiniai bando atvesti j\u0105 \u012f prot\u0105, deja, toks gyvenimas jai patinka. Ir kai j\u0105 nety\u010dia paaver\u010dia \u0161unimi, i\u0161 prad\u017ei\u0173 persigandusi mergina ilgainiui susim\u0105sto, ar verta gr\u012f\u017eti \u012f \u017emogi\u0161k\u0105j\u012f gyvenim\u0105. Jos m\u0117ginimai neprarasti \u017emogi\u0161kumo yra keisti ir kartu nepaprastai juokingi, o \u0161uns gyvenimas atveria jai malonum\u0173 pasaul\u012f, kurio ji n\u0117 nenuman\u0117 esant.","robots":{"index":"index","follow":"follow","max-snippet":"max-snippet:-1","max-image-preview":"max-image-preview:large","max-video-preview":"max-video-preview:-1"},"canonical":"https:\/\/skaitytaknyga.lt\/en\/produktas\/m-burgess-ledi-kales-gyvenimas-2\/","og_locale":"en_GB","og_type":"article","og_title":"[:lt]Ledi kal\u0117s gyvenimas[:] - Skaitytaknyga","og_description":"Sandrai Fransis septyniolika ir jai galvoje tik pasilinksminimai. Aplinkiniai bando atvesti j\u0105 \u012f prot\u0105, deja, toks gyvenimas jai patinka. Ir kai j\u0105 nety\u010dia paaver\u010dia \u0161unimi, i\u0161 prad\u017ei\u0173 persigandusi mergina ilgainiui susim\u0105sto, ar verta gr\u012f\u017eti \u012f \u017emogi\u0161k\u0105j\u012f gyvenim\u0105. Jos m\u0117ginimai neprarasti \u017emogi\u0161kumo yra keisti ir kartu nepaprastai juokingi, o \u0161uns gyvenimas atveria jai malonum\u0173 pasaul\u012f, kurio ji n\u0117 nenuman\u0117 esant.","og_url":"https:\/\/skaitytaknyga.lt\/en\/produktas\/m-burgess-ledi-kales-gyvenimas-2\/","og_site_name":"Skaitytaknyga","article_publisher":"https:\/\/www.facebook.com\/skaitytaknyga\/","article_modified_time":"2025-05-19T06:47:09+00:00","og_image":[{"width":485,"height":800,"url":"https:\/\/skaitytaknyga.lt\/wp-content\/uploads\/2024\/04\/scan-01-10-2018-1340.jpg","type":"image\/jpeg"}],"twitter_card":"summary_large_image","schema":{"@context":"https:\/\/schema.org","@graph":[{"@type":"WebPage","@id":"https:\/\/skaitytaknyga.lt\/produktas\/m-burgess-ledi-kales-gyvenimas-2\/","url":"https:\/\/skaitytaknyga.lt\/produktas\/m-burgess-ledi-kales-gyvenimas-2\/","name":"Ledi kal\u0117s gyvenimas","isPartOf":{"@id":"https:\/\/skaitytaknyga.lt\/#website"},"primaryImageOfPage":{"@id":"https:\/\/skaitytaknyga.lt\/produktas\/m-burgess-ledi-kales-gyvenimas-2\/#primaryimage"},"image":{"@id":"https:\/\/skaitytaknyga.lt\/produktas\/m-burgess-ledi-kales-gyvenimas-2\/#primaryimage"},"thumbnailUrl":"https:\/\/skaitytaknyga.lt\/wp-content\/uploads\/2024\/04\/scan-01-10-2018-1340.jpg","datePublished":"2024-05-04T14:34:31+00:00","dateModified":"2025-05-19T06:47:09+00:00","description":"Sandrai Fransis septyniolika ir jai galvoje tik pasilinksminimai. Aplinkiniai bando atvesti j\u0105 \u012f prot\u0105, deja, toks gyvenimas jai patinka. Ir kai j\u0105 nety\u010dia paaver\u010dia \u0161unimi, i\u0161 prad\u017ei\u0173 persigandusi mergina ilgainiui susim\u0105sto, ar verta gr\u012f\u017eti \u012f \u017emogi\u0161k\u0105j\u012f gyvenim\u0105. Jos m\u0117ginimai neprarasti \u017emogi\u0161kumo yra keisti ir kartu nepaprastai juokingi, o \u0161uns gyvenimas atveria jai malonum\u0173 pasaul\u012f, kurio ji n\u0117 nenuman\u0117 esant.","breadcrumb":{"@id":"https:\/\/skaitytaknyga.lt\/produktas\/m-burgess-ledi-kales-gyvenimas-2\/#breadcrumb"},"inLanguage":"en-GB","potentialAction":[{"@type":"ReadAction","target":["https:\/\/skaitytaknyga.lt\/produktas\/m-burgess-ledi-kales-gyvenimas-2\/"]}]},{"@type":"ImageObject","inLanguage":"en-GB","@id":"https:\/\/skaitytaknyga.lt\/produktas\/m-burgess-ledi-kales-gyvenimas-2\/#primaryimage","url":"https:\/\/skaitytaknyga.lt\/wp-content\/uploads\/2024\/04\/scan-01-10-2018-1340.jpg","contentUrl":"https:\/\/skaitytaknyga.lt\/wp-content\/uploads\/2024\/04\/scan-01-10-2018-1340.jpg","width":485,"height":800,"caption":"scan 01 10 2018 1340"},{"@type":"BreadcrumbList","@id":"https:\/\/skaitytaknyga.lt\/produktas\/m-burgess-ledi-kales-gyvenimas-2\/#breadcrumb","itemListElement":[{"@type":"ListItem","position":1,"name":"Home","item":"https:\/\/skaitytaknyga.lt\/"},{"@type":"ListItem","position":2,"name":"Parduotuv\u0117","item":"https:\/\/skaitytaknyga.lt\/knygu-parduotuve\/"},{"@type":"ListItem","position":3,"name":"Ledi kal\u0117s gyvenimas"}]},{"@type":"WebSite","@id":"https:\/\/skaitytaknyga.lt\/#website","url":"https:\/\/skaitytaknyga.lt\/","name":"skaitytaknyga.lt","description":"Skaitytaknyga.lt \u2013 tai ma\u017eas \u0161eimos verslas, kuris prasid\u0117jo nuo meil\u0117s knygoms ir siekio i\u0161gelb\u0117ti knygas nuo likimo prie konteinerio. Kas vienam nereikalingas daiktas \u2013 kitam lobis, o mes esame tarpininkai, kurie padeda abiems tapti laimingesniems ???? \u017dinome kaip nelengva i\u0161gyventi ma\u017eiems verslams, tad nuo \u0161iol, \u010dia rasite ir kit\u0173, ma\u017e\u0173 \u0161eim\u0173 versl\u0173, rank\u0173 darbo, dovan\u0173 sau ir artimiesiems.","publisher":{"@id":"https:\/\/skaitytaknyga.lt\/#organization"},"potentialAction":[{"@type":"SearchAction","target":{"@type":"EntryPoint","urlTemplate":"https:\/\/skaitytaknyga.lt\/?s={search_term_string}"},"query-input":{"@type":"PropertyValueSpecification","valueRequired":true,"valueName":"search_term_string"}}],"inLanguage":"en-GB"},{"@type":"Organization","@id":"https:\/\/skaitytaknyga.lt\/#organization","name":"skaitytaknyga.lt","url":"https:\/\/skaitytaknyga.lt\/","logo":{"@type":"ImageObject","inLanguage":"en-GB","@id":"https:\/\/skaitytaknyga.lt\/#\/schema\/logo\/image\/","url":"https:\/\/skaitytaknyga.lt\/wp-content\/uploads\/2024\/05\/cropped-cropped-cropped-02_00843_jt3bggkj1j3HLc7SyY6rEUpg.jpeg","contentUrl":"https:\/\/skaitytaknyga.lt\/wp-content\/uploads\/2024\/05\/cropped-cropped-cropped-02_00843_jt3bggkj1j3HLc7SyY6rEUpg.jpeg","width":1600,"height":1600,"caption":"skaitytaknyga.lt"},"image":{"@id":"https:\/\/skaitytaknyga.lt\/#\/schema\/logo\/image\/"},"sameAs":["https:\/\/www.facebook.com\/skaitytaknyga\/"]}]}},"_links":{"self":[{"href":"https:\/\/skaitytaknyga.lt\/en\/wp-json\/wp\/v2\/product\/7746","targetHints":{"allow":["GET"]}}],"collection":[{"href":"https:\/\/skaitytaknyga.lt\/en\/wp-json\/wp\/v2\/product"}],"about":[{"href":"https:\/\/skaitytaknyga.lt\/en\/wp-json\/wp\/v2\/types\/product"}],"replies":[{"embeddable":true,"href":"https:\/\/skaitytaknyga.lt\/en\/wp-json\/wp\/v2\/comments?post=7746"}],"wp:featuredmedia":[{"embeddable":true,"href":"https:\/\/skaitytaknyga.lt\/en\/wp-json\/wp\/v2\/media\/3184"}],"wp:attachment":[{"href":"https:\/\/skaitytaknyga.lt\/en\/wp-json\/wp\/v2\/media?parent=7746"}],"wp:term":[{"taxonomy":"product_brand","embeddable":true,"href":"https:\/\/skaitytaknyga.lt\/en\/wp-json\/wp\/v2\/product_brand?post=7746"},{"taxonomy":"product_cat","embeddable":true,"href":"https:\/\/skaitytaknyga.lt\/en\/wp-json\/wp\/v2\/product_cat?post=7746"},{"taxonomy":"product_tag","embeddable":true,"href":"https:\/\/skaitytaknyga.lt\/en\/wp-json\/wp\/v2\/product_tag?post=7746"}],"curies":[{"name":"wp","href":"https:\/\/api.w.org\/{rel}","templated":true}]}}