{"id":7745,"date":"2024-05-04T14:34:31","date_gmt":"2024-05-04T14:34:31","guid":{"rendered":"https:\/\/skaitytaknyga.lt\/?post_type=product&#038;p=7745"},"modified":"2026-03-11T11:02:06","modified_gmt":"2026-03-11T09:02:06","slug":"m-burgess-mejos-angelas-2","status":"publish","type":"product","link":"https:\/\/skaitytaknyga.lt\/en\/produktas\/m-burgess-mejos-angelas-2\/","title":{"rendered":"M. Burgess \u201eM\u0117jos angelas\u201c"},"content":{"rendered":"<p>I\u0161siskyrus t\u0117vams, Temas jau\u010diasi nelaimingas ir da\u017enai ie\u0161ko vienatv\u0117s ir nusiraminimo keistoje Anavos sodyboje, kurios griuv\u0117siai k\u0117pso u\u017e kalvos netoli nuo miestelio. Bet vien\u0105 gra\u017ei\u0105 dien\u0105 jis nuslysta nepaprastu laiko koridoriumi ir atsiduria toje sodyboje aplink siau\u010diant karui.<\/p>\n<p>Ten jis sutinka i\u0161 subombarduoto namo r\u016bsio i\u0161gelb\u0117t\u0105 mergait\u0119 M\u0117j\u0105, kuriai gr\u012f\u017eti \u012f gyvenim\u0105 labai sunku. Vaikai moka vienas kitam pad\u0117ti. M\u0117ja stengiasi Tem\u0105 \u012ftikinti, kad jis likt\u0173 sodyboje, ta\u010diau jis bijo b\u016bti \u012fkalintas praeityje&#8230;<\/p>\n<p>Dar viena jaudinanti \u201eHeroino\u201c ir \u201eEipril\u0117s meil\u0117s\u201c autoriaus istorija apie dviej\u0173 siel\u0173, pasimetusi\u0173 skirtingame laike, meil\u0119 ir draugyst\u0119, apie gerumo stebukl\u0105.<\/p>\n<p>Pagal \u0161i\u0105 knyg\u0105 sukurtas filmas.<\/p>\n","protected":false},"excerpt":{"rendered":"<p>I\u0161siskyrus t\u0117vams, Temas jau\u010diasi nelaimingas ir da\u017enai ie\u0161ko vienatv\u0117s ir nusiraminimo keistoje Anavos sodyboje, kurios griuv\u0117siai k\u0117pso u\u017e kalvos netoli nuo miestelio. Bet vien\u0105 gra\u017ei\u0105 dien\u0105 jis nuslysta nepaprastu laiko koridoriumi ir atsiduria toje sodyboje aplink siau\u010diant karui.<\/p>\n<p>Ten jis sutinka i\u0161 subombarduoto namo r\u016bsio i\u0161gelb\u0117t\u0105 mergait\u0119 M\u0117j\u0105, kuriai gr\u012f\u017eti \u012f gyvenim\u0105 labai sunku. Vaikai moka vienas kitam pad\u0117ti. M\u0117ja stengiasi Tem\u0105 \u012ftikinti, kad jis likt\u0173 sodyboje, ta\u010diau jis bijo b\u016bti \u012fkalintas praeityje&#8230;<\/p>\n<p>Dar viena jaudinanti \u201eHeroino\u201c ir \u201eEipril\u0117s meil\u0117s\u201c autoriaus istorija apie dviej\u0173 siel\u0173, pasimetusi\u0173 skirtingame laike, meil\u0119 ir draugyst\u0119, apie gerumo stebukl\u0105.<\/p>\n<p>Pagal \u0161i\u0105 knyg\u0105 sukurtas filmas.<\/p>\n","protected":false},"featured_media":3183,"comment_status":"closed","ping_status":"closed","template":"","meta":{"_acf_changed":false,"site-sidebar-layout":"default","site-content-layout":"","ast-site-content-layout":"default","site-content-style":"default","site-sidebar-style":"default","ast-global-header-display":"","ast-banner-title-visibility":"","ast-main-header-display":"","ast-hfb-above-header-display":"","ast-hfb-below-header-display":"","ast-hfb-mobile-header-display":"","site-post-title":"","ast-breadcrumbs-content":"","ast-featured-img":"","footer-sml-layout":"","ast-disable-related-posts":"","theme-transparent-header-meta":"","adv-header-id-meta":"","stick-header-meta":"","header-above-stick-meta":"","header-main-stick-meta":"","header-below-stick-meta":"","astra-migrate-meta-layouts":"default","ast-page-background-enabled":"default","ast-page-background-meta":{"desktop":{"background-color":"","background-image":"","background-repeat":"repeat","background-position":"center center","background-size":"auto","background-attachment":"scroll","background-type":"","background-media":"","overlay-type":"","overlay-color":"","overlay-opacity":"","overlay-gradient":""},"tablet":{"background-color":"","background-image":"","background-repeat":"repeat","background-position":"center center","background-size":"auto","background-attachment":"scroll","background-type":"","background-media":"","overlay-type":"","overlay-color":"","overlay-opacity":"","overlay-gradient":""},"mobile":{"background-color":"","background-image":"","background-repeat":"repeat","background-position":"center center","background-size":"auto","background-attachment":"scroll","background-type":"","background-media":"","overlay-type":"","overlay-color":"","overlay-opacity":"","overlay-gradient":""}},"ast-content-background-meta":{"desktop":{"background-color":"var(--ast-global-color-4)","background-image":"","background-repeat":"repeat","background-position":"center center","background-size":"auto","background-attachment":"scroll","background-type":"","background-media":"","overlay-type":"","overlay-color":"","overlay-opacity":"","overlay-gradient":""},"tablet":{"background-color":"var(--ast-global-color-4)","background-image":"","background-repeat":"repeat","background-position":"center center","background-size":"auto","background-attachment":"scroll","background-type":"","background-media":"","overlay-type":"","overlay-color":"","overlay-opacity":"","overlay-gradient":""},"mobile":{"background-color":"var(--ast-global-color-4)","background-image":"","background-repeat":"repeat","background-position":"center center","background-size":"auto","background-attachment":"scroll","background-type":"","background-media":"","overlay-type":"","overlay-color":"","overlay-opacity":"","overlay-gradient":""}}},"product_brand":[],"product_cat":[9676,35],"product_tag":[],"class_list":{"0":"post-7745","1":"product","2":"type-product","3":"status-publish","4":"has-post-thumbnail","6":"product_cat-paaugliams","7":"product_cat-vaikams-ir-paaugliams","8":"desktop-align-left","9":"tablet-align-left","10":"mobile-align-left","12":"first","13":"outofstock","14":"shipping-taxable","15":"purchasable","16":"product-type-simple"},"acf":[],"yoast_head":"<!-- This site is optimized with the Yoast SEO plugin v27.4 - https:\/\/yoast.com\/product\/yoast-seo-wordpress\/ -->\n<title>M. Burgess \u201eM\u0117jos angelas\u201c<\/title>\n<meta name=\"description\" content=\"I\u0161siskyrus t\u0117vams, Temas jau\u010diasi nelaimingas ir da\u017enai ie\u0161ko vienatv\u0117s ir nusiraminimo keistoje Anavos sodyboje, kurios griuv\u0117siai k\u0117pso u\u017e kalvos netoli nuo miestelio. Bet vien\u0105 gra\u017ei\u0105 dien\u0105 jis nuslysta nepaprastu laiko koridoriumi ir atsiduria toje sodyboje aplink siau\u010diant karui.  Ten jis sutinka i\u0161 subombarduoto namo r\u016bsio i\u0161gelb\u0117t\u0105 mergait\u0119 M\u0117j\u0105, kuriai gr\u012f\u017eti \u012f gyvenim\u0105 labai sunku. Vaikai moka vienas kitam pad\u0117ti. M\u0117ja stengiasi Tem\u0105 \u012ftikinti, kad jis likt\u0173 sodyboje, ta\u010diau jis bijo b\u016bti \u012fkalintas praeityje...  Dar viena jaudinanti \u201eHeroino\u201c ir \u201eEipril\u0117s meil\u0117s\u201c autoriaus istorija apie dviej\u0173 siel\u0173, pasimetusi\u0173 skirtingame laike, meil\u0119 ir draugyst\u0119, apie gerumo stebukl\u0105.  Pagal \u0161i\u0105 knyg\u0105 sukurtas filmas.\" \/>\n<meta name=\"robots\" content=\"index, follow, max-snippet:-1, max-image-preview:large, max-video-preview:-1\" \/>\n<link rel=\"canonical\" href=\"https:\/\/skaitytaknyga.lt\/en\/produktas\/m-burgess-mejos-angelas-2\/\" \/>\n<meta property=\"og:locale\" content=\"en_GB\" \/>\n<meta property=\"og:locale:alternate\" content=\"lt_LT\" \/>\n<meta property=\"og:type\" content=\"article\" \/>\n<meta property=\"og:title\" content=\"M. Burgess \u201eM\u0117jos angelas\u201c\" \/>\n<meta property=\"og:description\" content=\"I\u0161siskyrus t\u0117vams, Temas jau\u010diasi nelaimingas ir da\u017enai ie\u0161ko vienatv\u0117s ir nusiraminimo keistoje Anavos sodyboje, kurios griuv\u0117siai k\u0117pso u\u017e kalvos netoli nuo miestelio. Bet vien\u0105 gra\u017ei\u0105 dien\u0105 jis nuslysta nepaprastu laiko koridoriumi ir atsiduria toje sodyboje aplink siau\u010diant karui.  Ten jis sutinka i\u0161 subombarduoto namo r\u016bsio i\u0161gelb\u0117t\u0105 mergait\u0119 M\u0117j\u0105, kuriai gr\u012f\u017eti \u012f gyvenim\u0105 labai sunku. Vaikai moka vienas kitam pad\u0117ti. M\u0117ja stengiasi Tem\u0105 \u012ftikinti, kad jis likt\u0173 sodyboje, ta\u010diau jis bijo b\u016bti \u012fkalintas praeityje...  Dar viena jaudinanti \u201eHeroino\u201c ir \u201eEipril\u0117s meil\u0117s\u201c autoriaus istorija apie dviej\u0173 siel\u0173, pasimetusi\u0173 skirtingame laike, meil\u0119 ir draugyst\u0119, apie gerumo stebukl\u0105.  Pagal \u0161i\u0105 knyg\u0105 sukurtas filmas.\" \/>\n<meta property=\"og:url\" content=\"https:\/\/skaitytaknyga.lt\/en\/produktas\/m-burgess-mejos-angelas-2\/\" \/>\n<meta property=\"og:site_name\" content=\"Skaitytaknyga\" \/>\n<meta property=\"article:publisher\" content=\"https:\/\/www.facebook.com\/skaitytaknyga\/\" \/>\n<meta property=\"article:modified_time\" content=\"2026-03-11T09:02:06+00:00\" \/>\n<meta property=\"og:image\" content=\"https:\/\/skaitytaknyga.lt\/wp-content\/uploads\/2024\/04\/1462885557_img0012-001.jpg\" \/>\n\t<meta property=\"og:image:width\" content=\"496\" \/>\n\t<meta property=\"og:image:height\" content=\"800\" \/>\n\t<meta property=\"og:image:type\" content=\"image\/jpeg\" \/>\n<meta name=\"twitter:card\" content=\"summary_large_image\" \/>\n<meta name=\"twitter:label1\" content=\"Estimated reading time\" \/>\n\t<meta name=\"twitter:data1\" content=\"1 minute\" \/>\n<script type=\"application\/ld+json\" class=\"yoast-schema-graph\">{\"@context\":\"https:\\\/\\\/schema.org\",\"@graph\":[{\"@type\":\"WebPage\",\"@id\":\"https:\\\/\\\/skaitytaknyga.lt\\\/produktas\\\/m-burgess-mejos-angelas-2\\\/\",\"url\":\"https:\\\/\\\/skaitytaknyga.lt\\\/produktas\\\/m-burgess-mejos-angelas-2\\\/\",\"name\":\"M. Burgess \u201eM\u0117jos angelas\u201c\",\"isPartOf\":{\"@id\":\"https:\\\/\\\/skaitytaknyga.lt\\\/#website\"},\"primaryImageOfPage\":{\"@id\":\"https:\\\/\\\/skaitytaknyga.lt\\\/produktas\\\/m-burgess-mejos-angelas-2\\\/#primaryimage\"},\"image\":{\"@id\":\"https:\\\/\\\/skaitytaknyga.lt\\\/produktas\\\/m-burgess-mejos-angelas-2\\\/#primaryimage\"},\"thumbnailUrl\":\"https:\\\/\\\/skaitytaknyga.lt\\\/wp-content\\\/uploads\\\/2024\\\/04\\\/1462885557_img0012-001.jpg\",\"datePublished\":\"2024-05-04T14:34:31+00:00\",\"dateModified\":\"2026-03-11T09:02:06+00:00\",\"description\":\"I\u0161siskyrus t\u0117vams, Temas jau\u010diasi nelaimingas ir da\u017enai ie\u0161ko vienatv\u0117s ir nusiraminimo keistoje Anavos sodyboje, kurios griuv\u0117siai k\u0117pso u\u017e kalvos netoli nuo miestelio. Bet vien\u0105 gra\u017ei\u0105 dien\u0105 jis nuslysta nepaprastu laiko koridoriumi ir atsiduria toje sodyboje aplink siau\u010diant karui. Ten jis sutinka i\u0161 subombarduoto namo r\u016bsio i\u0161gelb\u0117t\u0105 mergait\u0119 M\u0117j\u0105, kuriai gr\u012f\u017eti \u012f gyvenim\u0105 labai sunku. Vaikai moka vienas kitam pad\u0117ti. M\u0117ja stengiasi Tem\u0105 \u012ftikinti, kad jis likt\u0173 sodyboje, ta\u010diau jis bijo b\u016bti \u012fkalintas praeityje... Dar viena jaudinanti \u201eHeroino\u201c ir \u201eEipril\u0117s meil\u0117s\u201c autoriaus istorija apie dviej\u0173 siel\u0173, pasimetusi\u0173 skirtingame laike, meil\u0119 ir draugyst\u0119, apie gerumo stebukl\u0105. Pagal \u0161i\u0105 knyg\u0105 sukurtas filmas.\",\"breadcrumb\":{\"@id\":\"https:\\\/\\\/skaitytaknyga.lt\\\/produktas\\\/m-burgess-mejos-angelas-2\\\/#breadcrumb\"},\"inLanguage\":\"en-GB\",\"potentialAction\":[{\"@type\":\"ReadAction\",\"target\":[\"https:\\\/\\\/skaitytaknyga.lt\\\/produktas\\\/m-burgess-mejos-angelas-2\\\/\"]}]},{\"@type\":\"ImageObject\",\"inLanguage\":\"en-GB\",\"@id\":\"https:\\\/\\\/skaitytaknyga.lt\\\/produktas\\\/m-burgess-mejos-angelas-2\\\/#primaryimage\",\"url\":\"https:\\\/\\\/skaitytaknyga.lt\\\/wp-content\\\/uploads\\\/2024\\\/04\\\/1462885557_img0012-001.jpg\",\"contentUrl\":\"https:\\\/\\\/skaitytaknyga.lt\\\/wp-content\\\/uploads\\\/2024\\\/04\\\/1462885557_img0012-001.jpg\",\"width\":496,\"height\":800,\"caption\":\"1462885557 img0012 001\"},{\"@type\":\"BreadcrumbList\",\"@id\":\"https:\\\/\\\/skaitytaknyga.lt\\\/produktas\\\/m-burgess-mejos-angelas-2\\\/#breadcrumb\",\"itemListElement\":[{\"@type\":\"ListItem\",\"position\":1,\"name\":\"Home\",\"item\":\"https:\\\/\\\/skaitytaknyga.lt\\\/\"},{\"@type\":\"ListItem\",\"position\":2,\"name\":\"Parduotuv\u0117\",\"item\":\"https:\\\/\\\/skaitytaknyga.lt\\\/knygu-parduotuve\\\/\"},{\"@type\":\"ListItem\",\"position\":3,\"name\":\"M. Burgess \u201eM\u0117jos angelas\u201c\"}]},{\"@type\":\"WebSite\",\"@id\":\"https:\\\/\\\/skaitytaknyga.lt\\\/#website\",\"url\":\"https:\\\/\\\/skaitytaknyga.lt\\\/\",\"name\":\"skaitytaknyga.lt\",\"description\":\"Skaitytaknyga.lt \u2013 tai ma\u017eas \u0161eimos verslas, kuris prasid\u0117jo nuo meil\u0117s knygoms ir siekio i\u0161gelb\u0117ti knygas nuo likimo prie konteinerio. Kas vienam nereikalingas daiktas \u2013 kitam lobis, o mes esame tarpininkai, kurie padeda abiems tapti laimingesniems ???? \u017dinome kaip nelengva i\u0161gyventi ma\u017eiems verslams, tad nuo \u0161iol, \u010dia rasite ir kit\u0173, ma\u017e\u0173 \u0161eim\u0173 versl\u0173, rank\u0173 darbo, dovan\u0173 sau ir artimiesiems.\",\"publisher\":{\"@id\":\"https:\\\/\\\/skaitytaknyga.lt\\\/#organization\"},\"potentialAction\":[{\"@type\":\"SearchAction\",\"target\":{\"@type\":\"EntryPoint\",\"urlTemplate\":\"https:\\\/\\\/skaitytaknyga.lt\\\/?s={search_term_string}\"},\"query-input\":{\"@type\":\"PropertyValueSpecification\",\"valueRequired\":true,\"valueName\":\"search_term_string\"}}],\"inLanguage\":\"en-GB\"},{\"@type\":\"Organization\",\"@id\":\"https:\\\/\\\/skaitytaknyga.lt\\\/#organization\",\"name\":\"skaitytaknyga.lt\",\"url\":\"https:\\\/\\\/skaitytaknyga.lt\\\/\",\"logo\":{\"@type\":\"ImageObject\",\"inLanguage\":\"en-GB\",\"@id\":\"https:\\\/\\\/skaitytaknyga.lt\\\/#\\\/schema\\\/logo\\\/image\\\/\",\"url\":\"https:\\\/\\\/skaitytaknyga.lt\\\/wp-content\\\/uploads\\\/2024\\\/05\\\/cropped-cropped-cropped-02_00843_jt3bggkj1j3HLc7SyY6rEUpg.jpeg\",\"contentUrl\":\"https:\\\/\\\/skaitytaknyga.lt\\\/wp-content\\\/uploads\\\/2024\\\/05\\\/cropped-cropped-cropped-02_00843_jt3bggkj1j3HLc7SyY6rEUpg.jpeg\",\"width\":1600,\"height\":1600,\"caption\":\"skaitytaknyga.lt\"},\"image\":{\"@id\":\"https:\\\/\\\/skaitytaknyga.lt\\\/#\\\/schema\\\/logo\\\/image\\\/\"},\"sameAs\":[\"https:\\\/\\\/www.facebook.com\\\/skaitytaknyga\\\/\"]}]}<\/script>\n<!-- \/ Yoast SEO plugin. -->","yoast_head_json":{"title":"M. Burgess \u201eM\u0117jos angelas\u201c","description":"I\u0161siskyrus t\u0117vams, Temas jau\u010diasi nelaimingas ir da\u017enai ie\u0161ko vienatv\u0117s ir nusiraminimo keistoje Anavos sodyboje, kurios griuv\u0117siai k\u0117pso u\u017e kalvos netoli nuo miestelio. Bet vien\u0105 gra\u017ei\u0105 dien\u0105 jis nuslysta nepaprastu laiko koridoriumi ir atsiduria toje sodyboje aplink siau\u010diant karui.  Ten jis sutinka i\u0161 subombarduoto namo r\u016bsio i\u0161gelb\u0117t\u0105 mergait\u0119 M\u0117j\u0105, kuriai gr\u012f\u017eti \u012f gyvenim\u0105 labai sunku. Vaikai moka vienas kitam pad\u0117ti. M\u0117ja stengiasi Tem\u0105 \u012ftikinti, kad jis likt\u0173 sodyboje, ta\u010diau jis bijo b\u016bti \u012fkalintas praeityje...  Dar viena jaudinanti \u201eHeroino\u201c ir \u201eEipril\u0117s meil\u0117s\u201c autoriaus istorija apie dviej\u0173 siel\u0173, pasimetusi\u0173 skirtingame laike, meil\u0119 ir draugyst\u0119, apie gerumo stebukl\u0105.  Pagal \u0161i\u0105 knyg\u0105 sukurtas filmas.","robots":{"index":"index","follow":"follow","max-snippet":"max-snippet:-1","max-image-preview":"max-image-preview:large","max-video-preview":"max-video-preview:-1"},"canonical":"https:\/\/skaitytaknyga.lt\/en\/produktas\/m-burgess-mejos-angelas-2\/","og_locale":"en_GB","og_type":"article","og_title":"[:lt]M. Burgess \u201eM\u0117jos angelas\u201c[:] - Skaitytaknyga","og_description":"I\u0161siskyrus t\u0117vams, Temas jau\u010diasi nelaimingas ir da\u017enai ie\u0161ko vienatv\u0117s ir nusiraminimo keistoje Anavos sodyboje, kurios griuv\u0117siai k\u0117pso u\u017e kalvos netoli nuo miestelio. Bet vien\u0105 gra\u017ei\u0105 dien\u0105 jis nuslysta nepaprastu laiko koridoriumi ir atsiduria toje sodyboje aplink siau\u010diant karui.  Ten jis sutinka i\u0161 subombarduoto namo r\u016bsio i\u0161gelb\u0117t\u0105 mergait\u0119 M\u0117j\u0105, kuriai gr\u012f\u017eti \u012f gyvenim\u0105 labai sunku. Vaikai moka vienas kitam pad\u0117ti. M\u0117ja stengiasi Tem\u0105 \u012ftikinti, kad jis likt\u0173 sodyboje, ta\u010diau jis bijo b\u016bti \u012fkalintas praeityje...  Dar viena jaudinanti \u201eHeroino\u201c ir \u201eEipril\u0117s meil\u0117s\u201c autoriaus istorija apie dviej\u0173 siel\u0173, pasimetusi\u0173 skirtingame laike, meil\u0119 ir draugyst\u0119, apie gerumo stebukl\u0105.  Pagal \u0161i\u0105 knyg\u0105 sukurtas filmas.","og_url":"https:\/\/skaitytaknyga.lt\/en\/produktas\/m-burgess-mejos-angelas-2\/","og_site_name":"Skaitytaknyga","article_publisher":"https:\/\/www.facebook.com\/skaitytaknyga\/","article_modified_time":"2026-03-11T09:02:06+00:00","og_image":[{"width":496,"height":800,"url":"https:\/\/skaitytaknyga.lt\/wp-content\/uploads\/2024\/04\/1462885557_img0012-001.jpg","type":"image\/jpeg"}],"twitter_card":"summary_large_image","twitter_misc":{"Estimated reading time":"1 minute"},"schema":{"@context":"https:\/\/schema.org","@graph":[{"@type":"WebPage","@id":"https:\/\/skaitytaknyga.lt\/produktas\/m-burgess-mejos-angelas-2\/","url":"https:\/\/skaitytaknyga.lt\/produktas\/m-burgess-mejos-angelas-2\/","name":"M. Burgess \u201eM\u0117jos angelas\u201c","isPartOf":{"@id":"https:\/\/skaitytaknyga.lt\/#website"},"primaryImageOfPage":{"@id":"https:\/\/skaitytaknyga.lt\/produktas\/m-burgess-mejos-angelas-2\/#primaryimage"},"image":{"@id":"https:\/\/skaitytaknyga.lt\/produktas\/m-burgess-mejos-angelas-2\/#primaryimage"},"thumbnailUrl":"https:\/\/skaitytaknyga.lt\/wp-content\/uploads\/2024\/04\/1462885557_img0012-001.jpg","datePublished":"2024-05-04T14:34:31+00:00","dateModified":"2026-03-11T09:02:06+00:00","description":"I\u0161siskyrus t\u0117vams, Temas jau\u010diasi nelaimingas ir da\u017enai ie\u0161ko vienatv\u0117s ir nusiraminimo keistoje Anavos sodyboje, kurios griuv\u0117siai k\u0117pso u\u017e kalvos netoli nuo miestelio. Bet vien\u0105 gra\u017ei\u0105 dien\u0105 jis nuslysta nepaprastu laiko koridoriumi ir atsiduria toje sodyboje aplink siau\u010diant karui. Ten jis sutinka i\u0161 subombarduoto namo r\u016bsio i\u0161gelb\u0117t\u0105 mergait\u0119 M\u0117j\u0105, kuriai gr\u012f\u017eti \u012f gyvenim\u0105 labai sunku. Vaikai moka vienas kitam pad\u0117ti. M\u0117ja stengiasi Tem\u0105 \u012ftikinti, kad jis likt\u0173 sodyboje, ta\u010diau jis bijo b\u016bti \u012fkalintas praeityje... Dar viena jaudinanti \u201eHeroino\u201c ir \u201eEipril\u0117s meil\u0117s\u201c autoriaus istorija apie dviej\u0173 siel\u0173, pasimetusi\u0173 skirtingame laike, meil\u0119 ir draugyst\u0119, apie gerumo stebukl\u0105. Pagal \u0161i\u0105 knyg\u0105 sukurtas filmas.","breadcrumb":{"@id":"https:\/\/skaitytaknyga.lt\/produktas\/m-burgess-mejos-angelas-2\/#breadcrumb"},"inLanguage":"en-GB","potentialAction":[{"@type":"ReadAction","target":["https:\/\/skaitytaknyga.lt\/produktas\/m-burgess-mejos-angelas-2\/"]}]},{"@type":"ImageObject","inLanguage":"en-GB","@id":"https:\/\/skaitytaknyga.lt\/produktas\/m-burgess-mejos-angelas-2\/#primaryimage","url":"https:\/\/skaitytaknyga.lt\/wp-content\/uploads\/2024\/04\/1462885557_img0012-001.jpg","contentUrl":"https:\/\/skaitytaknyga.lt\/wp-content\/uploads\/2024\/04\/1462885557_img0012-001.jpg","width":496,"height":800,"caption":"1462885557 img0012 001"},{"@type":"BreadcrumbList","@id":"https:\/\/skaitytaknyga.lt\/produktas\/m-burgess-mejos-angelas-2\/#breadcrumb","itemListElement":[{"@type":"ListItem","position":1,"name":"Home","item":"https:\/\/skaitytaknyga.lt\/"},{"@type":"ListItem","position":2,"name":"Parduotuv\u0117","item":"https:\/\/skaitytaknyga.lt\/knygu-parduotuve\/"},{"@type":"ListItem","position":3,"name":"M. Burgess \u201eM\u0117jos angelas\u201c"}]},{"@type":"WebSite","@id":"https:\/\/skaitytaknyga.lt\/#website","url":"https:\/\/skaitytaknyga.lt\/","name":"skaitytaknyga.lt","description":"Skaitytaknyga.lt \u2013 tai ma\u017eas \u0161eimos verslas, kuris prasid\u0117jo nuo meil\u0117s knygoms ir siekio i\u0161gelb\u0117ti knygas nuo likimo prie konteinerio. Kas vienam nereikalingas daiktas \u2013 kitam lobis, o mes esame tarpininkai, kurie padeda abiems tapti laimingesniems ???? \u017dinome kaip nelengva i\u0161gyventi ma\u017eiems verslams, tad nuo \u0161iol, \u010dia rasite ir kit\u0173, ma\u017e\u0173 \u0161eim\u0173 versl\u0173, rank\u0173 darbo, dovan\u0173 sau ir artimiesiems.","publisher":{"@id":"https:\/\/skaitytaknyga.lt\/#organization"},"potentialAction":[{"@type":"SearchAction","target":{"@type":"EntryPoint","urlTemplate":"https:\/\/skaitytaknyga.lt\/?s={search_term_string}"},"query-input":{"@type":"PropertyValueSpecification","valueRequired":true,"valueName":"search_term_string"}}],"inLanguage":"en-GB"},{"@type":"Organization","@id":"https:\/\/skaitytaknyga.lt\/#organization","name":"skaitytaknyga.lt","url":"https:\/\/skaitytaknyga.lt\/","logo":{"@type":"ImageObject","inLanguage":"en-GB","@id":"https:\/\/skaitytaknyga.lt\/#\/schema\/logo\/image\/","url":"https:\/\/skaitytaknyga.lt\/wp-content\/uploads\/2024\/05\/cropped-cropped-cropped-02_00843_jt3bggkj1j3HLc7SyY6rEUpg.jpeg","contentUrl":"https:\/\/skaitytaknyga.lt\/wp-content\/uploads\/2024\/05\/cropped-cropped-cropped-02_00843_jt3bggkj1j3HLc7SyY6rEUpg.jpeg","width":1600,"height":1600,"caption":"skaitytaknyga.lt"},"image":{"@id":"https:\/\/skaitytaknyga.lt\/#\/schema\/logo\/image\/"},"sameAs":["https:\/\/www.facebook.com\/skaitytaknyga\/"]}]}},"_links":{"self":[{"href":"https:\/\/skaitytaknyga.lt\/en\/wp-json\/wp\/v2\/product\/7745","targetHints":{"allow":["GET"]}}],"collection":[{"href":"https:\/\/skaitytaknyga.lt\/en\/wp-json\/wp\/v2\/product"}],"about":[{"href":"https:\/\/skaitytaknyga.lt\/en\/wp-json\/wp\/v2\/types\/product"}],"replies":[{"embeddable":true,"href":"https:\/\/skaitytaknyga.lt\/en\/wp-json\/wp\/v2\/comments?post=7745"}],"wp:featuredmedia":[{"embeddable":true,"href":"https:\/\/skaitytaknyga.lt\/en\/wp-json\/wp\/v2\/media\/3183"}],"wp:attachment":[{"href":"https:\/\/skaitytaknyga.lt\/en\/wp-json\/wp\/v2\/media?parent=7745"}],"wp:term":[{"taxonomy":"product_brand","embeddable":true,"href":"https:\/\/skaitytaknyga.lt\/en\/wp-json\/wp\/v2\/product_brand?post=7745"},{"taxonomy":"product_cat","embeddable":true,"href":"https:\/\/skaitytaknyga.lt\/en\/wp-json\/wp\/v2\/product_cat?post=7745"},{"taxonomy":"product_tag","embeddable":true,"href":"https:\/\/skaitytaknyga.lt\/en\/wp-json\/wp\/v2\/product_tag?post=7745"}],"curies":[{"name":"wp","href":"https:\/\/api.w.org\/{rel}","templated":true}]}}