{"id":7743,"date":"2024-05-04T14:34:31","date_gmt":"2024-05-04T14:34:31","guid":{"rendered":"https:\/\/skaitytaknyga.lt\/?post_type=product&#038;p=7743"},"modified":"2026-03-11T11:02:05","modified_gmt":"2026-03-11T09:02:05","slug":"m-burgess-eipriles-meile-2","status":"publish","type":"product","link":"https:\/\/skaitytaknyga.lt\/en\/produktas\/m-burgess-eipriles-meile-2\/","title":{"rendered":"M. Burgess \u201eEipril\u0117s meil\u0117\u201c"},"content":{"rendered":"<p>Ma\u017eame miestelyje prie did\u017eiul\u0117s up\u0117s dviese su motina gyvena nuostabiai gra\u017ei mergait\u0117 Eipril\u0117. Ji laukinuk\u0117, \u201cgulbi\u0173 med\u017eiotoja\u201d, tikras gamtos vaikas, atrodyt\u0173, ji gali b\u016bti labai laiminga. Bet Eipril\u0117 ne tokia kaip kiti vaikai \u2013 ji kur\u010dnebyl\u0117.<br \/>\nMergait\u0117s gyvenim\u0105 pakei\u010dia miestelyje apsigyvenusi ponia Pigot ir jos s\u016bnus Tonis. Tonis, paliktas t\u0117vo, jau\u010diasi tarsi i\u0161tremtas i\u0161 laimingo gyvenimo \u012f skurd\u017ei\u0105 buit\u012f. Eipril\u0117 ir Tonis susidraugauja, juos susaisto labai trapus jausmas&#8230;<br \/>\nTai jaudinanti istorija apie dviej\u0173 jaunuoli\u0173, susitikusi\u0173 i\u0161 skirting\u0173 pasauli\u0173, meil\u0119.<\/p>\n","protected":false},"excerpt":{"rendered":"<p>Ma\u017eame miestelyje prie did\u017eiul\u0117s up\u0117s dviese su motina gyvena nuostabiai gra\u017ei mergait\u0117 Eipril\u0117. Ji laukinuk\u0117, \u201cgulbi\u0173 med\u017eiotoja\u201d, tikras gamtos vaikas, atrodyt\u0173, ji gali b\u016bti labai laiminga. Bet Eipril\u0117 ne tokia kaip kiti vaikai \u2013 ji kur\u010dnebyl\u0117.<br \/>\nMergait\u0117s gyvenim\u0105 pakei\u010dia miestelyje apsigyvenusi ponia Pigot ir jos s\u016bnus Tonis. Tonis, paliktas t\u0117vo, jau\u010diasi tarsi i\u0161tremtas i\u0161 laimingo gyvenimo \u012f skurd\u017ei\u0105 buit\u012f. Eipril\u0117 ir Tonis susidraugauja, juos susaisto labai trapus jausmas&#8230;<br \/>\nTai jaudinanti istorija apie dviej\u0173 jaunuoli\u0173, susitikusi\u0173 i\u0161 skirting\u0173 pasauli\u0173, meil\u0119.<\/p>\n","protected":false},"featured_media":3181,"comment_status":"closed","ping_status":"closed","template":"","meta":{"_acf_changed":false,"site-sidebar-layout":"default","site-content-layout":"","ast-site-content-layout":"default","site-content-style":"default","site-sidebar-style":"default","ast-global-header-display":"","ast-banner-title-visibility":"","ast-main-header-display":"","ast-hfb-above-header-display":"","ast-hfb-below-header-display":"","ast-hfb-mobile-header-display":"","site-post-title":"","ast-breadcrumbs-content":"","ast-featured-img":"","footer-sml-layout":"","ast-disable-related-posts":"","theme-transparent-header-meta":"","adv-header-id-meta":"","stick-header-meta":"","header-above-stick-meta":"","header-main-stick-meta":"","header-below-stick-meta":"","astra-migrate-meta-layouts":"default","ast-page-background-enabled":"default","ast-page-background-meta":{"desktop":{"background-color":"","background-image":"","background-repeat":"repeat","background-position":"center center","background-size":"auto","background-attachment":"scroll","background-type":"","background-media":"","overlay-type":"","overlay-color":"","overlay-opacity":"","overlay-gradient":""},"tablet":{"background-color":"","background-image":"","background-repeat":"repeat","background-position":"center center","background-size":"auto","background-attachment":"scroll","background-type":"","background-media":"","overlay-type":"","overlay-color":"","overlay-opacity":"","overlay-gradient":""},"mobile":{"background-color":"","background-image":"","background-repeat":"repeat","background-position":"center center","background-size":"auto","background-attachment":"scroll","background-type":"","background-media":"","overlay-type":"","overlay-color":"","overlay-opacity":"","overlay-gradient":""}},"ast-content-background-meta":{"desktop":{"background-color":"var(--ast-global-color-4)","background-image":"","background-repeat":"repeat","background-position":"center center","background-size":"auto","background-attachment":"scroll","background-type":"","background-media":"","overlay-type":"","overlay-color":"","overlay-opacity":"","overlay-gradient":""},"tablet":{"background-color":"var(--ast-global-color-4)","background-image":"","background-repeat":"repeat","background-position":"center center","background-size":"auto","background-attachment":"scroll","background-type":"","background-media":"","overlay-type":"","overlay-color":"","overlay-opacity":"","overlay-gradient":""},"mobile":{"background-color":"var(--ast-global-color-4)","background-image":"","background-repeat":"repeat","background-position":"center center","background-size":"auto","background-attachment":"scroll","background-type":"","background-media":"","overlay-type":"","overlay-color":"","overlay-opacity":"","overlay-gradient":""}}},"product_brand":[],"product_cat":[9676,35],"product_tag":[],"class_list":{"0":"post-7743","1":"product","2":"type-product","3":"status-publish","4":"has-post-thumbnail","6":"product_cat-paaugliams","7":"product_cat-vaikams-ir-paaugliams","8":"desktop-align-left","9":"tablet-align-left","10":"mobile-align-left","12":"first","13":"outofstock","14":"shipping-taxable","15":"purchasable","16":"product-type-simple"},"acf":[],"yoast_head":"<!-- This site is optimized with the Yoast SEO plugin v27.4 - https:\/\/yoast.com\/product\/yoast-seo-wordpress\/ -->\n<title>M. Burgess \u201eEipril\u0117s meil\u0117\u201c<\/title>\n<meta name=\"description\" content=\"Ma\u017eame miestelyje prie did\u017eiul\u0117s up\u0117s dviese su motina gyvena nuostabiai gra\u017ei mergait\u0117 Eipril\u0117. Ji laukinuk\u0117, \u201cgulbi\u0173 med\u017eiotoja\u201d, tikras gamtos vaikas, atrodyt\u0173, ji gali b\u016bti labai laiminga. Bet Eipril\u0117 ne tokia kaip kiti vaikai \u2013 ji kur\u010dnebyl\u0117. Mergait\u0117s gyvenim\u0105 pakei\u010dia miestelyje apsigyvenusi ponia Pigot ir jos s\u016bnus Tonis. Tonis, paliktas t\u0117vo, jau\u010diasi tarsi i\u0161tremtas i\u0161 laimingo gyvenimo \u012f skurd\u017ei\u0105 buit\u012f. Eipril\u0117 ir Tonis susidraugauja, juos susaisto labai trapus jausmas... Tai jaudinanti istorija apie dviej\u0173 jaunuoli\u0173, susitikusi\u0173 i\u0161 skirting\u0173 pasauli\u0173, meil\u0119.\" \/>\n<meta name=\"robots\" content=\"index, follow, max-snippet:-1, max-image-preview:large, max-video-preview:-1\" \/>\n<link rel=\"canonical\" href=\"https:\/\/skaitytaknyga.lt\/en\/produktas\/m-burgess-eipriles-meile-2\/\" \/>\n<meta property=\"og:locale\" content=\"en_GB\" \/>\n<meta property=\"og:locale:alternate\" content=\"lt_LT\" \/>\n<meta property=\"og:type\" content=\"article\" \/>\n<meta property=\"og:title\" content=\"M. Burgess \u201eEipril\u0117s meil\u0117\u201c\" \/>\n<meta property=\"og:description\" content=\"Ma\u017eame miestelyje prie did\u017eiul\u0117s up\u0117s dviese su motina gyvena nuostabiai gra\u017ei mergait\u0117 Eipril\u0117. Ji laukinuk\u0117, \u201cgulbi\u0173 med\u017eiotoja\u201d, tikras gamtos vaikas, atrodyt\u0173, ji gali b\u016bti labai laiminga. Bet Eipril\u0117 ne tokia kaip kiti vaikai \u2013 ji kur\u010dnebyl\u0117. Mergait\u0117s gyvenim\u0105 pakei\u010dia miestelyje apsigyvenusi ponia Pigot ir jos s\u016bnus Tonis. Tonis, paliktas t\u0117vo, jau\u010diasi tarsi i\u0161tremtas i\u0161 laimingo gyvenimo \u012f skurd\u017ei\u0105 buit\u012f. Eipril\u0117 ir Tonis susidraugauja, juos susaisto labai trapus jausmas... Tai jaudinanti istorija apie dviej\u0173 jaunuoli\u0173, susitikusi\u0173 i\u0161 skirting\u0173 pasauli\u0173, meil\u0119.\" \/>\n<meta property=\"og:url\" content=\"https:\/\/skaitytaknyga.lt\/en\/produktas\/m-burgess-eipriles-meile-2\/\" \/>\n<meta property=\"og:site_name\" content=\"Skaitytaknyga\" \/>\n<meta property=\"article:publisher\" content=\"https:\/\/www.facebook.com\/skaitytaknyga\/\" \/>\n<meta property=\"article:modified_time\" content=\"2026-03-11T09:02:05+00:00\" \/>\n<meta property=\"og:image\" content=\"https:\/\/skaitytaknyga.lt\/wp-content\/uploads\/2024\/04\/1462889863_img0042-001.jpg\" \/>\n\t<meta property=\"og:image:width\" content=\"487\" \/>\n\t<meta property=\"og:image:height\" content=\"800\" \/>\n\t<meta property=\"og:image:type\" content=\"image\/jpeg\" \/>\n<meta name=\"twitter:card\" content=\"summary_large_image\" \/>\n<script type=\"application\/ld+json\" class=\"yoast-schema-graph\">{\"@context\":\"https:\\\/\\\/schema.org\",\"@graph\":[{\"@type\":\"WebPage\",\"@id\":\"https:\\\/\\\/skaitytaknyga.lt\\\/produktas\\\/m-burgess-eipriles-meile-2\\\/\",\"url\":\"https:\\\/\\\/skaitytaknyga.lt\\\/produktas\\\/m-burgess-eipriles-meile-2\\\/\",\"name\":\"M. Burgess \u201eEipril\u0117s meil\u0117\u201c\",\"isPartOf\":{\"@id\":\"https:\\\/\\\/skaitytaknyga.lt\\\/#website\"},\"primaryImageOfPage\":{\"@id\":\"https:\\\/\\\/skaitytaknyga.lt\\\/produktas\\\/m-burgess-eipriles-meile-2\\\/#primaryimage\"},\"image\":{\"@id\":\"https:\\\/\\\/skaitytaknyga.lt\\\/produktas\\\/m-burgess-eipriles-meile-2\\\/#primaryimage\"},\"thumbnailUrl\":\"https:\\\/\\\/skaitytaknyga.lt\\\/wp-content\\\/uploads\\\/2024\\\/04\\\/1462889863_img0042-001.jpg\",\"datePublished\":\"2024-05-04T14:34:31+00:00\",\"dateModified\":\"2026-03-11T09:02:05+00:00\",\"description\":\"Ma\u017eame miestelyje prie did\u017eiul\u0117s up\u0117s dviese su motina gyvena nuostabiai gra\u017ei mergait\u0117 Eipril\u0117. Ji laukinuk\u0117, \u201cgulbi\u0173 med\u017eiotoja\u201d, tikras gamtos vaikas, atrodyt\u0173, ji gali b\u016bti labai laiminga. Bet Eipril\u0117 ne tokia kaip kiti vaikai \u2013 ji kur\u010dnebyl\u0117. Mergait\u0117s gyvenim\u0105 pakei\u010dia miestelyje apsigyvenusi ponia Pigot ir jos s\u016bnus Tonis. Tonis, paliktas t\u0117vo, jau\u010diasi tarsi i\u0161tremtas i\u0161 laimingo gyvenimo \u012f skurd\u017ei\u0105 buit\u012f. Eipril\u0117 ir Tonis susidraugauja, juos susaisto labai trapus jausmas... Tai jaudinanti istorija apie dviej\u0173 jaunuoli\u0173, susitikusi\u0173 i\u0161 skirting\u0173 pasauli\u0173, meil\u0119.\",\"breadcrumb\":{\"@id\":\"https:\\\/\\\/skaitytaknyga.lt\\\/produktas\\\/m-burgess-eipriles-meile-2\\\/#breadcrumb\"},\"inLanguage\":\"en-GB\",\"potentialAction\":[{\"@type\":\"ReadAction\",\"target\":[\"https:\\\/\\\/skaitytaknyga.lt\\\/produktas\\\/m-burgess-eipriles-meile-2\\\/\"]}]},{\"@type\":\"ImageObject\",\"inLanguage\":\"en-GB\",\"@id\":\"https:\\\/\\\/skaitytaknyga.lt\\\/produktas\\\/m-burgess-eipriles-meile-2\\\/#primaryimage\",\"url\":\"https:\\\/\\\/skaitytaknyga.lt\\\/wp-content\\\/uploads\\\/2024\\\/04\\\/1462889863_img0042-001.jpg\",\"contentUrl\":\"https:\\\/\\\/skaitytaknyga.lt\\\/wp-content\\\/uploads\\\/2024\\\/04\\\/1462889863_img0042-001.jpg\",\"width\":487,\"height\":800,\"caption\":\"1462889863 img0042 001\"},{\"@type\":\"BreadcrumbList\",\"@id\":\"https:\\\/\\\/skaitytaknyga.lt\\\/produktas\\\/m-burgess-eipriles-meile-2\\\/#breadcrumb\",\"itemListElement\":[{\"@type\":\"ListItem\",\"position\":1,\"name\":\"Home\",\"item\":\"https:\\\/\\\/skaitytaknyga.lt\\\/\"},{\"@type\":\"ListItem\",\"position\":2,\"name\":\"Parduotuv\u0117\",\"item\":\"https:\\\/\\\/skaitytaknyga.lt\\\/knygu-parduotuve\\\/\"},{\"@type\":\"ListItem\",\"position\":3,\"name\":\"M. Burgess \u201eEipril\u0117s meil\u0117\u201c\"}]},{\"@type\":\"WebSite\",\"@id\":\"https:\\\/\\\/skaitytaknyga.lt\\\/#website\",\"url\":\"https:\\\/\\\/skaitytaknyga.lt\\\/\",\"name\":\"skaitytaknyga.lt\",\"description\":\"Skaitytaknyga.lt \u2013 tai ma\u017eas \u0161eimos verslas, kuris prasid\u0117jo nuo meil\u0117s knygoms ir siekio i\u0161gelb\u0117ti knygas nuo likimo prie konteinerio. Kas vienam nereikalingas daiktas \u2013 kitam lobis, o mes esame tarpininkai, kurie padeda abiems tapti laimingesniems ???? \u017dinome kaip nelengva i\u0161gyventi ma\u017eiems verslams, tad nuo \u0161iol, \u010dia rasite ir kit\u0173, ma\u017e\u0173 \u0161eim\u0173 versl\u0173, rank\u0173 darbo, dovan\u0173 sau ir artimiesiems.\",\"publisher\":{\"@id\":\"https:\\\/\\\/skaitytaknyga.lt\\\/#organization\"},\"potentialAction\":[{\"@type\":\"SearchAction\",\"target\":{\"@type\":\"EntryPoint\",\"urlTemplate\":\"https:\\\/\\\/skaitytaknyga.lt\\\/?s={search_term_string}\"},\"query-input\":{\"@type\":\"PropertyValueSpecification\",\"valueRequired\":true,\"valueName\":\"search_term_string\"}}],\"inLanguage\":\"en-GB\"},{\"@type\":\"Organization\",\"@id\":\"https:\\\/\\\/skaitytaknyga.lt\\\/#organization\",\"name\":\"skaitytaknyga.lt\",\"url\":\"https:\\\/\\\/skaitytaknyga.lt\\\/\",\"logo\":{\"@type\":\"ImageObject\",\"inLanguage\":\"en-GB\",\"@id\":\"https:\\\/\\\/skaitytaknyga.lt\\\/#\\\/schema\\\/logo\\\/image\\\/\",\"url\":\"https:\\\/\\\/skaitytaknyga.lt\\\/wp-content\\\/uploads\\\/2024\\\/05\\\/cropped-cropped-cropped-02_00843_jt3bggkj1j3HLc7SyY6rEUpg.jpeg\",\"contentUrl\":\"https:\\\/\\\/skaitytaknyga.lt\\\/wp-content\\\/uploads\\\/2024\\\/05\\\/cropped-cropped-cropped-02_00843_jt3bggkj1j3HLc7SyY6rEUpg.jpeg\",\"width\":1600,\"height\":1600,\"caption\":\"skaitytaknyga.lt\"},\"image\":{\"@id\":\"https:\\\/\\\/skaitytaknyga.lt\\\/#\\\/schema\\\/logo\\\/image\\\/\"},\"sameAs\":[\"https:\\\/\\\/www.facebook.com\\\/skaitytaknyga\\\/\"]}]}<\/script>\n<!-- \/ Yoast SEO plugin. -->","yoast_head_json":{"title":"M. Burgess \u201eEipril\u0117s meil\u0117\u201c","description":"Ma\u017eame miestelyje prie did\u017eiul\u0117s up\u0117s dviese su motina gyvena nuostabiai gra\u017ei mergait\u0117 Eipril\u0117. Ji laukinuk\u0117, \u201cgulbi\u0173 med\u017eiotoja\u201d, tikras gamtos vaikas, atrodyt\u0173, ji gali b\u016bti labai laiminga. Bet Eipril\u0117 ne tokia kaip kiti vaikai \u2013 ji kur\u010dnebyl\u0117. Mergait\u0117s gyvenim\u0105 pakei\u010dia miestelyje apsigyvenusi ponia Pigot ir jos s\u016bnus Tonis. Tonis, paliktas t\u0117vo, jau\u010diasi tarsi i\u0161tremtas i\u0161 laimingo gyvenimo \u012f skurd\u017ei\u0105 buit\u012f. Eipril\u0117 ir Tonis susidraugauja, juos susaisto labai trapus jausmas... Tai jaudinanti istorija apie dviej\u0173 jaunuoli\u0173, susitikusi\u0173 i\u0161 skirting\u0173 pasauli\u0173, meil\u0119.","robots":{"index":"index","follow":"follow","max-snippet":"max-snippet:-1","max-image-preview":"max-image-preview:large","max-video-preview":"max-video-preview:-1"},"canonical":"https:\/\/skaitytaknyga.lt\/en\/produktas\/m-burgess-eipriles-meile-2\/","og_locale":"en_GB","og_type":"article","og_title":"[:lt]M. Burgess \u201eEipril\u0117s meil\u0117\u201c[:] - Skaitytaknyga","og_description":"Ma\u017eame miestelyje prie did\u017eiul\u0117s up\u0117s dviese su motina gyvena nuostabiai gra\u017ei mergait\u0117 Eipril\u0117. Ji laukinuk\u0117, \u201cgulbi\u0173 med\u017eiotoja\u201d, tikras gamtos vaikas, atrodyt\u0173, ji gali b\u016bti labai laiminga. Bet Eipril\u0117 ne tokia kaip kiti vaikai \u2013 ji kur\u010dnebyl\u0117. Mergait\u0117s gyvenim\u0105 pakei\u010dia miestelyje apsigyvenusi ponia Pigot ir jos s\u016bnus Tonis. Tonis, paliktas t\u0117vo, jau\u010diasi tarsi i\u0161tremtas i\u0161 laimingo gyvenimo \u012f skurd\u017ei\u0105 buit\u012f. Eipril\u0117 ir Tonis susidraugauja, juos susaisto labai trapus jausmas... Tai jaudinanti istorija apie dviej\u0173 jaunuoli\u0173, susitikusi\u0173 i\u0161 skirting\u0173 pasauli\u0173, meil\u0119.","og_url":"https:\/\/skaitytaknyga.lt\/en\/produktas\/m-burgess-eipriles-meile-2\/","og_site_name":"Skaitytaknyga","article_publisher":"https:\/\/www.facebook.com\/skaitytaknyga\/","article_modified_time":"2026-03-11T09:02:05+00:00","og_image":[{"width":487,"height":800,"url":"https:\/\/skaitytaknyga.lt\/wp-content\/uploads\/2024\/04\/1462889863_img0042-001.jpg","type":"image\/jpeg"}],"twitter_card":"summary_large_image","schema":{"@context":"https:\/\/schema.org","@graph":[{"@type":"WebPage","@id":"https:\/\/skaitytaknyga.lt\/produktas\/m-burgess-eipriles-meile-2\/","url":"https:\/\/skaitytaknyga.lt\/produktas\/m-burgess-eipriles-meile-2\/","name":"M. Burgess \u201eEipril\u0117s meil\u0117\u201c","isPartOf":{"@id":"https:\/\/skaitytaknyga.lt\/#website"},"primaryImageOfPage":{"@id":"https:\/\/skaitytaknyga.lt\/produktas\/m-burgess-eipriles-meile-2\/#primaryimage"},"image":{"@id":"https:\/\/skaitytaknyga.lt\/produktas\/m-burgess-eipriles-meile-2\/#primaryimage"},"thumbnailUrl":"https:\/\/skaitytaknyga.lt\/wp-content\/uploads\/2024\/04\/1462889863_img0042-001.jpg","datePublished":"2024-05-04T14:34:31+00:00","dateModified":"2026-03-11T09:02:05+00:00","description":"Ma\u017eame miestelyje prie did\u017eiul\u0117s up\u0117s dviese su motina gyvena nuostabiai gra\u017ei mergait\u0117 Eipril\u0117. Ji laukinuk\u0117, \u201cgulbi\u0173 med\u017eiotoja\u201d, tikras gamtos vaikas, atrodyt\u0173, ji gali b\u016bti labai laiminga. Bet Eipril\u0117 ne tokia kaip kiti vaikai \u2013 ji kur\u010dnebyl\u0117. Mergait\u0117s gyvenim\u0105 pakei\u010dia miestelyje apsigyvenusi ponia Pigot ir jos s\u016bnus Tonis. Tonis, paliktas t\u0117vo, jau\u010diasi tarsi i\u0161tremtas i\u0161 laimingo gyvenimo \u012f skurd\u017ei\u0105 buit\u012f. Eipril\u0117 ir Tonis susidraugauja, juos susaisto labai trapus jausmas... Tai jaudinanti istorija apie dviej\u0173 jaunuoli\u0173, susitikusi\u0173 i\u0161 skirting\u0173 pasauli\u0173, meil\u0119.","breadcrumb":{"@id":"https:\/\/skaitytaknyga.lt\/produktas\/m-burgess-eipriles-meile-2\/#breadcrumb"},"inLanguage":"en-GB","potentialAction":[{"@type":"ReadAction","target":["https:\/\/skaitytaknyga.lt\/produktas\/m-burgess-eipriles-meile-2\/"]}]},{"@type":"ImageObject","inLanguage":"en-GB","@id":"https:\/\/skaitytaknyga.lt\/produktas\/m-burgess-eipriles-meile-2\/#primaryimage","url":"https:\/\/skaitytaknyga.lt\/wp-content\/uploads\/2024\/04\/1462889863_img0042-001.jpg","contentUrl":"https:\/\/skaitytaknyga.lt\/wp-content\/uploads\/2024\/04\/1462889863_img0042-001.jpg","width":487,"height":800,"caption":"1462889863 img0042 001"},{"@type":"BreadcrumbList","@id":"https:\/\/skaitytaknyga.lt\/produktas\/m-burgess-eipriles-meile-2\/#breadcrumb","itemListElement":[{"@type":"ListItem","position":1,"name":"Home","item":"https:\/\/skaitytaknyga.lt\/"},{"@type":"ListItem","position":2,"name":"Parduotuv\u0117","item":"https:\/\/skaitytaknyga.lt\/knygu-parduotuve\/"},{"@type":"ListItem","position":3,"name":"M. Burgess \u201eEipril\u0117s meil\u0117\u201c"}]},{"@type":"WebSite","@id":"https:\/\/skaitytaknyga.lt\/#website","url":"https:\/\/skaitytaknyga.lt\/","name":"skaitytaknyga.lt","description":"Skaitytaknyga.lt \u2013 tai ma\u017eas \u0161eimos verslas, kuris prasid\u0117jo nuo meil\u0117s knygoms ir siekio i\u0161gelb\u0117ti knygas nuo likimo prie konteinerio. Kas vienam nereikalingas daiktas \u2013 kitam lobis, o mes esame tarpininkai, kurie padeda abiems tapti laimingesniems ???? \u017dinome kaip nelengva i\u0161gyventi ma\u017eiems verslams, tad nuo \u0161iol, \u010dia rasite ir kit\u0173, ma\u017e\u0173 \u0161eim\u0173 versl\u0173, rank\u0173 darbo, dovan\u0173 sau ir artimiesiems.","publisher":{"@id":"https:\/\/skaitytaknyga.lt\/#organization"},"potentialAction":[{"@type":"SearchAction","target":{"@type":"EntryPoint","urlTemplate":"https:\/\/skaitytaknyga.lt\/?s={search_term_string}"},"query-input":{"@type":"PropertyValueSpecification","valueRequired":true,"valueName":"search_term_string"}}],"inLanguage":"en-GB"},{"@type":"Organization","@id":"https:\/\/skaitytaknyga.lt\/#organization","name":"skaitytaknyga.lt","url":"https:\/\/skaitytaknyga.lt\/","logo":{"@type":"ImageObject","inLanguage":"en-GB","@id":"https:\/\/skaitytaknyga.lt\/#\/schema\/logo\/image\/","url":"https:\/\/skaitytaknyga.lt\/wp-content\/uploads\/2024\/05\/cropped-cropped-cropped-02_00843_jt3bggkj1j3HLc7SyY6rEUpg.jpeg","contentUrl":"https:\/\/skaitytaknyga.lt\/wp-content\/uploads\/2024\/05\/cropped-cropped-cropped-02_00843_jt3bggkj1j3HLc7SyY6rEUpg.jpeg","width":1600,"height":1600,"caption":"skaitytaknyga.lt"},"image":{"@id":"https:\/\/skaitytaknyga.lt\/#\/schema\/logo\/image\/"},"sameAs":["https:\/\/www.facebook.com\/skaitytaknyga\/"]}]}},"_links":{"self":[{"href":"https:\/\/skaitytaknyga.lt\/en\/wp-json\/wp\/v2\/product\/7743","targetHints":{"allow":["GET"]}}],"collection":[{"href":"https:\/\/skaitytaknyga.lt\/en\/wp-json\/wp\/v2\/product"}],"about":[{"href":"https:\/\/skaitytaknyga.lt\/en\/wp-json\/wp\/v2\/types\/product"}],"replies":[{"embeddable":true,"href":"https:\/\/skaitytaknyga.lt\/en\/wp-json\/wp\/v2\/comments?post=7743"}],"wp:featuredmedia":[{"embeddable":true,"href":"https:\/\/skaitytaknyga.lt\/en\/wp-json\/wp\/v2\/media\/3181"}],"wp:attachment":[{"href":"https:\/\/skaitytaknyga.lt\/en\/wp-json\/wp\/v2\/media?parent=7743"}],"wp:term":[{"taxonomy":"product_brand","embeddable":true,"href":"https:\/\/skaitytaknyga.lt\/en\/wp-json\/wp\/v2\/product_brand?post=7743"},{"taxonomy":"product_cat","embeddable":true,"href":"https:\/\/skaitytaknyga.lt\/en\/wp-json\/wp\/v2\/product_cat?post=7743"},{"taxonomy":"product_tag","embeddable":true,"href":"https:\/\/skaitytaknyga.lt\/en\/wp-json\/wp\/v2\/product_tag?post=7743"}],"curies":[{"name":"wp","href":"https:\/\/api.w.org\/{rel}","templated":true}]}}