{"id":7740,"date":"2024-05-04T14:34:30","date_gmt":"2024-05-04T14:34:30","guid":{"rendered":"https:\/\/skaitytaknyga.lt\/?post_type=product&#038;p=7740"},"modified":"2026-03-18T10:59:05","modified_gmt":"2026-03-18T08:59:05","slug":"a-cekuolis-keturi-ziemos-vejai-2","status":"publish","type":"product","link":"https:\/\/skaitytaknyga.lt\/en\/produktas\/a-cekuolis-keturi-ziemos-vejai-2\/","title":{"rendered":"Keturi \u017eiemos v\u0117jai"},"content":{"rendered":"<p>\u017dinomo keliautojo ir ra\u0161ytojo Algimanto \u010cekuolio pasaka apie pasaul\u012f. Burtininko Svajulio padovanotas stebuklingas me\u0161kutis su v\u0117jais nuskraidina Sigit\u0105 \u012f Arkties platybes, j\u016br\u0173 tolius, Afrikos d\u017eiungles ar drakon\u0173 \u0161al\u012f \u2013 Kinij\u0105. Nuotykiai, pasaulio pa\u017einimas padeda ir pa\u010diam Sigitui augti, suprasti save, draugus ir artimuosius. Ta\u010diau jis gauna ir labai svarbi\u0105 pamok\u0105 \u2013 nevalia lengvab\u016bdi\u0161kai prarasti Svajulio dovanos.<\/p>\n<p>Tai knyga ma\u017edaug 6-9 m. vaikams, iliustruota spalvotais Ievos \u010cekuolyt\u0117s pie\u0161iniais.<\/p>\n<p>\u201eKeturi \u017eiemos v\u0117jai\u201c gyvi jau penkiasde\u0161imt met\u0173. 1963 metais keli vaikai mane papra\u0161\u0117 papasakoti apie pasaul\u012f.<\/p>\n<p>\u0160iemet v\u0117l papra\u0161\u0117 t\u0105 padaryti j\u0173 vaikams ir an\u016bkams. Ta\u010diau jaunimas jau kitoks. Jam reikia fakt\u0173 ir gyvenimo ties\u0173. Pasak\u0105 priima tik kaip paveikslo r\u0117mel\u012f. Tod\u0117l \u201eKeturis \u017eiemos v\u0117jus\u201c teko perpasakoti naujai.<\/p>\n<p>Jeigu dar po penkiasde\u0161imties met\u0173 j\u0105 reik\u0117t\u0173 perpasakoti, prane\u0161kite man.<\/p>\n","protected":false},"excerpt":{"rendered":"<p>\u017dinomo keliautojo ir ra\u0161ytojo Algimanto \u010cekuolio pasaka apie pasaul\u012f. Burtininko Svajulio padovanotas stebuklingas me\u0161kutis su v\u0117jais nuskraidina Sigit\u0105 \u012f Arkties platybes, j\u016br\u0173 tolius, Afrikos d\u017eiungles ar drakon\u0173 \u0161al\u012f \u2013 Kinij\u0105. Nuotykiai, pasaulio pa\u017einimas padeda ir pa\u010diam Sigitui augti, suprasti save, draugus ir artimuosius. Ta\u010diau jis gauna ir labai svarbi\u0105 pamok\u0105 \u2013 nevalia lengvab\u016bdi\u0161kai prarasti Svajulio dovanos.<\/p>\n<p>Tai knyga ma\u017edaug 6-9 m. vaikams, iliustruota spalvotais Ievos \u010cekuolyt\u0117s pie\u0161iniais.<\/p>\n<p>\u201eKeturi \u017eiemos v\u0117jai\u201c gyvi jau penkiasde\u0161imt met\u0173. 1963 metais keli vaikai mane papra\u0161\u0117 papasakoti apie pasaul\u012f.<\/p>\n<p>\u0160iemet v\u0117l papra\u0161\u0117 t\u0105 padaryti j\u0173 vaikams ir an\u016bkams. Ta\u010diau jaunimas jau kitoks. Jam reikia fakt\u0173 ir gyvenimo ties\u0173. Pasak\u0105 priima tik kaip paveikslo r\u0117mel\u012f. Tod\u0117l \u201eKeturis \u017eiemos v\u0117jus\u201c teko perpasakoti naujai.<\/p>\n<p>Jeigu dar po penkiasde\u0161imties met\u0173 j\u0105 reik\u0117t\u0173 perpasakoti, prane\u0161kite man.<\/p>\n","protected":false},"featured_media":3159,"comment_status":"closed","ping_status":"closed","template":"","meta":{"_acf_changed":false,"site-sidebar-layout":"default","site-content-layout":"","ast-site-content-layout":"default","site-content-style":"default","site-sidebar-style":"default","ast-global-header-display":"","ast-banner-title-visibility":"","ast-main-header-display":"","ast-hfb-above-header-display":"","ast-hfb-below-header-display":"","ast-hfb-mobile-header-display":"","site-post-title":"","ast-breadcrumbs-content":"","ast-featured-img":"","footer-sml-layout":"","ast-disable-related-posts":"","theme-transparent-header-meta":"","adv-header-id-meta":"","stick-header-meta":"","header-above-stick-meta":"","header-main-stick-meta":"","header-below-stick-meta":"","astra-migrate-meta-layouts":"default","ast-page-background-enabled":"default","ast-page-background-meta":{"desktop":{"background-color":"","background-image":"","background-repeat":"repeat","background-position":"center center","background-size":"auto","background-attachment":"scroll","background-type":"","background-media":"","overlay-type":"","overlay-color":"","overlay-opacity":"","overlay-gradient":""},"tablet":{"background-color":"","background-image":"","background-repeat":"repeat","background-position":"center center","background-size":"auto","background-attachment":"scroll","background-type":"","background-media":"","overlay-type":"","overlay-color":"","overlay-opacity":"","overlay-gradient":""},"mobile":{"background-color":"","background-image":"","background-repeat":"repeat","background-position":"center center","background-size":"auto","background-attachment":"scroll","background-type":"","background-media":"","overlay-type":"","overlay-color":"","overlay-opacity":"","overlay-gradient":""}},"ast-content-background-meta":{"desktop":{"background-color":"var(--ast-global-color-4)","background-image":"","background-repeat":"repeat","background-position":"center center","background-size":"auto","background-attachment":"scroll","background-type":"","background-media":"","overlay-type":"","overlay-color":"","overlay-opacity":"","overlay-gradient":""},"tablet":{"background-color":"var(--ast-global-color-4)","background-image":"","background-repeat":"repeat","background-position":"center center","background-size":"auto","background-attachment":"scroll","background-type":"","background-media":"","overlay-type":"","overlay-color":"","overlay-opacity":"","overlay-gradient":""},"mobile":{"background-color":"var(--ast-global-color-4)","background-image":"","background-repeat":"repeat","background-position":"center center","background-size":"auto","background-attachment":"scroll","background-type":"","background-media":"","overlay-type":"","overlay-color":"","overlay-opacity":"","overlay-gradient":""}}},"product_brand":[],"product_cat":[9674],"product_tag":[],"class_list":{"0":"post-7740","1":"product","2":"type-product","3":"status-publish","4":"has-post-thumbnail","6":"product_cat-pradinukams","7":"desktop-align-left","8":"tablet-align-left","9":"mobile-align-left","11":"first","12":"outofstock","13":"shipping-taxable","14":"purchasable","15":"product-type-simple"},"acf":[],"yoast_head":"<!-- This site is optimized with the Yoast SEO plugin v27.4 - https:\/\/yoast.com\/product\/yoast-seo-wordpress\/ -->\n<title>Keturi \u017eiemos v\u0117jai<\/title>\n<meta name=\"description\" content=\"\u017dinomo keliautojo ir ra\u0161ytojo Algimanto \u010cekuolio pasaka apie pasaul\u012f. Burtininko Svajulio padovanotas stebuklingas me\u0161kutis su v\u0117jais nuskraidina Sigit\u0105 \u012f Arkties platybes, j\u016br\u0173 tolius, Afrikos d\u017eiungles ar drakon\u0173 \u0161al\u012f \u2013 Kinij\u0105. Nuotykiai, pasaulio pa\u017einimas padeda ir pa\u010diam Sigitui augti, suprasti save, draugus ir artimuosius. Ta\u010diau jis gauna ir labai svarbi\u0105 pamok\u0105 \u2013 nevalia lengvab\u016bdi\u0161kai prarasti Svajulio dovanos.  Tai knyga ma\u017edaug 6-9 m. vaikams, iliustruota spalvotais Ievos \u010cekuolyt\u0117s pie\u0161iniais.     \u201eKeturi \u017eiemos v\u0117jai\u201c gyvi jau penkiasde\u0161imt met\u0173. 1963 metais keli vaikai mane papra\u0161\u0117 papasakoti apie pasaul\u012f.  \u0160iemet v\u0117l papra\u0161\u0117 t\u0105 padaryti j\u0173 vaikams ir an\u016bkams. Ta\u010diau jaunimas jau kitoks. Jam reikia fakt\u0173 ir gyvenimo ties\u0173. Pasak\u0105 priima tik kaip paveikslo r\u0117mel\u012f. Tod\u0117l \u201eKeturis \u017eiemos v\u0117jus\u201c teko perpasakoti naujai.  Jeigu dar po penkiasde\u0161imties met\u0173 j\u0105 reik\u0117t\u0173 perpasakoti, prane\u0161kite man.\" \/>\n<meta name=\"robots\" content=\"index, follow, max-snippet:-1, max-image-preview:large, max-video-preview:-1\" \/>\n<link rel=\"canonical\" href=\"https:\/\/skaitytaknyga.lt\/en\/produktas\/a-cekuolis-keturi-ziemos-vejai-2\/\" \/>\n<meta property=\"og:locale\" content=\"en_GB\" \/>\n<meta property=\"og:locale:alternate\" content=\"lt_LT\" \/>\n<meta property=\"og:type\" content=\"article\" \/>\n<meta property=\"og:title\" content=\"Keturi \u017eiemos v\u0117jai\" \/>\n<meta property=\"og:description\" content=\"\u017dinomo keliautojo ir ra\u0161ytojo Algimanto \u010cekuolio pasaka apie pasaul\u012f. Burtininko Svajulio padovanotas stebuklingas me\u0161kutis su v\u0117jais nuskraidina Sigit\u0105 \u012f Arkties platybes, j\u016br\u0173 tolius, Afrikos d\u017eiungles ar drakon\u0173 \u0161al\u012f \u2013 Kinij\u0105. Nuotykiai, pasaulio pa\u017einimas padeda ir pa\u010diam Sigitui augti, suprasti save, draugus ir artimuosius. Ta\u010diau jis gauna ir labai svarbi\u0105 pamok\u0105 \u2013 nevalia lengvab\u016bdi\u0161kai prarasti Svajulio dovanos.  Tai knyga ma\u017edaug 6-9 m. vaikams, iliustruota spalvotais Ievos \u010cekuolyt\u0117s pie\u0161iniais.     \u201eKeturi \u017eiemos v\u0117jai\u201c gyvi jau penkiasde\u0161imt met\u0173. 1963 metais keli vaikai mane papra\u0161\u0117 papasakoti apie pasaul\u012f.  \u0160iemet v\u0117l papra\u0161\u0117 t\u0105 padaryti j\u0173 vaikams ir an\u016bkams. Ta\u010diau jaunimas jau kitoks. Jam reikia fakt\u0173 ir gyvenimo ties\u0173. Pasak\u0105 priima tik kaip paveikslo r\u0117mel\u012f. Tod\u0117l \u201eKeturis \u017eiemos v\u0117jus\u201c teko perpasakoti naujai.  Jeigu dar po penkiasde\u0161imties met\u0173 j\u0105 reik\u0117t\u0173 perpasakoti, prane\u0161kite man.\" \/>\n<meta property=\"og:url\" content=\"https:\/\/skaitytaknyga.lt\/en\/produktas\/a-cekuolis-keturi-ziemos-vejai-2\/\" \/>\n<meta property=\"og:site_name\" content=\"Skaitytaknyga\" \/>\n<meta property=\"article:publisher\" content=\"https:\/\/www.facebook.com\/skaitytaknyga\/\" \/>\n<meta property=\"article:modified_time\" content=\"2026-03-18T08:59:05+00:00\" \/>\n<meta property=\"og:image\" content=\"https:\/\/skaitytaknyga.lt\/wp-content\/uploads\/2024\/04\/000000000001109414-59de8161112ac-asset-knyguklubas-cdb_keturi-ziemos-vejai_p1.jpg\" \/>\n\t<meta property=\"og:image:width\" content=\"230\" \/>\n\t<meta property=\"og:image:height\" content=\"254\" \/>\n\t<meta property=\"og:image:type\" content=\"image\/jpeg\" \/>\n<meta name=\"twitter:card\" content=\"summary_large_image\" \/>\n<meta name=\"twitter:label1\" content=\"Estimated reading time\" \/>\n\t<meta name=\"twitter:data1\" content=\"1 minute\" \/>\n<script type=\"application\/ld+json\" class=\"yoast-schema-graph\">{\"@context\":\"https:\\\/\\\/schema.org\",\"@graph\":[{\"@type\":\"WebPage\",\"@id\":\"https:\\\/\\\/skaitytaknyga.lt\\\/produktas\\\/a-cekuolis-keturi-ziemos-vejai-2\\\/\",\"url\":\"https:\\\/\\\/skaitytaknyga.lt\\\/produktas\\\/a-cekuolis-keturi-ziemos-vejai-2\\\/\",\"name\":\"Keturi \u017eiemos v\u0117jai\",\"isPartOf\":{\"@id\":\"https:\\\/\\\/skaitytaknyga.lt\\\/#website\"},\"primaryImageOfPage\":{\"@id\":\"https:\\\/\\\/skaitytaknyga.lt\\\/produktas\\\/a-cekuolis-keturi-ziemos-vejai-2\\\/#primaryimage\"},\"image\":{\"@id\":\"https:\\\/\\\/skaitytaknyga.lt\\\/produktas\\\/a-cekuolis-keturi-ziemos-vejai-2\\\/#primaryimage\"},\"thumbnailUrl\":\"https:\\\/\\\/skaitytaknyga.lt\\\/wp-content\\\/uploads\\\/2024\\\/04\\\/000000000001109414-59de8161112ac-asset-knyguklubas-cdb_keturi-ziemos-vejai_p1.jpg\",\"datePublished\":\"2024-05-04T14:34:30+00:00\",\"dateModified\":\"2026-03-18T08:59:05+00:00\",\"description\":\"\u017dinomo keliautojo ir ra\u0161ytojo Algimanto \u010cekuolio pasaka apie pasaul\u012f. Burtininko Svajulio padovanotas stebuklingas me\u0161kutis su v\u0117jais nuskraidina Sigit\u0105 \u012f Arkties platybes, j\u016br\u0173 tolius, Afrikos d\u017eiungles ar drakon\u0173 \u0161al\u012f \u2013 Kinij\u0105. Nuotykiai, pasaulio pa\u017einimas padeda ir pa\u010diam Sigitui augti, suprasti save, draugus ir artimuosius. Ta\u010diau jis gauna ir labai svarbi\u0105 pamok\u0105 \u2013 nevalia lengvab\u016bdi\u0161kai prarasti Svajulio dovanos. Tai knyga ma\u017edaug 6-9 m. vaikams, iliustruota spalvotais Ievos \u010cekuolyt\u0117s pie\u0161iniais. \u201eKeturi \u017eiemos v\u0117jai\u201c gyvi jau penkiasde\u0161imt met\u0173. 1963 metais keli vaikai mane papra\u0161\u0117 papasakoti apie pasaul\u012f. \u0160iemet v\u0117l papra\u0161\u0117 t\u0105 padaryti j\u0173 vaikams ir an\u016bkams. Ta\u010diau jaunimas jau kitoks. Jam reikia fakt\u0173 ir gyvenimo ties\u0173. Pasak\u0105 priima tik kaip paveikslo r\u0117mel\u012f. Tod\u0117l \u201eKeturis \u017eiemos v\u0117jus\u201c teko perpasakoti naujai. Jeigu dar po penkiasde\u0161imties met\u0173 j\u0105 reik\u0117t\u0173 perpasakoti, prane\u0161kite man.\",\"breadcrumb\":{\"@id\":\"https:\\\/\\\/skaitytaknyga.lt\\\/produktas\\\/a-cekuolis-keturi-ziemos-vejai-2\\\/#breadcrumb\"},\"inLanguage\":\"en-GB\",\"potentialAction\":[{\"@type\":\"ReadAction\",\"target\":[\"https:\\\/\\\/skaitytaknyga.lt\\\/produktas\\\/a-cekuolis-keturi-ziemos-vejai-2\\\/\"]}]},{\"@type\":\"ImageObject\",\"inLanguage\":\"en-GB\",\"@id\":\"https:\\\/\\\/skaitytaknyga.lt\\\/produktas\\\/a-cekuolis-keturi-ziemos-vejai-2\\\/#primaryimage\",\"url\":\"https:\\\/\\\/skaitytaknyga.lt\\\/wp-content\\\/uploads\\\/2024\\\/04\\\/000000000001109414-59de8161112ac-asset-knyguklubas-cdb_keturi-ziemos-vejai_p1.jpg\",\"contentUrl\":\"https:\\\/\\\/skaitytaknyga.lt\\\/wp-content\\\/uploads\\\/2024\\\/04\\\/000000000001109414-59de8161112ac-asset-knyguklubas-cdb_keturi-ziemos-vejai_p1.jpg\",\"width\":230,\"height\":254,\"caption\":\"000000000001109414 59de8161112ac asset knyguklubas cdb keturi ziemos vejai p1\"},{\"@type\":\"BreadcrumbList\",\"@id\":\"https:\\\/\\\/skaitytaknyga.lt\\\/produktas\\\/a-cekuolis-keturi-ziemos-vejai-2\\\/#breadcrumb\",\"itemListElement\":[{\"@type\":\"ListItem\",\"position\":1,\"name\":\"Home\",\"item\":\"https:\\\/\\\/skaitytaknyga.lt\\\/\"},{\"@type\":\"ListItem\",\"position\":2,\"name\":\"Parduotuv\u0117\",\"item\":\"https:\\\/\\\/skaitytaknyga.lt\\\/knygu-parduotuve\\\/\"},{\"@type\":\"ListItem\",\"position\":3,\"name\":\"Keturi \u017eiemos v\u0117jai\"}]},{\"@type\":\"WebSite\",\"@id\":\"https:\\\/\\\/skaitytaknyga.lt\\\/#website\",\"url\":\"https:\\\/\\\/skaitytaknyga.lt\\\/\",\"name\":\"skaitytaknyga.lt\",\"description\":\"Skaitytaknyga.lt \u2013 tai ma\u017eas \u0161eimos verslas, kuris prasid\u0117jo nuo meil\u0117s knygoms ir siekio i\u0161gelb\u0117ti knygas nuo likimo prie konteinerio. Kas vienam nereikalingas daiktas \u2013 kitam lobis, o mes esame tarpininkai, kurie padeda abiems tapti laimingesniems ???? \u017dinome kaip nelengva i\u0161gyventi ma\u017eiems verslams, tad nuo \u0161iol, \u010dia rasite ir kit\u0173, ma\u017e\u0173 \u0161eim\u0173 versl\u0173, rank\u0173 darbo, dovan\u0173 sau ir artimiesiems.\",\"publisher\":{\"@id\":\"https:\\\/\\\/skaitytaknyga.lt\\\/#organization\"},\"potentialAction\":[{\"@type\":\"SearchAction\",\"target\":{\"@type\":\"EntryPoint\",\"urlTemplate\":\"https:\\\/\\\/skaitytaknyga.lt\\\/?s={search_term_string}\"},\"query-input\":{\"@type\":\"PropertyValueSpecification\",\"valueRequired\":true,\"valueName\":\"search_term_string\"}}],\"inLanguage\":\"en-GB\"},{\"@type\":\"Organization\",\"@id\":\"https:\\\/\\\/skaitytaknyga.lt\\\/#organization\",\"name\":\"skaitytaknyga.lt\",\"url\":\"https:\\\/\\\/skaitytaknyga.lt\\\/\",\"logo\":{\"@type\":\"ImageObject\",\"inLanguage\":\"en-GB\",\"@id\":\"https:\\\/\\\/skaitytaknyga.lt\\\/#\\\/schema\\\/logo\\\/image\\\/\",\"url\":\"https:\\\/\\\/skaitytaknyga.lt\\\/wp-content\\\/uploads\\\/2024\\\/05\\\/cropped-cropped-cropped-02_00843_jt3bggkj1j3HLc7SyY6rEUpg.jpeg\",\"contentUrl\":\"https:\\\/\\\/skaitytaknyga.lt\\\/wp-content\\\/uploads\\\/2024\\\/05\\\/cropped-cropped-cropped-02_00843_jt3bggkj1j3HLc7SyY6rEUpg.jpeg\",\"width\":1600,\"height\":1600,\"caption\":\"skaitytaknyga.lt\"},\"image\":{\"@id\":\"https:\\\/\\\/skaitytaknyga.lt\\\/#\\\/schema\\\/logo\\\/image\\\/\"},\"sameAs\":[\"https:\\\/\\\/www.facebook.com\\\/skaitytaknyga\\\/\"]}]}<\/script>\n<!-- \/ Yoast SEO plugin. -->","yoast_head_json":{"title":"Keturi \u017eiemos v\u0117jai","description":"\u017dinomo keliautojo ir ra\u0161ytojo Algimanto \u010cekuolio pasaka apie pasaul\u012f. Burtininko Svajulio padovanotas stebuklingas me\u0161kutis su v\u0117jais nuskraidina Sigit\u0105 \u012f Arkties platybes, j\u016br\u0173 tolius, Afrikos d\u017eiungles ar drakon\u0173 \u0161al\u012f \u2013 Kinij\u0105. Nuotykiai, pasaulio pa\u017einimas padeda ir pa\u010diam Sigitui augti, suprasti save, draugus ir artimuosius. Ta\u010diau jis gauna ir labai svarbi\u0105 pamok\u0105 \u2013 nevalia lengvab\u016bdi\u0161kai prarasti Svajulio dovanos.  Tai knyga ma\u017edaug 6-9 m. vaikams, iliustruota spalvotais Ievos \u010cekuolyt\u0117s pie\u0161iniais.     \u201eKeturi \u017eiemos v\u0117jai\u201c gyvi jau penkiasde\u0161imt met\u0173. 1963 metais keli vaikai mane papra\u0161\u0117 papasakoti apie pasaul\u012f.  \u0160iemet v\u0117l papra\u0161\u0117 t\u0105 padaryti j\u0173 vaikams ir an\u016bkams. Ta\u010diau jaunimas jau kitoks. Jam reikia fakt\u0173 ir gyvenimo ties\u0173. Pasak\u0105 priima tik kaip paveikslo r\u0117mel\u012f. Tod\u0117l \u201eKeturis \u017eiemos v\u0117jus\u201c teko perpasakoti naujai.  Jeigu dar po penkiasde\u0161imties met\u0173 j\u0105 reik\u0117t\u0173 perpasakoti, prane\u0161kite man.","robots":{"index":"index","follow":"follow","max-snippet":"max-snippet:-1","max-image-preview":"max-image-preview:large","max-video-preview":"max-video-preview:-1"},"canonical":"https:\/\/skaitytaknyga.lt\/en\/produktas\/a-cekuolis-keturi-ziemos-vejai-2\/","og_locale":"en_GB","og_type":"article","og_title":"[:lt]Keturi \u017eiemos v\u0117jai[:] - Skaitytaknyga","og_description":"\u017dinomo keliautojo ir ra\u0161ytojo Algimanto \u010cekuolio pasaka apie pasaul\u012f. Burtininko Svajulio padovanotas stebuklingas me\u0161kutis su v\u0117jais nuskraidina Sigit\u0105 \u012f Arkties platybes, j\u016br\u0173 tolius, Afrikos d\u017eiungles ar drakon\u0173 \u0161al\u012f \u2013 Kinij\u0105. Nuotykiai, pasaulio pa\u017einimas padeda ir pa\u010diam Sigitui augti, suprasti save, draugus ir artimuosius. Ta\u010diau jis gauna ir labai svarbi\u0105 pamok\u0105 \u2013 nevalia lengvab\u016bdi\u0161kai prarasti Svajulio dovanos.  Tai knyga ma\u017edaug 6-9 m. vaikams, iliustruota spalvotais Ievos \u010cekuolyt\u0117s pie\u0161iniais.     \u201eKeturi \u017eiemos v\u0117jai\u201c gyvi jau penkiasde\u0161imt met\u0173. 1963 metais keli vaikai mane papra\u0161\u0117 papasakoti apie pasaul\u012f.  \u0160iemet v\u0117l papra\u0161\u0117 t\u0105 padaryti j\u0173 vaikams ir an\u016bkams. Ta\u010diau jaunimas jau kitoks. Jam reikia fakt\u0173 ir gyvenimo ties\u0173. Pasak\u0105 priima tik kaip paveikslo r\u0117mel\u012f. Tod\u0117l \u201eKeturis \u017eiemos v\u0117jus\u201c teko perpasakoti naujai.  Jeigu dar po penkiasde\u0161imties met\u0173 j\u0105 reik\u0117t\u0173 perpasakoti, prane\u0161kite man.","og_url":"https:\/\/skaitytaknyga.lt\/en\/produktas\/a-cekuolis-keturi-ziemos-vejai-2\/","og_site_name":"Skaitytaknyga","article_publisher":"https:\/\/www.facebook.com\/skaitytaknyga\/","article_modified_time":"2026-03-18T08:59:05+00:00","og_image":[{"width":230,"height":254,"url":"https:\/\/skaitytaknyga.lt\/wp-content\/uploads\/2024\/04\/000000000001109414-59de8161112ac-asset-knyguklubas-cdb_keturi-ziemos-vejai_p1.jpg","type":"image\/jpeg"}],"twitter_card":"summary_large_image","twitter_misc":{"Estimated reading time":"1 minute"},"schema":{"@context":"https:\/\/schema.org","@graph":[{"@type":"WebPage","@id":"https:\/\/skaitytaknyga.lt\/produktas\/a-cekuolis-keturi-ziemos-vejai-2\/","url":"https:\/\/skaitytaknyga.lt\/produktas\/a-cekuolis-keturi-ziemos-vejai-2\/","name":"Keturi \u017eiemos v\u0117jai","isPartOf":{"@id":"https:\/\/skaitytaknyga.lt\/#website"},"primaryImageOfPage":{"@id":"https:\/\/skaitytaknyga.lt\/produktas\/a-cekuolis-keturi-ziemos-vejai-2\/#primaryimage"},"image":{"@id":"https:\/\/skaitytaknyga.lt\/produktas\/a-cekuolis-keturi-ziemos-vejai-2\/#primaryimage"},"thumbnailUrl":"https:\/\/skaitytaknyga.lt\/wp-content\/uploads\/2024\/04\/000000000001109414-59de8161112ac-asset-knyguklubas-cdb_keturi-ziemos-vejai_p1.jpg","datePublished":"2024-05-04T14:34:30+00:00","dateModified":"2026-03-18T08:59:05+00:00","description":"\u017dinomo keliautojo ir ra\u0161ytojo Algimanto \u010cekuolio pasaka apie pasaul\u012f. Burtininko Svajulio padovanotas stebuklingas me\u0161kutis su v\u0117jais nuskraidina Sigit\u0105 \u012f Arkties platybes, j\u016br\u0173 tolius, Afrikos d\u017eiungles ar drakon\u0173 \u0161al\u012f \u2013 Kinij\u0105. Nuotykiai, pasaulio pa\u017einimas padeda ir pa\u010diam Sigitui augti, suprasti save, draugus ir artimuosius. Ta\u010diau jis gauna ir labai svarbi\u0105 pamok\u0105 \u2013 nevalia lengvab\u016bdi\u0161kai prarasti Svajulio dovanos. Tai knyga ma\u017edaug 6-9 m. vaikams, iliustruota spalvotais Ievos \u010cekuolyt\u0117s pie\u0161iniais. \u201eKeturi \u017eiemos v\u0117jai\u201c gyvi jau penkiasde\u0161imt met\u0173. 1963 metais keli vaikai mane papra\u0161\u0117 papasakoti apie pasaul\u012f. \u0160iemet v\u0117l papra\u0161\u0117 t\u0105 padaryti j\u0173 vaikams ir an\u016bkams. Ta\u010diau jaunimas jau kitoks. Jam reikia fakt\u0173 ir gyvenimo ties\u0173. Pasak\u0105 priima tik kaip paveikslo r\u0117mel\u012f. Tod\u0117l \u201eKeturis \u017eiemos v\u0117jus\u201c teko perpasakoti naujai. Jeigu dar po penkiasde\u0161imties met\u0173 j\u0105 reik\u0117t\u0173 perpasakoti, prane\u0161kite man.","breadcrumb":{"@id":"https:\/\/skaitytaknyga.lt\/produktas\/a-cekuolis-keturi-ziemos-vejai-2\/#breadcrumb"},"inLanguage":"en-GB","potentialAction":[{"@type":"ReadAction","target":["https:\/\/skaitytaknyga.lt\/produktas\/a-cekuolis-keturi-ziemos-vejai-2\/"]}]},{"@type":"ImageObject","inLanguage":"en-GB","@id":"https:\/\/skaitytaknyga.lt\/produktas\/a-cekuolis-keturi-ziemos-vejai-2\/#primaryimage","url":"https:\/\/skaitytaknyga.lt\/wp-content\/uploads\/2024\/04\/000000000001109414-59de8161112ac-asset-knyguklubas-cdb_keturi-ziemos-vejai_p1.jpg","contentUrl":"https:\/\/skaitytaknyga.lt\/wp-content\/uploads\/2024\/04\/000000000001109414-59de8161112ac-asset-knyguklubas-cdb_keturi-ziemos-vejai_p1.jpg","width":230,"height":254,"caption":"000000000001109414 59de8161112ac asset knyguklubas cdb keturi ziemos vejai p1"},{"@type":"BreadcrumbList","@id":"https:\/\/skaitytaknyga.lt\/produktas\/a-cekuolis-keturi-ziemos-vejai-2\/#breadcrumb","itemListElement":[{"@type":"ListItem","position":1,"name":"Home","item":"https:\/\/skaitytaknyga.lt\/"},{"@type":"ListItem","position":2,"name":"Parduotuv\u0117","item":"https:\/\/skaitytaknyga.lt\/knygu-parduotuve\/"},{"@type":"ListItem","position":3,"name":"Keturi \u017eiemos v\u0117jai"}]},{"@type":"WebSite","@id":"https:\/\/skaitytaknyga.lt\/#website","url":"https:\/\/skaitytaknyga.lt\/","name":"skaitytaknyga.lt","description":"Skaitytaknyga.lt \u2013 tai ma\u017eas \u0161eimos verslas, kuris prasid\u0117jo nuo meil\u0117s knygoms ir siekio i\u0161gelb\u0117ti knygas nuo likimo prie konteinerio. Kas vienam nereikalingas daiktas \u2013 kitam lobis, o mes esame tarpininkai, kurie padeda abiems tapti laimingesniems ???? \u017dinome kaip nelengva i\u0161gyventi ma\u017eiems verslams, tad nuo \u0161iol, \u010dia rasite ir kit\u0173, ma\u017e\u0173 \u0161eim\u0173 versl\u0173, rank\u0173 darbo, dovan\u0173 sau ir artimiesiems.","publisher":{"@id":"https:\/\/skaitytaknyga.lt\/#organization"},"potentialAction":[{"@type":"SearchAction","target":{"@type":"EntryPoint","urlTemplate":"https:\/\/skaitytaknyga.lt\/?s={search_term_string}"},"query-input":{"@type":"PropertyValueSpecification","valueRequired":true,"valueName":"search_term_string"}}],"inLanguage":"en-GB"},{"@type":"Organization","@id":"https:\/\/skaitytaknyga.lt\/#organization","name":"skaitytaknyga.lt","url":"https:\/\/skaitytaknyga.lt\/","logo":{"@type":"ImageObject","inLanguage":"en-GB","@id":"https:\/\/skaitytaknyga.lt\/#\/schema\/logo\/image\/","url":"https:\/\/skaitytaknyga.lt\/wp-content\/uploads\/2024\/05\/cropped-cropped-cropped-02_00843_jt3bggkj1j3HLc7SyY6rEUpg.jpeg","contentUrl":"https:\/\/skaitytaknyga.lt\/wp-content\/uploads\/2024\/05\/cropped-cropped-cropped-02_00843_jt3bggkj1j3HLc7SyY6rEUpg.jpeg","width":1600,"height":1600,"caption":"skaitytaknyga.lt"},"image":{"@id":"https:\/\/skaitytaknyga.lt\/#\/schema\/logo\/image\/"},"sameAs":["https:\/\/www.facebook.com\/skaitytaknyga\/"]}]}},"_links":{"self":[{"href":"https:\/\/skaitytaknyga.lt\/en\/wp-json\/wp\/v2\/product\/7740","targetHints":{"allow":["GET"]}}],"collection":[{"href":"https:\/\/skaitytaknyga.lt\/en\/wp-json\/wp\/v2\/product"}],"about":[{"href":"https:\/\/skaitytaknyga.lt\/en\/wp-json\/wp\/v2\/types\/product"}],"replies":[{"embeddable":true,"href":"https:\/\/skaitytaknyga.lt\/en\/wp-json\/wp\/v2\/comments?post=7740"}],"wp:featuredmedia":[{"embeddable":true,"href":"https:\/\/skaitytaknyga.lt\/en\/wp-json\/wp\/v2\/media\/3159"}],"wp:attachment":[{"href":"https:\/\/skaitytaknyga.lt\/en\/wp-json\/wp\/v2\/media?parent=7740"}],"wp:term":[{"taxonomy":"product_brand","embeddable":true,"href":"https:\/\/skaitytaknyga.lt\/en\/wp-json\/wp\/v2\/product_brand?post=7740"},{"taxonomy":"product_cat","embeddable":true,"href":"https:\/\/skaitytaknyga.lt\/en\/wp-json\/wp\/v2\/product_cat?post=7740"},{"taxonomy":"product_tag","embeddable":true,"href":"https:\/\/skaitytaknyga.lt\/en\/wp-json\/wp\/v2\/product_tag?post=7740"}],"curies":[{"name":"wp","href":"https:\/\/api.w.org\/{rel}","templated":true}]}}