{"id":7733,"date":"2024-05-04T14:34:30","date_gmt":"2024-05-04T14:34:30","guid":{"rendered":"https:\/\/skaitytaknyga.lt\/?post_type=product&#038;p=7733"},"modified":"2024-05-04T14:34:37","modified_gmt":"2024-05-04T14:34:37","slug":"vanessa-walder-meile-ir-atostogos-2","status":"publish","type":"product","link":"https:\/\/skaitytaknyga.lt\/en\/produktas\/vanessa-walder-meile-ir-atostogos-2\/","title":{"rendered":"Vanessa Walder \u201eMeil\u0117 ir atostogos\u201c"},"content":{"rendered":"<p>\u0160tai ir at\u0117jo kar\u0161toji vasara, o su ja ir atostogos, bet L\u0117jos Meil\u0117s UAB darbo tikrai netr\u016bksta. Meil\u0117 neatostogauja! Kad ir kaip L\u0117ja nor\u0117t\u0173 laikinai u\u017edaryti Meil\u0117s UAB, tai jai taip lengvai nepavyksta\u2026<br \/>\n\u0160ioje knygel\u0117je taip pat su\u017einosite, kod\u0117l Simonas beproti\u0161kai u\u017esigeid\u0117 treniruotis sporto klube, o L\u0117ja \u2013 plauti sporto klubo langus, ar Markas i\u0161 ties\u0173 toks \u017eavus ir \u012fdomus, kaip atrodo i\u0161 pirmo \u017evilgsnio, ar pavyks dailininkui Robertui u\u017ekariauti L\u0117jos \u0161ird\u012f ir dar daug pikanti\u0161k\u0173 vasaros istorij\u0173 apie tikr\u0105 meil\u0119, draugyst\u0119, pykt\u012f, atradimus ir netekt\u012f.<br \/>\nPaai\u0161k\u0117s, ar L\u0117ja su Oliveriu taps pora, su\u017einosite, kas nutiko vien\u0105 romanti\u0161k\u0105 popiet\u0119, e\u017eere besiirstant valtimi\u2026<\/p>\n","protected":false},"excerpt":{"rendered":"<p>\u0160tai ir at\u0117jo kar\u0161toji vasara, o su ja ir atostogos, bet L\u0117jos Meil\u0117s UAB darbo tikrai netr\u016bksta. Meil\u0117 neatostogauja! Kad ir kaip L\u0117ja nor\u0117t\u0173 laikinai u\u017edaryti Meil\u0117s UAB, tai jai taip lengvai nepavyksta\u2026<br \/>\n\u0160ioje knygel\u0117je taip pat su\u017einosite, kod\u0117l Simonas beproti\u0161kai u\u017esigeid\u0117 treniruotis sporto klube, o L\u0117ja \u2013 plauti sporto klubo langus, ar Markas i\u0161 ties\u0173 toks \u017eavus ir \u012fdomus, kaip atrodo i\u0161 pirmo \u017evilgsnio, ar pavyks dailininkui Robertui u\u017ekariauti L\u0117jos \u0161ird\u012f ir dar daug pikanti\u0161k\u0173 vasaros istorij\u0173 apie tikr\u0105 meil\u0119, draugyst\u0119, pykt\u012f, atradimus ir netekt\u012f.<br \/>\nPaai\u0161k\u0117s, ar L\u0117ja su Oliveriu taps pora, su\u017einosite, kas nutiko vien\u0105 romanti\u0161k\u0105 popiet\u0119, e\u017eere besiirstant valtimi\u2026<\/p>\n","protected":false},"featured_media":3154,"comment_status":"closed","ping_status":"closed","template":"","meta":{"_acf_changed":false,"site-sidebar-layout":"default","site-content-layout":"","ast-site-content-layout":"default","site-content-style":"default","site-sidebar-style":"default","ast-global-header-display":"","ast-banner-title-visibility":"","ast-main-header-display":"","ast-hfb-above-header-display":"","ast-hfb-below-header-display":"","ast-hfb-mobile-header-display":"","site-post-title":"","ast-breadcrumbs-content":"","ast-featured-img":"","footer-sml-layout":"","ast-disable-related-posts":"","theme-transparent-header-meta":"","adv-header-id-meta":"","stick-header-meta":"","header-above-stick-meta":"","header-main-stick-meta":"","header-below-stick-meta":"","astra-migrate-meta-layouts":"default","ast-page-background-enabled":"default","ast-page-background-meta":{"desktop":{"background-color":"","background-image":"","background-repeat":"repeat","background-position":"center center","background-size":"auto","background-attachment":"scroll","background-type":"","background-media":"","overlay-type":"","overlay-color":"","overlay-opacity":"","overlay-gradient":""},"tablet":{"background-color":"","background-image":"","background-repeat":"repeat","background-position":"center center","background-size":"auto","background-attachment":"scroll","background-type":"","background-media":"","overlay-type":"","overlay-color":"","overlay-opacity":"","overlay-gradient":""},"mobile":{"background-color":"","background-image":"","background-repeat":"repeat","background-position":"center center","background-size":"auto","background-attachment":"scroll","background-type":"","background-media":"","overlay-type":"","overlay-color":"","overlay-opacity":"","overlay-gradient":""}},"ast-content-background-meta":{"desktop":{"background-color":"var(--ast-global-color-4)","background-image":"","background-repeat":"repeat","background-position":"center center","background-size":"auto","background-attachment":"scroll","background-type":"","background-media":"","overlay-type":"","overlay-color":"","overlay-opacity":"","overlay-gradient":""},"tablet":{"background-color":"var(--ast-global-color-4)","background-image":"","background-repeat":"repeat","background-position":"center center","background-size":"auto","background-attachment":"scroll","background-type":"","background-media":"","overlay-type":"","overlay-color":"","overlay-opacity":"","overlay-gradient":""},"mobile":{"background-color":"var(--ast-global-color-4)","background-image":"","background-repeat":"repeat","background-position":"center center","background-size":"auto","background-attachment":"scroll","background-type":"","background-media":"","overlay-type":"","overlay-color":"","overlay-opacity":"","overlay-gradient":""}}},"product_brand":[],"product_cat":[35],"product_tag":[],"class_list":{"0":"post-7733","1":"product","2":"type-product","3":"status-publish","4":"has-post-thumbnail","6":"product_cat-vaikams-ir-paaugliams","7":"desktop-align-left","8":"tablet-align-left","9":"mobile-align-left","11":"first","12":"instock","13":"shipping-taxable","14":"purchasable","15":"product-type-simple"},"acf":[],"yoast_head":"<!-- This site is optimized with the Yoast SEO plugin v27.4 - https:\/\/yoast.com\/product\/yoast-seo-wordpress\/ -->\n<title>Vanessa Walder \u201eMeil\u0117 ir atostogos\u201c - Skaitytaknyga<\/title>\n<meta name=\"description\" content=\"\u0160tai ir at\u0117jo kar\u0161toji vasara, o su ja ir atostogos, bet L\u0117jos Meil\u0117s UAB darbo tikrai netr\u016bksta. Meil\u0117 neatostogauja! Kad ir kaip L\u0117ja nor\u0117t\u0173 laikinai u\u017edaryti Meil\u0117s UAB, tai jai taip lengvai nepavyksta\u2026 \u0160ioje knygel\u0117je taip pat su\u017einosite, kod\u0117l Simonas beproti\u0161kai u\u017esigeid\u0117 treniruotis sporto klube, o L\u0117ja \u2013 plauti sporto klubo langus, ar Markas i\u0161 ties\u0173 toks \u017eavus ir \u012fdomus, kaip atrodo i\u0161 pirmo \u017evilgsnio, ar pavyks dailininkui Robertui u\u017ekariauti L\u0117jos \u0161ird\u012f ir dar daug pikanti\u0161k\u0173 vasaros istorij\u0173 apie tikr\u0105 meil\u0119, draugyst\u0119, pykt\u012f, atradimus ir netekt\u012f. Paai\u0161k\u0117s, ar L\u0117ja su Oliveriu taps pora, su\u017einosite, kas nutiko vien\u0105 romanti\u0161k\u0105 popiet\u0119, e\u017eere besiirstant valtimi\u2026\" \/>\n<meta name=\"robots\" content=\"index, follow, max-snippet:-1, max-image-preview:large, max-video-preview:-1\" \/>\n<link rel=\"canonical\" href=\"https:\/\/skaitytaknyga.lt\/en\/produktas\/vanessa-walder-meile-ir-atostogos-2\/\" \/>\n<meta property=\"og:locale\" content=\"en_GB\" \/>\n<meta property=\"og:locale:alternate\" content=\"lt_LT\" \/>\n<meta property=\"og:type\" content=\"article\" \/>\n<meta property=\"og:title\" content=\"Vanessa Walder \u201eMeil\u0117 ir atostogos\u201c - Skaitytaknyga\" \/>\n<meta property=\"og:description\" content=\"\u0160tai ir at\u0117jo kar\u0161toji vasara, o su ja ir atostogos, bet L\u0117jos Meil\u0117s UAB darbo tikrai netr\u016bksta. Meil\u0117 neatostogauja! Kad ir kaip L\u0117ja nor\u0117t\u0173 laikinai u\u017edaryti Meil\u0117s UAB, tai jai taip lengvai nepavyksta\u2026 \u0160ioje knygel\u0117je taip pat su\u017einosite, kod\u0117l Simonas beproti\u0161kai u\u017esigeid\u0117 treniruotis sporto klube, o L\u0117ja \u2013 plauti sporto klubo langus, ar Markas i\u0161 ties\u0173 toks \u017eavus ir \u012fdomus, kaip atrodo i\u0161 pirmo \u017evilgsnio, ar pavyks dailininkui Robertui u\u017ekariauti L\u0117jos \u0161ird\u012f ir dar daug pikanti\u0161k\u0173 vasaros istorij\u0173 apie tikr\u0105 meil\u0119, draugyst\u0119, pykt\u012f, atradimus ir netekt\u012f. Paai\u0161k\u0117s, ar L\u0117ja su Oliveriu taps pora, su\u017einosite, kas nutiko vien\u0105 romanti\u0161k\u0105 popiet\u0119, e\u017eere besiirstant valtimi\u2026\" \/>\n<meta property=\"og:url\" content=\"https:\/\/skaitytaknyga.lt\/en\/produktas\/vanessa-walder-meile-ir-atostogos-2\/\" \/>\n<meta property=\"og:site_name\" content=\"Skaitytaknyga\" \/>\n<meta property=\"article:publisher\" content=\"https:\/\/www.facebook.com\/skaitytaknyga\/\" \/>\n<meta property=\"article:modified_time\" content=\"2024-05-04T14:34:37+00:00\" \/>\n<meta property=\"og:image\" content=\"https:\/\/skaitytaknyga.lt\/wp-content\/uploads\/2024\/04\/atsisiusti-2-2-1.jpg\" \/>\n\t<meta property=\"og:image:width\" content=\"174\" \/>\n\t<meta property=\"og:image:height\" content=\"290\" \/>\n\t<meta property=\"og:image:type\" content=\"image\/jpeg\" \/>\n<meta name=\"twitter:card\" content=\"summary_large_image\" \/>\n<meta name=\"twitter:label1\" content=\"Estimated reading time\" \/>\n\t<meta name=\"twitter:data1\" content=\"1 minute\" \/>\n<script type=\"application\/ld+json\" class=\"yoast-schema-graph\">{\"@context\":\"https:\\\/\\\/schema.org\",\"@graph\":[{\"@type\":\"WebPage\",\"@id\":\"https:\\\/\\\/skaitytaknyga.lt\\\/produktas\\\/vanessa-walder-meile-ir-atostogos-2\\\/\",\"url\":\"https:\\\/\\\/skaitytaknyga.lt\\\/produktas\\\/vanessa-walder-meile-ir-atostogos-2\\\/\",\"name\":\"Vanessa Walder \u201eMeil\u0117 ir atostogos\u201c - Skaitytaknyga\",\"isPartOf\":{\"@id\":\"https:\\\/\\\/skaitytaknyga.lt\\\/#website\"},\"primaryImageOfPage\":{\"@id\":\"https:\\\/\\\/skaitytaknyga.lt\\\/produktas\\\/vanessa-walder-meile-ir-atostogos-2\\\/#primaryimage\"},\"image\":{\"@id\":\"https:\\\/\\\/skaitytaknyga.lt\\\/produktas\\\/vanessa-walder-meile-ir-atostogos-2\\\/#primaryimage\"},\"thumbnailUrl\":\"https:\\\/\\\/skaitytaknyga.lt\\\/wp-content\\\/uploads\\\/2024\\\/04\\\/atsisiusti-2-2-1.jpg\",\"datePublished\":\"2024-05-04T14:34:30+00:00\",\"dateModified\":\"2024-05-04T14:34:37+00:00\",\"description\":\"\u0160tai ir at\u0117jo kar\u0161toji vasara, o su ja ir atostogos, bet L\u0117jos Meil\u0117s UAB darbo tikrai netr\u016bksta. Meil\u0117 neatostogauja! Kad ir kaip L\u0117ja nor\u0117t\u0173 laikinai u\u017edaryti Meil\u0117s UAB, tai jai taip lengvai nepavyksta\u2026 \u0160ioje knygel\u0117je taip pat su\u017einosite, kod\u0117l Simonas beproti\u0161kai u\u017esigeid\u0117 treniruotis sporto klube, o L\u0117ja \u2013 plauti sporto klubo langus, ar Markas i\u0161 ties\u0173 toks \u017eavus ir \u012fdomus, kaip atrodo i\u0161 pirmo \u017evilgsnio, ar pavyks dailininkui Robertui u\u017ekariauti L\u0117jos \u0161ird\u012f ir dar daug pikanti\u0161k\u0173 vasaros istorij\u0173 apie tikr\u0105 meil\u0119, draugyst\u0119, pykt\u012f, atradimus ir netekt\u012f. Paai\u0161k\u0117s, ar L\u0117ja su Oliveriu taps pora, su\u017einosite, kas nutiko vien\u0105 romanti\u0161k\u0105 popiet\u0119, e\u017eere besiirstant valtimi\u2026\",\"breadcrumb\":{\"@id\":\"https:\\\/\\\/skaitytaknyga.lt\\\/produktas\\\/vanessa-walder-meile-ir-atostogos-2\\\/#breadcrumb\"},\"inLanguage\":\"en-GB\",\"potentialAction\":[{\"@type\":\"ReadAction\",\"target\":[\"https:\\\/\\\/skaitytaknyga.lt\\\/produktas\\\/vanessa-walder-meile-ir-atostogos-2\\\/\"]}]},{\"@type\":\"ImageObject\",\"inLanguage\":\"en-GB\",\"@id\":\"https:\\\/\\\/skaitytaknyga.lt\\\/produktas\\\/vanessa-walder-meile-ir-atostogos-2\\\/#primaryimage\",\"url\":\"https:\\\/\\\/skaitytaknyga.lt\\\/wp-content\\\/uploads\\\/2024\\\/04\\\/atsisiusti-2-2-1.jpg\",\"contentUrl\":\"https:\\\/\\\/skaitytaknyga.lt\\\/wp-content\\\/uploads\\\/2024\\\/04\\\/atsisiusti-2-2-1.jpg\",\"width\":174,\"height\":290,\"caption\":\"atsisiusti 2 2 1\"},{\"@type\":\"BreadcrumbList\",\"@id\":\"https:\\\/\\\/skaitytaknyga.lt\\\/produktas\\\/vanessa-walder-meile-ir-atostogos-2\\\/#breadcrumb\",\"itemListElement\":[{\"@type\":\"ListItem\",\"position\":1,\"name\":\"Home\",\"item\":\"https:\\\/\\\/skaitytaknyga.lt\\\/\"},{\"@type\":\"ListItem\",\"position\":2,\"name\":\"Parduotuv\u0117\",\"item\":\"https:\\\/\\\/skaitytaknyga.lt\\\/knygu-parduotuve\\\/\"},{\"@type\":\"ListItem\",\"position\":3,\"name\":\"Vanessa Walder \u201eMeil\u0117 ir atostogos\u201c\"}]},{\"@type\":\"WebSite\",\"@id\":\"https:\\\/\\\/skaitytaknyga.lt\\\/#website\",\"url\":\"https:\\\/\\\/skaitytaknyga.lt\\\/\",\"name\":\"skaitytaknyga.lt\",\"description\":\"Skaitytaknyga.lt \u2013 tai ma\u017eas \u0161eimos verslas, kuris prasid\u0117jo nuo meil\u0117s knygoms ir siekio i\u0161gelb\u0117ti knygas nuo likimo prie konteinerio. Kas vienam nereikalingas daiktas \u2013 kitam lobis, o mes esame tarpininkai, kurie padeda abiems tapti laimingesniems ???? \u017dinome kaip nelengva i\u0161gyventi ma\u017eiems verslams, tad nuo \u0161iol, \u010dia rasite ir kit\u0173, ma\u017e\u0173 \u0161eim\u0173 versl\u0173, rank\u0173 darbo, dovan\u0173 sau ir artimiesiems.\",\"publisher\":{\"@id\":\"https:\\\/\\\/skaitytaknyga.lt\\\/#organization\"},\"potentialAction\":[{\"@type\":\"SearchAction\",\"target\":{\"@type\":\"EntryPoint\",\"urlTemplate\":\"https:\\\/\\\/skaitytaknyga.lt\\\/?s={search_term_string}\"},\"query-input\":{\"@type\":\"PropertyValueSpecification\",\"valueRequired\":true,\"valueName\":\"search_term_string\"}}],\"inLanguage\":\"en-GB\"},{\"@type\":\"Organization\",\"@id\":\"https:\\\/\\\/skaitytaknyga.lt\\\/#organization\",\"name\":\"skaitytaknyga.lt\",\"url\":\"https:\\\/\\\/skaitytaknyga.lt\\\/\",\"logo\":{\"@type\":\"ImageObject\",\"inLanguage\":\"en-GB\",\"@id\":\"https:\\\/\\\/skaitytaknyga.lt\\\/#\\\/schema\\\/logo\\\/image\\\/\",\"url\":\"https:\\\/\\\/skaitytaknyga.lt\\\/wp-content\\\/uploads\\\/2024\\\/05\\\/cropped-cropped-cropped-02_00843_jt3bggkj1j3HLc7SyY6rEUpg.jpeg\",\"contentUrl\":\"https:\\\/\\\/skaitytaknyga.lt\\\/wp-content\\\/uploads\\\/2024\\\/05\\\/cropped-cropped-cropped-02_00843_jt3bggkj1j3HLc7SyY6rEUpg.jpeg\",\"width\":1600,\"height\":1600,\"caption\":\"skaitytaknyga.lt\"},\"image\":{\"@id\":\"https:\\\/\\\/skaitytaknyga.lt\\\/#\\\/schema\\\/logo\\\/image\\\/\"},\"sameAs\":[\"https:\\\/\\\/www.facebook.com\\\/skaitytaknyga\\\/\"]}]}<\/script>\n<!-- \/ Yoast SEO plugin. -->","yoast_head_json":{"title":"Vanessa Walder \u201eMeil\u0117 ir atostogos\u201c - Skaitytaknyga","description":"\u0160tai ir at\u0117jo kar\u0161toji vasara, o su ja ir atostogos, bet L\u0117jos Meil\u0117s UAB darbo tikrai netr\u016bksta. Meil\u0117 neatostogauja! Kad ir kaip L\u0117ja nor\u0117t\u0173 laikinai u\u017edaryti Meil\u0117s UAB, tai jai taip lengvai nepavyksta\u2026 \u0160ioje knygel\u0117je taip pat su\u017einosite, kod\u0117l Simonas beproti\u0161kai u\u017esigeid\u0117 treniruotis sporto klube, o L\u0117ja \u2013 plauti sporto klubo langus, ar Markas i\u0161 ties\u0173 toks \u017eavus ir \u012fdomus, kaip atrodo i\u0161 pirmo \u017evilgsnio, ar pavyks dailininkui Robertui u\u017ekariauti L\u0117jos \u0161ird\u012f ir dar daug pikanti\u0161k\u0173 vasaros istorij\u0173 apie tikr\u0105 meil\u0119, draugyst\u0119, pykt\u012f, atradimus ir netekt\u012f. Paai\u0161k\u0117s, ar L\u0117ja su Oliveriu taps pora, su\u017einosite, kas nutiko vien\u0105 romanti\u0161k\u0105 popiet\u0119, e\u017eere besiirstant valtimi\u2026","robots":{"index":"index","follow":"follow","max-snippet":"max-snippet:-1","max-image-preview":"max-image-preview:large","max-video-preview":"max-video-preview:-1"},"canonical":"https:\/\/skaitytaknyga.lt\/en\/produktas\/vanessa-walder-meile-ir-atostogos-2\/","og_locale":"en_GB","og_type":"article","og_title":"Vanessa Walder \u201eMeil\u0117 ir atostogos\u201c - Skaitytaknyga","og_description":"\u0160tai ir at\u0117jo kar\u0161toji vasara, o su ja ir atostogos, bet L\u0117jos Meil\u0117s UAB darbo tikrai netr\u016bksta. Meil\u0117 neatostogauja! Kad ir kaip L\u0117ja nor\u0117t\u0173 laikinai u\u017edaryti Meil\u0117s UAB, tai jai taip lengvai nepavyksta\u2026 \u0160ioje knygel\u0117je taip pat su\u017einosite, kod\u0117l Simonas beproti\u0161kai u\u017esigeid\u0117 treniruotis sporto klube, o L\u0117ja \u2013 plauti sporto klubo langus, ar Markas i\u0161 ties\u0173 toks \u017eavus ir \u012fdomus, kaip atrodo i\u0161 pirmo \u017evilgsnio, ar pavyks dailininkui Robertui u\u017ekariauti L\u0117jos \u0161ird\u012f ir dar daug pikanti\u0161k\u0173 vasaros istorij\u0173 apie tikr\u0105 meil\u0119, draugyst\u0119, pykt\u012f, atradimus ir netekt\u012f. Paai\u0161k\u0117s, ar L\u0117ja su Oliveriu taps pora, su\u017einosite, kas nutiko vien\u0105 romanti\u0161k\u0105 popiet\u0119, e\u017eere besiirstant valtimi\u2026","og_url":"https:\/\/skaitytaknyga.lt\/en\/produktas\/vanessa-walder-meile-ir-atostogos-2\/","og_site_name":"Skaitytaknyga","article_publisher":"https:\/\/www.facebook.com\/skaitytaknyga\/","article_modified_time":"2024-05-04T14:34:37+00:00","og_image":[{"width":174,"height":290,"url":"https:\/\/skaitytaknyga.lt\/wp-content\/uploads\/2024\/04\/atsisiusti-2-2-1.jpg","type":"image\/jpeg"}],"twitter_card":"summary_large_image","twitter_misc":{"Estimated reading time":"1 minute"},"schema":{"@context":"https:\/\/schema.org","@graph":[{"@type":"WebPage","@id":"https:\/\/skaitytaknyga.lt\/produktas\/vanessa-walder-meile-ir-atostogos-2\/","url":"https:\/\/skaitytaknyga.lt\/produktas\/vanessa-walder-meile-ir-atostogos-2\/","name":"Vanessa Walder \u201eMeil\u0117 ir atostogos\u201c - Skaitytaknyga","isPartOf":{"@id":"https:\/\/skaitytaknyga.lt\/#website"},"primaryImageOfPage":{"@id":"https:\/\/skaitytaknyga.lt\/produktas\/vanessa-walder-meile-ir-atostogos-2\/#primaryimage"},"image":{"@id":"https:\/\/skaitytaknyga.lt\/produktas\/vanessa-walder-meile-ir-atostogos-2\/#primaryimage"},"thumbnailUrl":"https:\/\/skaitytaknyga.lt\/wp-content\/uploads\/2024\/04\/atsisiusti-2-2-1.jpg","datePublished":"2024-05-04T14:34:30+00:00","dateModified":"2024-05-04T14:34:37+00:00","description":"\u0160tai ir at\u0117jo kar\u0161toji vasara, o su ja ir atostogos, bet L\u0117jos Meil\u0117s UAB darbo tikrai netr\u016bksta. Meil\u0117 neatostogauja! Kad ir kaip L\u0117ja nor\u0117t\u0173 laikinai u\u017edaryti Meil\u0117s UAB, tai jai taip lengvai nepavyksta\u2026 \u0160ioje knygel\u0117je taip pat su\u017einosite, kod\u0117l Simonas beproti\u0161kai u\u017esigeid\u0117 treniruotis sporto klube, o L\u0117ja \u2013 plauti sporto klubo langus, ar Markas i\u0161 ties\u0173 toks \u017eavus ir \u012fdomus, kaip atrodo i\u0161 pirmo \u017evilgsnio, ar pavyks dailininkui Robertui u\u017ekariauti L\u0117jos \u0161ird\u012f ir dar daug pikanti\u0161k\u0173 vasaros istorij\u0173 apie tikr\u0105 meil\u0119, draugyst\u0119, pykt\u012f, atradimus ir netekt\u012f. Paai\u0161k\u0117s, ar L\u0117ja su Oliveriu taps pora, su\u017einosite, kas nutiko vien\u0105 romanti\u0161k\u0105 popiet\u0119, e\u017eere besiirstant valtimi\u2026","breadcrumb":{"@id":"https:\/\/skaitytaknyga.lt\/produktas\/vanessa-walder-meile-ir-atostogos-2\/#breadcrumb"},"inLanguage":"en-GB","potentialAction":[{"@type":"ReadAction","target":["https:\/\/skaitytaknyga.lt\/produktas\/vanessa-walder-meile-ir-atostogos-2\/"]}]},{"@type":"ImageObject","inLanguage":"en-GB","@id":"https:\/\/skaitytaknyga.lt\/produktas\/vanessa-walder-meile-ir-atostogos-2\/#primaryimage","url":"https:\/\/skaitytaknyga.lt\/wp-content\/uploads\/2024\/04\/atsisiusti-2-2-1.jpg","contentUrl":"https:\/\/skaitytaknyga.lt\/wp-content\/uploads\/2024\/04\/atsisiusti-2-2-1.jpg","width":174,"height":290,"caption":"atsisiusti 2 2 1"},{"@type":"BreadcrumbList","@id":"https:\/\/skaitytaknyga.lt\/produktas\/vanessa-walder-meile-ir-atostogos-2\/#breadcrumb","itemListElement":[{"@type":"ListItem","position":1,"name":"Home","item":"https:\/\/skaitytaknyga.lt\/"},{"@type":"ListItem","position":2,"name":"Parduotuv\u0117","item":"https:\/\/skaitytaknyga.lt\/knygu-parduotuve\/"},{"@type":"ListItem","position":3,"name":"Vanessa Walder \u201eMeil\u0117 ir atostogos\u201c"}]},{"@type":"WebSite","@id":"https:\/\/skaitytaknyga.lt\/#website","url":"https:\/\/skaitytaknyga.lt\/","name":"skaitytaknyga.lt","description":"Skaitytaknyga.lt \u2013 tai ma\u017eas \u0161eimos verslas, kuris prasid\u0117jo nuo meil\u0117s knygoms ir siekio i\u0161gelb\u0117ti knygas nuo likimo prie konteinerio. Kas vienam nereikalingas daiktas \u2013 kitam lobis, o mes esame tarpininkai, kurie padeda abiems tapti laimingesniems ???? \u017dinome kaip nelengva i\u0161gyventi ma\u017eiems verslams, tad nuo \u0161iol, \u010dia rasite ir kit\u0173, ma\u017e\u0173 \u0161eim\u0173 versl\u0173, rank\u0173 darbo, dovan\u0173 sau ir artimiesiems.","publisher":{"@id":"https:\/\/skaitytaknyga.lt\/#organization"},"potentialAction":[{"@type":"SearchAction","target":{"@type":"EntryPoint","urlTemplate":"https:\/\/skaitytaknyga.lt\/?s={search_term_string}"},"query-input":{"@type":"PropertyValueSpecification","valueRequired":true,"valueName":"search_term_string"}}],"inLanguage":"en-GB"},{"@type":"Organization","@id":"https:\/\/skaitytaknyga.lt\/#organization","name":"skaitytaknyga.lt","url":"https:\/\/skaitytaknyga.lt\/","logo":{"@type":"ImageObject","inLanguage":"en-GB","@id":"https:\/\/skaitytaknyga.lt\/#\/schema\/logo\/image\/","url":"https:\/\/skaitytaknyga.lt\/wp-content\/uploads\/2024\/05\/cropped-cropped-cropped-02_00843_jt3bggkj1j3HLc7SyY6rEUpg.jpeg","contentUrl":"https:\/\/skaitytaknyga.lt\/wp-content\/uploads\/2024\/05\/cropped-cropped-cropped-02_00843_jt3bggkj1j3HLc7SyY6rEUpg.jpeg","width":1600,"height":1600,"caption":"skaitytaknyga.lt"},"image":{"@id":"https:\/\/skaitytaknyga.lt\/#\/schema\/logo\/image\/"},"sameAs":["https:\/\/www.facebook.com\/skaitytaknyga\/"]}]}},"_links":{"self":[{"href":"https:\/\/skaitytaknyga.lt\/en\/wp-json\/wp\/v2\/product\/7733","targetHints":{"allow":["GET"]}}],"collection":[{"href":"https:\/\/skaitytaknyga.lt\/en\/wp-json\/wp\/v2\/product"}],"about":[{"href":"https:\/\/skaitytaknyga.lt\/en\/wp-json\/wp\/v2\/types\/product"}],"replies":[{"embeddable":true,"href":"https:\/\/skaitytaknyga.lt\/en\/wp-json\/wp\/v2\/comments?post=7733"}],"wp:featuredmedia":[{"embeddable":true,"href":"https:\/\/skaitytaknyga.lt\/en\/wp-json\/wp\/v2\/media\/3154"}],"wp:attachment":[{"href":"https:\/\/skaitytaknyga.lt\/en\/wp-json\/wp\/v2\/media?parent=7733"}],"wp:term":[{"taxonomy":"product_brand","embeddable":true,"href":"https:\/\/skaitytaknyga.lt\/en\/wp-json\/wp\/v2\/product_brand?post=7733"},{"taxonomy":"product_cat","embeddable":true,"href":"https:\/\/skaitytaknyga.lt\/en\/wp-json\/wp\/v2\/product_cat?post=7733"},{"taxonomy":"product_tag","embeddable":true,"href":"https:\/\/skaitytaknyga.lt\/en\/wp-json\/wp\/v2\/product_tag?post=7733"}],"curies":[{"name":"wp","href":"https:\/\/api.w.org\/{rel}","templated":true}]}}