{"id":7720,"date":"2024-05-04T14:34:09","date_gmt":"2024-05-04T14:34:09","guid":{"rendered":"https:\/\/skaitytaknyga.lt\/?post_type=product&#038;p=7720"},"modified":"2026-02-26T18:11:24","modified_gmt":"2026-02-26T16:11:24","slug":"hakon-ovreas-juodulis-2","status":"publish","type":"product","link":"https:\/\/skaitytaknyga.lt\/en\/produktas\/hakon-ovreas-juodulis-2\/","title":{"rendered":"Hakon Ovreas \u201eJuodulis\u201c"},"content":{"rendered":"<p>Trijul\u0117 i\u0161 kelis kartus premijuoto \u201eRudaliaus&#8221; pagaliau sugr\u012f\u017eo! \u201eJuodulis\u201c \u2013 tai knyga apie paslaptingas mergaites, ma\u017eus ir didelius melus ir apie vi\u0161t\u0105 prizinink\u0119. \u012e gyvenviet\u0119 atsikraust\u0117 nauja mergait\u0117. Ulis mano, kad ji \u012fdomi. Jis galvoja, kad tiesiog pasiskolin\u0119s mero vi\u0161t\u0105 prizinink\u0119 ir tada apsimet\u0119s, jog j\u0105 rado, paklius \u012f laikra\u0161t\u012f ir patiks naujajai mergaitei. Bet, kai m\u0117ginimas klostosi ne visai pagal plan\u0105, Ulis \u012f pagalb\u0105 pasitelkia superheroj\u0173 Juodul\u012f ir i\u0161tikimuosius bendra\u017eygius Rudali\u0173 ir M\u0117l\u0119. Draugai nelabai nutuokia, kas vyksta, bet i\u0161 ties\u0173 to nesupranta ir pats Ulis.<\/p>\n","protected":false},"excerpt":{"rendered":"<p>Trijul\u0117 i\u0161 kelis kartus premijuoto \u201eRudaliaus&#8221; pagaliau sugr\u012f\u017eo! \u201eJuodulis\u201c \u2013 tai knyga apie paslaptingas mergaites, ma\u017eus ir didelius melus ir apie vi\u0161t\u0105 prizinink\u0119. \u012e gyvenviet\u0119 atsikraust\u0117 nauja mergait\u0117. Ulis mano, kad ji \u012fdomi. Jis galvoja, kad tiesiog pasiskolin\u0119s mero vi\u0161t\u0105 prizinink\u0119 ir tada apsimet\u0119s, jog j\u0105 rado, paklius \u012f laikra\u0161t\u012f ir patiks naujajai mergaitei. Bet, kai m\u0117ginimas klostosi ne visai pagal plan\u0105, Ulis \u012f pagalb\u0105 pasitelkia superheroj\u0173 Juodul\u012f ir i\u0161tikimuosius bendra\u017eygius Rudali\u0173 ir M\u0117l\u0119. Draugai nelabai nutuokia, kas vyksta, bet i\u0161 ties\u0173 to nesupranta ir pats Ulis.<\/p>\n","protected":false},"featured_media":0,"comment_status":"closed","ping_status":"closed","template":"","meta":{"_acf_changed":false,"site-sidebar-layout":"default","site-content-layout":"","ast-site-content-layout":"default","site-content-style":"default","site-sidebar-style":"default","ast-global-header-display":"","ast-banner-title-visibility":"","ast-main-header-display":"","ast-hfb-above-header-display":"","ast-hfb-below-header-display":"","ast-hfb-mobile-header-display":"","site-post-title":"","ast-breadcrumbs-content":"","ast-featured-img":"","footer-sml-layout":"","ast-disable-related-posts":"","theme-transparent-header-meta":"default","adv-header-id-meta":"","stick-header-meta":"","header-above-stick-meta":"","header-main-stick-meta":"","header-below-stick-meta":"","astra-migrate-meta-layouts":"set","ast-page-background-enabled":"default","ast-page-background-meta":{"desktop":{"background-color":"","background-image":"","background-repeat":"repeat","background-position":"center center","background-size":"auto","background-attachment":"scroll","background-type":"","background-media":"","overlay-type":"","overlay-color":"","overlay-opacity":"","overlay-gradient":""},"tablet":{"background-color":"","background-image":"","background-repeat":"repeat","background-position":"center center","background-size":"auto","background-attachment":"scroll","background-type":"","background-media":"","overlay-type":"","overlay-color":"","overlay-opacity":"","overlay-gradient":""},"mobile":{"background-color":"","background-image":"","background-repeat":"repeat","background-position":"center center","background-size":"auto","background-attachment":"scroll","background-type":"","background-media":"","overlay-type":"","overlay-color":"","overlay-opacity":"","overlay-gradient":""}},"ast-content-background-meta":{"desktop":{"background-color":"var(--ast-global-color-4)","background-image":"","background-repeat":"repeat","background-position":"center center","background-size":"auto","background-attachment":"scroll","background-type":"","background-media":"","overlay-type":"","overlay-color":"","overlay-opacity":"","overlay-gradient":""},"tablet":{"background-color":"var(--ast-global-color-4)","background-image":"","background-repeat":"repeat","background-position":"center center","background-size":"auto","background-attachment":"scroll","background-type":"","background-media":"","overlay-type":"","overlay-color":"","overlay-opacity":"","overlay-gradient":""},"mobile":{"background-color":"var(--ast-global-color-4)","background-image":"","background-repeat":"repeat","background-position":"center center","background-size":"auto","background-attachment":"scroll","background-type":"","background-media":"","overlay-type":"","overlay-color":"","overlay-opacity":"","overlay-gradient":""}}},"product_brand":[],"product_cat":[35],"product_tag":[],"class_list":{"0":"post-7720","1":"product","2":"type-product","3":"status-publish","5":"product_cat-vaikams-ir-paaugliams","6":"desktop-align-left","7":"tablet-align-left","8":"mobile-align-left","10":"first","11":"instock","12":"shipping-taxable","13":"purchasable","14":"product-type-simple"},"acf":[],"yoast_head":"<!-- This site is optimized with the Yoast SEO plugin v27.0 - https:\/\/yoast.com\/product\/yoast-seo-wordpress\/ -->\n<title>Hakon Ovreas \u201eJuodulis\u201c<\/title>\n<meta name=\"description\" content=\"Trijul\u0117 i\u0161 kelis kartus premijuoto \u201eRudaliaus&quot; pagaliau sugr\u012f\u017eo! \u201eJuodulis\u201c \u2013 tai knyga apie paslaptingas mergaites, ma\u017eus ir didelius melus ir apie vi\u0161t\u0105 prizinink\u0119. \u012e gyvenviet\u0119 atsikraust\u0117 nauja mergait\u0117. Ulis mano, kad ji \u012fdomi. Jis galvoja, kad tiesiog pasiskolin\u0119s mero vi\u0161t\u0105 prizinink\u0119 ir tada apsimet\u0119s, jog j\u0105 rado, paklius \u012f laikra\u0161t\u012f ir patiks naujajai mergaitei. Bet, kai m\u0117ginimas klostosi ne visai pagal plan\u0105, Ulis \u012f pagalb\u0105 pasitelkia superheroj\u0173 Juodul\u012f ir i\u0161tikimuosius bendra\u017eygius Rudali\u0173 ir M\u0117l\u0119. Draugai nelabai nutuokia, kas vyksta, bet i\u0161 ties\u0173 to nesupranta ir pats Ulis.\" \/>\n<meta name=\"robots\" content=\"index, follow, max-snippet:-1, max-image-preview:large, max-video-preview:-1\" \/>\n<link rel=\"canonical\" href=\"https:\/\/skaitytaknyga.lt\/en\/produktas\/hakon-ovreas-juodulis-2\/\" \/>\n<meta property=\"og:locale\" content=\"en_GB\" \/>\n<meta property=\"og:locale:alternate\" content=\"lt_LT\" \/>\n<meta property=\"og:type\" content=\"article\" \/>\n<meta property=\"og:title\" content=\"Hakon Ovreas \u201eJuodulis\u201c\" \/>\n<meta property=\"og:description\" content=\"Trijul\u0117 i\u0161 kelis kartus premijuoto \u201eRudaliaus&quot; pagaliau sugr\u012f\u017eo! \u201eJuodulis\u201c \u2013 tai knyga apie paslaptingas mergaites, ma\u017eus ir didelius melus ir apie vi\u0161t\u0105 prizinink\u0119. \u012e gyvenviet\u0119 atsikraust\u0117 nauja mergait\u0117. Ulis mano, kad ji \u012fdomi. Jis galvoja, kad tiesiog pasiskolin\u0119s mero vi\u0161t\u0105 prizinink\u0119 ir tada apsimet\u0119s, jog j\u0105 rado, paklius \u012f laikra\u0161t\u012f ir patiks naujajai mergaitei. Bet, kai m\u0117ginimas klostosi ne visai pagal plan\u0105, Ulis \u012f pagalb\u0105 pasitelkia superheroj\u0173 Juodul\u012f ir i\u0161tikimuosius bendra\u017eygius Rudali\u0173 ir M\u0117l\u0119. Draugai nelabai nutuokia, kas vyksta, bet i\u0161 ties\u0173 to nesupranta ir pats Ulis.\" \/>\n<meta property=\"og:url\" content=\"https:\/\/skaitytaknyga.lt\/en\/produktas\/hakon-ovreas-juodulis-2\/\" \/>\n<meta property=\"og:site_name\" content=\"Skaitytaknyga\" \/>\n<meta property=\"article:publisher\" content=\"https:\/\/www.facebook.com\/skaitytaknyga\/\" \/>\n<meta property=\"article:modified_time\" content=\"2026-02-26T16:11:24+00:00\" \/>\n<meta property=\"og:image\" content=\"https:\/\/skaitytaknyga.lt\/wp-content\/uploads\/2024\/07\/skaitytaknyga.png\" \/>\n\t<meta property=\"og:image:width\" content=\"747\" \/>\n\t<meta property=\"og:image:height\" content=\"496\" \/>\n\t<meta property=\"og:image:type\" content=\"image\/png\" \/>\n<meta name=\"twitter:card\" content=\"summary_large_image\" \/>\n<meta name=\"twitter:label1\" content=\"Estimated reading time\" \/>\n\t<meta name=\"twitter:data1\" content=\"1 minute\" \/>\n<script type=\"application\/ld+json\" class=\"yoast-schema-graph\">{\"@context\":\"https:\/\/schema.org\",\"@graph\":[{\"@type\":\"WebPage\",\"@id\":\"https:\/\/skaitytaknyga.lt\/produktas\/hakon-ovreas-juodulis-2\/\",\"url\":\"https:\/\/skaitytaknyga.lt\/produktas\/hakon-ovreas-juodulis-2\/\",\"name\":\"Hakon Ovreas \u201eJuodulis\u201c\",\"isPartOf\":{\"@id\":\"https:\/\/skaitytaknyga.lt\/#website\"},\"datePublished\":\"2024-05-04T14:34:09+00:00\",\"dateModified\":\"2026-02-26T16:11:24+00:00\",\"description\":\"Trijul\u0117 i\u0161 kelis kartus premijuoto \u201eRudaliaus\\\" pagaliau sugr\u012f\u017eo! \u201eJuodulis\u201c \u2013 tai knyga apie paslaptingas mergaites, ma\u017eus ir didelius melus ir apie vi\u0161t\u0105 prizinink\u0119. \u012e gyvenviet\u0119 atsikraust\u0117 nauja mergait\u0117. Ulis mano, kad ji \u012fdomi. Jis galvoja, kad tiesiog pasiskolin\u0119s mero vi\u0161t\u0105 prizinink\u0119 ir tada apsimet\u0119s, jog j\u0105 rado, paklius \u012f laikra\u0161t\u012f ir patiks naujajai mergaitei. Bet, kai m\u0117ginimas klostosi ne visai pagal plan\u0105, Ulis \u012f pagalb\u0105 pasitelkia superheroj\u0173 Juodul\u012f ir i\u0161tikimuosius bendra\u017eygius Rudali\u0173 ir M\u0117l\u0119. Draugai nelabai nutuokia, kas vyksta, bet i\u0161 ties\u0173 to nesupranta ir pats Ulis.\",\"breadcrumb\":{\"@id\":\"https:\/\/skaitytaknyga.lt\/produktas\/hakon-ovreas-juodulis-2\/#breadcrumb\"},\"inLanguage\":\"en-GB\",\"potentialAction\":[{\"@type\":\"ReadAction\",\"target\":[\"https:\/\/skaitytaknyga.lt\/produktas\/hakon-ovreas-juodulis-2\/\"]}]},{\"@type\":\"BreadcrumbList\",\"@id\":\"https:\/\/skaitytaknyga.lt\/produktas\/hakon-ovreas-juodulis-2\/#breadcrumb\",\"itemListElement\":[{\"@type\":\"ListItem\",\"position\":1,\"name\":\"Home\",\"item\":\"https:\/\/skaitytaknyga.lt\/\"},{\"@type\":\"ListItem\",\"position\":2,\"name\":\"Parduotuv\u0117\",\"item\":\"https:\/\/skaitytaknyga.lt\/knygu-parduotuve\/\"},{\"@type\":\"ListItem\",\"position\":3,\"name\":\"Hakon Ovreas \u201eJuodulis\u201c\"}]},{\"@type\":\"WebSite\",\"@id\":\"https:\/\/skaitytaknyga.lt\/#website\",\"url\":\"https:\/\/skaitytaknyga.lt\/\",\"name\":\"skaitytaknyga.lt\",\"description\":\"Skaitytaknyga.lt \u2013 tai ma\u017eas \u0161eimos verslas, kuris prasid\u0117jo nuo meil\u0117s knygoms ir siekio i\u0161gelb\u0117ti knygas nuo likimo prie konteinerio. Kas vienam nereikalingas daiktas \u2013 kitam lobis, o mes esame tarpininkai, kurie padeda abiems tapti laimingesniems ???? \u017dinome kaip nelengva i\u0161gyventi ma\u017eiems verslams, tad nuo \u0161iol, \u010dia rasite ir kit\u0173, ma\u017e\u0173 \u0161eim\u0173 versl\u0173, rank\u0173 darbo, dovan\u0173 sau ir artimiesiems.\",\"publisher\":{\"@id\":\"https:\/\/skaitytaknyga.lt\/#organization\"},\"potentialAction\":[{\"@type\":\"SearchAction\",\"target\":{\"@type\":\"EntryPoint\",\"urlTemplate\":\"https:\/\/skaitytaknyga.lt\/?s={search_term_string}\"},\"query-input\":{\"@type\":\"PropertyValueSpecification\",\"valueRequired\":true,\"valueName\":\"search_term_string\"}}],\"inLanguage\":\"en-GB\"},{\"@type\":\"Organization\",\"@id\":\"https:\/\/skaitytaknyga.lt\/#organization\",\"name\":\"skaitytaknyga.lt\",\"url\":\"https:\/\/skaitytaknyga.lt\/\",\"logo\":{\"@type\":\"ImageObject\",\"inLanguage\":\"en-GB\",\"@id\":\"https:\/\/skaitytaknyga.lt\/#\/schema\/logo\/image\/\",\"url\":\"https:\/\/skaitytaknyga.lt\/wp-content\/uploads\/2024\/05\/cropped-cropped-cropped-02_00843_jt3bggkj1j3HLc7SyY6rEUpg.jpeg\",\"contentUrl\":\"https:\/\/skaitytaknyga.lt\/wp-content\/uploads\/2024\/05\/cropped-cropped-cropped-02_00843_jt3bggkj1j3HLc7SyY6rEUpg.jpeg\",\"width\":1600,\"height\":1600,\"caption\":\"skaitytaknyga.lt\"},\"image\":{\"@id\":\"https:\/\/skaitytaknyga.lt\/#\/schema\/logo\/image\/\"},\"sameAs\":[\"https:\/\/www.facebook.com\/skaitytaknyga\/\"]}]}<\/script>\n<!-- \/ Yoast SEO plugin. -->","yoast_head_json":{"title":"Hakon Ovreas \u201eJuodulis\u201c","description":"Trijul\u0117 i\u0161 kelis kartus premijuoto \u201eRudaliaus\" pagaliau sugr\u012f\u017eo! \u201eJuodulis\u201c \u2013 tai knyga apie paslaptingas mergaites, ma\u017eus ir didelius melus ir apie vi\u0161t\u0105 prizinink\u0119. \u012e gyvenviet\u0119 atsikraust\u0117 nauja mergait\u0117. Ulis mano, kad ji \u012fdomi. Jis galvoja, kad tiesiog pasiskolin\u0119s mero vi\u0161t\u0105 prizinink\u0119 ir tada apsimet\u0119s, jog j\u0105 rado, paklius \u012f laikra\u0161t\u012f ir patiks naujajai mergaitei. Bet, kai m\u0117ginimas klostosi ne visai pagal plan\u0105, Ulis \u012f pagalb\u0105 pasitelkia superheroj\u0173 Juodul\u012f ir i\u0161tikimuosius bendra\u017eygius Rudali\u0173 ir M\u0117l\u0119. Draugai nelabai nutuokia, kas vyksta, bet i\u0161 ties\u0173 to nesupranta ir pats Ulis.","robots":{"index":"index","follow":"follow","max-snippet":"max-snippet:-1","max-image-preview":"max-image-preview:large","max-video-preview":"max-video-preview:-1"},"canonical":"https:\/\/skaitytaknyga.lt\/en\/produktas\/hakon-ovreas-juodulis-2\/","og_locale":"en_GB","og_type":"article","og_title":"[:lt]Hakon Ovreas \u201eJuodulis\u201c[:] - Skaitytaknyga","og_description":"Trijul\u0117 i\u0161 kelis kartus premijuoto \u201eRudaliaus\" pagaliau sugr\u012f\u017eo! \u201eJuodulis\u201c \u2013 tai knyga apie paslaptingas mergaites, ma\u017eus ir didelius melus ir apie vi\u0161t\u0105 prizinink\u0119. \u012e gyvenviet\u0119 atsikraust\u0117 nauja mergait\u0117. Ulis mano, kad ji \u012fdomi. Jis galvoja, kad tiesiog pasiskolin\u0119s mero vi\u0161t\u0105 prizinink\u0119 ir tada apsimet\u0119s, jog j\u0105 rado, paklius \u012f laikra\u0161t\u012f ir patiks naujajai mergaitei. Bet, kai m\u0117ginimas klostosi ne visai pagal plan\u0105, Ulis \u012f pagalb\u0105 pasitelkia superheroj\u0173 Juodul\u012f ir i\u0161tikimuosius bendra\u017eygius Rudali\u0173 ir M\u0117l\u0119. Draugai nelabai nutuokia, kas vyksta, bet i\u0161 ties\u0173 to nesupranta ir pats Ulis.","og_url":"https:\/\/skaitytaknyga.lt\/en\/produktas\/hakon-ovreas-juodulis-2\/","og_site_name":"Skaitytaknyga","article_publisher":"https:\/\/www.facebook.com\/skaitytaknyga\/","article_modified_time":"2026-02-26T16:11:24+00:00","og_image":[{"width":747,"height":496,"url":"https:\/\/skaitytaknyga.lt\/wp-content\/uploads\/2024\/07\/skaitytaknyga.png","type":"image\/png"}],"twitter_card":"summary_large_image","twitter_misc":{"Estimated reading time":"1 minute"},"schema":{"@context":"https:\/\/schema.org","@graph":[{"@type":"WebPage","@id":"https:\/\/skaitytaknyga.lt\/produktas\/hakon-ovreas-juodulis-2\/","url":"https:\/\/skaitytaknyga.lt\/produktas\/hakon-ovreas-juodulis-2\/","name":"Hakon Ovreas \u201eJuodulis\u201c","isPartOf":{"@id":"https:\/\/skaitytaknyga.lt\/#website"},"datePublished":"2024-05-04T14:34:09+00:00","dateModified":"2026-02-26T16:11:24+00:00","description":"Trijul\u0117 i\u0161 kelis kartus premijuoto \u201eRudaliaus\" pagaliau sugr\u012f\u017eo! \u201eJuodulis\u201c \u2013 tai knyga apie paslaptingas mergaites, ma\u017eus ir didelius melus ir apie vi\u0161t\u0105 prizinink\u0119. \u012e gyvenviet\u0119 atsikraust\u0117 nauja mergait\u0117. Ulis mano, kad ji \u012fdomi. Jis galvoja, kad tiesiog pasiskolin\u0119s mero vi\u0161t\u0105 prizinink\u0119 ir tada apsimet\u0119s, jog j\u0105 rado, paklius \u012f laikra\u0161t\u012f ir patiks naujajai mergaitei. Bet, kai m\u0117ginimas klostosi ne visai pagal plan\u0105, Ulis \u012f pagalb\u0105 pasitelkia superheroj\u0173 Juodul\u012f ir i\u0161tikimuosius bendra\u017eygius Rudali\u0173 ir M\u0117l\u0119. Draugai nelabai nutuokia, kas vyksta, bet i\u0161 ties\u0173 to nesupranta ir pats Ulis.","breadcrumb":{"@id":"https:\/\/skaitytaknyga.lt\/produktas\/hakon-ovreas-juodulis-2\/#breadcrumb"},"inLanguage":"en-GB","potentialAction":[{"@type":"ReadAction","target":["https:\/\/skaitytaknyga.lt\/produktas\/hakon-ovreas-juodulis-2\/"]}]},{"@type":"BreadcrumbList","@id":"https:\/\/skaitytaknyga.lt\/produktas\/hakon-ovreas-juodulis-2\/#breadcrumb","itemListElement":[{"@type":"ListItem","position":1,"name":"Home","item":"https:\/\/skaitytaknyga.lt\/"},{"@type":"ListItem","position":2,"name":"Parduotuv\u0117","item":"https:\/\/skaitytaknyga.lt\/knygu-parduotuve\/"},{"@type":"ListItem","position":3,"name":"Hakon Ovreas \u201eJuodulis\u201c"}]},{"@type":"WebSite","@id":"https:\/\/skaitytaknyga.lt\/#website","url":"https:\/\/skaitytaknyga.lt\/","name":"skaitytaknyga.lt","description":"Skaitytaknyga.lt \u2013 tai ma\u017eas \u0161eimos verslas, kuris prasid\u0117jo nuo meil\u0117s knygoms ir siekio i\u0161gelb\u0117ti knygas nuo likimo prie konteinerio. Kas vienam nereikalingas daiktas \u2013 kitam lobis, o mes esame tarpininkai, kurie padeda abiems tapti laimingesniems ???? \u017dinome kaip nelengva i\u0161gyventi ma\u017eiems verslams, tad nuo \u0161iol, \u010dia rasite ir kit\u0173, ma\u017e\u0173 \u0161eim\u0173 versl\u0173, rank\u0173 darbo, dovan\u0173 sau ir artimiesiems.","publisher":{"@id":"https:\/\/skaitytaknyga.lt\/#organization"},"potentialAction":[{"@type":"SearchAction","target":{"@type":"EntryPoint","urlTemplate":"https:\/\/skaitytaknyga.lt\/?s={search_term_string}"},"query-input":{"@type":"PropertyValueSpecification","valueRequired":true,"valueName":"search_term_string"}}],"inLanguage":"en-GB"},{"@type":"Organization","@id":"https:\/\/skaitytaknyga.lt\/#organization","name":"skaitytaknyga.lt","url":"https:\/\/skaitytaknyga.lt\/","logo":{"@type":"ImageObject","inLanguage":"en-GB","@id":"https:\/\/skaitytaknyga.lt\/#\/schema\/logo\/image\/","url":"https:\/\/skaitytaknyga.lt\/wp-content\/uploads\/2024\/05\/cropped-cropped-cropped-02_00843_jt3bggkj1j3HLc7SyY6rEUpg.jpeg","contentUrl":"https:\/\/skaitytaknyga.lt\/wp-content\/uploads\/2024\/05\/cropped-cropped-cropped-02_00843_jt3bggkj1j3HLc7SyY6rEUpg.jpeg","width":1600,"height":1600,"caption":"skaitytaknyga.lt"},"image":{"@id":"https:\/\/skaitytaknyga.lt\/#\/schema\/logo\/image\/"},"sameAs":["https:\/\/www.facebook.com\/skaitytaknyga\/"]}]}},"_links":{"self":[{"href":"https:\/\/skaitytaknyga.lt\/en\/wp-json\/wp\/v2\/product\/7720","targetHints":{"allow":["GET"]}}],"collection":[{"href":"https:\/\/skaitytaknyga.lt\/en\/wp-json\/wp\/v2\/product"}],"about":[{"href":"https:\/\/skaitytaknyga.lt\/en\/wp-json\/wp\/v2\/types\/product"}],"replies":[{"embeddable":true,"href":"https:\/\/skaitytaknyga.lt\/en\/wp-json\/wp\/v2\/comments?post=7720"}],"wp:attachment":[{"href":"https:\/\/skaitytaknyga.lt\/en\/wp-json\/wp\/v2\/media?parent=7720"}],"wp:term":[{"taxonomy":"product_brand","embeddable":true,"href":"https:\/\/skaitytaknyga.lt\/en\/wp-json\/wp\/v2\/product_brand?post=7720"},{"taxonomy":"product_cat","embeddable":true,"href":"https:\/\/skaitytaknyga.lt\/en\/wp-json\/wp\/v2\/product_cat?post=7720"},{"taxonomy":"product_tag","embeddable":true,"href":"https:\/\/skaitytaknyga.lt\/en\/wp-json\/wp\/v2\/product_tag?post=7720"}],"curies":[{"name":"wp","href":"https:\/\/api.w.org\/{rel}","templated":true}]}}