{"id":7715,"date":"2024-05-04T14:34:09","date_gmt":"2024-05-04T14:34:09","guid":{"rendered":"https:\/\/skaitytaknyga.lt\/?post_type=product&#038;p=7715"},"modified":"2024-12-20T17:46:43","modified_gmt":"2024-12-20T15:46:43","slug":"paselusios-atostogos-2","status":"publish","type":"product","link":"https:\/\/skaitytaknyga.lt\/en\/produktas\/paselusios-atostogos-2\/","title":{"rendered":"Pa\u0161\u0117lusios atostogos"},"content":{"rendered":"<p>Jan\u0105 su draugais ir Henrik\u0105 Leman\u0105 sieja ka\u017ekokia paslaptis. Kas vis d\u0117lto \u012f vyko per naktin\u012f klas\u0117s \u017eyg\u012f, kad n\u0117 vienas vaikas negali papasakoti t\u0117vams tiesos? Kas suk\u0117l\u0117 gaisr\u0105 ir kod\u0117l mokytojas Kriugeris nepaskund\u0117 vaik\u0173 t\u0117vams? Visa tai su\u017einosi perskait\u0119s \u0161i\u0105 smagiai iliustruot\u0105 knyg\u0105 apie tikrovi\u0161k\u0105 \u0161i\u0173 dien\u0173 \u0161e\u0161tok\u0173 gyvenim\u0105!<\/p>\n","protected":false},"excerpt":{"rendered":"<p>Jan\u0105 su draugais ir Henrik\u0105 Leman\u0105 sieja ka\u017ekokia paslaptis. Kas vis d\u0117lto \u012f vyko per naktin\u012f klas\u0117s \u017eyg\u012f, kad n\u0117 vienas vaikas negali papasakoti t\u0117vams tiesos? Kas suk\u0117l\u0117 gaisr\u0105 ir kod\u0117l mokytojas Kriugeris nepaskund\u0117 vaik\u0173 t\u0117vams? Visa tai su\u017einosi perskait\u0119s \u0161i\u0105 smagiai iliustruot\u0105 knyg\u0105 apie tikrovi\u0161k\u0105 \u0161i\u0173 dien\u0173 \u0161e\u0161tok\u0173 gyvenim\u0105!<\/p>\n","protected":false},"featured_media":3115,"comment_status":"closed","ping_status":"closed","template":"","meta":{"_acf_changed":false,"site-sidebar-layout":"default","site-content-layout":"","ast-site-content-layout":"default","site-content-style":"default","site-sidebar-style":"default","ast-global-header-display":"","ast-banner-title-visibility":"","ast-main-header-display":"","ast-hfb-above-header-display":"","ast-hfb-below-header-display":"","ast-hfb-mobile-header-display":"","site-post-title":"","ast-breadcrumbs-content":"","ast-featured-img":"","footer-sml-layout":"","ast-disable-related-posts":"","theme-transparent-header-meta":"","adv-header-id-meta":"","stick-header-meta":"","header-above-stick-meta":"","header-main-stick-meta":"","header-below-stick-meta":"","astra-migrate-meta-layouts":"default","ast-page-background-enabled":"default","ast-page-background-meta":{"desktop":{"background-color":"","background-image":"","background-repeat":"repeat","background-position":"center center","background-size":"auto","background-attachment":"scroll","background-type":"","background-media":"","overlay-type":"","overlay-color":"","overlay-opacity":"","overlay-gradient":""},"tablet":{"background-color":"","background-image":"","background-repeat":"repeat","background-position":"center center","background-size":"auto","background-attachment":"scroll","background-type":"","background-media":"","overlay-type":"","overlay-color":"","overlay-opacity":"","overlay-gradient":""},"mobile":{"background-color":"","background-image":"","background-repeat":"repeat","background-position":"center center","background-size":"auto","background-attachment":"scroll","background-type":"","background-media":"","overlay-type":"","overlay-color":"","overlay-opacity":"","overlay-gradient":""}},"ast-content-background-meta":{"desktop":{"background-color":"var(--ast-global-color-4)","background-image":"","background-repeat":"repeat","background-position":"center center","background-size":"auto","background-attachment":"scroll","background-type":"","background-media":"","overlay-type":"","overlay-color":"","overlay-opacity":"","overlay-gradient":""},"tablet":{"background-color":"var(--ast-global-color-4)","background-image":"","background-repeat":"repeat","background-position":"center center","background-size":"auto","background-attachment":"scroll","background-type":"","background-media":"","overlay-type":"","overlay-color":"","overlay-opacity":"","overlay-gradient":""},"mobile":{"background-color":"var(--ast-global-color-4)","background-image":"","background-repeat":"repeat","background-position":"center center","background-size":"auto","background-attachment":"scroll","background-type":"","background-media":"","overlay-type":"","overlay-color":"","overlay-opacity":"","overlay-gradient":""}}},"product_brand":[],"product_cat":[35],"product_tag":[],"class_list":{"0":"post-7715","1":"product","2":"type-product","3":"status-publish","4":"has-post-thumbnail","6":"product_cat-vaikams-ir-paaugliams","7":"desktop-align-left","8":"tablet-align-left","9":"mobile-align-left","11":"first","12":"instock","13":"shipping-taxable","14":"purchasable","15":"product-type-simple"},"acf":[],"yoast_head":"<!-- This site is optimized with the Yoast SEO plugin v27.4 - https:\/\/yoast.com\/product\/yoast-seo-wordpress\/ -->\n<title>Pa\u0161\u0117lusios atostogos<\/title>\n<meta name=\"description\" content=\"Jan\u0105 su draugais ir Henrik\u0105 Leman\u0105 sieja ka\u017ekokia paslaptis. Kas vis d\u0117lto \u012f vyko per naktin\u012f klas\u0117s \u017eyg\u012f, kad n\u0117 vienas vaikas negali papasakoti t\u0117vams tiesos? Kas suk\u0117l\u0117 gaisr\u0105 ir kod\u0117l mokytojas Kriugeris nepaskund\u0117 vaik\u0173 t\u0117vams? Visa tai su\u017einosi perskait\u0119s \u0161i\u0105 smagiai iliustruot\u0105 knyg\u0105 apie tikrovi\u0161k\u0105 \u0161i\u0173 dien\u0173 \u0161e\u0161tok\u0173 gyvenim\u0105!\" \/>\n<meta name=\"robots\" content=\"index, follow, max-snippet:-1, max-image-preview:large, max-video-preview:-1\" \/>\n<link rel=\"canonical\" href=\"https:\/\/skaitytaknyga.lt\/en\/produktas\/paselusios-atostogos-2\/\" \/>\n<meta property=\"og:locale\" content=\"en_GB\" \/>\n<meta property=\"og:locale:alternate\" content=\"lt_LT\" \/>\n<meta property=\"og:type\" content=\"article\" \/>\n<meta property=\"og:title\" content=\"Pa\u0161\u0117lusios atostogos\" \/>\n<meta property=\"og:description\" content=\"Jan\u0105 su draugais ir Henrik\u0105 Leman\u0105 sieja ka\u017ekokia paslaptis. Kas vis d\u0117lto \u012f vyko per naktin\u012f klas\u0117s \u017eyg\u012f, kad n\u0117 vienas vaikas negali papasakoti t\u0117vams tiesos? Kas suk\u0117l\u0117 gaisr\u0105 ir kod\u0117l mokytojas Kriugeris nepaskund\u0117 vaik\u0173 t\u0117vams? Visa tai su\u017einosi perskait\u0119s \u0161i\u0105 smagiai iliustruot\u0105 knyg\u0105 apie tikrovi\u0161k\u0105 \u0161i\u0173 dien\u0173 \u0161e\u0161tok\u0173 gyvenim\u0105!\" \/>\n<meta property=\"og:url\" content=\"https:\/\/skaitytaknyga.lt\/en\/produktas\/paselusios-atostogos-2\/\" \/>\n<meta property=\"og:site_name\" content=\"Skaitytaknyga\" \/>\n<meta property=\"article:publisher\" content=\"https:\/\/www.facebook.com\/skaitytaknyga\/\" \/>\n<meta property=\"article:modified_time\" content=\"2024-12-20T15:46:43+00:00\" \/>\n<meta property=\"og:image\" content=\"https:\/\/skaitytaknyga.lt\/wp-content\/uploads\/2024\/04\/1462879469_pasel.jpg\" \/>\n\t<meta property=\"og:image:width\" content=\"556\" \/>\n\t<meta property=\"og:image:height\" content=\"800\" \/>\n\t<meta property=\"og:image:type\" content=\"image\/jpeg\" \/>\n<meta name=\"twitter:card\" content=\"summary_large_image\" \/>\n<script type=\"application\/ld+json\" class=\"yoast-schema-graph\">{\"@context\":\"https:\\\/\\\/schema.org\",\"@graph\":[{\"@type\":\"WebPage\",\"@id\":\"https:\\\/\\\/skaitytaknyga.lt\\\/produktas\\\/paselusios-atostogos-2\\\/\",\"url\":\"https:\\\/\\\/skaitytaknyga.lt\\\/produktas\\\/paselusios-atostogos-2\\\/\",\"name\":\"Pa\u0161\u0117lusios atostogos\",\"isPartOf\":{\"@id\":\"https:\\\/\\\/skaitytaknyga.lt\\\/#website\"},\"primaryImageOfPage\":{\"@id\":\"https:\\\/\\\/skaitytaknyga.lt\\\/produktas\\\/paselusios-atostogos-2\\\/#primaryimage\"},\"image\":{\"@id\":\"https:\\\/\\\/skaitytaknyga.lt\\\/produktas\\\/paselusios-atostogos-2\\\/#primaryimage\"},\"thumbnailUrl\":\"https:\\\/\\\/skaitytaknyga.lt\\\/wp-content\\\/uploads\\\/2024\\\/04\\\/1462879469_pasel.jpg\",\"datePublished\":\"2024-05-04T14:34:09+00:00\",\"dateModified\":\"2024-12-20T15:46:43+00:00\",\"description\":\"Jan\u0105 su draugais ir Henrik\u0105 Leman\u0105 sieja ka\u017ekokia paslaptis. Kas vis d\u0117lto \u012f vyko per naktin\u012f klas\u0117s \u017eyg\u012f, kad n\u0117 vienas vaikas negali papasakoti t\u0117vams tiesos? Kas suk\u0117l\u0117 gaisr\u0105 ir kod\u0117l mokytojas Kriugeris nepaskund\u0117 vaik\u0173 t\u0117vams? Visa tai su\u017einosi perskait\u0119s \u0161i\u0105 smagiai iliustruot\u0105 knyg\u0105 apie tikrovi\u0161k\u0105 \u0161i\u0173 dien\u0173 \u0161e\u0161tok\u0173 gyvenim\u0105!\",\"breadcrumb\":{\"@id\":\"https:\\\/\\\/skaitytaknyga.lt\\\/produktas\\\/paselusios-atostogos-2\\\/#breadcrumb\"},\"inLanguage\":\"en-GB\",\"potentialAction\":[{\"@type\":\"ReadAction\",\"target\":[\"https:\\\/\\\/skaitytaknyga.lt\\\/produktas\\\/paselusios-atostogos-2\\\/\"]}]},{\"@type\":\"ImageObject\",\"inLanguage\":\"en-GB\",\"@id\":\"https:\\\/\\\/skaitytaknyga.lt\\\/produktas\\\/paselusios-atostogos-2\\\/#primaryimage\",\"url\":\"https:\\\/\\\/skaitytaknyga.lt\\\/wp-content\\\/uploads\\\/2024\\\/04\\\/1462879469_pasel.jpg\",\"contentUrl\":\"https:\\\/\\\/skaitytaknyga.lt\\\/wp-content\\\/uploads\\\/2024\\\/04\\\/1462879469_pasel.jpg\",\"width\":556,\"height\":800,\"caption\":\"1462879469 pasel\"},{\"@type\":\"BreadcrumbList\",\"@id\":\"https:\\\/\\\/skaitytaknyga.lt\\\/produktas\\\/paselusios-atostogos-2\\\/#breadcrumb\",\"itemListElement\":[{\"@type\":\"ListItem\",\"position\":1,\"name\":\"Home\",\"item\":\"https:\\\/\\\/skaitytaknyga.lt\\\/\"},{\"@type\":\"ListItem\",\"position\":2,\"name\":\"Parduotuv\u0117\",\"item\":\"https:\\\/\\\/skaitytaknyga.lt\\\/knygu-parduotuve\\\/\"},{\"@type\":\"ListItem\",\"position\":3,\"name\":\"Pa\u0161\u0117lusios atostogos\"}]},{\"@type\":\"WebSite\",\"@id\":\"https:\\\/\\\/skaitytaknyga.lt\\\/#website\",\"url\":\"https:\\\/\\\/skaitytaknyga.lt\\\/\",\"name\":\"skaitytaknyga.lt\",\"description\":\"Skaitytaknyga.lt \u2013 tai ma\u017eas \u0161eimos verslas, kuris prasid\u0117jo nuo meil\u0117s knygoms ir siekio i\u0161gelb\u0117ti knygas nuo likimo prie konteinerio. Kas vienam nereikalingas daiktas \u2013 kitam lobis, o mes esame tarpininkai, kurie padeda abiems tapti laimingesniems ???? \u017dinome kaip nelengva i\u0161gyventi ma\u017eiems verslams, tad nuo \u0161iol, \u010dia rasite ir kit\u0173, ma\u017e\u0173 \u0161eim\u0173 versl\u0173, rank\u0173 darbo, dovan\u0173 sau ir artimiesiems.\",\"publisher\":{\"@id\":\"https:\\\/\\\/skaitytaknyga.lt\\\/#organization\"},\"potentialAction\":[{\"@type\":\"SearchAction\",\"target\":{\"@type\":\"EntryPoint\",\"urlTemplate\":\"https:\\\/\\\/skaitytaknyga.lt\\\/?s={search_term_string}\"},\"query-input\":{\"@type\":\"PropertyValueSpecification\",\"valueRequired\":true,\"valueName\":\"search_term_string\"}}],\"inLanguage\":\"en-GB\"},{\"@type\":\"Organization\",\"@id\":\"https:\\\/\\\/skaitytaknyga.lt\\\/#organization\",\"name\":\"skaitytaknyga.lt\",\"url\":\"https:\\\/\\\/skaitytaknyga.lt\\\/\",\"logo\":{\"@type\":\"ImageObject\",\"inLanguage\":\"en-GB\",\"@id\":\"https:\\\/\\\/skaitytaknyga.lt\\\/#\\\/schema\\\/logo\\\/image\\\/\",\"url\":\"https:\\\/\\\/skaitytaknyga.lt\\\/wp-content\\\/uploads\\\/2024\\\/05\\\/cropped-cropped-cropped-02_00843_jt3bggkj1j3HLc7SyY6rEUpg.jpeg\",\"contentUrl\":\"https:\\\/\\\/skaitytaknyga.lt\\\/wp-content\\\/uploads\\\/2024\\\/05\\\/cropped-cropped-cropped-02_00843_jt3bggkj1j3HLc7SyY6rEUpg.jpeg\",\"width\":1600,\"height\":1600,\"caption\":\"skaitytaknyga.lt\"},\"image\":{\"@id\":\"https:\\\/\\\/skaitytaknyga.lt\\\/#\\\/schema\\\/logo\\\/image\\\/\"},\"sameAs\":[\"https:\\\/\\\/www.facebook.com\\\/skaitytaknyga\\\/\"]}]}<\/script>\n<!-- \/ Yoast SEO plugin. -->","yoast_head_json":{"title":"Pa\u0161\u0117lusios atostogos","description":"Jan\u0105 su draugais ir Henrik\u0105 Leman\u0105 sieja ka\u017ekokia paslaptis. Kas vis d\u0117lto \u012f vyko per naktin\u012f klas\u0117s \u017eyg\u012f, kad n\u0117 vienas vaikas negali papasakoti t\u0117vams tiesos? Kas suk\u0117l\u0117 gaisr\u0105 ir kod\u0117l mokytojas Kriugeris nepaskund\u0117 vaik\u0173 t\u0117vams? Visa tai su\u017einosi perskait\u0119s \u0161i\u0105 smagiai iliustruot\u0105 knyg\u0105 apie tikrovi\u0161k\u0105 \u0161i\u0173 dien\u0173 \u0161e\u0161tok\u0173 gyvenim\u0105!","robots":{"index":"index","follow":"follow","max-snippet":"max-snippet:-1","max-image-preview":"max-image-preview:large","max-video-preview":"max-video-preview:-1"},"canonical":"https:\/\/skaitytaknyga.lt\/en\/produktas\/paselusios-atostogos-2\/","og_locale":"en_GB","og_type":"article","og_title":"[:lt]Pa\u0161\u0117lusios atostogos[:] - Skaitytaknyga","og_description":"Jan\u0105 su draugais ir Henrik\u0105 Leman\u0105 sieja ka\u017ekokia paslaptis. Kas vis d\u0117lto \u012f vyko per naktin\u012f klas\u0117s \u017eyg\u012f, kad n\u0117 vienas vaikas negali papasakoti t\u0117vams tiesos? Kas suk\u0117l\u0117 gaisr\u0105 ir kod\u0117l mokytojas Kriugeris nepaskund\u0117 vaik\u0173 t\u0117vams? Visa tai su\u017einosi perskait\u0119s \u0161i\u0105 smagiai iliustruot\u0105 knyg\u0105 apie tikrovi\u0161k\u0105 \u0161i\u0173 dien\u0173 \u0161e\u0161tok\u0173 gyvenim\u0105!","og_url":"https:\/\/skaitytaknyga.lt\/en\/produktas\/paselusios-atostogos-2\/","og_site_name":"Skaitytaknyga","article_publisher":"https:\/\/www.facebook.com\/skaitytaknyga\/","article_modified_time":"2024-12-20T15:46:43+00:00","og_image":[{"width":556,"height":800,"url":"https:\/\/skaitytaknyga.lt\/wp-content\/uploads\/2024\/04\/1462879469_pasel.jpg","type":"image\/jpeg"}],"twitter_card":"summary_large_image","schema":{"@context":"https:\/\/schema.org","@graph":[{"@type":"WebPage","@id":"https:\/\/skaitytaknyga.lt\/produktas\/paselusios-atostogos-2\/","url":"https:\/\/skaitytaknyga.lt\/produktas\/paselusios-atostogos-2\/","name":"Pa\u0161\u0117lusios atostogos","isPartOf":{"@id":"https:\/\/skaitytaknyga.lt\/#website"},"primaryImageOfPage":{"@id":"https:\/\/skaitytaknyga.lt\/produktas\/paselusios-atostogos-2\/#primaryimage"},"image":{"@id":"https:\/\/skaitytaknyga.lt\/produktas\/paselusios-atostogos-2\/#primaryimage"},"thumbnailUrl":"https:\/\/skaitytaknyga.lt\/wp-content\/uploads\/2024\/04\/1462879469_pasel.jpg","datePublished":"2024-05-04T14:34:09+00:00","dateModified":"2024-12-20T15:46:43+00:00","description":"Jan\u0105 su draugais ir Henrik\u0105 Leman\u0105 sieja ka\u017ekokia paslaptis. Kas vis d\u0117lto \u012f vyko per naktin\u012f klas\u0117s \u017eyg\u012f, kad n\u0117 vienas vaikas negali papasakoti t\u0117vams tiesos? Kas suk\u0117l\u0117 gaisr\u0105 ir kod\u0117l mokytojas Kriugeris nepaskund\u0117 vaik\u0173 t\u0117vams? Visa tai su\u017einosi perskait\u0119s \u0161i\u0105 smagiai iliustruot\u0105 knyg\u0105 apie tikrovi\u0161k\u0105 \u0161i\u0173 dien\u0173 \u0161e\u0161tok\u0173 gyvenim\u0105!","breadcrumb":{"@id":"https:\/\/skaitytaknyga.lt\/produktas\/paselusios-atostogos-2\/#breadcrumb"},"inLanguage":"en-GB","potentialAction":[{"@type":"ReadAction","target":["https:\/\/skaitytaknyga.lt\/produktas\/paselusios-atostogos-2\/"]}]},{"@type":"ImageObject","inLanguage":"en-GB","@id":"https:\/\/skaitytaknyga.lt\/produktas\/paselusios-atostogos-2\/#primaryimage","url":"https:\/\/skaitytaknyga.lt\/wp-content\/uploads\/2024\/04\/1462879469_pasel.jpg","contentUrl":"https:\/\/skaitytaknyga.lt\/wp-content\/uploads\/2024\/04\/1462879469_pasel.jpg","width":556,"height":800,"caption":"1462879469 pasel"},{"@type":"BreadcrumbList","@id":"https:\/\/skaitytaknyga.lt\/produktas\/paselusios-atostogos-2\/#breadcrumb","itemListElement":[{"@type":"ListItem","position":1,"name":"Home","item":"https:\/\/skaitytaknyga.lt\/"},{"@type":"ListItem","position":2,"name":"Parduotuv\u0117","item":"https:\/\/skaitytaknyga.lt\/knygu-parduotuve\/"},{"@type":"ListItem","position":3,"name":"Pa\u0161\u0117lusios atostogos"}]},{"@type":"WebSite","@id":"https:\/\/skaitytaknyga.lt\/#website","url":"https:\/\/skaitytaknyga.lt\/","name":"skaitytaknyga.lt","description":"Skaitytaknyga.lt \u2013 tai ma\u017eas \u0161eimos verslas, kuris prasid\u0117jo nuo meil\u0117s knygoms ir siekio i\u0161gelb\u0117ti knygas nuo likimo prie konteinerio. Kas vienam nereikalingas daiktas \u2013 kitam lobis, o mes esame tarpininkai, kurie padeda abiems tapti laimingesniems ???? \u017dinome kaip nelengva i\u0161gyventi ma\u017eiems verslams, tad nuo \u0161iol, \u010dia rasite ir kit\u0173, ma\u017e\u0173 \u0161eim\u0173 versl\u0173, rank\u0173 darbo, dovan\u0173 sau ir artimiesiems.","publisher":{"@id":"https:\/\/skaitytaknyga.lt\/#organization"},"potentialAction":[{"@type":"SearchAction","target":{"@type":"EntryPoint","urlTemplate":"https:\/\/skaitytaknyga.lt\/?s={search_term_string}"},"query-input":{"@type":"PropertyValueSpecification","valueRequired":true,"valueName":"search_term_string"}}],"inLanguage":"en-GB"},{"@type":"Organization","@id":"https:\/\/skaitytaknyga.lt\/#organization","name":"skaitytaknyga.lt","url":"https:\/\/skaitytaknyga.lt\/","logo":{"@type":"ImageObject","inLanguage":"en-GB","@id":"https:\/\/skaitytaknyga.lt\/#\/schema\/logo\/image\/","url":"https:\/\/skaitytaknyga.lt\/wp-content\/uploads\/2024\/05\/cropped-cropped-cropped-02_00843_jt3bggkj1j3HLc7SyY6rEUpg.jpeg","contentUrl":"https:\/\/skaitytaknyga.lt\/wp-content\/uploads\/2024\/05\/cropped-cropped-cropped-02_00843_jt3bggkj1j3HLc7SyY6rEUpg.jpeg","width":1600,"height":1600,"caption":"skaitytaknyga.lt"},"image":{"@id":"https:\/\/skaitytaknyga.lt\/#\/schema\/logo\/image\/"},"sameAs":["https:\/\/www.facebook.com\/skaitytaknyga\/"]}]}},"_links":{"self":[{"href":"https:\/\/skaitytaknyga.lt\/en\/wp-json\/wp\/v2\/product\/7715","targetHints":{"allow":["GET"]}}],"collection":[{"href":"https:\/\/skaitytaknyga.lt\/en\/wp-json\/wp\/v2\/product"}],"about":[{"href":"https:\/\/skaitytaknyga.lt\/en\/wp-json\/wp\/v2\/types\/product"}],"replies":[{"embeddable":true,"href":"https:\/\/skaitytaknyga.lt\/en\/wp-json\/wp\/v2\/comments?post=7715"}],"wp:featuredmedia":[{"embeddable":true,"href":"https:\/\/skaitytaknyga.lt\/en\/wp-json\/wp\/v2\/media\/3115"}],"wp:attachment":[{"href":"https:\/\/skaitytaknyga.lt\/en\/wp-json\/wp\/v2\/media?parent=7715"}],"wp:term":[{"taxonomy":"product_brand","embeddable":true,"href":"https:\/\/skaitytaknyga.lt\/en\/wp-json\/wp\/v2\/product_brand?post=7715"},{"taxonomy":"product_cat","embeddable":true,"href":"https:\/\/skaitytaknyga.lt\/en\/wp-json\/wp\/v2\/product_cat?post=7715"},{"taxonomy":"product_tag","embeddable":true,"href":"https:\/\/skaitytaknyga.lt\/en\/wp-json\/wp\/v2\/product_tag?post=7715"}],"curies":[{"name":"wp","href":"https:\/\/api.w.org\/{rel}","templated":true}]}}