{"id":7709,"date":"2024-05-04T14:34:09","date_gmt":"2024-05-04T14:34:09","guid":{"rendered":"https:\/\/skaitytaknyga.lt\/?post_type=product&#038;p=7709"},"modified":"2026-03-10T19:39:43","modified_gmt":"2026-03-10T17:39:43","slug":"r-j-palacio-stebuklas-2","status":"publish","type":"product","link":"https:\/\/skaitytaknyga.lt\/en\/produktas\/r-j-palacio-stebuklas-2\/","title":{"rendered":"R. J. Palacio \u201eStebuklas\u201c"},"content":{"rendered":"<p>\u0160tai k\u0105 a\u0161 manau: vienintel\u0117 prie\u017eastis, d\u0117l kurios nesu normalus, yra tai, kad niekas man\u0119s nelaiko normaliu. Manau, vienintelis \u017emogus pasaulyje, kuris supranta, kad esu toks kaip visi, \u2013 a\u0161 pats. Beje, a\u0161 vardu Ogastas. Nepasakosiu, kaip atrodau. Kad ir k\u0105 manytum\u0117t, tikriausiai yra daug baisiau.<\/p>\n<p>De\u0161imtmetis Ogastas Pulmanas niekuo nesiskiria nuo savo bendraam\u017ei\u0173. Ir visgi jis yra kitoks negu visi. Nuo gimimo jo veidas buvo daug kart\u0173 operuotas. Tod\u0117l Ogastas niekada nelank\u0117 mokyklos. Bet \u012f penkt\u0105j\u0105 klas\u0119 jis tur\u0117s eiti tikroje mokykloje.<\/p>\n<p>Ogastas \u017eino, kad dauguma vaik\u0173 j\u012f \u012fskaudina nety\u010dia, tod\u0117l galvoja \u2013 visiems bus geriau, jei mokykloje jis laikysis atokiau nuo nauj\u0173j\u0173 bendraklasi\u0173 ir pasistengs per daug nekristi \u012f akis. Bet ar tai \u012fmanoma, kai taip nori susirasti draug\u0173 ir esi toks draugi\u0161kas, dr\u0105sus, sumanus, gera\u0161irdis ir linksmas kaip Ogastas? \u0160i\u0105 \u0161ilt\u0105, i\u0161minting\u0105 ir s\u0105mojing\u0105 R. J. Palacio knyg\u0105 skaitytojai da\u017enai pavadina stebuklu. Ra\u0161ytojai ir Ogastui pavyko \u012frodyti \u2013 kai labai nori, gali pasiekti dideli\u0173 pergali\u0173. Net jei esi vaikas su kitokiu nei vis\u0173 veidu.<\/p>\n<p>\u201eA\u0161 k\u0105 tik baigiau skaityti \u201eStebukl\u0105&#8221;. \u0160it\u0105 knyg\u0105 labai rekomenduoju visiems savo draugams. Ji privert\u0117 mane pasijusti laiming\u0105 ir pad\u0117jo suprasti, kaip svarbu b\u016bti geram.&#8221;<\/p>\n<p>Josh Hartigan, 12 met\u0173<\/p>\n","protected":false},"excerpt":{"rendered":"<p>\u0160tai k\u0105 a\u0161 manau: vienintel\u0117 prie\u017eastis, d\u0117l kurios nesu normalus, yra tai, kad niekas man\u0119s nelaiko normaliu. Manau, vienintelis \u017emogus pasaulyje, kuris supranta, kad esu toks kaip visi, \u2013 a\u0161 pats. Beje, a\u0161 vardu Ogastas. Nepasakosiu, kaip atrodau. Kad ir k\u0105 manytum\u0117t, tikriausiai yra daug baisiau.<\/p>\n<p>De\u0161imtmetis Ogastas Pulmanas niekuo nesiskiria nuo savo bendraam\u017ei\u0173. Ir visgi jis yra kitoks negu visi. Nuo gimimo jo veidas buvo daug kart\u0173 operuotas. Tod\u0117l Ogastas niekada nelank\u0117 mokyklos. Bet \u012f penkt\u0105j\u0105 klas\u0119 jis tur\u0117s eiti tikroje mokykloje.<\/p>\n<p>Ogastas \u017eino, kad dauguma vaik\u0173 j\u012f \u012fskaudina nety\u010dia, tod\u0117l galvoja \u2013 visiems bus geriau, jei mokykloje jis laikysis atokiau nuo nauj\u0173j\u0173 bendraklasi\u0173 ir pasistengs per daug nekristi \u012f akis. Bet ar tai \u012fmanoma, kai taip nori susirasti draug\u0173 ir esi toks draugi\u0161kas, dr\u0105sus, sumanus, gera\u0161irdis ir linksmas kaip Ogastas? \u0160i\u0105 \u0161ilt\u0105, i\u0161minting\u0105 ir s\u0105mojing\u0105 R. J. Palacio knyg\u0105 skaitytojai da\u017enai pavadina stebuklu. Ra\u0161ytojai ir Ogastui pavyko \u012frodyti \u2013 kai labai nori, gali pasiekti dideli\u0173 pergali\u0173. Net jei esi vaikas su kitokiu nei vis\u0173 veidu.<\/p>\n<p>\u201eA\u0161 k\u0105 tik baigiau skaityti \u201eStebukl\u0105&#8221;. \u0160it\u0105 knyg\u0105 labai rekomenduoju visiems savo draugams. Ji privert\u0117 mane pasijusti laiming\u0105 ir pad\u0117jo suprasti, kaip svarbu b\u016bti geram.&#8221;<\/p>\n<p>Josh Hartigan, 12 met\u0173<\/p>\n","protected":false},"featured_media":3109,"comment_status":"closed","ping_status":"closed","template":"","meta":{"_acf_changed":false,"site-sidebar-layout":"default","site-content-layout":"","ast-site-content-layout":"default","site-content-style":"default","site-sidebar-style":"default","ast-global-header-display":"","ast-banner-title-visibility":"","ast-main-header-display":"","ast-hfb-above-header-display":"","ast-hfb-below-header-display":"","ast-hfb-mobile-header-display":"","site-post-title":"","ast-breadcrumbs-content":"","ast-featured-img":"","footer-sml-layout":"","ast-disable-related-posts":"","theme-transparent-header-meta":"default","adv-header-id-meta":"","stick-header-meta":"","header-above-stick-meta":"","header-main-stick-meta":"","header-below-stick-meta":"","astra-migrate-meta-layouts":"set","ast-page-background-enabled":"default","ast-page-background-meta":{"desktop":{"background-color":"","background-image":"","background-repeat":"repeat","background-position":"center center","background-size":"auto","background-attachment":"scroll","background-type":"","background-media":"","overlay-type":"","overlay-color":"","overlay-opacity":"","overlay-gradient":""},"tablet":{"background-color":"","background-image":"","background-repeat":"repeat","background-position":"center center","background-size":"auto","background-attachment":"scroll","background-type":"","background-media":"","overlay-type":"","overlay-color":"","overlay-opacity":"","overlay-gradient":""},"mobile":{"background-color":"","background-image":"","background-repeat":"repeat","background-position":"center center","background-size":"auto","background-attachment":"scroll","background-type":"","background-media":"","overlay-type":"","overlay-color":"","overlay-opacity":"","overlay-gradient":""}},"ast-content-background-meta":{"desktop":{"background-color":"var(--ast-global-color-4)","background-image":"","background-repeat":"repeat","background-position":"center center","background-size":"auto","background-attachment":"scroll","background-type":"","background-media":"","overlay-type":"","overlay-color":"","overlay-opacity":"","overlay-gradient":""},"tablet":{"background-color":"var(--ast-global-color-4)","background-image":"","background-repeat":"repeat","background-position":"center center","background-size":"auto","background-attachment":"scroll","background-type":"","background-media":"","overlay-type":"","overlay-color":"","overlay-opacity":"","overlay-gradient":""},"mobile":{"background-color":"var(--ast-global-color-4)","background-image":"","background-repeat":"repeat","background-position":"center center","background-size":"auto","background-attachment":"scroll","background-type":"","background-media":"","overlay-type":"","overlay-color":"","overlay-opacity":"","overlay-gradient":""}}},"product_brand":[],"product_cat":[15],"product_tag":[],"class_list":{"0":"post-7709","1":"product","2":"type-product","3":"status-publish","4":"has-post-thumbnail","6":"product_cat-uncategorized","7":"desktop-align-left","8":"tablet-align-left","9":"mobile-align-left","11":"first","12":"instock","13":"shipping-taxable","14":"purchasable","15":"product-type-simple"},"acf":[],"yoast_head":"<!-- This site is optimized with the Yoast SEO plugin v27.0 - https:\/\/yoast.com\/product\/yoast-seo-wordpress\/ -->\n<title>R. J. Palacio \u201eStebuklas\u201c<\/title>\n<meta name=\"description\" content=\"\u0160tai k\u0105 a\u0161 manau: vienintel\u0117 prie\u017eastis, d\u0117l kurios nesu normalus, yra tai, kad niekas man\u0119s nelaiko normaliu. Manau, vienintelis \u017emogus pasaulyje, kuris supranta, kad esu toks kaip visi, \u2013 a\u0161 pats. Beje, a\u0161 vardu Ogastas. Nepasakosiu, kaip atrodau. Kad ir k\u0105 manytum\u0117t, tikriausiai yra daug baisiau.  De\u0161imtmetis Ogastas Pulmanas niekuo nesiskiria nuo savo bendraam\u017ei\u0173. Ir visgi jis yra kitoks negu visi. Nuo gimimo jo veidas buvo daug kart\u0173 operuotas. Tod\u0117l Ogastas niekada nelank\u0117 mokyklos. Bet \u012f penkt\u0105j\u0105 klas\u0119 jis tur\u0117s eiti tikroje mokykloje.  Ogastas \u017eino, kad dauguma vaik\u0173 j\u012f \u012fskaudina nety\u010dia, tod\u0117l galvoja \u2013 visiems bus geriau, jei mokykloje jis laikysis atokiau nuo nauj\u0173j\u0173 bendraklasi\u0173 ir pasistengs per daug nekristi \u012f akis. Bet ar tai \u012fmanoma, kai taip nori susirasti draug\u0173 ir esi toks draugi\u0161kas, dr\u0105sus, sumanus, gera\u0161irdis ir linksmas kaip Ogastas? \u0160i\u0105 \u0161ilt\u0105, i\u0161minting\u0105 ir s\u0105mojing\u0105 R. J. Palacio knyg\u0105 skaitytojai da\u017enai pavadina stebuklu. Ra\u0161ytojai ir Ogastui pavyko \u012frodyti \u2013 kai labai nori, gali pasiekti dideli\u0173 pergali\u0173. Net jei esi vaikas su kitokiu nei vis\u0173 veidu.  \u201eA\u0161 k\u0105 tik baigiau skaityti \u201eStebukl\u0105&quot;. \u0160it\u0105 knyg\u0105 labai rekomenduoju visiems savo draugams. Ji privert\u0117 mane pasijusti laiming\u0105 ir pad\u0117jo suprasti, kaip svarbu b\u016bti geram.&quot;  Josh Hartigan, 12 met\u0173\" \/>\n<meta name=\"robots\" content=\"index, follow, max-snippet:-1, max-image-preview:large, max-video-preview:-1\" \/>\n<link rel=\"canonical\" href=\"https:\/\/skaitytaknyga.lt\/en\/produktas\/r-j-palacio-stebuklas-2\/\" \/>\n<meta property=\"og:locale\" content=\"en_GB\" \/>\n<meta property=\"og:locale:alternate\" content=\"lt_LT\" \/>\n<meta property=\"og:type\" content=\"article\" \/>\n<meta property=\"og:title\" content=\"R. J. Palacio \u201eStebuklas\u201c\" \/>\n<meta property=\"og:description\" content=\"\u0160tai k\u0105 a\u0161 manau: vienintel\u0117 prie\u017eastis, d\u0117l kurios nesu normalus, yra tai, kad niekas man\u0119s nelaiko normaliu. Manau, vienintelis \u017emogus pasaulyje, kuris supranta, kad esu toks kaip visi, \u2013 a\u0161 pats. Beje, a\u0161 vardu Ogastas. Nepasakosiu, kaip atrodau. Kad ir k\u0105 manytum\u0117t, tikriausiai yra daug baisiau.  De\u0161imtmetis Ogastas Pulmanas niekuo nesiskiria nuo savo bendraam\u017ei\u0173. Ir visgi jis yra kitoks negu visi. Nuo gimimo jo veidas buvo daug kart\u0173 operuotas. Tod\u0117l Ogastas niekada nelank\u0117 mokyklos. Bet \u012f penkt\u0105j\u0105 klas\u0119 jis tur\u0117s eiti tikroje mokykloje.  Ogastas \u017eino, kad dauguma vaik\u0173 j\u012f \u012fskaudina nety\u010dia, tod\u0117l galvoja \u2013 visiems bus geriau, jei mokykloje jis laikysis atokiau nuo nauj\u0173j\u0173 bendraklasi\u0173 ir pasistengs per daug nekristi \u012f akis. Bet ar tai \u012fmanoma, kai taip nori susirasti draug\u0173 ir esi toks draugi\u0161kas, dr\u0105sus, sumanus, gera\u0161irdis ir linksmas kaip Ogastas? \u0160i\u0105 \u0161ilt\u0105, i\u0161minting\u0105 ir s\u0105mojing\u0105 R. J. Palacio knyg\u0105 skaitytojai da\u017enai pavadina stebuklu. Ra\u0161ytojai ir Ogastui pavyko \u012frodyti \u2013 kai labai nori, gali pasiekti dideli\u0173 pergali\u0173. Net jei esi vaikas su kitokiu nei vis\u0173 veidu.  \u201eA\u0161 k\u0105 tik baigiau skaityti \u201eStebukl\u0105&quot;. \u0160it\u0105 knyg\u0105 labai rekomenduoju visiems savo draugams. Ji privert\u0117 mane pasijusti laiming\u0105 ir pad\u0117jo suprasti, kaip svarbu b\u016bti geram.&quot;  Josh Hartigan, 12 met\u0173\" \/>\n<meta property=\"og:url\" content=\"https:\/\/skaitytaknyga.lt\/en\/produktas\/r-j-palacio-stebuklas-2\/\" \/>\n<meta property=\"og:site_name\" content=\"Skaitytaknyga\" \/>\n<meta property=\"article:publisher\" content=\"https:\/\/www.facebook.com\/skaitytaknyga\/\" \/>\n<meta property=\"article:modified_time\" content=\"2026-03-10T17:39:43+00:00\" \/>\n<meta property=\"og:image\" content=\"https:\/\/skaitytaknyga.lt\/wp-content\/uploads\/2024\/04\/1510134877_cdb_Stebuklas3_p1.png\" \/>\n\t<meta property=\"og:image:width\" content=\"285\" \/>\n\t<meta property=\"og:image:height\" content=\"431\" \/>\n\t<meta property=\"og:image:type\" content=\"image\/png\" \/>\n<meta name=\"twitter:card\" content=\"summary_large_image\" \/>\n<meta name=\"twitter:label1\" content=\"Estimated reading time\" \/>\n\t<meta name=\"twitter:data1\" content=\"2 minutes\" \/>\n<script type=\"application\/ld+json\" class=\"yoast-schema-graph\">{\"@context\":\"https:\/\/schema.org\",\"@graph\":[{\"@type\":\"WebPage\",\"@id\":\"https:\/\/skaitytaknyga.lt\/produktas\/r-j-palacio-stebuklas-2\/\",\"url\":\"https:\/\/skaitytaknyga.lt\/produktas\/r-j-palacio-stebuklas-2\/\",\"name\":\"R. J. Palacio \u201eStebuklas\u201c\",\"isPartOf\":{\"@id\":\"https:\/\/skaitytaknyga.lt\/#website\"},\"primaryImageOfPage\":{\"@id\":\"https:\/\/skaitytaknyga.lt\/produktas\/r-j-palacio-stebuklas-2\/#primaryimage\"},\"image\":{\"@id\":\"https:\/\/skaitytaknyga.lt\/produktas\/r-j-palacio-stebuklas-2\/#primaryimage\"},\"thumbnailUrl\":\"https:\/\/skaitytaknyga.lt\/wp-content\/uploads\/2024\/04\/1510134877_cdb_Stebuklas3_p1.png\",\"datePublished\":\"2024-05-04T14:34:09+00:00\",\"dateModified\":\"2026-03-10T17:39:43+00:00\",\"description\":\"\u0160tai k\u0105 a\u0161 manau: vienintel\u0117 prie\u017eastis, d\u0117l kurios nesu normalus, yra tai, kad niekas man\u0119s nelaiko normaliu. Manau, vienintelis \u017emogus pasaulyje, kuris supranta, kad esu toks kaip visi, \u2013 a\u0161 pats. Beje, a\u0161 vardu Ogastas. Nepasakosiu, kaip atrodau. Kad ir k\u0105 manytum\u0117t, tikriausiai yra daug baisiau. De\u0161imtmetis Ogastas Pulmanas niekuo nesiskiria nuo savo bendraam\u017ei\u0173. Ir visgi jis yra kitoks negu visi. Nuo gimimo jo veidas buvo daug kart\u0173 operuotas. Tod\u0117l Ogastas niekada nelank\u0117 mokyklos. Bet \u012f penkt\u0105j\u0105 klas\u0119 jis tur\u0117s eiti tikroje mokykloje. Ogastas \u017eino, kad dauguma vaik\u0173 j\u012f \u012fskaudina nety\u010dia, tod\u0117l galvoja \u2013 visiems bus geriau, jei mokykloje jis laikysis atokiau nuo nauj\u0173j\u0173 bendraklasi\u0173 ir pasistengs per daug nekristi \u012f akis. Bet ar tai \u012fmanoma, kai taip nori susirasti draug\u0173 ir esi toks draugi\u0161kas, dr\u0105sus, sumanus, gera\u0161irdis ir linksmas kaip Ogastas? \u0160i\u0105 \u0161ilt\u0105, i\u0161minting\u0105 ir s\u0105mojing\u0105 R. J. Palacio knyg\u0105 skaitytojai da\u017enai pavadina stebuklu. Ra\u0161ytojai ir Ogastui pavyko \u012frodyti \u2013 kai labai nori, gali pasiekti dideli\u0173 pergali\u0173. Net jei esi vaikas su kitokiu nei vis\u0173 veidu. \u201eA\u0161 k\u0105 tik baigiau skaityti \u201eStebukl\u0105\\\". \u0160it\u0105 knyg\u0105 labai rekomenduoju visiems savo draugams. Ji privert\u0117 mane pasijusti laiming\u0105 ir pad\u0117jo suprasti, kaip svarbu b\u016bti geram.\\\" Josh Hartigan, 12 met\u0173\",\"breadcrumb\":{\"@id\":\"https:\/\/skaitytaknyga.lt\/produktas\/r-j-palacio-stebuklas-2\/#breadcrumb\"},\"inLanguage\":\"en-GB\",\"potentialAction\":[{\"@type\":\"ReadAction\",\"target\":[\"https:\/\/skaitytaknyga.lt\/produktas\/r-j-palacio-stebuklas-2\/\"]}]},{\"@type\":\"ImageObject\",\"inLanguage\":\"en-GB\",\"@id\":\"https:\/\/skaitytaknyga.lt\/produktas\/r-j-palacio-stebuklas-2\/#primaryimage\",\"url\":\"https:\/\/skaitytaknyga.lt\/wp-content\/uploads\/2024\/04\/1510134877_cdb_Stebuklas3_p1.png\",\"contentUrl\":\"https:\/\/skaitytaknyga.lt\/wp-content\/uploads\/2024\/04\/1510134877_cdb_Stebuklas3_p1.png\",\"width\":285,\"height\":431,\"caption\":\"R. J. Palacio \u201eStebuklas\u201c\"},{\"@type\":\"BreadcrumbList\",\"@id\":\"https:\/\/skaitytaknyga.lt\/produktas\/r-j-palacio-stebuklas-2\/#breadcrumb\",\"itemListElement\":[{\"@type\":\"ListItem\",\"position\":1,\"name\":\"Home\",\"item\":\"https:\/\/skaitytaknyga.lt\/\"},{\"@type\":\"ListItem\",\"position\":2,\"name\":\"Parduotuv\u0117\",\"item\":\"https:\/\/skaitytaknyga.lt\/knygu-parduotuve\/\"},{\"@type\":\"ListItem\",\"position\":3,\"name\":\"R. J. Palacio \u201eStebuklas\u201c\"}]},{\"@type\":\"WebSite\",\"@id\":\"https:\/\/skaitytaknyga.lt\/#website\",\"url\":\"https:\/\/skaitytaknyga.lt\/\",\"name\":\"skaitytaknyga.lt\",\"description\":\"Skaitytaknyga.lt \u2013 tai ma\u017eas \u0161eimos verslas, kuris prasid\u0117jo nuo meil\u0117s knygoms ir siekio i\u0161gelb\u0117ti knygas nuo likimo prie konteinerio. Kas vienam nereikalingas daiktas \u2013 kitam lobis, o mes esame tarpininkai, kurie padeda abiems tapti laimingesniems ???? \u017dinome kaip nelengva i\u0161gyventi ma\u017eiems verslams, tad nuo \u0161iol, \u010dia rasite ir kit\u0173, ma\u017e\u0173 \u0161eim\u0173 versl\u0173, rank\u0173 darbo, dovan\u0173 sau ir artimiesiems.\",\"publisher\":{\"@id\":\"https:\/\/skaitytaknyga.lt\/#organization\"},\"potentialAction\":[{\"@type\":\"SearchAction\",\"target\":{\"@type\":\"EntryPoint\",\"urlTemplate\":\"https:\/\/skaitytaknyga.lt\/?s={search_term_string}\"},\"query-input\":{\"@type\":\"PropertyValueSpecification\",\"valueRequired\":true,\"valueName\":\"search_term_string\"}}],\"inLanguage\":\"en-GB\"},{\"@type\":\"Organization\",\"@id\":\"https:\/\/skaitytaknyga.lt\/#organization\",\"name\":\"skaitytaknyga.lt\",\"url\":\"https:\/\/skaitytaknyga.lt\/\",\"logo\":{\"@type\":\"ImageObject\",\"inLanguage\":\"en-GB\",\"@id\":\"https:\/\/skaitytaknyga.lt\/#\/schema\/logo\/image\/\",\"url\":\"https:\/\/skaitytaknyga.lt\/wp-content\/uploads\/2024\/05\/cropped-cropped-cropped-02_00843_jt3bggkj1j3HLc7SyY6rEUpg.jpeg\",\"contentUrl\":\"https:\/\/skaitytaknyga.lt\/wp-content\/uploads\/2024\/05\/cropped-cropped-cropped-02_00843_jt3bggkj1j3HLc7SyY6rEUpg.jpeg\",\"width\":1600,\"height\":1600,\"caption\":\"skaitytaknyga.lt\"},\"image\":{\"@id\":\"https:\/\/skaitytaknyga.lt\/#\/schema\/logo\/image\/\"},\"sameAs\":[\"https:\/\/www.facebook.com\/skaitytaknyga\/\"]}]}<\/script>\n<!-- \/ Yoast SEO plugin. -->","yoast_head_json":{"title":"R. J. Palacio \u201eStebuklas\u201c","description":"\u0160tai k\u0105 a\u0161 manau: vienintel\u0117 prie\u017eastis, d\u0117l kurios nesu normalus, yra tai, kad niekas man\u0119s nelaiko normaliu. Manau, vienintelis \u017emogus pasaulyje, kuris supranta, kad esu toks kaip visi, \u2013 a\u0161 pats. Beje, a\u0161 vardu Ogastas. Nepasakosiu, kaip atrodau. Kad ir k\u0105 manytum\u0117t, tikriausiai yra daug baisiau.  De\u0161imtmetis Ogastas Pulmanas niekuo nesiskiria nuo savo bendraam\u017ei\u0173. Ir visgi jis yra kitoks negu visi. Nuo gimimo jo veidas buvo daug kart\u0173 operuotas. Tod\u0117l Ogastas niekada nelank\u0117 mokyklos. Bet \u012f penkt\u0105j\u0105 klas\u0119 jis tur\u0117s eiti tikroje mokykloje.  Ogastas \u017eino, kad dauguma vaik\u0173 j\u012f \u012fskaudina nety\u010dia, tod\u0117l galvoja \u2013 visiems bus geriau, jei mokykloje jis laikysis atokiau nuo nauj\u0173j\u0173 bendraklasi\u0173 ir pasistengs per daug nekristi \u012f akis. Bet ar tai \u012fmanoma, kai taip nori susirasti draug\u0173 ir esi toks draugi\u0161kas, dr\u0105sus, sumanus, gera\u0161irdis ir linksmas kaip Ogastas? \u0160i\u0105 \u0161ilt\u0105, i\u0161minting\u0105 ir s\u0105mojing\u0105 R. J. Palacio knyg\u0105 skaitytojai da\u017enai pavadina stebuklu. Ra\u0161ytojai ir Ogastui pavyko \u012frodyti \u2013 kai labai nori, gali pasiekti dideli\u0173 pergali\u0173. Net jei esi vaikas su kitokiu nei vis\u0173 veidu.  \u201eA\u0161 k\u0105 tik baigiau skaityti \u201eStebukl\u0105\". \u0160it\u0105 knyg\u0105 labai rekomenduoju visiems savo draugams. Ji privert\u0117 mane pasijusti laiming\u0105 ir pad\u0117jo suprasti, kaip svarbu b\u016bti geram.\"  Josh Hartigan, 12 met\u0173","robots":{"index":"index","follow":"follow","max-snippet":"max-snippet:-1","max-image-preview":"max-image-preview:large","max-video-preview":"max-video-preview:-1"},"canonical":"https:\/\/skaitytaknyga.lt\/en\/produktas\/r-j-palacio-stebuklas-2\/","og_locale":"en_GB","og_type":"article","og_title":"[:lt]R. J. Palacio \u201eStebuklas\u201c[:] - Skaitytaknyga","og_description":"\u0160tai k\u0105 a\u0161 manau: vienintel\u0117 prie\u017eastis, d\u0117l kurios nesu normalus, yra tai, kad niekas man\u0119s nelaiko normaliu. Manau, vienintelis \u017emogus pasaulyje, kuris supranta, kad esu toks kaip visi, \u2013 a\u0161 pats. Beje, a\u0161 vardu Ogastas. Nepasakosiu, kaip atrodau. Kad ir k\u0105 manytum\u0117t, tikriausiai yra daug baisiau.  De\u0161imtmetis Ogastas Pulmanas niekuo nesiskiria nuo savo bendraam\u017ei\u0173. Ir visgi jis yra kitoks negu visi. Nuo gimimo jo veidas buvo daug kart\u0173 operuotas. Tod\u0117l Ogastas niekada nelank\u0117 mokyklos. Bet \u012f penkt\u0105j\u0105 klas\u0119 jis tur\u0117s eiti tikroje mokykloje.  Ogastas \u017eino, kad dauguma vaik\u0173 j\u012f \u012fskaudina nety\u010dia, tod\u0117l galvoja \u2013 visiems bus geriau, jei mokykloje jis laikysis atokiau nuo nauj\u0173j\u0173 bendraklasi\u0173 ir pasistengs per daug nekristi \u012f akis. Bet ar tai \u012fmanoma, kai taip nori susirasti draug\u0173 ir esi toks draugi\u0161kas, dr\u0105sus, sumanus, gera\u0161irdis ir linksmas kaip Ogastas? \u0160i\u0105 \u0161ilt\u0105, i\u0161minting\u0105 ir s\u0105mojing\u0105 R. J. Palacio knyg\u0105 skaitytojai da\u017enai pavadina stebuklu. Ra\u0161ytojai ir Ogastui pavyko \u012frodyti \u2013 kai labai nori, gali pasiekti dideli\u0173 pergali\u0173. Net jei esi vaikas su kitokiu nei vis\u0173 veidu.  \u201eA\u0161 k\u0105 tik baigiau skaityti \u201eStebukl\u0105\". \u0160it\u0105 knyg\u0105 labai rekomenduoju visiems savo draugams. Ji privert\u0117 mane pasijusti laiming\u0105 ir pad\u0117jo suprasti, kaip svarbu b\u016bti geram.\"  Josh Hartigan, 12 met\u0173","og_url":"https:\/\/skaitytaknyga.lt\/en\/produktas\/r-j-palacio-stebuklas-2\/","og_site_name":"Skaitytaknyga","article_publisher":"https:\/\/www.facebook.com\/skaitytaknyga\/","article_modified_time":"2026-03-10T17:39:43+00:00","og_image":[{"width":285,"height":431,"url":"https:\/\/skaitytaknyga.lt\/wp-content\/uploads\/2024\/04\/1510134877_cdb_Stebuklas3_p1.png","type":"image\/png"}],"twitter_card":"summary_large_image","twitter_misc":{"Estimated reading time":"2 minutes"},"schema":{"@context":"https:\/\/schema.org","@graph":[{"@type":"WebPage","@id":"https:\/\/skaitytaknyga.lt\/produktas\/r-j-palacio-stebuklas-2\/","url":"https:\/\/skaitytaknyga.lt\/produktas\/r-j-palacio-stebuklas-2\/","name":"R. J. Palacio \u201eStebuklas\u201c","isPartOf":{"@id":"https:\/\/skaitytaknyga.lt\/#website"},"primaryImageOfPage":{"@id":"https:\/\/skaitytaknyga.lt\/produktas\/r-j-palacio-stebuklas-2\/#primaryimage"},"image":{"@id":"https:\/\/skaitytaknyga.lt\/produktas\/r-j-palacio-stebuklas-2\/#primaryimage"},"thumbnailUrl":"https:\/\/skaitytaknyga.lt\/wp-content\/uploads\/2024\/04\/1510134877_cdb_Stebuklas3_p1.png","datePublished":"2024-05-04T14:34:09+00:00","dateModified":"2026-03-10T17:39:43+00:00","description":"\u0160tai k\u0105 a\u0161 manau: vienintel\u0117 prie\u017eastis, d\u0117l kurios nesu normalus, yra tai, kad niekas man\u0119s nelaiko normaliu. Manau, vienintelis \u017emogus pasaulyje, kuris supranta, kad esu toks kaip visi, \u2013 a\u0161 pats. Beje, a\u0161 vardu Ogastas. Nepasakosiu, kaip atrodau. Kad ir k\u0105 manytum\u0117t, tikriausiai yra daug baisiau. De\u0161imtmetis Ogastas Pulmanas niekuo nesiskiria nuo savo bendraam\u017ei\u0173. Ir visgi jis yra kitoks negu visi. Nuo gimimo jo veidas buvo daug kart\u0173 operuotas. Tod\u0117l Ogastas niekada nelank\u0117 mokyklos. Bet \u012f penkt\u0105j\u0105 klas\u0119 jis tur\u0117s eiti tikroje mokykloje. Ogastas \u017eino, kad dauguma vaik\u0173 j\u012f \u012fskaudina nety\u010dia, tod\u0117l galvoja \u2013 visiems bus geriau, jei mokykloje jis laikysis atokiau nuo nauj\u0173j\u0173 bendraklasi\u0173 ir pasistengs per daug nekristi \u012f akis. Bet ar tai \u012fmanoma, kai taip nori susirasti draug\u0173 ir esi toks draugi\u0161kas, dr\u0105sus, sumanus, gera\u0161irdis ir linksmas kaip Ogastas? \u0160i\u0105 \u0161ilt\u0105, i\u0161minting\u0105 ir s\u0105mojing\u0105 R. J. Palacio knyg\u0105 skaitytojai da\u017enai pavadina stebuklu. Ra\u0161ytojai ir Ogastui pavyko \u012frodyti \u2013 kai labai nori, gali pasiekti dideli\u0173 pergali\u0173. Net jei esi vaikas su kitokiu nei vis\u0173 veidu. \u201eA\u0161 k\u0105 tik baigiau skaityti \u201eStebukl\u0105\". \u0160it\u0105 knyg\u0105 labai rekomenduoju visiems savo draugams. Ji privert\u0117 mane pasijusti laiming\u0105 ir pad\u0117jo suprasti, kaip svarbu b\u016bti geram.\" Josh Hartigan, 12 met\u0173","breadcrumb":{"@id":"https:\/\/skaitytaknyga.lt\/produktas\/r-j-palacio-stebuklas-2\/#breadcrumb"},"inLanguage":"en-GB","potentialAction":[{"@type":"ReadAction","target":["https:\/\/skaitytaknyga.lt\/produktas\/r-j-palacio-stebuklas-2\/"]}]},{"@type":"ImageObject","inLanguage":"en-GB","@id":"https:\/\/skaitytaknyga.lt\/produktas\/r-j-palacio-stebuklas-2\/#primaryimage","url":"https:\/\/skaitytaknyga.lt\/wp-content\/uploads\/2024\/04\/1510134877_cdb_Stebuklas3_p1.png","contentUrl":"https:\/\/skaitytaknyga.lt\/wp-content\/uploads\/2024\/04\/1510134877_cdb_Stebuklas3_p1.png","width":285,"height":431,"caption":"R. J. Palacio \u201eStebuklas\u201c"},{"@type":"BreadcrumbList","@id":"https:\/\/skaitytaknyga.lt\/produktas\/r-j-palacio-stebuklas-2\/#breadcrumb","itemListElement":[{"@type":"ListItem","position":1,"name":"Home","item":"https:\/\/skaitytaknyga.lt\/"},{"@type":"ListItem","position":2,"name":"Parduotuv\u0117","item":"https:\/\/skaitytaknyga.lt\/knygu-parduotuve\/"},{"@type":"ListItem","position":3,"name":"R. J. Palacio \u201eStebuklas\u201c"}]},{"@type":"WebSite","@id":"https:\/\/skaitytaknyga.lt\/#website","url":"https:\/\/skaitytaknyga.lt\/","name":"skaitytaknyga.lt","description":"Skaitytaknyga.lt \u2013 tai ma\u017eas \u0161eimos verslas, kuris prasid\u0117jo nuo meil\u0117s knygoms ir siekio i\u0161gelb\u0117ti knygas nuo likimo prie konteinerio. Kas vienam nereikalingas daiktas \u2013 kitam lobis, o mes esame tarpininkai, kurie padeda abiems tapti laimingesniems ???? \u017dinome kaip nelengva i\u0161gyventi ma\u017eiems verslams, tad nuo \u0161iol, \u010dia rasite ir kit\u0173, ma\u017e\u0173 \u0161eim\u0173 versl\u0173, rank\u0173 darbo, dovan\u0173 sau ir artimiesiems.","publisher":{"@id":"https:\/\/skaitytaknyga.lt\/#organization"},"potentialAction":[{"@type":"SearchAction","target":{"@type":"EntryPoint","urlTemplate":"https:\/\/skaitytaknyga.lt\/?s={search_term_string}"},"query-input":{"@type":"PropertyValueSpecification","valueRequired":true,"valueName":"search_term_string"}}],"inLanguage":"en-GB"},{"@type":"Organization","@id":"https:\/\/skaitytaknyga.lt\/#organization","name":"skaitytaknyga.lt","url":"https:\/\/skaitytaknyga.lt\/","logo":{"@type":"ImageObject","inLanguage":"en-GB","@id":"https:\/\/skaitytaknyga.lt\/#\/schema\/logo\/image\/","url":"https:\/\/skaitytaknyga.lt\/wp-content\/uploads\/2024\/05\/cropped-cropped-cropped-02_00843_jt3bggkj1j3HLc7SyY6rEUpg.jpeg","contentUrl":"https:\/\/skaitytaknyga.lt\/wp-content\/uploads\/2024\/05\/cropped-cropped-cropped-02_00843_jt3bggkj1j3HLc7SyY6rEUpg.jpeg","width":1600,"height":1600,"caption":"skaitytaknyga.lt"},"image":{"@id":"https:\/\/skaitytaknyga.lt\/#\/schema\/logo\/image\/"},"sameAs":["https:\/\/www.facebook.com\/skaitytaknyga\/"]}]}},"_links":{"self":[{"href":"https:\/\/skaitytaknyga.lt\/en\/wp-json\/wp\/v2\/product\/7709","targetHints":{"allow":["GET"]}}],"collection":[{"href":"https:\/\/skaitytaknyga.lt\/en\/wp-json\/wp\/v2\/product"}],"about":[{"href":"https:\/\/skaitytaknyga.lt\/en\/wp-json\/wp\/v2\/types\/product"}],"replies":[{"embeddable":true,"href":"https:\/\/skaitytaknyga.lt\/en\/wp-json\/wp\/v2\/comments?post=7709"}],"wp:featuredmedia":[{"embeddable":true,"href":"https:\/\/skaitytaknyga.lt\/en\/wp-json\/wp\/v2\/media\/3109"}],"wp:attachment":[{"href":"https:\/\/skaitytaknyga.lt\/en\/wp-json\/wp\/v2\/media?parent=7709"}],"wp:term":[{"taxonomy":"product_brand","embeddable":true,"href":"https:\/\/skaitytaknyga.lt\/en\/wp-json\/wp\/v2\/product_brand?post=7709"},{"taxonomy":"product_cat","embeddable":true,"href":"https:\/\/skaitytaknyga.lt\/en\/wp-json\/wp\/v2\/product_cat?post=7709"},{"taxonomy":"product_tag","embeddable":true,"href":"https:\/\/skaitytaknyga.lt\/en\/wp-json\/wp\/v2\/product_tag?post=7709"}],"curies":[{"name":"wp","href":"https:\/\/api.w.org\/{rel}","templated":true}]}}