{"id":7708,"date":"2024-05-04T17:34:09","date_gmt":"2024-05-04T14:34:09","guid":{"rendered":"https:\/\/skaitytaknyga.lt\/?post_type=product&#038;p=7708"},"modified":"2026-04-18T10:06:44","modified_gmt":"2026-04-18T07:06:44","slug":"j-marcinkevicius-laukine-kriause","status":"publish","type":"product","link":"https:\/\/skaitytaknyga.lt\/en\/produktas\/j-marcinkevicius-laukine-kriause\/","title":{"rendered":"J. Marcinkevi\u010dius \u201eLaukin\u0117 kriau\u0161\u0117\u201c"},"content":{"rendered":"<p>\u201eLaukin\u0117 kriau\u0161\u0117\u201c \u2013 vieno populiariausi\u0173 20 am\u017eiaus pabaigos \u2013 21 am\u017eiaus prad\u017eios Lietuvos poet\u0173 k\u016brini\u0173 vaikams rinktin\u0117. Joje spausdinamos ma\u017eiesiems skaitytojams gerai \u017einomos poem\u0117l\u0117s: \u201eGryb\u0173 karas\u201c, \u201eVoro vestuv\u0117s\u201c, \u201ePirmoji pagalba\u201c , \u201eLaukin\u0117 kriau\u0161\u0117\u201c ir atskiri skamb\u016bs eil\u0117ra\u0161\u010diai, kuriuose vaiki\u0161kos vaizduot\u0117s \u017eaismas persipina su \u0161viesiu susim\u0105stymu.<\/p>\n<ul class=\"about-product d-none d-xl-block mt-4\">\n<li><strong>Autorius:<\/strong>\u00a0Justinas Marcinkevi\u010dius<\/li>\n<li><strong>Leid\u0117jas:<\/strong>\u00a0Alma littera<\/li>\n<li><strong>Metai:<\/strong>\u00a02012<\/li>\n<li><strong>Puslapiai:<\/strong>\u00a0104<\/li>\n<li><strong>ISBN:<\/strong>\u00a09786090103784<\/li>\n<li><strong>Versijos kodas:<\/strong>\u00a0PT.<\/li>\n<li><strong>Formatas:<\/strong>\u00a021,3 x 16,5 x 1,3 cm, kieti vir\u0161eliai<\/li>\n<li><strong>Kalba:<\/strong>\u00a0Lietuvi\u0173<\/li>\n<\/ul>\n","protected":false},"excerpt":{"rendered":"<p>\u201eLaukin\u0117 kriau\u0161\u0117\u201c \u2013 vieno populiariausi\u0173 20 am\u017eiaus pabaigos \u2013 21 am\u017eiaus prad\u017eios Lietuvos poet\u0173 k\u016brini\u0173 vaikams rinktin\u0117. Joje spausdinamos ma\u017eiesiems skaitytojams gerai \u017einomos poem\u0117l\u0117s: \u201eGryb\u0173 karas\u201c, \u201eVoro vestuv\u0117s\u201c, \u201ePirmoji pagalba\u201c , \u201eLaukin\u0117 kriau\u0161\u0117\u201c ir atskiri skamb\u016bs eil\u0117ra\u0161\u010diai, kuriuose vaiki\u0161kos vaizduot\u0117s \u017eaismas persipina su \u0161viesiu susim\u0105stymu.<\/p>\n","protected":false},"featured_media":3108,"comment_status":"closed","ping_status":"closed","template":"","meta":{"_acf_changed":false,"site-sidebar-layout":"default","site-content-layout":"","ast-site-content-layout":"default","site-content-style":"default","site-sidebar-style":"default","ast-global-header-display":"","ast-banner-title-visibility":"","ast-main-header-display":"","ast-hfb-above-header-display":"","ast-hfb-below-header-display":"","ast-hfb-mobile-header-display":"","site-post-title":"","ast-breadcrumbs-content":"","ast-featured-img":"","footer-sml-layout":"","ast-disable-related-posts":"","theme-transparent-header-meta":"default","adv-header-id-meta":"","stick-header-meta":"","header-above-stick-meta":"","header-main-stick-meta":"","header-below-stick-meta":"","astra-migrate-meta-layouts":"set","ast-page-background-enabled":"default","ast-page-background-meta":{"desktop":{"background-color":"","background-image":"","background-repeat":"repeat","background-position":"center center","background-size":"auto","background-attachment":"scroll","background-type":"","background-media":"","overlay-type":"","overlay-color":"","overlay-opacity":"","overlay-gradient":""},"tablet":{"background-color":"","background-image":"","background-repeat":"repeat","background-position":"center center","background-size":"auto","background-attachment":"scroll","background-type":"","background-media":"","overlay-type":"","overlay-color":"","overlay-opacity":"","overlay-gradient":""},"mobile":{"background-color":"","background-image":"","background-repeat":"repeat","background-position":"center center","background-size":"auto","background-attachment":"scroll","background-type":"","background-media":"","overlay-type":"","overlay-color":"","overlay-opacity":"","overlay-gradient":""}},"ast-content-background-meta":{"desktop":{"background-color":"var(--ast-global-color-4)","background-image":"","background-repeat":"repeat","background-position":"center center","background-size":"auto","background-attachment":"scroll","background-type":"","background-media":"","overlay-type":"","overlay-color":"","overlay-opacity":"","overlay-gradient":""},"tablet":{"background-color":"var(--ast-global-color-4)","background-image":"","background-repeat":"repeat","background-position":"center center","background-size":"auto","background-attachment":"scroll","background-type":"","background-media":"","overlay-type":"","overlay-color":"","overlay-opacity":"","overlay-gradient":""},"mobile":{"background-color":"var(--ast-global-color-4)","background-image":"","background-repeat":"repeat","background-position":"center center","background-size":"auto","background-attachment":"scroll","background-type":"","background-media":"","overlay-type":"","overlay-color":"","overlay-opacity":"","overlay-gradient":""}}},"product_brand":[],"product_cat":[35],"product_tag":[],"class_list":{"0":"post-7708","1":"product","2":"type-product","3":"status-publish","4":"has-post-thumbnail","6":"product_cat-vaikams-ir-paaugliams","7":"desktop-align-left","8":"tablet-align-left","9":"mobile-align-left","11":"first","12":"outofstock","13":"shipping-taxable","14":"purchasable","15":"product-type-simple"},"acf":[],"yoast_head":"<!-- This site is optimized with the Yoast SEO plugin v27.4 - https:\/\/yoast.com\/product\/yoast-seo-wordpress\/ -->\n<title>J. Marcinkevi\u010dius \u201eLaukin\u0117 kriau\u0161\u0117\u201c<\/title>\n<meta name=\"description\" content=\"\u201eLaukin\u0117 kriau\u0161\u0117\u201c \u2013 vieno populiariausi\u0173 20 am\u017eiaus pabaigos \u2013 21 am\u017eiaus prad\u017eios Lietuvos poet\u0173 k\u016brini\u0173 vaikams rinktin\u0117. Joje spausdinamos ma\u017eiesiems skaitytojams gerai \u017einomos poem\u0117l\u0117s: \u201eGryb\u0173 karas\u201c, \u201eVoro vestuv\u0117s\u201c, \u201ePirmoji pagalba\u201c , \u201eLaukin\u0117 kriau\u0161\u0117\u201c ir atskiri skamb\u016bs eil\u0117ra\u0161\u010diai, kuriuose vaiki\u0161kos vaizduot\u0117s \u017eaismas persipina su \u0161viesiu susim\u0105stymu.\" \/>\n<meta name=\"robots\" content=\"index, follow, max-snippet:-1, max-image-preview:large, max-video-preview:-1\" \/>\n<link rel=\"canonical\" href=\"https:\/\/skaitytaknyga.lt\/en\/produktas\/j-marcinkevicius-laukine-kriause\/\" \/>\n<meta property=\"og:locale\" content=\"en_GB\" \/>\n<meta property=\"og:locale:alternate\" content=\"lt_LT\" \/>\n<meta property=\"og:type\" content=\"article\" \/>\n<meta property=\"og:title\" content=\"J. Marcinkevi\u010dius \u201eLaukin\u0117 kriau\u0161\u0117\u201c\" \/>\n<meta property=\"og:description\" content=\"\u201eLaukin\u0117 kriau\u0161\u0117\u201c \u2013 vieno populiariausi\u0173 20 am\u017eiaus pabaigos \u2013 21 am\u017eiaus prad\u017eios Lietuvos poet\u0173 k\u016brini\u0173 vaikams rinktin\u0117. Joje spausdinamos ma\u017eiesiems skaitytojams gerai \u017einomos poem\u0117l\u0117s: \u201eGryb\u0173 karas\u201c, \u201eVoro vestuv\u0117s\u201c, \u201ePirmoji pagalba\u201c , \u201eLaukin\u0117 kriau\u0161\u0117\u201c ir atskiri skamb\u016bs eil\u0117ra\u0161\u010diai, kuriuose vaiki\u0161kos vaizduot\u0117s \u017eaismas persipina su \u0161viesiu susim\u0105stymu.\" \/>\n<meta property=\"og:url\" content=\"https:\/\/skaitytaknyga.lt\/en\/produktas\/j-marcinkevicius-laukine-kriause\/\" \/>\n<meta property=\"og:site_name\" content=\"Skaitytaknyga\" \/>\n<meta property=\"article:publisher\" content=\"https:\/\/www.facebook.com\/skaitytaknyga\/\" \/>\n<meta property=\"article:modified_time\" content=\"2026-04-18T07:06:44+00:00\" \/>\n<meta property=\"og:image\" content=\"https:\/\/skaitytaknyga.lt\/wp-content\/uploads\/2024\/04\/000000000001109093-59de8787a543c-asset-knyguklubas-cdb_laukine-kriause_p1.jpg\" \/>\n\t<meta property=\"og:image:width\" content=\"285\" \/>\n\t<meta property=\"og:image:height\" content=\"378\" \/>\n\t<meta property=\"og:image:type\" content=\"image\/jpeg\" \/>\n<meta name=\"twitter:card\" content=\"summary_large_image\" \/>\n<meta name=\"twitter:label1\" content=\"Estimated reading time\" \/>\n\t<meta name=\"twitter:data1\" content=\"1 minute\" \/>\n<script type=\"application\/ld+json\" class=\"yoast-schema-graph\">{\"@context\":\"https:\\\/\\\/schema.org\",\"@graph\":[{\"@type\":\"WebPage\",\"@id\":\"https:\\\/\\\/skaitytaknyga.lt\\\/produktas\\\/j-marcinkevicius-laukine-kriause\\\/\",\"url\":\"https:\\\/\\\/skaitytaknyga.lt\\\/produktas\\\/j-marcinkevicius-laukine-kriause\\\/\",\"name\":\"J. Marcinkevi\u010dius \u201eLaukin\u0117 kriau\u0161\u0117\u201c\",\"isPartOf\":{\"@id\":\"https:\\\/\\\/skaitytaknyga.lt\\\/#website\"},\"primaryImageOfPage\":{\"@id\":\"https:\\\/\\\/skaitytaknyga.lt\\\/produktas\\\/j-marcinkevicius-laukine-kriause\\\/#primaryimage\"},\"image\":{\"@id\":\"https:\\\/\\\/skaitytaknyga.lt\\\/produktas\\\/j-marcinkevicius-laukine-kriause\\\/#primaryimage\"},\"thumbnailUrl\":\"https:\\\/\\\/skaitytaknyga.lt\\\/wp-content\\\/uploads\\\/2024\\\/04\\\/000000000001109093-59de8787a543c-asset-knyguklubas-cdb_laukine-kriause_p1.jpg\",\"datePublished\":\"2024-05-04T14:34:09+00:00\",\"dateModified\":\"2026-04-18T07:06:44+00:00\",\"description\":\"\u201eLaukin\u0117 kriau\u0161\u0117\u201c \u2013 vieno populiariausi\u0173 20 am\u017eiaus pabaigos \u2013 21 am\u017eiaus prad\u017eios Lietuvos poet\u0173 k\u016brini\u0173 vaikams rinktin\u0117. Joje spausdinamos ma\u017eiesiems skaitytojams gerai \u017einomos poem\u0117l\u0117s: \u201eGryb\u0173 karas\u201c, \u201eVoro vestuv\u0117s\u201c, \u201ePirmoji pagalba\u201c , \u201eLaukin\u0117 kriau\u0161\u0117\u201c ir atskiri skamb\u016bs eil\u0117ra\u0161\u010diai, kuriuose vaiki\u0161kos vaizduot\u0117s \u017eaismas persipina su \u0161viesiu susim\u0105stymu.\",\"breadcrumb\":{\"@id\":\"https:\\\/\\\/skaitytaknyga.lt\\\/produktas\\\/j-marcinkevicius-laukine-kriause\\\/#breadcrumb\"},\"inLanguage\":\"en-GB\",\"potentialAction\":[{\"@type\":\"ReadAction\",\"target\":[\"https:\\\/\\\/skaitytaknyga.lt\\\/produktas\\\/j-marcinkevicius-laukine-kriause\\\/\"]}]},{\"@type\":\"ImageObject\",\"inLanguage\":\"en-GB\",\"@id\":\"https:\\\/\\\/skaitytaknyga.lt\\\/produktas\\\/j-marcinkevicius-laukine-kriause\\\/#primaryimage\",\"url\":\"https:\\\/\\\/skaitytaknyga.lt\\\/wp-content\\\/uploads\\\/2024\\\/04\\\/000000000001109093-59de8787a543c-asset-knyguklubas-cdb_laukine-kriause_p1.jpg\",\"contentUrl\":\"https:\\\/\\\/skaitytaknyga.lt\\\/wp-content\\\/uploads\\\/2024\\\/04\\\/000000000001109093-59de8787a543c-asset-knyguklubas-cdb_laukine-kriause_p1.jpg\",\"width\":285,\"height\":378,\"caption\":\"000000000001109093 59de8787a543c asset knyguklubas cdb laukine kriause p1\"},{\"@type\":\"BreadcrumbList\",\"@id\":\"https:\\\/\\\/skaitytaknyga.lt\\\/produktas\\\/j-marcinkevicius-laukine-kriause\\\/#breadcrumb\",\"itemListElement\":[{\"@type\":\"ListItem\",\"position\":1,\"name\":\"Home\",\"item\":\"https:\\\/\\\/skaitytaknyga.lt\\\/\"},{\"@type\":\"ListItem\",\"position\":2,\"name\":\"Parduotuv\u0117\",\"item\":\"https:\\\/\\\/skaitytaknyga.lt\\\/knygu-parduotuve\\\/\"},{\"@type\":\"ListItem\",\"position\":3,\"name\":\"J. Marcinkevi\u010dius \u201eLaukin\u0117 kriau\u0161\u0117\u201c\"}]},{\"@type\":\"WebSite\",\"@id\":\"https:\\\/\\\/skaitytaknyga.lt\\\/#website\",\"url\":\"https:\\\/\\\/skaitytaknyga.lt\\\/\",\"name\":\"skaitytaknyga.lt\",\"description\":\"Skaitytaknyga.lt \u2013 tai ma\u017eas \u0161eimos verslas, kuris prasid\u0117jo nuo meil\u0117s knygoms ir siekio i\u0161gelb\u0117ti knygas nuo likimo prie konteinerio. Kas vienam nereikalingas daiktas \u2013 kitam lobis, o mes esame tarpininkai, kurie padeda abiems tapti laimingesniems ???? \u017dinome kaip nelengva i\u0161gyventi ma\u017eiems verslams, tad nuo \u0161iol, \u010dia rasite ir kit\u0173, ma\u017e\u0173 \u0161eim\u0173 versl\u0173, rank\u0173 darbo, dovan\u0173 sau ir artimiesiems.\",\"publisher\":{\"@id\":\"https:\\\/\\\/skaitytaknyga.lt\\\/#organization\"},\"potentialAction\":[{\"@type\":\"SearchAction\",\"target\":{\"@type\":\"EntryPoint\",\"urlTemplate\":\"https:\\\/\\\/skaitytaknyga.lt\\\/?s={search_term_string}\"},\"query-input\":{\"@type\":\"PropertyValueSpecification\",\"valueRequired\":true,\"valueName\":\"search_term_string\"}}],\"inLanguage\":\"en-GB\"},{\"@type\":\"Organization\",\"@id\":\"https:\\\/\\\/skaitytaknyga.lt\\\/#organization\",\"name\":\"skaitytaknyga.lt\",\"url\":\"https:\\\/\\\/skaitytaknyga.lt\\\/\",\"logo\":{\"@type\":\"ImageObject\",\"inLanguage\":\"en-GB\",\"@id\":\"https:\\\/\\\/skaitytaknyga.lt\\\/#\\\/schema\\\/logo\\\/image\\\/\",\"url\":\"https:\\\/\\\/skaitytaknyga.lt\\\/wp-content\\\/uploads\\\/2024\\\/05\\\/cropped-cropped-cropped-02_00843_jt3bggkj1j3HLc7SyY6rEUpg.jpeg\",\"contentUrl\":\"https:\\\/\\\/skaitytaknyga.lt\\\/wp-content\\\/uploads\\\/2024\\\/05\\\/cropped-cropped-cropped-02_00843_jt3bggkj1j3HLc7SyY6rEUpg.jpeg\",\"width\":1600,\"height\":1600,\"caption\":\"skaitytaknyga.lt\"},\"image\":{\"@id\":\"https:\\\/\\\/skaitytaknyga.lt\\\/#\\\/schema\\\/logo\\\/image\\\/\"},\"sameAs\":[\"https:\\\/\\\/www.facebook.com\\\/skaitytaknyga\\\/\"]}]}<\/script>\n<!-- \/ Yoast SEO plugin. -->","yoast_head_json":{"title":"J. Marcinkevi\u010dius \u201eLaukin\u0117 kriau\u0161\u0117\u201c","description":"\u201eLaukin\u0117 kriau\u0161\u0117\u201c \u2013 vieno populiariausi\u0173 20 am\u017eiaus pabaigos \u2013 21 am\u017eiaus prad\u017eios Lietuvos poet\u0173 k\u016brini\u0173 vaikams rinktin\u0117. Joje spausdinamos ma\u017eiesiems skaitytojams gerai \u017einomos poem\u0117l\u0117s: \u201eGryb\u0173 karas\u201c, \u201eVoro vestuv\u0117s\u201c, \u201ePirmoji pagalba\u201c , \u201eLaukin\u0117 kriau\u0161\u0117\u201c ir atskiri skamb\u016bs eil\u0117ra\u0161\u010diai, kuriuose vaiki\u0161kos vaizduot\u0117s \u017eaismas persipina su \u0161viesiu susim\u0105stymu.","robots":{"index":"index","follow":"follow","max-snippet":"max-snippet:-1","max-image-preview":"max-image-preview:large","max-video-preview":"max-video-preview:-1"},"canonical":"https:\/\/skaitytaknyga.lt\/en\/produktas\/j-marcinkevicius-laukine-kriause\/","og_locale":"en_GB","og_type":"article","og_title":"[:lt]J. Marcinkevi\u010dius \u201eLaukin\u0117 kriau\u0161\u0117\u201c[:] - Skaitytaknyga","og_description":"\u201eLaukin\u0117 kriau\u0161\u0117\u201c \u2013 vieno populiariausi\u0173 20 am\u017eiaus pabaigos \u2013 21 am\u017eiaus prad\u017eios Lietuvos poet\u0173 k\u016brini\u0173 vaikams rinktin\u0117. Joje spausdinamos ma\u017eiesiems skaitytojams gerai \u017einomos poem\u0117l\u0117s: \u201eGryb\u0173 karas\u201c, \u201eVoro vestuv\u0117s\u201c, \u201ePirmoji pagalba\u201c , \u201eLaukin\u0117 kriau\u0161\u0117\u201c ir atskiri skamb\u016bs eil\u0117ra\u0161\u010diai, kuriuose vaiki\u0161kos vaizduot\u0117s \u017eaismas persipina su \u0161viesiu susim\u0105stymu.","og_url":"https:\/\/skaitytaknyga.lt\/en\/produktas\/j-marcinkevicius-laukine-kriause\/","og_site_name":"Skaitytaknyga","article_publisher":"https:\/\/www.facebook.com\/skaitytaknyga\/","article_modified_time":"2026-04-18T07:06:44+00:00","og_image":[{"width":285,"height":378,"url":"https:\/\/skaitytaknyga.lt\/wp-content\/uploads\/2024\/04\/000000000001109093-59de8787a543c-asset-knyguklubas-cdb_laukine-kriause_p1.jpg","type":"image\/jpeg"}],"twitter_card":"summary_large_image","twitter_misc":{"Estimated reading time":"1 minute"},"schema":{"@context":"https:\/\/schema.org","@graph":[{"@type":"WebPage","@id":"https:\/\/skaitytaknyga.lt\/produktas\/j-marcinkevicius-laukine-kriause\/","url":"https:\/\/skaitytaknyga.lt\/produktas\/j-marcinkevicius-laukine-kriause\/","name":"J. Marcinkevi\u010dius \u201eLaukin\u0117 kriau\u0161\u0117\u201c","isPartOf":{"@id":"https:\/\/skaitytaknyga.lt\/#website"},"primaryImageOfPage":{"@id":"https:\/\/skaitytaknyga.lt\/produktas\/j-marcinkevicius-laukine-kriause\/#primaryimage"},"image":{"@id":"https:\/\/skaitytaknyga.lt\/produktas\/j-marcinkevicius-laukine-kriause\/#primaryimage"},"thumbnailUrl":"https:\/\/skaitytaknyga.lt\/wp-content\/uploads\/2024\/04\/000000000001109093-59de8787a543c-asset-knyguklubas-cdb_laukine-kriause_p1.jpg","datePublished":"2024-05-04T14:34:09+00:00","dateModified":"2026-04-18T07:06:44+00:00","description":"\u201eLaukin\u0117 kriau\u0161\u0117\u201c \u2013 vieno populiariausi\u0173 20 am\u017eiaus pabaigos \u2013 21 am\u017eiaus prad\u017eios Lietuvos poet\u0173 k\u016brini\u0173 vaikams rinktin\u0117. Joje spausdinamos ma\u017eiesiems skaitytojams gerai \u017einomos poem\u0117l\u0117s: \u201eGryb\u0173 karas\u201c, \u201eVoro vestuv\u0117s\u201c, \u201ePirmoji pagalba\u201c , \u201eLaukin\u0117 kriau\u0161\u0117\u201c ir atskiri skamb\u016bs eil\u0117ra\u0161\u010diai, kuriuose vaiki\u0161kos vaizduot\u0117s \u017eaismas persipina su \u0161viesiu susim\u0105stymu.","breadcrumb":{"@id":"https:\/\/skaitytaknyga.lt\/produktas\/j-marcinkevicius-laukine-kriause\/#breadcrumb"},"inLanguage":"en-GB","potentialAction":[{"@type":"ReadAction","target":["https:\/\/skaitytaknyga.lt\/produktas\/j-marcinkevicius-laukine-kriause\/"]}]},{"@type":"ImageObject","inLanguage":"en-GB","@id":"https:\/\/skaitytaknyga.lt\/produktas\/j-marcinkevicius-laukine-kriause\/#primaryimage","url":"https:\/\/skaitytaknyga.lt\/wp-content\/uploads\/2024\/04\/000000000001109093-59de8787a543c-asset-knyguklubas-cdb_laukine-kriause_p1.jpg","contentUrl":"https:\/\/skaitytaknyga.lt\/wp-content\/uploads\/2024\/04\/000000000001109093-59de8787a543c-asset-knyguklubas-cdb_laukine-kriause_p1.jpg","width":285,"height":378,"caption":"000000000001109093 59de8787a543c asset knyguklubas cdb laukine kriause p1"},{"@type":"BreadcrumbList","@id":"https:\/\/skaitytaknyga.lt\/produktas\/j-marcinkevicius-laukine-kriause\/#breadcrumb","itemListElement":[{"@type":"ListItem","position":1,"name":"Home","item":"https:\/\/skaitytaknyga.lt\/"},{"@type":"ListItem","position":2,"name":"Parduotuv\u0117","item":"https:\/\/skaitytaknyga.lt\/knygu-parduotuve\/"},{"@type":"ListItem","position":3,"name":"J. Marcinkevi\u010dius \u201eLaukin\u0117 kriau\u0161\u0117\u201c"}]},{"@type":"WebSite","@id":"https:\/\/skaitytaknyga.lt\/#website","url":"https:\/\/skaitytaknyga.lt\/","name":"skaitytaknyga.lt","description":"Skaitytaknyga.lt \u2013 tai ma\u017eas \u0161eimos verslas, kuris prasid\u0117jo nuo meil\u0117s knygoms ir siekio i\u0161gelb\u0117ti knygas nuo likimo prie konteinerio. Kas vienam nereikalingas daiktas \u2013 kitam lobis, o mes esame tarpininkai, kurie padeda abiems tapti laimingesniems ???? \u017dinome kaip nelengva i\u0161gyventi ma\u017eiems verslams, tad nuo \u0161iol, \u010dia rasite ir kit\u0173, ma\u017e\u0173 \u0161eim\u0173 versl\u0173, rank\u0173 darbo, dovan\u0173 sau ir artimiesiems.","publisher":{"@id":"https:\/\/skaitytaknyga.lt\/#organization"},"potentialAction":[{"@type":"SearchAction","target":{"@type":"EntryPoint","urlTemplate":"https:\/\/skaitytaknyga.lt\/?s={search_term_string}"},"query-input":{"@type":"PropertyValueSpecification","valueRequired":true,"valueName":"search_term_string"}}],"inLanguage":"en-GB"},{"@type":"Organization","@id":"https:\/\/skaitytaknyga.lt\/#organization","name":"skaitytaknyga.lt","url":"https:\/\/skaitytaknyga.lt\/","logo":{"@type":"ImageObject","inLanguage":"en-GB","@id":"https:\/\/skaitytaknyga.lt\/#\/schema\/logo\/image\/","url":"https:\/\/skaitytaknyga.lt\/wp-content\/uploads\/2024\/05\/cropped-cropped-cropped-02_00843_jt3bggkj1j3HLc7SyY6rEUpg.jpeg","contentUrl":"https:\/\/skaitytaknyga.lt\/wp-content\/uploads\/2024\/05\/cropped-cropped-cropped-02_00843_jt3bggkj1j3HLc7SyY6rEUpg.jpeg","width":1600,"height":1600,"caption":"skaitytaknyga.lt"},"image":{"@id":"https:\/\/skaitytaknyga.lt\/#\/schema\/logo\/image\/"},"sameAs":["https:\/\/www.facebook.com\/skaitytaknyga\/"]}]}},"_links":{"self":[{"href":"https:\/\/skaitytaknyga.lt\/en\/wp-json\/wp\/v2\/product\/7708","targetHints":{"allow":["GET"]}}],"collection":[{"href":"https:\/\/skaitytaknyga.lt\/en\/wp-json\/wp\/v2\/product"}],"about":[{"href":"https:\/\/skaitytaknyga.lt\/en\/wp-json\/wp\/v2\/types\/product"}],"replies":[{"embeddable":true,"href":"https:\/\/skaitytaknyga.lt\/en\/wp-json\/wp\/v2\/comments?post=7708"}],"wp:featuredmedia":[{"embeddable":true,"href":"https:\/\/skaitytaknyga.lt\/en\/wp-json\/wp\/v2\/media\/3108"}],"wp:attachment":[{"href":"https:\/\/skaitytaknyga.lt\/en\/wp-json\/wp\/v2\/media?parent=7708"}],"wp:term":[{"taxonomy":"product_brand","embeddable":true,"href":"https:\/\/skaitytaknyga.lt\/en\/wp-json\/wp\/v2\/product_brand?post=7708"},{"taxonomy":"product_cat","embeddable":true,"href":"https:\/\/skaitytaknyga.lt\/en\/wp-json\/wp\/v2\/product_cat?post=7708"},{"taxonomy":"product_tag","embeddable":true,"href":"https:\/\/skaitytaknyga.lt\/en\/wp-json\/wp\/v2\/product_tag?post=7708"}],"curies":[{"name":"wp","href":"https:\/\/api.w.org\/{rel}","templated":true}]}}