{"id":7704,"date":"2024-05-04T14:34:08","date_gmt":"2024-05-04T14:34:08","guid":{"rendered":"https:\/\/skaitytaknyga.lt\/?post_type=product&#038;p=7704"},"modified":"2024-05-04T14:34:11","modified_gmt":"2024-05-04T14:34:11","slug":"v-misevicius-juodojo-dzentelmeno-galas-2","status":"publish","type":"product","link":"https:\/\/skaitytaknyga.lt\/en\/produktas\/v-misevicius-juodojo-dzentelmeno-galas-2\/","title":{"rendered":"V. Misevi\u010dius \u201eJuodojo d\u017eentelmeno galas\u201c"},"content":{"rendered":"<p>Naujai atgimusi Vytauto Misevi\u010diaus knygel\u0117 kvie\u010dia vaikus \u012f stebukling\u0105 \u017eaisl\u0173 pasaul\u012f!<br \/>\nBe abejo, jums daug kart\u0173 teko lankytis \u017eaisl\u0173 parduotuv\u0117je \u2013 many\u010diau, tai viena m\u0117gstamiausi\u0173 j\u016bs\u0173 viet\u0173! Bet ar teko kada nors ten b\u016bti nakt\u012f? Ne? Tuomet tikrai ne\u017einote, net ne\u012fsivaizduojate, kokie \u012fdom\u016bs ir paslaptingi dalykai vyksta \u017eaisl\u0173 parduotuv\u0117je, kai vaikai u\u017emiega&#8230;<\/p>\n<p>Tss! B\u016bkite akyli ir ausyli!<\/p>\n<p>\u010cia prasideda \u012fdomi istorija, kartu su jos veik\u0117jais keliausite po keistus \u017eaisl\u0173 parduotuv\u0117s \u201eTik ne\u017eliumbk\u201c auk\u0161tus, slapstysit\u0117s slaptyn\u0117se, su\u017einosite, kaip galima sugarbanoti e\u017e\u012f, kod\u0117l Be\u017ed\u017eion\u0117 Ring\u0117 virto li\u016btu ir \u2013 svarbiausia \u2013 koks gi galas i\u0161tiko Juod\u0105j\u012f D\u017eentelmen\u0105&#8230;<\/p>\n","protected":false},"excerpt":{"rendered":"<p>Naujai atgimusi Vytauto Misevi\u010diaus knygel\u0117 kvie\u010dia vaikus \u012f stebukling\u0105 \u017eaisl\u0173 pasaul\u012f!<br \/>\nBe abejo, jums daug kart\u0173 teko lankytis \u017eaisl\u0173 parduotuv\u0117je \u2013 many\u010diau, tai viena m\u0117gstamiausi\u0173 j\u016bs\u0173 viet\u0173! Bet ar teko kada nors ten b\u016bti nakt\u012f? Ne? Tuomet tikrai ne\u017einote, net ne\u012fsivaizduojate, kokie \u012fdom\u016bs ir paslaptingi dalykai vyksta \u017eaisl\u0173 parduotuv\u0117je, kai vaikai u\u017emiega&#8230;<\/p>\n<p>Tss! B\u016bkite akyli ir ausyli!<\/p>\n<p>\u010cia prasideda \u012fdomi istorija, kartu su jos veik\u0117jais keliausite po keistus \u017eaisl\u0173 parduotuv\u0117s \u201eTik ne\u017eliumbk\u201c auk\u0161tus, slapstysit\u0117s slaptyn\u0117se, su\u017einosite, kaip galima sugarbanoti e\u017e\u012f, kod\u0117l Be\u017ed\u017eion\u0117 Ring\u0117 virto li\u016btu ir \u2013 svarbiausia \u2013 koks gi galas i\u0161tiko Juod\u0105j\u012f D\u017eentelmen\u0105&#8230;<\/p>\n","protected":false},"featured_media":3104,"comment_status":"closed","ping_status":"closed","template":"","meta":{"_acf_changed":false,"site-sidebar-layout":"default","site-content-layout":"","ast-site-content-layout":"default","site-content-style":"default","site-sidebar-style":"default","ast-global-header-display":"","ast-banner-title-visibility":"","ast-main-header-display":"","ast-hfb-above-header-display":"","ast-hfb-below-header-display":"","ast-hfb-mobile-header-display":"","site-post-title":"","ast-breadcrumbs-content":"","ast-featured-img":"","footer-sml-layout":"","ast-disable-related-posts":"","theme-transparent-header-meta":"","adv-header-id-meta":"","stick-header-meta":"","header-above-stick-meta":"","header-main-stick-meta":"","header-below-stick-meta":"","astra-migrate-meta-layouts":"default","ast-page-background-enabled":"default","ast-page-background-meta":{"desktop":{"background-color":"","background-image":"","background-repeat":"repeat","background-position":"center center","background-size":"auto","background-attachment":"scroll","background-type":"","background-media":"","overlay-type":"","overlay-color":"","overlay-opacity":"","overlay-gradient":""},"tablet":{"background-color":"","background-image":"","background-repeat":"repeat","background-position":"center center","background-size":"auto","background-attachment":"scroll","background-type":"","background-media":"","overlay-type":"","overlay-color":"","overlay-opacity":"","overlay-gradient":""},"mobile":{"background-color":"","background-image":"","background-repeat":"repeat","background-position":"center center","background-size":"auto","background-attachment":"scroll","background-type":"","background-media":"","overlay-type":"","overlay-color":"","overlay-opacity":"","overlay-gradient":""}},"ast-content-background-meta":{"desktop":{"background-color":"var(--ast-global-color-4)","background-image":"","background-repeat":"repeat","background-position":"center center","background-size":"auto","background-attachment":"scroll","background-type":"","background-media":"","overlay-type":"","overlay-color":"","overlay-opacity":"","overlay-gradient":""},"tablet":{"background-color":"var(--ast-global-color-4)","background-image":"","background-repeat":"repeat","background-position":"center center","background-size":"auto","background-attachment":"scroll","background-type":"","background-media":"","overlay-type":"","overlay-color":"","overlay-opacity":"","overlay-gradient":""},"mobile":{"background-color":"var(--ast-global-color-4)","background-image":"","background-repeat":"repeat","background-position":"center center","background-size":"auto","background-attachment":"scroll","background-type":"","background-media":"","overlay-type":"","overlay-color":"","overlay-opacity":"","overlay-gradient":""}}},"product_brand":[],"product_cat":[35],"product_tag":[],"class_list":{"0":"post-7704","1":"product","2":"type-product","3":"status-publish","4":"has-post-thumbnail","6":"product_cat-vaikams-ir-paaugliams","7":"desktop-align-left","8":"tablet-align-left","9":"mobile-align-left","11":"first","12":"instock","13":"shipping-taxable","14":"purchasable","15":"product-type-simple"},"acf":[],"yoast_head":"<!-- This site is optimized with the Yoast SEO plugin v27.4 - https:\/\/yoast.com\/product\/yoast-seo-wordpress\/ -->\n<title>V. Misevi\u010dius \u201eJuodojo d\u017eentelmeno galas\u201c - Skaitytaknyga<\/title>\n<meta name=\"description\" content=\"Naujai atgimusi Vytauto Misevi\u010diaus knygel\u0117 kvie\u010dia vaikus \u012f stebukling\u0105 \u017eaisl\u0173 pasaul\u012f! Be abejo, jums daug kart\u0173 teko lankytis \u017eaisl\u0173 parduotuv\u0117je \u2013 many\u010diau, tai viena m\u0117gstamiausi\u0173 j\u016bs\u0173 viet\u0173! Bet ar teko kada nors ten b\u016bti nakt\u012f? Ne? Tuomet tikrai ne\u017einote, net ne\u012fsivaizduojate, kokie \u012fdom\u016bs ir paslaptingi dalykai vyksta \u017eaisl\u0173 parduotuv\u0117je, kai vaikai u\u017emiega...  Tss! B\u016bkite akyli ir ausyli!  \u010cia prasideda \u012fdomi istorija, kartu su jos veik\u0117jais keliausite po keistus \u017eaisl\u0173 parduotuv\u0117s \u201eTik ne\u017eliumbk\u201c auk\u0161tus, slapstysit\u0117s slaptyn\u0117se, su\u017einosite, kaip galima sugarbanoti e\u017e\u012f, kod\u0117l Be\u017ed\u017eion\u0117 Ring\u0117 virto li\u016btu ir \u2013 svarbiausia \u2013 koks gi galas i\u0161tiko Juod\u0105j\u012f D\u017eentelmen\u0105...\" \/>\n<meta name=\"robots\" content=\"index, follow, max-snippet:-1, max-image-preview:large, max-video-preview:-1\" \/>\n<link rel=\"canonical\" href=\"https:\/\/skaitytaknyga.lt\/en\/produktas\/v-misevicius-juodojo-dzentelmeno-galas-2\/\" \/>\n<meta property=\"og:locale\" content=\"en_GB\" \/>\n<meta property=\"og:locale:alternate\" content=\"lt_LT\" \/>\n<meta property=\"og:type\" content=\"article\" \/>\n<meta property=\"og:title\" content=\"V. Misevi\u010dius \u201eJuodojo d\u017eentelmeno galas\u201c - Skaitytaknyga\" \/>\n<meta property=\"og:description\" content=\"Naujai atgimusi Vytauto Misevi\u010diaus knygel\u0117 kvie\u010dia vaikus \u012f stebukling\u0105 \u017eaisl\u0173 pasaul\u012f! Be abejo, jums daug kart\u0173 teko lankytis \u017eaisl\u0173 parduotuv\u0117je \u2013 many\u010diau, tai viena m\u0117gstamiausi\u0173 j\u016bs\u0173 viet\u0173! Bet ar teko kada nors ten b\u016bti nakt\u012f? Ne? Tuomet tikrai ne\u017einote, net ne\u012fsivaizduojate, kokie \u012fdom\u016bs ir paslaptingi dalykai vyksta \u017eaisl\u0173 parduotuv\u0117je, kai vaikai u\u017emiega...  Tss! B\u016bkite akyli ir ausyli!  \u010cia prasideda \u012fdomi istorija, kartu su jos veik\u0117jais keliausite po keistus \u017eaisl\u0173 parduotuv\u0117s \u201eTik ne\u017eliumbk\u201c auk\u0161tus, slapstysit\u0117s slaptyn\u0117se, su\u017einosite, kaip galima sugarbanoti e\u017e\u012f, kod\u0117l Be\u017ed\u017eion\u0117 Ring\u0117 virto li\u016btu ir \u2013 svarbiausia \u2013 koks gi galas i\u0161tiko Juod\u0105j\u012f D\u017eentelmen\u0105...\" \/>\n<meta property=\"og:url\" content=\"https:\/\/skaitytaknyga.lt\/en\/produktas\/v-misevicius-juodojo-dzentelmeno-galas-2\/\" \/>\n<meta property=\"og:site_name\" content=\"Skaitytaknyga\" \/>\n<meta property=\"article:publisher\" content=\"https:\/\/www.facebook.com\/skaitytaknyga\/\" \/>\n<meta property=\"article:modified_time\" content=\"2024-05-04T14:34:11+00:00\" \/>\n<meta property=\"og:image\" content=\"https:\/\/skaitytaknyga.lt\/wp-content\/uploads\/2024\/04\/Virselis-13.jpg\" \/>\n\t<meta property=\"og:image:width\" content=\"720\" \/>\n\t<meta property=\"og:image:height\" content=\"977\" \/>\n\t<meta property=\"og:image:type\" content=\"image\/jpeg\" \/>\n<meta name=\"twitter:card\" content=\"summary_large_image\" \/>\n<meta name=\"twitter:label1\" content=\"Estimated reading time\" \/>\n\t<meta name=\"twitter:data1\" content=\"1 minute\" \/>\n<script type=\"application\/ld+json\" class=\"yoast-schema-graph\">{\"@context\":\"https:\\\/\\\/schema.org\",\"@graph\":[{\"@type\":\"WebPage\",\"@id\":\"https:\\\/\\\/skaitytaknyga.lt\\\/en\\\/produktas\\\/v-misevicius-juodojo-dzentelmeno-galas-2\\\/\",\"url\":\"https:\\\/\\\/skaitytaknyga.lt\\\/en\\\/produktas\\\/v-misevicius-juodojo-dzentelmeno-galas-2\\\/\",\"name\":\"V. Misevi\u010dius \u201eJuodojo d\u017eentelmeno galas\u201c - Skaitytaknyga\",\"isPartOf\":{\"@id\":\"https:\\\/\\\/skaitytaknyga.lt\\\/#website\"},\"primaryImageOfPage\":{\"@id\":\"https:\\\/\\\/skaitytaknyga.lt\\\/en\\\/produktas\\\/v-misevicius-juodojo-dzentelmeno-galas-2\\\/#primaryimage\"},\"image\":{\"@id\":\"https:\\\/\\\/skaitytaknyga.lt\\\/en\\\/produktas\\\/v-misevicius-juodojo-dzentelmeno-galas-2\\\/#primaryimage\"},\"thumbnailUrl\":\"https:\\\/\\\/skaitytaknyga.lt\\\/wp-content\\\/uploads\\\/2024\\\/04\\\/Virselis-13.jpg\",\"datePublished\":\"2024-05-04T14:34:08+00:00\",\"dateModified\":\"2024-05-04T14:34:11+00:00\",\"description\":\"Naujai atgimusi Vytauto Misevi\u010diaus knygel\u0117 kvie\u010dia vaikus \u012f stebukling\u0105 \u017eaisl\u0173 pasaul\u012f! Be abejo, jums daug kart\u0173 teko lankytis \u017eaisl\u0173 parduotuv\u0117je \u2013 many\u010diau, tai viena m\u0117gstamiausi\u0173 j\u016bs\u0173 viet\u0173! Bet ar teko kada nors ten b\u016bti nakt\u012f? Ne? Tuomet tikrai ne\u017einote, net ne\u012fsivaizduojate, kokie \u012fdom\u016bs ir paslaptingi dalykai vyksta \u017eaisl\u0173 parduotuv\u0117je, kai vaikai u\u017emiega... Tss! B\u016bkite akyli ir ausyli! \u010cia prasideda \u012fdomi istorija, kartu su jos veik\u0117jais keliausite po keistus \u017eaisl\u0173 parduotuv\u0117s \u201eTik ne\u017eliumbk\u201c auk\u0161tus, slapstysit\u0117s slaptyn\u0117se, su\u017einosite, kaip galima sugarbanoti e\u017e\u012f, kod\u0117l Be\u017ed\u017eion\u0117 Ring\u0117 virto li\u016btu ir \u2013 svarbiausia \u2013 koks gi galas i\u0161tiko Juod\u0105j\u012f D\u017eentelmen\u0105...\",\"breadcrumb\":{\"@id\":\"https:\\\/\\\/skaitytaknyga.lt\\\/en\\\/produktas\\\/v-misevicius-juodojo-dzentelmeno-galas-2\\\/#breadcrumb\"},\"inLanguage\":\"en-GB\",\"potentialAction\":[{\"@type\":\"ReadAction\",\"target\":[\"https:\\\/\\\/skaitytaknyga.lt\\\/en\\\/produktas\\\/v-misevicius-juodojo-dzentelmeno-galas-2\\\/\"]}]},{\"@type\":\"ImageObject\",\"inLanguage\":\"en-GB\",\"@id\":\"https:\\\/\\\/skaitytaknyga.lt\\\/en\\\/produktas\\\/v-misevicius-juodojo-dzentelmeno-galas-2\\\/#primaryimage\",\"url\":\"https:\\\/\\\/skaitytaknyga.lt\\\/wp-content\\\/uploads\\\/2024\\\/04\\\/Virselis-13.jpg\",\"contentUrl\":\"https:\\\/\\\/skaitytaknyga.lt\\\/wp-content\\\/uploads\\\/2024\\\/04\\\/Virselis-13.jpg\",\"width\":720,\"height\":977,\"caption\":\"Virselis 13\"},{\"@type\":\"BreadcrumbList\",\"@id\":\"https:\\\/\\\/skaitytaknyga.lt\\\/en\\\/produktas\\\/v-misevicius-juodojo-dzentelmeno-galas-2\\\/#breadcrumb\",\"itemListElement\":[{\"@type\":\"ListItem\",\"position\":1,\"name\":\"Home\",\"item\":\"https:\\\/\\\/skaitytaknyga.lt\\\/\"},{\"@type\":\"ListItem\",\"position\":2,\"name\":\"Parduotuv\u0117\",\"item\":\"https:\\\/\\\/skaitytaknyga.lt\\\/knygu-parduotuve\\\/\"},{\"@type\":\"ListItem\",\"position\":3,\"name\":\"V. Misevi\u010dius \u201eJuodojo d\u017eentelmeno galas\u201c\"}]},{\"@type\":\"WebSite\",\"@id\":\"https:\\\/\\\/skaitytaknyga.lt\\\/#website\",\"url\":\"https:\\\/\\\/skaitytaknyga.lt\\\/\",\"name\":\"skaitytaknyga.lt\",\"description\":\"Skaitytaknyga.lt \u2013 tai ma\u017eas \u0161eimos verslas, kuris prasid\u0117jo nuo meil\u0117s knygoms ir siekio i\u0161gelb\u0117ti knygas nuo likimo prie konteinerio. Kas vienam nereikalingas daiktas \u2013 kitam lobis, o mes esame tarpininkai, kurie padeda abiems tapti laimingesniems ???? \u017dinome kaip nelengva i\u0161gyventi ma\u017eiems verslams, tad nuo \u0161iol, \u010dia rasite ir kit\u0173, ma\u017e\u0173 \u0161eim\u0173 versl\u0173, rank\u0173 darbo, dovan\u0173 sau ir artimiesiems.\",\"publisher\":{\"@id\":\"https:\\\/\\\/skaitytaknyga.lt\\\/#organization\"},\"potentialAction\":[{\"@type\":\"SearchAction\",\"target\":{\"@type\":\"EntryPoint\",\"urlTemplate\":\"https:\\\/\\\/skaitytaknyga.lt\\\/?s={search_term_string}\"},\"query-input\":{\"@type\":\"PropertyValueSpecification\",\"valueRequired\":true,\"valueName\":\"search_term_string\"}}],\"inLanguage\":\"en-GB\"},{\"@type\":\"Organization\",\"@id\":\"https:\\\/\\\/skaitytaknyga.lt\\\/#organization\",\"name\":\"skaitytaknyga.lt\",\"url\":\"https:\\\/\\\/skaitytaknyga.lt\\\/\",\"logo\":{\"@type\":\"ImageObject\",\"inLanguage\":\"en-GB\",\"@id\":\"https:\\\/\\\/skaitytaknyga.lt\\\/#\\\/schema\\\/logo\\\/image\\\/\",\"url\":\"https:\\\/\\\/skaitytaknyga.lt\\\/wp-content\\\/uploads\\\/2024\\\/05\\\/cropped-cropped-cropped-02_00843_jt3bggkj1j3HLc7SyY6rEUpg.jpeg\",\"contentUrl\":\"https:\\\/\\\/skaitytaknyga.lt\\\/wp-content\\\/uploads\\\/2024\\\/05\\\/cropped-cropped-cropped-02_00843_jt3bggkj1j3HLc7SyY6rEUpg.jpeg\",\"width\":1600,\"height\":1600,\"caption\":\"skaitytaknyga.lt\"},\"image\":{\"@id\":\"https:\\\/\\\/skaitytaknyga.lt\\\/#\\\/schema\\\/logo\\\/image\\\/\"},\"sameAs\":[\"https:\\\/\\\/www.facebook.com\\\/skaitytaknyga\\\/\"]}]}<\/script>\n<!-- \/ Yoast SEO plugin. -->","yoast_head_json":{"title":"V. Misevi\u010dius \u201eJuodojo d\u017eentelmeno galas\u201c - Skaitytaknyga","description":"Naujai atgimusi Vytauto Misevi\u010diaus knygel\u0117 kvie\u010dia vaikus \u012f stebukling\u0105 \u017eaisl\u0173 pasaul\u012f! Be abejo, jums daug kart\u0173 teko lankytis \u017eaisl\u0173 parduotuv\u0117je \u2013 many\u010diau, tai viena m\u0117gstamiausi\u0173 j\u016bs\u0173 viet\u0173! Bet ar teko kada nors ten b\u016bti nakt\u012f? Ne? Tuomet tikrai ne\u017einote, net ne\u012fsivaizduojate, kokie \u012fdom\u016bs ir paslaptingi dalykai vyksta \u017eaisl\u0173 parduotuv\u0117je, kai vaikai u\u017emiega...  Tss! B\u016bkite akyli ir ausyli!  \u010cia prasideda \u012fdomi istorija, kartu su jos veik\u0117jais keliausite po keistus \u017eaisl\u0173 parduotuv\u0117s \u201eTik ne\u017eliumbk\u201c auk\u0161tus, slapstysit\u0117s slaptyn\u0117se, su\u017einosite, kaip galima sugarbanoti e\u017e\u012f, kod\u0117l Be\u017ed\u017eion\u0117 Ring\u0117 virto li\u016btu ir \u2013 svarbiausia \u2013 koks gi galas i\u0161tiko Juod\u0105j\u012f D\u017eentelmen\u0105...","robots":{"index":"index","follow":"follow","max-snippet":"max-snippet:-1","max-image-preview":"max-image-preview:large","max-video-preview":"max-video-preview:-1"},"canonical":"https:\/\/skaitytaknyga.lt\/en\/produktas\/v-misevicius-juodojo-dzentelmeno-galas-2\/","og_locale":"en_GB","og_type":"article","og_title":"V. Misevi\u010dius \u201eJuodojo d\u017eentelmeno galas\u201c - Skaitytaknyga","og_description":"Naujai atgimusi Vytauto Misevi\u010diaus knygel\u0117 kvie\u010dia vaikus \u012f stebukling\u0105 \u017eaisl\u0173 pasaul\u012f! Be abejo, jums daug kart\u0173 teko lankytis \u017eaisl\u0173 parduotuv\u0117je \u2013 many\u010diau, tai viena m\u0117gstamiausi\u0173 j\u016bs\u0173 viet\u0173! Bet ar teko kada nors ten b\u016bti nakt\u012f? Ne? Tuomet tikrai ne\u017einote, net ne\u012fsivaizduojate, kokie \u012fdom\u016bs ir paslaptingi dalykai vyksta \u017eaisl\u0173 parduotuv\u0117je, kai vaikai u\u017emiega...  Tss! B\u016bkite akyli ir ausyli!  \u010cia prasideda \u012fdomi istorija, kartu su jos veik\u0117jais keliausite po keistus \u017eaisl\u0173 parduotuv\u0117s \u201eTik ne\u017eliumbk\u201c auk\u0161tus, slapstysit\u0117s slaptyn\u0117se, su\u017einosite, kaip galima sugarbanoti e\u017e\u012f, kod\u0117l Be\u017ed\u017eion\u0117 Ring\u0117 virto li\u016btu ir \u2013 svarbiausia \u2013 koks gi galas i\u0161tiko Juod\u0105j\u012f D\u017eentelmen\u0105...","og_url":"https:\/\/skaitytaknyga.lt\/en\/produktas\/v-misevicius-juodojo-dzentelmeno-galas-2\/","og_site_name":"Skaitytaknyga","article_publisher":"https:\/\/www.facebook.com\/skaitytaknyga\/","article_modified_time":"2024-05-04T14:34:11+00:00","og_image":[{"width":720,"height":977,"url":"https:\/\/skaitytaknyga.lt\/wp-content\/uploads\/2024\/04\/Virselis-13.jpg","type":"image\/jpeg"}],"twitter_card":"summary_large_image","twitter_misc":{"Estimated reading time":"1 minute"},"schema":{"@context":"https:\/\/schema.org","@graph":[{"@type":"WebPage","@id":"https:\/\/skaitytaknyga.lt\/en\/produktas\/v-misevicius-juodojo-dzentelmeno-galas-2\/","url":"https:\/\/skaitytaknyga.lt\/en\/produktas\/v-misevicius-juodojo-dzentelmeno-galas-2\/","name":"V. Misevi\u010dius \u201eJuodojo d\u017eentelmeno galas\u201c - Skaitytaknyga","isPartOf":{"@id":"https:\/\/skaitytaknyga.lt\/#website"},"primaryImageOfPage":{"@id":"https:\/\/skaitytaknyga.lt\/en\/produktas\/v-misevicius-juodojo-dzentelmeno-galas-2\/#primaryimage"},"image":{"@id":"https:\/\/skaitytaknyga.lt\/en\/produktas\/v-misevicius-juodojo-dzentelmeno-galas-2\/#primaryimage"},"thumbnailUrl":"https:\/\/skaitytaknyga.lt\/wp-content\/uploads\/2024\/04\/Virselis-13.jpg","datePublished":"2024-05-04T14:34:08+00:00","dateModified":"2024-05-04T14:34:11+00:00","description":"Naujai atgimusi Vytauto Misevi\u010diaus knygel\u0117 kvie\u010dia vaikus \u012f stebukling\u0105 \u017eaisl\u0173 pasaul\u012f! Be abejo, jums daug kart\u0173 teko lankytis \u017eaisl\u0173 parduotuv\u0117je \u2013 many\u010diau, tai viena m\u0117gstamiausi\u0173 j\u016bs\u0173 viet\u0173! Bet ar teko kada nors ten b\u016bti nakt\u012f? Ne? Tuomet tikrai ne\u017einote, net ne\u012fsivaizduojate, kokie \u012fdom\u016bs ir paslaptingi dalykai vyksta \u017eaisl\u0173 parduotuv\u0117je, kai vaikai u\u017emiega... Tss! B\u016bkite akyli ir ausyli! \u010cia prasideda \u012fdomi istorija, kartu su jos veik\u0117jais keliausite po keistus \u017eaisl\u0173 parduotuv\u0117s \u201eTik ne\u017eliumbk\u201c auk\u0161tus, slapstysit\u0117s slaptyn\u0117se, su\u017einosite, kaip galima sugarbanoti e\u017e\u012f, kod\u0117l Be\u017ed\u017eion\u0117 Ring\u0117 virto li\u016btu ir \u2013 svarbiausia \u2013 koks gi galas i\u0161tiko Juod\u0105j\u012f D\u017eentelmen\u0105...","breadcrumb":{"@id":"https:\/\/skaitytaknyga.lt\/en\/produktas\/v-misevicius-juodojo-dzentelmeno-galas-2\/#breadcrumb"},"inLanguage":"en-GB","potentialAction":[{"@type":"ReadAction","target":["https:\/\/skaitytaknyga.lt\/en\/produktas\/v-misevicius-juodojo-dzentelmeno-galas-2\/"]}]},{"@type":"ImageObject","inLanguage":"en-GB","@id":"https:\/\/skaitytaknyga.lt\/en\/produktas\/v-misevicius-juodojo-dzentelmeno-galas-2\/#primaryimage","url":"https:\/\/skaitytaknyga.lt\/wp-content\/uploads\/2024\/04\/Virselis-13.jpg","contentUrl":"https:\/\/skaitytaknyga.lt\/wp-content\/uploads\/2024\/04\/Virselis-13.jpg","width":720,"height":977,"caption":"Virselis 13"},{"@type":"BreadcrumbList","@id":"https:\/\/skaitytaknyga.lt\/en\/produktas\/v-misevicius-juodojo-dzentelmeno-galas-2\/#breadcrumb","itemListElement":[{"@type":"ListItem","position":1,"name":"Home","item":"https:\/\/skaitytaknyga.lt\/"},{"@type":"ListItem","position":2,"name":"Parduotuv\u0117","item":"https:\/\/skaitytaknyga.lt\/knygu-parduotuve\/"},{"@type":"ListItem","position":3,"name":"V. Misevi\u010dius \u201eJuodojo d\u017eentelmeno galas\u201c"}]},{"@type":"WebSite","@id":"https:\/\/skaitytaknyga.lt\/#website","url":"https:\/\/skaitytaknyga.lt\/","name":"skaitytaknyga.lt","description":"Skaitytaknyga.lt \u2013 tai ma\u017eas \u0161eimos verslas, kuris prasid\u0117jo nuo meil\u0117s knygoms ir siekio i\u0161gelb\u0117ti knygas nuo likimo prie konteinerio. Kas vienam nereikalingas daiktas \u2013 kitam lobis, o mes esame tarpininkai, kurie padeda abiems tapti laimingesniems ???? \u017dinome kaip nelengva i\u0161gyventi ma\u017eiems verslams, tad nuo \u0161iol, \u010dia rasite ir kit\u0173, ma\u017e\u0173 \u0161eim\u0173 versl\u0173, rank\u0173 darbo, dovan\u0173 sau ir artimiesiems.","publisher":{"@id":"https:\/\/skaitytaknyga.lt\/#organization"},"potentialAction":[{"@type":"SearchAction","target":{"@type":"EntryPoint","urlTemplate":"https:\/\/skaitytaknyga.lt\/?s={search_term_string}"},"query-input":{"@type":"PropertyValueSpecification","valueRequired":true,"valueName":"search_term_string"}}],"inLanguage":"en-GB"},{"@type":"Organization","@id":"https:\/\/skaitytaknyga.lt\/#organization","name":"skaitytaknyga.lt","url":"https:\/\/skaitytaknyga.lt\/","logo":{"@type":"ImageObject","inLanguage":"en-GB","@id":"https:\/\/skaitytaknyga.lt\/#\/schema\/logo\/image\/","url":"https:\/\/skaitytaknyga.lt\/wp-content\/uploads\/2024\/05\/cropped-cropped-cropped-02_00843_jt3bggkj1j3HLc7SyY6rEUpg.jpeg","contentUrl":"https:\/\/skaitytaknyga.lt\/wp-content\/uploads\/2024\/05\/cropped-cropped-cropped-02_00843_jt3bggkj1j3HLc7SyY6rEUpg.jpeg","width":1600,"height":1600,"caption":"skaitytaknyga.lt"},"image":{"@id":"https:\/\/skaitytaknyga.lt\/#\/schema\/logo\/image\/"},"sameAs":["https:\/\/www.facebook.com\/skaitytaknyga\/"]}]}},"_links":{"self":[{"href":"https:\/\/skaitytaknyga.lt\/en\/wp-json\/wp\/v2\/product\/7704","targetHints":{"allow":["GET"]}}],"collection":[{"href":"https:\/\/skaitytaknyga.lt\/en\/wp-json\/wp\/v2\/product"}],"about":[{"href":"https:\/\/skaitytaknyga.lt\/en\/wp-json\/wp\/v2\/types\/product"}],"replies":[{"embeddable":true,"href":"https:\/\/skaitytaknyga.lt\/en\/wp-json\/wp\/v2\/comments?post=7704"}],"wp:featuredmedia":[{"embeddable":true,"href":"https:\/\/skaitytaknyga.lt\/en\/wp-json\/wp\/v2\/media\/3104"}],"wp:attachment":[{"href":"https:\/\/skaitytaknyga.lt\/en\/wp-json\/wp\/v2\/media?parent=7704"}],"wp:term":[{"taxonomy":"product_brand","embeddable":true,"href":"https:\/\/skaitytaknyga.lt\/en\/wp-json\/wp\/v2\/product_brand?post=7704"},{"taxonomy":"product_cat","embeddable":true,"href":"https:\/\/skaitytaknyga.lt\/en\/wp-json\/wp\/v2\/product_cat?post=7704"},{"taxonomy":"product_tag","embeddable":true,"href":"https:\/\/skaitytaknyga.lt\/en\/wp-json\/wp\/v2\/product_tag?post=7704"}],"curies":[{"name":"wp","href":"https:\/\/api.w.org\/{rel}","templated":true}]}}