{"id":7698,"date":"2024-05-04T14:33:46","date_gmt":"2024-05-04T14:33:46","guid":{"rendered":"https:\/\/skaitytaknyga.lt\/?post_type=product&#038;p=7698"},"modified":"2024-10-29T21:31:03","modified_gmt":"2024-10-29T19:31:03","slug":"astrid-lindgren-ronja-plesiko-dukte-2","status":"publish","type":"product","link":"https:\/\/skaitytaknyga.lt\/en\/produktas\/astrid-lindgren-ronja-plesiko-dukte-2\/","title":{"rendered":"Astrid Lindgren \u201eRonja pl\u0117\u0161iko dukt\u0117\u201c"},"content":{"rendered":"<p>Vaikams skirtame romane \u201eRonja pl\u0117\u0161iko dukt\u0117&#8221; pasakojama apie mergait\u0119, augan\u010di\u0105  girioje esan\u010dioje pilyje, pl\u0117\u0161ik\u0173 apsuptyje. Ronja yra vienintelis pl\u0117\u0161ik\u0173 lyderio Matiso vaikas, tad t\u0117tis tikisi, kad dukra u\u017eaugusi taip pat vadovaus jo suburtai gaujai. Bet vien\u0105 dien\u0105 kitoje kalno pus\u0117je \u012fsikuria nauja galva\u017eud\u017ei\u0173 grupuot\u0117 ir prasideda tarpusavio kova. Ronja auga tik suaugusi\u0173j\u0173 apsuptyje, tad kai vien\u0105 dien\u0105 sutinka Birk\u0105 &#8211; prie\u0161\u0173 gaujos vado s\u016bn\u0173 &#8211; Ronja tiesiog negali nesusipa\u017einti su savo bendraam\u017eiu. Jie tampa draugais. Kur nuves \u0161i slapta draugyst\u0117?  Ir kaip ji paveiks dviej\u0173 kariaujan\u010di\u0173 gauj\u0173 bei j\u0173 vad\u0173 tarpusavio santykius?<\/p>\n<p>Knyga \u201eRonja pl\u0117\u0161iko dukt\u0117&#8221; &#8211; tai nuo\u0161irdi, gra\u017ei istorija apie draugyst\u0119, meil\u0119 ir i\u0161tikimyb\u0119.<\/p>\n","protected":false},"excerpt":{"rendered":"<p>Vaikams skirtame romane \u201eRonja pl\u0117\u0161iko dukt\u0117&#8221; pasakojama apie mergait\u0119, augan\u010di\u0105  girioje esan\u010dioje pilyje, pl\u0117\u0161ik\u0173 apsuptyje. Ronja yra vienintelis pl\u0117\u0161ik\u0173 lyderio Matiso vaikas, tad t\u0117tis tikisi, kad dukra u\u017eaugusi taip pat vadovaus jo suburtai gaujai. Bet vien\u0105 dien\u0105 kitoje kalno pus\u0117je \u012fsikuria nauja galva\u017eud\u017ei\u0173 grupuot\u0117 ir prasideda tarpusavio kova. Ronja auga tik suaugusi\u0173j\u0173 apsuptyje, tad kai vien\u0105 dien\u0105 sutinka Birk\u0105 &#8211; prie\u0161\u0173 gaujos vado s\u016bn\u0173 &#8211; Ronja tiesiog negali nesusipa\u017einti su savo bendraam\u017eiu. Jie tampa draugais. Kur nuves \u0161i slapta draugyst\u0117?  Ir kaip ji paveiks dviej\u0173 kariaujan\u010di\u0173 gauj\u0173 bei j\u0173 vad\u0173 tarpusavio santykius?<\/p>\n<p>Knyga \u201eRonja pl\u0117\u0161iko dukt\u0117&#8221; &#8211; tai nuo\u0161irdi, gra\u017ei istorija apie draugyst\u0119, meil\u0119 ir i\u0161tikimyb\u0119.<\/p>\n","protected":false},"featured_media":3084,"comment_status":"closed","ping_status":"closed","template":"","meta":{"_acf_changed":false,"site-sidebar-layout":"default","site-content-layout":"","ast-site-content-layout":"default","site-content-style":"default","site-sidebar-style":"default","ast-global-header-display":"","ast-banner-title-visibility":"","ast-main-header-display":"","ast-hfb-above-header-display":"","ast-hfb-below-header-display":"","ast-hfb-mobile-header-display":"","site-post-title":"","ast-breadcrumbs-content":"","ast-featured-img":"","footer-sml-layout":"","ast-disable-related-posts":"","theme-transparent-header-meta":"","adv-header-id-meta":"","stick-header-meta":"","header-above-stick-meta":"","header-main-stick-meta":"","header-below-stick-meta":"","astra-migrate-meta-layouts":"default","ast-page-background-enabled":"default","ast-page-background-meta":{"desktop":{"background-color":"","background-image":"","background-repeat":"repeat","background-position":"center center","background-size":"auto","background-attachment":"scroll","background-type":"","background-media":"","overlay-type":"","overlay-color":"","overlay-opacity":"","overlay-gradient":""},"tablet":{"background-color":"","background-image":"","background-repeat":"repeat","background-position":"center center","background-size":"auto","background-attachment":"scroll","background-type":"","background-media":"","overlay-type":"","overlay-color":"","overlay-opacity":"","overlay-gradient":""},"mobile":{"background-color":"","background-image":"","background-repeat":"repeat","background-position":"center center","background-size":"auto","background-attachment":"scroll","background-type":"","background-media":"","overlay-type":"","overlay-color":"","overlay-opacity":"","overlay-gradient":""}},"ast-content-background-meta":{"desktop":{"background-color":"var(--ast-global-color-4)","background-image":"","background-repeat":"repeat","background-position":"center center","background-size":"auto","background-attachment":"scroll","background-type":"","background-media":"","overlay-type":"","overlay-color":"","overlay-opacity":"","overlay-gradient":""},"tablet":{"background-color":"var(--ast-global-color-4)","background-image":"","background-repeat":"repeat","background-position":"center center","background-size":"auto","background-attachment":"scroll","background-type":"","background-media":"","overlay-type":"","overlay-color":"","overlay-opacity":"","overlay-gradient":""},"mobile":{"background-color":"var(--ast-global-color-4)","background-image":"","background-repeat":"repeat","background-position":"center center","background-size":"auto","background-attachment":"scroll","background-type":"","background-media":"","overlay-type":"","overlay-color":"","overlay-opacity":"","overlay-gradient":""}}},"product_brand":[],"product_cat":[331,35],"product_tag":[],"class_list":{"0":"post-7698","1":"product","2":"type-product","3":"status-publish","4":"has-post-thumbnail","6":"product_cat-programine-literatura","7":"product_cat-vaikams-ir-paaugliams","8":"desktop-align-left","9":"tablet-align-left","10":"mobile-align-left","12":"first","13":"outofstock","14":"shipping-taxable","15":"purchasable","16":"product-type-simple"},"acf":[],"yoast_head":"<!-- This site is optimized with the Yoast SEO plugin v27.4 - https:\/\/yoast.com\/product\/yoast-seo-wordpress\/ -->\n<title>Astrid Lindgren \u201eRonja pl\u0117\u0161iko dukt\u0117\u201c - Skaitytaknyga<\/title>\n<meta name=\"description\" content=\"Vaikams skirtame romane \u201eRonja pl\u0117\u0161iko dukt\u0117&quot; pasakojama apie mergait\u0119, augan\u010di\u0105 girioje esan\u010dioje pilyje, pl\u0117\u0161ik\u0173 apsuptyje. Ronja yra vienintelis pl\u0117\u0161ik\u0173 lyderio Matiso vaikas, tad t\u0117tis tikisi, kad dukra u\u017eaugusi taip pat vadovaus jo suburtai gaujai. Bet vien\u0105 dien\u0105 kitoje kalno pus\u0117je \u012fsikuria nauja galva\u017eud\u017ei\u0173 grupuot\u0117 ir prasideda tarpusavio kova. Ronja auga tik suaugusi\u0173j\u0173 apsuptyje, tad kai vien\u0105 dien\u0105 sutinka Birk\u0105 - prie\u0161\u0173 gaujos vado s\u016bn\u0173 - Ronja tiesiog negali nesusipa\u017einti su savo bendraam\u017eiu. Jie tampa draugais. Kur nuves \u0161i slapta draugyst\u0117? Ir kaip ji paveiks dviej\u0173 kariaujan\u010di\u0173 gauj\u0173 bei j\u0173 vad\u0173 tarpusavio santykius?  Knyga \u201eRonja pl\u0117\u0161iko dukt\u0117&quot; - tai nuo\u0161irdi, gra\u017ei istorija apie draugyst\u0119, meil\u0119 ir i\u0161tikimyb\u0119.\" \/>\n<meta name=\"robots\" content=\"index, follow, max-snippet:-1, max-image-preview:large, max-video-preview:-1\" \/>\n<link rel=\"canonical\" href=\"https:\/\/skaitytaknyga.lt\/en\/produktas\/astrid-lindgren-ronja-plesiko-dukte-2\/\" \/>\n<meta property=\"og:locale\" content=\"en_GB\" \/>\n<meta property=\"og:locale:alternate\" content=\"lt_LT\" \/>\n<meta property=\"og:type\" content=\"article\" \/>\n<meta property=\"og:title\" content=\"Astrid Lindgren \u201eRonja pl\u0117\u0161iko dukt\u0117\u201c - Skaitytaknyga\" \/>\n<meta property=\"og:description\" content=\"Vaikams skirtame romane \u201eRonja pl\u0117\u0161iko dukt\u0117&quot; pasakojama apie mergait\u0119, augan\u010di\u0105 girioje esan\u010dioje pilyje, pl\u0117\u0161ik\u0173 apsuptyje. Ronja yra vienintelis pl\u0117\u0161ik\u0173 lyderio Matiso vaikas, tad t\u0117tis tikisi, kad dukra u\u017eaugusi taip pat vadovaus jo suburtai gaujai. Bet vien\u0105 dien\u0105 kitoje kalno pus\u0117je \u012fsikuria nauja galva\u017eud\u017ei\u0173 grupuot\u0117 ir prasideda tarpusavio kova. Ronja auga tik suaugusi\u0173j\u0173 apsuptyje, tad kai vien\u0105 dien\u0105 sutinka Birk\u0105 - prie\u0161\u0173 gaujos vado s\u016bn\u0173 - Ronja tiesiog negali nesusipa\u017einti su savo bendraam\u017eiu. Jie tampa draugais. Kur nuves \u0161i slapta draugyst\u0117? Ir kaip ji paveiks dviej\u0173 kariaujan\u010di\u0173 gauj\u0173 bei j\u0173 vad\u0173 tarpusavio santykius?  Knyga \u201eRonja pl\u0117\u0161iko dukt\u0117&quot; - tai nuo\u0161irdi, gra\u017ei istorija apie draugyst\u0119, meil\u0119 ir i\u0161tikimyb\u0119.\" \/>\n<meta property=\"og:url\" content=\"https:\/\/skaitytaknyga.lt\/en\/produktas\/astrid-lindgren-ronja-plesiko-dukte-2\/\" \/>\n<meta property=\"og:site_name\" content=\"Skaitytaknyga\" \/>\n<meta property=\"article:publisher\" content=\"https:\/\/www.facebook.com\/skaitytaknyga\/\" \/>\n<meta property=\"article:modified_time\" content=\"2024-10-29T19:31:03+00:00\" \/>\n<meta property=\"og:image\" content=\"https:\/\/skaitytaknyga.lt\/wp-content\/uploads\/2024\/04\/000000000001108719-59de80a767f5d-asset-knyguklubas-cdb_ronja-plesiko-dukte_p1.jpg\" \/>\n\t<meta property=\"og:image:width\" content=\"285\" \/>\n\t<meta property=\"og:image:height\" content=\"444\" \/>\n\t<meta property=\"og:image:type\" content=\"image\/jpeg\" \/>\n<meta name=\"twitter:card\" content=\"summary_large_image\" \/>\n<meta name=\"twitter:label1\" content=\"Estimated reading time\" \/>\n\t<meta name=\"twitter:data1\" content=\"1 minute\" \/>\n<script type=\"application\/ld+json\" class=\"yoast-schema-graph\">{\"@context\":\"https:\\\/\\\/schema.org\",\"@graph\":[{\"@type\":\"WebPage\",\"@id\":\"https:\\\/\\\/skaitytaknyga.lt\\\/produktas\\\/astrid-lindgren-ronja-plesiko-dukte-2\\\/\",\"url\":\"https:\\\/\\\/skaitytaknyga.lt\\\/produktas\\\/astrid-lindgren-ronja-plesiko-dukte-2\\\/\",\"name\":\"Astrid Lindgren \u201eRonja pl\u0117\u0161iko dukt\u0117\u201c - Skaitytaknyga\",\"isPartOf\":{\"@id\":\"https:\\\/\\\/skaitytaknyga.lt\\\/#website\"},\"primaryImageOfPage\":{\"@id\":\"https:\\\/\\\/skaitytaknyga.lt\\\/produktas\\\/astrid-lindgren-ronja-plesiko-dukte-2\\\/#primaryimage\"},\"image\":{\"@id\":\"https:\\\/\\\/skaitytaknyga.lt\\\/produktas\\\/astrid-lindgren-ronja-plesiko-dukte-2\\\/#primaryimage\"},\"thumbnailUrl\":\"https:\\\/\\\/skaitytaknyga.lt\\\/wp-content\\\/uploads\\\/2024\\\/04\\\/000000000001108719-59de80a767f5d-asset-knyguklubas-cdb_ronja-plesiko-dukte_p1.jpg\",\"datePublished\":\"2024-05-04T14:33:46+00:00\",\"dateModified\":\"2024-10-29T19:31:03+00:00\",\"description\":\"Vaikams skirtame romane \u201eRonja pl\u0117\u0161iko dukt\u0117\\\" pasakojama apie mergait\u0119, augan\u010di\u0105 girioje esan\u010dioje pilyje, pl\u0117\u0161ik\u0173 apsuptyje. Ronja yra vienintelis pl\u0117\u0161ik\u0173 lyderio Matiso vaikas, tad t\u0117tis tikisi, kad dukra u\u017eaugusi taip pat vadovaus jo suburtai gaujai. Bet vien\u0105 dien\u0105 kitoje kalno pus\u0117je \u012fsikuria nauja galva\u017eud\u017ei\u0173 grupuot\u0117 ir prasideda tarpusavio kova. Ronja auga tik suaugusi\u0173j\u0173 apsuptyje, tad kai vien\u0105 dien\u0105 sutinka Birk\u0105 - prie\u0161\u0173 gaujos vado s\u016bn\u0173 - Ronja tiesiog negali nesusipa\u017einti su savo bendraam\u017eiu. Jie tampa draugais. Kur nuves \u0161i slapta draugyst\u0117? Ir kaip ji paveiks dviej\u0173 kariaujan\u010di\u0173 gauj\u0173 bei j\u0173 vad\u0173 tarpusavio santykius? Knyga \u201eRonja pl\u0117\u0161iko dukt\u0117\\\" - tai nuo\u0161irdi, gra\u017ei istorija apie draugyst\u0119, meil\u0119 ir i\u0161tikimyb\u0119.\",\"breadcrumb\":{\"@id\":\"https:\\\/\\\/skaitytaknyga.lt\\\/produktas\\\/astrid-lindgren-ronja-plesiko-dukte-2\\\/#breadcrumb\"},\"inLanguage\":\"en-GB\",\"potentialAction\":[{\"@type\":\"ReadAction\",\"target\":[\"https:\\\/\\\/skaitytaknyga.lt\\\/produktas\\\/astrid-lindgren-ronja-plesiko-dukte-2\\\/\"]}]},{\"@type\":\"ImageObject\",\"inLanguage\":\"en-GB\",\"@id\":\"https:\\\/\\\/skaitytaknyga.lt\\\/produktas\\\/astrid-lindgren-ronja-plesiko-dukte-2\\\/#primaryimage\",\"url\":\"https:\\\/\\\/skaitytaknyga.lt\\\/wp-content\\\/uploads\\\/2024\\\/04\\\/000000000001108719-59de80a767f5d-asset-knyguklubas-cdb_ronja-plesiko-dukte_p1.jpg\",\"contentUrl\":\"https:\\\/\\\/skaitytaknyga.lt\\\/wp-content\\\/uploads\\\/2024\\\/04\\\/000000000001108719-59de80a767f5d-asset-knyguklubas-cdb_ronja-plesiko-dukte_p1.jpg\",\"width\":285,\"height\":444,\"caption\":\"000000000001108719 59de80a767f5d asset knyguklubas cdb ronja plesiko dukte p1\"},{\"@type\":\"BreadcrumbList\",\"@id\":\"https:\\\/\\\/skaitytaknyga.lt\\\/produktas\\\/astrid-lindgren-ronja-plesiko-dukte-2\\\/#breadcrumb\",\"itemListElement\":[{\"@type\":\"ListItem\",\"position\":1,\"name\":\"Home\",\"item\":\"https:\\\/\\\/skaitytaknyga.lt\\\/\"},{\"@type\":\"ListItem\",\"position\":2,\"name\":\"Parduotuv\u0117\",\"item\":\"https:\\\/\\\/skaitytaknyga.lt\\\/knygu-parduotuve\\\/\"},{\"@type\":\"ListItem\",\"position\":3,\"name\":\"Astrid Lindgren \u201eRonja pl\u0117\u0161iko dukt\u0117\u201c\"}]},{\"@type\":\"WebSite\",\"@id\":\"https:\\\/\\\/skaitytaknyga.lt\\\/#website\",\"url\":\"https:\\\/\\\/skaitytaknyga.lt\\\/\",\"name\":\"skaitytaknyga.lt\",\"description\":\"Skaitytaknyga.lt \u2013 tai ma\u017eas \u0161eimos verslas, kuris prasid\u0117jo nuo meil\u0117s knygoms ir siekio i\u0161gelb\u0117ti knygas nuo likimo prie konteinerio. Kas vienam nereikalingas daiktas \u2013 kitam lobis, o mes esame tarpininkai, kurie padeda abiems tapti laimingesniems ???? \u017dinome kaip nelengva i\u0161gyventi ma\u017eiems verslams, tad nuo \u0161iol, \u010dia rasite ir kit\u0173, ma\u017e\u0173 \u0161eim\u0173 versl\u0173, rank\u0173 darbo, dovan\u0173 sau ir artimiesiems.\",\"publisher\":{\"@id\":\"https:\\\/\\\/skaitytaknyga.lt\\\/#organization\"},\"potentialAction\":[{\"@type\":\"SearchAction\",\"target\":{\"@type\":\"EntryPoint\",\"urlTemplate\":\"https:\\\/\\\/skaitytaknyga.lt\\\/?s={search_term_string}\"},\"query-input\":{\"@type\":\"PropertyValueSpecification\",\"valueRequired\":true,\"valueName\":\"search_term_string\"}}],\"inLanguage\":\"en-GB\"},{\"@type\":\"Organization\",\"@id\":\"https:\\\/\\\/skaitytaknyga.lt\\\/#organization\",\"name\":\"skaitytaknyga.lt\",\"url\":\"https:\\\/\\\/skaitytaknyga.lt\\\/\",\"logo\":{\"@type\":\"ImageObject\",\"inLanguage\":\"en-GB\",\"@id\":\"https:\\\/\\\/skaitytaknyga.lt\\\/#\\\/schema\\\/logo\\\/image\\\/\",\"url\":\"https:\\\/\\\/skaitytaknyga.lt\\\/wp-content\\\/uploads\\\/2024\\\/05\\\/cropped-cropped-cropped-02_00843_jt3bggkj1j3HLc7SyY6rEUpg.jpeg\",\"contentUrl\":\"https:\\\/\\\/skaitytaknyga.lt\\\/wp-content\\\/uploads\\\/2024\\\/05\\\/cropped-cropped-cropped-02_00843_jt3bggkj1j3HLc7SyY6rEUpg.jpeg\",\"width\":1600,\"height\":1600,\"caption\":\"skaitytaknyga.lt\"},\"image\":{\"@id\":\"https:\\\/\\\/skaitytaknyga.lt\\\/#\\\/schema\\\/logo\\\/image\\\/\"},\"sameAs\":[\"https:\\\/\\\/www.facebook.com\\\/skaitytaknyga\\\/\"]}]}<\/script>\n<!-- \/ Yoast SEO plugin. -->","yoast_head_json":{"title":"Astrid Lindgren \u201eRonja pl\u0117\u0161iko dukt\u0117\u201c - Skaitytaknyga","description":"Vaikams skirtame romane \u201eRonja pl\u0117\u0161iko dukt\u0117\" pasakojama apie mergait\u0119, augan\u010di\u0105 girioje esan\u010dioje pilyje, pl\u0117\u0161ik\u0173 apsuptyje. Ronja yra vienintelis pl\u0117\u0161ik\u0173 lyderio Matiso vaikas, tad t\u0117tis tikisi, kad dukra u\u017eaugusi taip pat vadovaus jo suburtai gaujai. Bet vien\u0105 dien\u0105 kitoje kalno pus\u0117je \u012fsikuria nauja galva\u017eud\u017ei\u0173 grupuot\u0117 ir prasideda tarpusavio kova. Ronja auga tik suaugusi\u0173j\u0173 apsuptyje, tad kai vien\u0105 dien\u0105 sutinka Birk\u0105 - prie\u0161\u0173 gaujos vado s\u016bn\u0173 - Ronja tiesiog negali nesusipa\u017einti su savo bendraam\u017eiu. Jie tampa draugais. Kur nuves \u0161i slapta draugyst\u0117? Ir kaip ji paveiks dviej\u0173 kariaujan\u010di\u0173 gauj\u0173 bei j\u0173 vad\u0173 tarpusavio santykius?  Knyga \u201eRonja pl\u0117\u0161iko dukt\u0117\" - tai nuo\u0161irdi, gra\u017ei istorija apie draugyst\u0119, meil\u0119 ir i\u0161tikimyb\u0119.","robots":{"index":"index","follow":"follow","max-snippet":"max-snippet:-1","max-image-preview":"max-image-preview:large","max-video-preview":"max-video-preview:-1"},"canonical":"https:\/\/skaitytaknyga.lt\/en\/produktas\/astrid-lindgren-ronja-plesiko-dukte-2\/","og_locale":"en_GB","og_type":"article","og_title":"Astrid Lindgren \u201eRonja pl\u0117\u0161iko dukt\u0117\u201c - Skaitytaknyga","og_description":"Vaikams skirtame romane \u201eRonja pl\u0117\u0161iko dukt\u0117\" pasakojama apie mergait\u0119, augan\u010di\u0105 girioje esan\u010dioje pilyje, pl\u0117\u0161ik\u0173 apsuptyje. Ronja yra vienintelis pl\u0117\u0161ik\u0173 lyderio Matiso vaikas, tad t\u0117tis tikisi, kad dukra u\u017eaugusi taip pat vadovaus jo suburtai gaujai. Bet vien\u0105 dien\u0105 kitoje kalno pus\u0117je \u012fsikuria nauja galva\u017eud\u017ei\u0173 grupuot\u0117 ir prasideda tarpusavio kova. Ronja auga tik suaugusi\u0173j\u0173 apsuptyje, tad kai vien\u0105 dien\u0105 sutinka Birk\u0105 - prie\u0161\u0173 gaujos vado s\u016bn\u0173 - Ronja tiesiog negali nesusipa\u017einti su savo bendraam\u017eiu. Jie tampa draugais. Kur nuves \u0161i slapta draugyst\u0117? Ir kaip ji paveiks dviej\u0173 kariaujan\u010di\u0173 gauj\u0173 bei j\u0173 vad\u0173 tarpusavio santykius?  Knyga \u201eRonja pl\u0117\u0161iko dukt\u0117\" - tai nuo\u0161irdi, gra\u017ei istorija apie draugyst\u0119, meil\u0119 ir i\u0161tikimyb\u0119.","og_url":"https:\/\/skaitytaknyga.lt\/en\/produktas\/astrid-lindgren-ronja-plesiko-dukte-2\/","og_site_name":"Skaitytaknyga","article_publisher":"https:\/\/www.facebook.com\/skaitytaknyga\/","article_modified_time":"2024-10-29T19:31:03+00:00","og_image":[{"width":285,"height":444,"url":"https:\/\/skaitytaknyga.lt\/wp-content\/uploads\/2024\/04\/000000000001108719-59de80a767f5d-asset-knyguklubas-cdb_ronja-plesiko-dukte_p1.jpg","type":"image\/jpeg"}],"twitter_card":"summary_large_image","twitter_misc":{"Estimated reading time":"1 minute"},"schema":{"@context":"https:\/\/schema.org","@graph":[{"@type":"WebPage","@id":"https:\/\/skaitytaknyga.lt\/produktas\/astrid-lindgren-ronja-plesiko-dukte-2\/","url":"https:\/\/skaitytaknyga.lt\/produktas\/astrid-lindgren-ronja-plesiko-dukte-2\/","name":"Astrid Lindgren \u201eRonja pl\u0117\u0161iko dukt\u0117\u201c - Skaitytaknyga","isPartOf":{"@id":"https:\/\/skaitytaknyga.lt\/#website"},"primaryImageOfPage":{"@id":"https:\/\/skaitytaknyga.lt\/produktas\/astrid-lindgren-ronja-plesiko-dukte-2\/#primaryimage"},"image":{"@id":"https:\/\/skaitytaknyga.lt\/produktas\/astrid-lindgren-ronja-plesiko-dukte-2\/#primaryimage"},"thumbnailUrl":"https:\/\/skaitytaknyga.lt\/wp-content\/uploads\/2024\/04\/000000000001108719-59de80a767f5d-asset-knyguklubas-cdb_ronja-plesiko-dukte_p1.jpg","datePublished":"2024-05-04T14:33:46+00:00","dateModified":"2024-10-29T19:31:03+00:00","description":"Vaikams skirtame romane \u201eRonja pl\u0117\u0161iko dukt\u0117\" pasakojama apie mergait\u0119, augan\u010di\u0105 girioje esan\u010dioje pilyje, pl\u0117\u0161ik\u0173 apsuptyje. Ronja yra vienintelis pl\u0117\u0161ik\u0173 lyderio Matiso vaikas, tad t\u0117tis tikisi, kad dukra u\u017eaugusi taip pat vadovaus jo suburtai gaujai. Bet vien\u0105 dien\u0105 kitoje kalno pus\u0117je \u012fsikuria nauja galva\u017eud\u017ei\u0173 grupuot\u0117 ir prasideda tarpusavio kova. Ronja auga tik suaugusi\u0173j\u0173 apsuptyje, tad kai vien\u0105 dien\u0105 sutinka Birk\u0105 - prie\u0161\u0173 gaujos vado s\u016bn\u0173 - Ronja tiesiog negali nesusipa\u017einti su savo bendraam\u017eiu. Jie tampa draugais. Kur nuves \u0161i slapta draugyst\u0117? Ir kaip ji paveiks dviej\u0173 kariaujan\u010di\u0173 gauj\u0173 bei j\u0173 vad\u0173 tarpusavio santykius? Knyga \u201eRonja pl\u0117\u0161iko dukt\u0117\" - tai nuo\u0161irdi, gra\u017ei istorija apie draugyst\u0119, meil\u0119 ir i\u0161tikimyb\u0119.","breadcrumb":{"@id":"https:\/\/skaitytaknyga.lt\/produktas\/astrid-lindgren-ronja-plesiko-dukte-2\/#breadcrumb"},"inLanguage":"en-GB","potentialAction":[{"@type":"ReadAction","target":["https:\/\/skaitytaknyga.lt\/produktas\/astrid-lindgren-ronja-plesiko-dukte-2\/"]}]},{"@type":"ImageObject","inLanguage":"en-GB","@id":"https:\/\/skaitytaknyga.lt\/produktas\/astrid-lindgren-ronja-plesiko-dukte-2\/#primaryimage","url":"https:\/\/skaitytaknyga.lt\/wp-content\/uploads\/2024\/04\/000000000001108719-59de80a767f5d-asset-knyguklubas-cdb_ronja-plesiko-dukte_p1.jpg","contentUrl":"https:\/\/skaitytaknyga.lt\/wp-content\/uploads\/2024\/04\/000000000001108719-59de80a767f5d-asset-knyguklubas-cdb_ronja-plesiko-dukte_p1.jpg","width":285,"height":444,"caption":"000000000001108719 59de80a767f5d asset knyguklubas cdb ronja plesiko dukte p1"},{"@type":"BreadcrumbList","@id":"https:\/\/skaitytaknyga.lt\/produktas\/astrid-lindgren-ronja-plesiko-dukte-2\/#breadcrumb","itemListElement":[{"@type":"ListItem","position":1,"name":"Home","item":"https:\/\/skaitytaknyga.lt\/"},{"@type":"ListItem","position":2,"name":"Parduotuv\u0117","item":"https:\/\/skaitytaknyga.lt\/knygu-parduotuve\/"},{"@type":"ListItem","position":3,"name":"Astrid Lindgren \u201eRonja pl\u0117\u0161iko dukt\u0117\u201c"}]},{"@type":"WebSite","@id":"https:\/\/skaitytaknyga.lt\/#website","url":"https:\/\/skaitytaknyga.lt\/","name":"skaitytaknyga.lt","description":"Skaitytaknyga.lt \u2013 tai ma\u017eas \u0161eimos verslas, kuris prasid\u0117jo nuo meil\u0117s knygoms ir siekio i\u0161gelb\u0117ti knygas nuo likimo prie konteinerio. Kas vienam nereikalingas daiktas \u2013 kitam lobis, o mes esame tarpininkai, kurie padeda abiems tapti laimingesniems ???? \u017dinome kaip nelengva i\u0161gyventi ma\u017eiems verslams, tad nuo \u0161iol, \u010dia rasite ir kit\u0173, ma\u017e\u0173 \u0161eim\u0173 versl\u0173, rank\u0173 darbo, dovan\u0173 sau ir artimiesiems.","publisher":{"@id":"https:\/\/skaitytaknyga.lt\/#organization"},"potentialAction":[{"@type":"SearchAction","target":{"@type":"EntryPoint","urlTemplate":"https:\/\/skaitytaknyga.lt\/?s={search_term_string}"},"query-input":{"@type":"PropertyValueSpecification","valueRequired":true,"valueName":"search_term_string"}}],"inLanguage":"en-GB"},{"@type":"Organization","@id":"https:\/\/skaitytaknyga.lt\/#organization","name":"skaitytaknyga.lt","url":"https:\/\/skaitytaknyga.lt\/","logo":{"@type":"ImageObject","inLanguage":"en-GB","@id":"https:\/\/skaitytaknyga.lt\/#\/schema\/logo\/image\/","url":"https:\/\/skaitytaknyga.lt\/wp-content\/uploads\/2024\/05\/cropped-cropped-cropped-02_00843_jt3bggkj1j3HLc7SyY6rEUpg.jpeg","contentUrl":"https:\/\/skaitytaknyga.lt\/wp-content\/uploads\/2024\/05\/cropped-cropped-cropped-02_00843_jt3bggkj1j3HLc7SyY6rEUpg.jpeg","width":1600,"height":1600,"caption":"skaitytaknyga.lt"},"image":{"@id":"https:\/\/skaitytaknyga.lt\/#\/schema\/logo\/image\/"},"sameAs":["https:\/\/www.facebook.com\/skaitytaknyga\/"]}]}},"_links":{"self":[{"href":"https:\/\/skaitytaknyga.lt\/en\/wp-json\/wp\/v2\/product\/7698","targetHints":{"allow":["GET"]}}],"collection":[{"href":"https:\/\/skaitytaknyga.lt\/en\/wp-json\/wp\/v2\/product"}],"about":[{"href":"https:\/\/skaitytaknyga.lt\/en\/wp-json\/wp\/v2\/types\/product"}],"replies":[{"embeddable":true,"href":"https:\/\/skaitytaknyga.lt\/en\/wp-json\/wp\/v2\/comments?post=7698"}],"wp:featuredmedia":[{"embeddable":true,"href":"https:\/\/skaitytaknyga.lt\/en\/wp-json\/wp\/v2\/media\/3084"}],"wp:attachment":[{"href":"https:\/\/skaitytaknyga.lt\/en\/wp-json\/wp\/v2\/media?parent=7698"}],"wp:term":[{"taxonomy":"product_brand","embeddable":true,"href":"https:\/\/skaitytaknyga.lt\/en\/wp-json\/wp\/v2\/product_brand?post=7698"},{"taxonomy":"product_cat","embeddable":true,"href":"https:\/\/skaitytaknyga.lt\/en\/wp-json\/wp\/v2\/product_cat?post=7698"},{"taxonomy":"product_tag","embeddable":true,"href":"https:\/\/skaitytaknyga.lt\/en\/wp-json\/wp\/v2\/product_tag?post=7698"}],"curies":[{"name":"wp","href":"https:\/\/api.w.org\/{rel}","templated":true}]}}