{"id":7697,"date":"2024-05-04T14:33:46","date_gmt":"2024-05-04T14:33:46","guid":{"rendered":"https:\/\/skaitytaknyga.lt\/?post_type=product&#038;p=7697"},"modified":"2024-05-04T14:34:02","modified_gmt":"2024-05-04T14:34:02","slug":"sarah-lean-suo-vardu-benamis-2","status":"publish","type":"product","link":"https:\/\/skaitytaknyga.lt\/en\/produktas\/sarah-lean-suo-vardu-benamis-2\/","title":{"rendered":"Sarah Lean \u201e\u0160uo vardu Benamis\u201c"},"content":{"rendered":"<p>O, kad \u0161unys gal\u0117t\u0173 kalb\u0117ti!<br \/>\nTada pasakyt\u0173 visiems, kad ir jis mato mam\u0105.<\/p>\n<p>Nuo to laiko, kai mamos neb\u0117ra, Kel\u0117s gyvenimas pasikeit\u0117. Be jos namai tu\u0161ti ir atrodo, kad niekuomet nebebus taip linksma kaip anks\u010diau. Ta\u010diau vien\u0105 dien\u0105 mama pasirodo Kelei. Ir ne viena, o su did\u017eiuliu sidabri\u0161kai pilku \u0161unimi. Jis \u0161uoliais \u012fsiver\u017eia \u012f Kel\u0117s pasaul\u012f ir apver\u010dia j\u012f auk\u0161tyn kojomis \u2013 paslaptingi \u012fvykiai nu\u0161vie\u010dia mergait\u0117s gyvenim\u0105 naujomis spalvomis. Kai jis pasirodo, prasideda Kel\u0117s draugyst\u0117 su kur\u010dnebyliu berniuku Semu ir benamiu D\u017eedu, kuris \u017eino kur kas daugiau, nei i\u0161 pirmo \u017evilgsnio gali atrodyti, ir netik\u0117tai gr\u0105\u017eina d\u017eiuges\u012f \u012f mergait\u0117s namus.<\/p>\n<p>Tai pirmasis brit\u0173 autor\u0117s Sarah&#8217;os Lean k\u016brinys apie ilges\u012f, meil\u0119 ir tikr\u0105 draugyst\u0119, besiskleid\u017eian\u010di\u0105 ten, kur ma\u017eiausiai tikiesi. Knygos puslapiais skaitytoj\u0105 lydi dailinink\u0117s Linos Eitmantyt\u0117s-Valu\u017eien\u0117s pavaizduotas airi\u0173 vilkogaudis.<\/p>\n","protected":false},"excerpt":{"rendered":"<p>O, kad \u0161unys gal\u0117t\u0173 kalb\u0117ti!<br \/>\nTada pasakyt\u0173 visiems, kad ir jis mato mam\u0105.<\/p>\n<p>Nuo to laiko, kai mamos neb\u0117ra, Kel\u0117s gyvenimas pasikeit\u0117. Be jos namai tu\u0161ti ir atrodo, kad niekuomet nebebus taip linksma kaip anks\u010diau. Ta\u010diau vien\u0105 dien\u0105 mama pasirodo Kelei. Ir ne viena, o su did\u017eiuliu sidabri\u0161kai pilku \u0161unimi. Jis \u0161uoliais \u012fsiver\u017eia \u012f Kel\u0117s pasaul\u012f ir apver\u010dia j\u012f auk\u0161tyn kojomis \u2013 paslaptingi \u012fvykiai nu\u0161vie\u010dia mergait\u0117s gyvenim\u0105 naujomis spalvomis. Kai jis pasirodo, prasideda Kel\u0117s draugyst\u0117 su kur\u010dnebyliu berniuku Semu ir benamiu D\u017eedu, kuris \u017eino kur kas daugiau, nei i\u0161 pirmo \u017evilgsnio gali atrodyti, ir netik\u0117tai gr\u0105\u017eina d\u017eiuges\u012f \u012f mergait\u0117s namus.<\/p>\n<p>Tai pirmasis brit\u0173 autor\u0117s Sarah&#8217;os Lean k\u016brinys apie ilges\u012f, meil\u0119 ir tikr\u0105 draugyst\u0119, besiskleid\u017eian\u010di\u0105 ten, kur ma\u017eiausiai tikiesi. Knygos puslapiais skaitytoj\u0105 lydi dailinink\u0117s Linos Eitmantyt\u0117s-Valu\u017eien\u0117s pavaizduotas airi\u0173 vilkogaudis.<\/p>\n","protected":false},"featured_media":3083,"comment_status":"closed","ping_status":"closed","template":"","meta":{"_acf_changed":false,"site-sidebar-layout":"default","site-content-layout":"","ast-site-content-layout":"default","site-content-style":"default","site-sidebar-style":"default","ast-global-header-display":"","ast-banner-title-visibility":"","ast-main-header-display":"","ast-hfb-above-header-display":"","ast-hfb-below-header-display":"","ast-hfb-mobile-header-display":"","site-post-title":"","ast-breadcrumbs-content":"","ast-featured-img":"","footer-sml-layout":"","ast-disable-related-posts":"","theme-transparent-header-meta":"","adv-header-id-meta":"","stick-header-meta":"","header-above-stick-meta":"","header-main-stick-meta":"","header-below-stick-meta":"","astra-migrate-meta-layouts":"default","ast-page-background-enabled":"default","ast-page-background-meta":{"desktop":{"background-color":"","background-image":"","background-repeat":"repeat","background-position":"center center","background-size":"auto","background-attachment":"scroll","background-type":"","background-media":"","overlay-type":"","overlay-color":"","overlay-opacity":"","overlay-gradient":""},"tablet":{"background-color":"","background-image":"","background-repeat":"repeat","background-position":"center center","background-size":"auto","background-attachment":"scroll","background-type":"","background-media":"","overlay-type":"","overlay-color":"","overlay-opacity":"","overlay-gradient":""},"mobile":{"background-color":"","background-image":"","background-repeat":"repeat","background-position":"center center","background-size":"auto","background-attachment":"scroll","background-type":"","background-media":"","overlay-type":"","overlay-color":"","overlay-opacity":"","overlay-gradient":""}},"ast-content-background-meta":{"desktop":{"background-color":"var(--ast-global-color-4)","background-image":"","background-repeat":"repeat","background-position":"center center","background-size":"auto","background-attachment":"scroll","background-type":"","background-media":"","overlay-type":"","overlay-color":"","overlay-opacity":"","overlay-gradient":""},"tablet":{"background-color":"var(--ast-global-color-4)","background-image":"","background-repeat":"repeat","background-position":"center center","background-size":"auto","background-attachment":"scroll","background-type":"","background-media":"","overlay-type":"","overlay-color":"","overlay-opacity":"","overlay-gradient":""},"mobile":{"background-color":"var(--ast-global-color-4)","background-image":"","background-repeat":"repeat","background-position":"center center","background-size":"auto","background-attachment":"scroll","background-type":"","background-media":"","overlay-type":"","overlay-color":"","overlay-opacity":"","overlay-gradient":""}}},"product_brand":[],"product_cat":[35],"product_tag":[],"class_list":{"0":"post-7697","1":"product","2":"type-product","3":"status-publish","4":"has-post-thumbnail","6":"product_cat-vaikams-ir-paaugliams","7":"desktop-align-left","8":"tablet-align-left","9":"mobile-align-left","11":"first","12":"outofstock","13":"shipping-taxable","14":"purchasable","15":"product-type-simple"},"acf":[],"yoast_head":"<!-- This site is optimized with the Yoast SEO plugin v27.4 - https:\/\/yoast.com\/product\/yoast-seo-wordpress\/ -->\n<title>Sarah Lean \u201e\u0160uo vardu Benamis\u201c - Skaitytaknyga<\/title>\n<meta name=\"description\" content=\"O, kad \u0161unys gal\u0117t\u0173 kalb\u0117ti! Tada pasakyt\u0173 visiems, kad ir jis mato mam\u0105.  Nuo to laiko, kai mamos neb\u0117ra, Kel\u0117s gyvenimas pasikeit\u0117. Be jos namai tu\u0161ti ir atrodo, kad niekuomet nebebus taip linksma kaip anks\u010diau. Ta\u010diau vien\u0105 dien\u0105 mama pasirodo Kelei. Ir ne viena, o su did\u017eiuliu sidabri\u0161kai pilku \u0161unimi. Jis \u0161uoliais \u012fsiver\u017eia \u012f Kel\u0117s pasaul\u012f ir apver\u010dia j\u012f auk\u0161tyn kojomis \u2013 paslaptingi \u012fvykiai nu\u0161vie\u010dia mergait\u0117s gyvenim\u0105 naujomis spalvomis. Kai jis pasirodo, prasideda Kel\u0117s draugyst\u0117 su kur\u010dnebyliu berniuku Semu ir benamiu D\u017eedu, kuris \u017eino kur kas daugiau, nei i\u0161 pirmo \u017evilgsnio gali atrodyti, ir netik\u0117tai gr\u0105\u017eina d\u017eiuges\u012f \u012f mergait\u0117s namus.  Tai pirmasis brit\u0173 autor\u0117s Sarah&#039;os Lean k\u016brinys apie ilges\u012f, meil\u0119 ir tikr\u0105 draugyst\u0119, besiskleid\u017eian\u010di\u0105 ten, kur ma\u017eiausiai tikiesi. Knygos puslapiais skaitytoj\u0105 lydi dailinink\u0117s Linos Eitmantyt\u0117s-Valu\u017eien\u0117s pavaizduotas airi\u0173 vilkogaudis.\" \/>\n<meta name=\"robots\" content=\"index, follow, max-snippet:-1, max-image-preview:large, max-video-preview:-1\" \/>\n<link rel=\"canonical\" href=\"https:\/\/skaitytaknyga.lt\/en\/produktas\/sarah-lean-suo-vardu-benamis-2\/\" \/>\n<meta property=\"og:locale\" content=\"en_GB\" \/>\n<meta property=\"og:locale:alternate\" content=\"lt_LT\" \/>\n<meta property=\"og:type\" content=\"article\" \/>\n<meta property=\"og:title\" content=\"Sarah Lean \u201e\u0160uo vardu Benamis\u201c - Skaitytaknyga\" \/>\n<meta property=\"og:description\" content=\"O, kad \u0161unys gal\u0117t\u0173 kalb\u0117ti! Tada pasakyt\u0173 visiems, kad ir jis mato mam\u0105.  Nuo to laiko, kai mamos neb\u0117ra, Kel\u0117s gyvenimas pasikeit\u0117. Be jos namai tu\u0161ti ir atrodo, kad niekuomet nebebus taip linksma kaip anks\u010diau. Ta\u010diau vien\u0105 dien\u0105 mama pasirodo Kelei. Ir ne viena, o su did\u017eiuliu sidabri\u0161kai pilku \u0161unimi. Jis \u0161uoliais \u012fsiver\u017eia \u012f Kel\u0117s pasaul\u012f ir apver\u010dia j\u012f auk\u0161tyn kojomis \u2013 paslaptingi \u012fvykiai nu\u0161vie\u010dia mergait\u0117s gyvenim\u0105 naujomis spalvomis. Kai jis pasirodo, prasideda Kel\u0117s draugyst\u0117 su kur\u010dnebyliu berniuku Semu ir benamiu D\u017eedu, kuris \u017eino kur kas daugiau, nei i\u0161 pirmo \u017evilgsnio gali atrodyti, ir netik\u0117tai gr\u0105\u017eina d\u017eiuges\u012f \u012f mergait\u0117s namus.  Tai pirmasis brit\u0173 autor\u0117s Sarah&#039;os Lean k\u016brinys apie ilges\u012f, meil\u0119 ir tikr\u0105 draugyst\u0119, besiskleid\u017eian\u010di\u0105 ten, kur ma\u017eiausiai tikiesi. Knygos puslapiais skaitytoj\u0105 lydi dailinink\u0117s Linos Eitmantyt\u0117s-Valu\u017eien\u0117s pavaizduotas airi\u0173 vilkogaudis.\" \/>\n<meta property=\"og:url\" content=\"https:\/\/skaitytaknyga.lt\/en\/produktas\/sarah-lean-suo-vardu-benamis-2\/\" \/>\n<meta property=\"og:site_name\" content=\"Skaitytaknyga\" \/>\n<meta property=\"article:publisher\" content=\"https:\/\/www.facebook.com\/skaitytaknyga\/\" \/>\n<meta property=\"article:modified_time\" content=\"2024-05-04T14:34:02+00:00\" \/>\n<meta property=\"og:image\" content=\"https:\/\/skaitytaknyga.lt\/wp-content\/uploads\/2024\/04\/1462891129_9786094413667-suo-vardu-benamis.jpg\" \/>\n\t<meta property=\"og:image:width\" content=\"282\" \/>\n\t<meta property=\"og:image:height\" content=\"400\" \/>\n\t<meta property=\"og:image:type\" content=\"image\/jpeg\" \/>\n<meta name=\"twitter:card\" content=\"summary_large_image\" \/>\n<meta name=\"twitter:label1\" content=\"Estimated reading time\" \/>\n\t<meta name=\"twitter:data1\" content=\"1 minute\" \/>\n<script type=\"application\/ld+json\" class=\"yoast-schema-graph\">{\"@context\":\"https:\\\/\\\/schema.org\",\"@graph\":[{\"@type\":\"WebPage\",\"@id\":\"https:\\\/\\\/skaitytaknyga.lt\\\/en\\\/produktas\\\/sarah-lean-suo-vardu-benamis-2\\\/\",\"url\":\"https:\\\/\\\/skaitytaknyga.lt\\\/en\\\/produktas\\\/sarah-lean-suo-vardu-benamis-2\\\/\",\"name\":\"Sarah Lean \u201e\u0160uo vardu Benamis\u201c - Skaitytaknyga\",\"isPartOf\":{\"@id\":\"https:\\\/\\\/skaitytaknyga.lt\\\/#website\"},\"primaryImageOfPage\":{\"@id\":\"https:\\\/\\\/skaitytaknyga.lt\\\/en\\\/produktas\\\/sarah-lean-suo-vardu-benamis-2\\\/#primaryimage\"},\"image\":{\"@id\":\"https:\\\/\\\/skaitytaknyga.lt\\\/en\\\/produktas\\\/sarah-lean-suo-vardu-benamis-2\\\/#primaryimage\"},\"thumbnailUrl\":\"https:\\\/\\\/skaitytaknyga.lt\\\/wp-content\\\/uploads\\\/2024\\\/04\\\/1462891129_9786094413667-suo-vardu-benamis.jpg\",\"datePublished\":\"2024-05-04T14:33:46+00:00\",\"dateModified\":\"2024-05-04T14:34:02+00:00\",\"description\":\"O, kad \u0161unys gal\u0117t\u0173 kalb\u0117ti! Tada pasakyt\u0173 visiems, kad ir jis mato mam\u0105. Nuo to laiko, kai mamos neb\u0117ra, Kel\u0117s gyvenimas pasikeit\u0117. Be jos namai tu\u0161ti ir atrodo, kad niekuomet nebebus taip linksma kaip anks\u010diau. Ta\u010diau vien\u0105 dien\u0105 mama pasirodo Kelei. Ir ne viena, o su did\u017eiuliu sidabri\u0161kai pilku \u0161unimi. Jis \u0161uoliais \u012fsiver\u017eia \u012f Kel\u0117s pasaul\u012f ir apver\u010dia j\u012f auk\u0161tyn kojomis \u2013 paslaptingi \u012fvykiai nu\u0161vie\u010dia mergait\u0117s gyvenim\u0105 naujomis spalvomis. Kai jis pasirodo, prasideda Kel\u0117s draugyst\u0117 su kur\u010dnebyliu berniuku Semu ir benamiu D\u017eedu, kuris \u017eino kur kas daugiau, nei i\u0161 pirmo \u017evilgsnio gali atrodyti, ir netik\u0117tai gr\u0105\u017eina d\u017eiuges\u012f \u012f mergait\u0117s namus. Tai pirmasis brit\u0173 autor\u0117s Sarah'os Lean k\u016brinys apie ilges\u012f, meil\u0119 ir tikr\u0105 draugyst\u0119, besiskleid\u017eian\u010di\u0105 ten, kur ma\u017eiausiai tikiesi. Knygos puslapiais skaitytoj\u0105 lydi dailinink\u0117s Linos Eitmantyt\u0117s-Valu\u017eien\u0117s pavaizduotas airi\u0173 vilkogaudis.\",\"breadcrumb\":{\"@id\":\"https:\\\/\\\/skaitytaknyga.lt\\\/en\\\/produktas\\\/sarah-lean-suo-vardu-benamis-2\\\/#breadcrumb\"},\"inLanguage\":\"en-GB\",\"potentialAction\":[{\"@type\":\"ReadAction\",\"target\":[\"https:\\\/\\\/skaitytaknyga.lt\\\/en\\\/produktas\\\/sarah-lean-suo-vardu-benamis-2\\\/\"]}]},{\"@type\":\"ImageObject\",\"inLanguage\":\"en-GB\",\"@id\":\"https:\\\/\\\/skaitytaknyga.lt\\\/en\\\/produktas\\\/sarah-lean-suo-vardu-benamis-2\\\/#primaryimage\",\"url\":\"https:\\\/\\\/skaitytaknyga.lt\\\/wp-content\\\/uploads\\\/2024\\\/04\\\/1462891129_9786094413667-suo-vardu-benamis.jpg\",\"contentUrl\":\"https:\\\/\\\/skaitytaknyga.lt\\\/wp-content\\\/uploads\\\/2024\\\/04\\\/1462891129_9786094413667-suo-vardu-benamis.jpg\",\"width\":282,\"height\":400,\"caption\":\"1462891129 9786094413667 suo vardu benamis\"},{\"@type\":\"BreadcrumbList\",\"@id\":\"https:\\\/\\\/skaitytaknyga.lt\\\/en\\\/produktas\\\/sarah-lean-suo-vardu-benamis-2\\\/#breadcrumb\",\"itemListElement\":[{\"@type\":\"ListItem\",\"position\":1,\"name\":\"Home\",\"item\":\"https:\\\/\\\/skaitytaknyga.lt\\\/\"},{\"@type\":\"ListItem\",\"position\":2,\"name\":\"Parduotuv\u0117\",\"item\":\"https:\\\/\\\/skaitytaknyga.lt\\\/knygu-parduotuve\\\/\"},{\"@type\":\"ListItem\",\"position\":3,\"name\":\"Sarah Lean \u201e\u0160uo vardu Benamis\u201c\"}]},{\"@type\":\"WebSite\",\"@id\":\"https:\\\/\\\/skaitytaknyga.lt\\\/#website\",\"url\":\"https:\\\/\\\/skaitytaknyga.lt\\\/\",\"name\":\"skaitytaknyga.lt\",\"description\":\"Skaitytaknyga.lt \u2013 tai ma\u017eas \u0161eimos verslas, kuris prasid\u0117jo nuo meil\u0117s knygoms ir siekio i\u0161gelb\u0117ti knygas nuo likimo prie konteinerio. Kas vienam nereikalingas daiktas \u2013 kitam lobis, o mes esame tarpininkai, kurie padeda abiems tapti laimingesniems ???? \u017dinome kaip nelengva i\u0161gyventi ma\u017eiems verslams, tad nuo \u0161iol, \u010dia rasite ir kit\u0173, ma\u017e\u0173 \u0161eim\u0173 versl\u0173, rank\u0173 darbo, dovan\u0173 sau ir artimiesiems.\",\"publisher\":{\"@id\":\"https:\\\/\\\/skaitytaknyga.lt\\\/#organization\"},\"potentialAction\":[{\"@type\":\"SearchAction\",\"target\":{\"@type\":\"EntryPoint\",\"urlTemplate\":\"https:\\\/\\\/skaitytaknyga.lt\\\/?s={search_term_string}\"},\"query-input\":{\"@type\":\"PropertyValueSpecification\",\"valueRequired\":true,\"valueName\":\"search_term_string\"}}],\"inLanguage\":\"en-GB\"},{\"@type\":\"Organization\",\"@id\":\"https:\\\/\\\/skaitytaknyga.lt\\\/#organization\",\"name\":\"skaitytaknyga.lt\",\"url\":\"https:\\\/\\\/skaitytaknyga.lt\\\/\",\"logo\":{\"@type\":\"ImageObject\",\"inLanguage\":\"en-GB\",\"@id\":\"https:\\\/\\\/skaitytaknyga.lt\\\/#\\\/schema\\\/logo\\\/image\\\/\",\"url\":\"https:\\\/\\\/skaitytaknyga.lt\\\/wp-content\\\/uploads\\\/2024\\\/05\\\/cropped-cropped-cropped-02_00843_jt3bggkj1j3HLc7SyY6rEUpg.jpeg\",\"contentUrl\":\"https:\\\/\\\/skaitytaknyga.lt\\\/wp-content\\\/uploads\\\/2024\\\/05\\\/cropped-cropped-cropped-02_00843_jt3bggkj1j3HLc7SyY6rEUpg.jpeg\",\"width\":1600,\"height\":1600,\"caption\":\"skaitytaknyga.lt\"},\"image\":{\"@id\":\"https:\\\/\\\/skaitytaknyga.lt\\\/#\\\/schema\\\/logo\\\/image\\\/\"},\"sameAs\":[\"https:\\\/\\\/www.facebook.com\\\/skaitytaknyga\\\/\"]}]}<\/script>\n<!-- \/ Yoast SEO plugin. -->","yoast_head_json":{"title":"Sarah Lean \u201e\u0160uo vardu Benamis\u201c - Skaitytaknyga","description":"O, kad \u0161unys gal\u0117t\u0173 kalb\u0117ti! Tada pasakyt\u0173 visiems, kad ir jis mato mam\u0105.  Nuo to laiko, kai mamos neb\u0117ra, Kel\u0117s gyvenimas pasikeit\u0117. Be jos namai tu\u0161ti ir atrodo, kad niekuomet nebebus taip linksma kaip anks\u010diau. Ta\u010diau vien\u0105 dien\u0105 mama pasirodo Kelei. Ir ne viena, o su did\u017eiuliu sidabri\u0161kai pilku \u0161unimi. Jis \u0161uoliais \u012fsiver\u017eia \u012f Kel\u0117s pasaul\u012f ir apver\u010dia j\u012f auk\u0161tyn kojomis \u2013 paslaptingi \u012fvykiai nu\u0161vie\u010dia mergait\u0117s gyvenim\u0105 naujomis spalvomis. Kai jis pasirodo, prasideda Kel\u0117s draugyst\u0117 su kur\u010dnebyliu berniuku Semu ir benamiu D\u017eedu, kuris \u017eino kur kas daugiau, nei i\u0161 pirmo \u017evilgsnio gali atrodyti, ir netik\u0117tai gr\u0105\u017eina d\u017eiuges\u012f \u012f mergait\u0117s namus.  Tai pirmasis brit\u0173 autor\u0117s Sarah'os Lean k\u016brinys apie ilges\u012f, meil\u0119 ir tikr\u0105 draugyst\u0119, besiskleid\u017eian\u010di\u0105 ten, kur ma\u017eiausiai tikiesi. Knygos puslapiais skaitytoj\u0105 lydi dailinink\u0117s Linos Eitmantyt\u0117s-Valu\u017eien\u0117s pavaizduotas airi\u0173 vilkogaudis.","robots":{"index":"index","follow":"follow","max-snippet":"max-snippet:-1","max-image-preview":"max-image-preview:large","max-video-preview":"max-video-preview:-1"},"canonical":"https:\/\/skaitytaknyga.lt\/en\/produktas\/sarah-lean-suo-vardu-benamis-2\/","og_locale":"en_GB","og_type":"article","og_title":"Sarah Lean \u201e\u0160uo vardu Benamis\u201c - Skaitytaknyga","og_description":"O, kad \u0161unys gal\u0117t\u0173 kalb\u0117ti! Tada pasakyt\u0173 visiems, kad ir jis mato mam\u0105.  Nuo to laiko, kai mamos neb\u0117ra, Kel\u0117s gyvenimas pasikeit\u0117. Be jos namai tu\u0161ti ir atrodo, kad niekuomet nebebus taip linksma kaip anks\u010diau. Ta\u010diau vien\u0105 dien\u0105 mama pasirodo Kelei. Ir ne viena, o su did\u017eiuliu sidabri\u0161kai pilku \u0161unimi. Jis \u0161uoliais \u012fsiver\u017eia \u012f Kel\u0117s pasaul\u012f ir apver\u010dia j\u012f auk\u0161tyn kojomis \u2013 paslaptingi \u012fvykiai nu\u0161vie\u010dia mergait\u0117s gyvenim\u0105 naujomis spalvomis. Kai jis pasirodo, prasideda Kel\u0117s draugyst\u0117 su kur\u010dnebyliu berniuku Semu ir benamiu D\u017eedu, kuris \u017eino kur kas daugiau, nei i\u0161 pirmo \u017evilgsnio gali atrodyti, ir netik\u0117tai gr\u0105\u017eina d\u017eiuges\u012f \u012f mergait\u0117s namus.  Tai pirmasis brit\u0173 autor\u0117s Sarah'os Lean k\u016brinys apie ilges\u012f, meil\u0119 ir tikr\u0105 draugyst\u0119, besiskleid\u017eian\u010di\u0105 ten, kur ma\u017eiausiai tikiesi. Knygos puslapiais skaitytoj\u0105 lydi dailinink\u0117s Linos Eitmantyt\u0117s-Valu\u017eien\u0117s pavaizduotas airi\u0173 vilkogaudis.","og_url":"https:\/\/skaitytaknyga.lt\/en\/produktas\/sarah-lean-suo-vardu-benamis-2\/","og_site_name":"Skaitytaknyga","article_publisher":"https:\/\/www.facebook.com\/skaitytaknyga\/","article_modified_time":"2024-05-04T14:34:02+00:00","og_image":[{"width":282,"height":400,"url":"https:\/\/skaitytaknyga.lt\/wp-content\/uploads\/2024\/04\/1462891129_9786094413667-suo-vardu-benamis.jpg","type":"image\/jpeg"}],"twitter_card":"summary_large_image","twitter_misc":{"Estimated reading time":"1 minute"},"schema":{"@context":"https:\/\/schema.org","@graph":[{"@type":"WebPage","@id":"https:\/\/skaitytaknyga.lt\/en\/produktas\/sarah-lean-suo-vardu-benamis-2\/","url":"https:\/\/skaitytaknyga.lt\/en\/produktas\/sarah-lean-suo-vardu-benamis-2\/","name":"Sarah Lean \u201e\u0160uo vardu Benamis\u201c - Skaitytaknyga","isPartOf":{"@id":"https:\/\/skaitytaknyga.lt\/#website"},"primaryImageOfPage":{"@id":"https:\/\/skaitytaknyga.lt\/en\/produktas\/sarah-lean-suo-vardu-benamis-2\/#primaryimage"},"image":{"@id":"https:\/\/skaitytaknyga.lt\/en\/produktas\/sarah-lean-suo-vardu-benamis-2\/#primaryimage"},"thumbnailUrl":"https:\/\/skaitytaknyga.lt\/wp-content\/uploads\/2024\/04\/1462891129_9786094413667-suo-vardu-benamis.jpg","datePublished":"2024-05-04T14:33:46+00:00","dateModified":"2024-05-04T14:34:02+00:00","description":"O, kad \u0161unys gal\u0117t\u0173 kalb\u0117ti! Tada pasakyt\u0173 visiems, kad ir jis mato mam\u0105. Nuo to laiko, kai mamos neb\u0117ra, Kel\u0117s gyvenimas pasikeit\u0117. Be jos namai tu\u0161ti ir atrodo, kad niekuomet nebebus taip linksma kaip anks\u010diau. Ta\u010diau vien\u0105 dien\u0105 mama pasirodo Kelei. Ir ne viena, o su did\u017eiuliu sidabri\u0161kai pilku \u0161unimi. Jis \u0161uoliais \u012fsiver\u017eia \u012f Kel\u0117s pasaul\u012f ir apver\u010dia j\u012f auk\u0161tyn kojomis \u2013 paslaptingi \u012fvykiai nu\u0161vie\u010dia mergait\u0117s gyvenim\u0105 naujomis spalvomis. Kai jis pasirodo, prasideda Kel\u0117s draugyst\u0117 su kur\u010dnebyliu berniuku Semu ir benamiu D\u017eedu, kuris \u017eino kur kas daugiau, nei i\u0161 pirmo \u017evilgsnio gali atrodyti, ir netik\u0117tai gr\u0105\u017eina d\u017eiuges\u012f \u012f mergait\u0117s namus. Tai pirmasis brit\u0173 autor\u0117s Sarah'os Lean k\u016brinys apie ilges\u012f, meil\u0119 ir tikr\u0105 draugyst\u0119, besiskleid\u017eian\u010di\u0105 ten, kur ma\u017eiausiai tikiesi. Knygos puslapiais skaitytoj\u0105 lydi dailinink\u0117s Linos Eitmantyt\u0117s-Valu\u017eien\u0117s pavaizduotas airi\u0173 vilkogaudis.","breadcrumb":{"@id":"https:\/\/skaitytaknyga.lt\/en\/produktas\/sarah-lean-suo-vardu-benamis-2\/#breadcrumb"},"inLanguage":"en-GB","potentialAction":[{"@type":"ReadAction","target":["https:\/\/skaitytaknyga.lt\/en\/produktas\/sarah-lean-suo-vardu-benamis-2\/"]}]},{"@type":"ImageObject","inLanguage":"en-GB","@id":"https:\/\/skaitytaknyga.lt\/en\/produktas\/sarah-lean-suo-vardu-benamis-2\/#primaryimage","url":"https:\/\/skaitytaknyga.lt\/wp-content\/uploads\/2024\/04\/1462891129_9786094413667-suo-vardu-benamis.jpg","contentUrl":"https:\/\/skaitytaknyga.lt\/wp-content\/uploads\/2024\/04\/1462891129_9786094413667-suo-vardu-benamis.jpg","width":282,"height":400,"caption":"1462891129 9786094413667 suo vardu benamis"},{"@type":"BreadcrumbList","@id":"https:\/\/skaitytaknyga.lt\/en\/produktas\/sarah-lean-suo-vardu-benamis-2\/#breadcrumb","itemListElement":[{"@type":"ListItem","position":1,"name":"Home","item":"https:\/\/skaitytaknyga.lt\/"},{"@type":"ListItem","position":2,"name":"Parduotuv\u0117","item":"https:\/\/skaitytaknyga.lt\/knygu-parduotuve\/"},{"@type":"ListItem","position":3,"name":"Sarah Lean \u201e\u0160uo vardu Benamis\u201c"}]},{"@type":"WebSite","@id":"https:\/\/skaitytaknyga.lt\/#website","url":"https:\/\/skaitytaknyga.lt\/","name":"skaitytaknyga.lt","description":"Skaitytaknyga.lt \u2013 tai ma\u017eas \u0161eimos verslas, kuris prasid\u0117jo nuo meil\u0117s knygoms ir siekio i\u0161gelb\u0117ti knygas nuo likimo prie konteinerio. Kas vienam nereikalingas daiktas \u2013 kitam lobis, o mes esame tarpininkai, kurie padeda abiems tapti laimingesniems ???? \u017dinome kaip nelengva i\u0161gyventi ma\u017eiems verslams, tad nuo \u0161iol, \u010dia rasite ir kit\u0173, ma\u017e\u0173 \u0161eim\u0173 versl\u0173, rank\u0173 darbo, dovan\u0173 sau ir artimiesiems.","publisher":{"@id":"https:\/\/skaitytaknyga.lt\/#organization"},"potentialAction":[{"@type":"SearchAction","target":{"@type":"EntryPoint","urlTemplate":"https:\/\/skaitytaknyga.lt\/?s={search_term_string}"},"query-input":{"@type":"PropertyValueSpecification","valueRequired":true,"valueName":"search_term_string"}}],"inLanguage":"en-GB"},{"@type":"Organization","@id":"https:\/\/skaitytaknyga.lt\/#organization","name":"skaitytaknyga.lt","url":"https:\/\/skaitytaknyga.lt\/","logo":{"@type":"ImageObject","inLanguage":"en-GB","@id":"https:\/\/skaitytaknyga.lt\/#\/schema\/logo\/image\/","url":"https:\/\/skaitytaknyga.lt\/wp-content\/uploads\/2024\/05\/cropped-cropped-cropped-02_00843_jt3bggkj1j3HLc7SyY6rEUpg.jpeg","contentUrl":"https:\/\/skaitytaknyga.lt\/wp-content\/uploads\/2024\/05\/cropped-cropped-cropped-02_00843_jt3bggkj1j3HLc7SyY6rEUpg.jpeg","width":1600,"height":1600,"caption":"skaitytaknyga.lt"},"image":{"@id":"https:\/\/skaitytaknyga.lt\/#\/schema\/logo\/image\/"},"sameAs":["https:\/\/www.facebook.com\/skaitytaknyga\/"]}]}},"_links":{"self":[{"href":"https:\/\/skaitytaknyga.lt\/en\/wp-json\/wp\/v2\/product\/7697","targetHints":{"allow":["GET"]}}],"collection":[{"href":"https:\/\/skaitytaknyga.lt\/en\/wp-json\/wp\/v2\/product"}],"about":[{"href":"https:\/\/skaitytaknyga.lt\/en\/wp-json\/wp\/v2\/types\/product"}],"replies":[{"embeddable":true,"href":"https:\/\/skaitytaknyga.lt\/en\/wp-json\/wp\/v2\/comments?post=7697"}],"wp:featuredmedia":[{"embeddable":true,"href":"https:\/\/skaitytaknyga.lt\/en\/wp-json\/wp\/v2\/media\/3083"}],"wp:attachment":[{"href":"https:\/\/skaitytaknyga.lt\/en\/wp-json\/wp\/v2\/media?parent=7697"}],"wp:term":[{"taxonomy":"product_brand","embeddable":true,"href":"https:\/\/skaitytaknyga.lt\/en\/wp-json\/wp\/v2\/product_brand?post=7697"},{"taxonomy":"product_cat","embeddable":true,"href":"https:\/\/skaitytaknyga.lt\/en\/wp-json\/wp\/v2\/product_cat?post=7697"},{"taxonomy":"product_tag","embeddable":true,"href":"https:\/\/skaitytaknyga.lt\/en\/wp-json\/wp\/v2\/product_tag?post=7697"}],"curies":[{"name":"wp","href":"https:\/\/api.w.org\/{rel}","templated":true}]}}