{"id":7695,"date":"2024-05-04T14:33:46","date_gmt":"2024-05-04T14:33:46","guid":{"rendered":"https:\/\/skaitytaknyga.lt\/?post_type=product&#038;p=7695"},"modified":"2025-05-24T21:48:55","modified_gmt":"2025-05-24T18:48:55","slug":"aidas-marcenas-sarunas-leonavicius-zmogaus-zvaigzde-2","status":"publish","type":"product","link":"https:\/\/skaitytaknyga.lt\/en\/produktas\/aidas-marcenas-sarunas-leonavicius-zmogaus-zvaigzde-2\/","title":{"rendered":"\u017dmogaus \u017evaig\u017ed\u0117"},"content":{"rendered":"<p>Tokia knyga nei kritikuojama, nei recenzuojama negali b\u016bti. Ji visai kitokia, o ir skaitytojas-\u017ei\u016br\u0117tojas j\u0105 atveria visai kitaip. Skaitymas ir \u017ei\u016br\u0117jimas \u010dia tampa viena.<\/p>\n<p>Knyga i\u0161marginta ne\u012ftik\u0117tino gro\u017eio \u0160ar\u016bno Leonavi\u010diaus pie\u0161iniais ir poeto Aido Mar\u010d\u0117no eil\u0117ra\u0161\u010diais, kurie sugula \u012f vien\u0105 darn\u0173 pasaul\u012f. Tarp eil\u0117ra\u0161\u010di\u0173 ir pie\u0161ini\u0173 mezgasi dialogas \u2013 ten, kur nutyla \u017eod\u017eiai, prabyla vaizdai, tu\u0161\u010diame lapo danguj pasigirsta balsas&#8230;<\/p>\n<p>Knyga pripa\u017einta Gra\u017eiausia 2004 met\u0173 knyga.<\/p>\n","protected":false},"excerpt":{"rendered":"<p>Tokia knyga nei kritikuojama, nei recenzuojama negali b\u016bti. Ji visai kitokia, o ir skaitytojas-\u017ei\u016br\u0117tojas j\u0105 atveria visai kitaip. Skaitymas ir \u017ei\u016br\u0117jimas \u010dia tampa viena.<\/p>\n<p>Knyga i\u0161marginta ne\u012ftik\u0117tino gro\u017eio \u0160ar\u016bno Leonavi\u010diaus pie\u0161iniais ir poeto Aido Mar\u010d\u0117no eil\u0117ra\u0161\u010diais, kurie sugula \u012f vien\u0105 darn\u0173 pasaul\u012f. Tarp eil\u0117ra\u0161\u010di\u0173 ir pie\u0161ini\u0173 mezgasi dialogas \u2013 ten, kur nutyla \u017eod\u017eiai, prabyla vaizdai, tu\u0161\u010diame lapo danguj pasigirsta balsas&#8230;<\/p>\n<p>Knyga pripa\u017einta Gra\u017eiausia 2004 met\u0173 knyga.<\/p>\n","protected":false},"featured_media":3081,"comment_status":"closed","ping_status":"closed","template":"","meta":{"_acf_changed":false,"site-sidebar-layout":"default","site-content-layout":"","ast-site-content-layout":"default","site-content-style":"default","site-sidebar-style":"default","ast-global-header-display":"","ast-banner-title-visibility":"","ast-main-header-display":"","ast-hfb-above-header-display":"","ast-hfb-below-header-display":"","ast-hfb-mobile-header-display":"","site-post-title":"","ast-breadcrumbs-content":"","ast-featured-img":"","footer-sml-layout":"","ast-disable-related-posts":"","theme-transparent-header-meta":"","adv-header-id-meta":"","stick-header-meta":"","header-above-stick-meta":"","header-main-stick-meta":"","header-below-stick-meta":"","astra-migrate-meta-layouts":"default","ast-page-background-enabled":"default","ast-page-background-meta":{"desktop":{"background-color":"","background-image":"","background-repeat":"repeat","background-position":"center center","background-size":"auto","background-attachment":"scroll","background-type":"","background-media":"","overlay-type":"","overlay-color":"","overlay-opacity":"","overlay-gradient":""},"tablet":{"background-color":"","background-image":"","background-repeat":"repeat","background-position":"center center","background-size":"auto","background-attachment":"scroll","background-type":"","background-media":"","overlay-type":"","overlay-color":"","overlay-opacity":"","overlay-gradient":""},"mobile":{"background-color":"","background-image":"","background-repeat":"repeat","background-position":"center center","background-size":"auto","background-attachment":"scroll","background-type":"","background-media":"","overlay-type":"","overlay-color":"","overlay-opacity":"","overlay-gradient":""}},"ast-content-background-meta":{"desktop":{"background-color":"var(--ast-global-color-4)","background-image":"","background-repeat":"repeat","background-position":"center center","background-size":"auto","background-attachment":"scroll","background-type":"","background-media":"","overlay-type":"","overlay-color":"","overlay-opacity":"","overlay-gradient":""},"tablet":{"background-color":"var(--ast-global-color-4)","background-image":"","background-repeat":"repeat","background-position":"center center","background-size":"auto","background-attachment":"scroll","background-type":"","background-media":"","overlay-type":"","overlay-color":"","overlay-opacity":"","overlay-gradient":""},"mobile":{"background-color":"var(--ast-global-color-4)","background-image":"","background-repeat":"repeat","background-position":"center center","background-size":"auto","background-attachment":"scroll","background-type":"","background-media":"","overlay-type":"","overlay-color":"","overlay-opacity":"","overlay-gradient":""}}},"product_brand":[],"product_cat":[35],"product_tag":[],"class_list":{"0":"post-7695","1":"product","2":"type-product","3":"status-publish","4":"has-post-thumbnail","6":"product_cat-vaikams-ir-paaugliams","7":"desktop-align-left","8":"tablet-align-left","9":"mobile-align-left","11":"first","12":"outofstock","13":"shipping-taxable","14":"purchasable","15":"product-type-simple"},"acf":[],"yoast_head":"<!-- This site is optimized with the Yoast SEO plugin v27.4 - https:\/\/yoast.com\/product\/yoast-seo-wordpress\/ -->\n<title>\u017dmogaus \u017evaig\u017ed\u0117<\/title>\n<meta name=\"description\" content=\"Tokia knyga nei kritikuojama, nei recenzuojama negali b\u016bti. Ji visai kitokia, o ir skaitytojas-\u017ei\u016br\u0117tojas j\u0105 atveria visai kitaip. Skaitymas ir \u017ei\u016br\u0117jimas \u010dia tampa viena.  Knyga i\u0161marginta ne\u012ftik\u0117tino gro\u017eio \u0160ar\u016bno Leonavi\u010diaus pie\u0161iniais ir poeto Aido Mar\u010d\u0117no eil\u0117ra\u0161\u010diais, kurie sugula \u012f vien\u0105 darn\u0173 pasaul\u012f. Tarp eil\u0117ra\u0161\u010di\u0173 ir pie\u0161ini\u0173 mezgasi dialogas \u2013 ten, kur nutyla \u017eod\u017eiai, prabyla vaizdai, tu\u0161\u010diame lapo danguj pasigirsta balsas...  Knyga pripa\u017einta Gra\u017eiausia 2004 met\u0173 knyga.\" \/>\n<meta name=\"robots\" content=\"index, follow, max-snippet:-1, max-image-preview:large, max-video-preview:-1\" \/>\n<link rel=\"canonical\" href=\"https:\/\/skaitytaknyga.lt\/en\/produktas\/aidas-marcenas-sarunas-leonavicius-zmogaus-zvaigzde-2\/\" \/>\n<meta property=\"og:locale\" content=\"en_GB\" \/>\n<meta property=\"og:locale:alternate\" content=\"lt_LT\" \/>\n<meta property=\"og:type\" content=\"article\" \/>\n<meta property=\"og:title\" content=\"\u017dmogaus \u017evaig\u017ed\u0117\" \/>\n<meta property=\"og:description\" content=\"Tokia knyga nei kritikuojama, nei recenzuojama negali b\u016bti. Ji visai kitokia, o ir skaitytojas-\u017ei\u016br\u0117tojas j\u0105 atveria visai kitaip. Skaitymas ir \u017ei\u016br\u0117jimas \u010dia tampa viena.  Knyga i\u0161marginta ne\u012ftik\u0117tino gro\u017eio \u0160ar\u016bno Leonavi\u010diaus pie\u0161iniais ir poeto Aido Mar\u010d\u0117no eil\u0117ra\u0161\u010diais, kurie sugula \u012f vien\u0105 darn\u0173 pasaul\u012f. Tarp eil\u0117ra\u0161\u010di\u0173 ir pie\u0161ini\u0173 mezgasi dialogas \u2013 ten, kur nutyla \u017eod\u017eiai, prabyla vaizdai, tu\u0161\u010diame lapo danguj pasigirsta balsas...  Knyga pripa\u017einta Gra\u017eiausia 2004 met\u0173 knyga.\" \/>\n<meta property=\"og:url\" content=\"https:\/\/skaitytaknyga.lt\/en\/produktas\/aidas-marcenas-sarunas-leonavicius-zmogaus-zvaigzde-2\/\" \/>\n<meta property=\"og:site_name\" content=\"Skaitytaknyga\" \/>\n<meta property=\"article:publisher\" content=\"https:\/\/www.facebook.com\/skaitytaknyga\/\" \/>\n<meta property=\"article:modified_time\" content=\"2025-05-24T18:48:55+00:00\" \/>\n<meta property=\"og:image\" content=\"https:\/\/skaitytaknyga.lt\/wp-content\/uploads\/2024\/04\/23491013._SX318_.jpg\" \/>\n\t<meta property=\"og:image:width\" content=\"318\" \/>\n\t<meta property=\"og:image:height\" content=\"429\" \/>\n\t<meta property=\"og:image:type\" content=\"image\/jpeg\" \/>\n<meta name=\"twitter:card\" content=\"summary_large_image\" \/>\n<script type=\"application\/ld+json\" class=\"yoast-schema-graph\">{\"@context\":\"https:\\\/\\\/schema.org\",\"@graph\":[{\"@type\":\"WebPage\",\"@id\":\"https:\\\/\\\/skaitytaknyga.lt\\\/produktas\\\/aidas-marcenas-sarunas-leonavicius-zmogaus-zvaigzde-2\\\/\",\"url\":\"https:\\\/\\\/skaitytaknyga.lt\\\/produktas\\\/aidas-marcenas-sarunas-leonavicius-zmogaus-zvaigzde-2\\\/\",\"name\":\"\u017dmogaus \u017evaig\u017ed\u0117\",\"isPartOf\":{\"@id\":\"https:\\\/\\\/skaitytaknyga.lt\\\/#website\"},\"primaryImageOfPage\":{\"@id\":\"https:\\\/\\\/skaitytaknyga.lt\\\/produktas\\\/aidas-marcenas-sarunas-leonavicius-zmogaus-zvaigzde-2\\\/#primaryimage\"},\"image\":{\"@id\":\"https:\\\/\\\/skaitytaknyga.lt\\\/produktas\\\/aidas-marcenas-sarunas-leonavicius-zmogaus-zvaigzde-2\\\/#primaryimage\"},\"thumbnailUrl\":\"https:\\\/\\\/skaitytaknyga.lt\\\/wp-content\\\/uploads\\\/2024\\\/04\\\/23491013._SX318_.jpg\",\"datePublished\":\"2024-05-04T14:33:46+00:00\",\"dateModified\":\"2025-05-24T18:48:55+00:00\",\"description\":\"Tokia knyga nei kritikuojama, nei recenzuojama negali b\u016bti. Ji visai kitokia, o ir skaitytojas-\u017ei\u016br\u0117tojas j\u0105 atveria visai kitaip. Skaitymas ir \u017ei\u016br\u0117jimas \u010dia tampa viena. Knyga i\u0161marginta ne\u012ftik\u0117tino gro\u017eio \u0160ar\u016bno Leonavi\u010diaus pie\u0161iniais ir poeto Aido Mar\u010d\u0117no eil\u0117ra\u0161\u010diais, kurie sugula \u012f vien\u0105 darn\u0173 pasaul\u012f. Tarp eil\u0117ra\u0161\u010di\u0173 ir pie\u0161ini\u0173 mezgasi dialogas \u2013 ten, kur nutyla \u017eod\u017eiai, prabyla vaizdai, tu\u0161\u010diame lapo danguj pasigirsta balsas... Knyga pripa\u017einta Gra\u017eiausia 2004 met\u0173 knyga.\",\"breadcrumb\":{\"@id\":\"https:\\\/\\\/skaitytaknyga.lt\\\/produktas\\\/aidas-marcenas-sarunas-leonavicius-zmogaus-zvaigzde-2\\\/#breadcrumb\"},\"inLanguage\":\"en-GB\",\"potentialAction\":[{\"@type\":\"ReadAction\",\"target\":[\"https:\\\/\\\/skaitytaknyga.lt\\\/produktas\\\/aidas-marcenas-sarunas-leonavicius-zmogaus-zvaigzde-2\\\/\"]}]},{\"@type\":\"ImageObject\",\"inLanguage\":\"en-GB\",\"@id\":\"https:\\\/\\\/skaitytaknyga.lt\\\/produktas\\\/aidas-marcenas-sarunas-leonavicius-zmogaus-zvaigzde-2\\\/#primaryimage\",\"url\":\"https:\\\/\\\/skaitytaknyga.lt\\\/wp-content\\\/uploads\\\/2024\\\/04\\\/23491013._SX318_.jpg\",\"contentUrl\":\"https:\\\/\\\/skaitytaknyga.lt\\\/wp-content\\\/uploads\\\/2024\\\/04\\\/23491013._SX318_.jpg\",\"width\":318,\"height\":429,\"caption\":\"23491013. SX318\"},{\"@type\":\"BreadcrumbList\",\"@id\":\"https:\\\/\\\/skaitytaknyga.lt\\\/produktas\\\/aidas-marcenas-sarunas-leonavicius-zmogaus-zvaigzde-2\\\/#breadcrumb\",\"itemListElement\":[{\"@type\":\"ListItem\",\"position\":1,\"name\":\"Home\",\"item\":\"https:\\\/\\\/skaitytaknyga.lt\\\/\"},{\"@type\":\"ListItem\",\"position\":2,\"name\":\"Parduotuv\u0117\",\"item\":\"https:\\\/\\\/skaitytaknyga.lt\\\/knygu-parduotuve\\\/\"},{\"@type\":\"ListItem\",\"position\":3,\"name\":\"\u017dmogaus \u017evaig\u017ed\u0117\"}]},{\"@type\":\"WebSite\",\"@id\":\"https:\\\/\\\/skaitytaknyga.lt\\\/#website\",\"url\":\"https:\\\/\\\/skaitytaknyga.lt\\\/\",\"name\":\"skaitytaknyga.lt\",\"description\":\"Skaitytaknyga.lt \u2013 tai ma\u017eas \u0161eimos verslas, kuris prasid\u0117jo nuo meil\u0117s knygoms ir siekio i\u0161gelb\u0117ti knygas nuo likimo prie konteinerio. Kas vienam nereikalingas daiktas \u2013 kitam lobis, o mes esame tarpininkai, kurie padeda abiems tapti laimingesniems ???? \u017dinome kaip nelengva i\u0161gyventi ma\u017eiems verslams, tad nuo \u0161iol, \u010dia rasite ir kit\u0173, ma\u017e\u0173 \u0161eim\u0173 versl\u0173, rank\u0173 darbo, dovan\u0173 sau ir artimiesiems.\",\"publisher\":{\"@id\":\"https:\\\/\\\/skaitytaknyga.lt\\\/#organization\"},\"potentialAction\":[{\"@type\":\"SearchAction\",\"target\":{\"@type\":\"EntryPoint\",\"urlTemplate\":\"https:\\\/\\\/skaitytaknyga.lt\\\/?s={search_term_string}\"},\"query-input\":{\"@type\":\"PropertyValueSpecification\",\"valueRequired\":true,\"valueName\":\"search_term_string\"}}],\"inLanguage\":\"en-GB\"},{\"@type\":\"Organization\",\"@id\":\"https:\\\/\\\/skaitytaknyga.lt\\\/#organization\",\"name\":\"skaitytaknyga.lt\",\"url\":\"https:\\\/\\\/skaitytaknyga.lt\\\/\",\"logo\":{\"@type\":\"ImageObject\",\"inLanguage\":\"en-GB\",\"@id\":\"https:\\\/\\\/skaitytaknyga.lt\\\/#\\\/schema\\\/logo\\\/image\\\/\",\"url\":\"https:\\\/\\\/skaitytaknyga.lt\\\/wp-content\\\/uploads\\\/2024\\\/05\\\/cropped-cropped-cropped-02_00843_jt3bggkj1j3HLc7SyY6rEUpg.jpeg\",\"contentUrl\":\"https:\\\/\\\/skaitytaknyga.lt\\\/wp-content\\\/uploads\\\/2024\\\/05\\\/cropped-cropped-cropped-02_00843_jt3bggkj1j3HLc7SyY6rEUpg.jpeg\",\"width\":1600,\"height\":1600,\"caption\":\"skaitytaknyga.lt\"},\"image\":{\"@id\":\"https:\\\/\\\/skaitytaknyga.lt\\\/#\\\/schema\\\/logo\\\/image\\\/\"},\"sameAs\":[\"https:\\\/\\\/www.facebook.com\\\/skaitytaknyga\\\/\"]}]}<\/script>\n<!-- \/ Yoast SEO plugin. -->","yoast_head_json":{"title":"\u017dmogaus \u017evaig\u017ed\u0117","description":"Tokia knyga nei kritikuojama, nei recenzuojama negali b\u016bti. Ji visai kitokia, o ir skaitytojas-\u017ei\u016br\u0117tojas j\u0105 atveria visai kitaip. Skaitymas ir \u017ei\u016br\u0117jimas \u010dia tampa viena.  Knyga i\u0161marginta ne\u012ftik\u0117tino gro\u017eio \u0160ar\u016bno Leonavi\u010diaus pie\u0161iniais ir poeto Aido Mar\u010d\u0117no eil\u0117ra\u0161\u010diais, kurie sugula \u012f vien\u0105 darn\u0173 pasaul\u012f. Tarp eil\u0117ra\u0161\u010di\u0173 ir pie\u0161ini\u0173 mezgasi dialogas \u2013 ten, kur nutyla \u017eod\u017eiai, prabyla vaizdai, tu\u0161\u010diame lapo danguj pasigirsta balsas...  Knyga pripa\u017einta Gra\u017eiausia 2004 met\u0173 knyga.","robots":{"index":"index","follow":"follow","max-snippet":"max-snippet:-1","max-image-preview":"max-image-preview:large","max-video-preview":"max-video-preview:-1"},"canonical":"https:\/\/skaitytaknyga.lt\/en\/produktas\/aidas-marcenas-sarunas-leonavicius-zmogaus-zvaigzde-2\/","og_locale":"en_GB","og_type":"article","og_title":"[:lt]\u017dmogaus \u017evaig\u017ed\u0117[:] - Skaitytaknyga","og_description":"Tokia knyga nei kritikuojama, nei recenzuojama negali b\u016bti. Ji visai kitokia, o ir skaitytojas-\u017ei\u016br\u0117tojas j\u0105 atveria visai kitaip. Skaitymas ir \u017ei\u016br\u0117jimas \u010dia tampa viena.  Knyga i\u0161marginta ne\u012ftik\u0117tino gro\u017eio \u0160ar\u016bno Leonavi\u010diaus pie\u0161iniais ir poeto Aido Mar\u010d\u0117no eil\u0117ra\u0161\u010diais, kurie sugula \u012f vien\u0105 darn\u0173 pasaul\u012f. Tarp eil\u0117ra\u0161\u010di\u0173 ir pie\u0161ini\u0173 mezgasi dialogas \u2013 ten, kur nutyla \u017eod\u017eiai, prabyla vaizdai, tu\u0161\u010diame lapo danguj pasigirsta balsas...  Knyga pripa\u017einta Gra\u017eiausia 2004 met\u0173 knyga.","og_url":"https:\/\/skaitytaknyga.lt\/en\/produktas\/aidas-marcenas-sarunas-leonavicius-zmogaus-zvaigzde-2\/","og_site_name":"Skaitytaknyga","article_publisher":"https:\/\/www.facebook.com\/skaitytaknyga\/","article_modified_time":"2025-05-24T18:48:55+00:00","og_image":[{"width":318,"height":429,"url":"https:\/\/skaitytaknyga.lt\/wp-content\/uploads\/2024\/04\/23491013._SX318_.jpg","type":"image\/jpeg"}],"twitter_card":"summary_large_image","schema":{"@context":"https:\/\/schema.org","@graph":[{"@type":"WebPage","@id":"https:\/\/skaitytaknyga.lt\/produktas\/aidas-marcenas-sarunas-leonavicius-zmogaus-zvaigzde-2\/","url":"https:\/\/skaitytaknyga.lt\/produktas\/aidas-marcenas-sarunas-leonavicius-zmogaus-zvaigzde-2\/","name":"\u017dmogaus \u017evaig\u017ed\u0117","isPartOf":{"@id":"https:\/\/skaitytaknyga.lt\/#website"},"primaryImageOfPage":{"@id":"https:\/\/skaitytaknyga.lt\/produktas\/aidas-marcenas-sarunas-leonavicius-zmogaus-zvaigzde-2\/#primaryimage"},"image":{"@id":"https:\/\/skaitytaknyga.lt\/produktas\/aidas-marcenas-sarunas-leonavicius-zmogaus-zvaigzde-2\/#primaryimage"},"thumbnailUrl":"https:\/\/skaitytaknyga.lt\/wp-content\/uploads\/2024\/04\/23491013._SX318_.jpg","datePublished":"2024-05-04T14:33:46+00:00","dateModified":"2025-05-24T18:48:55+00:00","description":"Tokia knyga nei kritikuojama, nei recenzuojama negali b\u016bti. Ji visai kitokia, o ir skaitytojas-\u017ei\u016br\u0117tojas j\u0105 atveria visai kitaip. Skaitymas ir \u017ei\u016br\u0117jimas \u010dia tampa viena. Knyga i\u0161marginta ne\u012ftik\u0117tino gro\u017eio \u0160ar\u016bno Leonavi\u010diaus pie\u0161iniais ir poeto Aido Mar\u010d\u0117no eil\u0117ra\u0161\u010diais, kurie sugula \u012f vien\u0105 darn\u0173 pasaul\u012f. Tarp eil\u0117ra\u0161\u010di\u0173 ir pie\u0161ini\u0173 mezgasi dialogas \u2013 ten, kur nutyla \u017eod\u017eiai, prabyla vaizdai, tu\u0161\u010diame lapo danguj pasigirsta balsas... Knyga pripa\u017einta Gra\u017eiausia 2004 met\u0173 knyga.","breadcrumb":{"@id":"https:\/\/skaitytaknyga.lt\/produktas\/aidas-marcenas-sarunas-leonavicius-zmogaus-zvaigzde-2\/#breadcrumb"},"inLanguage":"en-GB","potentialAction":[{"@type":"ReadAction","target":["https:\/\/skaitytaknyga.lt\/produktas\/aidas-marcenas-sarunas-leonavicius-zmogaus-zvaigzde-2\/"]}]},{"@type":"ImageObject","inLanguage":"en-GB","@id":"https:\/\/skaitytaknyga.lt\/produktas\/aidas-marcenas-sarunas-leonavicius-zmogaus-zvaigzde-2\/#primaryimage","url":"https:\/\/skaitytaknyga.lt\/wp-content\/uploads\/2024\/04\/23491013._SX318_.jpg","contentUrl":"https:\/\/skaitytaknyga.lt\/wp-content\/uploads\/2024\/04\/23491013._SX318_.jpg","width":318,"height":429,"caption":"23491013. SX318"},{"@type":"BreadcrumbList","@id":"https:\/\/skaitytaknyga.lt\/produktas\/aidas-marcenas-sarunas-leonavicius-zmogaus-zvaigzde-2\/#breadcrumb","itemListElement":[{"@type":"ListItem","position":1,"name":"Home","item":"https:\/\/skaitytaknyga.lt\/"},{"@type":"ListItem","position":2,"name":"Parduotuv\u0117","item":"https:\/\/skaitytaknyga.lt\/knygu-parduotuve\/"},{"@type":"ListItem","position":3,"name":"\u017dmogaus \u017evaig\u017ed\u0117"}]},{"@type":"WebSite","@id":"https:\/\/skaitytaknyga.lt\/#website","url":"https:\/\/skaitytaknyga.lt\/","name":"skaitytaknyga.lt","description":"Skaitytaknyga.lt \u2013 tai ma\u017eas \u0161eimos verslas, kuris prasid\u0117jo nuo meil\u0117s knygoms ir siekio i\u0161gelb\u0117ti knygas nuo likimo prie konteinerio. Kas vienam nereikalingas daiktas \u2013 kitam lobis, o mes esame tarpininkai, kurie padeda abiems tapti laimingesniems ???? \u017dinome kaip nelengva i\u0161gyventi ma\u017eiems verslams, tad nuo \u0161iol, \u010dia rasite ir kit\u0173, ma\u017e\u0173 \u0161eim\u0173 versl\u0173, rank\u0173 darbo, dovan\u0173 sau ir artimiesiems.","publisher":{"@id":"https:\/\/skaitytaknyga.lt\/#organization"},"potentialAction":[{"@type":"SearchAction","target":{"@type":"EntryPoint","urlTemplate":"https:\/\/skaitytaknyga.lt\/?s={search_term_string}"},"query-input":{"@type":"PropertyValueSpecification","valueRequired":true,"valueName":"search_term_string"}}],"inLanguage":"en-GB"},{"@type":"Organization","@id":"https:\/\/skaitytaknyga.lt\/#organization","name":"skaitytaknyga.lt","url":"https:\/\/skaitytaknyga.lt\/","logo":{"@type":"ImageObject","inLanguage":"en-GB","@id":"https:\/\/skaitytaknyga.lt\/#\/schema\/logo\/image\/","url":"https:\/\/skaitytaknyga.lt\/wp-content\/uploads\/2024\/05\/cropped-cropped-cropped-02_00843_jt3bggkj1j3HLc7SyY6rEUpg.jpeg","contentUrl":"https:\/\/skaitytaknyga.lt\/wp-content\/uploads\/2024\/05\/cropped-cropped-cropped-02_00843_jt3bggkj1j3HLc7SyY6rEUpg.jpeg","width":1600,"height":1600,"caption":"skaitytaknyga.lt"},"image":{"@id":"https:\/\/skaitytaknyga.lt\/#\/schema\/logo\/image\/"},"sameAs":["https:\/\/www.facebook.com\/skaitytaknyga\/"]}]}},"_links":{"self":[{"href":"https:\/\/skaitytaknyga.lt\/en\/wp-json\/wp\/v2\/product\/7695","targetHints":{"allow":["GET"]}}],"collection":[{"href":"https:\/\/skaitytaknyga.lt\/en\/wp-json\/wp\/v2\/product"}],"about":[{"href":"https:\/\/skaitytaknyga.lt\/en\/wp-json\/wp\/v2\/types\/product"}],"replies":[{"embeddable":true,"href":"https:\/\/skaitytaknyga.lt\/en\/wp-json\/wp\/v2\/comments?post=7695"}],"wp:featuredmedia":[{"embeddable":true,"href":"https:\/\/skaitytaknyga.lt\/en\/wp-json\/wp\/v2\/media\/3081"}],"wp:attachment":[{"href":"https:\/\/skaitytaknyga.lt\/en\/wp-json\/wp\/v2\/media?parent=7695"}],"wp:term":[{"taxonomy":"product_brand","embeddable":true,"href":"https:\/\/skaitytaknyga.lt\/en\/wp-json\/wp\/v2\/product_brand?post=7695"},{"taxonomy":"product_cat","embeddable":true,"href":"https:\/\/skaitytaknyga.lt\/en\/wp-json\/wp\/v2\/product_cat?post=7695"},{"taxonomy":"product_tag","embeddable":true,"href":"https:\/\/skaitytaknyga.lt\/en\/wp-json\/wp\/v2\/product_tag?post=7695"}],"curies":[{"name":"wp","href":"https:\/\/api.w.org\/{rel}","templated":true}]}}