{"id":7691,"date":"2025-01-30T14:33:46","date_gmt":"2025-01-30T12:33:46","guid":{"rendered":"https:\/\/skaitytaknyga.lt\/?post_type=product&#038;p=7691"},"modified":"2026-02-01T22:13:31","modified_gmt":"2026-02-01T20:13:31","slug":"alvydas-slepikas-mano-vardas-maryte","status":"publish","type":"product","link":"https:\/\/skaitytaknyga.lt\/en\/produktas\/alvydas-slepikas-mano-vardas-maryte\/","title":{"rendered":"Mano vardas \u2013 Maryt\u0117"},"content":{"rendered":"<p>Romanas \u201eMano vardas \u2013 Maryt\u0117\u201c nu\u0161vie\u010dia vien\u0105 i\u0161 balt\u0173j\u0173 istorijos d\u0117mi\u0173 \u2013 vilko vaik\u0173 situacij\u0105. Po Antrojo pasaulinio karo Rytpr\u016bsi\u0173 vokiet\u0117s siunt\u0117 vaikus anapus Nemuno, kur buvo duonos, ir vokietukai \u0117jo \u012f Lietuv\u0105, dirbo pas \u016bkininkus, elgetavo, o sunkiai u\u017edirbt\u0105 maist\u0105 ne\u0161\u0117 savo badaujan\u010dioms \u0161eimoms.<\/p>\n<p>Vokie\u010di\u0173 mergait\u0117s Renat\u0117s, gavusios lietuvi\u0161k\u0105 vard\u0105 Maryt\u0117, ir jos \u0161eimos istorija atskleid\u017eia daugelio pab\u0117g\u0117li\u0173 tragi\u0161k\u0105 likim\u0105, pirmuosius pokario metus Rytpr\u016bsiuose ir Lietuvoje. Romano autorius r\u0117m\u0117si tikrais faktais, vilko vaik\u0173 ir j\u0173 artim\u0173j\u0173 pasakojimais.<\/p>\n<p>Karus ka\u017ekas pradeda, ka\u017ekas tampa nugal\u0117tojais, ta\u010diau na\u0161l\u0117s ir vaikai pralaimi visada. Antrasis pasaulinis karas pasibaig\u0117, jie \u2013 tarp pralaim\u0117jusi\u0173, nes \u017euvusieji buvo j\u0173 t\u0117vai, o na\u0161l\u0117s \u2013 j\u0173 motinos. Pasaulis plyt\u0117jo piktas ir pavarg\u0119s. O jie \u2013 tik vaikai. Ta\u010diau \u2013 vilko vaikai. \u0160i knyga \u2013 apie meil\u0119 ir u\u017euojaut\u0105. Ir apie atmint\u012f. \u2013 Alvydas \u0160lepikas<\/p>\n<ul class=\"about-product d-none d-xl-block mt-4\">\n<li><strong>Autorius:<\/strong>\u00a0Alvydas \u0160lepikas<\/li>\n<li><strong>Leid\u0117jas:<\/strong>\u00a0Lietuvos ra\u0161ytoj\u0173 s\u0105jungos leidykla<\/li>\n<li><strong>Metai:<\/strong>\u00a02020<\/li>\n<li><strong>Puslapiai:<\/strong>\u00a0184<\/li>\n<li class=\"toggleable type-new-formats \"><strong>ISBN:<\/strong>\u00a09789986399032<\/li>\n<li><strong>Versijos kodas:<\/strong>\u00a0PT.<\/li>\n<li class=\"toggleable type-new-formats \"><strong>Formatas:<\/strong>\u00a014,5 x 21,5 x 2,2 cm, kieti vir\u0161eliai<\/li>\n<li><strong>Kalba:<\/strong>\u00a0Lietuvi\u0173<\/li>\n<\/ul>\n","protected":false},"excerpt":{"rendered":"<p>Romanas \u201eMano vardas \u2013 Maryt\u0117\u201c nu\u0161vie\u010dia vien\u0105 i\u0161 balt\u0173j\u0173 istorijos d\u0117mi\u0173 \u2013 vilko vaik\u0173 situacij\u0105. Po Antrojo pasaulinio karo Rytpr\u016bsi\u0173 vokiet\u0117s siunt\u0117 vaikus anapus Nemuno, kur buvo duonos, ir vokietukai \u0117jo \u012f Lietuv\u0105, dirbo pas \u016bkininkus, elgetavo, o sunkiai u\u017edirbt\u0105 maist\u0105 ne\u0161\u0117 savo badaujan\u010dioms \u0161eimoms. Vokie\u010di\u0173 mergait\u0117s Renat\u0117s, gavusios lietuvi\u0161k\u0105 vard\u0105 Maryt\u0117, ir jos \u0161eimos istorija atskleid\u017eia daugelio pab\u0117g\u0117li\u0173 tragi\u0161k\u0105 likim\u0105, pirmuosius pokario metus Rytpr\u016bsiuose ir Lietuvoje. Romano autorius r\u0117m\u0117si tikrais faktais, vilko vaik\u0173 ir j\u0173 artim\u0173j\u0173 pasakojimais. Karus ka\u017ekas pradeda, ka\u017ekas tampa nugal\u0117tojais, ta\u010diau na\u0161l\u0117s ir vaikai pralaimi visada. Antrasis pasaulinis karas pasibaig\u0117, jie \u2013 tarp pralaim\u0117jusi\u0173, nes \u017euvusieji buvo j\u0173 t\u0117vai, o na\u0161l\u0117s \u2013 j\u0173 motinos. Pasaulis plyt\u0117jo piktas ir pavarg\u0119s. O jie \u2013 tik vaikai. Ta\u010diau \u2013 vilko vaikai. \u0160i knyga \u2013 apie meil\u0119 ir u\u017euojaut\u0105. Ir apie atmint\u012f. \u2013 Alvydas \u0160lepikas Autorius:\u00a0Alvydas \u0160lepikas Leid\u0117jas:\u00a0Lietuvos ra\u0161ytoj\u0173 s\u0105jungos leidykla Metai:\u00a02020 Puslapiai:\u00a0184 ISBN:\u00a09789986399032 Versijos kodas:\u00a0PT. Formatas:\u00a014,5 x 21,5 x 2,2 cm, kieti vir\u0161eliai Kalba:\u00a0Lietuvi\u0173<\/p>\n","protected":false},"featured_media":3077,"comment_status":"closed","ping_status":"closed","template":"","meta":{"_acf_changed":false,"site-sidebar-layout":"default","site-content-layout":"","ast-site-content-layout":"default","site-content-style":"default","site-sidebar-style":"default","ast-global-header-display":"","ast-banner-title-visibility":"","ast-main-header-display":"","ast-hfb-above-header-display":"","ast-hfb-below-header-display":"","ast-hfb-mobile-header-display":"","site-post-title":"","ast-breadcrumbs-content":"","ast-featured-img":"","footer-sml-layout":"","ast-disable-related-posts":"","theme-transparent-header-meta":"default","adv-header-id-meta":"","stick-header-meta":"","header-above-stick-meta":"","header-main-stick-meta":"","header-below-stick-meta":"","astra-migrate-meta-layouts":"set","ast-page-background-enabled":"default","ast-page-background-meta":{"desktop":{"background-color":"","background-image":"","background-repeat":"repeat","background-position":"center center","background-size":"auto","background-attachment":"scroll","background-type":"","background-media":"","overlay-type":"","overlay-color":"","overlay-opacity":"","overlay-gradient":""},"tablet":{"background-color":"","background-image":"","background-repeat":"repeat","background-position":"center center","background-size":"auto","background-attachment":"scroll","background-type":"","background-media":"","overlay-type":"","overlay-color":"","overlay-opacity":"","overlay-gradient":""},"mobile":{"background-color":"","background-image":"","background-repeat":"repeat","background-position":"center center","background-size":"auto","background-attachment":"scroll","background-type":"","background-media":"","overlay-type":"","overlay-color":"","overlay-opacity":"","overlay-gradient":""}},"ast-content-background-meta":{"desktop":{"background-color":"var(--ast-global-color-4)","background-image":"","background-repeat":"repeat","background-position":"center center","background-size":"auto","background-attachment":"scroll","background-type":"","background-media":"","overlay-type":"","overlay-color":"","overlay-opacity":"","overlay-gradient":""},"tablet":{"background-color":"var(--ast-global-color-4)","background-image":"","background-repeat":"repeat","background-position":"center center","background-size":"auto","background-attachment":"scroll","background-type":"","background-media":"","overlay-type":"","overlay-color":"","overlay-opacity":"","overlay-gradient":""},"mobile":{"background-color":"var(--ast-global-color-4)","background-image":"","background-repeat":"repeat","background-position":"center center","background-size":"auto","background-attachment":"scroll","background-type":"","background-media":"","overlay-type":"","overlay-color":"","overlay-opacity":"","overlay-gradient":""}}},"product_brand":[],"product_cat":[31],"product_tag":[4927,4782,2625,1838,3814,4929,4928],"class_list":{"0":"post-7691","1":"product","2":"type-product","3":"status-publish","4":"has-post-thumbnail","6":"product_cat-grozine-literatura","7":"product_tag-alvydas-slepikas","8":"product_tag-antrojo-pasaulinio-karo-padariniai","9":"product_tag-lietuva","10":"product_tag-pabegeliai","11":"product_tag-pokaris","12":"product_tag-rytprusiai","13":"product_tag-vilko-vaikai","14":"desktop-align-left","15":"tablet-align-left","16":"mobile-align-left","18":"first","19":"outofstock","20":"shipping-taxable","21":"purchasable","22":"product-type-simple"},"acf":[],"yoast_head":"<!-- This site is optimized with the Yoast SEO plugin v27.0 - https:\/\/yoast.com\/product\/yoast-seo-wordpress\/ -->\n<title>Mano vardas \u2013 Maryt\u0117<\/title>\n<meta name=\"description\" content=\"Romanas \u201eMano vardas \u2013 Maryt\u0117\u201c nu\u0161vie\u010dia vien\u0105 i\u0161 balt\u0173j\u0173 istorijos d\u0117mi\u0173 \u2013 vilko vaik\u0173 situacij\u0105. Po Antrojo pasaulinio karo Rytpr\u016bsi\u0173 vokiet\u0117s siunt\u0117\" \/>\n<meta name=\"robots\" content=\"index, follow, max-snippet:-1, max-image-preview:large, max-video-preview:-1\" \/>\n<link rel=\"canonical\" href=\"https:\/\/skaitytaknyga.lt\/en\/produktas\/alvydas-slepikas-mano-vardas-maryte\/\" \/>\n<meta property=\"og:locale\" content=\"en_GB\" \/>\n<meta property=\"og:locale:alternate\" content=\"lt_LT\" \/>\n<meta property=\"og:type\" content=\"article\" \/>\n<meta property=\"og:title\" content=\"Mano vardas \u2013 Maryt\u0117\" \/>\n<meta property=\"og:description\" content=\"Romanas \u201eMano vardas \u2013 Maryt\u0117\u201c nu\u0161vie\u010dia vien\u0105 i\u0161 balt\u0173j\u0173 istorijos d\u0117mi\u0173 \u2013 vilko vaik\u0173 situacij\u0105. Po Antrojo pasaulinio karo Rytpr\u016bsi\u0173 vokiet\u0117s siunt\u0117\" \/>\n<meta property=\"og:url\" content=\"https:\/\/skaitytaknyga.lt\/en\/produktas\/alvydas-slepikas-mano-vardas-maryte\/\" \/>\n<meta property=\"og:site_name\" content=\"Skaitytaknyga\" \/>\n<meta property=\"article:publisher\" content=\"https:\/\/www.facebook.com\/skaitytaknyga\/\" \/>\n<meta property=\"article:modified_time\" content=\"2026-02-01T20:13:31+00:00\" \/>\n<meta property=\"og:image\" content=\"https:\/\/skaitytaknyga.lt\/wp-content\/uploads\/2024\/04\/000000000002142980-59de809a97a06-asset-knyguklubas-cdb_9789986397014_p1.jpg\" \/>\n\t<meta property=\"og:image:width\" content=\"285\" \/>\n\t<meta property=\"og:image:height\" content=\"434\" \/>\n\t<meta property=\"og:image:type\" content=\"image\/jpeg\" \/>\n<meta name=\"twitter:card\" content=\"summary_large_image\" \/>\n<meta name=\"twitter:label1\" content=\"Estimated reading time\" \/>\n\t<meta name=\"twitter:data1\" content=\"2 minutes\" \/>\n<script type=\"application\/ld+json\" class=\"yoast-schema-graph\">{\"@context\":\"https:\/\/schema.org\",\"@graph\":[{\"@type\":\"WebPage\",\"@id\":\"https:\/\/skaitytaknyga.lt\/produktas\/alvydas-slepikas-mano-vardas-maryte\/\",\"url\":\"https:\/\/skaitytaknyga.lt\/produktas\/alvydas-slepikas-mano-vardas-maryte\/\",\"name\":\"Mano vardas \u2013 Maryt\u0117\",\"isPartOf\":{\"@id\":\"https:\/\/skaitytaknyga.lt\/#website\"},\"primaryImageOfPage\":{\"@id\":\"https:\/\/skaitytaknyga.lt\/produktas\/alvydas-slepikas-mano-vardas-maryte\/#primaryimage\"},\"image\":{\"@id\":\"https:\/\/skaitytaknyga.lt\/produktas\/alvydas-slepikas-mano-vardas-maryte\/#primaryimage\"},\"thumbnailUrl\":\"https:\/\/skaitytaknyga.lt\/wp-content\/uploads\/2024\/04\/000000000002142980-59de809a97a06-asset-knyguklubas-cdb_9789986397014_p1.jpg\",\"datePublished\":\"2025-01-30T12:33:46+00:00\",\"dateModified\":\"2026-02-01T20:13:31+00:00\",\"description\":\"Romanas \u201eMano vardas \u2013 Maryt\u0117\u201c nu\u0161vie\u010dia vien\u0105 i\u0161 balt\u0173j\u0173 istorijos d\u0117mi\u0173 \u2013 vilko vaik\u0173 situacij\u0105. Po Antrojo pasaulinio karo Rytpr\u016bsi\u0173 vokiet\u0117s siunt\u0117\",\"breadcrumb\":{\"@id\":\"https:\/\/skaitytaknyga.lt\/produktas\/alvydas-slepikas-mano-vardas-maryte\/#breadcrumb\"},\"inLanguage\":\"en-GB\",\"potentialAction\":[{\"@type\":\"ReadAction\",\"target\":[\"https:\/\/skaitytaknyga.lt\/produktas\/alvydas-slepikas-mano-vardas-maryte\/\"]}]},{\"@type\":\"ImageObject\",\"inLanguage\":\"en-GB\",\"@id\":\"https:\/\/skaitytaknyga.lt\/produktas\/alvydas-slepikas-mano-vardas-maryte\/#primaryimage\",\"url\":\"https:\/\/skaitytaknyga.lt\/wp-content\/uploads\/2024\/04\/000000000002142980-59de809a97a06-asset-knyguklubas-cdb_9789986397014_p1.jpg\",\"contentUrl\":\"https:\/\/skaitytaknyga.lt\/wp-content\/uploads\/2024\/04\/000000000002142980-59de809a97a06-asset-knyguklubas-cdb_9789986397014_p1.jpg\",\"width\":285,\"height\":434,\"caption\":\"000000000002142980 59de809a97a06 asset knyguklubas cdb 9789986397014 p1\"},{\"@type\":\"BreadcrumbList\",\"@id\":\"https:\/\/skaitytaknyga.lt\/produktas\/alvydas-slepikas-mano-vardas-maryte\/#breadcrumb\",\"itemListElement\":[{\"@type\":\"ListItem\",\"position\":1,\"name\":\"Home\",\"item\":\"https:\/\/skaitytaknyga.lt\/\"},{\"@type\":\"ListItem\",\"position\":2,\"name\":\"Parduotuv\u0117\",\"item\":\"https:\/\/skaitytaknyga.lt\/knygu-parduotuve\/\"},{\"@type\":\"ListItem\",\"position\":3,\"name\":\"Mano vardas \u2013 Maryt\u0117\"}]},{\"@type\":\"WebSite\",\"@id\":\"https:\/\/skaitytaknyga.lt\/#website\",\"url\":\"https:\/\/skaitytaknyga.lt\/\",\"name\":\"skaitytaknyga.lt\",\"description\":\"Skaitytaknyga.lt \u2013 tai ma\u017eas \u0161eimos verslas, kuris prasid\u0117jo nuo meil\u0117s knygoms ir siekio i\u0161gelb\u0117ti knygas nuo likimo prie konteinerio. Kas vienam nereikalingas daiktas \u2013 kitam lobis, o mes esame tarpininkai, kurie padeda abiems tapti laimingesniems ???? \u017dinome kaip nelengva i\u0161gyventi ma\u017eiems verslams, tad nuo \u0161iol, \u010dia rasite ir kit\u0173, ma\u017e\u0173 \u0161eim\u0173 versl\u0173, rank\u0173 darbo, dovan\u0173 sau ir artimiesiems.\",\"publisher\":{\"@id\":\"https:\/\/skaitytaknyga.lt\/#organization\"},\"potentialAction\":[{\"@type\":\"SearchAction\",\"target\":{\"@type\":\"EntryPoint\",\"urlTemplate\":\"https:\/\/skaitytaknyga.lt\/?s={search_term_string}\"},\"query-input\":{\"@type\":\"PropertyValueSpecification\",\"valueRequired\":true,\"valueName\":\"search_term_string\"}}],\"inLanguage\":\"en-GB\"},{\"@type\":\"Organization\",\"@id\":\"https:\/\/skaitytaknyga.lt\/#organization\",\"name\":\"skaitytaknyga.lt\",\"url\":\"https:\/\/skaitytaknyga.lt\/\",\"logo\":{\"@type\":\"ImageObject\",\"inLanguage\":\"en-GB\",\"@id\":\"https:\/\/skaitytaknyga.lt\/#\/schema\/logo\/image\/\",\"url\":\"https:\/\/skaitytaknyga.lt\/wp-content\/uploads\/2024\/05\/cropped-cropped-cropped-02_00843_jt3bggkj1j3HLc7SyY6rEUpg.jpeg\",\"contentUrl\":\"https:\/\/skaitytaknyga.lt\/wp-content\/uploads\/2024\/05\/cropped-cropped-cropped-02_00843_jt3bggkj1j3HLc7SyY6rEUpg.jpeg\",\"width\":1600,\"height\":1600,\"caption\":\"skaitytaknyga.lt\"},\"image\":{\"@id\":\"https:\/\/skaitytaknyga.lt\/#\/schema\/logo\/image\/\"},\"sameAs\":[\"https:\/\/www.facebook.com\/skaitytaknyga\/\"]}]}<\/script>\n<!-- \/ Yoast SEO plugin. -->","yoast_head_json":{"title":"Mano vardas \u2013 Maryt\u0117","description":"Romanas \u201eMano vardas \u2013 Maryt\u0117\u201c nu\u0161vie\u010dia vien\u0105 i\u0161 balt\u0173j\u0173 istorijos d\u0117mi\u0173 \u2013 vilko vaik\u0173 situacij\u0105. Po Antrojo pasaulinio karo Rytpr\u016bsi\u0173 vokiet\u0117s siunt\u0117","robots":{"index":"index","follow":"follow","max-snippet":"max-snippet:-1","max-image-preview":"max-image-preview:large","max-video-preview":"max-video-preview:-1"},"canonical":"https:\/\/skaitytaknyga.lt\/en\/produktas\/alvydas-slepikas-mano-vardas-maryte\/","og_locale":"en_GB","og_type":"article","og_title":"[:lt]Mano vardas \u2013 Maryt\u0117[:] - Skaitytaknyga","og_description":"Romanas \u201eMano vardas \u2013 Maryt\u0117\u201c nu\u0161vie\u010dia vien\u0105 i\u0161 balt\u0173j\u0173 istorijos d\u0117mi\u0173 \u2013 vilko vaik\u0173 situacij\u0105. Po Antrojo pasaulinio karo Rytpr\u016bsi\u0173 vokiet\u0117s siunt\u0117","og_url":"https:\/\/skaitytaknyga.lt\/en\/produktas\/alvydas-slepikas-mano-vardas-maryte\/","og_site_name":"Skaitytaknyga","article_publisher":"https:\/\/www.facebook.com\/skaitytaknyga\/","article_modified_time":"2026-02-01T20:13:31+00:00","og_image":[{"width":285,"height":434,"url":"https:\/\/skaitytaknyga.lt\/wp-content\/uploads\/2024\/04\/000000000002142980-59de809a97a06-asset-knyguklubas-cdb_9789986397014_p1.jpg","type":"image\/jpeg"}],"twitter_card":"summary_large_image","twitter_misc":{"Estimated reading time":"2 minutes"},"schema":{"@context":"https:\/\/schema.org","@graph":[{"@type":"WebPage","@id":"https:\/\/skaitytaknyga.lt\/produktas\/alvydas-slepikas-mano-vardas-maryte\/","url":"https:\/\/skaitytaknyga.lt\/produktas\/alvydas-slepikas-mano-vardas-maryte\/","name":"Mano vardas \u2013 Maryt\u0117","isPartOf":{"@id":"https:\/\/skaitytaknyga.lt\/#website"},"primaryImageOfPage":{"@id":"https:\/\/skaitytaknyga.lt\/produktas\/alvydas-slepikas-mano-vardas-maryte\/#primaryimage"},"image":{"@id":"https:\/\/skaitytaknyga.lt\/produktas\/alvydas-slepikas-mano-vardas-maryte\/#primaryimage"},"thumbnailUrl":"https:\/\/skaitytaknyga.lt\/wp-content\/uploads\/2024\/04\/000000000002142980-59de809a97a06-asset-knyguklubas-cdb_9789986397014_p1.jpg","datePublished":"2025-01-30T12:33:46+00:00","dateModified":"2026-02-01T20:13:31+00:00","description":"Romanas \u201eMano vardas \u2013 Maryt\u0117\u201c nu\u0161vie\u010dia vien\u0105 i\u0161 balt\u0173j\u0173 istorijos d\u0117mi\u0173 \u2013 vilko vaik\u0173 situacij\u0105. Po Antrojo pasaulinio karo Rytpr\u016bsi\u0173 vokiet\u0117s siunt\u0117","breadcrumb":{"@id":"https:\/\/skaitytaknyga.lt\/produktas\/alvydas-slepikas-mano-vardas-maryte\/#breadcrumb"},"inLanguage":"en-GB","potentialAction":[{"@type":"ReadAction","target":["https:\/\/skaitytaknyga.lt\/produktas\/alvydas-slepikas-mano-vardas-maryte\/"]}]},{"@type":"ImageObject","inLanguage":"en-GB","@id":"https:\/\/skaitytaknyga.lt\/produktas\/alvydas-slepikas-mano-vardas-maryte\/#primaryimage","url":"https:\/\/skaitytaknyga.lt\/wp-content\/uploads\/2024\/04\/000000000002142980-59de809a97a06-asset-knyguklubas-cdb_9789986397014_p1.jpg","contentUrl":"https:\/\/skaitytaknyga.lt\/wp-content\/uploads\/2024\/04\/000000000002142980-59de809a97a06-asset-knyguklubas-cdb_9789986397014_p1.jpg","width":285,"height":434,"caption":"000000000002142980 59de809a97a06 asset knyguklubas cdb 9789986397014 p1"},{"@type":"BreadcrumbList","@id":"https:\/\/skaitytaknyga.lt\/produktas\/alvydas-slepikas-mano-vardas-maryte\/#breadcrumb","itemListElement":[{"@type":"ListItem","position":1,"name":"Home","item":"https:\/\/skaitytaknyga.lt\/"},{"@type":"ListItem","position":2,"name":"Parduotuv\u0117","item":"https:\/\/skaitytaknyga.lt\/knygu-parduotuve\/"},{"@type":"ListItem","position":3,"name":"Mano vardas \u2013 Maryt\u0117"}]},{"@type":"WebSite","@id":"https:\/\/skaitytaknyga.lt\/#website","url":"https:\/\/skaitytaknyga.lt\/","name":"skaitytaknyga.lt","description":"Skaitytaknyga.lt \u2013 tai ma\u017eas \u0161eimos verslas, kuris prasid\u0117jo nuo meil\u0117s knygoms ir siekio i\u0161gelb\u0117ti knygas nuo likimo prie konteinerio. Kas vienam nereikalingas daiktas \u2013 kitam lobis, o mes esame tarpininkai, kurie padeda abiems tapti laimingesniems ???? \u017dinome kaip nelengva i\u0161gyventi ma\u017eiems verslams, tad nuo \u0161iol, \u010dia rasite ir kit\u0173, ma\u017e\u0173 \u0161eim\u0173 versl\u0173, rank\u0173 darbo, dovan\u0173 sau ir artimiesiems.","publisher":{"@id":"https:\/\/skaitytaknyga.lt\/#organization"},"potentialAction":[{"@type":"SearchAction","target":{"@type":"EntryPoint","urlTemplate":"https:\/\/skaitytaknyga.lt\/?s={search_term_string}"},"query-input":{"@type":"PropertyValueSpecification","valueRequired":true,"valueName":"search_term_string"}}],"inLanguage":"en-GB"},{"@type":"Organization","@id":"https:\/\/skaitytaknyga.lt\/#organization","name":"skaitytaknyga.lt","url":"https:\/\/skaitytaknyga.lt\/","logo":{"@type":"ImageObject","inLanguage":"en-GB","@id":"https:\/\/skaitytaknyga.lt\/#\/schema\/logo\/image\/","url":"https:\/\/skaitytaknyga.lt\/wp-content\/uploads\/2024\/05\/cropped-cropped-cropped-02_00843_jt3bggkj1j3HLc7SyY6rEUpg.jpeg","contentUrl":"https:\/\/skaitytaknyga.lt\/wp-content\/uploads\/2024\/05\/cropped-cropped-cropped-02_00843_jt3bggkj1j3HLc7SyY6rEUpg.jpeg","width":1600,"height":1600,"caption":"skaitytaknyga.lt"},"image":{"@id":"https:\/\/skaitytaknyga.lt\/#\/schema\/logo\/image\/"},"sameAs":["https:\/\/www.facebook.com\/skaitytaknyga\/"]}]}},"_links":{"self":[{"href":"https:\/\/skaitytaknyga.lt\/en\/wp-json\/wp\/v2\/product\/7691","targetHints":{"allow":["GET"]}}],"collection":[{"href":"https:\/\/skaitytaknyga.lt\/en\/wp-json\/wp\/v2\/product"}],"about":[{"href":"https:\/\/skaitytaknyga.lt\/en\/wp-json\/wp\/v2\/types\/product"}],"replies":[{"embeddable":true,"href":"https:\/\/skaitytaknyga.lt\/en\/wp-json\/wp\/v2\/comments?post=7691"}],"wp:featuredmedia":[{"embeddable":true,"href":"https:\/\/skaitytaknyga.lt\/en\/wp-json\/wp\/v2\/media\/3077"}],"wp:attachment":[{"href":"https:\/\/skaitytaknyga.lt\/en\/wp-json\/wp\/v2\/media?parent=7691"}],"wp:term":[{"taxonomy":"product_brand","embeddable":true,"href":"https:\/\/skaitytaknyga.lt\/en\/wp-json\/wp\/v2\/product_brand?post=7691"},{"taxonomy":"product_cat","embeddable":true,"href":"https:\/\/skaitytaknyga.lt\/en\/wp-json\/wp\/v2\/product_cat?post=7691"},{"taxonomy":"product_tag","embeddable":true,"href":"https:\/\/skaitytaknyga.lt\/en\/wp-json\/wp\/v2\/product_tag?post=7691"}],"curies":[{"name":"wp","href":"https:\/\/api.w.org\/{rel}","templated":true}]}}