{"id":7682,"date":"2024-05-04T14:33:24","date_gmt":"2024-05-04T14:33:24","guid":{"rendered":"https:\/\/skaitytaknyga.lt\/?post_type=product&#038;p=7682"},"modified":"2025-04-29T10:04:45","modified_gmt":"2025-04-29T07:04:45","slug":"patricia-schroder-princese-gvendolina-karaliskoji-drakono-medziokle","status":"publish","type":"product","link":"https:\/\/skaitytaknyga.lt\/en\/produktas\/patricia-schroder-princese-gvendolina-karaliskoji-drakono-medziokle\/","title":{"rendered":"Princes\u0117 Gvendolina. Karali\u0161koji drakono med\u017eiokl\u0117"},"content":{"rendered":"<p>Princes\u0117 Gvendolina i\u0161 savo t\u0117\u010dio karaliaus Gustavo gauna ne\u012fprast\u0105 dovan\u0105 \u2013 net 3785 minutes visi\u0161kos laisv\u0117s. Ji tekinom pasileid\u017eia \u012f kaim\u0105. Juk reikia pasir\u016bpinti sveikstan\u010diu arkliuku ir aplankyti geriausi\u0105 draug\u0119 Jet\u0119&#8230; Kaimo sodyboje princes\u0117 mokosi mel\u017eti o\u017ek\u0105, \u0161luoti grindis, skusti bulves. Smagu!<\/p>\n<p>Ta\u010diau nakt\u012f kyla gaisras. Mergai\u010di\u0173 laukia tikras nuotykis \u2013 susitikimas su baisiu ugnies drakonu, kuris padeg\u0117 karali\u0161k\u0105j\u012f mi\u0161k\u0105.<\/p>\n<p>Tai jau antroji knyga apie dr\u0105siausi\u0105 ir sumaniausi\u0105 princes\u0119 \u2013 drakon\u0173 med\u017eiotoj\u0105. Knygoje \u201eKarali\u0161kasis pasirodymas\u201c buvo pasakojama, kaip Gvendolina i\u0161gelb\u0117jo Pon\u012f Pauli\u0173 nuo skerdiko peilio ir atskleid\u0117 nedorus savo tetul\u0117s k\u0117slus.<\/p>\n","protected":false},"excerpt":{"rendered":"<p>Princes\u0117 Gvendolina i\u0161 savo t\u0117\u010dio karaliaus Gustavo gauna ne\u012fprast\u0105 dovan\u0105 \u2013 net 3785 minutes visi\u0161kos laisv\u0117s. Ji tekinom pasileid\u017eia \u012f kaim\u0105. Juk reikia pasir\u016bpinti sveikstan\u010diu arkliuku ir aplankyti geriausi\u0105 draug\u0119 Jet\u0119&#8230; Kaimo sodyboje princes\u0117 mokosi mel\u017eti o\u017ek\u0105, \u0161luoti grindis, skusti bulves. Smagu!<\/p>\n<p>Ta\u010diau nakt\u012f kyla gaisras. Mergai\u010di\u0173 laukia tikras nuotykis \u2013 susitikimas su baisiu ugnies drakonu, kuris padeg\u0117 karali\u0161k\u0105j\u012f mi\u0161k\u0105.<\/p>\n<p>Tai jau antroji knyga apie dr\u0105siausi\u0105 ir sumaniausi\u0105 princes\u0119 \u2013 drakon\u0173 med\u017eiotoj\u0105. Knygoje \u201eKarali\u0161kasis pasirodymas\u201c buvo pasakojama, kaip Gvendolina i\u0161gelb\u0117jo Pon\u012f Pauli\u0173 nuo skerdiko peilio ir atskleid\u0117 nedorus savo tetul\u0117s k\u0117slus.<\/p>\n","protected":false},"featured_media":3046,"comment_status":"closed","ping_status":"closed","template":"","meta":{"_acf_changed":false,"site-sidebar-layout":"default","site-content-layout":"","ast-site-content-layout":"default","site-content-style":"default","site-sidebar-style":"default","ast-global-header-display":"","ast-banner-title-visibility":"","ast-main-header-display":"","ast-hfb-above-header-display":"","ast-hfb-below-header-display":"","ast-hfb-mobile-header-display":"","site-post-title":"","ast-breadcrumbs-content":"","ast-featured-img":"","footer-sml-layout":"","ast-disable-related-posts":"","theme-transparent-header-meta":"","adv-header-id-meta":"","stick-header-meta":"","header-above-stick-meta":"","header-main-stick-meta":"","header-below-stick-meta":"","astra-migrate-meta-layouts":"default","ast-page-background-enabled":"default","ast-page-background-meta":{"desktop":{"background-color":"","background-image":"","background-repeat":"repeat","background-position":"center center","background-size":"auto","background-attachment":"scroll","background-type":"","background-media":"","overlay-type":"","overlay-color":"","overlay-opacity":"","overlay-gradient":""},"tablet":{"background-color":"","background-image":"","background-repeat":"repeat","background-position":"center center","background-size":"auto","background-attachment":"scroll","background-type":"","background-media":"","overlay-type":"","overlay-color":"","overlay-opacity":"","overlay-gradient":""},"mobile":{"background-color":"","background-image":"","background-repeat":"repeat","background-position":"center center","background-size":"auto","background-attachment":"scroll","background-type":"","background-media":"","overlay-type":"","overlay-color":"","overlay-opacity":"","overlay-gradient":""}},"ast-content-background-meta":{"desktop":{"background-color":"var(--ast-global-color-4)","background-image":"","background-repeat":"repeat","background-position":"center center","background-size":"auto","background-attachment":"scroll","background-type":"","background-media":"","overlay-type":"","overlay-color":"","overlay-opacity":"","overlay-gradient":""},"tablet":{"background-color":"var(--ast-global-color-4)","background-image":"","background-repeat":"repeat","background-position":"center center","background-size":"auto","background-attachment":"scroll","background-type":"","background-media":"","overlay-type":"","overlay-color":"","overlay-opacity":"","overlay-gradient":""},"mobile":{"background-color":"var(--ast-global-color-4)","background-image":"","background-repeat":"repeat","background-position":"center center","background-size":"auto","background-attachment":"scroll","background-type":"","background-media":"","overlay-type":"","overlay-color":"","overlay-opacity":"","overlay-gradient":""}}},"product_brand":[],"product_cat":[35],"product_tag":[],"class_list":{"0":"post-7682","1":"product","2":"type-product","3":"status-publish","4":"has-post-thumbnail","6":"product_cat-vaikams-ir-paaugliams","7":"desktop-align-left","8":"tablet-align-left","9":"mobile-align-left","11":"first","12":"instock","13":"shipping-taxable","14":"purchasable","15":"product-type-simple"},"acf":[],"yoast_head":"<!-- This site is optimized with the Yoast SEO plugin v27.4 - https:\/\/yoast.com\/product\/yoast-seo-wordpress\/ -->\n<title>Princes\u0117 Gvendolina. Karali\u0161koji drakono med\u017eiokl\u0117<\/title>\n<meta name=\"description\" content=\"Princes\u0117 Gvendolina i\u0161 savo t\u0117\u010dio karaliaus Gustavo gauna ne\u012fprast\u0105 dovan\u0105 \u2013 net 3785 minutes visi\u0161kos laisv\u0117s. Ji tekinom pasileid\u017eia \u012f kaim\u0105. Juk reikia pasir\u016bpinti sveikstan\u010diu arkliuku ir aplankyti geriausi\u0105 draug\u0119 Jet\u0119... Kaimo sodyboje princes\u0117 mokosi mel\u017eti o\u017ek\u0105, \u0161luoti grindis, skusti bulves. Smagu!  Ta\u010diau nakt\u012f kyla gaisras. Mergai\u010di\u0173 laukia tikras nuotykis \u2013 susitikimas su baisiu ugnies drakonu, kuris padeg\u0117 karali\u0161k\u0105j\u012f mi\u0161k\u0105.  Tai jau antroji knyga apie dr\u0105siausi\u0105 ir sumaniausi\u0105 princes\u0119 \u2013 drakon\u0173 med\u017eiotoj\u0105. Knygoje \u201eKarali\u0161kasis pasirodymas\u201c buvo pasakojama, kaip Gvendolina i\u0161gelb\u0117jo Pon\u012f Pauli\u0173 nuo skerdiko peilio ir atskleid\u0117 nedorus savo tetul\u0117s k\u0117slus.\" \/>\n<meta name=\"robots\" content=\"index, follow, max-snippet:-1, max-image-preview:large, max-video-preview:-1\" \/>\n<link rel=\"canonical\" href=\"https:\/\/skaitytaknyga.lt\/en\/produktas\/patricia-schroder-princese-gvendolina-karaliskoji-drakono-medziokle\/\" \/>\n<meta property=\"og:locale\" content=\"en_GB\" \/>\n<meta property=\"og:locale:alternate\" content=\"lt_LT\" \/>\n<meta property=\"og:type\" content=\"article\" \/>\n<meta property=\"og:title\" content=\"Princes\u0117 Gvendolina. Karali\u0161koji drakono med\u017eiokl\u0117\" \/>\n<meta property=\"og:description\" content=\"Princes\u0117 Gvendolina i\u0161 savo t\u0117\u010dio karaliaus Gustavo gauna ne\u012fprast\u0105 dovan\u0105 \u2013 net 3785 minutes visi\u0161kos laisv\u0117s. Ji tekinom pasileid\u017eia \u012f kaim\u0105. Juk reikia pasir\u016bpinti sveikstan\u010diu arkliuku ir aplankyti geriausi\u0105 draug\u0119 Jet\u0119... Kaimo sodyboje princes\u0117 mokosi mel\u017eti o\u017ek\u0105, \u0161luoti grindis, skusti bulves. Smagu!  Ta\u010diau nakt\u012f kyla gaisras. Mergai\u010di\u0173 laukia tikras nuotykis \u2013 susitikimas su baisiu ugnies drakonu, kuris padeg\u0117 karali\u0161k\u0105j\u012f mi\u0161k\u0105.  Tai jau antroji knyga apie dr\u0105siausi\u0105 ir sumaniausi\u0105 princes\u0119 \u2013 drakon\u0173 med\u017eiotoj\u0105. Knygoje \u201eKarali\u0161kasis pasirodymas\u201c buvo pasakojama, kaip Gvendolina i\u0161gelb\u0117jo Pon\u012f Pauli\u0173 nuo skerdiko peilio ir atskleid\u0117 nedorus savo tetul\u0117s k\u0117slus.\" \/>\n<meta property=\"og:url\" content=\"https:\/\/skaitytaknyga.lt\/en\/produktas\/patricia-schroder-princese-gvendolina-karaliskoji-drakono-medziokle\/\" \/>\n<meta property=\"og:site_name\" content=\"Skaitytaknyga\" \/>\n<meta property=\"article:publisher\" content=\"https:\/\/www.facebook.com\/skaitytaknyga\/\" \/>\n<meta property=\"article:modified_time\" content=\"2025-04-29T07:04:45+00:00\" \/>\n<meta property=\"og:image\" content=\"https:\/\/skaitytaknyga.lt\/wp-content\/uploads\/2024\/04\/1462886433_cdb9789955164135karaliskojidrakonomedziokleprincesegvendolinaz1.jpg\" \/>\n\t<meta property=\"og:image:width\" content=\"313\" \/>\n\t<meta property=\"og:image:height\" content=\"430\" \/>\n\t<meta property=\"og:image:type\" content=\"image\/jpeg\" \/>\n<meta name=\"twitter:card\" content=\"summary_large_image\" \/>\n<meta name=\"twitter:label1\" content=\"Estimated reading time\" \/>\n\t<meta name=\"twitter:data1\" content=\"1 minute\" \/>\n<script type=\"application\/ld+json\" class=\"yoast-schema-graph\">{\"@context\":\"https:\\\/\\\/schema.org\",\"@graph\":[{\"@type\":\"WebPage\",\"@id\":\"https:\\\/\\\/skaitytaknyga.lt\\\/produktas\\\/patricia-schroder-princese-gvendolina-karaliskoji-drakono-medziokle\\\/\",\"url\":\"https:\\\/\\\/skaitytaknyga.lt\\\/produktas\\\/patricia-schroder-princese-gvendolina-karaliskoji-drakono-medziokle\\\/\",\"name\":\"Princes\u0117 Gvendolina. Karali\u0161koji drakono med\u017eiokl\u0117\",\"isPartOf\":{\"@id\":\"https:\\\/\\\/skaitytaknyga.lt\\\/#website\"},\"primaryImageOfPage\":{\"@id\":\"https:\\\/\\\/skaitytaknyga.lt\\\/produktas\\\/patricia-schroder-princese-gvendolina-karaliskoji-drakono-medziokle\\\/#primaryimage\"},\"image\":{\"@id\":\"https:\\\/\\\/skaitytaknyga.lt\\\/produktas\\\/patricia-schroder-princese-gvendolina-karaliskoji-drakono-medziokle\\\/#primaryimage\"},\"thumbnailUrl\":\"https:\\\/\\\/skaitytaknyga.lt\\\/wp-content\\\/uploads\\\/2024\\\/04\\\/1462886433_cdb9789955164135karaliskojidrakonomedziokleprincesegvendolinaz1.jpg\",\"datePublished\":\"2024-05-04T14:33:24+00:00\",\"dateModified\":\"2025-04-29T07:04:45+00:00\",\"description\":\"Princes\u0117 Gvendolina i\u0161 savo t\u0117\u010dio karaliaus Gustavo gauna ne\u012fprast\u0105 dovan\u0105 \u2013 net 3785 minutes visi\u0161kos laisv\u0117s. Ji tekinom pasileid\u017eia \u012f kaim\u0105. Juk reikia pasir\u016bpinti sveikstan\u010diu arkliuku ir aplankyti geriausi\u0105 draug\u0119 Jet\u0119... Kaimo sodyboje princes\u0117 mokosi mel\u017eti o\u017ek\u0105, \u0161luoti grindis, skusti bulves. Smagu! Ta\u010diau nakt\u012f kyla gaisras. Mergai\u010di\u0173 laukia tikras nuotykis \u2013 susitikimas su baisiu ugnies drakonu, kuris padeg\u0117 karali\u0161k\u0105j\u012f mi\u0161k\u0105. Tai jau antroji knyga apie dr\u0105siausi\u0105 ir sumaniausi\u0105 princes\u0119 \u2013 drakon\u0173 med\u017eiotoj\u0105. Knygoje \u201eKarali\u0161kasis pasirodymas\u201c buvo pasakojama, kaip Gvendolina i\u0161gelb\u0117jo Pon\u012f Pauli\u0173 nuo skerdiko peilio ir atskleid\u0117 nedorus savo tetul\u0117s k\u0117slus.\",\"breadcrumb\":{\"@id\":\"https:\\\/\\\/skaitytaknyga.lt\\\/produktas\\\/patricia-schroder-princese-gvendolina-karaliskoji-drakono-medziokle\\\/#breadcrumb\"},\"inLanguage\":\"en-GB\",\"potentialAction\":[{\"@type\":\"ReadAction\",\"target\":[\"https:\\\/\\\/skaitytaknyga.lt\\\/produktas\\\/patricia-schroder-princese-gvendolina-karaliskoji-drakono-medziokle\\\/\"]}]},{\"@type\":\"ImageObject\",\"inLanguage\":\"en-GB\",\"@id\":\"https:\\\/\\\/skaitytaknyga.lt\\\/produktas\\\/patricia-schroder-princese-gvendolina-karaliskoji-drakono-medziokle\\\/#primaryimage\",\"url\":\"https:\\\/\\\/skaitytaknyga.lt\\\/wp-content\\\/uploads\\\/2024\\\/04\\\/1462886433_cdb9789955164135karaliskojidrakonomedziokleprincesegvendolinaz1.jpg\",\"contentUrl\":\"https:\\\/\\\/skaitytaknyga.lt\\\/wp-content\\\/uploads\\\/2024\\\/04\\\/1462886433_cdb9789955164135karaliskojidrakonomedziokleprincesegvendolinaz1.jpg\",\"width\":313,\"height\":430,\"caption\":\"1462886433 cdb9789955164135karaliskojidrakonomedziokleprincesegvendolinaz1\"},{\"@type\":\"BreadcrumbList\",\"@id\":\"https:\\\/\\\/skaitytaknyga.lt\\\/produktas\\\/patricia-schroder-princese-gvendolina-karaliskoji-drakono-medziokle\\\/#breadcrumb\",\"itemListElement\":[{\"@type\":\"ListItem\",\"position\":1,\"name\":\"Home\",\"item\":\"https:\\\/\\\/skaitytaknyga.lt\\\/\"},{\"@type\":\"ListItem\",\"position\":2,\"name\":\"Parduotuv\u0117\",\"item\":\"https:\\\/\\\/skaitytaknyga.lt\\\/knygu-parduotuve\\\/\"},{\"@type\":\"ListItem\",\"position\":3,\"name\":\"Princes\u0117 Gvendolina. Karali\u0161koji drakono med\u017eiokl\u0117\"}]},{\"@type\":\"WebSite\",\"@id\":\"https:\\\/\\\/skaitytaknyga.lt\\\/#website\",\"url\":\"https:\\\/\\\/skaitytaknyga.lt\\\/\",\"name\":\"skaitytaknyga.lt\",\"description\":\"Skaitytaknyga.lt \u2013 tai ma\u017eas \u0161eimos verslas, kuris prasid\u0117jo nuo meil\u0117s knygoms ir siekio i\u0161gelb\u0117ti knygas nuo likimo prie konteinerio. Kas vienam nereikalingas daiktas \u2013 kitam lobis, o mes esame tarpininkai, kurie padeda abiems tapti laimingesniems ???? \u017dinome kaip nelengva i\u0161gyventi ma\u017eiems verslams, tad nuo \u0161iol, \u010dia rasite ir kit\u0173, ma\u017e\u0173 \u0161eim\u0173 versl\u0173, rank\u0173 darbo, dovan\u0173 sau ir artimiesiems.\",\"publisher\":{\"@id\":\"https:\\\/\\\/skaitytaknyga.lt\\\/#organization\"},\"potentialAction\":[{\"@type\":\"SearchAction\",\"target\":{\"@type\":\"EntryPoint\",\"urlTemplate\":\"https:\\\/\\\/skaitytaknyga.lt\\\/?s={search_term_string}\"},\"query-input\":{\"@type\":\"PropertyValueSpecification\",\"valueRequired\":true,\"valueName\":\"search_term_string\"}}],\"inLanguage\":\"en-GB\"},{\"@type\":\"Organization\",\"@id\":\"https:\\\/\\\/skaitytaknyga.lt\\\/#organization\",\"name\":\"skaitytaknyga.lt\",\"url\":\"https:\\\/\\\/skaitytaknyga.lt\\\/\",\"logo\":{\"@type\":\"ImageObject\",\"inLanguage\":\"en-GB\",\"@id\":\"https:\\\/\\\/skaitytaknyga.lt\\\/#\\\/schema\\\/logo\\\/image\\\/\",\"url\":\"https:\\\/\\\/skaitytaknyga.lt\\\/wp-content\\\/uploads\\\/2024\\\/05\\\/cropped-cropped-cropped-02_00843_jt3bggkj1j3HLc7SyY6rEUpg.jpeg\",\"contentUrl\":\"https:\\\/\\\/skaitytaknyga.lt\\\/wp-content\\\/uploads\\\/2024\\\/05\\\/cropped-cropped-cropped-02_00843_jt3bggkj1j3HLc7SyY6rEUpg.jpeg\",\"width\":1600,\"height\":1600,\"caption\":\"skaitytaknyga.lt\"},\"image\":{\"@id\":\"https:\\\/\\\/skaitytaknyga.lt\\\/#\\\/schema\\\/logo\\\/image\\\/\"},\"sameAs\":[\"https:\\\/\\\/www.facebook.com\\\/skaitytaknyga\\\/\"]}]}<\/script>\n<!-- \/ Yoast SEO plugin. -->","yoast_head_json":{"title":"Princes\u0117 Gvendolina. Karali\u0161koji drakono med\u017eiokl\u0117","description":"Princes\u0117 Gvendolina i\u0161 savo t\u0117\u010dio karaliaus Gustavo gauna ne\u012fprast\u0105 dovan\u0105 \u2013 net 3785 minutes visi\u0161kos laisv\u0117s. Ji tekinom pasileid\u017eia \u012f kaim\u0105. Juk reikia pasir\u016bpinti sveikstan\u010diu arkliuku ir aplankyti geriausi\u0105 draug\u0119 Jet\u0119... Kaimo sodyboje princes\u0117 mokosi mel\u017eti o\u017ek\u0105, \u0161luoti grindis, skusti bulves. Smagu!  Ta\u010diau nakt\u012f kyla gaisras. Mergai\u010di\u0173 laukia tikras nuotykis \u2013 susitikimas su baisiu ugnies drakonu, kuris padeg\u0117 karali\u0161k\u0105j\u012f mi\u0161k\u0105.  Tai jau antroji knyga apie dr\u0105siausi\u0105 ir sumaniausi\u0105 princes\u0119 \u2013 drakon\u0173 med\u017eiotoj\u0105. Knygoje \u201eKarali\u0161kasis pasirodymas\u201c buvo pasakojama, kaip Gvendolina i\u0161gelb\u0117jo Pon\u012f Pauli\u0173 nuo skerdiko peilio ir atskleid\u0117 nedorus savo tetul\u0117s k\u0117slus.","robots":{"index":"index","follow":"follow","max-snippet":"max-snippet:-1","max-image-preview":"max-image-preview:large","max-video-preview":"max-video-preview:-1"},"canonical":"https:\/\/skaitytaknyga.lt\/en\/produktas\/patricia-schroder-princese-gvendolina-karaliskoji-drakono-medziokle\/","og_locale":"en_GB","og_type":"article","og_title":"[:lt]Princes\u0117 Gvendolina. Karali\u0161koji drakono med\u017eiokl\u0117[:] - Skaitytaknyga","og_description":"Princes\u0117 Gvendolina i\u0161 savo t\u0117\u010dio karaliaus Gustavo gauna ne\u012fprast\u0105 dovan\u0105 \u2013 net 3785 minutes visi\u0161kos laisv\u0117s. Ji tekinom pasileid\u017eia \u012f kaim\u0105. Juk reikia pasir\u016bpinti sveikstan\u010diu arkliuku ir aplankyti geriausi\u0105 draug\u0119 Jet\u0119... Kaimo sodyboje princes\u0117 mokosi mel\u017eti o\u017ek\u0105, \u0161luoti grindis, skusti bulves. Smagu!  Ta\u010diau nakt\u012f kyla gaisras. Mergai\u010di\u0173 laukia tikras nuotykis \u2013 susitikimas su baisiu ugnies drakonu, kuris padeg\u0117 karali\u0161k\u0105j\u012f mi\u0161k\u0105.  Tai jau antroji knyga apie dr\u0105siausi\u0105 ir sumaniausi\u0105 princes\u0119 \u2013 drakon\u0173 med\u017eiotoj\u0105. Knygoje \u201eKarali\u0161kasis pasirodymas\u201c buvo pasakojama, kaip Gvendolina i\u0161gelb\u0117jo Pon\u012f Pauli\u0173 nuo skerdiko peilio ir atskleid\u0117 nedorus savo tetul\u0117s k\u0117slus.","og_url":"https:\/\/skaitytaknyga.lt\/en\/produktas\/patricia-schroder-princese-gvendolina-karaliskoji-drakono-medziokle\/","og_site_name":"Skaitytaknyga","article_publisher":"https:\/\/www.facebook.com\/skaitytaknyga\/","article_modified_time":"2025-04-29T07:04:45+00:00","og_image":[{"width":313,"height":430,"url":"https:\/\/skaitytaknyga.lt\/wp-content\/uploads\/2024\/04\/1462886433_cdb9789955164135karaliskojidrakonomedziokleprincesegvendolinaz1.jpg","type":"image\/jpeg"}],"twitter_card":"summary_large_image","twitter_misc":{"Estimated reading time":"1 minute"},"schema":{"@context":"https:\/\/schema.org","@graph":[{"@type":"WebPage","@id":"https:\/\/skaitytaknyga.lt\/produktas\/patricia-schroder-princese-gvendolina-karaliskoji-drakono-medziokle\/","url":"https:\/\/skaitytaknyga.lt\/produktas\/patricia-schroder-princese-gvendolina-karaliskoji-drakono-medziokle\/","name":"Princes\u0117 Gvendolina. Karali\u0161koji drakono med\u017eiokl\u0117","isPartOf":{"@id":"https:\/\/skaitytaknyga.lt\/#website"},"primaryImageOfPage":{"@id":"https:\/\/skaitytaknyga.lt\/produktas\/patricia-schroder-princese-gvendolina-karaliskoji-drakono-medziokle\/#primaryimage"},"image":{"@id":"https:\/\/skaitytaknyga.lt\/produktas\/patricia-schroder-princese-gvendolina-karaliskoji-drakono-medziokle\/#primaryimage"},"thumbnailUrl":"https:\/\/skaitytaknyga.lt\/wp-content\/uploads\/2024\/04\/1462886433_cdb9789955164135karaliskojidrakonomedziokleprincesegvendolinaz1.jpg","datePublished":"2024-05-04T14:33:24+00:00","dateModified":"2025-04-29T07:04:45+00:00","description":"Princes\u0117 Gvendolina i\u0161 savo t\u0117\u010dio karaliaus Gustavo gauna ne\u012fprast\u0105 dovan\u0105 \u2013 net 3785 minutes visi\u0161kos laisv\u0117s. Ji tekinom pasileid\u017eia \u012f kaim\u0105. Juk reikia pasir\u016bpinti sveikstan\u010diu arkliuku ir aplankyti geriausi\u0105 draug\u0119 Jet\u0119... Kaimo sodyboje princes\u0117 mokosi mel\u017eti o\u017ek\u0105, \u0161luoti grindis, skusti bulves. Smagu! Ta\u010diau nakt\u012f kyla gaisras. Mergai\u010di\u0173 laukia tikras nuotykis \u2013 susitikimas su baisiu ugnies drakonu, kuris padeg\u0117 karali\u0161k\u0105j\u012f mi\u0161k\u0105. Tai jau antroji knyga apie dr\u0105siausi\u0105 ir sumaniausi\u0105 princes\u0119 \u2013 drakon\u0173 med\u017eiotoj\u0105. Knygoje \u201eKarali\u0161kasis pasirodymas\u201c buvo pasakojama, kaip Gvendolina i\u0161gelb\u0117jo Pon\u012f Pauli\u0173 nuo skerdiko peilio ir atskleid\u0117 nedorus savo tetul\u0117s k\u0117slus.","breadcrumb":{"@id":"https:\/\/skaitytaknyga.lt\/produktas\/patricia-schroder-princese-gvendolina-karaliskoji-drakono-medziokle\/#breadcrumb"},"inLanguage":"en-GB","potentialAction":[{"@type":"ReadAction","target":["https:\/\/skaitytaknyga.lt\/produktas\/patricia-schroder-princese-gvendolina-karaliskoji-drakono-medziokle\/"]}]},{"@type":"ImageObject","inLanguage":"en-GB","@id":"https:\/\/skaitytaknyga.lt\/produktas\/patricia-schroder-princese-gvendolina-karaliskoji-drakono-medziokle\/#primaryimage","url":"https:\/\/skaitytaknyga.lt\/wp-content\/uploads\/2024\/04\/1462886433_cdb9789955164135karaliskojidrakonomedziokleprincesegvendolinaz1.jpg","contentUrl":"https:\/\/skaitytaknyga.lt\/wp-content\/uploads\/2024\/04\/1462886433_cdb9789955164135karaliskojidrakonomedziokleprincesegvendolinaz1.jpg","width":313,"height":430,"caption":"1462886433 cdb9789955164135karaliskojidrakonomedziokleprincesegvendolinaz1"},{"@type":"BreadcrumbList","@id":"https:\/\/skaitytaknyga.lt\/produktas\/patricia-schroder-princese-gvendolina-karaliskoji-drakono-medziokle\/#breadcrumb","itemListElement":[{"@type":"ListItem","position":1,"name":"Home","item":"https:\/\/skaitytaknyga.lt\/"},{"@type":"ListItem","position":2,"name":"Parduotuv\u0117","item":"https:\/\/skaitytaknyga.lt\/knygu-parduotuve\/"},{"@type":"ListItem","position":3,"name":"Princes\u0117 Gvendolina. Karali\u0161koji drakono med\u017eiokl\u0117"}]},{"@type":"WebSite","@id":"https:\/\/skaitytaknyga.lt\/#website","url":"https:\/\/skaitytaknyga.lt\/","name":"skaitytaknyga.lt","description":"Skaitytaknyga.lt \u2013 tai ma\u017eas \u0161eimos verslas, kuris prasid\u0117jo nuo meil\u0117s knygoms ir siekio i\u0161gelb\u0117ti knygas nuo likimo prie konteinerio. Kas vienam nereikalingas daiktas \u2013 kitam lobis, o mes esame tarpininkai, kurie padeda abiems tapti laimingesniems ???? \u017dinome kaip nelengva i\u0161gyventi ma\u017eiems verslams, tad nuo \u0161iol, \u010dia rasite ir kit\u0173, ma\u017e\u0173 \u0161eim\u0173 versl\u0173, rank\u0173 darbo, dovan\u0173 sau ir artimiesiems.","publisher":{"@id":"https:\/\/skaitytaknyga.lt\/#organization"},"potentialAction":[{"@type":"SearchAction","target":{"@type":"EntryPoint","urlTemplate":"https:\/\/skaitytaknyga.lt\/?s={search_term_string}"},"query-input":{"@type":"PropertyValueSpecification","valueRequired":true,"valueName":"search_term_string"}}],"inLanguage":"en-GB"},{"@type":"Organization","@id":"https:\/\/skaitytaknyga.lt\/#organization","name":"skaitytaknyga.lt","url":"https:\/\/skaitytaknyga.lt\/","logo":{"@type":"ImageObject","inLanguage":"en-GB","@id":"https:\/\/skaitytaknyga.lt\/#\/schema\/logo\/image\/","url":"https:\/\/skaitytaknyga.lt\/wp-content\/uploads\/2024\/05\/cropped-cropped-cropped-02_00843_jt3bggkj1j3HLc7SyY6rEUpg.jpeg","contentUrl":"https:\/\/skaitytaknyga.lt\/wp-content\/uploads\/2024\/05\/cropped-cropped-cropped-02_00843_jt3bggkj1j3HLc7SyY6rEUpg.jpeg","width":1600,"height":1600,"caption":"skaitytaknyga.lt"},"image":{"@id":"https:\/\/skaitytaknyga.lt\/#\/schema\/logo\/image\/"},"sameAs":["https:\/\/www.facebook.com\/skaitytaknyga\/"]}]}},"_links":{"self":[{"href":"https:\/\/skaitytaknyga.lt\/en\/wp-json\/wp\/v2\/product\/7682","targetHints":{"allow":["GET"]}}],"collection":[{"href":"https:\/\/skaitytaknyga.lt\/en\/wp-json\/wp\/v2\/product"}],"about":[{"href":"https:\/\/skaitytaknyga.lt\/en\/wp-json\/wp\/v2\/types\/product"}],"replies":[{"embeddable":true,"href":"https:\/\/skaitytaknyga.lt\/en\/wp-json\/wp\/v2\/comments?post=7682"}],"wp:featuredmedia":[{"embeddable":true,"href":"https:\/\/skaitytaknyga.lt\/en\/wp-json\/wp\/v2\/media\/3046"}],"wp:attachment":[{"href":"https:\/\/skaitytaknyga.lt\/en\/wp-json\/wp\/v2\/media?parent=7682"}],"wp:term":[{"taxonomy":"product_brand","embeddable":true,"href":"https:\/\/skaitytaknyga.lt\/en\/wp-json\/wp\/v2\/product_brand?post=7682"},{"taxonomy":"product_cat","embeddable":true,"href":"https:\/\/skaitytaknyga.lt\/en\/wp-json\/wp\/v2\/product_cat?post=7682"},{"taxonomy":"product_tag","embeddable":true,"href":"https:\/\/skaitytaknyga.lt\/en\/wp-json\/wp\/v2\/product_tag?post=7682"}],"curies":[{"name":"wp","href":"https:\/\/api.w.org\/{rel}","templated":true}]}}