{"id":7668,"date":"2024-05-04T14:33:23","date_gmt":"2024-05-04T14:33:23","guid":{"rendered":"https:\/\/skaitytaknyga.lt\/?post_type=product&#038;p=7668"},"modified":"2024-05-04T14:33:35","modified_gmt":"2024-05-04T14:33:35","slug":"100-oficialu-pirmas-zingsnis-i-amzinybe-mano-istorija-2","status":"publish","type":"product","link":"https:\/\/skaitytaknyga.lt\/en\/produktas\/100-oficialu-pirmas-zingsnis-i-amzinybe-mano-istorija-2\/","title":{"rendered":"100 % oficialu. Pirmas \u017eingsnis \u012f am\u017einyb\u0119: mano istorija"},"content":{"rendered":"<p>Ontarijuje, Stratforde gim\u0119s Justinas Bieberis yra gausiai talentais apdovanotas jaunas soul ir popmuzikos atlik\u0117jas, savamokslis muzikantas. Pasteb\u0117j\u0119s jo pasirodymus YouTube, muzikos vadybininkas Scooteris Braunas supa\u017eindino Justin\u0105 su muzikos pramone. Suvienij\u0119s j\u0117gas su super\u017evaig\u017ede Usheriu pad\u0117jo trylikame\u010diui vaikinui pasira\u0161yti kontrakt\u0105 su Island Def Jam Music Group. Pirmasis jo albumas My World per tris m\u0117nesius tapo platininiu ir pirmuoju debiutiniu albumu, kurio septynios dainos atsid\u016br\u0117 Billboard Top 100 hit\u0173 s\u0105ra\u0161e. Antrasis albumas, My World 2.0, debiutavo pirmoje hit\u0173 vietoje, visame pasaulyje buvo parduotas daugiau kaip penki\u0173 milijon\u0173 kopij\u0173 tira\u017eu ir toliau s\u0117kmingai perkamas.<\/p>\n","protected":false},"excerpt":{"rendered":"<p>Ontarijuje, Stratforde gim\u0119s Justinas Bieberis yra gausiai talentais apdovanotas jaunas soul ir popmuzikos atlik\u0117jas, savamokslis muzikantas. Pasteb\u0117j\u0119s jo pasirodymus YouTube, muzikos vadybininkas Scooteris Braunas supa\u017eindino Justin\u0105 su muzikos pramone ir suvienij\u0119s j\u0117gas su super\u017evaig\u017ede Usheriu pad\u0117jo trylikame\u010diui vaikinui pasira\u0161yti kontrakt\u0105 su Island Def Jam Music Group. Pirmasis jo albumas My World per tris m\u0117nesius tapo platininiu ir pirmuoju debiutiniu albumu, kurio septynios dainos atsid\u016br\u0117 Billboard Top 100 hit\u0173 s\u0105ra\u0161e. Antrasis albumas, My World 2.0, debiutavo pirmoje hit\u0173 vietoje, visame pasaulyje buvo parduotas daugiau kaip penki\u0173 milijon\u0173 kopij\u0173 tira\u017eu ir toliau s\u0117kmingai perkamas.<\/p>\n","protected":false},"featured_media":3012,"comment_status":"closed","ping_status":"closed","template":"","meta":{"_acf_changed":false,"site-sidebar-layout":"default","site-content-layout":"","ast-site-content-layout":"default","site-content-style":"default","site-sidebar-style":"default","ast-global-header-display":"","ast-banner-title-visibility":"","ast-main-header-display":"","ast-hfb-above-header-display":"","ast-hfb-below-header-display":"","ast-hfb-mobile-header-display":"","site-post-title":"","ast-breadcrumbs-content":"","ast-featured-img":"","footer-sml-layout":"","ast-disable-related-posts":"","theme-transparent-header-meta":"","adv-header-id-meta":"","stick-header-meta":"","header-above-stick-meta":"","header-main-stick-meta":"","header-below-stick-meta":"","astra-migrate-meta-layouts":"default","ast-page-background-enabled":"default","ast-page-background-meta":{"desktop":{"background-color":"","background-image":"","background-repeat":"repeat","background-position":"center center","background-size":"auto","background-attachment":"scroll","background-type":"","background-media":"","overlay-type":"","overlay-color":"","overlay-opacity":"","overlay-gradient":""},"tablet":{"background-color":"","background-image":"","background-repeat":"repeat","background-position":"center center","background-size":"auto","background-attachment":"scroll","background-type":"","background-media":"","overlay-type":"","overlay-color":"","overlay-opacity":"","overlay-gradient":""},"mobile":{"background-color":"","background-image":"","background-repeat":"repeat","background-position":"center center","background-size":"auto","background-attachment":"scroll","background-type":"","background-media":"","overlay-type":"","overlay-color":"","overlay-opacity":"","overlay-gradient":""}},"ast-content-background-meta":{"desktop":{"background-color":"var(--ast-global-color-4)","background-image":"","background-repeat":"repeat","background-position":"center center","background-size":"auto","background-attachment":"scroll","background-type":"","background-media":"","overlay-type":"","overlay-color":"","overlay-opacity":"","overlay-gradient":""},"tablet":{"background-color":"var(--ast-global-color-4)","background-image":"","background-repeat":"repeat","background-position":"center center","background-size":"auto","background-attachment":"scroll","background-type":"","background-media":"","overlay-type":"","overlay-color":"","overlay-opacity":"","overlay-gradient":""},"mobile":{"background-color":"var(--ast-global-color-4)","background-image":"","background-repeat":"repeat","background-position":"center center","background-size":"auto","background-attachment":"scroll","background-type":"","background-media":"","overlay-type":"","overlay-color":"","overlay-opacity":"","overlay-gradient":""}}},"product_brand":[],"product_cat":[33,35],"product_tag":[],"class_list":{"0":"post-7668","1":"product","2":"type-product","3":"status-publish","4":"has-post-thumbnail","6":"product_cat-biografijos","7":"product_cat-vaikams-ir-paaugliams","8":"desktop-align-left","9":"tablet-align-left","10":"mobile-align-left","12":"first","13":"outofstock","14":"shipping-taxable","15":"purchasable","16":"product-type-simple"},"acf":[],"yoast_head":"<!-- This site is optimized with the Yoast SEO plugin v27.4 - https:\/\/yoast.com\/product\/yoast-seo-wordpress\/ -->\n<title>100 % oficialu. Pirmas \u017eingsnis \u012f am\u017einyb\u0119: mano istorija - Skaitytaknyga<\/title>\n<meta name=\"description\" content=\"Ontarijuje, Stratforde gim\u0119s Justinas Bieberis yra gausiai talentais apdovanotas jaunas soul ir popmuzikos atlik\u0117jas, savamokslis muzikantas. Pasteb\u0117j\u0119s jo pasirodymus YouTube, muzikos vadybininkas Scooteris Braunas supa\u017eindino Justin\u0105 su muzikos pramone ir suvienij\u0119s j\u0117gas su super\u017evaig\u017ede Usheriu pad\u0117jo trylikame\u010diui vaikinui pasira\u0161yti kontrakt\u0105 su Island Def Jam Music Group. Pirmasis jo albumas My World per tris m\u0117nesius tapo platininiu ir pirmuoju debiutiniu albumu, kurio septynios dainos atsid\u016br\u0117 Billboard Top 100 hit\u0173 s\u0105ra\u0161e. Antrasis albumas, My World 2.0, debiutavo pirmoje hit\u0173 vietoje, visame pasaulyje buvo parduotas daugiau kaip penki\u0173 milijon\u0173 kopij\u0173 tira\u017eu ir toliau s\u0117kmingai perkamas.\" \/>\n<meta name=\"robots\" content=\"index, follow, max-snippet:-1, max-image-preview:large, max-video-preview:-1\" \/>\n<link rel=\"canonical\" href=\"https:\/\/skaitytaknyga.lt\/en\/produktas\/100-oficialu-pirmas-zingsnis-i-amzinybe-mano-istorija-2\/\" \/>\n<meta property=\"og:locale\" content=\"en_GB\" \/>\n<meta property=\"og:locale:alternate\" content=\"lt_LT\" \/>\n<meta property=\"og:type\" content=\"article\" \/>\n<meta property=\"og:title\" content=\"100 % oficialu. Pirmas \u017eingsnis \u012f am\u017einyb\u0119: mano istorija - Skaitytaknyga\" \/>\n<meta property=\"og:description\" content=\"Ontarijuje, Stratforde gim\u0119s Justinas Bieberis yra gausiai talentais apdovanotas jaunas soul ir popmuzikos atlik\u0117jas, savamokslis muzikantas. Pasteb\u0117j\u0119s jo pasirodymus YouTube, muzikos vadybininkas Scooteris Braunas supa\u017eindino Justin\u0105 su muzikos pramone ir suvienij\u0119s j\u0117gas su super\u017evaig\u017ede Usheriu pad\u0117jo trylikame\u010diui vaikinui pasira\u0161yti kontrakt\u0105 su Island Def Jam Music Group. Pirmasis jo albumas My World per tris m\u0117nesius tapo platininiu ir pirmuoju debiutiniu albumu, kurio septynios dainos atsid\u016br\u0117 Billboard Top 100 hit\u0173 s\u0105ra\u0161e. Antrasis albumas, My World 2.0, debiutavo pirmoje hit\u0173 vietoje, visame pasaulyje buvo parduotas daugiau kaip penki\u0173 milijon\u0173 kopij\u0173 tira\u017eu ir toliau s\u0117kmingai perkamas.\" \/>\n<meta property=\"og:url\" content=\"https:\/\/skaitytaknyga.lt\/en\/produktas\/100-oficialu-pirmas-zingsnis-i-amzinybe-mano-istorija-2\/\" \/>\n<meta property=\"og:site_name\" content=\"Skaitytaknyga\" \/>\n<meta property=\"article:publisher\" content=\"https:\/\/www.facebook.com\/skaitytaknyga\/\" \/>\n<meta property=\"article:modified_time\" content=\"2024-05-04T14:33:35+00:00\" \/>\n<meta property=\"og:image\" content=\"https:\/\/skaitytaknyga.lt\/wp-content\/uploads\/2024\/04\/000000000002141916-59de844b3e35f-asset-knyguklubas-cdb_justin_bieber_virselis_p1.jpg\" \/>\n\t<meta property=\"og:image:width\" content=\"285\" \/>\n\t<meta property=\"og:image:height\" content=\"373\" \/>\n\t<meta property=\"og:image:type\" content=\"image\/jpeg\" \/>\n<meta name=\"twitter:card\" content=\"summary_large_image\" \/>\n<meta name=\"twitter:label1\" content=\"Estimated reading time\" \/>\n\t<meta name=\"twitter:data1\" content=\"1 minute\" \/>\n<script type=\"application\/ld+json\" class=\"yoast-schema-graph\">{\"@context\":\"https:\\\/\\\/schema.org\",\"@graph\":[{\"@type\":\"WebPage\",\"@id\":\"https:\\\/\\\/skaitytaknyga.lt\\\/produktas\\\/100-oficialu-pirmas-zingsnis-i-amzinybe-mano-istorija-2\\\/\",\"url\":\"https:\\\/\\\/skaitytaknyga.lt\\\/produktas\\\/100-oficialu-pirmas-zingsnis-i-amzinybe-mano-istorija-2\\\/\",\"name\":\"100 % oficialu. Pirmas \u017eingsnis \u012f am\u017einyb\u0119: mano istorija - Skaitytaknyga\",\"isPartOf\":{\"@id\":\"https:\\\/\\\/skaitytaknyga.lt\\\/#website\"},\"primaryImageOfPage\":{\"@id\":\"https:\\\/\\\/skaitytaknyga.lt\\\/produktas\\\/100-oficialu-pirmas-zingsnis-i-amzinybe-mano-istorija-2\\\/#primaryimage\"},\"image\":{\"@id\":\"https:\\\/\\\/skaitytaknyga.lt\\\/produktas\\\/100-oficialu-pirmas-zingsnis-i-amzinybe-mano-istorija-2\\\/#primaryimage\"},\"thumbnailUrl\":\"https:\\\/\\\/skaitytaknyga.lt\\\/wp-content\\\/uploads\\\/2024\\\/04\\\/000000000002141916-59de844b3e35f-asset-knyguklubas-cdb_justin_bieber_virselis_p1.jpg\",\"datePublished\":\"2024-05-04T14:33:23+00:00\",\"dateModified\":\"2024-05-04T14:33:35+00:00\",\"description\":\"Ontarijuje, Stratforde gim\u0119s Justinas Bieberis yra gausiai talentais apdovanotas jaunas soul ir popmuzikos atlik\u0117jas, savamokslis muzikantas. Pasteb\u0117j\u0119s jo pasirodymus YouTube, muzikos vadybininkas Scooteris Braunas supa\u017eindino Justin\u0105 su muzikos pramone ir suvienij\u0119s j\u0117gas su super\u017evaig\u017ede Usheriu pad\u0117jo trylikame\u010diui vaikinui pasira\u0161yti kontrakt\u0105 su Island Def Jam Music Group. Pirmasis jo albumas My World per tris m\u0117nesius tapo platininiu ir pirmuoju debiutiniu albumu, kurio septynios dainos atsid\u016br\u0117 Billboard Top 100 hit\u0173 s\u0105ra\u0161e. Antrasis albumas, My World 2.0, debiutavo pirmoje hit\u0173 vietoje, visame pasaulyje buvo parduotas daugiau kaip penki\u0173 milijon\u0173 kopij\u0173 tira\u017eu ir toliau s\u0117kmingai perkamas.\",\"breadcrumb\":{\"@id\":\"https:\\\/\\\/skaitytaknyga.lt\\\/produktas\\\/100-oficialu-pirmas-zingsnis-i-amzinybe-mano-istorija-2\\\/#breadcrumb\"},\"inLanguage\":\"en-GB\",\"potentialAction\":[{\"@type\":\"ReadAction\",\"target\":[\"https:\\\/\\\/skaitytaknyga.lt\\\/produktas\\\/100-oficialu-pirmas-zingsnis-i-amzinybe-mano-istorija-2\\\/\"]}]},{\"@type\":\"ImageObject\",\"inLanguage\":\"en-GB\",\"@id\":\"https:\\\/\\\/skaitytaknyga.lt\\\/produktas\\\/100-oficialu-pirmas-zingsnis-i-amzinybe-mano-istorija-2\\\/#primaryimage\",\"url\":\"https:\\\/\\\/skaitytaknyga.lt\\\/wp-content\\\/uploads\\\/2024\\\/04\\\/000000000002141916-59de844b3e35f-asset-knyguklubas-cdb_justin_bieber_virselis_p1.jpg\",\"contentUrl\":\"https:\\\/\\\/skaitytaknyga.lt\\\/wp-content\\\/uploads\\\/2024\\\/04\\\/000000000002141916-59de844b3e35f-asset-knyguklubas-cdb_justin_bieber_virselis_p1.jpg\",\"width\":285,\"height\":373,\"caption\":\"000000000002141916 59de844b3e35f asset knyguklubas cdb justin bieber virselis p1\"},{\"@type\":\"BreadcrumbList\",\"@id\":\"https:\\\/\\\/skaitytaknyga.lt\\\/produktas\\\/100-oficialu-pirmas-zingsnis-i-amzinybe-mano-istorija-2\\\/#breadcrumb\",\"itemListElement\":[{\"@type\":\"ListItem\",\"position\":1,\"name\":\"Home\",\"item\":\"https:\\\/\\\/skaitytaknyga.lt\\\/\"},{\"@type\":\"ListItem\",\"position\":2,\"name\":\"Parduotuv\u0117\",\"item\":\"https:\\\/\\\/skaitytaknyga.lt\\\/knygu-parduotuve\\\/\"},{\"@type\":\"ListItem\",\"position\":3,\"name\":\"100 % oficialu. Pirmas \u017eingsnis \u012f am\u017einyb\u0119: mano istorija\"}]},{\"@type\":\"WebSite\",\"@id\":\"https:\\\/\\\/skaitytaknyga.lt\\\/#website\",\"url\":\"https:\\\/\\\/skaitytaknyga.lt\\\/\",\"name\":\"skaitytaknyga.lt\",\"description\":\"Skaitytaknyga.lt \u2013 tai ma\u017eas \u0161eimos verslas, kuris prasid\u0117jo nuo meil\u0117s knygoms ir siekio i\u0161gelb\u0117ti knygas nuo likimo prie konteinerio. Kas vienam nereikalingas daiktas \u2013 kitam lobis, o mes esame tarpininkai, kurie padeda abiems tapti laimingesniems ???? \u017dinome kaip nelengva i\u0161gyventi ma\u017eiems verslams, tad nuo \u0161iol, \u010dia rasite ir kit\u0173, ma\u017e\u0173 \u0161eim\u0173 versl\u0173, rank\u0173 darbo, dovan\u0173 sau ir artimiesiems.\",\"publisher\":{\"@id\":\"https:\\\/\\\/skaitytaknyga.lt\\\/#organization\"},\"potentialAction\":[{\"@type\":\"SearchAction\",\"target\":{\"@type\":\"EntryPoint\",\"urlTemplate\":\"https:\\\/\\\/skaitytaknyga.lt\\\/?s={search_term_string}\"},\"query-input\":{\"@type\":\"PropertyValueSpecification\",\"valueRequired\":true,\"valueName\":\"search_term_string\"}}],\"inLanguage\":\"en-GB\"},{\"@type\":\"Organization\",\"@id\":\"https:\\\/\\\/skaitytaknyga.lt\\\/#organization\",\"name\":\"skaitytaknyga.lt\",\"url\":\"https:\\\/\\\/skaitytaknyga.lt\\\/\",\"logo\":{\"@type\":\"ImageObject\",\"inLanguage\":\"en-GB\",\"@id\":\"https:\\\/\\\/skaitytaknyga.lt\\\/#\\\/schema\\\/logo\\\/image\\\/\",\"url\":\"https:\\\/\\\/skaitytaknyga.lt\\\/wp-content\\\/uploads\\\/2024\\\/05\\\/cropped-cropped-cropped-02_00843_jt3bggkj1j3HLc7SyY6rEUpg.jpeg\",\"contentUrl\":\"https:\\\/\\\/skaitytaknyga.lt\\\/wp-content\\\/uploads\\\/2024\\\/05\\\/cropped-cropped-cropped-02_00843_jt3bggkj1j3HLc7SyY6rEUpg.jpeg\",\"width\":1600,\"height\":1600,\"caption\":\"skaitytaknyga.lt\"},\"image\":{\"@id\":\"https:\\\/\\\/skaitytaknyga.lt\\\/#\\\/schema\\\/logo\\\/image\\\/\"},\"sameAs\":[\"https:\\\/\\\/www.facebook.com\\\/skaitytaknyga\\\/\"]}]}<\/script>\n<!-- \/ Yoast SEO plugin. -->","yoast_head_json":{"title":"100 % oficialu. Pirmas \u017eingsnis \u012f am\u017einyb\u0119: mano istorija - Skaitytaknyga","description":"Ontarijuje, Stratforde gim\u0119s Justinas Bieberis yra gausiai talentais apdovanotas jaunas soul ir popmuzikos atlik\u0117jas, savamokslis muzikantas. Pasteb\u0117j\u0119s jo pasirodymus YouTube, muzikos vadybininkas Scooteris Braunas supa\u017eindino Justin\u0105 su muzikos pramone ir suvienij\u0119s j\u0117gas su super\u017evaig\u017ede Usheriu pad\u0117jo trylikame\u010diui vaikinui pasira\u0161yti kontrakt\u0105 su Island Def Jam Music Group. Pirmasis jo albumas My World per tris m\u0117nesius tapo platininiu ir pirmuoju debiutiniu albumu, kurio septynios dainos atsid\u016br\u0117 Billboard Top 100 hit\u0173 s\u0105ra\u0161e. Antrasis albumas, My World 2.0, debiutavo pirmoje hit\u0173 vietoje, visame pasaulyje buvo parduotas daugiau kaip penki\u0173 milijon\u0173 kopij\u0173 tira\u017eu ir toliau s\u0117kmingai perkamas.","robots":{"index":"index","follow":"follow","max-snippet":"max-snippet:-1","max-image-preview":"max-image-preview:large","max-video-preview":"max-video-preview:-1"},"canonical":"https:\/\/skaitytaknyga.lt\/en\/produktas\/100-oficialu-pirmas-zingsnis-i-amzinybe-mano-istorija-2\/","og_locale":"en_GB","og_type":"article","og_title":"100 % oficialu. Pirmas \u017eingsnis \u012f am\u017einyb\u0119: mano istorija - Skaitytaknyga","og_description":"Ontarijuje, Stratforde gim\u0119s Justinas Bieberis yra gausiai talentais apdovanotas jaunas soul ir popmuzikos atlik\u0117jas, savamokslis muzikantas. Pasteb\u0117j\u0119s jo pasirodymus YouTube, muzikos vadybininkas Scooteris Braunas supa\u017eindino Justin\u0105 su muzikos pramone ir suvienij\u0119s j\u0117gas su super\u017evaig\u017ede Usheriu pad\u0117jo trylikame\u010diui vaikinui pasira\u0161yti kontrakt\u0105 su Island Def Jam Music Group. Pirmasis jo albumas My World per tris m\u0117nesius tapo platininiu ir pirmuoju debiutiniu albumu, kurio septynios dainos atsid\u016br\u0117 Billboard Top 100 hit\u0173 s\u0105ra\u0161e. Antrasis albumas, My World 2.0, debiutavo pirmoje hit\u0173 vietoje, visame pasaulyje buvo parduotas daugiau kaip penki\u0173 milijon\u0173 kopij\u0173 tira\u017eu ir toliau s\u0117kmingai perkamas.","og_url":"https:\/\/skaitytaknyga.lt\/en\/produktas\/100-oficialu-pirmas-zingsnis-i-amzinybe-mano-istorija-2\/","og_site_name":"Skaitytaknyga","article_publisher":"https:\/\/www.facebook.com\/skaitytaknyga\/","article_modified_time":"2024-05-04T14:33:35+00:00","og_image":[{"width":285,"height":373,"url":"https:\/\/skaitytaknyga.lt\/wp-content\/uploads\/2024\/04\/000000000002141916-59de844b3e35f-asset-knyguklubas-cdb_justin_bieber_virselis_p1.jpg","type":"image\/jpeg"}],"twitter_card":"summary_large_image","twitter_misc":{"Estimated reading time":"1 minute"},"schema":{"@context":"https:\/\/schema.org","@graph":[{"@type":"WebPage","@id":"https:\/\/skaitytaknyga.lt\/produktas\/100-oficialu-pirmas-zingsnis-i-amzinybe-mano-istorija-2\/","url":"https:\/\/skaitytaknyga.lt\/produktas\/100-oficialu-pirmas-zingsnis-i-amzinybe-mano-istorija-2\/","name":"100 % oficialu. Pirmas \u017eingsnis \u012f am\u017einyb\u0119: mano istorija - Skaitytaknyga","isPartOf":{"@id":"https:\/\/skaitytaknyga.lt\/#website"},"primaryImageOfPage":{"@id":"https:\/\/skaitytaknyga.lt\/produktas\/100-oficialu-pirmas-zingsnis-i-amzinybe-mano-istorija-2\/#primaryimage"},"image":{"@id":"https:\/\/skaitytaknyga.lt\/produktas\/100-oficialu-pirmas-zingsnis-i-amzinybe-mano-istorija-2\/#primaryimage"},"thumbnailUrl":"https:\/\/skaitytaknyga.lt\/wp-content\/uploads\/2024\/04\/000000000002141916-59de844b3e35f-asset-knyguklubas-cdb_justin_bieber_virselis_p1.jpg","datePublished":"2024-05-04T14:33:23+00:00","dateModified":"2024-05-04T14:33:35+00:00","description":"Ontarijuje, Stratforde gim\u0119s Justinas Bieberis yra gausiai talentais apdovanotas jaunas soul ir popmuzikos atlik\u0117jas, savamokslis muzikantas. Pasteb\u0117j\u0119s jo pasirodymus YouTube, muzikos vadybininkas Scooteris Braunas supa\u017eindino Justin\u0105 su muzikos pramone ir suvienij\u0119s j\u0117gas su super\u017evaig\u017ede Usheriu pad\u0117jo trylikame\u010diui vaikinui pasira\u0161yti kontrakt\u0105 su Island Def Jam Music Group. Pirmasis jo albumas My World per tris m\u0117nesius tapo platininiu ir pirmuoju debiutiniu albumu, kurio septynios dainos atsid\u016br\u0117 Billboard Top 100 hit\u0173 s\u0105ra\u0161e. Antrasis albumas, My World 2.0, debiutavo pirmoje hit\u0173 vietoje, visame pasaulyje buvo parduotas daugiau kaip penki\u0173 milijon\u0173 kopij\u0173 tira\u017eu ir toliau s\u0117kmingai perkamas.","breadcrumb":{"@id":"https:\/\/skaitytaknyga.lt\/produktas\/100-oficialu-pirmas-zingsnis-i-amzinybe-mano-istorija-2\/#breadcrumb"},"inLanguage":"en-GB","potentialAction":[{"@type":"ReadAction","target":["https:\/\/skaitytaknyga.lt\/produktas\/100-oficialu-pirmas-zingsnis-i-amzinybe-mano-istorija-2\/"]}]},{"@type":"ImageObject","inLanguage":"en-GB","@id":"https:\/\/skaitytaknyga.lt\/produktas\/100-oficialu-pirmas-zingsnis-i-amzinybe-mano-istorija-2\/#primaryimage","url":"https:\/\/skaitytaknyga.lt\/wp-content\/uploads\/2024\/04\/000000000002141916-59de844b3e35f-asset-knyguklubas-cdb_justin_bieber_virselis_p1.jpg","contentUrl":"https:\/\/skaitytaknyga.lt\/wp-content\/uploads\/2024\/04\/000000000002141916-59de844b3e35f-asset-knyguklubas-cdb_justin_bieber_virselis_p1.jpg","width":285,"height":373,"caption":"000000000002141916 59de844b3e35f asset knyguklubas cdb justin bieber virselis p1"},{"@type":"BreadcrumbList","@id":"https:\/\/skaitytaknyga.lt\/produktas\/100-oficialu-pirmas-zingsnis-i-amzinybe-mano-istorija-2\/#breadcrumb","itemListElement":[{"@type":"ListItem","position":1,"name":"Home","item":"https:\/\/skaitytaknyga.lt\/"},{"@type":"ListItem","position":2,"name":"Parduotuv\u0117","item":"https:\/\/skaitytaknyga.lt\/knygu-parduotuve\/"},{"@type":"ListItem","position":3,"name":"100 % oficialu. Pirmas \u017eingsnis \u012f am\u017einyb\u0119: mano istorija"}]},{"@type":"WebSite","@id":"https:\/\/skaitytaknyga.lt\/#website","url":"https:\/\/skaitytaknyga.lt\/","name":"skaitytaknyga.lt","description":"Skaitytaknyga.lt \u2013 tai ma\u017eas \u0161eimos verslas, kuris prasid\u0117jo nuo meil\u0117s knygoms ir siekio i\u0161gelb\u0117ti knygas nuo likimo prie konteinerio. Kas vienam nereikalingas daiktas \u2013 kitam lobis, o mes esame tarpininkai, kurie padeda abiems tapti laimingesniems ???? \u017dinome kaip nelengva i\u0161gyventi ma\u017eiems verslams, tad nuo \u0161iol, \u010dia rasite ir kit\u0173, ma\u017e\u0173 \u0161eim\u0173 versl\u0173, rank\u0173 darbo, dovan\u0173 sau ir artimiesiems.","publisher":{"@id":"https:\/\/skaitytaknyga.lt\/#organization"},"potentialAction":[{"@type":"SearchAction","target":{"@type":"EntryPoint","urlTemplate":"https:\/\/skaitytaknyga.lt\/?s={search_term_string}"},"query-input":{"@type":"PropertyValueSpecification","valueRequired":true,"valueName":"search_term_string"}}],"inLanguage":"en-GB"},{"@type":"Organization","@id":"https:\/\/skaitytaknyga.lt\/#organization","name":"skaitytaknyga.lt","url":"https:\/\/skaitytaknyga.lt\/","logo":{"@type":"ImageObject","inLanguage":"en-GB","@id":"https:\/\/skaitytaknyga.lt\/#\/schema\/logo\/image\/","url":"https:\/\/skaitytaknyga.lt\/wp-content\/uploads\/2024\/05\/cropped-cropped-cropped-02_00843_jt3bggkj1j3HLc7SyY6rEUpg.jpeg","contentUrl":"https:\/\/skaitytaknyga.lt\/wp-content\/uploads\/2024\/05\/cropped-cropped-cropped-02_00843_jt3bggkj1j3HLc7SyY6rEUpg.jpeg","width":1600,"height":1600,"caption":"skaitytaknyga.lt"},"image":{"@id":"https:\/\/skaitytaknyga.lt\/#\/schema\/logo\/image\/"},"sameAs":["https:\/\/www.facebook.com\/skaitytaknyga\/"]}]}},"_links":{"self":[{"href":"https:\/\/skaitytaknyga.lt\/en\/wp-json\/wp\/v2\/product\/7668","targetHints":{"allow":["GET"]}}],"collection":[{"href":"https:\/\/skaitytaknyga.lt\/en\/wp-json\/wp\/v2\/product"}],"about":[{"href":"https:\/\/skaitytaknyga.lt\/en\/wp-json\/wp\/v2\/types\/product"}],"replies":[{"embeddable":true,"href":"https:\/\/skaitytaknyga.lt\/en\/wp-json\/wp\/v2\/comments?post=7668"}],"wp:featuredmedia":[{"embeddable":true,"href":"https:\/\/skaitytaknyga.lt\/en\/wp-json\/wp\/v2\/media\/3012"}],"wp:attachment":[{"href":"https:\/\/skaitytaknyga.lt\/en\/wp-json\/wp\/v2\/media?parent=7668"}],"wp:term":[{"taxonomy":"product_brand","embeddable":true,"href":"https:\/\/skaitytaknyga.lt\/en\/wp-json\/wp\/v2\/product_brand?post=7668"},{"taxonomy":"product_cat","embeddable":true,"href":"https:\/\/skaitytaknyga.lt\/en\/wp-json\/wp\/v2\/product_cat?post=7668"},{"taxonomy":"product_tag","embeddable":true,"href":"https:\/\/skaitytaknyga.lt\/en\/wp-json\/wp\/v2\/product_tag?post=7668"}],"curies":[{"name":"wp","href":"https:\/\/api.w.org\/{rel}","templated":true}]}}