{"id":7655,"date":"2024-05-04T14:33:02","date_gmt":"2024-05-04T14:33:02","guid":{"rendered":"https:\/\/skaitytaknyga.lt\/?post_type=product&#038;p=7655"},"modified":"2025-05-14T10:58:27","modified_gmt":"2025-05-14T07:58:27","slug":"t-laucevicius-jo-didenybe-vanduo-2","status":"publish","type":"product","link":"https:\/\/skaitytaknyga.lt\/en\/produktas\/t-laucevicius-jo-didenybe-vanduo-2\/","title":{"rendered":"Jo didenyb\u0117 vanduo"},"content":{"rendered":"","protected":false},"excerpt":{"rendered":"<p>\u017dmogaus organizmas \u2013 vieninga sistema, kurioje visos dalys yra tarpusavyje susijusios ir veikia harmoningai, tai yra nuolat i\u0161laikoma kurian\u010di\u0173j\u0173 ir griaunan\u010di\u0173j\u0173 j\u0117g\u0173 pusiausvyra. Liga ar negalavimas \u2013 \u012fsp\u0117jimas apie sutrikdyt\u0105 pusiausvyr\u0105 tarp to, kas \u012f organizm\u0105 pakli\u016bva, ir to, kas i\u0161 jo turi b\u016bti pa\u0161alinta. Vanduo, sudarantis du tre\u010ddalius k\u016bno mas\u0117s, ne tik \u201emaitina\u201c l\u0105steles, bet ir \u201eplauna\u201c. Dar daugiau \u2013 gyvyb\u0117 yra skys\u010di\u0173 jud\u0117jimas l\u0105stel\u0117se ir tarp j\u0173! Knygoje paprastai ir motyvuotai paai\u0161kinta, kaip veikia \u0161is procesas ir koks vanduo organizmui naudingiausias.<\/p>\n","protected":false},"featured_media":2999,"comment_status":"closed","ping_status":"closed","template":"","meta":{"_acf_changed":false,"site-sidebar-layout":"default","site-content-layout":"","ast-site-content-layout":"default","site-content-style":"default","site-sidebar-style":"default","ast-global-header-display":"","ast-banner-title-visibility":"","ast-main-header-display":"","ast-hfb-above-header-display":"","ast-hfb-below-header-display":"","ast-hfb-mobile-header-display":"","site-post-title":"","ast-breadcrumbs-content":"","ast-featured-img":"","footer-sml-layout":"","ast-disable-related-posts":"","theme-transparent-header-meta":"","adv-header-id-meta":"","stick-header-meta":"","header-above-stick-meta":"","header-main-stick-meta":"","header-below-stick-meta":"","astra-migrate-meta-layouts":"default","ast-page-background-enabled":"default","ast-page-background-meta":{"desktop":{"background-color":"","background-image":"","background-repeat":"repeat","background-position":"center center","background-size":"auto","background-attachment":"scroll","background-type":"","background-media":"","overlay-type":"","overlay-color":"","overlay-opacity":"","overlay-gradient":""},"tablet":{"background-color":"","background-image":"","background-repeat":"repeat","background-position":"center center","background-size":"auto","background-attachment":"scroll","background-type":"","background-media":"","overlay-type":"","overlay-color":"","overlay-opacity":"","overlay-gradient":""},"mobile":{"background-color":"","background-image":"","background-repeat":"repeat","background-position":"center center","background-size":"auto","background-attachment":"scroll","background-type":"","background-media":"","overlay-type":"","overlay-color":"","overlay-opacity":"","overlay-gradient":""}},"ast-content-background-meta":{"desktop":{"background-color":"var(--ast-global-color-4)","background-image":"","background-repeat":"repeat","background-position":"center center","background-size":"auto","background-attachment":"scroll","background-type":"","background-media":"","overlay-type":"","overlay-color":"","overlay-opacity":"","overlay-gradient":""},"tablet":{"background-color":"var(--ast-global-color-4)","background-image":"","background-repeat":"repeat","background-position":"center center","background-size":"auto","background-attachment":"scroll","background-type":"","background-media":"","overlay-type":"","overlay-color":"","overlay-opacity":"","overlay-gradient":""},"mobile":{"background-color":"var(--ast-global-color-4)","background-image":"","background-repeat":"repeat","background-position":"center center","background-size":"auto","background-attachment":"scroll","background-type":"","background-media":"","overlay-type":"","overlay-color":"","overlay-opacity":"","overlay-gradient":""}}},"product_brand":[],"product_cat":[55],"product_tag":[2546,1682,1680,2545,1681],"class_list":{"0":"post-7655","1":"product","2":"type-product","3":"status-publish","4":"has-post-thumbnail","6":"product_cat-sveikata-ir-sveika-mityba","7":"product_tag-gyvensena","8":"product_tag-naturalus-gydymas","9":"product_tag-sveikata","10":"product_tag-telesforas-laucevicius","11":"product_tag-vandens-svarba","12":"desktop-align-left","13":"tablet-align-left","14":"mobile-align-left","16":"first","17":"outofstock","18":"shipping-taxable","19":"purchasable","20":"product-type-simple"},"acf":[],"yoast_head":"<!-- This site is optimized with the Yoast SEO plugin v27.0 - https:\/\/yoast.com\/product\/yoast-seo-wordpress\/ -->\n<title>Jo didenyb\u0117 vanduo<\/title>\n<meta name=\"description\" content=\"\u017dmogaus organizmas \u2013 vieninga sistema, kurioje visos dalys yra tarpusavyje susijusios ir veikia harmoningai, tai yra nuolat i\u0161laikoma kurian\u010di\u0173j\u0173 ir griaunan\u010di\u0173j\u0173 j\u0117g\u0173 pusiausvyra. Liga ar negalavimas \u2013 \u012fsp\u0117jimas apie sutrikdyt\u0105 pusiausvyr\u0105 tarp to, kas \u012f organizm\u0105 pakli\u016bva, ir to, kas i\u0161 jo turi b\u016bti pa\u0161alinta. Vanduo, sudarantis du tre\u010ddalius k\u016bno mas\u0117s, ne tik \u201emaitina\u201c l\u0105steles, bet ir \u201eplauna\u201c. Dar daugiau \u2013 gyvyb\u0117 yra skys\u010di\u0173 jud\u0117jimas l\u0105stel\u0117se ir tarp j\u0173! Knygoje paprastai ir motyvuotai paai\u0161kinta, kaip veikia \u0161is procesas ir koks vanduo organizmui naudingiausias.\" \/>\n<meta name=\"robots\" content=\"index, follow, max-snippet:-1, max-image-preview:large, max-video-preview:-1\" \/>\n<link rel=\"canonical\" href=\"https:\/\/skaitytaknyga.lt\/en\/produktas\/t-laucevicius-jo-didenybe-vanduo-2\/\" \/>\n<meta property=\"og:locale\" content=\"en_GB\" \/>\n<meta property=\"og:locale:alternate\" content=\"lt_LT\" \/>\n<meta property=\"og:type\" content=\"article\" \/>\n<meta property=\"og:title\" content=\"Jo didenyb\u0117 vanduo\" \/>\n<meta property=\"og:description\" content=\"\u017dmogaus organizmas \u2013 vieninga sistema, kurioje visos dalys yra tarpusavyje susijusios ir veikia harmoningai, tai yra nuolat i\u0161laikoma kurian\u010di\u0173j\u0173 ir griaunan\u010di\u0173j\u0173 j\u0117g\u0173 pusiausvyra. Liga ar negalavimas \u2013 \u012fsp\u0117jimas apie sutrikdyt\u0105 pusiausvyr\u0105 tarp to, kas \u012f organizm\u0105 pakli\u016bva, ir to, kas i\u0161 jo turi b\u016bti pa\u0161alinta. Vanduo, sudarantis du tre\u010ddalius k\u016bno mas\u0117s, ne tik \u201emaitina\u201c l\u0105steles, bet ir \u201eplauna\u201c. Dar daugiau \u2013 gyvyb\u0117 yra skys\u010di\u0173 jud\u0117jimas l\u0105stel\u0117se ir tarp j\u0173! Knygoje paprastai ir motyvuotai paai\u0161kinta, kaip veikia \u0161is procesas ir koks vanduo organizmui naudingiausias.\" \/>\n<meta property=\"og:url\" content=\"https:\/\/skaitytaknyga.lt\/en\/produktas\/t-laucevicius-jo-didenybe-vanduo-2\/\" \/>\n<meta property=\"og:site_name\" content=\"Skaitytaknyga\" \/>\n<meta property=\"article:publisher\" content=\"https:\/\/www.facebook.com\/skaitytaknyga\/\" \/>\n<meta property=\"article:modified_time\" content=\"2025-05-14T07:58:27+00:00\" \/>\n<meta property=\"og:image\" content=\"https:\/\/skaitytaknyga.lt\/wp-content\/uploads\/2024\/04\/Be-pavadinimo-3.png\" \/>\n\t<meta property=\"og:image:width\" content=\"493\" \/>\n\t<meta property=\"og:image:height\" content=\"697\" \/>\n\t<meta property=\"og:image:type\" content=\"image\/png\" \/>\n<meta name=\"twitter:card\" content=\"summary_large_image\" \/>\n<script type=\"application\/ld+json\" class=\"yoast-schema-graph\">{\"@context\":\"https:\/\/schema.org\",\"@graph\":[{\"@type\":\"WebPage\",\"@id\":\"https:\/\/skaitytaknyga.lt\/produktas\/t-laucevicius-jo-didenybe-vanduo-2\/\",\"url\":\"https:\/\/skaitytaknyga.lt\/produktas\/t-laucevicius-jo-didenybe-vanduo-2\/\",\"name\":\"Jo didenyb\u0117 vanduo\",\"isPartOf\":{\"@id\":\"https:\/\/skaitytaknyga.lt\/#website\"},\"primaryImageOfPage\":{\"@id\":\"https:\/\/skaitytaknyga.lt\/produktas\/t-laucevicius-jo-didenybe-vanduo-2\/#primaryimage\"},\"image\":{\"@id\":\"https:\/\/skaitytaknyga.lt\/produktas\/t-laucevicius-jo-didenybe-vanduo-2\/#primaryimage\"},\"thumbnailUrl\":\"https:\/\/skaitytaknyga.lt\/wp-content\/uploads\/2024\/04\/Be-pavadinimo-3.png\",\"datePublished\":\"2024-05-04T14:33:02+00:00\",\"dateModified\":\"2025-05-14T07:58:27+00:00\",\"description\":\"\u017dmogaus organizmas \u2013 vieninga sistema, kurioje visos dalys yra tarpusavyje susijusios ir veikia harmoningai, tai yra nuolat i\u0161laikoma kurian\u010di\u0173j\u0173 ir griaunan\u010di\u0173j\u0173 j\u0117g\u0173 pusiausvyra. Liga ar negalavimas \u2013 \u012fsp\u0117jimas apie sutrikdyt\u0105 pusiausvyr\u0105 tarp to, kas \u012f organizm\u0105 pakli\u016bva, ir to, kas i\u0161 jo turi b\u016bti pa\u0161alinta. Vanduo, sudarantis du tre\u010ddalius k\u016bno mas\u0117s, ne tik \u201emaitina\u201c l\u0105steles, bet ir \u201eplauna\u201c. Dar daugiau \u2013 gyvyb\u0117 yra skys\u010di\u0173 jud\u0117jimas l\u0105stel\u0117se ir tarp j\u0173! Knygoje paprastai ir motyvuotai paai\u0161kinta, kaip veikia \u0161is procesas ir koks vanduo organizmui naudingiausias.\",\"breadcrumb\":{\"@id\":\"https:\/\/skaitytaknyga.lt\/produktas\/t-laucevicius-jo-didenybe-vanduo-2\/#breadcrumb\"},\"inLanguage\":\"en-GB\",\"potentialAction\":[{\"@type\":\"ReadAction\",\"target\":[\"https:\/\/skaitytaknyga.lt\/produktas\/t-laucevicius-jo-didenybe-vanduo-2\/\"]}]},{\"@type\":\"ImageObject\",\"inLanguage\":\"en-GB\",\"@id\":\"https:\/\/skaitytaknyga.lt\/produktas\/t-laucevicius-jo-didenybe-vanduo-2\/#primaryimage\",\"url\":\"https:\/\/skaitytaknyga.lt\/wp-content\/uploads\/2024\/04\/Be-pavadinimo-3.png\",\"contentUrl\":\"https:\/\/skaitytaknyga.lt\/wp-content\/uploads\/2024\/04\/Be-pavadinimo-3.png\",\"width\":493,\"height\":697,\"caption\":\"Be pavadinimo 3\"},{\"@type\":\"BreadcrumbList\",\"@id\":\"https:\/\/skaitytaknyga.lt\/produktas\/t-laucevicius-jo-didenybe-vanduo-2\/#breadcrumb\",\"itemListElement\":[{\"@type\":\"ListItem\",\"position\":1,\"name\":\"Home\",\"item\":\"https:\/\/skaitytaknyga.lt\/\"},{\"@type\":\"ListItem\",\"position\":2,\"name\":\"Parduotuv\u0117\",\"item\":\"https:\/\/skaitytaknyga.lt\/knygu-parduotuve\/\"},{\"@type\":\"ListItem\",\"position\":3,\"name\":\"Jo didenyb\u0117 vanduo\"}]},{\"@type\":\"WebSite\",\"@id\":\"https:\/\/skaitytaknyga.lt\/#website\",\"url\":\"https:\/\/skaitytaknyga.lt\/\",\"name\":\"skaitytaknyga.lt\",\"description\":\"Skaitytaknyga.lt \u2013 tai ma\u017eas \u0161eimos verslas, kuris prasid\u0117jo nuo meil\u0117s knygoms ir siekio i\u0161gelb\u0117ti knygas nuo likimo prie konteinerio. Kas vienam nereikalingas daiktas \u2013 kitam lobis, o mes esame tarpininkai, kurie padeda abiems tapti laimingesniems ???? \u017dinome kaip nelengva i\u0161gyventi ma\u017eiems verslams, tad nuo \u0161iol, \u010dia rasite ir kit\u0173, ma\u017e\u0173 \u0161eim\u0173 versl\u0173, rank\u0173 darbo, dovan\u0173 sau ir artimiesiems.\",\"publisher\":{\"@id\":\"https:\/\/skaitytaknyga.lt\/#organization\"},\"potentialAction\":[{\"@type\":\"SearchAction\",\"target\":{\"@type\":\"EntryPoint\",\"urlTemplate\":\"https:\/\/skaitytaknyga.lt\/?s={search_term_string}\"},\"query-input\":{\"@type\":\"PropertyValueSpecification\",\"valueRequired\":true,\"valueName\":\"search_term_string\"}}],\"inLanguage\":\"en-GB\"},{\"@type\":\"Organization\",\"@id\":\"https:\/\/skaitytaknyga.lt\/#organization\",\"name\":\"skaitytaknyga.lt\",\"url\":\"https:\/\/skaitytaknyga.lt\/\",\"logo\":{\"@type\":\"ImageObject\",\"inLanguage\":\"en-GB\",\"@id\":\"https:\/\/skaitytaknyga.lt\/#\/schema\/logo\/image\/\",\"url\":\"https:\/\/skaitytaknyga.lt\/wp-content\/uploads\/2024\/05\/cropped-cropped-cropped-02_00843_jt3bggkj1j3HLc7SyY6rEUpg.jpeg\",\"contentUrl\":\"https:\/\/skaitytaknyga.lt\/wp-content\/uploads\/2024\/05\/cropped-cropped-cropped-02_00843_jt3bggkj1j3HLc7SyY6rEUpg.jpeg\",\"width\":1600,\"height\":1600,\"caption\":\"skaitytaknyga.lt\"},\"image\":{\"@id\":\"https:\/\/skaitytaknyga.lt\/#\/schema\/logo\/image\/\"},\"sameAs\":[\"https:\/\/www.facebook.com\/skaitytaknyga\/\"]}]}<\/script>\n<!-- \/ Yoast SEO plugin. -->","yoast_head_json":{"title":"Jo didenyb\u0117 vanduo","description":"\u017dmogaus organizmas \u2013 vieninga sistema, kurioje visos dalys yra tarpusavyje susijusios ir veikia harmoningai, tai yra nuolat i\u0161laikoma kurian\u010di\u0173j\u0173 ir griaunan\u010di\u0173j\u0173 j\u0117g\u0173 pusiausvyra. Liga ar negalavimas \u2013 \u012fsp\u0117jimas apie sutrikdyt\u0105 pusiausvyr\u0105 tarp to, kas \u012f organizm\u0105 pakli\u016bva, ir to, kas i\u0161 jo turi b\u016bti pa\u0161alinta. Vanduo, sudarantis du tre\u010ddalius k\u016bno mas\u0117s, ne tik \u201emaitina\u201c l\u0105steles, bet ir \u201eplauna\u201c. Dar daugiau \u2013 gyvyb\u0117 yra skys\u010di\u0173 jud\u0117jimas l\u0105stel\u0117se ir tarp j\u0173! Knygoje paprastai ir motyvuotai paai\u0161kinta, kaip veikia \u0161is procesas ir koks vanduo organizmui naudingiausias.","robots":{"index":"index","follow":"follow","max-snippet":"max-snippet:-1","max-image-preview":"max-image-preview:large","max-video-preview":"max-video-preview:-1"},"canonical":"https:\/\/skaitytaknyga.lt\/en\/produktas\/t-laucevicius-jo-didenybe-vanduo-2\/","og_locale":"en_GB","og_type":"article","og_title":"[:lt]Jo didenyb\u0117 vanduo[:] - Skaitytaknyga","og_description":"\u017dmogaus organizmas \u2013 vieninga sistema, kurioje visos dalys yra tarpusavyje susijusios ir veikia harmoningai, tai yra nuolat i\u0161laikoma kurian\u010di\u0173j\u0173 ir griaunan\u010di\u0173j\u0173 j\u0117g\u0173 pusiausvyra. Liga ar negalavimas \u2013 \u012fsp\u0117jimas apie sutrikdyt\u0105 pusiausvyr\u0105 tarp to, kas \u012f organizm\u0105 pakli\u016bva, ir to, kas i\u0161 jo turi b\u016bti pa\u0161alinta. Vanduo, sudarantis du tre\u010ddalius k\u016bno mas\u0117s, ne tik \u201emaitina\u201c l\u0105steles, bet ir \u201eplauna\u201c. Dar daugiau \u2013 gyvyb\u0117 yra skys\u010di\u0173 jud\u0117jimas l\u0105stel\u0117se ir tarp j\u0173! Knygoje paprastai ir motyvuotai paai\u0161kinta, kaip veikia \u0161is procesas ir koks vanduo organizmui naudingiausias.","og_url":"https:\/\/skaitytaknyga.lt\/en\/produktas\/t-laucevicius-jo-didenybe-vanduo-2\/","og_site_name":"Skaitytaknyga","article_publisher":"https:\/\/www.facebook.com\/skaitytaknyga\/","article_modified_time":"2025-05-14T07:58:27+00:00","og_image":[{"width":493,"height":697,"url":"https:\/\/skaitytaknyga.lt\/wp-content\/uploads\/2024\/04\/Be-pavadinimo-3.png","type":"image\/png"}],"twitter_card":"summary_large_image","schema":{"@context":"https:\/\/schema.org","@graph":[{"@type":"WebPage","@id":"https:\/\/skaitytaknyga.lt\/produktas\/t-laucevicius-jo-didenybe-vanduo-2\/","url":"https:\/\/skaitytaknyga.lt\/produktas\/t-laucevicius-jo-didenybe-vanduo-2\/","name":"Jo didenyb\u0117 vanduo","isPartOf":{"@id":"https:\/\/skaitytaknyga.lt\/#website"},"primaryImageOfPage":{"@id":"https:\/\/skaitytaknyga.lt\/produktas\/t-laucevicius-jo-didenybe-vanduo-2\/#primaryimage"},"image":{"@id":"https:\/\/skaitytaknyga.lt\/produktas\/t-laucevicius-jo-didenybe-vanduo-2\/#primaryimage"},"thumbnailUrl":"https:\/\/skaitytaknyga.lt\/wp-content\/uploads\/2024\/04\/Be-pavadinimo-3.png","datePublished":"2024-05-04T14:33:02+00:00","dateModified":"2025-05-14T07:58:27+00:00","description":"\u017dmogaus organizmas \u2013 vieninga sistema, kurioje visos dalys yra tarpusavyje susijusios ir veikia harmoningai, tai yra nuolat i\u0161laikoma kurian\u010di\u0173j\u0173 ir griaunan\u010di\u0173j\u0173 j\u0117g\u0173 pusiausvyra. Liga ar negalavimas \u2013 \u012fsp\u0117jimas apie sutrikdyt\u0105 pusiausvyr\u0105 tarp to, kas \u012f organizm\u0105 pakli\u016bva, ir to, kas i\u0161 jo turi b\u016bti pa\u0161alinta. Vanduo, sudarantis du tre\u010ddalius k\u016bno mas\u0117s, ne tik \u201emaitina\u201c l\u0105steles, bet ir \u201eplauna\u201c. Dar daugiau \u2013 gyvyb\u0117 yra skys\u010di\u0173 jud\u0117jimas l\u0105stel\u0117se ir tarp j\u0173! Knygoje paprastai ir motyvuotai paai\u0161kinta, kaip veikia \u0161is procesas ir koks vanduo organizmui naudingiausias.","breadcrumb":{"@id":"https:\/\/skaitytaknyga.lt\/produktas\/t-laucevicius-jo-didenybe-vanduo-2\/#breadcrumb"},"inLanguage":"en-GB","potentialAction":[{"@type":"ReadAction","target":["https:\/\/skaitytaknyga.lt\/produktas\/t-laucevicius-jo-didenybe-vanduo-2\/"]}]},{"@type":"ImageObject","inLanguage":"en-GB","@id":"https:\/\/skaitytaknyga.lt\/produktas\/t-laucevicius-jo-didenybe-vanduo-2\/#primaryimage","url":"https:\/\/skaitytaknyga.lt\/wp-content\/uploads\/2024\/04\/Be-pavadinimo-3.png","contentUrl":"https:\/\/skaitytaknyga.lt\/wp-content\/uploads\/2024\/04\/Be-pavadinimo-3.png","width":493,"height":697,"caption":"Be pavadinimo 3"},{"@type":"BreadcrumbList","@id":"https:\/\/skaitytaknyga.lt\/produktas\/t-laucevicius-jo-didenybe-vanduo-2\/#breadcrumb","itemListElement":[{"@type":"ListItem","position":1,"name":"Home","item":"https:\/\/skaitytaknyga.lt\/"},{"@type":"ListItem","position":2,"name":"Parduotuv\u0117","item":"https:\/\/skaitytaknyga.lt\/knygu-parduotuve\/"},{"@type":"ListItem","position":3,"name":"Jo didenyb\u0117 vanduo"}]},{"@type":"WebSite","@id":"https:\/\/skaitytaknyga.lt\/#website","url":"https:\/\/skaitytaknyga.lt\/","name":"skaitytaknyga.lt","description":"Skaitytaknyga.lt \u2013 tai ma\u017eas \u0161eimos verslas, kuris prasid\u0117jo nuo meil\u0117s knygoms ir siekio i\u0161gelb\u0117ti knygas nuo likimo prie konteinerio. Kas vienam nereikalingas daiktas \u2013 kitam lobis, o mes esame tarpininkai, kurie padeda abiems tapti laimingesniems ???? \u017dinome kaip nelengva i\u0161gyventi ma\u017eiems verslams, tad nuo \u0161iol, \u010dia rasite ir kit\u0173, ma\u017e\u0173 \u0161eim\u0173 versl\u0173, rank\u0173 darbo, dovan\u0173 sau ir artimiesiems.","publisher":{"@id":"https:\/\/skaitytaknyga.lt\/#organization"},"potentialAction":[{"@type":"SearchAction","target":{"@type":"EntryPoint","urlTemplate":"https:\/\/skaitytaknyga.lt\/?s={search_term_string}"},"query-input":{"@type":"PropertyValueSpecification","valueRequired":true,"valueName":"search_term_string"}}],"inLanguage":"en-GB"},{"@type":"Organization","@id":"https:\/\/skaitytaknyga.lt\/#organization","name":"skaitytaknyga.lt","url":"https:\/\/skaitytaknyga.lt\/","logo":{"@type":"ImageObject","inLanguage":"en-GB","@id":"https:\/\/skaitytaknyga.lt\/#\/schema\/logo\/image\/","url":"https:\/\/skaitytaknyga.lt\/wp-content\/uploads\/2024\/05\/cropped-cropped-cropped-02_00843_jt3bggkj1j3HLc7SyY6rEUpg.jpeg","contentUrl":"https:\/\/skaitytaknyga.lt\/wp-content\/uploads\/2024\/05\/cropped-cropped-cropped-02_00843_jt3bggkj1j3HLc7SyY6rEUpg.jpeg","width":1600,"height":1600,"caption":"skaitytaknyga.lt"},"image":{"@id":"https:\/\/skaitytaknyga.lt\/#\/schema\/logo\/image\/"},"sameAs":["https:\/\/www.facebook.com\/skaitytaknyga\/"]}]}},"_links":{"self":[{"href":"https:\/\/skaitytaknyga.lt\/en\/wp-json\/wp\/v2\/product\/7655","targetHints":{"allow":["GET"]}}],"collection":[{"href":"https:\/\/skaitytaknyga.lt\/en\/wp-json\/wp\/v2\/product"}],"about":[{"href":"https:\/\/skaitytaknyga.lt\/en\/wp-json\/wp\/v2\/types\/product"}],"replies":[{"embeddable":true,"href":"https:\/\/skaitytaknyga.lt\/en\/wp-json\/wp\/v2\/comments?post=7655"}],"wp:featuredmedia":[{"embeddable":true,"href":"https:\/\/skaitytaknyga.lt\/en\/wp-json\/wp\/v2\/media\/2999"}],"wp:attachment":[{"href":"https:\/\/skaitytaknyga.lt\/en\/wp-json\/wp\/v2\/media?parent=7655"}],"wp:term":[{"taxonomy":"product_brand","embeddable":true,"href":"https:\/\/skaitytaknyga.lt\/en\/wp-json\/wp\/v2\/product_brand?post=7655"},{"taxonomy":"product_cat","embeddable":true,"href":"https:\/\/skaitytaknyga.lt\/en\/wp-json\/wp\/v2\/product_cat?post=7655"},{"taxonomy":"product_tag","embeddable":true,"href":"https:\/\/skaitytaknyga.lt\/en\/wp-json\/wp\/v2\/product_tag?post=7655"}],"curies":[{"name":"wp","href":"https:\/\/api.w.org\/{rel}","templated":true}]}}