{"id":7647,"date":"2024-05-04T14:33:01","date_gmt":"2024-05-04T14:33:01","guid":{"rendered":"https:\/\/skaitytaknyga.lt\/?post_type=product&#038;p=7647"},"modified":"2024-05-04T14:33:16","modified_gmt":"2024-05-04T14:33:16","slug":"d-januskiene-prigimtinis-kvepavimas-2","status":"publish","type":"product","link":"https:\/\/skaitytaknyga.lt\/en\/produktas\/d-januskiene-prigimtinis-kvepavimas-2\/","title":{"rendered":"D. Janu\u0161kien\u0117 \u201ePrigimtinis kv\u0117pavimas\u201c"},"content":{"rendered":"","protected":false},"excerpt":{"rendered":"<p>Knygoje\u00a0\u201ePrigimtinis kv\u0117pavimas&#8221;\u00a0autor\u0117 pasakoja apie jos sukurt\u0105 cirkuliacin\u012f gilumin\u012f kv\u0117pavim\u0105. \u0160io kv\u0117pavimo privalumas &#8211; organizmas valomas tiek fiziniu, tiek energetiniu lygiu.<\/p>\n<p>Vos u\u017egim\u0119 mes kv\u0117pavome taisyklingiausiu b\u016bdu. Metams b\u0117gant \u017emogui kv\u0117puoti darosi vis sunkiau. Jei \u017emogus priprat\u0119s kv\u0117puoti giliai, vadinasi, priima visk\u0105, k\u0105 duoda gyvenimas. Bet patek\u0119s \u012f nemalonias situacijas patiria skausm\u0105, ken\u010dia, sulaiko kv\u0117pavim\u0105 ir pas\u0105moningai nukerta gyvybin\u012f sraut\u0105. Taip i\u0161gyvena ma\u017eiau skausmo ir kan\u010dios, bet kv\u0117pavimas darosi pavir\u0161utini\u0161kas, plau\u010di\u0173 t\u016bris vis ma\u017e\u0117ja, gauna ma\u017eiau gyvybin\u0117s energijos.<\/p>\n<p>Knygos\u00a0\u201ePrigimtinis kv\u0117pavimas&#8221;\u00a0autor\u0117 sugalvojo savo kv\u0117pavimo metodik\u0105, kuri\u0105 sulietuvino (rebefingas) ir neoficialiai pavadino prigimtiniu kv\u0117pavimu.<\/p>\n<p>70% visos energijos \u017emogus gauna per kv\u0117pavim\u0105. Taip pat 70% ter\u0161al\u0173 i\u0161 organizmo pa\u0161alinama per plau\u010dius kv\u0117pavimo metu. I\u0161mok\u0119 taisyklingai kv\u0117puoti tur\u0117site nuostabi\u0105 galimyb\u0119 suteikti savo k\u016bnui daugiau energijos ir j\u012f i\u0161valyti. Ir tai gal\u0117site taikyti kiekvien\u0105 gyvenimo akimirk\u0105, su kiekvienu \u012fkv\u0117pimu ir i\u0161kv\u0117pimu.<\/p>\n","protected":false},"featured_media":2972,"comment_status":"closed","ping_status":"closed","template":"","meta":{"_acf_changed":false,"site-sidebar-layout":"default","site-content-layout":"","ast-site-content-layout":"default","site-content-style":"default","site-sidebar-style":"default","ast-global-header-display":"","ast-banner-title-visibility":"","ast-main-header-display":"","ast-hfb-above-header-display":"","ast-hfb-below-header-display":"","ast-hfb-mobile-header-display":"","site-post-title":"","ast-breadcrumbs-content":"","ast-featured-img":"","footer-sml-layout":"","ast-disable-related-posts":"","theme-transparent-header-meta":"","adv-header-id-meta":"","stick-header-meta":"","header-above-stick-meta":"","header-main-stick-meta":"","header-below-stick-meta":"","astra-migrate-meta-layouts":"default","ast-page-background-enabled":"default","ast-page-background-meta":{"desktop":{"background-color":"","background-image":"","background-repeat":"repeat","background-position":"center center","background-size":"auto","background-attachment":"scroll","background-type":"","background-media":"","overlay-type":"","overlay-color":"","overlay-opacity":"","overlay-gradient":""},"tablet":{"background-color":"","background-image":"","background-repeat":"repeat","background-position":"center center","background-size":"auto","background-attachment":"scroll","background-type":"","background-media":"","overlay-type":"","overlay-color":"","overlay-opacity":"","overlay-gradient":""},"mobile":{"background-color":"","background-image":"","background-repeat":"repeat","background-position":"center center","background-size":"auto","background-attachment":"scroll","background-type":"","background-media":"","overlay-type":"","overlay-color":"","overlay-opacity":"","overlay-gradient":""}},"ast-content-background-meta":{"desktop":{"background-color":"var(--ast-global-color-4)","background-image":"","background-repeat":"repeat","background-position":"center center","background-size":"auto","background-attachment":"scroll","background-type":"","background-media":"","overlay-type":"","overlay-color":"","overlay-opacity":"","overlay-gradient":""},"tablet":{"background-color":"var(--ast-global-color-4)","background-image":"","background-repeat":"repeat","background-position":"center center","background-size":"auto","background-attachment":"scroll","background-type":"","background-media":"","overlay-type":"","overlay-color":"","overlay-opacity":"","overlay-gradient":""},"mobile":{"background-color":"var(--ast-global-color-4)","background-image":"","background-repeat":"repeat","background-position":"center center","background-size":"auto","background-attachment":"scroll","background-type":"","background-media":"","overlay-type":"","overlay-color":"","overlay-opacity":"","overlay-gradient":""}}},"product_brand":[],"product_cat":[55],"product_tag":[],"class_list":{"0":"post-7647","1":"product","2":"type-product","3":"status-publish","4":"has-post-thumbnail","6":"product_cat-sveikata-ir-sveika-mityba","7":"desktop-align-left","8":"tablet-align-left","9":"mobile-align-left","11":"first","12":"outofstock","13":"shipping-taxable","14":"purchasable","15":"product-type-simple"},"acf":[],"yoast_head":"<!-- This site is optimized with the Yoast SEO plugin v27.4 - https:\/\/yoast.com\/product\/yoast-seo-wordpress\/ -->\n<title>D. Janu\u0161kien\u0117 \u201ePrigimtinis kv\u0117pavimas\u201c - Skaitytaknyga<\/title>\n<meta name=\"description\" content=\"Knygoje\u00a0\u201ePrigimtinis kv\u0117pavimas&quot;\u00a0autor\u0117 pasakoja apie jos sukurt\u0105 cirkuliacin\u012f gilumin\u012f kv\u0117pavim\u0105. \u0160io kv\u0117pavimo privalumas - organizmas valomas tiek fiziniu, tiek energetiniu lygiu.  Vos u\u017egim\u0119 mes kv\u0117pavome taisyklingiausiu b\u016bdu. Metams b\u0117gant \u017emogui kv\u0117puoti darosi vis sunkiau. Jei \u017emogus priprat\u0119s kv\u0117puoti giliai, vadinasi, priima visk\u0105, k\u0105 duoda gyvenimas. Bet patek\u0119s \u012f nemalonias situacijas patiria skausm\u0105, ken\u010dia, sulaiko kv\u0117pavim\u0105 ir pas\u0105moningai nukerta gyvybin\u012f sraut\u0105. Taip i\u0161gyvena ma\u017eiau skausmo ir kan\u010dios, bet kv\u0117pavimas darosi pavir\u0161utini\u0161kas, plau\u010di\u0173 t\u016bris vis ma\u017e\u0117ja, gauna ma\u017eiau gyvybin\u0117s energijos.  Knygos\u00a0\u201ePrigimtinis kv\u0117pavimas&quot;\u00a0autor\u0117 sugalvojo savo kv\u0117pavimo metodik\u0105, kuri\u0105 sulietuvino (rebefingas) ir neoficialiai pavadino prigimtiniu kv\u0117pavimu.  70% visos energijos \u017emogus gauna per kv\u0117pavim\u0105. Taip pat 70% ter\u0161al\u0173 i\u0161 organizmo pa\u0161alinama per plau\u010dius kv\u0117pavimo metu. I\u0161mok\u0119 taisyklingai kv\u0117puoti tur\u0117site nuostabi\u0105 galimyb\u0119 suteikti savo k\u016bnui daugiau energijos ir j\u012f i\u0161valyti. Ir tai gal\u0117site taikyti kiekvien\u0105 gyvenimo akimirk\u0105, su kiekvienu \u012fkv\u0117pimu ir i\u0161kv\u0117pimu.\" \/>\n<meta name=\"robots\" content=\"index, follow, max-snippet:-1, max-image-preview:large, max-video-preview:-1\" \/>\n<link rel=\"canonical\" href=\"https:\/\/skaitytaknyga.lt\/en\/produktas\/d-januskiene-prigimtinis-kvepavimas-2\/\" \/>\n<meta property=\"og:locale\" content=\"en_GB\" \/>\n<meta property=\"og:locale:alternate\" content=\"lt_LT\" \/>\n<meta property=\"og:type\" content=\"article\" \/>\n<meta property=\"og:title\" content=\"D. Janu\u0161kien\u0117 \u201ePrigimtinis kv\u0117pavimas\u201c - Skaitytaknyga\" \/>\n<meta property=\"og:description\" content=\"Knygoje\u00a0\u201ePrigimtinis kv\u0117pavimas&quot;\u00a0autor\u0117 pasakoja apie jos sukurt\u0105 cirkuliacin\u012f gilumin\u012f kv\u0117pavim\u0105. \u0160io kv\u0117pavimo privalumas - organizmas valomas tiek fiziniu, tiek energetiniu lygiu.  Vos u\u017egim\u0119 mes kv\u0117pavome taisyklingiausiu b\u016bdu. Metams b\u0117gant \u017emogui kv\u0117puoti darosi vis sunkiau. Jei \u017emogus priprat\u0119s kv\u0117puoti giliai, vadinasi, priima visk\u0105, k\u0105 duoda gyvenimas. Bet patek\u0119s \u012f nemalonias situacijas patiria skausm\u0105, ken\u010dia, sulaiko kv\u0117pavim\u0105 ir pas\u0105moningai nukerta gyvybin\u012f sraut\u0105. Taip i\u0161gyvena ma\u017eiau skausmo ir kan\u010dios, bet kv\u0117pavimas darosi pavir\u0161utini\u0161kas, plau\u010di\u0173 t\u016bris vis ma\u017e\u0117ja, gauna ma\u017eiau gyvybin\u0117s energijos.  Knygos\u00a0\u201ePrigimtinis kv\u0117pavimas&quot;\u00a0autor\u0117 sugalvojo savo kv\u0117pavimo metodik\u0105, kuri\u0105 sulietuvino (rebefingas) ir neoficialiai pavadino prigimtiniu kv\u0117pavimu.  70% visos energijos \u017emogus gauna per kv\u0117pavim\u0105. Taip pat 70% ter\u0161al\u0173 i\u0161 organizmo pa\u0161alinama per plau\u010dius kv\u0117pavimo metu. I\u0161mok\u0119 taisyklingai kv\u0117puoti tur\u0117site nuostabi\u0105 galimyb\u0119 suteikti savo k\u016bnui daugiau energijos ir j\u012f i\u0161valyti. Ir tai gal\u0117site taikyti kiekvien\u0105 gyvenimo akimirk\u0105, su kiekvienu \u012fkv\u0117pimu ir i\u0161kv\u0117pimu.\" \/>\n<meta property=\"og:url\" content=\"https:\/\/skaitytaknyga.lt\/en\/produktas\/d-januskiene-prigimtinis-kvepavimas-2\/\" \/>\n<meta property=\"og:site_name\" content=\"Skaitytaknyga\" \/>\n<meta property=\"article:publisher\" content=\"https:\/\/www.facebook.com\/skaitytaknyga\/\" \/>\n<meta property=\"article:modified_time\" content=\"2024-05-04T14:33:16+00:00\" \/>\n<meta property=\"og:image\" content=\"https:\/\/skaitytaknyga.lt\/wp-content\/uploads\/2024\/04\/1558442555_img598.jpg\" \/>\n\t<meta property=\"og:image:width\" content=\"299\" \/>\n\t<meta property=\"og:image:height\" content=\"430\" \/>\n\t<meta property=\"og:image:type\" content=\"image\/jpeg\" \/>\n<meta name=\"twitter:card\" content=\"summary_large_image\" \/>\n<script type=\"application\/ld+json\" class=\"yoast-schema-graph\">{\"@context\":\"https:\\\/\\\/schema.org\",\"@graph\":[{\"@type\":\"WebPage\",\"@id\":\"https:\\\/\\\/skaitytaknyga.lt\\\/produktas\\\/d-januskiene-prigimtinis-kvepavimas-2\\\/\",\"url\":\"https:\\\/\\\/skaitytaknyga.lt\\\/produktas\\\/d-januskiene-prigimtinis-kvepavimas-2\\\/\",\"name\":\"D. Janu\u0161kien\u0117 \u201ePrigimtinis kv\u0117pavimas\u201c - Skaitytaknyga\",\"isPartOf\":{\"@id\":\"https:\\\/\\\/skaitytaknyga.lt\\\/#website\"},\"primaryImageOfPage\":{\"@id\":\"https:\\\/\\\/skaitytaknyga.lt\\\/produktas\\\/d-januskiene-prigimtinis-kvepavimas-2\\\/#primaryimage\"},\"image\":{\"@id\":\"https:\\\/\\\/skaitytaknyga.lt\\\/produktas\\\/d-januskiene-prigimtinis-kvepavimas-2\\\/#primaryimage\"},\"thumbnailUrl\":\"https:\\\/\\\/skaitytaknyga.lt\\\/wp-content\\\/uploads\\\/2024\\\/04\\\/1558442555_img598.jpg\",\"datePublished\":\"2024-05-04T14:33:01+00:00\",\"dateModified\":\"2024-05-04T14:33:16+00:00\",\"description\":\"Knygoje\u00a0\u201ePrigimtinis kv\u0117pavimas\\\"\u00a0autor\u0117 pasakoja apie jos sukurt\u0105 cirkuliacin\u012f gilumin\u012f kv\u0117pavim\u0105. \u0160io kv\u0117pavimo privalumas - organizmas valomas tiek fiziniu, tiek energetiniu lygiu. Vos u\u017egim\u0119 mes kv\u0117pavome taisyklingiausiu b\u016bdu. Metams b\u0117gant \u017emogui kv\u0117puoti darosi vis sunkiau. Jei \u017emogus priprat\u0119s kv\u0117puoti giliai, vadinasi, priima visk\u0105, k\u0105 duoda gyvenimas. Bet patek\u0119s \u012f nemalonias situacijas patiria skausm\u0105, ken\u010dia, sulaiko kv\u0117pavim\u0105 ir pas\u0105moningai nukerta gyvybin\u012f sraut\u0105. Taip i\u0161gyvena ma\u017eiau skausmo ir kan\u010dios, bet kv\u0117pavimas darosi pavir\u0161utini\u0161kas, plau\u010di\u0173 t\u016bris vis ma\u017e\u0117ja, gauna ma\u017eiau gyvybin\u0117s energijos. Knygos\u00a0\u201ePrigimtinis kv\u0117pavimas\\\"\u00a0autor\u0117 sugalvojo savo kv\u0117pavimo metodik\u0105, kuri\u0105 sulietuvino (rebefingas) ir neoficialiai pavadino prigimtiniu kv\u0117pavimu. 70% visos energijos \u017emogus gauna per kv\u0117pavim\u0105. Taip pat 70% ter\u0161al\u0173 i\u0161 organizmo pa\u0161alinama per plau\u010dius kv\u0117pavimo metu. I\u0161mok\u0119 taisyklingai kv\u0117puoti tur\u0117site nuostabi\u0105 galimyb\u0119 suteikti savo k\u016bnui daugiau energijos ir j\u012f i\u0161valyti. Ir tai gal\u0117site taikyti kiekvien\u0105 gyvenimo akimirk\u0105, su kiekvienu \u012fkv\u0117pimu ir i\u0161kv\u0117pimu.\",\"breadcrumb\":{\"@id\":\"https:\\\/\\\/skaitytaknyga.lt\\\/produktas\\\/d-januskiene-prigimtinis-kvepavimas-2\\\/#breadcrumb\"},\"inLanguage\":\"en-GB\",\"potentialAction\":[{\"@type\":\"ReadAction\",\"target\":[\"https:\\\/\\\/skaitytaknyga.lt\\\/produktas\\\/d-januskiene-prigimtinis-kvepavimas-2\\\/\"]}]},{\"@type\":\"ImageObject\",\"inLanguage\":\"en-GB\",\"@id\":\"https:\\\/\\\/skaitytaknyga.lt\\\/produktas\\\/d-januskiene-prigimtinis-kvepavimas-2\\\/#primaryimage\",\"url\":\"https:\\\/\\\/skaitytaknyga.lt\\\/wp-content\\\/uploads\\\/2024\\\/04\\\/1558442555_img598.jpg\",\"contentUrl\":\"https:\\\/\\\/skaitytaknyga.lt\\\/wp-content\\\/uploads\\\/2024\\\/04\\\/1558442555_img598.jpg\",\"width\":299,\"height\":430,\"caption\":\"1558442555 img598\"},{\"@type\":\"BreadcrumbList\",\"@id\":\"https:\\\/\\\/skaitytaknyga.lt\\\/produktas\\\/d-januskiene-prigimtinis-kvepavimas-2\\\/#breadcrumb\",\"itemListElement\":[{\"@type\":\"ListItem\",\"position\":1,\"name\":\"Home\",\"item\":\"https:\\\/\\\/skaitytaknyga.lt\\\/\"},{\"@type\":\"ListItem\",\"position\":2,\"name\":\"Parduotuv\u0117\",\"item\":\"https:\\\/\\\/skaitytaknyga.lt\\\/knygu-parduotuve\\\/\"},{\"@type\":\"ListItem\",\"position\":3,\"name\":\"D. Janu\u0161kien\u0117 \u201ePrigimtinis kv\u0117pavimas\u201c\"}]},{\"@type\":\"WebSite\",\"@id\":\"https:\\\/\\\/skaitytaknyga.lt\\\/#website\",\"url\":\"https:\\\/\\\/skaitytaknyga.lt\\\/\",\"name\":\"skaitytaknyga.lt\",\"description\":\"Skaitytaknyga.lt \u2013 tai ma\u017eas \u0161eimos verslas, kuris prasid\u0117jo nuo meil\u0117s knygoms ir siekio i\u0161gelb\u0117ti knygas nuo likimo prie konteinerio. Kas vienam nereikalingas daiktas \u2013 kitam lobis, o mes esame tarpininkai, kurie padeda abiems tapti laimingesniems ???? \u017dinome kaip nelengva i\u0161gyventi ma\u017eiems verslams, tad nuo \u0161iol, \u010dia rasite ir kit\u0173, ma\u017e\u0173 \u0161eim\u0173 versl\u0173, rank\u0173 darbo, dovan\u0173 sau ir artimiesiems.\",\"publisher\":{\"@id\":\"https:\\\/\\\/skaitytaknyga.lt\\\/#organization\"},\"potentialAction\":[{\"@type\":\"SearchAction\",\"target\":{\"@type\":\"EntryPoint\",\"urlTemplate\":\"https:\\\/\\\/skaitytaknyga.lt\\\/?s={search_term_string}\"},\"query-input\":{\"@type\":\"PropertyValueSpecification\",\"valueRequired\":true,\"valueName\":\"search_term_string\"}}],\"inLanguage\":\"en-GB\"},{\"@type\":\"Organization\",\"@id\":\"https:\\\/\\\/skaitytaknyga.lt\\\/#organization\",\"name\":\"skaitytaknyga.lt\",\"url\":\"https:\\\/\\\/skaitytaknyga.lt\\\/\",\"logo\":{\"@type\":\"ImageObject\",\"inLanguage\":\"en-GB\",\"@id\":\"https:\\\/\\\/skaitytaknyga.lt\\\/#\\\/schema\\\/logo\\\/image\\\/\",\"url\":\"https:\\\/\\\/skaitytaknyga.lt\\\/wp-content\\\/uploads\\\/2024\\\/05\\\/cropped-cropped-cropped-02_00843_jt3bggkj1j3HLc7SyY6rEUpg.jpeg\",\"contentUrl\":\"https:\\\/\\\/skaitytaknyga.lt\\\/wp-content\\\/uploads\\\/2024\\\/05\\\/cropped-cropped-cropped-02_00843_jt3bggkj1j3HLc7SyY6rEUpg.jpeg\",\"width\":1600,\"height\":1600,\"caption\":\"skaitytaknyga.lt\"},\"image\":{\"@id\":\"https:\\\/\\\/skaitytaknyga.lt\\\/#\\\/schema\\\/logo\\\/image\\\/\"},\"sameAs\":[\"https:\\\/\\\/www.facebook.com\\\/skaitytaknyga\\\/\"]}]}<\/script>\n<!-- \/ Yoast SEO plugin. -->","yoast_head_json":{"title":"D. Janu\u0161kien\u0117 \u201ePrigimtinis kv\u0117pavimas\u201c - Skaitytaknyga","description":"Knygoje\u00a0\u201ePrigimtinis kv\u0117pavimas\"\u00a0autor\u0117 pasakoja apie jos sukurt\u0105 cirkuliacin\u012f gilumin\u012f kv\u0117pavim\u0105. \u0160io kv\u0117pavimo privalumas - organizmas valomas tiek fiziniu, tiek energetiniu lygiu.  Vos u\u017egim\u0119 mes kv\u0117pavome taisyklingiausiu b\u016bdu. Metams b\u0117gant \u017emogui kv\u0117puoti darosi vis sunkiau. Jei \u017emogus priprat\u0119s kv\u0117puoti giliai, vadinasi, priima visk\u0105, k\u0105 duoda gyvenimas. Bet patek\u0119s \u012f nemalonias situacijas patiria skausm\u0105, ken\u010dia, sulaiko kv\u0117pavim\u0105 ir pas\u0105moningai nukerta gyvybin\u012f sraut\u0105. Taip i\u0161gyvena ma\u017eiau skausmo ir kan\u010dios, bet kv\u0117pavimas darosi pavir\u0161utini\u0161kas, plau\u010di\u0173 t\u016bris vis ma\u017e\u0117ja, gauna ma\u017eiau gyvybin\u0117s energijos.  Knygos\u00a0\u201ePrigimtinis kv\u0117pavimas\"\u00a0autor\u0117 sugalvojo savo kv\u0117pavimo metodik\u0105, kuri\u0105 sulietuvino (rebefingas) ir neoficialiai pavadino prigimtiniu kv\u0117pavimu.  70% visos energijos \u017emogus gauna per kv\u0117pavim\u0105. Taip pat 70% ter\u0161al\u0173 i\u0161 organizmo pa\u0161alinama per plau\u010dius kv\u0117pavimo metu. I\u0161mok\u0119 taisyklingai kv\u0117puoti tur\u0117site nuostabi\u0105 galimyb\u0119 suteikti savo k\u016bnui daugiau energijos ir j\u012f i\u0161valyti. Ir tai gal\u0117site taikyti kiekvien\u0105 gyvenimo akimirk\u0105, su kiekvienu \u012fkv\u0117pimu ir i\u0161kv\u0117pimu.","robots":{"index":"index","follow":"follow","max-snippet":"max-snippet:-1","max-image-preview":"max-image-preview:large","max-video-preview":"max-video-preview:-1"},"canonical":"https:\/\/skaitytaknyga.lt\/en\/produktas\/d-januskiene-prigimtinis-kvepavimas-2\/","og_locale":"en_GB","og_type":"article","og_title":"D. Janu\u0161kien\u0117 \u201ePrigimtinis kv\u0117pavimas\u201c - Skaitytaknyga","og_description":"Knygoje\u00a0\u201ePrigimtinis kv\u0117pavimas\"\u00a0autor\u0117 pasakoja apie jos sukurt\u0105 cirkuliacin\u012f gilumin\u012f kv\u0117pavim\u0105. \u0160io kv\u0117pavimo privalumas - organizmas valomas tiek fiziniu, tiek energetiniu lygiu.  Vos u\u017egim\u0119 mes kv\u0117pavome taisyklingiausiu b\u016bdu. Metams b\u0117gant \u017emogui kv\u0117puoti darosi vis sunkiau. Jei \u017emogus priprat\u0119s kv\u0117puoti giliai, vadinasi, priima visk\u0105, k\u0105 duoda gyvenimas. Bet patek\u0119s \u012f nemalonias situacijas patiria skausm\u0105, ken\u010dia, sulaiko kv\u0117pavim\u0105 ir pas\u0105moningai nukerta gyvybin\u012f sraut\u0105. Taip i\u0161gyvena ma\u017eiau skausmo ir kan\u010dios, bet kv\u0117pavimas darosi pavir\u0161utini\u0161kas, plau\u010di\u0173 t\u016bris vis ma\u017e\u0117ja, gauna ma\u017eiau gyvybin\u0117s energijos.  Knygos\u00a0\u201ePrigimtinis kv\u0117pavimas\"\u00a0autor\u0117 sugalvojo savo kv\u0117pavimo metodik\u0105, kuri\u0105 sulietuvino (rebefingas) ir neoficialiai pavadino prigimtiniu kv\u0117pavimu.  70% visos energijos \u017emogus gauna per kv\u0117pavim\u0105. Taip pat 70% ter\u0161al\u0173 i\u0161 organizmo pa\u0161alinama per plau\u010dius kv\u0117pavimo metu. I\u0161mok\u0119 taisyklingai kv\u0117puoti tur\u0117site nuostabi\u0105 galimyb\u0119 suteikti savo k\u016bnui daugiau energijos ir j\u012f i\u0161valyti. Ir tai gal\u0117site taikyti kiekvien\u0105 gyvenimo akimirk\u0105, su kiekvienu \u012fkv\u0117pimu ir i\u0161kv\u0117pimu.","og_url":"https:\/\/skaitytaknyga.lt\/en\/produktas\/d-januskiene-prigimtinis-kvepavimas-2\/","og_site_name":"Skaitytaknyga","article_publisher":"https:\/\/www.facebook.com\/skaitytaknyga\/","article_modified_time":"2024-05-04T14:33:16+00:00","og_image":[{"width":299,"height":430,"url":"https:\/\/skaitytaknyga.lt\/wp-content\/uploads\/2024\/04\/1558442555_img598.jpg","type":"image\/jpeg"}],"twitter_card":"summary_large_image","schema":{"@context":"https:\/\/schema.org","@graph":[{"@type":"WebPage","@id":"https:\/\/skaitytaknyga.lt\/produktas\/d-januskiene-prigimtinis-kvepavimas-2\/","url":"https:\/\/skaitytaknyga.lt\/produktas\/d-januskiene-prigimtinis-kvepavimas-2\/","name":"D. Janu\u0161kien\u0117 \u201ePrigimtinis kv\u0117pavimas\u201c - Skaitytaknyga","isPartOf":{"@id":"https:\/\/skaitytaknyga.lt\/#website"},"primaryImageOfPage":{"@id":"https:\/\/skaitytaknyga.lt\/produktas\/d-januskiene-prigimtinis-kvepavimas-2\/#primaryimage"},"image":{"@id":"https:\/\/skaitytaknyga.lt\/produktas\/d-januskiene-prigimtinis-kvepavimas-2\/#primaryimage"},"thumbnailUrl":"https:\/\/skaitytaknyga.lt\/wp-content\/uploads\/2024\/04\/1558442555_img598.jpg","datePublished":"2024-05-04T14:33:01+00:00","dateModified":"2024-05-04T14:33:16+00:00","description":"Knygoje\u00a0\u201ePrigimtinis kv\u0117pavimas\"\u00a0autor\u0117 pasakoja apie jos sukurt\u0105 cirkuliacin\u012f gilumin\u012f kv\u0117pavim\u0105. \u0160io kv\u0117pavimo privalumas - organizmas valomas tiek fiziniu, tiek energetiniu lygiu. Vos u\u017egim\u0119 mes kv\u0117pavome taisyklingiausiu b\u016bdu. Metams b\u0117gant \u017emogui kv\u0117puoti darosi vis sunkiau. Jei \u017emogus priprat\u0119s kv\u0117puoti giliai, vadinasi, priima visk\u0105, k\u0105 duoda gyvenimas. Bet patek\u0119s \u012f nemalonias situacijas patiria skausm\u0105, ken\u010dia, sulaiko kv\u0117pavim\u0105 ir pas\u0105moningai nukerta gyvybin\u012f sraut\u0105. Taip i\u0161gyvena ma\u017eiau skausmo ir kan\u010dios, bet kv\u0117pavimas darosi pavir\u0161utini\u0161kas, plau\u010di\u0173 t\u016bris vis ma\u017e\u0117ja, gauna ma\u017eiau gyvybin\u0117s energijos. Knygos\u00a0\u201ePrigimtinis kv\u0117pavimas\"\u00a0autor\u0117 sugalvojo savo kv\u0117pavimo metodik\u0105, kuri\u0105 sulietuvino (rebefingas) ir neoficialiai pavadino prigimtiniu kv\u0117pavimu. 70% visos energijos \u017emogus gauna per kv\u0117pavim\u0105. Taip pat 70% ter\u0161al\u0173 i\u0161 organizmo pa\u0161alinama per plau\u010dius kv\u0117pavimo metu. I\u0161mok\u0119 taisyklingai kv\u0117puoti tur\u0117site nuostabi\u0105 galimyb\u0119 suteikti savo k\u016bnui daugiau energijos ir j\u012f i\u0161valyti. Ir tai gal\u0117site taikyti kiekvien\u0105 gyvenimo akimirk\u0105, su kiekvienu \u012fkv\u0117pimu ir i\u0161kv\u0117pimu.","breadcrumb":{"@id":"https:\/\/skaitytaknyga.lt\/produktas\/d-januskiene-prigimtinis-kvepavimas-2\/#breadcrumb"},"inLanguage":"en-GB","potentialAction":[{"@type":"ReadAction","target":["https:\/\/skaitytaknyga.lt\/produktas\/d-januskiene-prigimtinis-kvepavimas-2\/"]}]},{"@type":"ImageObject","inLanguage":"en-GB","@id":"https:\/\/skaitytaknyga.lt\/produktas\/d-januskiene-prigimtinis-kvepavimas-2\/#primaryimage","url":"https:\/\/skaitytaknyga.lt\/wp-content\/uploads\/2024\/04\/1558442555_img598.jpg","contentUrl":"https:\/\/skaitytaknyga.lt\/wp-content\/uploads\/2024\/04\/1558442555_img598.jpg","width":299,"height":430,"caption":"1558442555 img598"},{"@type":"BreadcrumbList","@id":"https:\/\/skaitytaknyga.lt\/produktas\/d-januskiene-prigimtinis-kvepavimas-2\/#breadcrumb","itemListElement":[{"@type":"ListItem","position":1,"name":"Home","item":"https:\/\/skaitytaknyga.lt\/"},{"@type":"ListItem","position":2,"name":"Parduotuv\u0117","item":"https:\/\/skaitytaknyga.lt\/knygu-parduotuve\/"},{"@type":"ListItem","position":3,"name":"D. Janu\u0161kien\u0117 \u201ePrigimtinis kv\u0117pavimas\u201c"}]},{"@type":"WebSite","@id":"https:\/\/skaitytaknyga.lt\/#website","url":"https:\/\/skaitytaknyga.lt\/","name":"skaitytaknyga.lt","description":"Skaitytaknyga.lt \u2013 tai ma\u017eas \u0161eimos verslas, kuris prasid\u0117jo nuo meil\u0117s knygoms ir siekio i\u0161gelb\u0117ti knygas nuo likimo prie konteinerio. Kas vienam nereikalingas daiktas \u2013 kitam lobis, o mes esame tarpininkai, kurie padeda abiems tapti laimingesniems ???? \u017dinome kaip nelengva i\u0161gyventi ma\u017eiems verslams, tad nuo \u0161iol, \u010dia rasite ir kit\u0173, ma\u017e\u0173 \u0161eim\u0173 versl\u0173, rank\u0173 darbo, dovan\u0173 sau ir artimiesiems.","publisher":{"@id":"https:\/\/skaitytaknyga.lt\/#organization"},"potentialAction":[{"@type":"SearchAction","target":{"@type":"EntryPoint","urlTemplate":"https:\/\/skaitytaknyga.lt\/?s={search_term_string}"},"query-input":{"@type":"PropertyValueSpecification","valueRequired":true,"valueName":"search_term_string"}}],"inLanguage":"en-GB"},{"@type":"Organization","@id":"https:\/\/skaitytaknyga.lt\/#organization","name":"skaitytaknyga.lt","url":"https:\/\/skaitytaknyga.lt\/","logo":{"@type":"ImageObject","inLanguage":"en-GB","@id":"https:\/\/skaitytaknyga.lt\/#\/schema\/logo\/image\/","url":"https:\/\/skaitytaknyga.lt\/wp-content\/uploads\/2024\/05\/cropped-cropped-cropped-02_00843_jt3bggkj1j3HLc7SyY6rEUpg.jpeg","contentUrl":"https:\/\/skaitytaknyga.lt\/wp-content\/uploads\/2024\/05\/cropped-cropped-cropped-02_00843_jt3bggkj1j3HLc7SyY6rEUpg.jpeg","width":1600,"height":1600,"caption":"skaitytaknyga.lt"},"image":{"@id":"https:\/\/skaitytaknyga.lt\/#\/schema\/logo\/image\/"},"sameAs":["https:\/\/www.facebook.com\/skaitytaknyga\/"]}]}},"_links":{"self":[{"href":"https:\/\/skaitytaknyga.lt\/en\/wp-json\/wp\/v2\/product\/7647","targetHints":{"allow":["GET"]}}],"collection":[{"href":"https:\/\/skaitytaknyga.lt\/en\/wp-json\/wp\/v2\/product"}],"about":[{"href":"https:\/\/skaitytaknyga.lt\/en\/wp-json\/wp\/v2\/types\/product"}],"replies":[{"embeddable":true,"href":"https:\/\/skaitytaknyga.lt\/en\/wp-json\/wp\/v2\/comments?post=7647"}],"wp:featuredmedia":[{"embeddable":true,"href":"https:\/\/skaitytaknyga.lt\/en\/wp-json\/wp\/v2\/media\/2972"}],"wp:attachment":[{"href":"https:\/\/skaitytaknyga.lt\/en\/wp-json\/wp\/v2\/media?parent=7647"}],"wp:term":[{"taxonomy":"product_brand","embeddable":true,"href":"https:\/\/skaitytaknyga.lt\/en\/wp-json\/wp\/v2\/product_brand?post=7647"},{"taxonomy":"product_cat","embeddable":true,"href":"https:\/\/skaitytaknyga.lt\/en\/wp-json\/wp\/v2\/product_cat?post=7647"},{"taxonomy":"product_tag","embeddable":true,"href":"https:\/\/skaitytaknyga.lt\/en\/wp-json\/wp\/v2\/product_tag?post=7647"}],"curies":[{"name":"wp","href":"https:\/\/api.w.org\/{rel}","templated":true}]}}