{"id":7645,"date":"2024-05-04T17:33:01","date_gmt":"2024-05-04T14:33:01","guid":{"rendered":"https:\/\/skaitytaknyga.lt\/?post_type=product&#038;p=7645"},"modified":"2026-03-18T14:55:48","modified_gmt":"2026-03-18T12:55:48","slug":"adolfas-hitleris-izraelio-ikurejas","status":"publish","type":"product","link":"https:\/\/skaitytaknyga.lt\/en\/produktas\/adolfas-hitleris-izraelio-ikurejas\/","title":{"rendered":"Adolfas Hitleris-Izraelio \u012fk\u016br\u0117jas"},"content":{"rendered":"<p>\u0160i\u0105 i\u0161 pirmo \u017evilgsnio paradoksaliai pavadint\u0105 knyg\u0105 para\u0161\u0117 \u017emogus, kuris XX a. istorij\u0105 studijavo ne i\u0161 knyg\u0173 ar vadov\u0117li\u0173. Patekusio tarp dviej\u0173 totalitarini\u0173 re\u017eim\u0173 \u2013 hitlerizmo ir stalinizmo \u2013 girn\u0173, vermachto kario Antrojo pasaulinio karo ir net pokario m\u016b\u0161i\u0173 atminimas \u012fr\u0117\u017etas giliais randais ant jo k\u016bno po dvylikos su\u017eeidim\u0173, paskutinis buvo sunkiausias\u2026 Lietuvoje 1946-aisiais. Knyga \u201eAdolfas Hitleris \u2013 Izraelio \u012fk\u016br\u0117jas\u201c, i\u0161leista 1974 m. \u017denevoje, i\u0161versta \u012f japon\u0173, lenk\u0173, angl\u0173 (JAV), pranc\u016bz\u0173, portugal\u0173, rus\u0173 kalbas. Tai daug patyrusio, skaud\u017eiai vokie\u010di\u0173 tautos tragedij\u0105 i\u0161gyvenusio \u017emogaus apm\u0105stymai apie subjektyvias ir objektyvias prie\u017eastis, nul\u0117musias \u012fvyki\u0173 eig\u0105 XX a. pirmoje pus\u0117je ne tik Europoje, bet ir visame pasaulyje.<\/p>\n<ul class=\"about-product d-none d-xl-block mt-4\">\n<li><strong>Autorius:<\/strong>\u00a0Henneck Kardel<\/li>\n<li><strong>Leid\u0117jas:<\/strong>\u00a0Mintis<\/li>\n<li><strong>Metai:<\/strong>\u00a02006<\/li>\n<li><strong>Puslapiai:<\/strong>\u00a0239<\/li>\n<li class=\"toggleable type-new-formats \"><strong>ISBN:<\/strong>\u00a09785417009037<\/li>\n<li class=\"toggleable type-new-formats \"><strong>Formatas:<\/strong>\u00a013 x 20 x 2 cm, mink\u0161ti vir\u0161eliai<\/li>\n<li><strong>Vert\u0117jas:<\/strong>\u00a0Vaslovas Mikailionis<\/li>\n<\/ul>\n","protected":false},"excerpt":{"rendered":"<p>\u0160i\u0105 i\u0161 pirmo \u017evilgsnio paradoksaliai pavadint\u0105 knyg\u0105 para\u0161\u0117 \u017emogus, kuris XX a. istorij\u0105 studijavo ne i\u0161 knyg\u0173 ar vadov\u0117li\u0173. Patekusio tarp dviej\u0173 totalitarini\u0173 re\u017eim\u0173 \u2013 hitlerizmo ir stalinizmo \u2013 girn\u0173, vermachto kario Antrojo pasaulinio karo ir net pokario m\u016b\u0161i\u0173 atminimas \u012fr\u0117\u017etas giliais randais ant jo k\u016bno po dvylikos su\u017eeidim\u0173, paskutinis buvo sunkiausias\u2026 Lietuvoje 1946-aisiais. Knyga \u201eAdolfas Hitleris \u2013 Izraelio \u012fk\u016br\u0117jas\u201c, i\u0161leista 1974 m. \u017denevoje, i\u0161versta \u012f japon\u0173, lenk\u0173, angl\u0173 (JAV), pranc\u016bz\u0173, portugal\u0173, rus\u0173 kalbas. Tai daug patyrusio, skaud\u017eiai vokie\u010di\u0173 tautos tragedij\u0105 i\u0161gyvenusio \u017emogaus apm\u0105stymai apie subjektyvias ir objektyvias prie\u017eastis, nul\u0117musias \u012fvyki\u0173 eig\u0105 XX a. pirmoje pus\u0117je ne tik Europoje, bet ir visame pasaulyje. Autorius:\u00a0Henneck Kardel Leid\u0117jas:\u00a0Mintis Metai:\u00a02006 Puslapiai:\u00a0239 ISBN:\u00a09785417009037 Formatas:\u00a013 x 20 x 2 cm, mink\u0161ti vir\u0161eliai Vert\u0117jas:\u00a0Vaslovas Mikailionis<\/p>\n","protected":false},"featured_media":2970,"comment_status":"closed","ping_status":"closed","template":"","meta":{"_acf_changed":false,"site-sidebar-layout":"default","site-content-layout":"","ast-site-content-layout":"default","site-content-style":"default","site-sidebar-style":"default","ast-global-header-display":"","ast-banner-title-visibility":"","ast-main-header-display":"","ast-hfb-above-header-display":"","ast-hfb-below-header-display":"","ast-hfb-mobile-header-display":"","site-post-title":"","ast-breadcrumbs-content":"","ast-featured-img":"","footer-sml-layout":"","ast-disable-related-posts":"","theme-transparent-header-meta":"default","adv-header-id-meta":"","stick-header-meta":"","header-above-stick-meta":"","header-main-stick-meta":"","header-below-stick-meta":"","astra-migrate-meta-layouts":"set","ast-page-background-enabled":"default","ast-page-background-meta":{"desktop":{"background-color":"","background-image":"","background-repeat":"repeat","background-position":"center center","background-size":"auto","background-attachment":"scroll","background-type":"","background-media":"","overlay-type":"","overlay-color":"","overlay-opacity":"","overlay-gradient":""},"tablet":{"background-color":"","background-image":"","background-repeat":"repeat","background-position":"center center","background-size":"auto","background-attachment":"scroll","background-type":"","background-media":"","overlay-type":"","overlay-color":"","overlay-opacity":"","overlay-gradient":""},"mobile":{"background-color":"","background-image":"","background-repeat":"repeat","background-position":"center center","background-size":"auto","background-attachment":"scroll","background-type":"","background-media":"","overlay-type":"","overlay-color":"","overlay-opacity":"","overlay-gradient":""}},"ast-content-background-meta":{"desktop":{"background-color":"var(--ast-global-color-4)","background-image":"","background-repeat":"repeat","background-position":"center center","background-size":"auto","background-attachment":"scroll","background-type":"","background-media":"","overlay-type":"","overlay-color":"","overlay-opacity":"","overlay-gradient":""},"tablet":{"background-color":"var(--ast-global-color-4)","background-image":"","background-repeat":"repeat","background-position":"center center","background-size":"auto","background-attachment":"scroll","background-type":"","background-media":"","overlay-type":"","overlay-color":"","overlay-opacity":"","overlay-gradient":""},"mobile":{"background-color":"var(--ast-global-color-4)","background-image":"","background-repeat":"repeat","background-position":"center center","background-size":"auto","background-attachment":"scroll","background-type":"","background-media":"","overlay-type":"","overlay-color":"","overlay-opacity":"","overlay-gradient":""}}},"product_brand":[],"product_cat":[174,9864],"product_tag":[],"class_list":{"0":"post-7645","1":"product","2":"type-product","3":"status-publish","4":"has-post-thumbnail","6":"product_cat-istorija-ir-politologija","7":"product_cat-karo-istorija","8":"desktop-align-left","9":"tablet-align-left","10":"mobile-align-left","12":"first","13":"outofstock","14":"shipping-taxable","15":"purchasable","16":"product-type-simple"},"acf":[],"yoast_head":"<!-- This site is optimized with the Yoast SEO plugin v27.4 - https:\/\/yoast.com\/product\/yoast-seo-wordpress\/ -->\n<title>Adolfas Hitleris-Izraelio \u012fk\u016br\u0117jas<\/title>\n<meta name=\"description\" content=\"\u0160i\u0105 i\u0161 pirmo \u017evilgsnio paradoksaliai pavadint\u0105 knyg\u0105 para\u0161\u0117 \u017emogus, kuris XX a. istorij\u0105 studijavo ne i\u0161 knyg\u0173 ar vadov\u0117li\u0173. Patekusio tarp dviej\u0173\" \/>\n<meta name=\"robots\" content=\"index, follow, max-snippet:-1, max-image-preview:large, max-video-preview:-1\" \/>\n<link rel=\"canonical\" href=\"https:\/\/skaitytaknyga.lt\/en\/produktas\/adolfas-hitleris-izraelio-ikurejas\/\" \/>\n<meta property=\"og:locale\" content=\"en_GB\" \/>\n<meta property=\"og:locale:alternate\" content=\"lt_LT\" \/>\n<meta property=\"og:type\" content=\"article\" \/>\n<meta property=\"og:title\" content=\"Adolfas Hitleris-Izraelio \u012fk\u016br\u0117jas\" \/>\n<meta property=\"og:description\" content=\"\u0160i\u0105 i\u0161 pirmo \u017evilgsnio paradoksaliai pavadint\u0105 knyg\u0105 para\u0161\u0117 \u017emogus, kuris XX a. istorij\u0105 studijavo ne i\u0161 knyg\u0173 ar vadov\u0117li\u0173. Patekusio tarp dviej\u0173\" \/>\n<meta property=\"og:url\" content=\"https:\/\/skaitytaknyga.lt\/en\/produktas\/adolfas-hitleris-izraelio-ikurejas\/\" \/>\n<meta property=\"og:site_name\" content=\"Skaitytaknyga\" \/>\n<meta property=\"article:publisher\" content=\"https:\/\/www.facebook.com\/skaitytaknyga\/\" \/>\n<meta property=\"article:modified_time\" content=\"2026-03-18T12:55:48+00:00\" \/>\n<meta property=\"og:image\" content=\"https:\/\/skaitytaknyga.lt\/wp-content\/uploads\/2024\/04\/1502265330_jpg_0007.jpg\" \/>\n\t<meta property=\"og:image:width\" content=\"277\" \/>\n\t<meta property=\"og:image:height\" content=\"430\" \/>\n\t<meta property=\"og:image:type\" content=\"image\/jpeg\" \/>\n<meta name=\"twitter:card\" content=\"summary_large_image\" \/>\n<meta name=\"twitter:label1\" content=\"Estimated reading time\" \/>\n\t<meta name=\"twitter:data1\" content=\"1 minute\" \/>\n<script type=\"application\/ld+json\" class=\"yoast-schema-graph\">{\"@context\":\"https:\\\/\\\/schema.org\",\"@graph\":[{\"@type\":\"WebPage\",\"@id\":\"https:\\\/\\\/skaitytaknyga.lt\\\/produktas\\\/adolfas-hitleris-izraelio-ikurejas\\\/\",\"url\":\"https:\\\/\\\/skaitytaknyga.lt\\\/produktas\\\/adolfas-hitleris-izraelio-ikurejas\\\/\",\"name\":\"Adolfas Hitleris-Izraelio \u012fk\u016br\u0117jas\",\"isPartOf\":{\"@id\":\"https:\\\/\\\/skaitytaknyga.lt\\\/#website\"},\"primaryImageOfPage\":{\"@id\":\"https:\\\/\\\/skaitytaknyga.lt\\\/produktas\\\/adolfas-hitleris-izraelio-ikurejas\\\/#primaryimage\"},\"image\":{\"@id\":\"https:\\\/\\\/skaitytaknyga.lt\\\/produktas\\\/adolfas-hitleris-izraelio-ikurejas\\\/#primaryimage\"},\"thumbnailUrl\":\"https:\\\/\\\/skaitytaknyga.lt\\\/wp-content\\\/uploads\\\/2024\\\/04\\\/1502265330_jpg_0007.jpg\",\"datePublished\":\"2024-05-04T14:33:01+00:00\",\"dateModified\":\"2026-03-18T12:55:48+00:00\",\"description\":\"\u0160i\u0105 i\u0161 pirmo \u017evilgsnio paradoksaliai pavadint\u0105 knyg\u0105 para\u0161\u0117 \u017emogus, kuris XX a. istorij\u0105 studijavo ne i\u0161 knyg\u0173 ar vadov\u0117li\u0173. Patekusio tarp dviej\u0173\",\"breadcrumb\":{\"@id\":\"https:\\\/\\\/skaitytaknyga.lt\\\/produktas\\\/adolfas-hitleris-izraelio-ikurejas\\\/#breadcrumb\"},\"inLanguage\":\"en-GB\",\"potentialAction\":[{\"@type\":\"ReadAction\",\"target\":[\"https:\\\/\\\/skaitytaknyga.lt\\\/produktas\\\/adolfas-hitleris-izraelio-ikurejas\\\/\"]}]},{\"@type\":\"ImageObject\",\"inLanguage\":\"en-GB\",\"@id\":\"https:\\\/\\\/skaitytaknyga.lt\\\/produktas\\\/adolfas-hitleris-izraelio-ikurejas\\\/#primaryimage\",\"url\":\"https:\\\/\\\/skaitytaknyga.lt\\\/wp-content\\\/uploads\\\/2024\\\/04\\\/1502265330_jpg_0007.jpg\",\"contentUrl\":\"https:\\\/\\\/skaitytaknyga.lt\\\/wp-content\\\/uploads\\\/2024\\\/04\\\/1502265330_jpg_0007.jpg\",\"width\":277,\"height\":430,\"caption\":\"1502265330 jpg 0007\"},{\"@type\":\"BreadcrumbList\",\"@id\":\"https:\\\/\\\/skaitytaknyga.lt\\\/produktas\\\/adolfas-hitleris-izraelio-ikurejas\\\/#breadcrumb\",\"itemListElement\":[{\"@type\":\"ListItem\",\"position\":1,\"name\":\"Home\",\"item\":\"https:\\\/\\\/skaitytaknyga.lt\\\/\"},{\"@type\":\"ListItem\",\"position\":2,\"name\":\"Parduotuv\u0117\",\"item\":\"https:\\\/\\\/skaitytaknyga.lt\\\/knygu-parduotuve\\\/\"},{\"@type\":\"ListItem\",\"position\":3,\"name\":\"Adolfas Hitleris-Izraelio \u012fk\u016br\u0117jas\"}]},{\"@type\":\"WebSite\",\"@id\":\"https:\\\/\\\/skaitytaknyga.lt\\\/#website\",\"url\":\"https:\\\/\\\/skaitytaknyga.lt\\\/\",\"name\":\"skaitytaknyga.lt\",\"description\":\"Skaitytaknyga.lt \u2013 tai ma\u017eas \u0161eimos verslas, kuris prasid\u0117jo nuo meil\u0117s knygoms ir siekio i\u0161gelb\u0117ti knygas nuo likimo prie konteinerio. Kas vienam nereikalingas daiktas \u2013 kitam lobis, o mes esame tarpininkai, kurie padeda abiems tapti laimingesniems ???? \u017dinome kaip nelengva i\u0161gyventi ma\u017eiems verslams, tad nuo \u0161iol, \u010dia rasite ir kit\u0173, ma\u017e\u0173 \u0161eim\u0173 versl\u0173, rank\u0173 darbo, dovan\u0173 sau ir artimiesiems.\",\"publisher\":{\"@id\":\"https:\\\/\\\/skaitytaknyga.lt\\\/#organization\"},\"potentialAction\":[{\"@type\":\"SearchAction\",\"target\":{\"@type\":\"EntryPoint\",\"urlTemplate\":\"https:\\\/\\\/skaitytaknyga.lt\\\/?s={search_term_string}\"},\"query-input\":{\"@type\":\"PropertyValueSpecification\",\"valueRequired\":true,\"valueName\":\"search_term_string\"}}],\"inLanguage\":\"en-GB\"},{\"@type\":\"Organization\",\"@id\":\"https:\\\/\\\/skaitytaknyga.lt\\\/#organization\",\"name\":\"skaitytaknyga.lt\",\"url\":\"https:\\\/\\\/skaitytaknyga.lt\\\/\",\"logo\":{\"@type\":\"ImageObject\",\"inLanguage\":\"en-GB\",\"@id\":\"https:\\\/\\\/skaitytaknyga.lt\\\/#\\\/schema\\\/logo\\\/image\\\/\",\"url\":\"https:\\\/\\\/skaitytaknyga.lt\\\/wp-content\\\/uploads\\\/2024\\\/05\\\/cropped-cropped-cropped-02_00843_jt3bggkj1j3HLc7SyY6rEUpg.jpeg\",\"contentUrl\":\"https:\\\/\\\/skaitytaknyga.lt\\\/wp-content\\\/uploads\\\/2024\\\/05\\\/cropped-cropped-cropped-02_00843_jt3bggkj1j3HLc7SyY6rEUpg.jpeg\",\"width\":1600,\"height\":1600,\"caption\":\"skaitytaknyga.lt\"},\"image\":{\"@id\":\"https:\\\/\\\/skaitytaknyga.lt\\\/#\\\/schema\\\/logo\\\/image\\\/\"},\"sameAs\":[\"https:\\\/\\\/www.facebook.com\\\/skaitytaknyga\\\/\"]}]}<\/script>\n<!-- \/ Yoast SEO plugin. -->","yoast_head_json":{"title":"Adolfas Hitleris-Izraelio \u012fk\u016br\u0117jas","description":"\u0160i\u0105 i\u0161 pirmo \u017evilgsnio paradoksaliai pavadint\u0105 knyg\u0105 para\u0161\u0117 \u017emogus, kuris XX a. istorij\u0105 studijavo ne i\u0161 knyg\u0173 ar vadov\u0117li\u0173. Patekusio tarp dviej\u0173","robots":{"index":"index","follow":"follow","max-snippet":"max-snippet:-1","max-image-preview":"max-image-preview:large","max-video-preview":"max-video-preview:-1"},"canonical":"https:\/\/skaitytaknyga.lt\/en\/produktas\/adolfas-hitleris-izraelio-ikurejas\/","og_locale":"en_GB","og_type":"article","og_title":"[:lt]Adolfas Hitleris-Izraelio \u012fk\u016br\u0117jas[:] - Skaitytaknyga","og_description":"\u0160i\u0105 i\u0161 pirmo \u017evilgsnio paradoksaliai pavadint\u0105 knyg\u0105 para\u0161\u0117 \u017emogus, kuris XX a. istorij\u0105 studijavo ne i\u0161 knyg\u0173 ar vadov\u0117li\u0173. Patekusio tarp dviej\u0173","og_url":"https:\/\/skaitytaknyga.lt\/en\/produktas\/adolfas-hitleris-izraelio-ikurejas\/","og_site_name":"Skaitytaknyga","article_publisher":"https:\/\/www.facebook.com\/skaitytaknyga\/","article_modified_time":"2026-03-18T12:55:48+00:00","og_image":[{"width":277,"height":430,"url":"https:\/\/skaitytaknyga.lt\/wp-content\/uploads\/2024\/04\/1502265330_jpg_0007.jpg","type":"image\/jpeg"}],"twitter_card":"summary_large_image","twitter_misc":{"Estimated reading time":"1 minute"},"schema":{"@context":"https:\/\/schema.org","@graph":[{"@type":"WebPage","@id":"https:\/\/skaitytaknyga.lt\/produktas\/adolfas-hitleris-izraelio-ikurejas\/","url":"https:\/\/skaitytaknyga.lt\/produktas\/adolfas-hitleris-izraelio-ikurejas\/","name":"Adolfas Hitleris-Izraelio \u012fk\u016br\u0117jas","isPartOf":{"@id":"https:\/\/skaitytaknyga.lt\/#website"},"primaryImageOfPage":{"@id":"https:\/\/skaitytaknyga.lt\/produktas\/adolfas-hitleris-izraelio-ikurejas\/#primaryimage"},"image":{"@id":"https:\/\/skaitytaknyga.lt\/produktas\/adolfas-hitleris-izraelio-ikurejas\/#primaryimage"},"thumbnailUrl":"https:\/\/skaitytaknyga.lt\/wp-content\/uploads\/2024\/04\/1502265330_jpg_0007.jpg","datePublished":"2024-05-04T14:33:01+00:00","dateModified":"2026-03-18T12:55:48+00:00","description":"\u0160i\u0105 i\u0161 pirmo \u017evilgsnio paradoksaliai pavadint\u0105 knyg\u0105 para\u0161\u0117 \u017emogus, kuris XX a. istorij\u0105 studijavo ne i\u0161 knyg\u0173 ar vadov\u0117li\u0173. Patekusio tarp dviej\u0173","breadcrumb":{"@id":"https:\/\/skaitytaknyga.lt\/produktas\/adolfas-hitleris-izraelio-ikurejas\/#breadcrumb"},"inLanguage":"en-GB","potentialAction":[{"@type":"ReadAction","target":["https:\/\/skaitytaknyga.lt\/produktas\/adolfas-hitleris-izraelio-ikurejas\/"]}]},{"@type":"ImageObject","inLanguage":"en-GB","@id":"https:\/\/skaitytaknyga.lt\/produktas\/adolfas-hitleris-izraelio-ikurejas\/#primaryimage","url":"https:\/\/skaitytaknyga.lt\/wp-content\/uploads\/2024\/04\/1502265330_jpg_0007.jpg","contentUrl":"https:\/\/skaitytaknyga.lt\/wp-content\/uploads\/2024\/04\/1502265330_jpg_0007.jpg","width":277,"height":430,"caption":"1502265330 jpg 0007"},{"@type":"BreadcrumbList","@id":"https:\/\/skaitytaknyga.lt\/produktas\/adolfas-hitleris-izraelio-ikurejas\/#breadcrumb","itemListElement":[{"@type":"ListItem","position":1,"name":"Home","item":"https:\/\/skaitytaknyga.lt\/"},{"@type":"ListItem","position":2,"name":"Parduotuv\u0117","item":"https:\/\/skaitytaknyga.lt\/knygu-parduotuve\/"},{"@type":"ListItem","position":3,"name":"Adolfas Hitleris-Izraelio \u012fk\u016br\u0117jas"}]},{"@type":"WebSite","@id":"https:\/\/skaitytaknyga.lt\/#website","url":"https:\/\/skaitytaknyga.lt\/","name":"skaitytaknyga.lt","description":"Skaitytaknyga.lt \u2013 tai ma\u017eas \u0161eimos verslas, kuris prasid\u0117jo nuo meil\u0117s knygoms ir siekio i\u0161gelb\u0117ti knygas nuo likimo prie konteinerio. Kas vienam nereikalingas daiktas \u2013 kitam lobis, o mes esame tarpininkai, kurie padeda abiems tapti laimingesniems ???? \u017dinome kaip nelengva i\u0161gyventi ma\u017eiems verslams, tad nuo \u0161iol, \u010dia rasite ir kit\u0173, ma\u017e\u0173 \u0161eim\u0173 versl\u0173, rank\u0173 darbo, dovan\u0173 sau ir artimiesiems.","publisher":{"@id":"https:\/\/skaitytaknyga.lt\/#organization"},"potentialAction":[{"@type":"SearchAction","target":{"@type":"EntryPoint","urlTemplate":"https:\/\/skaitytaknyga.lt\/?s={search_term_string}"},"query-input":{"@type":"PropertyValueSpecification","valueRequired":true,"valueName":"search_term_string"}}],"inLanguage":"en-GB"},{"@type":"Organization","@id":"https:\/\/skaitytaknyga.lt\/#organization","name":"skaitytaknyga.lt","url":"https:\/\/skaitytaknyga.lt\/","logo":{"@type":"ImageObject","inLanguage":"en-GB","@id":"https:\/\/skaitytaknyga.lt\/#\/schema\/logo\/image\/","url":"https:\/\/skaitytaknyga.lt\/wp-content\/uploads\/2024\/05\/cropped-cropped-cropped-02_00843_jt3bggkj1j3HLc7SyY6rEUpg.jpeg","contentUrl":"https:\/\/skaitytaknyga.lt\/wp-content\/uploads\/2024\/05\/cropped-cropped-cropped-02_00843_jt3bggkj1j3HLc7SyY6rEUpg.jpeg","width":1600,"height":1600,"caption":"skaitytaknyga.lt"},"image":{"@id":"https:\/\/skaitytaknyga.lt\/#\/schema\/logo\/image\/"},"sameAs":["https:\/\/www.facebook.com\/skaitytaknyga\/"]}]}},"_links":{"self":[{"href":"https:\/\/skaitytaknyga.lt\/en\/wp-json\/wp\/v2\/product\/7645","targetHints":{"allow":["GET"]}}],"collection":[{"href":"https:\/\/skaitytaknyga.lt\/en\/wp-json\/wp\/v2\/product"}],"about":[{"href":"https:\/\/skaitytaknyga.lt\/en\/wp-json\/wp\/v2\/types\/product"}],"replies":[{"embeddable":true,"href":"https:\/\/skaitytaknyga.lt\/en\/wp-json\/wp\/v2\/comments?post=7645"}],"wp:featuredmedia":[{"embeddable":true,"href":"https:\/\/skaitytaknyga.lt\/en\/wp-json\/wp\/v2\/media\/2970"}],"wp:attachment":[{"href":"https:\/\/skaitytaknyga.lt\/en\/wp-json\/wp\/v2\/media?parent=7645"}],"wp:term":[{"taxonomy":"product_brand","embeddable":true,"href":"https:\/\/skaitytaknyga.lt\/en\/wp-json\/wp\/v2\/product_brand?post=7645"},{"taxonomy":"product_cat","embeddable":true,"href":"https:\/\/skaitytaknyga.lt\/en\/wp-json\/wp\/v2\/product_cat?post=7645"},{"taxonomy":"product_tag","embeddable":true,"href":"https:\/\/skaitytaknyga.lt\/en\/wp-json\/wp\/v2\/product_tag?post=7645"}],"curies":[{"name":"wp","href":"https:\/\/api.w.org\/{rel}","templated":true}]}}