{"id":7644,"date":"2024-05-04T14:33:01","date_gmt":"2024-05-04T14:33:01","guid":{"rendered":"https:\/\/skaitytaknyga.lt\/?post_type=product&#038;p=7644"},"modified":"2024-05-04T14:33:13","modified_gmt":"2024-05-04T14:33:13","slug":"m-chodorkovskis-tylos-kalinys-2","status":"publish","type":"product","link":"https:\/\/skaitytaknyga.lt\/en\/produktas\/m-chodorkovskis-tylos-kalinys-2\/","title":{"rendered":"M. Chodorkovskis \u201eTylos kalinys\u201c"},"content":{"rendered":"","protected":false},"excerpt":{"rendered":"<p>Michailas Chodorkovskis &#8211; vienas turtingiausi\u0173 \u017emoni\u0173 pasaulyje. Rusijos oligarchas, i\u0161dr\u012fs\u0119s mesti i\u0161\u0161\u016bk\u012f Rusijos prezidentui Vladimirui Putinui ir visai Rusijos vald\u017eiai, apkaltintas mokes\u010di\u0173 sl\u0117pimu ir kitais nusikaltimas, nuteistas ir \u012fkalintas. B\u016bdamas pirmuoju oligarchu, sugeb\u0117jusiu vakarieti\u0161kai perorganizuoti savo versl\u0105, Chodorkovskis tapo populiarus ir neapdairiai aktyviai kritikavo dabartin\u012f Rusijos r\u0117\u017eim\u0105&#8230;\u00a0 Pla\u010diai \u017einomas laikra\u0161\u010dio \u201eKommersant\u201d \u017eurnalistas Valerijus Paniu\u0161kinas i\u0161 aktyvaus pilie\u010dio pozicij\u0173 atskleid\u017eia ma\u017eai \u017einomus faktus, rekonstruoja \u0161okiruojan\u010dius ir kontraversi\u0161kus \u0161io oligarcho biografijos vingius, pasakoja apie jo dienas kal\u0117jime. Knygoje &#8211; unikal\u016bs Chodorkovskio lai\u0161kai i\u0161 kal\u0117jimo knygos autoriui, autoriaus interviu su Chodorkovskio \u017emona, t\u0117vais, advokatais, \u017eymiais Rusijos politikais. U\u017e savo ra\u0161inius autorius yra apdovanotas \u201eAuksin\u0117s Rusijos plunksnos\u201d premija.<\/p>\n","protected":false},"featured_media":2969,"comment_status":"closed","ping_status":"closed","template":"","meta":{"_acf_changed":false,"site-sidebar-layout":"default","site-content-layout":"","ast-site-content-layout":"default","site-content-style":"default","site-sidebar-style":"default","ast-global-header-display":"","ast-banner-title-visibility":"","ast-main-header-display":"","ast-hfb-above-header-display":"","ast-hfb-below-header-display":"","ast-hfb-mobile-header-display":"","site-post-title":"","ast-breadcrumbs-content":"","ast-featured-img":"","footer-sml-layout":"","ast-disable-related-posts":"","theme-transparent-header-meta":"","adv-header-id-meta":"","stick-header-meta":"","header-above-stick-meta":"","header-main-stick-meta":"","header-below-stick-meta":"","astra-migrate-meta-layouts":"default","ast-page-background-enabled":"default","ast-page-background-meta":{"desktop":{"background-color":"","background-image":"","background-repeat":"repeat","background-position":"center center","background-size":"auto","background-attachment":"scroll","background-type":"","background-media":"","overlay-type":"","overlay-color":"","overlay-opacity":"","overlay-gradient":""},"tablet":{"background-color":"","background-image":"","background-repeat":"repeat","background-position":"center center","background-size":"auto","background-attachment":"scroll","background-type":"","background-media":"","overlay-type":"","overlay-color":"","overlay-opacity":"","overlay-gradient":""},"mobile":{"background-color":"","background-image":"","background-repeat":"repeat","background-position":"center center","background-size":"auto","background-attachment":"scroll","background-type":"","background-media":"","overlay-type":"","overlay-color":"","overlay-opacity":"","overlay-gradient":""}},"ast-content-background-meta":{"desktop":{"background-color":"var(--ast-global-color-4)","background-image":"","background-repeat":"repeat","background-position":"center center","background-size":"auto","background-attachment":"scroll","background-type":"","background-media":"","overlay-type":"","overlay-color":"","overlay-opacity":"","overlay-gradient":""},"tablet":{"background-color":"var(--ast-global-color-4)","background-image":"","background-repeat":"repeat","background-position":"center center","background-size":"auto","background-attachment":"scroll","background-type":"","background-media":"","overlay-type":"","overlay-color":"","overlay-opacity":"","overlay-gradient":""},"mobile":{"background-color":"var(--ast-global-color-4)","background-image":"","background-repeat":"repeat","background-position":"center center","background-size":"auto","background-attachment":"scroll","background-type":"","background-media":"","overlay-type":"","overlay-color":"","overlay-opacity":"","overlay-gradient":""}}},"product_brand":[],"product_cat":[174],"product_tag":[],"class_list":{"0":"post-7644","1":"product","2":"type-product","3":"status-publish","4":"has-post-thumbnail","6":"product_cat-istorija-ir-politologija","7":"desktop-align-left","8":"tablet-align-left","9":"mobile-align-left","11":"first","12":"outofstock","13":"shipping-taxable","14":"purchasable","15":"product-type-simple"},"acf":[],"yoast_head":"<!-- This site is optimized with the Yoast SEO plugin v27.4 - https:\/\/yoast.com\/product\/yoast-seo-wordpress\/ -->\n<title>M. Chodorkovskis \u201eTylos kalinys\u201c - Skaitytaknyga<\/title>\n<meta name=\"description\" content=\"Michailas Chodorkovskis - vienas turtingiausi\u0173 \u017emoni\u0173 pasaulyje. Rusijos oligarchas, i\u0161dr\u012fs\u0119s mesti i\u0161\u0161\u016bk\u012f Rusijos prezidentui Vladimirui Putinui ir visai Rusijos vald\u017eiai, apkaltintas mokes\u010di\u0173 sl\u0117pimu ir kitais nusikaltimas, nuteistas ir \u012fkalintas. B\u016bdamas pirmuoju oligarchu, sugeb\u0117jusiu vakarieti\u0161kai perorganizuoti savo versl\u0105, Chodorkovskis tapo populiarus ir neapdairiai aktyviai kritikavo dabartin\u012f Rusijos r\u0117\u017eim\u0105...\u00a0 Pla\u010diai \u017einomas laikra\u0161\u010dio \u201eKommersant\u201d \u017eurnalistas Valerijus Paniu\u0161kinas i\u0161 aktyvaus pilie\u010dio pozicij\u0173 atskleid\u017eia ma\u017eai \u017einomus faktus, rekonstruoja \u0161okiruojan\u010dius ir kontraversi\u0161kus \u0161io oligarcho biografijos vingius, pasakoja apie jo dienas kal\u0117jime. Knygoje - unikal\u016bs Chodorkovskio lai\u0161kai i\u0161 kal\u0117jimo knygos autoriui, autoriaus interviu su Chodorkovskio \u017emona, t\u0117vais, advokatais, \u017eymiais Rusijos politikais. U\u017e savo ra\u0161inius autorius yra apdovanotas \u201eAuksin\u0117s Rusijos plunksnos\u201d premija.\" \/>\n<meta name=\"robots\" content=\"index, follow, max-snippet:-1, max-image-preview:large, max-video-preview:-1\" \/>\n<link rel=\"canonical\" href=\"https:\/\/skaitytaknyga.lt\/en\/produktas\/m-chodorkovskis-tylos-kalinys-2\/\" \/>\n<meta property=\"og:locale\" content=\"en_GB\" \/>\n<meta property=\"og:locale:alternate\" content=\"lt_LT\" \/>\n<meta property=\"og:type\" content=\"article\" \/>\n<meta property=\"og:title\" content=\"M. Chodorkovskis \u201eTylos kalinys\u201c - Skaitytaknyga\" \/>\n<meta property=\"og:description\" content=\"Michailas Chodorkovskis - vienas turtingiausi\u0173 \u017emoni\u0173 pasaulyje. Rusijos oligarchas, i\u0161dr\u012fs\u0119s mesti i\u0161\u0161\u016bk\u012f Rusijos prezidentui Vladimirui Putinui ir visai Rusijos vald\u017eiai, apkaltintas mokes\u010di\u0173 sl\u0117pimu ir kitais nusikaltimas, nuteistas ir \u012fkalintas. B\u016bdamas pirmuoju oligarchu, sugeb\u0117jusiu vakarieti\u0161kai perorganizuoti savo versl\u0105, Chodorkovskis tapo populiarus ir neapdairiai aktyviai kritikavo dabartin\u012f Rusijos r\u0117\u017eim\u0105...\u00a0 Pla\u010diai \u017einomas laikra\u0161\u010dio \u201eKommersant\u201d \u017eurnalistas Valerijus Paniu\u0161kinas i\u0161 aktyvaus pilie\u010dio pozicij\u0173 atskleid\u017eia ma\u017eai \u017einomus faktus, rekonstruoja \u0161okiruojan\u010dius ir kontraversi\u0161kus \u0161io oligarcho biografijos vingius, pasakoja apie jo dienas kal\u0117jime. Knygoje - unikal\u016bs Chodorkovskio lai\u0161kai i\u0161 kal\u0117jimo knygos autoriui, autoriaus interviu su Chodorkovskio \u017emona, t\u0117vais, advokatais, \u017eymiais Rusijos politikais. U\u017e savo ra\u0161inius autorius yra apdovanotas \u201eAuksin\u0117s Rusijos plunksnos\u201d premija.\" \/>\n<meta property=\"og:url\" content=\"https:\/\/skaitytaknyga.lt\/en\/produktas\/m-chodorkovskis-tylos-kalinys-2\/\" \/>\n<meta property=\"og:site_name\" content=\"Skaitytaknyga\" \/>\n<meta property=\"article:publisher\" content=\"https:\/\/www.facebook.com\/skaitytaknyga\/\" \/>\n<meta property=\"article:modified_time\" content=\"2024-05-04T14:33:13+00:00\" \/>\n<meta property=\"og:image\" content=\"https:\/\/skaitytaknyga.lt\/wp-content\/uploads\/2024\/04\/20200822_152109_edited.jpg\" \/>\n\t<meta property=\"og:image:width\" content=\"1400\" \/>\n\t<meta property=\"og:image:height\" content=\"2056\" \/>\n\t<meta property=\"og:image:type\" content=\"image\/jpeg\" \/>\n<meta name=\"twitter:card\" content=\"summary_large_image\" \/>\n<script type=\"application\/ld+json\" class=\"yoast-schema-graph\">{\"@context\":\"https:\\\/\\\/schema.org\",\"@graph\":[{\"@type\":\"WebPage\",\"@id\":\"https:\\\/\\\/skaitytaknyga.lt\\\/produktas\\\/m-chodorkovskis-tylos-kalinys-2\\\/\",\"url\":\"https:\\\/\\\/skaitytaknyga.lt\\\/produktas\\\/m-chodorkovskis-tylos-kalinys-2\\\/\",\"name\":\"M. Chodorkovskis \u201eTylos kalinys\u201c - Skaitytaknyga\",\"isPartOf\":{\"@id\":\"https:\\\/\\\/skaitytaknyga.lt\\\/#website\"},\"primaryImageOfPage\":{\"@id\":\"https:\\\/\\\/skaitytaknyga.lt\\\/produktas\\\/m-chodorkovskis-tylos-kalinys-2\\\/#primaryimage\"},\"image\":{\"@id\":\"https:\\\/\\\/skaitytaknyga.lt\\\/produktas\\\/m-chodorkovskis-tylos-kalinys-2\\\/#primaryimage\"},\"thumbnailUrl\":\"https:\\\/\\\/skaitytaknyga.lt\\\/wp-content\\\/uploads\\\/2024\\\/04\\\/20200822_152109_edited.jpg\",\"datePublished\":\"2024-05-04T14:33:01+00:00\",\"dateModified\":\"2024-05-04T14:33:13+00:00\",\"description\":\"Michailas Chodorkovskis - vienas turtingiausi\u0173 \u017emoni\u0173 pasaulyje. Rusijos oligarchas, i\u0161dr\u012fs\u0119s mesti i\u0161\u0161\u016bk\u012f Rusijos prezidentui Vladimirui Putinui ir visai Rusijos vald\u017eiai, apkaltintas mokes\u010di\u0173 sl\u0117pimu ir kitais nusikaltimas, nuteistas ir \u012fkalintas. B\u016bdamas pirmuoju oligarchu, sugeb\u0117jusiu vakarieti\u0161kai perorganizuoti savo versl\u0105, Chodorkovskis tapo populiarus ir neapdairiai aktyviai kritikavo dabartin\u012f Rusijos r\u0117\u017eim\u0105...\u00a0 Pla\u010diai \u017einomas laikra\u0161\u010dio \u201eKommersant\u201d \u017eurnalistas Valerijus Paniu\u0161kinas i\u0161 aktyvaus pilie\u010dio pozicij\u0173 atskleid\u017eia ma\u017eai \u017einomus faktus, rekonstruoja \u0161okiruojan\u010dius ir kontraversi\u0161kus \u0161io oligarcho biografijos vingius, pasakoja apie jo dienas kal\u0117jime. Knygoje - unikal\u016bs Chodorkovskio lai\u0161kai i\u0161 kal\u0117jimo knygos autoriui, autoriaus interviu su Chodorkovskio \u017emona, t\u0117vais, advokatais, \u017eymiais Rusijos politikais. U\u017e savo ra\u0161inius autorius yra apdovanotas \u201eAuksin\u0117s Rusijos plunksnos\u201d premija.\",\"breadcrumb\":{\"@id\":\"https:\\\/\\\/skaitytaknyga.lt\\\/produktas\\\/m-chodorkovskis-tylos-kalinys-2\\\/#breadcrumb\"},\"inLanguage\":\"en-GB\",\"potentialAction\":[{\"@type\":\"ReadAction\",\"target\":[\"https:\\\/\\\/skaitytaknyga.lt\\\/produktas\\\/m-chodorkovskis-tylos-kalinys-2\\\/\"]}]},{\"@type\":\"ImageObject\",\"inLanguage\":\"en-GB\",\"@id\":\"https:\\\/\\\/skaitytaknyga.lt\\\/produktas\\\/m-chodorkovskis-tylos-kalinys-2\\\/#primaryimage\",\"url\":\"https:\\\/\\\/skaitytaknyga.lt\\\/wp-content\\\/uploads\\\/2024\\\/04\\\/20200822_152109_edited.jpg\",\"contentUrl\":\"https:\\\/\\\/skaitytaknyga.lt\\\/wp-content\\\/uploads\\\/2024\\\/04\\\/20200822_152109_edited.jpg\",\"width\":1400,\"height\":2056,\"caption\":\"20200822 152109 edited\"},{\"@type\":\"BreadcrumbList\",\"@id\":\"https:\\\/\\\/skaitytaknyga.lt\\\/produktas\\\/m-chodorkovskis-tylos-kalinys-2\\\/#breadcrumb\",\"itemListElement\":[{\"@type\":\"ListItem\",\"position\":1,\"name\":\"Home\",\"item\":\"https:\\\/\\\/skaitytaknyga.lt\\\/\"},{\"@type\":\"ListItem\",\"position\":2,\"name\":\"Parduotuv\u0117\",\"item\":\"https:\\\/\\\/skaitytaknyga.lt\\\/knygu-parduotuve\\\/\"},{\"@type\":\"ListItem\",\"position\":3,\"name\":\"M. Chodorkovskis \u201eTylos kalinys\u201c\"}]},{\"@type\":\"WebSite\",\"@id\":\"https:\\\/\\\/skaitytaknyga.lt\\\/#website\",\"url\":\"https:\\\/\\\/skaitytaknyga.lt\\\/\",\"name\":\"skaitytaknyga.lt\",\"description\":\"Skaitytaknyga.lt \u2013 tai ma\u017eas \u0161eimos verslas, kuris prasid\u0117jo nuo meil\u0117s knygoms ir siekio i\u0161gelb\u0117ti knygas nuo likimo prie konteinerio. Kas vienam nereikalingas daiktas \u2013 kitam lobis, o mes esame tarpininkai, kurie padeda abiems tapti laimingesniems ???? \u017dinome kaip nelengva i\u0161gyventi ma\u017eiems verslams, tad nuo \u0161iol, \u010dia rasite ir kit\u0173, ma\u017e\u0173 \u0161eim\u0173 versl\u0173, rank\u0173 darbo, dovan\u0173 sau ir artimiesiems.\",\"publisher\":{\"@id\":\"https:\\\/\\\/skaitytaknyga.lt\\\/#organization\"},\"potentialAction\":[{\"@type\":\"SearchAction\",\"target\":{\"@type\":\"EntryPoint\",\"urlTemplate\":\"https:\\\/\\\/skaitytaknyga.lt\\\/?s={search_term_string}\"},\"query-input\":{\"@type\":\"PropertyValueSpecification\",\"valueRequired\":true,\"valueName\":\"search_term_string\"}}],\"inLanguage\":\"en-GB\"},{\"@type\":\"Organization\",\"@id\":\"https:\\\/\\\/skaitytaknyga.lt\\\/#organization\",\"name\":\"skaitytaknyga.lt\",\"url\":\"https:\\\/\\\/skaitytaknyga.lt\\\/\",\"logo\":{\"@type\":\"ImageObject\",\"inLanguage\":\"en-GB\",\"@id\":\"https:\\\/\\\/skaitytaknyga.lt\\\/#\\\/schema\\\/logo\\\/image\\\/\",\"url\":\"https:\\\/\\\/skaitytaknyga.lt\\\/wp-content\\\/uploads\\\/2024\\\/05\\\/cropped-cropped-cropped-02_00843_jt3bggkj1j3HLc7SyY6rEUpg.jpeg\",\"contentUrl\":\"https:\\\/\\\/skaitytaknyga.lt\\\/wp-content\\\/uploads\\\/2024\\\/05\\\/cropped-cropped-cropped-02_00843_jt3bggkj1j3HLc7SyY6rEUpg.jpeg\",\"width\":1600,\"height\":1600,\"caption\":\"skaitytaknyga.lt\"},\"image\":{\"@id\":\"https:\\\/\\\/skaitytaknyga.lt\\\/#\\\/schema\\\/logo\\\/image\\\/\"},\"sameAs\":[\"https:\\\/\\\/www.facebook.com\\\/skaitytaknyga\\\/\"]}]}<\/script>\n<!-- \/ Yoast SEO plugin. -->","yoast_head_json":{"title":"M. Chodorkovskis \u201eTylos kalinys\u201c - Skaitytaknyga","description":"Michailas Chodorkovskis - vienas turtingiausi\u0173 \u017emoni\u0173 pasaulyje. Rusijos oligarchas, i\u0161dr\u012fs\u0119s mesti i\u0161\u0161\u016bk\u012f Rusijos prezidentui Vladimirui Putinui ir visai Rusijos vald\u017eiai, apkaltintas mokes\u010di\u0173 sl\u0117pimu ir kitais nusikaltimas, nuteistas ir \u012fkalintas. B\u016bdamas pirmuoju oligarchu, sugeb\u0117jusiu vakarieti\u0161kai perorganizuoti savo versl\u0105, Chodorkovskis tapo populiarus ir neapdairiai aktyviai kritikavo dabartin\u012f Rusijos r\u0117\u017eim\u0105...\u00a0 Pla\u010diai \u017einomas laikra\u0161\u010dio \u201eKommersant\u201d \u017eurnalistas Valerijus Paniu\u0161kinas i\u0161 aktyvaus pilie\u010dio pozicij\u0173 atskleid\u017eia ma\u017eai \u017einomus faktus, rekonstruoja \u0161okiruojan\u010dius ir kontraversi\u0161kus \u0161io oligarcho biografijos vingius, pasakoja apie jo dienas kal\u0117jime. Knygoje - unikal\u016bs Chodorkovskio lai\u0161kai i\u0161 kal\u0117jimo knygos autoriui, autoriaus interviu su Chodorkovskio \u017emona, t\u0117vais, advokatais, \u017eymiais Rusijos politikais. U\u017e savo ra\u0161inius autorius yra apdovanotas \u201eAuksin\u0117s Rusijos plunksnos\u201d premija.","robots":{"index":"index","follow":"follow","max-snippet":"max-snippet:-1","max-image-preview":"max-image-preview:large","max-video-preview":"max-video-preview:-1"},"canonical":"https:\/\/skaitytaknyga.lt\/en\/produktas\/m-chodorkovskis-tylos-kalinys-2\/","og_locale":"en_GB","og_type":"article","og_title":"M. Chodorkovskis \u201eTylos kalinys\u201c - Skaitytaknyga","og_description":"Michailas Chodorkovskis - vienas turtingiausi\u0173 \u017emoni\u0173 pasaulyje. Rusijos oligarchas, i\u0161dr\u012fs\u0119s mesti i\u0161\u0161\u016bk\u012f Rusijos prezidentui Vladimirui Putinui ir visai Rusijos vald\u017eiai, apkaltintas mokes\u010di\u0173 sl\u0117pimu ir kitais nusikaltimas, nuteistas ir \u012fkalintas. B\u016bdamas pirmuoju oligarchu, sugeb\u0117jusiu vakarieti\u0161kai perorganizuoti savo versl\u0105, Chodorkovskis tapo populiarus ir neapdairiai aktyviai kritikavo dabartin\u012f Rusijos r\u0117\u017eim\u0105...\u00a0 Pla\u010diai \u017einomas laikra\u0161\u010dio \u201eKommersant\u201d \u017eurnalistas Valerijus Paniu\u0161kinas i\u0161 aktyvaus pilie\u010dio pozicij\u0173 atskleid\u017eia ma\u017eai \u017einomus faktus, rekonstruoja \u0161okiruojan\u010dius ir kontraversi\u0161kus \u0161io oligarcho biografijos vingius, pasakoja apie jo dienas kal\u0117jime. Knygoje - unikal\u016bs Chodorkovskio lai\u0161kai i\u0161 kal\u0117jimo knygos autoriui, autoriaus interviu su Chodorkovskio \u017emona, t\u0117vais, advokatais, \u017eymiais Rusijos politikais. U\u017e savo ra\u0161inius autorius yra apdovanotas \u201eAuksin\u0117s Rusijos plunksnos\u201d premija.","og_url":"https:\/\/skaitytaknyga.lt\/en\/produktas\/m-chodorkovskis-tylos-kalinys-2\/","og_site_name":"Skaitytaknyga","article_publisher":"https:\/\/www.facebook.com\/skaitytaknyga\/","article_modified_time":"2024-05-04T14:33:13+00:00","og_image":[{"width":1400,"height":2056,"url":"https:\/\/skaitytaknyga.lt\/wp-content\/uploads\/2024\/04\/20200822_152109_edited.jpg","type":"image\/jpeg"}],"twitter_card":"summary_large_image","schema":{"@context":"https:\/\/schema.org","@graph":[{"@type":"WebPage","@id":"https:\/\/skaitytaknyga.lt\/produktas\/m-chodorkovskis-tylos-kalinys-2\/","url":"https:\/\/skaitytaknyga.lt\/produktas\/m-chodorkovskis-tylos-kalinys-2\/","name":"M. Chodorkovskis \u201eTylos kalinys\u201c - Skaitytaknyga","isPartOf":{"@id":"https:\/\/skaitytaknyga.lt\/#website"},"primaryImageOfPage":{"@id":"https:\/\/skaitytaknyga.lt\/produktas\/m-chodorkovskis-tylos-kalinys-2\/#primaryimage"},"image":{"@id":"https:\/\/skaitytaknyga.lt\/produktas\/m-chodorkovskis-tylos-kalinys-2\/#primaryimage"},"thumbnailUrl":"https:\/\/skaitytaknyga.lt\/wp-content\/uploads\/2024\/04\/20200822_152109_edited.jpg","datePublished":"2024-05-04T14:33:01+00:00","dateModified":"2024-05-04T14:33:13+00:00","description":"Michailas Chodorkovskis - vienas turtingiausi\u0173 \u017emoni\u0173 pasaulyje. Rusijos oligarchas, i\u0161dr\u012fs\u0119s mesti i\u0161\u0161\u016bk\u012f Rusijos prezidentui Vladimirui Putinui ir visai Rusijos vald\u017eiai, apkaltintas mokes\u010di\u0173 sl\u0117pimu ir kitais nusikaltimas, nuteistas ir \u012fkalintas. B\u016bdamas pirmuoju oligarchu, sugeb\u0117jusiu vakarieti\u0161kai perorganizuoti savo versl\u0105, Chodorkovskis tapo populiarus ir neapdairiai aktyviai kritikavo dabartin\u012f Rusijos r\u0117\u017eim\u0105...\u00a0 Pla\u010diai \u017einomas laikra\u0161\u010dio \u201eKommersant\u201d \u017eurnalistas Valerijus Paniu\u0161kinas i\u0161 aktyvaus pilie\u010dio pozicij\u0173 atskleid\u017eia ma\u017eai \u017einomus faktus, rekonstruoja \u0161okiruojan\u010dius ir kontraversi\u0161kus \u0161io oligarcho biografijos vingius, pasakoja apie jo dienas kal\u0117jime. Knygoje - unikal\u016bs Chodorkovskio lai\u0161kai i\u0161 kal\u0117jimo knygos autoriui, autoriaus interviu su Chodorkovskio \u017emona, t\u0117vais, advokatais, \u017eymiais Rusijos politikais. U\u017e savo ra\u0161inius autorius yra apdovanotas \u201eAuksin\u0117s Rusijos plunksnos\u201d premija.","breadcrumb":{"@id":"https:\/\/skaitytaknyga.lt\/produktas\/m-chodorkovskis-tylos-kalinys-2\/#breadcrumb"},"inLanguage":"en-GB","potentialAction":[{"@type":"ReadAction","target":["https:\/\/skaitytaknyga.lt\/produktas\/m-chodorkovskis-tylos-kalinys-2\/"]}]},{"@type":"ImageObject","inLanguage":"en-GB","@id":"https:\/\/skaitytaknyga.lt\/produktas\/m-chodorkovskis-tylos-kalinys-2\/#primaryimage","url":"https:\/\/skaitytaknyga.lt\/wp-content\/uploads\/2024\/04\/20200822_152109_edited.jpg","contentUrl":"https:\/\/skaitytaknyga.lt\/wp-content\/uploads\/2024\/04\/20200822_152109_edited.jpg","width":1400,"height":2056,"caption":"20200822 152109 edited"},{"@type":"BreadcrumbList","@id":"https:\/\/skaitytaknyga.lt\/produktas\/m-chodorkovskis-tylos-kalinys-2\/#breadcrumb","itemListElement":[{"@type":"ListItem","position":1,"name":"Home","item":"https:\/\/skaitytaknyga.lt\/"},{"@type":"ListItem","position":2,"name":"Parduotuv\u0117","item":"https:\/\/skaitytaknyga.lt\/knygu-parduotuve\/"},{"@type":"ListItem","position":3,"name":"M. Chodorkovskis \u201eTylos kalinys\u201c"}]},{"@type":"WebSite","@id":"https:\/\/skaitytaknyga.lt\/#website","url":"https:\/\/skaitytaknyga.lt\/","name":"skaitytaknyga.lt","description":"Skaitytaknyga.lt \u2013 tai ma\u017eas \u0161eimos verslas, kuris prasid\u0117jo nuo meil\u0117s knygoms ir siekio i\u0161gelb\u0117ti knygas nuo likimo prie konteinerio. Kas vienam nereikalingas daiktas \u2013 kitam lobis, o mes esame tarpininkai, kurie padeda abiems tapti laimingesniems ???? \u017dinome kaip nelengva i\u0161gyventi ma\u017eiems verslams, tad nuo \u0161iol, \u010dia rasite ir kit\u0173, ma\u017e\u0173 \u0161eim\u0173 versl\u0173, rank\u0173 darbo, dovan\u0173 sau ir artimiesiems.","publisher":{"@id":"https:\/\/skaitytaknyga.lt\/#organization"},"potentialAction":[{"@type":"SearchAction","target":{"@type":"EntryPoint","urlTemplate":"https:\/\/skaitytaknyga.lt\/?s={search_term_string}"},"query-input":{"@type":"PropertyValueSpecification","valueRequired":true,"valueName":"search_term_string"}}],"inLanguage":"en-GB"},{"@type":"Organization","@id":"https:\/\/skaitytaknyga.lt\/#organization","name":"skaitytaknyga.lt","url":"https:\/\/skaitytaknyga.lt\/","logo":{"@type":"ImageObject","inLanguage":"en-GB","@id":"https:\/\/skaitytaknyga.lt\/#\/schema\/logo\/image\/","url":"https:\/\/skaitytaknyga.lt\/wp-content\/uploads\/2024\/05\/cropped-cropped-cropped-02_00843_jt3bggkj1j3HLc7SyY6rEUpg.jpeg","contentUrl":"https:\/\/skaitytaknyga.lt\/wp-content\/uploads\/2024\/05\/cropped-cropped-cropped-02_00843_jt3bggkj1j3HLc7SyY6rEUpg.jpeg","width":1600,"height":1600,"caption":"skaitytaknyga.lt"},"image":{"@id":"https:\/\/skaitytaknyga.lt\/#\/schema\/logo\/image\/"},"sameAs":["https:\/\/www.facebook.com\/skaitytaknyga\/"]}]}},"_links":{"self":[{"href":"https:\/\/skaitytaknyga.lt\/en\/wp-json\/wp\/v2\/product\/7644","targetHints":{"allow":["GET"]}}],"collection":[{"href":"https:\/\/skaitytaknyga.lt\/en\/wp-json\/wp\/v2\/product"}],"about":[{"href":"https:\/\/skaitytaknyga.lt\/en\/wp-json\/wp\/v2\/types\/product"}],"replies":[{"embeddable":true,"href":"https:\/\/skaitytaknyga.lt\/en\/wp-json\/wp\/v2\/comments?post=7644"}],"wp:featuredmedia":[{"embeddable":true,"href":"https:\/\/skaitytaknyga.lt\/en\/wp-json\/wp\/v2\/media\/2969"}],"wp:attachment":[{"href":"https:\/\/skaitytaknyga.lt\/en\/wp-json\/wp\/v2\/media?parent=7644"}],"wp:term":[{"taxonomy":"product_brand","embeddable":true,"href":"https:\/\/skaitytaknyga.lt\/en\/wp-json\/wp\/v2\/product_brand?post=7644"},{"taxonomy":"product_cat","embeddable":true,"href":"https:\/\/skaitytaknyga.lt\/en\/wp-json\/wp\/v2\/product_cat?post=7644"},{"taxonomy":"product_tag","embeddable":true,"href":"https:\/\/skaitytaknyga.lt\/en\/wp-json\/wp\/v2\/product_tag?post=7644"}],"curies":[{"name":"wp","href":"https:\/\/api.w.org\/{rel}","templated":true}]}}