{"id":7638,"date":"2024-05-04T14:32:38","date_gmt":"2024-05-04T14:32:38","guid":{"rendered":"https:\/\/skaitytaknyga.lt\/?post_type=product&#038;p=7638"},"modified":"2024-12-20T16:55:28","modified_gmt":"2024-12-20T14:55:28","slug":"1000-idomiausiu-vaiku-klausimu-2","status":"publish","type":"product","link":"https:\/\/skaitytaknyga.lt\/en\/produktas\/1000-idomiausiu-vaiku-klausimu-2\/","title":{"rendered":"1000 \u012fdomiausi\u0173 vaik\u0173 klausim\u0173"},"content":{"rendered":"","protected":false},"excerpt":{"rendered":"<p>\u0160ioje knygoje j\u016bs rasite atsakymus \u012f 1000 \u012fdomiausi\u0173 klausim\u0173!<\/p>\n<p>Kod\u0117l \u0161irdis turi dvi puseles?<br \/>\nAr sveikai maitinat\u0117s?<br \/>\nK\u0105 Saul\u0117 veikia nakt\u012f?<br \/>\nSkaitydami \u0161i\u0105 knyg\u0105 daug su\u017einosite apie \u017dem\u0119 ir jos susidarym\u0105, apie gyv\u016bnus ir augalus, \u012fdomiausius i\u0161radimus bei kvap\u0105 gniau\u017eian\u010dius atradimus. Vartydami knyg\u0105 j\u016bs keliausite po tolimus kra\u0161tus, susipa\u017einsite su \u012fdomiais \u017emon\u0117mis, j\u0173 papro\u010diais, senosiomis civilizacijomis.<\/p>\n<p>\u0160i knyga \u2014 tarsi skrynia, kupina staigmen\u0173, nauding\u0173 patarim\u0173 ir jaudul\u012f kelian\u010di\u0173 eksperiment\u0173! Keliauti per pasaul\u012f ir laik\u0105 galite vieni arba pasikvieskite ir t\u0117vus. Juk ne visada t\u0117vai \u017eino tiksl\u0173 atsakym\u0105 \u012f klausim\u0105 \u2014 kod\u0117l virpa drebul\u0117s lapai?<\/p>\n","protected":false},"featured_media":2944,"comment_status":"closed","ping_status":"closed","template":"","meta":{"_acf_changed":false,"site-sidebar-layout":"default","site-content-layout":"","ast-site-content-layout":"default","site-content-style":"default","site-sidebar-style":"default","ast-global-header-display":"","ast-banner-title-visibility":"","ast-main-header-display":"","ast-hfb-above-header-display":"","ast-hfb-below-header-display":"","ast-hfb-mobile-header-display":"","site-post-title":"","ast-breadcrumbs-content":"","ast-featured-img":"","footer-sml-layout":"","ast-disable-related-posts":"","theme-transparent-header-meta":"","adv-header-id-meta":"","stick-header-meta":"","header-above-stick-meta":"","header-main-stick-meta":"","header-below-stick-meta":"","astra-migrate-meta-layouts":"default","ast-page-background-enabled":"default","ast-page-background-meta":{"desktop":{"background-color":"","background-image":"","background-repeat":"repeat","background-position":"center center","background-size":"auto","background-attachment":"scroll","background-type":"","background-media":"","overlay-type":"","overlay-color":"","overlay-opacity":"","overlay-gradient":""},"tablet":{"background-color":"","background-image":"","background-repeat":"repeat","background-position":"center center","background-size":"auto","background-attachment":"scroll","background-type":"","background-media":"","overlay-type":"","overlay-color":"","overlay-opacity":"","overlay-gradient":""},"mobile":{"background-color":"","background-image":"","background-repeat":"repeat","background-position":"center center","background-size":"auto","background-attachment":"scroll","background-type":"","background-media":"","overlay-type":"","overlay-color":"","overlay-opacity":"","overlay-gradient":""}},"ast-content-background-meta":{"desktop":{"background-color":"var(--ast-global-color-4)","background-image":"","background-repeat":"repeat","background-position":"center center","background-size":"auto","background-attachment":"scroll","background-type":"","background-media":"","overlay-type":"","overlay-color":"","overlay-opacity":"","overlay-gradient":""},"tablet":{"background-color":"var(--ast-global-color-4)","background-image":"","background-repeat":"repeat","background-position":"center center","background-size":"auto","background-attachment":"scroll","background-type":"","background-media":"","overlay-type":"","overlay-color":"","overlay-opacity":"","overlay-gradient":""},"mobile":{"background-color":"var(--ast-global-color-4)","background-image":"","background-repeat":"repeat","background-position":"center center","background-size":"auto","background-attachment":"scroll","background-type":"","background-media":"","overlay-type":"","overlay-color":"","overlay-opacity":"","overlay-gradient":""}}},"product_brand":[],"product_cat":[35,73],"product_tag":[],"class_list":{"0":"post-7638","1":"product","2":"type-product","3":"status-publish","4":"has-post-thumbnail","6":"product_cat-vaikams-ir-paaugliams","7":"product_cat-zinynai-ir-enciklopedijos","8":"desktop-align-left","9":"tablet-align-left","10":"mobile-align-left","12":"first","13":"instock","14":"sale","15":"shipping-taxable","16":"purchasable","17":"product-type-simple"},"acf":[],"yoast_head":"<!-- This site is optimized with the Yoast SEO plugin v27.0 - https:\/\/yoast.com\/product\/yoast-seo-wordpress\/ -->\n<title>1000 \u012fdomiausi\u0173 vaik\u0173 klausim\u0173 - Skaitytaknyga<\/title>\n<meta name=\"description\" content=\"\u0160ioje knygoje j\u016bs rasite atsakymus \u012f 1000 \u012fdomiausi\u0173 klausim\u0173!  Kod\u0117l \u0161irdis turi dvi puseles? Ar sveikai maitinat\u0117s? K\u0105 Saul\u0117 veikia nakt\u012f? Skaitydami \u0161i\u0105 knyg\u0105 daug su\u017einosite apie \u017dem\u0119 ir jos susidarym\u0105, apie gyv\u016bnus ir augalus, \u012fdomiausius i\u0161radimus bei kvap\u0105 gniau\u017eian\u010dius atradimus. Vartydami knyg\u0105 j\u016bs keliausite po tolimus kra\u0161tus, susipa\u017einsite su \u012fdomiais \u017emon\u0117mis, j\u0173 papro\u010diais, senosiomis civilizacijomis.  \u0160i knyga \u2014 tarsi skrynia, kupina staigmen\u0173, nauding\u0173 patarim\u0173 ir jaudul\u012f kelian\u010di\u0173 eksperiment\u0173! Keliauti per pasaul\u012f ir laik\u0105 galite vieni arba pasikvieskite ir t\u0117vus. Juk ne visada t\u0117vai \u017eino tiksl\u0173 atsakym\u0105 \u012f klausim\u0105 \u2014 kod\u0117l virpa drebul\u0117s lapai?\" \/>\n<meta name=\"robots\" content=\"index, follow, max-snippet:-1, max-image-preview:large, max-video-preview:-1\" \/>\n<link rel=\"canonical\" href=\"https:\/\/skaitytaknyga.lt\/en\/produktas\/1000-idomiausiu-vaiku-klausimu-2\/\" \/>\n<meta property=\"og:locale\" content=\"en_GB\" \/>\n<meta property=\"og:locale:alternate\" content=\"lt_LT\" \/>\n<meta property=\"og:type\" content=\"article\" \/>\n<meta property=\"og:title\" content=\"1000 \u012fdomiausi\u0173 vaik\u0173 klausim\u0173 - Skaitytaknyga\" \/>\n<meta property=\"og:description\" content=\"\u0160ioje knygoje j\u016bs rasite atsakymus \u012f 1000 \u012fdomiausi\u0173 klausim\u0173!  Kod\u0117l \u0161irdis turi dvi puseles? Ar sveikai maitinat\u0117s? K\u0105 Saul\u0117 veikia nakt\u012f? Skaitydami \u0161i\u0105 knyg\u0105 daug su\u017einosite apie \u017dem\u0119 ir jos susidarym\u0105, apie gyv\u016bnus ir augalus, \u012fdomiausius i\u0161radimus bei kvap\u0105 gniau\u017eian\u010dius atradimus. Vartydami knyg\u0105 j\u016bs keliausite po tolimus kra\u0161tus, susipa\u017einsite su \u012fdomiais \u017emon\u0117mis, j\u0173 papro\u010diais, senosiomis civilizacijomis.  \u0160i knyga \u2014 tarsi skrynia, kupina staigmen\u0173, nauding\u0173 patarim\u0173 ir jaudul\u012f kelian\u010di\u0173 eksperiment\u0173! Keliauti per pasaul\u012f ir laik\u0105 galite vieni arba pasikvieskite ir t\u0117vus. Juk ne visada t\u0117vai \u017eino tiksl\u0173 atsakym\u0105 \u012f klausim\u0105 \u2014 kod\u0117l virpa drebul\u0117s lapai?\" \/>\n<meta property=\"og:url\" content=\"https:\/\/skaitytaknyga.lt\/en\/produktas\/1000-idomiausiu-vaiku-klausimu-2\/\" \/>\n<meta property=\"og:site_name\" content=\"Skaitytaknyga\" \/>\n<meta property=\"article:publisher\" content=\"https:\/\/www.facebook.com\/skaitytaknyga\/\" \/>\n<meta property=\"article:modified_time\" content=\"2024-12-20T14:55:28+00:00\" \/>\n<meta property=\"og:image\" content=\"https:\/\/skaitytaknyga.lt\/wp-content\/uploads\/2024\/04\/01_015aa_USXUsS4Q1w2vzDfGTBA8wvLQ-1.jpeg\" \/>\n\t<meta property=\"og:image:width\" content=\"600\" \/>\n\t<meta property=\"og:image:height\" content=\"800\" \/>\n\t<meta property=\"og:image:type\" content=\"image\/jpeg\" \/>\n<meta name=\"twitter:card\" content=\"summary_large_image\" \/>\n<script type=\"application\/ld+json\" class=\"yoast-schema-graph\">{\"@context\":\"https:\/\/schema.org\",\"@graph\":[{\"@type\":\"WebPage\",\"@id\":\"https:\/\/skaitytaknyga.lt\/produktas\/1000-idomiausiu-vaiku-klausimu-2\/\",\"url\":\"https:\/\/skaitytaknyga.lt\/produktas\/1000-idomiausiu-vaiku-klausimu-2\/\",\"name\":\"1000 \u012fdomiausi\u0173 vaik\u0173 klausim\u0173 - Skaitytaknyga\",\"isPartOf\":{\"@id\":\"https:\/\/skaitytaknyga.lt\/#website\"},\"primaryImageOfPage\":{\"@id\":\"https:\/\/skaitytaknyga.lt\/produktas\/1000-idomiausiu-vaiku-klausimu-2\/#primaryimage\"},\"image\":{\"@id\":\"https:\/\/skaitytaknyga.lt\/produktas\/1000-idomiausiu-vaiku-klausimu-2\/#primaryimage\"},\"thumbnailUrl\":\"https:\/\/skaitytaknyga.lt\/wp-content\/uploads\/2024\/04\/01_015aa_USXUsS4Q1w2vzDfGTBA8wvLQ-1.jpeg\",\"datePublished\":\"2024-05-04T14:32:38+00:00\",\"dateModified\":\"2024-12-20T14:55:28+00:00\",\"description\":\"\u0160ioje knygoje j\u016bs rasite atsakymus \u012f 1000 \u012fdomiausi\u0173 klausim\u0173! Kod\u0117l \u0161irdis turi dvi puseles? Ar sveikai maitinat\u0117s? K\u0105 Saul\u0117 veikia nakt\u012f? Skaitydami \u0161i\u0105 knyg\u0105 daug su\u017einosite apie \u017dem\u0119 ir jos susidarym\u0105, apie gyv\u016bnus ir augalus, \u012fdomiausius i\u0161radimus bei kvap\u0105 gniau\u017eian\u010dius atradimus. Vartydami knyg\u0105 j\u016bs keliausite po tolimus kra\u0161tus, susipa\u017einsite su \u012fdomiais \u017emon\u0117mis, j\u0173 papro\u010diais, senosiomis civilizacijomis. \u0160i knyga \u2014 tarsi skrynia, kupina staigmen\u0173, nauding\u0173 patarim\u0173 ir jaudul\u012f kelian\u010di\u0173 eksperiment\u0173! Keliauti per pasaul\u012f ir laik\u0105 galite vieni arba pasikvieskite ir t\u0117vus. Juk ne visada t\u0117vai \u017eino tiksl\u0173 atsakym\u0105 \u012f klausim\u0105 \u2014 kod\u0117l virpa drebul\u0117s lapai?\",\"breadcrumb\":{\"@id\":\"https:\/\/skaitytaknyga.lt\/produktas\/1000-idomiausiu-vaiku-klausimu-2\/#breadcrumb\"},\"inLanguage\":\"en-GB\",\"potentialAction\":[{\"@type\":\"ReadAction\",\"target\":[\"https:\/\/skaitytaknyga.lt\/produktas\/1000-idomiausiu-vaiku-klausimu-2\/\"]}]},{\"@type\":\"ImageObject\",\"inLanguage\":\"en-GB\",\"@id\":\"https:\/\/skaitytaknyga.lt\/produktas\/1000-idomiausiu-vaiku-klausimu-2\/#primaryimage\",\"url\":\"https:\/\/skaitytaknyga.lt\/wp-content\/uploads\/2024\/04\/01_015aa_USXUsS4Q1w2vzDfGTBA8wvLQ-1.jpeg\",\"contentUrl\":\"https:\/\/skaitytaknyga.lt\/wp-content\/uploads\/2024\/04\/01_015aa_USXUsS4Q1w2vzDfGTBA8wvLQ-1.jpeg\",\"width\":600,\"height\":800,\"caption\":\"01 015aa USXUsS4Q1w2vzDfGTBA8wvLQ 1\"},{\"@type\":\"BreadcrumbList\",\"@id\":\"https:\/\/skaitytaknyga.lt\/produktas\/1000-idomiausiu-vaiku-klausimu-2\/#breadcrumb\",\"itemListElement\":[{\"@type\":\"ListItem\",\"position\":1,\"name\":\"Home\",\"item\":\"https:\/\/skaitytaknyga.lt\/\"},{\"@type\":\"ListItem\",\"position\":2,\"name\":\"Parduotuv\u0117\",\"item\":\"https:\/\/skaitytaknyga.lt\/knygu-parduotuve\/\"},{\"@type\":\"ListItem\",\"position\":3,\"name\":\"1000 \u012fdomiausi\u0173 vaik\u0173 klausim\u0173\"}]},{\"@type\":\"WebSite\",\"@id\":\"https:\/\/skaitytaknyga.lt\/#website\",\"url\":\"https:\/\/skaitytaknyga.lt\/\",\"name\":\"skaitytaknyga.lt\",\"description\":\"Skaitytaknyga.lt \u2013 tai ma\u017eas \u0161eimos verslas, kuris prasid\u0117jo nuo meil\u0117s knygoms ir siekio i\u0161gelb\u0117ti knygas nuo likimo prie konteinerio. Kas vienam nereikalingas daiktas \u2013 kitam lobis, o mes esame tarpininkai, kurie padeda abiems tapti laimingesniems ???? \u017dinome kaip nelengva i\u0161gyventi ma\u017eiems verslams, tad nuo \u0161iol, \u010dia rasite ir kit\u0173, ma\u017e\u0173 \u0161eim\u0173 versl\u0173, rank\u0173 darbo, dovan\u0173 sau ir artimiesiems.\",\"publisher\":{\"@id\":\"https:\/\/skaitytaknyga.lt\/#organization\"},\"potentialAction\":[{\"@type\":\"SearchAction\",\"target\":{\"@type\":\"EntryPoint\",\"urlTemplate\":\"https:\/\/skaitytaknyga.lt\/?s={search_term_string}\"},\"query-input\":{\"@type\":\"PropertyValueSpecification\",\"valueRequired\":true,\"valueName\":\"search_term_string\"}}],\"inLanguage\":\"en-GB\"},{\"@type\":\"Organization\",\"@id\":\"https:\/\/skaitytaknyga.lt\/#organization\",\"name\":\"skaitytaknyga.lt\",\"url\":\"https:\/\/skaitytaknyga.lt\/\",\"logo\":{\"@type\":\"ImageObject\",\"inLanguage\":\"en-GB\",\"@id\":\"https:\/\/skaitytaknyga.lt\/#\/schema\/logo\/image\/\",\"url\":\"https:\/\/skaitytaknyga.lt\/wp-content\/uploads\/2024\/05\/cropped-cropped-cropped-02_00843_jt3bggkj1j3HLc7SyY6rEUpg.jpeg\",\"contentUrl\":\"https:\/\/skaitytaknyga.lt\/wp-content\/uploads\/2024\/05\/cropped-cropped-cropped-02_00843_jt3bggkj1j3HLc7SyY6rEUpg.jpeg\",\"width\":1600,\"height\":1600,\"caption\":\"skaitytaknyga.lt\"},\"image\":{\"@id\":\"https:\/\/skaitytaknyga.lt\/#\/schema\/logo\/image\/\"},\"sameAs\":[\"https:\/\/www.facebook.com\/skaitytaknyga\/\"]}]}<\/script>\n<!-- \/ Yoast SEO plugin. -->","yoast_head_json":{"title":"1000 \u012fdomiausi\u0173 vaik\u0173 klausim\u0173 - Skaitytaknyga","description":"\u0160ioje knygoje j\u016bs rasite atsakymus \u012f 1000 \u012fdomiausi\u0173 klausim\u0173!  Kod\u0117l \u0161irdis turi dvi puseles? Ar sveikai maitinat\u0117s? K\u0105 Saul\u0117 veikia nakt\u012f? Skaitydami \u0161i\u0105 knyg\u0105 daug su\u017einosite apie \u017dem\u0119 ir jos susidarym\u0105, apie gyv\u016bnus ir augalus, \u012fdomiausius i\u0161radimus bei kvap\u0105 gniau\u017eian\u010dius atradimus. Vartydami knyg\u0105 j\u016bs keliausite po tolimus kra\u0161tus, susipa\u017einsite su \u012fdomiais \u017emon\u0117mis, j\u0173 papro\u010diais, senosiomis civilizacijomis.  \u0160i knyga \u2014 tarsi skrynia, kupina staigmen\u0173, nauding\u0173 patarim\u0173 ir jaudul\u012f kelian\u010di\u0173 eksperiment\u0173! Keliauti per pasaul\u012f ir laik\u0105 galite vieni arba pasikvieskite ir t\u0117vus. Juk ne visada t\u0117vai \u017eino tiksl\u0173 atsakym\u0105 \u012f klausim\u0105 \u2014 kod\u0117l virpa drebul\u0117s lapai?","robots":{"index":"index","follow":"follow","max-snippet":"max-snippet:-1","max-image-preview":"max-image-preview:large","max-video-preview":"max-video-preview:-1"},"canonical":"https:\/\/skaitytaknyga.lt\/en\/produktas\/1000-idomiausiu-vaiku-klausimu-2\/","og_locale":"en_GB","og_type":"article","og_title":"1000 \u012fdomiausi\u0173 vaik\u0173 klausim\u0173 - Skaitytaknyga","og_description":"\u0160ioje knygoje j\u016bs rasite atsakymus \u012f 1000 \u012fdomiausi\u0173 klausim\u0173!  Kod\u0117l \u0161irdis turi dvi puseles? Ar sveikai maitinat\u0117s? K\u0105 Saul\u0117 veikia nakt\u012f? Skaitydami \u0161i\u0105 knyg\u0105 daug su\u017einosite apie \u017dem\u0119 ir jos susidarym\u0105, apie gyv\u016bnus ir augalus, \u012fdomiausius i\u0161radimus bei kvap\u0105 gniau\u017eian\u010dius atradimus. Vartydami knyg\u0105 j\u016bs keliausite po tolimus kra\u0161tus, susipa\u017einsite su \u012fdomiais \u017emon\u0117mis, j\u0173 papro\u010diais, senosiomis civilizacijomis.  \u0160i knyga \u2014 tarsi skrynia, kupina staigmen\u0173, nauding\u0173 patarim\u0173 ir jaudul\u012f kelian\u010di\u0173 eksperiment\u0173! Keliauti per pasaul\u012f ir laik\u0105 galite vieni arba pasikvieskite ir t\u0117vus. Juk ne visada t\u0117vai \u017eino tiksl\u0173 atsakym\u0105 \u012f klausim\u0105 \u2014 kod\u0117l virpa drebul\u0117s lapai?","og_url":"https:\/\/skaitytaknyga.lt\/en\/produktas\/1000-idomiausiu-vaiku-klausimu-2\/","og_site_name":"Skaitytaknyga","article_publisher":"https:\/\/www.facebook.com\/skaitytaknyga\/","article_modified_time":"2024-12-20T14:55:28+00:00","og_image":[{"width":600,"height":800,"url":"https:\/\/skaitytaknyga.lt\/wp-content\/uploads\/2024\/04\/01_015aa_USXUsS4Q1w2vzDfGTBA8wvLQ-1.jpeg","type":"image\/jpeg"}],"twitter_card":"summary_large_image","schema":{"@context":"https:\/\/schema.org","@graph":[{"@type":"WebPage","@id":"https:\/\/skaitytaknyga.lt\/produktas\/1000-idomiausiu-vaiku-klausimu-2\/","url":"https:\/\/skaitytaknyga.lt\/produktas\/1000-idomiausiu-vaiku-klausimu-2\/","name":"1000 \u012fdomiausi\u0173 vaik\u0173 klausim\u0173 - Skaitytaknyga","isPartOf":{"@id":"https:\/\/skaitytaknyga.lt\/#website"},"primaryImageOfPage":{"@id":"https:\/\/skaitytaknyga.lt\/produktas\/1000-idomiausiu-vaiku-klausimu-2\/#primaryimage"},"image":{"@id":"https:\/\/skaitytaknyga.lt\/produktas\/1000-idomiausiu-vaiku-klausimu-2\/#primaryimage"},"thumbnailUrl":"https:\/\/skaitytaknyga.lt\/wp-content\/uploads\/2024\/04\/01_015aa_USXUsS4Q1w2vzDfGTBA8wvLQ-1.jpeg","datePublished":"2024-05-04T14:32:38+00:00","dateModified":"2024-12-20T14:55:28+00:00","description":"\u0160ioje knygoje j\u016bs rasite atsakymus \u012f 1000 \u012fdomiausi\u0173 klausim\u0173! Kod\u0117l \u0161irdis turi dvi puseles? Ar sveikai maitinat\u0117s? K\u0105 Saul\u0117 veikia nakt\u012f? Skaitydami \u0161i\u0105 knyg\u0105 daug su\u017einosite apie \u017dem\u0119 ir jos susidarym\u0105, apie gyv\u016bnus ir augalus, \u012fdomiausius i\u0161radimus bei kvap\u0105 gniau\u017eian\u010dius atradimus. Vartydami knyg\u0105 j\u016bs keliausite po tolimus kra\u0161tus, susipa\u017einsite su \u012fdomiais \u017emon\u0117mis, j\u0173 papro\u010diais, senosiomis civilizacijomis. \u0160i knyga \u2014 tarsi skrynia, kupina staigmen\u0173, nauding\u0173 patarim\u0173 ir jaudul\u012f kelian\u010di\u0173 eksperiment\u0173! Keliauti per pasaul\u012f ir laik\u0105 galite vieni arba pasikvieskite ir t\u0117vus. Juk ne visada t\u0117vai \u017eino tiksl\u0173 atsakym\u0105 \u012f klausim\u0105 \u2014 kod\u0117l virpa drebul\u0117s lapai?","breadcrumb":{"@id":"https:\/\/skaitytaknyga.lt\/produktas\/1000-idomiausiu-vaiku-klausimu-2\/#breadcrumb"},"inLanguage":"en-GB","potentialAction":[{"@type":"ReadAction","target":["https:\/\/skaitytaknyga.lt\/produktas\/1000-idomiausiu-vaiku-klausimu-2\/"]}]},{"@type":"ImageObject","inLanguage":"en-GB","@id":"https:\/\/skaitytaknyga.lt\/produktas\/1000-idomiausiu-vaiku-klausimu-2\/#primaryimage","url":"https:\/\/skaitytaknyga.lt\/wp-content\/uploads\/2024\/04\/01_015aa_USXUsS4Q1w2vzDfGTBA8wvLQ-1.jpeg","contentUrl":"https:\/\/skaitytaknyga.lt\/wp-content\/uploads\/2024\/04\/01_015aa_USXUsS4Q1w2vzDfGTBA8wvLQ-1.jpeg","width":600,"height":800,"caption":"01 015aa USXUsS4Q1w2vzDfGTBA8wvLQ 1"},{"@type":"BreadcrumbList","@id":"https:\/\/skaitytaknyga.lt\/produktas\/1000-idomiausiu-vaiku-klausimu-2\/#breadcrumb","itemListElement":[{"@type":"ListItem","position":1,"name":"Home","item":"https:\/\/skaitytaknyga.lt\/"},{"@type":"ListItem","position":2,"name":"Parduotuv\u0117","item":"https:\/\/skaitytaknyga.lt\/knygu-parduotuve\/"},{"@type":"ListItem","position":3,"name":"1000 \u012fdomiausi\u0173 vaik\u0173 klausim\u0173"}]},{"@type":"WebSite","@id":"https:\/\/skaitytaknyga.lt\/#website","url":"https:\/\/skaitytaknyga.lt\/","name":"skaitytaknyga.lt","description":"Skaitytaknyga.lt \u2013 tai ma\u017eas \u0161eimos verslas, kuris prasid\u0117jo nuo meil\u0117s knygoms ir siekio i\u0161gelb\u0117ti knygas nuo likimo prie konteinerio. Kas vienam nereikalingas daiktas \u2013 kitam lobis, o mes esame tarpininkai, kurie padeda abiems tapti laimingesniems ???? \u017dinome kaip nelengva i\u0161gyventi ma\u017eiems verslams, tad nuo \u0161iol, \u010dia rasite ir kit\u0173, ma\u017e\u0173 \u0161eim\u0173 versl\u0173, rank\u0173 darbo, dovan\u0173 sau ir artimiesiems.","publisher":{"@id":"https:\/\/skaitytaknyga.lt\/#organization"},"potentialAction":[{"@type":"SearchAction","target":{"@type":"EntryPoint","urlTemplate":"https:\/\/skaitytaknyga.lt\/?s={search_term_string}"},"query-input":{"@type":"PropertyValueSpecification","valueRequired":true,"valueName":"search_term_string"}}],"inLanguage":"en-GB"},{"@type":"Organization","@id":"https:\/\/skaitytaknyga.lt\/#organization","name":"skaitytaknyga.lt","url":"https:\/\/skaitytaknyga.lt\/","logo":{"@type":"ImageObject","inLanguage":"en-GB","@id":"https:\/\/skaitytaknyga.lt\/#\/schema\/logo\/image\/","url":"https:\/\/skaitytaknyga.lt\/wp-content\/uploads\/2024\/05\/cropped-cropped-cropped-02_00843_jt3bggkj1j3HLc7SyY6rEUpg.jpeg","contentUrl":"https:\/\/skaitytaknyga.lt\/wp-content\/uploads\/2024\/05\/cropped-cropped-cropped-02_00843_jt3bggkj1j3HLc7SyY6rEUpg.jpeg","width":1600,"height":1600,"caption":"skaitytaknyga.lt"},"image":{"@id":"https:\/\/skaitytaknyga.lt\/#\/schema\/logo\/image\/"},"sameAs":["https:\/\/www.facebook.com\/skaitytaknyga\/"]}]}},"_links":{"self":[{"href":"https:\/\/skaitytaknyga.lt\/en\/wp-json\/wp\/v2\/product\/7638","targetHints":{"allow":["GET"]}}],"collection":[{"href":"https:\/\/skaitytaknyga.lt\/en\/wp-json\/wp\/v2\/product"}],"about":[{"href":"https:\/\/skaitytaknyga.lt\/en\/wp-json\/wp\/v2\/types\/product"}],"replies":[{"embeddable":true,"href":"https:\/\/skaitytaknyga.lt\/en\/wp-json\/wp\/v2\/comments?post=7638"}],"wp:featuredmedia":[{"embeddable":true,"href":"https:\/\/skaitytaknyga.lt\/en\/wp-json\/wp\/v2\/media\/2944"}],"wp:attachment":[{"href":"https:\/\/skaitytaknyga.lt\/en\/wp-json\/wp\/v2\/media?parent=7638"}],"wp:term":[{"taxonomy":"product_brand","embeddable":true,"href":"https:\/\/skaitytaknyga.lt\/en\/wp-json\/wp\/v2\/product_brand?post=7638"},{"taxonomy":"product_cat","embeddable":true,"href":"https:\/\/skaitytaknyga.lt\/en\/wp-json\/wp\/v2\/product_cat?post=7638"},{"taxonomy":"product_tag","embeddable":true,"href":"https:\/\/skaitytaknyga.lt\/en\/wp-json\/wp\/v2\/product_tag?post=7638"}],"curies":[{"name":"wp","href":"https:\/\/api.w.org\/{rel}","templated":true}]}}