{"id":7636,"date":"2024-05-04T14:32:38","date_gmt":"2024-05-04T14:32:38","guid":{"rendered":"https:\/\/skaitytaknyga.lt\/?post_type=product&#038;p=7636"},"modified":"2024-05-04T14:33:07","modified_gmt":"2024-05-04T14:33:07","slug":"a-toliatas-gerumo-liunas-2","status":"publish","type":"product","link":"https:\/\/skaitytaknyga.lt\/en\/produktas\/a-toliatas-gerumo-liunas-2\/","title":{"rendered":"A. Toliatas \u201eGerumo li\u016bnas\u201c"},"content":{"rendered":"","protected":false},"excerpt":{"rendered":"<p>\u201eGerumo li\u016bnas\u201d \u2013 antroji kunigo Algirdo Toliato pamoksl\u0173 knyga, liturgini\u0173 C met\u0173 pamoksl\u0173 ciklas, kuriame pl\u0117tojamos pirmojoje knygoje \u201e\u017dmogaus ir Dievo metai\u201d gvildentos temos. Interpretuodamas \u0160ventojo Ra\u0161to fragmentus autorius nagrin\u0117ja psichologines, dvasines, moralines ir vertybines problemas.<\/p>\n<p>Kunigas Algirdas kreipiasi \u012f visus \u2013 tikin\u010diuosius, netikin\u010diuosius ir ie\u0161kan\u010diuosius. Jo \u017eodis \u012ftaigus ir \u012ftikinamas, jo santykyje su Dievo \u017dod\u017eiu i\u0161kyla ne tik t\u016bkstantmet\u0117 krik\u0161\u010dionyb\u0117s istorija, bet ir tik\u0117jimo bei modernyb\u0117s s\u0105sajos. Knygos tikslas \u2013 ne tiek pl\u0117sti pa\u017einim\u0105, kiek pad\u0117ti gilintis \u012f savo siel\u0105 ir s\u0105\u017ein\u0119. Ji kvie\u010dia \u017emog\u0173 s\u0105mon\u0117ti ir skatina jo pokyt\u012f bei dvasin\u0119 pa\u017eang\u0105.<\/p>\n","protected":false},"featured_media":2942,"comment_status":"closed","ping_status":"closed","template":"","meta":{"_acf_changed":false,"site-sidebar-layout":"default","site-content-layout":"","ast-site-content-layout":"default","site-content-style":"default","site-sidebar-style":"default","ast-global-header-display":"","ast-banner-title-visibility":"","ast-main-header-display":"","ast-hfb-above-header-display":"","ast-hfb-below-header-display":"","ast-hfb-mobile-header-display":"","site-post-title":"","ast-breadcrumbs-content":"","ast-featured-img":"","footer-sml-layout":"","ast-disable-related-posts":"","theme-transparent-header-meta":"","adv-header-id-meta":"","stick-header-meta":"","header-above-stick-meta":"","header-main-stick-meta":"","header-below-stick-meta":"","astra-migrate-meta-layouts":"default","ast-page-background-enabled":"default","ast-page-background-meta":{"desktop":{"background-color":"","background-image":"","background-repeat":"repeat","background-position":"center center","background-size":"auto","background-attachment":"scroll","background-type":"","background-media":"","overlay-type":"","overlay-color":"","overlay-opacity":"","overlay-gradient":""},"tablet":{"background-color":"","background-image":"","background-repeat":"repeat","background-position":"center center","background-size":"auto","background-attachment":"scroll","background-type":"","background-media":"","overlay-type":"","overlay-color":"","overlay-opacity":"","overlay-gradient":""},"mobile":{"background-color":"","background-image":"","background-repeat":"repeat","background-position":"center center","background-size":"auto","background-attachment":"scroll","background-type":"","background-media":"","overlay-type":"","overlay-color":"","overlay-opacity":"","overlay-gradient":""}},"ast-content-background-meta":{"desktop":{"background-color":"var(--ast-global-color-4)","background-image":"","background-repeat":"repeat","background-position":"center center","background-size":"auto","background-attachment":"scroll","background-type":"","background-media":"","overlay-type":"","overlay-color":"","overlay-opacity":"","overlay-gradient":""},"tablet":{"background-color":"var(--ast-global-color-4)","background-image":"","background-repeat":"repeat","background-position":"center center","background-size":"auto","background-attachment":"scroll","background-type":"","background-media":"","overlay-type":"","overlay-color":"","overlay-opacity":"","overlay-gradient":""},"mobile":{"background-color":"var(--ast-global-color-4)","background-image":"","background-repeat":"repeat","background-position":"center center","background-size":"auto","background-attachment":"scroll","background-type":"","background-media":"","overlay-type":"","overlay-color":"","overlay-opacity":"","overlay-gradient":""}}},"product_brand":[],"product_cat":[165],"product_tag":[],"class_list":{"0":"post-7636","1":"product","2":"type-product","3":"status-publish","4":"has-post-thumbnail","6":"product_cat-religija-filosofija-ir-ezoterika","7":"desktop-align-left","8":"tablet-align-left","9":"mobile-align-left","11":"first","12":"instock","13":"shipping-taxable","14":"purchasable","15":"product-type-simple"},"acf":[],"yoast_head":"<!-- This site is optimized with the Yoast SEO plugin v27.4 - https:\/\/yoast.com\/product\/yoast-seo-wordpress\/ -->\n<title>A. Toliatas \u201eGerumo li\u016bnas\u201c - Skaitytaknyga<\/title>\n<meta name=\"description\" content=\"\u201eGerumo li\u016bnas\u201d \u2013 antroji kunigo Algirdo Toliato pamoksl\u0173 knyga, liturgini\u0173 C met\u0173 pamoksl\u0173 ciklas, kuriame pl\u0117tojamos pirmojoje knygoje \u201e\u017dmogaus ir Dievo metai\u201d gvildentos temos. Interpretuodamas \u0160ventojo Ra\u0161to fragmentus autorius nagrin\u0117ja psichologines, dvasines, moralines ir vertybines problemas.  Kunigas Algirdas kreipiasi \u012f visus \u2013 tikin\u010diuosius, netikin\u010diuosius ir ie\u0161kan\u010diuosius. Jo \u017eodis \u012ftaigus ir \u012ftikinamas, jo santykyje su Dievo \u017dod\u017eiu i\u0161kyla ne tik t\u016bkstantmet\u0117 krik\u0161\u010dionyb\u0117s istorija, bet ir tik\u0117jimo bei modernyb\u0117s s\u0105sajos. Knygos tikslas \u2013 ne tiek pl\u0117sti pa\u017einim\u0105, kiek pad\u0117ti gilintis \u012f savo siel\u0105 ir s\u0105\u017ein\u0119. Ji kvie\u010dia \u017emog\u0173 s\u0105mon\u0117ti ir skatina jo pokyt\u012f bei dvasin\u0119 pa\u017eang\u0105.\" \/>\n<meta name=\"robots\" content=\"index, follow, max-snippet:-1, max-image-preview:large, max-video-preview:-1\" \/>\n<link rel=\"canonical\" href=\"https:\/\/skaitytaknyga.lt\/en\/produktas\/a-toliatas-gerumo-liunas-2\/\" \/>\n<meta property=\"og:locale\" content=\"en_GB\" \/>\n<meta property=\"og:locale:alternate\" content=\"lt_LT\" \/>\n<meta property=\"og:type\" content=\"article\" \/>\n<meta property=\"og:title\" content=\"A. Toliatas \u201eGerumo li\u016bnas\u201c - Skaitytaknyga\" \/>\n<meta property=\"og:description\" content=\"\u201eGerumo li\u016bnas\u201d \u2013 antroji kunigo Algirdo Toliato pamoksl\u0173 knyga, liturgini\u0173 C met\u0173 pamoksl\u0173 ciklas, kuriame pl\u0117tojamos pirmojoje knygoje \u201e\u017dmogaus ir Dievo metai\u201d gvildentos temos. Interpretuodamas \u0160ventojo Ra\u0161to fragmentus autorius nagrin\u0117ja psichologines, dvasines, moralines ir vertybines problemas.  Kunigas Algirdas kreipiasi \u012f visus \u2013 tikin\u010diuosius, netikin\u010diuosius ir ie\u0161kan\u010diuosius. Jo \u017eodis \u012ftaigus ir \u012ftikinamas, jo santykyje su Dievo \u017dod\u017eiu i\u0161kyla ne tik t\u016bkstantmet\u0117 krik\u0161\u010dionyb\u0117s istorija, bet ir tik\u0117jimo bei modernyb\u0117s s\u0105sajos. Knygos tikslas \u2013 ne tiek pl\u0117sti pa\u017einim\u0105, kiek pad\u0117ti gilintis \u012f savo siel\u0105 ir s\u0105\u017ein\u0119. Ji kvie\u010dia \u017emog\u0173 s\u0105mon\u0117ti ir skatina jo pokyt\u012f bei dvasin\u0119 pa\u017eang\u0105.\" \/>\n<meta property=\"og:url\" content=\"https:\/\/skaitytaknyga.lt\/en\/produktas\/a-toliatas-gerumo-liunas-2\/\" \/>\n<meta property=\"og:site_name\" content=\"Skaitytaknyga\" \/>\n<meta property=\"article:publisher\" content=\"https:\/\/www.facebook.com\/skaitytaknyga\/\" \/>\n<meta property=\"article:modified_time\" content=\"2024-05-04T14:33:07+00:00\" \/>\n<meta property=\"og:image\" content=\"https:\/\/skaitytaknyga.lt\/wp-content\/uploads\/2024\/04\/01_0014b_8XimdTDkB7F9zbyvgUtSZrfd.jpeg\" \/>\n\t<meta property=\"og:image:width\" content=\"533\" \/>\n\t<meta property=\"og:image:height\" content=\"800\" \/>\n\t<meta property=\"og:image:type\" content=\"image\/jpeg\" \/>\n<meta name=\"twitter:card\" content=\"summary_large_image\" \/>\n<script type=\"application\/ld+json\" class=\"yoast-schema-graph\">{\"@context\":\"https:\\\/\\\/schema.org\",\"@graph\":[{\"@type\":\"WebPage\",\"@id\":\"https:\\\/\\\/skaitytaknyga.lt\\\/produktas\\\/a-toliatas-gerumo-liunas-2\\\/\",\"url\":\"https:\\\/\\\/skaitytaknyga.lt\\\/produktas\\\/a-toliatas-gerumo-liunas-2\\\/\",\"name\":\"A. Toliatas \u201eGerumo li\u016bnas\u201c - Skaitytaknyga\",\"isPartOf\":{\"@id\":\"https:\\\/\\\/skaitytaknyga.lt\\\/#website\"},\"primaryImageOfPage\":{\"@id\":\"https:\\\/\\\/skaitytaknyga.lt\\\/produktas\\\/a-toliatas-gerumo-liunas-2\\\/#primaryimage\"},\"image\":{\"@id\":\"https:\\\/\\\/skaitytaknyga.lt\\\/produktas\\\/a-toliatas-gerumo-liunas-2\\\/#primaryimage\"},\"thumbnailUrl\":\"https:\\\/\\\/skaitytaknyga.lt\\\/wp-content\\\/uploads\\\/2024\\\/04\\\/01_0014b_8XimdTDkB7F9zbyvgUtSZrfd.jpeg\",\"datePublished\":\"2024-05-04T14:32:38+00:00\",\"dateModified\":\"2024-05-04T14:33:07+00:00\",\"description\":\"\u201eGerumo li\u016bnas\u201d \u2013 antroji kunigo Algirdo Toliato pamoksl\u0173 knyga, liturgini\u0173 C met\u0173 pamoksl\u0173 ciklas, kuriame pl\u0117tojamos pirmojoje knygoje \u201e\u017dmogaus ir Dievo metai\u201d gvildentos temos. Interpretuodamas \u0160ventojo Ra\u0161to fragmentus autorius nagrin\u0117ja psichologines, dvasines, moralines ir vertybines problemas. Kunigas Algirdas kreipiasi \u012f visus \u2013 tikin\u010diuosius, netikin\u010diuosius ir ie\u0161kan\u010diuosius. Jo \u017eodis \u012ftaigus ir \u012ftikinamas, jo santykyje su Dievo \u017dod\u017eiu i\u0161kyla ne tik t\u016bkstantmet\u0117 krik\u0161\u010dionyb\u0117s istorija, bet ir tik\u0117jimo bei modernyb\u0117s s\u0105sajos. Knygos tikslas \u2013 ne tiek pl\u0117sti pa\u017einim\u0105, kiek pad\u0117ti gilintis \u012f savo siel\u0105 ir s\u0105\u017ein\u0119. Ji kvie\u010dia \u017emog\u0173 s\u0105mon\u0117ti ir skatina jo pokyt\u012f bei dvasin\u0119 pa\u017eang\u0105.\",\"breadcrumb\":{\"@id\":\"https:\\\/\\\/skaitytaknyga.lt\\\/produktas\\\/a-toliatas-gerumo-liunas-2\\\/#breadcrumb\"},\"inLanguage\":\"en-GB\",\"potentialAction\":[{\"@type\":\"ReadAction\",\"target\":[\"https:\\\/\\\/skaitytaknyga.lt\\\/produktas\\\/a-toliatas-gerumo-liunas-2\\\/\"]}]},{\"@type\":\"ImageObject\",\"inLanguage\":\"en-GB\",\"@id\":\"https:\\\/\\\/skaitytaknyga.lt\\\/produktas\\\/a-toliatas-gerumo-liunas-2\\\/#primaryimage\",\"url\":\"https:\\\/\\\/skaitytaknyga.lt\\\/wp-content\\\/uploads\\\/2024\\\/04\\\/01_0014b_8XimdTDkB7F9zbyvgUtSZrfd.jpeg\",\"contentUrl\":\"https:\\\/\\\/skaitytaknyga.lt\\\/wp-content\\\/uploads\\\/2024\\\/04\\\/01_0014b_8XimdTDkB7F9zbyvgUtSZrfd.jpeg\",\"width\":533,\"height\":800,\"caption\":\"01 0014b 8XimdTDkB7F9zbyvgUtSZrfd\"},{\"@type\":\"BreadcrumbList\",\"@id\":\"https:\\\/\\\/skaitytaknyga.lt\\\/produktas\\\/a-toliatas-gerumo-liunas-2\\\/#breadcrumb\",\"itemListElement\":[{\"@type\":\"ListItem\",\"position\":1,\"name\":\"Home\",\"item\":\"https:\\\/\\\/skaitytaknyga.lt\\\/\"},{\"@type\":\"ListItem\",\"position\":2,\"name\":\"Parduotuv\u0117\",\"item\":\"https:\\\/\\\/skaitytaknyga.lt\\\/knygu-parduotuve\\\/\"},{\"@type\":\"ListItem\",\"position\":3,\"name\":\"A. Toliatas \u201eGerumo li\u016bnas\u201c\"}]},{\"@type\":\"WebSite\",\"@id\":\"https:\\\/\\\/skaitytaknyga.lt\\\/#website\",\"url\":\"https:\\\/\\\/skaitytaknyga.lt\\\/\",\"name\":\"skaitytaknyga.lt\",\"description\":\"Skaitytaknyga.lt \u2013 tai ma\u017eas \u0161eimos verslas, kuris prasid\u0117jo nuo meil\u0117s knygoms ir siekio i\u0161gelb\u0117ti knygas nuo likimo prie konteinerio. Kas vienam nereikalingas daiktas \u2013 kitam lobis, o mes esame tarpininkai, kurie padeda abiems tapti laimingesniems ???? \u017dinome kaip nelengva i\u0161gyventi ma\u017eiems verslams, tad nuo \u0161iol, \u010dia rasite ir kit\u0173, ma\u017e\u0173 \u0161eim\u0173 versl\u0173, rank\u0173 darbo, dovan\u0173 sau ir artimiesiems.\",\"publisher\":{\"@id\":\"https:\\\/\\\/skaitytaknyga.lt\\\/#organization\"},\"potentialAction\":[{\"@type\":\"SearchAction\",\"target\":{\"@type\":\"EntryPoint\",\"urlTemplate\":\"https:\\\/\\\/skaitytaknyga.lt\\\/?s={search_term_string}\"},\"query-input\":{\"@type\":\"PropertyValueSpecification\",\"valueRequired\":true,\"valueName\":\"search_term_string\"}}],\"inLanguage\":\"en-GB\"},{\"@type\":\"Organization\",\"@id\":\"https:\\\/\\\/skaitytaknyga.lt\\\/#organization\",\"name\":\"skaitytaknyga.lt\",\"url\":\"https:\\\/\\\/skaitytaknyga.lt\\\/\",\"logo\":{\"@type\":\"ImageObject\",\"inLanguage\":\"en-GB\",\"@id\":\"https:\\\/\\\/skaitytaknyga.lt\\\/#\\\/schema\\\/logo\\\/image\\\/\",\"url\":\"https:\\\/\\\/skaitytaknyga.lt\\\/wp-content\\\/uploads\\\/2024\\\/05\\\/cropped-cropped-cropped-02_00843_jt3bggkj1j3HLc7SyY6rEUpg.jpeg\",\"contentUrl\":\"https:\\\/\\\/skaitytaknyga.lt\\\/wp-content\\\/uploads\\\/2024\\\/05\\\/cropped-cropped-cropped-02_00843_jt3bggkj1j3HLc7SyY6rEUpg.jpeg\",\"width\":1600,\"height\":1600,\"caption\":\"skaitytaknyga.lt\"},\"image\":{\"@id\":\"https:\\\/\\\/skaitytaknyga.lt\\\/#\\\/schema\\\/logo\\\/image\\\/\"},\"sameAs\":[\"https:\\\/\\\/www.facebook.com\\\/skaitytaknyga\\\/\"]}]}<\/script>\n<!-- \/ Yoast SEO plugin. -->","yoast_head_json":{"title":"A. Toliatas \u201eGerumo li\u016bnas\u201c - Skaitytaknyga","description":"\u201eGerumo li\u016bnas\u201d \u2013 antroji kunigo Algirdo Toliato pamoksl\u0173 knyga, liturgini\u0173 C met\u0173 pamoksl\u0173 ciklas, kuriame pl\u0117tojamos pirmojoje knygoje \u201e\u017dmogaus ir Dievo metai\u201d gvildentos temos. Interpretuodamas \u0160ventojo Ra\u0161to fragmentus autorius nagrin\u0117ja psichologines, dvasines, moralines ir vertybines problemas.  Kunigas Algirdas kreipiasi \u012f visus \u2013 tikin\u010diuosius, netikin\u010diuosius ir ie\u0161kan\u010diuosius. Jo \u017eodis \u012ftaigus ir \u012ftikinamas, jo santykyje su Dievo \u017dod\u017eiu i\u0161kyla ne tik t\u016bkstantmet\u0117 krik\u0161\u010dionyb\u0117s istorija, bet ir tik\u0117jimo bei modernyb\u0117s s\u0105sajos. Knygos tikslas \u2013 ne tiek pl\u0117sti pa\u017einim\u0105, kiek pad\u0117ti gilintis \u012f savo siel\u0105 ir s\u0105\u017ein\u0119. Ji kvie\u010dia \u017emog\u0173 s\u0105mon\u0117ti ir skatina jo pokyt\u012f bei dvasin\u0119 pa\u017eang\u0105.","robots":{"index":"index","follow":"follow","max-snippet":"max-snippet:-1","max-image-preview":"max-image-preview:large","max-video-preview":"max-video-preview:-1"},"canonical":"https:\/\/skaitytaknyga.lt\/en\/produktas\/a-toliatas-gerumo-liunas-2\/","og_locale":"en_GB","og_type":"article","og_title":"A. Toliatas \u201eGerumo li\u016bnas\u201c - Skaitytaknyga","og_description":"\u201eGerumo li\u016bnas\u201d \u2013 antroji kunigo Algirdo Toliato pamoksl\u0173 knyga, liturgini\u0173 C met\u0173 pamoksl\u0173 ciklas, kuriame pl\u0117tojamos pirmojoje knygoje \u201e\u017dmogaus ir Dievo metai\u201d gvildentos temos. Interpretuodamas \u0160ventojo Ra\u0161to fragmentus autorius nagrin\u0117ja psichologines, dvasines, moralines ir vertybines problemas.  Kunigas Algirdas kreipiasi \u012f visus \u2013 tikin\u010diuosius, netikin\u010diuosius ir ie\u0161kan\u010diuosius. Jo \u017eodis \u012ftaigus ir \u012ftikinamas, jo santykyje su Dievo \u017dod\u017eiu i\u0161kyla ne tik t\u016bkstantmet\u0117 krik\u0161\u010dionyb\u0117s istorija, bet ir tik\u0117jimo bei modernyb\u0117s s\u0105sajos. Knygos tikslas \u2013 ne tiek pl\u0117sti pa\u017einim\u0105, kiek pad\u0117ti gilintis \u012f savo siel\u0105 ir s\u0105\u017ein\u0119. Ji kvie\u010dia \u017emog\u0173 s\u0105mon\u0117ti ir skatina jo pokyt\u012f bei dvasin\u0119 pa\u017eang\u0105.","og_url":"https:\/\/skaitytaknyga.lt\/en\/produktas\/a-toliatas-gerumo-liunas-2\/","og_site_name":"Skaitytaknyga","article_publisher":"https:\/\/www.facebook.com\/skaitytaknyga\/","article_modified_time":"2024-05-04T14:33:07+00:00","og_image":[{"width":533,"height":800,"url":"https:\/\/skaitytaknyga.lt\/wp-content\/uploads\/2024\/04\/01_0014b_8XimdTDkB7F9zbyvgUtSZrfd.jpeg","type":"image\/jpeg"}],"twitter_card":"summary_large_image","schema":{"@context":"https:\/\/schema.org","@graph":[{"@type":"WebPage","@id":"https:\/\/skaitytaknyga.lt\/produktas\/a-toliatas-gerumo-liunas-2\/","url":"https:\/\/skaitytaknyga.lt\/produktas\/a-toliatas-gerumo-liunas-2\/","name":"A. Toliatas \u201eGerumo li\u016bnas\u201c - Skaitytaknyga","isPartOf":{"@id":"https:\/\/skaitytaknyga.lt\/#website"},"primaryImageOfPage":{"@id":"https:\/\/skaitytaknyga.lt\/produktas\/a-toliatas-gerumo-liunas-2\/#primaryimage"},"image":{"@id":"https:\/\/skaitytaknyga.lt\/produktas\/a-toliatas-gerumo-liunas-2\/#primaryimage"},"thumbnailUrl":"https:\/\/skaitytaknyga.lt\/wp-content\/uploads\/2024\/04\/01_0014b_8XimdTDkB7F9zbyvgUtSZrfd.jpeg","datePublished":"2024-05-04T14:32:38+00:00","dateModified":"2024-05-04T14:33:07+00:00","description":"\u201eGerumo li\u016bnas\u201d \u2013 antroji kunigo Algirdo Toliato pamoksl\u0173 knyga, liturgini\u0173 C met\u0173 pamoksl\u0173 ciklas, kuriame pl\u0117tojamos pirmojoje knygoje \u201e\u017dmogaus ir Dievo metai\u201d gvildentos temos. Interpretuodamas \u0160ventojo Ra\u0161to fragmentus autorius nagrin\u0117ja psichologines, dvasines, moralines ir vertybines problemas. Kunigas Algirdas kreipiasi \u012f visus \u2013 tikin\u010diuosius, netikin\u010diuosius ir ie\u0161kan\u010diuosius. Jo \u017eodis \u012ftaigus ir \u012ftikinamas, jo santykyje su Dievo \u017dod\u017eiu i\u0161kyla ne tik t\u016bkstantmet\u0117 krik\u0161\u010dionyb\u0117s istorija, bet ir tik\u0117jimo bei modernyb\u0117s s\u0105sajos. Knygos tikslas \u2013 ne tiek pl\u0117sti pa\u017einim\u0105, kiek pad\u0117ti gilintis \u012f savo siel\u0105 ir s\u0105\u017ein\u0119. Ji kvie\u010dia \u017emog\u0173 s\u0105mon\u0117ti ir skatina jo pokyt\u012f bei dvasin\u0119 pa\u017eang\u0105.","breadcrumb":{"@id":"https:\/\/skaitytaknyga.lt\/produktas\/a-toliatas-gerumo-liunas-2\/#breadcrumb"},"inLanguage":"en-GB","potentialAction":[{"@type":"ReadAction","target":["https:\/\/skaitytaknyga.lt\/produktas\/a-toliatas-gerumo-liunas-2\/"]}]},{"@type":"ImageObject","inLanguage":"en-GB","@id":"https:\/\/skaitytaknyga.lt\/produktas\/a-toliatas-gerumo-liunas-2\/#primaryimage","url":"https:\/\/skaitytaknyga.lt\/wp-content\/uploads\/2024\/04\/01_0014b_8XimdTDkB7F9zbyvgUtSZrfd.jpeg","contentUrl":"https:\/\/skaitytaknyga.lt\/wp-content\/uploads\/2024\/04\/01_0014b_8XimdTDkB7F9zbyvgUtSZrfd.jpeg","width":533,"height":800,"caption":"01 0014b 8XimdTDkB7F9zbyvgUtSZrfd"},{"@type":"BreadcrumbList","@id":"https:\/\/skaitytaknyga.lt\/produktas\/a-toliatas-gerumo-liunas-2\/#breadcrumb","itemListElement":[{"@type":"ListItem","position":1,"name":"Home","item":"https:\/\/skaitytaknyga.lt\/"},{"@type":"ListItem","position":2,"name":"Parduotuv\u0117","item":"https:\/\/skaitytaknyga.lt\/knygu-parduotuve\/"},{"@type":"ListItem","position":3,"name":"A. Toliatas \u201eGerumo li\u016bnas\u201c"}]},{"@type":"WebSite","@id":"https:\/\/skaitytaknyga.lt\/#website","url":"https:\/\/skaitytaknyga.lt\/","name":"skaitytaknyga.lt","description":"Skaitytaknyga.lt \u2013 tai ma\u017eas \u0161eimos verslas, kuris prasid\u0117jo nuo meil\u0117s knygoms ir siekio i\u0161gelb\u0117ti knygas nuo likimo prie konteinerio. Kas vienam nereikalingas daiktas \u2013 kitam lobis, o mes esame tarpininkai, kurie padeda abiems tapti laimingesniems ???? \u017dinome kaip nelengva i\u0161gyventi ma\u017eiems verslams, tad nuo \u0161iol, \u010dia rasite ir kit\u0173, ma\u017e\u0173 \u0161eim\u0173 versl\u0173, rank\u0173 darbo, dovan\u0173 sau ir artimiesiems.","publisher":{"@id":"https:\/\/skaitytaknyga.lt\/#organization"},"potentialAction":[{"@type":"SearchAction","target":{"@type":"EntryPoint","urlTemplate":"https:\/\/skaitytaknyga.lt\/?s={search_term_string}"},"query-input":{"@type":"PropertyValueSpecification","valueRequired":true,"valueName":"search_term_string"}}],"inLanguage":"en-GB"},{"@type":"Organization","@id":"https:\/\/skaitytaknyga.lt\/#organization","name":"skaitytaknyga.lt","url":"https:\/\/skaitytaknyga.lt\/","logo":{"@type":"ImageObject","inLanguage":"en-GB","@id":"https:\/\/skaitytaknyga.lt\/#\/schema\/logo\/image\/","url":"https:\/\/skaitytaknyga.lt\/wp-content\/uploads\/2024\/05\/cropped-cropped-cropped-02_00843_jt3bggkj1j3HLc7SyY6rEUpg.jpeg","contentUrl":"https:\/\/skaitytaknyga.lt\/wp-content\/uploads\/2024\/05\/cropped-cropped-cropped-02_00843_jt3bggkj1j3HLc7SyY6rEUpg.jpeg","width":1600,"height":1600,"caption":"skaitytaknyga.lt"},"image":{"@id":"https:\/\/skaitytaknyga.lt\/#\/schema\/logo\/image\/"},"sameAs":["https:\/\/www.facebook.com\/skaitytaknyga\/"]}]}},"_links":{"self":[{"href":"https:\/\/skaitytaknyga.lt\/en\/wp-json\/wp\/v2\/product\/7636","targetHints":{"allow":["GET"]}}],"collection":[{"href":"https:\/\/skaitytaknyga.lt\/en\/wp-json\/wp\/v2\/product"}],"about":[{"href":"https:\/\/skaitytaknyga.lt\/en\/wp-json\/wp\/v2\/types\/product"}],"replies":[{"embeddable":true,"href":"https:\/\/skaitytaknyga.lt\/en\/wp-json\/wp\/v2\/comments?post=7636"}],"wp:featuredmedia":[{"embeddable":true,"href":"https:\/\/skaitytaknyga.lt\/en\/wp-json\/wp\/v2\/media\/2942"}],"wp:attachment":[{"href":"https:\/\/skaitytaknyga.lt\/en\/wp-json\/wp\/v2\/media?parent=7636"}],"wp:term":[{"taxonomy":"product_brand","embeddable":true,"href":"https:\/\/skaitytaknyga.lt\/en\/wp-json\/wp\/v2\/product_brand?post=7636"},{"taxonomy":"product_cat","embeddable":true,"href":"https:\/\/skaitytaknyga.lt\/en\/wp-json\/wp\/v2\/product_cat?post=7636"},{"taxonomy":"product_tag","embeddable":true,"href":"https:\/\/skaitytaknyga.lt\/en\/wp-json\/wp\/v2\/product_tag?post=7636"}],"curies":[{"name":"wp","href":"https:\/\/api.w.org\/{rel}","templated":true}]}}