{"id":7632,"date":"2024-05-04T14:32:38","date_gmt":"2024-05-04T14:32:38","guid":{"rendered":"https:\/\/skaitytaknyga.lt\/?post_type=product&#038;p=7632"},"modified":"2024-05-04T14:33:03","modified_gmt":"2024-05-04T14:33:03","slug":"bitonomija-ivadas-i-pirma-milijona-internetu-2","status":"publish","type":"product","link":"https:\/\/skaitytaknyga.lt\/en\/produktas\/bitonomija-ivadas-i-pirma-milijona-internetu-2\/","title":{"rendered":"Bitonomija. \u012evadas \u012f pirm\u0105 milijon\u0105 internetu"},"content":{"rendered":"<p>Bitonomija \u2013 tai interneto bit\u0173 suteikiama laisv\u0117, autonomija. Tai galimyb\u0117 nepriklausomai nuo kreivo gimin\u0117s med\u017eio, stal\u010diuje d\u016blan\u010dio diplomo ar dvi\u017eenkl\u012f skai\u010di\u0173 siekian\u010dios banko s\u0105skaitos prad\u0117ti grumtis d\u0117l interneto pelno diev\u0173 malon\u0117s.<\/p>\n<p>Taip, kurti, statyti, konstruoti dar niekada nebuvo taip paprasta ir&#8230; pigu. Antra vertus, dar niekada nebuvo ir taip sunku b\u016bti pasteb\u0117tam.<\/p>\n<p>\u0160i knyga n\u0117ra korekti\u0161ka, joje nieko nenutyl\u0117ta.<\/p>\n<p>Autorius atvirai kloja, kas vyksta Laukinius Vakarus primenan\u010diame interneto versle, \u2013 niekam nebandydamas \u012ftikti ir nieko nevyniodamas \u012f n\u016bdien populiar\u0173 korekti\u0161kum\u0105, atskleisdamas interneto verslinink\u0173 da\u017enai ne be prie\u017easties slepiamas s\u0117km\u0119 lemian\u010dias strategijas. Jo tikslas \u2013 i\u0161ai\u0161kinti virtualaus verslo pagrindus, kurie tau, ry\u017etingas skaitytojau, garantuot\u0173 nei\u0161vengiam\u0105 s\u0117km\u0119 interneto verslo labirintuose.<\/p>\n<p>Benediktas Gylys \u2013 smalsus keliautojas, tingus ra\u0161ytojas, verslo projekt\u0173 angelas, vieno i\u0161 aktyviausi\u0173 Lietuvos paramos fond\u0173 \u012fk\u016br\u0117jas, interneto multimilijonierius \u2013 savo pirmojoje knygoje dalijasi asmenine daugiau kaip de\u0161imties met\u0173 s\u0117kmingo ir&#8230; kartais g\u0117dingai niekam tikusio el. verslo patirtimi.<\/p>\n","protected":false},"excerpt":{"rendered":"<p>Bitonomija \u2013 tai interneto bit\u0173 suteikiama laisv\u0117, autonomija. Tai galimyb\u0117 nepriklausomai nuo kreivo gimin\u0117s med\u017eio, stal\u010diuje d\u016blan\u010dio diplomo ar dvi\u017eenkl\u012f skai\u010di\u0173 siekian\u010dios banko s\u0105skaitos prad\u0117ti grumtis d\u0117l interneto pelno diev\u0173 malon\u0117s. Taip, kurti, statyti, konstruoti dar niekada nebuvo taip paprasta ir&#8230; pigu. Antra vertus, dar niekada nebuvo ir taip sunku b\u016bti pasteb\u0117tam. \u0160i knyga n\u0117ra korekti\u0161ka, joje nieko nenutyl\u0117ta. Autorius atvirai kloja, kas vyksta Laukinius Vakarus primenan\u010diame interneto versle, \u2013 niekam nebandydamas \u012ftikti ir nieko nevyniodamas \u012f n\u016bdien populiar\u0173 korekti\u0161kum\u0105, atskleisdamas interneto verslinink\u0173 da\u017enai ne be prie\u017easties slepiamas s\u0117km\u0119 lemian\u010dias strategijas. Jo tikslas \u2013 i\u0161ai\u0161kinti virtualaus verslo pagrindus, kurie tau, ry\u017etingas skaitytojau, garantuot\u0173 nei\u0161vengiam\u0105 s\u0117km\u0119 interneto verslo labirintuose. Benediktas Gylys \u2013 smalsus keliautojas, tingus ra\u0161ytojas, verslo projekt\u0173 angelas, vieno i\u0161 aktyviausi\u0173 Lietuvos paramos fond\u0173 \u012fk\u016br\u0117jas, interneto multimilijonierius \u2013 savo pirmojoje knygoje dalijasi asmenine daugiau kaip de\u0161imties met\u0173 s\u0117kmingo ir&#8230; kartais g\u0117dingai niekam tikusio el. verslo patirtimi.<\/p>\n","protected":false},"featured_media":2938,"comment_status":"closed","ping_status":"closed","template":"","meta":{"_acf_changed":false,"site-sidebar-layout":"default","site-content-layout":"","ast-site-content-layout":"default","site-content-style":"default","site-sidebar-style":"default","ast-global-header-display":"","ast-banner-title-visibility":"","ast-main-header-display":"","ast-hfb-above-header-display":"","ast-hfb-below-header-display":"","ast-hfb-mobile-header-display":"","site-post-title":"","ast-breadcrumbs-content":"","ast-featured-img":"","footer-sml-layout":"","ast-disable-related-posts":"","theme-transparent-header-meta":"","adv-header-id-meta":"","stick-header-meta":"","header-above-stick-meta":"","header-main-stick-meta":"","header-below-stick-meta":"","astra-migrate-meta-layouts":"default","ast-page-background-enabled":"default","ast-page-background-meta":{"desktop":{"background-color":"","background-image":"","background-repeat":"repeat","background-position":"center center","background-size":"auto","background-attachment":"scroll","background-type":"","background-media":"","overlay-type":"","overlay-color":"","overlay-opacity":"","overlay-gradient":""},"tablet":{"background-color":"","background-image":"","background-repeat":"repeat","background-position":"center center","background-size":"auto","background-attachment":"scroll","background-type":"","background-media":"","overlay-type":"","overlay-color":"","overlay-opacity":"","overlay-gradient":""},"mobile":{"background-color":"","background-image":"","background-repeat":"repeat","background-position":"center center","background-size":"auto","background-attachment":"scroll","background-type":"","background-media":"","overlay-type":"","overlay-color":"","overlay-opacity":"","overlay-gradient":""}},"ast-content-background-meta":{"desktop":{"background-color":"var(--ast-global-color-4)","background-image":"","background-repeat":"repeat","background-position":"center center","background-size":"auto","background-attachment":"scroll","background-type":"","background-media":"","overlay-type":"","overlay-color":"","overlay-opacity":"","overlay-gradient":""},"tablet":{"background-color":"var(--ast-global-color-4)","background-image":"","background-repeat":"repeat","background-position":"center center","background-size":"auto","background-attachment":"scroll","background-type":"","background-media":"","overlay-type":"","overlay-color":"","overlay-opacity":"","overlay-gradient":""},"mobile":{"background-color":"var(--ast-global-color-4)","background-image":"","background-repeat":"repeat","background-position":"center center","background-size":"auto","background-attachment":"scroll","background-type":"","background-media":"","overlay-type":"","overlay-color":"","overlay-opacity":"","overlay-gradient":""}}},"product_brand":[],"product_cat":[26],"product_tag":[275],"class_list":{"0":"post-7632","1":"product","2":"type-product","3":"status-publish","4":"has-post-thumbnail","6":"product_cat-verslas-vadyba-ir-finansai","7":"product_tag-verslo-zinios","8":"desktop-align-left","9":"tablet-align-left","10":"mobile-align-left","12":"first","13":"instock","14":"shipping-taxable","15":"purchasable","16":"product-type-simple"},"acf":[],"yoast_head":"<!-- This site is optimized with the Yoast SEO plugin v27.0 - https:\/\/yoast.com\/product\/yoast-seo-wordpress\/ -->\n<title>Bitonomija. \u012evadas \u012f pirm\u0105 milijon\u0105 internetu - Skaitytaknyga<\/title>\n<meta name=\"description\" content=\"Bitonomija \u2013 tai interneto bit\u0173 suteikiama laisv\u0117, autonomija. Tai galimyb\u0117 nepriklausomai nuo kreivo gimin\u0117s med\u017eio, stal\u010diuje d\u016blan\u010dio diplomo ar\" \/>\n<meta name=\"robots\" content=\"index, follow, max-snippet:-1, max-image-preview:large, max-video-preview:-1\" \/>\n<link rel=\"canonical\" href=\"https:\/\/skaitytaknyga.lt\/en\/produktas\/bitonomija-ivadas-i-pirma-milijona-internetu-2\/\" \/>\n<meta property=\"og:locale\" content=\"en_GB\" \/>\n<meta property=\"og:locale:alternate\" content=\"lt_LT\" \/>\n<meta property=\"og:type\" content=\"article\" \/>\n<meta property=\"og:title\" content=\"Bitonomija. \u012evadas \u012f pirm\u0105 milijon\u0105 internetu - Skaitytaknyga\" \/>\n<meta property=\"og:description\" content=\"Bitonomija \u2013 tai interneto bit\u0173 suteikiama laisv\u0117, autonomija. Tai galimyb\u0117 nepriklausomai nuo kreivo gimin\u0117s med\u017eio, stal\u010diuje d\u016blan\u010dio diplomo ar\" \/>\n<meta property=\"og:url\" content=\"https:\/\/skaitytaknyga.lt\/en\/produktas\/bitonomija-ivadas-i-pirma-milijona-internetu-2\/\" \/>\n<meta property=\"og:site_name\" content=\"Skaitytaknyga\" \/>\n<meta property=\"article:publisher\" content=\"https:\/\/www.facebook.com\/skaitytaknyga\/\" \/>\n<meta property=\"article:modified_time\" content=\"2024-05-04T14:33:03+00:00\" \/>\n<meta property=\"og:image\" content=\"https:\/\/skaitytaknyga.lt\/wp-content\/uploads\/2024\/04\/02_0066e_DQhyKo9vZbPVfAVBaRNW9ajB-e1606762575499.jpeg\" \/>\n\t<meta property=\"og:image:width\" content=\"392\" \/>\n\t<meta property=\"og:image:height\" content=\"632\" \/>\n\t<meta property=\"og:image:type\" content=\"image\/jpeg\" \/>\n<meta name=\"twitter:card\" content=\"summary_large_image\" \/>\n<meta name=\"twitter:label1\" content=\"Estimated reading time\" \/>\n\t<meta name=\"twitter:data1\" content=\"1 minute\" \/>\n<script type=\"application\/ld+json\" class=\"yoast-schema-graph\">{\"@context\":\"https:\/\/schema.org\",\"@graph\":[{\"@type\":\"WebPage\",\"@id\":\"https:\/\/skaitytaknyga.lt\/produktas\/bitonomija-ivadas-i-pirma-milijona-internetu-2\/\",\"url\":\"https:\/\/skaitytaknyga.lt\/produktas\/bitonomija-ivadas-i-pirma-milijona-internetu-2\/\",\"name\":\"Bitonomija. \u012evadas \u012f pirm\u0105 milijon\u0105 internetu - Skaitytaknyga\",\"isPartOf\":{\"@id\":\"https:\/\/skaitytaknyga.lt\/#website\"},\"primaryImageOfPage\":{\"@id\":\"https:\/\/skaitytaknyga.lt\/produktas\/bitonomija-ivadas-i-pirma-milijona-internetu-2\/#primaryimage\"},\"image\":{\"@id\":\"https:\/\/skaitytaknyga.lt\/produktas\/bitonomija-ivadas-i-pirma-milijona-internetu-2\/#primaryimage\"},\"thumbnailUrl\":\"https:\/\/skaitytaknyga.lt\/wp-content\/uploads\/2024\/04\/02_0066e_DQhyKo9vZbPVfAVBaRNW9ajB-e1606762575499.jpeg\",\"datePublished\":\"2024-05-04T14:32:38+00:00\",\"dateModified\":\"2024-05-04T14:33:03+00:00\",\"description\":\"Bitonomija \u2013 tai interneto bit\u0173 suteikiama laisv\u0117, autonomija. Tai galimyb\u0117 nepriklausomai nuo kreivo gimin\u0117s med\u017eio, stal\u010diuje d\u016blan\u010dio diplomo ar\",\"breadcrumb\":{\"@id\":\"https:\/\/skaitytaknyga.lt\/produktas\/bitonomija-ivadas-i-pirma-milijona-internetu-2\/#breadcrumb\"},\"inLanguage\":\"en-GB\",\"potentialAction\":[{\"@type\":\"ReadAction\",\"target\":[\"https:\/\/skaitytaknyga.lt\/produktas\/bitonomija-ivadas-i-pirma-milijona-internetu-2\/\"]}]},{\"@type\":\"ImageObject\",\"inLanguage\":\"en-GB\",\"@id\":\"https:\/\/skaitytaknyga.lt\/produktas\/bitonomija-ivadas-i-pirma-milijona-internetu-2\/#primaryimage\",\"url\":\"https:\/\/skaitytaknyga.lt\/wp-content\/uploads\/2024\/04\/02_0066e_DQhyKo9vZbPVfAVBaRNW9ajB-e1606762575499.jpeg\",\"contentUrl\":\"https:\/\/skaitytaknyga.lt\/wp-content\/uploads\/2024\/04\/02_0066e_DQhyKo9vZbPVfAVBaRNW9ajB-e1606762575499.jpeg\",\"width\":392,\"height\":632,\"caption\":\"02 0066e DQhyKo9vZbPVfAVBaRNW9ajB e1606762575499\"},{\"@type\":\"BreadcrumbList\",\"@id\":\"https:\/\/skaitytaknyga.lt\/produktas\/bitonomija-ivadas-i-pirma-milijona-internetu-2\/#breadcrumb\",\"itemListElement\":[{\"@type\":\"ListItem\",\"position\":1,\"name\":\"Home\",\"item\":\"https:\/\/skaitytaknyga.lt\/\"},{\"@type\":\"ListItem\",\"position\":2,\"name\":\"Parduotuv\u0117\",\"item\":\"https:\/\/skaitytaknyga.lt\/knygu-parduotuve\/\"},{\"@type\":\"ListItem\",\"position\":3,\"name\":\"Bitonomija. \u012evadas \u012f pirm\u0105 milijon\u0105 internetu\"}]},{\"@type\":\"WebSite\",\"@id\":\"https:\/\/skaitytaknyga.lt\/#website\",\"url\":\"https:\/\/skaitytaknyga.lt\/\",\"name\":\"skaitytaknyga.lt\",\"description\":\"Skaitytaknyga.lt \u2013 tai ma\u017eas \u0161eimos verslas, kuris prasid\u0117jo nuo meil\u0117s knygoms ir siekio i\u0161gelb\u0117ti knygas nuo likimo prie konteinerio. Kas vienam nereikalingas daiktas \u2013 kitam lobis, o mes esame tarpininkai, kurie padeda abiems tapti laimingesniems ???? \u017dinome kaip nelengva i\u0161gyventi ma\u017eiems verslams, tad nuo \u0161iol, \u010dia rasite ir kit\u0173, ma\u017e\u0173 \u0161eim\u0173 versl\u0173, rank\u0173 darbo, dovan\u0173 sau ir artimiesiems.\",\"publisher\":{\"@id\":\"https:\/\/skaitytaknyga.lt\/#organization\"},\"potentialAction\":[{\"@type\":\"SearchAction\",\"target\":{\"@type\":\"EntryPoint\",\"urlTemplate\":\"https:\/\/skaitytaknyga.lt\/?s={search_term_string}\"},\"query-input\":{\"@type\":\"PropertyValueSpecification\",\"valueRequired\":true,\"valueName\":\"search_term_string\"}}],\"inLanguage\":\"en-GB\"},{\"@type\":\"Organization\",\"@id\":\"https:\/\/skaitytaknyga.lt\/#organization\",\"name\":\"skaitytaknyga.lt\",\"url\":\"https:\/\/skaitytaknyga.lt\/\",\"logo\":{\"@type\":\"ImageObject\",\"inLanguage\":\"en-GB\",\"@id\":\"https:\/\/skaitytaknyga.lt\/#\/schema\/logo\/image\/\",\"url\":\"https:\/\/skaitytaknyga.lt\/wp-content\/uploads\/2024\/05\/cropped-cropped-cropped-02_00843_jt3bggkj1j3HLc7SyY6rEUpg.jpeg\",\"contentUrl\":\"https:\/\/skaitytaknyga.lt\/wp-content\/uploads\/2024\/05\/cropped-cropped-cropped-02_00843_jt3bggkj1j3HLc7SyY6rEUpg.jpeg\",\"width\":1600,\"height\":1600,\"caption\":\"skaitytaknyga.lt\"},\"image\":{\"@id\":\"https:\/\/skaitytaknyga.lt\/#\/schema\/logo\/image\/\"},\"sameAs\":[\"https:\/\/www.facebook.com\/skaitytaknyga\/\"]}]}<\/script>\n<!-- \/ Yoast SEO plugin. -->","yoast_head_json":{"title":"Bitonomija. \u012evadas \u012f pirm\u0105 milijon\u0105 internetu - Skaitytaknyga","description":"Bitonomija \u2013 tai interneto bit\u0173 suteikiama laisv\u0117, autonomija. Tai galimyb\u0117 nepriklausomai nuo kreivo gimin\u0117s med\u017eio, stal\u010diuje d\u016blan\u010dio diplomo ar","robots":{"index":"index","follow":"follow","max-snippet":"max-snippet:-1","max-image-preview":"max-image-preview:large","max-video-preview":"max-video-preview:-1"},"canonical":"https:\/\/skaitytaknyga.lt\/en\/produktas\/bitonomija-ivadas-i-pirma-milijona-internetu-2\/","og_locale":"en_GB","og_type":"article","og_title":"Bitonomija. \u012evadas \u012f pirm\u0105 milijon\u0105 internetu - Skaitytaknyga","og_description":"Bitonomija \u2013 tai interneto bit\u0173 suteikiama laisv\u0117, autonomija. Tai galimyb\u0117 nepriklausomai nuo kreivo gimin\u0117s med\u017eio, stal\u010diuje d\u016blan\u010dio diplomo ar","og_url":"https:\/\/skaitytaknyga.lt\/en\/produktas\/bitonomija-ivadas-i-pirma-milijona-internetu-2\/","og_site_name":"Skaitytaknyga","article_publisher":"https:\/\/www.facebook.com\/skaitytaknyga\/","article_modified_time":"2024-05-04T14:33:03+00:00","og_image":[{"width":392,"height":632,"url":"https:\/\/skaitytaknyga.lt\/wp-content\/uploads\/2024\/04\/02_0066e_DQhyKo9vZbPVfAVBaRNW9ajB-e1606762575499.jpeg","type":"image\/jpeg"}],"twitter_card":"summary_large_image","twitter_misc":{"Estimated reading time":"1 minute"},"schema":{"@context":"https:\/\/schema.org","@graph":[{"@type":"WebPage","@id":"https:\/\/skaitytaknyga.lt\/produktas\/bitonomija-ivadas-i-pirma-milijona-internetu-2\/","url":"https:\/\/skaitytaknyga.lt\/produktas\/bitonomija-ivadas-i-pirma-milijona-internetu-2\/","name":"Bitonomija. \u012evadas \u012f pirm\u0105 milijon\u0105 internetu - Skaitytaknyga","isPartOf":{"@id":"https:\/\/skaitytaknyga.lt\/#website"},"primaryImageOfPage":{"@id":"https:\/\/skaitytaknyga.lt\/produktas\/bitonomija-ivadas-i-pirma-milijona-internetu-2\/#primaryimage"},"image":{"@id":"https:\/\/skaitytaknyga.lt\/produktas\/bitonomija-ivadas-i-pirma-milijona-internetu-2\/#primaryimage"},"thumbnailUrl":"https:\/\/skaitytaknyga.lt\/wp-content\/uploads\/2024\/04\/02_0066e_DQhyKo9vZbPVfAVBaRNW9ajB-e1606762575499.jpeg","datePublished":"2024-05-04T14:32:38+00:00","dateModified":"2024-05-04T14:33:03+00:00","description":"Bitonomija \u2013 tai interneto bit\u0173 suteikiama laisv\u0117, autonomija. Tai galimyb\u0117 nepriklausomai nuo kreivo gimin\u0117s med\u017eio, stal\u010diuje d\u016blan\u010dio diplomo ar","breadcrumb":{"@id":"https:\/\/skaitytaknyga.lt\/produktas\/bitonomija-ivadas-i-pirma-milijona-internetu-2\/#breadcrumb"},"inLanguage":"en-GB","potentialAction":[{"@type":"ReadAction","target":["https:\/\/skaitytaknyga.lt\/produktas\/bitonomija-ivadas-i-pirma-milijona-internetu-2\/"]}]},{"@type":"ImageObject","inLanguage":"en-GB","@id":"https:\/\/skaitytaknyga.lt\/produktas\/bitonomija-ivadas-i-pirma-milijona-internetu-2\/#primaryimage","url":"https:\/\/skaitytaknyga.lt\/wp-content\/uploads\/2024\/04\/02_0066e_DQhyKo9vZbPVfAVBaRNW9ajB-e1606762575499.jpeg","contentUrl":"https:\/\/skaitytaknyga.lt\/wp-content\/uploads\/2024\/04\/02_0066e_DQhyKo9vZbPVfAVBaRNW9ajB-e1606762575499.jpeg","width":392,"height":632,"caption":"02 0066e DQhyKo9vZbPVfAVBaRNW9ajB e1606762575499"},{"@type":"BreadcrumbList","@id":"https:\/\/skaitytaknyga.lt\/produktas\/bitonomija-ivadas-i-pirma-milijona-internetu-2\/#breadcrumb","itemListElement":[{"@type":"ListItem","position":1,"name":"Home","item":"https:\/\/skaitytaknyga.lt\/"},{"@type":"ListItem","position":2,"name":"Parduotuv\u0117","item":"https:\/\/skaitytaknyga.lt\/knygu-parduotuve\/"},{"@type":"ListItem","position":3,"name":"Bitonomija. \u012evadas \u012f pirm\u0105 milijon\u0105 internetu"}]},{"@type":"WebSite","@id":"https:\/\/skaitytaknyga.lt\/#website","url":"https:\/\/skaitytaknyga.lt\/","name":"skaitytaknyga.lt","description":"Skaitytaknyga.lt \u2013 tai ma\u017eas \u0161eimos verslas, kuris prasid\u0117jo nuo meil\u0117s knygoms ir siekio i\u0161gelb\u0117ti knygas nuo likimo prie konteinerio. Kas vienam nereikalingas daiktas \u2013 kitam lobis, o mes esame tarpininkai, kurie padeda abiems tapti laimingesniems ???? \u017dinome kaip nelengva i\u0161gyventi ma\u017eiems verslams, tad nuo \u0161iol, \u010dia rasite ir kit\u0173, ma\u017e\u0173 \u0161eim\u0173 versl\u0173, rank\u0173 darbo, dovan\u0173 sau ir artimiesiems.","publisher":{"@id":"https:\/\/skaitytaknyga.lt\/#organization"},"potentialAction":[{"@type":"SearchAction","target":{"@type":"EntryPoint","urlTemplate":"https:\/\/skaitytaknyga.lt\/?s={search_term_string}"},"query-input":{"@type":"PropertyValueSpecification","valueRequired":true,"valueName":"search_term_string"}}],"inLanguage":"en-GB"},{"@type":"Organization","@id":"https:\/\/skaitytaknyga.lt\/#organization","name":"skaitytaknyga.lt","url":"https:\/\/skaitytaknyga.lt\/","logo":{"@type":"ImageObject","inLanguage":"en-GB","@id":"https:\/\/skaitytaknyga.lt\/#\/schema\/logo\/image\/","url":"https:\/\/skaitytaknyga.lt\/wp-content\/uploads\/2024\/05\/cropped-cropped-cropped-02_00843_jt3bggkj1j3HLc7SyY6rEUpg.jpeg","contentUrl":"https:\/\/skaitytaknyga.lt\/wp-content\/uploads\/2024\/05\/cropped-cropped-cropped-02_00843_jt3bggkj1j3HLc7SyY6rEUpg.jpeg","width":1600,"height":1600,"caption":"skaitytaknyga.lt"},"image":{"@id":"https:\/\/skaitytaknyga.lt\/#\/schema\/logo\/image\/"},"sameAs":["https:\/\/www.facebook.com\/skaitytaknyga\/"]}]}},"_links":{"self":[{"href":"https:\/\/skaitytaknyga.lt\/en\/wp-json\/wp\/v2\/product\/7632","targetHints":{"allow":["GET"]}}],"collection":[{"href":"https:\/\/skaitytaknyga.lt\/en\/wp-json\/wp\/v2\/product"}],"about":[{"href":"https:\/\/skaitytaknyga.lt\/en\/wp-json\/wp\/v2\/types\/product"}],"replies":[{"embeddable":true,"href":"https:\/\/skaitytaknyga.lt\/en\/wp-json\/wp\/v2\/comments?post=7632"}],"wp:featuredmedia":[{"embeddable":true,"href":"https:\/\/skaitytaknyga.lt\/en\/wp-json\/wp\/v2\/media\/2938"}],"wp:attachment":[{"href":"https:\/\/skaitytaknyga.lt\/en\/wp-json\/wp\/v2\/media?parent=7632"}],"wp:term":[{"taxonomy":"product_brand","embeddable":true,"href":"https:\/\/skaitytaknyga.lt\/en\/wp-json\/wp\/v2\/product_brand?post=7632"},{"taxonomy":"product_cat","embeddable":true,"href":"https:\/\/skaitytaknyga.lt\/en\/wp-json\/wp\/v2\/product_cat?post=7632"},{"taxonomy":"product_tag","embeddable":true,"href":"https:\/\/skaitytaknyga.lt\/en\/wp-json\/wp\/v2\/product_tag?post=7632"}],"curies":[{"name":"wp","href":"https:\/\/api.w.org\/{rel}","templated":true}]}}