{"id":7626,"date":"2024-05-04T14:32:37","date_gmt":"2024-05-04T14:32:37","guid":{"rendered":"https:\/\/skaitytaknyga.lt\/?post_type=product&#038;p=7626"},"modified":"2026-03-05T16:15:54","modified_gmt":"2026-03-05T14:15:54","slug":"j-kinney-nevykelio-dienorastis-1-grego-heflio-zurnalas-su-karikaturomis-pagelte-lapai-2","status":"publish","type":"product","link":"https:\/\/skaitytaknyga.lt\/en\/produktas\/j-kinney-nevykelio-dienorastis-1-grego-heflio-zurnalas-su-karikaturomis-pagelte-lapai-2\/","title":{"rendered":"Nevyk\u0117lio dienora\u0161tis 1. Grego Heflio \u017eurnalas su karikat\u016bromis"},"content":{"rendered":"<p>Vidurin\u0117 mokykla \u2013 nepaken\u010diama. Jos koridoriuose vaikai stumdosi su beveik suaugusiais paaugliais. \u201eNevyk\u0117lio dienora\u0161tis\u201c \u2013 istorija apie Grego Heflio pastangas pritapti naujoje vidurin\u0117je mokykloje. Tam trukdo viskas: toks pat nevyk\u0119s draugas, nesupratingi \u0161eimos nariai, galiausiai ir paties Grego elgesys.<\/p>\n<p>Gregui Heffliui gyvenime teko nelengvas i\u0161bandymas. Jis &#8211; vidurinysis vaikas \u0161eimoje. Jo vyresnysis brolis Rodrikas gyvena savo gyvenim\u0105, \u0161aiposi i\u0161 Grego ir niekada nepraleid\u017eia progos savo brolio pa\u017eeminti. Jauniausiasis trej\u0173 met\u0173 Manis lepinamas ir nebaud\u017eiamas u\u017e i\u0161daigas, net kai tikrai to nusipelno. \u0160eimos galva Fredas skepti\u0161kai \u017ei\u016bri \u012f Grego pom\u0117g\u012f \u017eaisti kompiuterinius \u017eaidimus \u2013 jo manymu, berniukai turi sportuoti lauke. Ma\u017ea to, knygos herojus pradeda lankyti vidurin\u0119 mokykl\u0105. O tai rei\u0161kia naujas problemas ir naujus sunkumus.<\/p>\n<p>Did\u017eiausias Grego galvos skausmas \u2013 b\u016btinyb\u0117 suaugti anks\u010diau laiko. Savo gyvenim\u0105 ir sunkumus jis apra\u0161o dienora\u0161tyje, kur\u012f \u017eaismingai pa\u012fvairina karikat\u016bromis. Mokykloje kiekvienas vaikas nori b\u016bti populiariausias. Niekas nenori b\u016bti nevyk\u0117liu. Dar blogiau, kad Grego nevyk\u0117lis draugas laimi mergin\u0173 \u0161irdis, absurdi\u0161kai susilau\u017e\u0119s rank\u0105. O jis pats lieka jo \u0161e\u0161\u0117lyje.<\/p>\n<p>\u201eNevyk\u0117lio dienora\u0161tis\u201c pasakoja ir juokingus, ir rimtus Grego i\u0161gyvenimus. Jie patys \u012fvairiausi \u2013 nuo pirmosios meil\u0117s iki mu\u0161tyni\u0173. Kartais juokingos istorijos Grego istorijos turi li\u016bdnas pabaigas. Dienora\u0161tyje apra\u0161yti \u012fvairiausi i\u0161gyvenimai \u2013 margi kaip gyvenimas.<\/p>\n","protected":false},"excerpt":{"rendered":"<p>Vidurin\u0117 mokykla \u2013 nepaken\u010diama. Jos koridoriuose vaikai stumdosi su beveik suaugusiais paaugliais. \u201eNevyk\u0117lio dienora\u0161tis\u201c \u2013 istorija apie Grego Heflio pastangas pritapti naujoje vidurin\u0117je mokykloje. Tam trukdo viskas: toks pat nevyk\u0119s draugas, nesupratingi \u0161eimos nariai, galiausiai ir paties Grego elgesys. Gregui Heffliui gyvenime teko nelengvas i\u0161bandymas. Jis &#8211; vidurinysis vaikas \u0161eimoje. Jo vyresnysis brolis Rodrikas gyvena savo gyvenim\u0105, \u0161aiposi i\u0161 Grego ir niekada nepraleid\u017eia progos savo brolio pa\u017eeminti. Jauniausiasis trej\u0173 met\u0173 Manis lepinamas ir nebaud\u017eiamas u\u017e i\u0161daigas, net kai tikrai to nusipelno. \u0160eimos galva Fredas skepti\u0161kai \u017ei\u016bri \u012f Grego pom\u0117g\u012f \u017eaisti kompiuterinius \u017eaidimus \u2013 jo manymu, berniukai turi sportuoti lauke. Ma\u017ea to, knygos herojus pradeda lankyti vidurin\u0119 mokykl\u0105. O tai rei\u0161kia naujas problemas ir naujus sunkumus. Did\u017eiausias Grego galvos skausmas \u2013 b\u016btinyb\u0117 suaugti anks\u010diau laiko. Savo gyvenim\u0105 ir sunkumus jis apra\u0161o dienora\u0161tyje, kur\u012f \u017eaismingai pa\u012fvairina karikat\u016bromis. Mokykloje kiekvienas vaikas nori b\u016bti populiariausias. Niekas nenori b\u016bti nevyk\u0117liu. Dar blogiau, kad Grego nevyk\u0117lis draugas laimi mergin\u0173 \u0161irdis, absurdi\u0161kai susilau\u017e\u0119s rank\u0105. O jis pats lieka jo \u0161e\u0161\u0117lyje. \u201eNevyk\u0117lio dienora\u0161tis\u201c pasakoja ir juokingus, ir rimtus Grego i\u0161gyvenimus. Jie patys \u012fvairiausi \u2013 nuo pirmosios meil\u0117s iki mu\u0161tyni\u0173. Kartais juokingos istorijos Grego istorijos turi li\u016bdnas pabaigas. Dienora\u0161tyje apra\u0161yti \u012fvairiausi i\u0161gyvenimai \u2013 margi kaip gyvenimas.<\/p>\n","protected":false},"featured_media":2932,"comment_status":"closed","ping_status":"closed","template":"","meta":{"_acf_changed":false,"site-sidebar-layout":"default","site-content-layout":"","ast-site-content-layout":"default","site-content-style":"default","site-sidebar-style":"default","ast-global-header-display":"","ast-banner-title-visibility":"","ast-main-header-display":"","ast-hfb-above-header-display":"","ast-hfb-below-header-display":"","ast-hfb-mobile-header-display":"","site-post-title":"","ast-breadcrumbs-content":"","ast-featured-img":"","footer-sml-layout":"","ast-disable-related-posts":"","theme-transparent-header-meta":"","adv-header-id-meta":"","stick-header-meta":"","header-above-stick-meta":"","header-main-stick-meta":"","header-below-stick-meta":"","astra-migrate-meta-layouts":"default","ast-page-background-enabled":"default","ast-page-background-meta":{"desktop":{"background-color":"","background-image":"","background-repeat":"repeat","background-position":"center center","background-size":"auto","background-attachment":"scroll","background-type":"","background-media":"","overlay-type":"","overlay-color":"","overlay-opacity":"","overlay-gradient":""},"tablet":{"background-color":"","background-image":"","background-repeat":"repeat","background-position":"center center","background-size":"auto","background-attachment":"scroll","background-type":"","background-media":"","overlay-type":"","overlay-color":"","overlay-opacity":"","overlay-gradient":""},"mobile":{"background-color":"","background-image":"","background-repeat":"repeat","background-position":"center center","background-size":"auto","background-attachment":"scroll","background-type":"","background-media":"","overlay-type":"","overlay-color":"","overlay-opacity":"","overlay-gradient":""}},"ast-content-background-meta":{"desktop":{"background-color":"var(--ast-global-color-4)","background-image":"","background-repeat":"repeat","background-position":"center center","background-size":"auto","background-attachment":"scroll","background-type":"","background-media":"","overlay-type":"","overlay-color":"","overlay-opacity":"","overlay-gradient":""},"tablet":{"background-color":"var(--ast-global-color-4)","background-image":"","background-repeat":"repeat","background-position":"center center","background-size":"auto","background-attachment":"scroll","background-type":"","background-media":"","overlay-type":"","overlay-color":"","overlay-opacity":"","overlay-gradient":""},"mobile":{"background-color":"var(--ast-global-color-4)","background-image":"","background-repeat":"repeat","background-position":"center center","background-size":"auto","background-attachment":"scroll","background-type":"","background-media":"","overlay-type":"","overlay-color":"","overlay-opacity":"","overlay-gradient":""}}},"product_brand":[],"product_cat":[9674],"product_tag":[1229],"class_list":{"0":"post-7626","1":"product","2":"type-product","3":"status-publish","4":"has-post-thumbnail","6":"product_cat-pradinukams","7":"product_tag-j-kinney","8":"desktop-align-left","9":"tablet-align-left","10":"mobile-align-left","12":"first","13":"instock","14":"featured","15":"shipping-taxable","16":"purchasable","17":"product-type-simple"},"acf":[],"yoast_head":"<!-- This site is optimized with the Yoast SEO plugin v27.0 - https:\/\/yoast.com\/product\/yoast-seo-wordpress\/ -->\n<title>Nevyk\u0117lio dienora\u0161tis 1. Grego Heflio \u017eurnalas su karikat\u016bromis<\/title>\n<meta name=\"description\" content=\"Vidurin\u0117 mokykla \u2013 nepaken\u010diama. Jos koridoriuose vaikai stumdosi su beveik suaugusiais paaugliais. \u201eNevyk\u0117lio dienora\u0161tis\u201c \u2013 istorija apie Grego Heflio\" \/>\n<meta name=\"robots\" content=\"index, follow, max-snippet:-1, max-image-preview:large, max-video-preview:-1\" \/>\n<link rel=\"canonical\" href=\"https:\/\/skaitytaknyga.lt\/en\/produktas\/j-kinney-nevykelio-dienorastis-1-grego-heflio-zurnalas-su-karikaturomis-pagelte-lapai-2\/\" \/>\n<meta property=\"og:locale\" content=\"en_GB\" \/>\n<meta property=\"og:locale:alternate\" content=\"lt_LT\" \/>\n<meta property=\"og:type\" content=\"article\" \/>\n<meta property=\"og:title\" content=\"Nevyk\u0117lio dienora\u0161tis 1. Grego Heflio \u017eurnalas su karikat\u016bromis\" \/>\n<meta property=\"og:description\" content=\"Vidurin\u0117 mokykla \u2013 nepaken\u010diama. Jos koridoriuose vaikai stumdosi su beveik suaugusiais paaugliais. \u201eNevyk\u0117lio dienora\u0161tis\u201c \u2013 istorija apie Grego Heflio\" \/>\n<meta property=\"og:url\" content=\"https:\/\/skaitytaknyga.lt\/en\/produktas\/j-kinney-nevykelio-dienorastis-1-grego-heflio-zurnalas-su-karikaturomis-pagelte-lapai-2\/\" \/>\n<meta property=\"og:site_name\" content=\"Skaitytaknyga\" \/>\n<meta property=\"article:publisher\" content=\"https:\/\/www.facebook.com\/skaitytaknyga\/\" \/>\n<meta property=\"article:modified_time\" content=\"2026-03-05T14:15:54+00:00\" \/>\n<meta property=\"og:image\" content=\"https:\/\/skaitytaknyga.lt\/wp-content\/uploads\/2024\/04\/02_01449_vtAAzeZnP5VvzhRwfyhnwHmt-e1606762143783.jpeg\" \/>\n\t<meta property=\"og:image:width\" content=\"492\" \/>\n\t<meta property=\"og:image:height\" content=\"736\" \/>\n\t<meta property=\"og:image:type\" content=\"image\/jpeg\" \/>\n<meta name=\"twitter:card\" content=\"summary_large_image\" \/>\n<meta name=\"twitter:label1\" content=\"Estimated reading time\" \/>\n\t<meta name=\"twitter:data1\" content=\"1 minute\" \/>\n<script type=\"application\/ld+json\" class=\"yoast-schema-graph\">{\"@context\":\"https:\/\/schema.org\",\"@graph\":[{\"@type\":\"WebPage\",\"@id\":\"https:\/\/skaitytaknyga.lt\/produktas\/j-kinney-nevykelio-dienorastis-1-grego-heflio-zurnalas-su-karikaturomis-pagelte-lapai-2\/\",\"url\":\"https:\/\/skaitytaknyga.lt\/produktas\/j-kinney-nevykelio-dienorastis-1-grego-heflio-zurnalas-su-karikaturomis-pagelte-lapai-2\/\",\"name\":\"Nevyk\u0117lio dienora\u0161tis 1. Grego Heflio \u017eurnalas su karikat\u016bromis\",\"isPartOf\":{\"@id\":\"https:\/\/skaitytaknyga.lt\/#website\"},\"primaryImageOfPage\":{\"@id\":\"https:\/\/skaitytaknyga.lt\/produktas\/j-kinney-nevykelio-dienorastis-1-grego-heflio-zurnalas-su-karikaturomis-pagelte-lapai-2\/#primaryimage\"},\"image\":{\"@id\":\"https:\/\/skaitytaknyga.lt\/produktas\/j-kinney-nevykelio-dienorastis-1-grego-heflio-zurnalas-su-karikaturomis-pagelte-lapai-2\/#primaryimage\"},\"thumbnailUrl\":\"https:\/\/skaitytaknyga.lt\/wp-content\/uploads\/2024\/04\/02_01449_vtAAzeZnP5VvzhRwfyhnwHmt-e1606762143783.jpeg\",\"datePublished\":\"2024-05-04T14:32:37+00:00\",\"dateModified\":\"2026-03-05T14:15:54+00:00\",\"description\":\"Vidurin\u0117 mokykla \u2013 nepaken\u010diama. Jos koridoriuose vaikai stumdosi su beveik suaugusiais paaugliais. \u201eNevyk\u0117lio dienora\u0161tis\u201c \u2013 istorija apie Grego Heflio\",\"breadcrumb\":{\"@id\":\"https:\/\/skaitytaknyga.lt\/produktas\/j-kinney-nevykelio-dienorastis-1-grego-heflio-zurnalas-su-karikaturomis-pagelte-lapai-2\/#breadcrumb\"},\"inLanguage\":\"en-GB\",\"potentialAction\":[{\"@type\":\"ReadAction\",\"target\":[\"https:\/\/skaitytaknyga.lt\/produktas\/j-kinney-nevykelio-dienorastis-1-grego-heflio-zurnalas-su-karikaturomis-pagelte-lapai-2\/\"]}]},{\"@type\":\"ImageObject\",\"inLanguage\":\"en-GB\",\"@id\":\"https:\/\/skaitytaknyga.lt\/produktas\/j-kinney-nevykelio-dienorastis-1-grego-heflio-zurnalas-su-karikaturomis-pagelte-lapai-2\/#primaryimage\",\"url\":\"https:\/\/skaitytaknyga.lt\/wp-content\/uploads\/2024\/04\/02_01449_vtAAzeZnP5VvzhRwfyhnwHmt-e1606762143783.jpeg\",\"contentUrl\":\"https:\/\/skaitytaknyga.lt\/wp-content\/uploads\/2024\/04\/02_01449_vtAAzeZnP5VvzhRwfyhnwHmt-e1606762143783.jpeg\",\"width\":492,\"height\":736,\"caption\":\"02 01449 vtAAzeZnP5VvzhRwfyhnwHmt e1606762143783\"},{\"@type\":\"BreadcrumbList\",\"@id\":\"https:\/\/skaitytaknyga.lt\/produktas\/j-kinney-nevykelio-dienorastis-1-grego-heflio-zurnalas-su-karikaturomis-pagelte-lapai-2\/#breadcrumb\",\"itemListElement\":[{\"@type\":\"ListItem\",\"position\":1,\"name\":\"Home\",\"item\":\"https:\/\/skaitytaknyga.lt\/\"},{\"@type\":\"ListItem\",\"position\":2,\"name\":\"Parduotuv\u0117\",\"item\":\"https:\/\/skaitytaknyga.lt\/knygu-parduotuve\/\"},{\"@type\":\"ListItem\",\"position\":3,\"name\":\"Nevyk\u0117lio dienora\u0161tis 1. Grego Heflio \u017eurnalas su karikat\u016bromis\"}]},{\"@type\":\"WebSite\",\"@id\":\"https:\/\/skaitytaknyga.lt\/#website\",\"url\":\"https:\/\/skaitytaknyga.lt\/\",\"name\":\"skaitytaknyga.lt\",\"description\":\"Skaitytaknyga.lt \u2013 tai ma\u017eas \u0161eimos verslas, kuris prasid\u0117jo nuo meil\u0117s knygoms ir siekio i\u0161gelb\u0117ti knygas nuo likimo prie konteinerio. Kas vienam nereikalingas daiktas \u2013 kitam lobis, o mes esame tarpininkai, kurie padeda abiems tapti laimingesniems ???? \u017dinome kaip nelengva i\u0161gyventi ma\u017eiems verslams, tad nuo \u0161iol, \u010dia rasite ir kit\u0173, ma\u017e\u0173 \u0161eim\u0173 versl\u0173, rank\u0173 darbo, dovan\u0173 sau ir artimiesiems.\",\"publisher\":{\"@id\":\"https:\/\/skaitytaknyga.lt\/#organization\"},\"potentialAction\":[{\"@type\":\"SearchAction\",\"target\":{\"@type\":\"EntryPoint\",\"urlTemplate\":\"https:\/\/skaitytaknyga.lt\/?s={search_term_string}\"},\"query-input\":{\"@type\":\"PropertyValueSpecification\",\"valueRequired\":true,\"valueName\":\"search_term_string\"}}],\"inLanguage\":\"en-GB\"},{\"@type\":\"Organization\",\"@id\":\"https:\/\/skaitytaknyga.lt\/#organization\",\"name\":\"skaitytaknyga.lt\",\"url\":\"https:\/\/skaitytaknyga.lt\/\",\"logo\":{\"@type\":\"ImageObject\",\"inLanguage\":\"en-GB\",\"@id\":\"https:\/\/skaitytaknyga.lt\/#\/schema\/logo\/image\/\",\"url\":\"https:\/\/skaitytaknyga.lt\/wp-content\/uploads\/2024\/05\/cropped-cropped-cropped-02_00843_jt3bggkj1j3HLc7SyY6rEUpg.jpeg\",\"contentUrl\":\"https:\/\/skaitytaknyga.lt\/wp-content\/uploads\/2024\/05\/cropped-cropped-cropped-02_00843_jt3bggkj1j3HLc7SyY6rEUpg.jpeg\",\"width\":1600,\"height\":1600,\"caption\":\"skaitytaknyga.lt\"},\"image\":{\"@id\":\"https:\/\/skaitytaknyga.lt\/#\/schema\/logo\/image\/\"},\"sameAs\":[\"https:\/\/www.facebook.com\/skaitytaknyga\/\"]}]}<\/script>\n<!-- \/ Yoast SEO plugin. -->","yoast_head_json":{"title":"Nevyk\u0117lio dienora\u0161tis 1. Grego Heflio \u017eurnalas su karikat\u016bromis","description":"Vidurin\u0117 mokykla \u2013 nepaken\u010diama. Jos koridoriuose vaikai stumdosi su beveik suaugusiais paaugliais. \u201eNevyk\u0117lio dienora\u0161tis\u201c \u2013 istorija apie Grego Heflio","robots":{"index":"index","follow":"follow","max-snippet":"max-snippet:-1","max-image-preview":"max-image-preview:large","max-video-preview":"max-video-preview:-1"},"canonical":"https:\/\/skaitytaknyga.lt\/en\/produktas\/j-kinney-nevykelio-dienorastis-1-grego-heflio-zurnalas-su-karikaturomis-pagelte-lapai-2\/","og_locale":"en_GB","og_type":"article","og_title":"[:lt]Nevyk\u0117lio dienora\u0161tis 1. Grego Heflio \u017eurnalas su karikat\u016bromis[:] - Skaitytaknyga","og_description":"Vidurin\u0117 mokykla \u2013 nepaken\u010diama. Jos koridoriuose vaikai stumdosi su beveik suaugusiais paaugliais. \u201eNevyk\u0117lio dienora\u0161tis\u201c \u2013 istorija apie Grego Heflio","og_url":"https:\/\/skaitytaknyga.lt\/en\/produktas\/j-kinney-nevykelio-dienorastis-1-grego-heflio-zurnalas-su-karikaturomis-pagelte-lapai-2\/","og_site_name":"Skaitytaknyga","article_publisher":"https:\/\/www.facebook.com\/skaitytaknyga\/","article_modified_time":"2026-03-05T14:15:54+00:00","og_image":[{"width":492,"height":736,"url":"https:\/\/skaitytaknyga.lt\/wp-content\/uploads\/2024\/04\/02_01449_vtAAzeZnP5VvzhRwfyhnwHmt-e1606762143783.jpeg","type":"image\/jpeg"}],"twitter_card":"summary_large_image","twitter_misc":{"Estimated reading time":"1 minute"},"schema":{"@context":"https:\/\/schema.org","@graph":[{"@type":"WebPage","@id":"https:\/\/skaitytaknyga.lt\/produktas\/j-kinney-nevykelio-dienorastis-1-grego-heflio-zurnalas-su-karikaturomis-pagelte-lapai-2\/","url":"https:\/\/skaitytaknyga.lt\/produktas\/j-kinney-nevykelio-dienorastis-1-grego-heflio-zurnalas-su-karikaturomis-pagelte-lapai-2\/","name":"Nevyk\u0117lio dienora\u0161tis 1. Grego Heflio \u017eurnalas su karikat\u016bromis","isPartOf":{"@id":"https:\/\/skaitytaknyga.lt\/#website"},"primaryImageOfPage":{"@id":"https:\/\/skaitytaknyga.lt\/produktas\/j-kinney-nevykelio-dienorastis-1-grego-heflio-zurnalas-su-karikaturomis-pagelte-lapai-2\/#primaryimage"},"image":{"@id":"https:\/\/skaitytaknyga.lt\/produktas\/j-kinney-nevykelio-dienorastis-1-grego-heflio-zurnalas-su-karikaturomis-pagelte-lapai-2\/#primaryimage"},"thumbnailUrl":"https:\/\/skaitytaknyga.lt\/wp-content\/uploads\/2024\/04\/02_01449_vtAAzeZnP5VvzhRwfyhnwHmt-e1606762143783.jpeg","datePublished":"2024-05-04T14:32:37+00:00","dateModified":"2026-03-05T14:15:54+00:00","description":"Vidurin\u0117 mokykla \u2013 nepaken\u010diama. Jos koridoriuose vaikai stumdosi su beveik suaugusiais paaugliais. \u201eNevyk\u0117lio dienora\u0161tis\u201c \u2013 istorija apie Grego Heflio","breadcrumb":{"@id":"https:\/\/skaitytaknyga.lt\/produktas\/j-kinney-nevykelio-dienorastis-1-grego-heflio-zurnalas-su-karikaturomis-pagelte-lapai-2\/#breadcrumb"},"inLanguage":"en-GB","potentialAction":[{"@type":"ReadAction","target":["https:\/\/skaitytaknyga.lt\/produktas\/j-kinney-nevykelio-dienorastis-1-grego-heflio-zurnalas-su-karikaturomis-pagelte-lapai-2\/"]}]},{"@type":"ImageObject","inLanguage":"en-GB","@id":"https:\/\/skaitytaknyga.lt\/produktas\/j-kinney-nevykelio-dienorastis-1-grego-heflio-zurnalas-su-karikaturomis-pagelte-lapai-2\/#primaryimage","url":"https:\/\/skaitytaknyga.lt\/wp-content\/uploads\/2024\/04\/02_01449_vtAAzeZnP5VvzhRwfyhnwHmt-e1606762143783.jpeg","contentUrl":"https:\/\/skaitytaknyga.lt\/wp-content\/uploads\/2024\/04\/02_01449_vtAAzeZnP5VvzhRwfyhnwHmt-e1606762143783.jpeg","width":492,"height":736,"caption":"02 01449 vtAAzeZnP5VvzhRwfyhnwHmt e1606762143783"},{"@type":"BreadcrumbList","@id":"https:\/\/skaitytaknyga.lt\/produktas\/j-kinney-nevykelio-dienorastis-1-grego-heflio-zurnalas-su-karikaturomis-pagelte-lapai-2\/#breadcrumb","itemListElement":[{"@type":"ListItem","position":1,"name":"Home","item":"https:\/\/skaitytaknyga.lt\/"},{"@type":"ListItem","position":2,"name":"Parduotuv\u0117","item":"https:\/\/skaitytaknyga.lt\/knygu-parduotuve\/"},{"@type":"ListItem","position":3,"name":"Nevyk\u0117lio dienora\u0161tis 1. Grego Heflio \u017eurnalas su karikat\u016bromis"}]},{"@type":"WebSite","@id":"https:\/\/skaitytaknyga.lt\/#website","url":"https:\/\/skaitytaknyga.lt\/","name":"skaitytaknyga.lt","description":"Skaitytaknyga.lt \u2013 tai ma\u017eas \u0161eimos verslas, kuris prasid\u0117jo nuo meil\u0117s knygoms ir siekio i\u0161gelb\u0117ti knygas nuo likimo prie konteinerio. Kas vienam nereikalingas daiktas \u2013 kitam lobis, o mes esame tarpininkai, kurie padeda abiems tapti laimingesniems ???? \u017dinome kaip nelengva i\u0161gyventi ma\u017eiems verslams, tad nuo \u0161iol, \u010dia rasite ir kit\u0173, ma\u017e\u0173 \u0161eim\u0173 versl\u0173, rank\u0173 darbo, dovan\u0173 sau ir artimiesiems.","publisher":{"@id":"https:\/\/skaitytaknyga.lt\/#organization"},"potentialAction":[{"@type":"SearchAction","target":{"@type":"EntryPoint","urlTemplate":"https:\/\/skaitytaknyga.lt\/?s={search_term_string}"},"query-input":{"@type":"PropertyValueSpecification","valueRequired":true,"valueName":"search_term_string"}}],"inLanguage":"en-GB"},{"@type":"Organization","@id":"https:\/\/skaitytaknyga.lt\/#organization","name":"skaitytaknyga.lt","url":"https:\/\/skaitytaknyga.lt\/","logo":{"@type":"ImageObject","inLanguage":"en-GB","@id":"https:\/\/skaitytaknyga.lt\/#\/schema\/logo\/image\/","url":"https:\/\/skaitytaknyga.lt\/wp-content\/uploads\/2024\/05\/cropped-cropped-cropped-02_00843_jt3bggkj1j3HLc7SyY6rEUpg.jpeg","contentUrl":"https:\/\/skaitytaknyga.lt\/wp-content\/uploads\/2024\/05\/cropped-cropped-cropped-02_00843_jt3bggkj1j3HLc7SyY6rEUpg.jpeg","width":1600,"height":1600,"caption":"skaitytaknyga.lt"},"image":{"@id":"https:\/\/skaitytaknyga.lt\/#\/schema\/logo\/image\/"},"sameAs":["https:\/\/www.facebook.com\/skaitytaknyga\/"]}]}},"_links":{"self":[{"href":"https:\/\/skaitytaknyga.lt\/en\/wp-json\/wp\/v2\/product\/7626","targetHints":{"allow":["GET"]}}],"collection":[{"href":"https:\/\/skaitytaknyga.lt\/en\/wp-json\/wp\/v2\/product"}],"about":[{"href":"https:\/\/skaitytaknyga.lt\/en\/wp-json\/wp\/v2\/types\/product"}],"replies":[{"embeddable":true,"href":"https:\/\/skaitytaknyga.lt\/en\/wp-json\/wp\/v2\/comments?post=7626"}],"wp:featuredmedia":[{"embeddable":true,"href":"https:\/\/skaitytaknyga.lt\/en\/wp-json\/wp\/v2\/media\/2932"}],"wp:attachment":[{"href":"https:\/\/skaitytaknyga.lt\/en\/wp-json\/wp\/v2\/media?parent=7626"}],"wp:term":[{"taxonomy":"product_brand","embeddable":true,"href":"https:\/\/skaitytaknyga.lt\/en\/wp-json\/wp\/v2\/product_brand?post=7626"},{"taxonomy":"product_cat","embeddable":true,"href":"https:\/\/skaitytaknyga.lt\/en\/wp-json\/wp\/v2\/product_cat?post=7626"},{"taxonomy":"product_tag","embeddable":true,"href":"https:\/\/skaitytaknyga.lt\/en\/wp-json\/wp\/v2\/product_tag?post=7626"}],"curies":[{"name":"wp","href":"https:\/\/api.w.org\/{rel}","templated":true}]}}