{"id":7624,"date":"2024-05-04T14:32:37","date_gmt":"2024-05-04T14:32:37","guid":{"rendered":"https:\/\/skaitytaknyga.lt\/?post_type=product&#038;p=7624"},"modified":"2024-05-04T14:32:52","modified_gmt":"2024-05-04T14:32:52","slug":"edie-weiner-arnol-ateities-izvalga-kaip-vadovautis-nuojauta-permainu-laikais-2","status":"publish","type":"product","link":"https:\/\/skaitytaknyga.lt\/en\/produktas\/edie-weiner-arnol-ateities-izvalga-kaip-vadovautis-nuojauta-permainu-laikais-2\/","title":{"rendered":"Edie Weiner, Arnol \u201eAteities \u012e\u017evalga. Kaip vadovautis nuojauta permain\u0173 laikais\u201c"},"content":{"rendered":"<p>\u0160i knyga padeda \u012fd\u0117miau pa\u017evelgti \u012f tai, kas i\u0161 tikr\u0173j\u0173 vyksta. Futurologai E. Weiner ir A. Brownas atskleid\u017eia m\u0105stymo b\u016bdus, kurie i\u0161vaduoja prot\u0105 nuo \u012fsisen\u0117jusi\u0173 stereotip\u0173 ir teikia galimyb\u0119 \u012f\u017evelgti pirmuosius poky\u010di\u0173 \u017eenklus.<\/p>\n<p>Autoriai parodo, kaip i\u0161vengti asmeninio ar institucinio \u0161ali\u0161kumo ir per med\u017eius \u012fstengti pamatyti vis\u0105 mi\u0161k\u0105. \u0160i knyga lau\u017eo \u012fprastus elgesio stereotipus ir padeda nugal\u0117ti nor\u0105 vengti poky\u010di\u0173 ar nepaisyti j\u0173 \u017eenkl\u0173.<\/p>\n","protected":false},"excerpt":{"rendered":"<p>\u0160i knyga padeda \u012fd\u0117miau pa\u017evelgti \u012f tai, kas i\u0161 tikr\u0173j\u0173 vyksta. Futurologai E. Weiner ir A. Brownas atskleid\u017eia m\u0105stymo b\u016bdus, kurie i\u0161vaduoja prot\u0105 nuo \u012fsisen\u0117jusi\u0173 stereotip\u0173 ir teikia galimyb\u0119 \u012f\u017evelgti pirmuosius poky\u010di\u0173 \u017eenklus. Autoriai parodo, kaip i\u0161vengti asmeninio ar institucinio \u0161ali\u0161kumo ir per med\u017eius \u012fstengti pamatyti vis\u0105 mi\u0161k\u0105. \u0160i knyga lau\u017eo \u012fprastus elgesio stereotipus ir padeda nugal\u0117ti nor\u0105 vengti poky\u010di\u0173 ar nepaisyti j\u0173 \u017eenkl\u0173.<\/p>\n","protected":false},"featured_media":2930,"comment_status":"closed","ping_status":"closed","template":"","meta":{"_acf_changed":false,"site-sidebar-layout":"default","site-content-layout":"","ast-site-content-layout":"default","site-content-style":"default","site-sidebar-style":"default","ast-global-header-display":"","ast-banner-title-visibility":"","ast-main-header-display":"","ast-hfb-above-header-display":"","ast-hfb-below-header-display":"","ast-hfb-mobile-header-display":"","site-post-title":"","ast-breadcrumbs-content":"","ast-featured-img":"","footer-sml-layout":"","ast-disable-related-posts":"","theme-transparent-header-meta":"","adv-header-id-meta":"","stick-header-meta":"","header-above-stick-meta":"","header-main-stick-meta":"","header-below-stick-meta":"","astra-migrate-meta-layouts":"default","ast-page-background-enabled":"default","ast-page-background-meta":{"desktop":{"background-color":"","background-image":"","background-repeat":"repeat","background-position":"center center","background-size":"auto","background-attachment":"scroll","background-type":"","background-media":"","overlay-type":"","overlay-color":"","overlay-opacity":"","overlay-gradient":""},"tablet":{"background-color":"","background-image":"","background-repeat":"repeat","background-position":"center center","background-size":"auto","background-attachment":"scroll","background-type":"","background-media":"","overlay-type":"","overlay-color":"","overlay-opacity":"","overlay-gradient":""},"mobile":{"background-color":"","background-image":"","background-repeat":"repeat","background-position":"center center","background-size":"auto","background-attachment":"scroll","background-type":"","background-media":"","overlay-type":"","overlay-color":"","overlay-opacity":"","overlay-gradient":""}},"ast-content-background-meta":{"desktop":{"background-color":"var(--ast-global-color-4)","background-image":"","background-repeat":"repeat","background-position":"center center","background-size":"auto","background-attachment":"scroll","background-type":"","background-media":"","overlay-type":"","overlay-color":"","overlay-opacity":"","overlay-gradient":""},"tablet":{"background-color":"var(--ast-global-color-4)","background-image":"","background-repeat":"repeat","background-position":"center center","background-size":"auto","background-attachment":"scroll","background-type":"","background-media":"","overlay-type":"","overlay-color":"","overlay-opacity":"","overlay-gradient":""},"mobile":{"background-color":"var(--ast-global-color-4)","background-image":"","background-repeat":"repeat","background-position":"center center","background-size":"auto","background-attachment":"scroll","background-type":"","background-media":"","overlay-type":"","overlay-color":"","overlay-opacity":"","overlay-gradient":""}}},"product_brand":[],"product_cat":[26],"product_tag":[275],"class_list":{"0":"post-7624","1":"product","2":"type-product","3":"status-publish","4":"has-post-thumbnail","6":"product_cat-verslas-vadyba-ir-finansai","7":"product_tag-verslo-zinios","8":"desktop-align-left","9":"tablet-align-left","10":"mobile-align-left","12":"first","13":"instock","14":"shipping-taxable","15":"purchasable","16":"product-type-simple"},"acf":[],"yoast_head":"<!-- This site is optimized with the Yoast SEO plugin v27.0 - https:\/\/yoast.com\/product\/yoast-seo-wordpress\/ -->\n<title>Edie Weiner, Arnol \u201eAteities \u012e\u017evalga. Kaip vadovautis nuojauta permain\u0173 laikais\u201c - Skaitytaknyga<\/title>\n<meta name=\"description\" content=\"\u0160i knyga padeda \u012fd\u0117miau pa\u017evelgti \u012f tai, kas i\u0161 tikr\u0173j\u0173 vyksta. Futurologai E. Weiner ir A. Brownas atskleid\u017eia m\u0105stymo b\u016bdus, kurie i\u0161vaduoja prot\u0105 nuo\" \/>\n<meta name=\"robots\" content=\"index, follow, max-snippet:-1, max-image-preview:large, max-video-preview:-1\" \/>\n<link rel=\"canonical\" href=\"https:\/\/skaitytaknyga.lt\/en\/produktas\/edie-weiner-arnol-ateities-izvalga-kaip-vadovautis-nuojauta-permainu-laikais-2\/\" \/>\n<meta property=\"og:locale\" content=\"en_GB\" \/>\n<meta property=\"og:locale:alternate\" content=\"lt_LT\" \/>\n<meta property=\"og:type\" content=\"article\" \/>\n<meta property=\"og:title\" content=\"Edie Weiner, Arnol \u201eAteities \u012e\u017evalga. Kaip vadovautis nuojauta permain\u0173 laikais\u201c - Skaitytaknyga\" \/>\n<meta property=\"og:description\" content=\"\u0160i knyga padeda \u012fd\u0117miau pa\u017evelgti \u012f tai, kas i\u0161 tikr\u0173j\u0173 vyksta. Futurologai E. Weiner ir A. Brownas atskleid\u017eia m\u0105stymo b\u016bdus, kurie i\u0161vaduoja prot\u0105 nuo\" \/>\n<meta property=\"og:url\" content=\"https:\/\/skaitytaknyga.lt\/en\/produktas\/edie-weiner-arnol-ateities-izvalga-kaip-vadovautis-nuojauta-permainu-laikais-2\/\" \/>\n<meta property=\"og:site_name\" content=\"Skaitytaknyga\" \/>\n<meta property=\"article:publisher\" content=\"https:\/\/www.facebook.com\/skaitytaknyga\/\" \/>\n<meta property=\"article:modified_time\" content=\"2024-05-04T14:32:52+00:00\" \/>\n<meta property=\"og:image\" content=\"https:\/\/skaitytaknyga.lt\/wp-content\/uploads\/2024\/04\/1462879809_img0003.jpg\" \/>\n\t<meta property=\"og:image:width\" content=\"273\" \/>\n\t<meta property=\"og:image:height\" content=\"430\" \/>\n\t<meta property=\"og:image:type\" content=\"image\/jpeg\" \/>\n<meta name=\"twitter:card\" content=\"summary_large_image\" \/>\n<script type=\"application\/ld+json\" class=\"yoast-schema-graph\">{\"@context\":\"https:\/\/schema.org\",\"@graph\":[{\"@type\":\"WebPage\",\"@id\":\"https:\/\/skaitytaknyga.lt\/produktas\/edie-weiner-arnol-ateities-izvalga-kaip-vadovautis-nuojauta-permainu-laikais-2\/\",\"url\":\"https:\/\/skaitytaknyga.lt\/produktas\/edie-weiner-arnol-ateities-izvalga-kaip-vadovautis-nuojauta-permainu-laikais-2\/\",\"name\":\"Edie Weiner, Arnol \u201eAteities \u012e\u017evalga. Kaip vadovautis nuojauta permain\u0173 laikais\u201c - Skaitytaknyga\",\"isPartOf\":{\"@id\":\"https:\/\/skaitytaknyga.lt\/#website\"},\"primaryImageOfPage\":{\"@id\":\"https:\/\/skaitytaknyga.lt\/produktas\/edie-weiner-arnol-ateities-izvalga-kaip-vadovautis-nuojauta-permainu-laikais-2\/#primaryimage\"},\"image\":{\"@id\":\"https:\/\/skaitytaknyga.lt\/produktas\/edie-weiner-arnol-ateities-izvalga-kaip-vadovautis-nuojauta-permainu-laikais-2\/#primaryimage\"},\"thumbnailUrl\":\"https:\/\/skaitytaknyga.lt\/wp-content\/uploads\/2024\/04\/1462879809_img0003.jpg\",\"datePublished\":\"2024-05-04T14:32:37+00:00\",\"dateModified\":\"2024-05-04T14:32:52+00:00\",\"description\":\"\u0160i knyga padeda \u012fd\u0117miau pa\u017evelgti \u012f tai, kas i\u0161 tikr\u0173j\u0173 vyksta. Futurologai E. Weiner ir A. Brownas atskleid\u017eia m\u0105stymo b\u016bdus, kurie i\u0161vaduoja prot\u0105 nuo\",\"breadcrumb\":{\"@id\":\"https:\/\/skaitytaknyga.lt\/produktas\/edie-weiner-arnol-ateities-izvalga-kaip-vadovautis-nuojauta-permainu-laikais-2\/#breadcrumb\"},\"inLanguage\":\"en-GB\",\"potentialAction\":[{\"@type\":\"ReadAction\",\"target\":[\"https:\/\/skaitytaknyga.lt\/produktas\/edie-weiner-arnol-ateities-izvalga-kaip-vadovautis-nuojauta-permainu-laikais-2\/\"]}]},{\"@type\":\"ImageObject\",\"inLanguage\":\"en-GB\",\"@id\":\"https:\/\/skaitytaknyga.lt\/produktas\/edie-weiner-arnol-ateities-izvalga-kaip-vadovautis-nuojauta-permainu-laikais-2\/#primaryimage\",\"url\":\"https:\/\/skaitytaknyga.lt\/wp-content\/uploads\/2024\/04\/1462879809_img0003.jpg\",\"contentUrl\":\"https:\/\/skaitytaknyga.lt\/wp-content\/uploads\/2024\/04\/1462879809_img0003.jpg\",\"width\":273,\"height\":430,\"caption\":\"1462879809 img0003\"},{\"@type\":\"BreadcrumbList\",\"@id\":\"https:\/\/skaitytaknyga.lt\/produktas\/edie-weiner-arnol-ateities-izvalga-kaip-vadovautis-nuojauta-permainu-laikais-2\/#breadcrumb\",\"itemListElement\":[{\"@type\":\"ListItem\",\"position\":1,\"name\":\"Home\",\"item\":\"https:\/\/skaitytaknyga.lt\/\"},{\"@type\":\"ListItem\",\"position\":2,\"name\":\"Parduotuv\u0117\",\"item\":\"https:\/\/skaitytaknyga.lt\/knygu-parduotuve\/\"},{\"@type\":\"ListItem\",\"position\":3,\"name\":\"Edie Weiner, Arnol \u201eAteities \u012e\u017evalga. Kaip vadovautis nuojauta permain\u0173 laikais\u201c\"}]},{\"@type\":\"WebSite\",\"@id\":\"https:\/\/skaitytaknyga.lt\/#website\",\"url\":\"https:\/\/skaitytaknyga.lt\/\",\"name\":\"skaitytaknyga.lt\",\"description\":\"Skaitytaknyga.lt \u2013 tai ma\u017eas \u0161eimos verslas, kuris prasid\u0117jo nuo meil\u0117s knygoms ir siekio i\u0161gelb\u0117ti knygas nuo likimo prie konteinerio. Kas vienam nereikalingas daiktas \u2013 kitam lobis, o mes esame tarpininkai, kurie padeda abiems tapti laimingesniems ???? \u017dinome kaip nelengva i\u0161gyventi ma\u017eiems verslams, tad nuo \u0161iol, \u010dia rasite ir kit\u0173, ma\u017e\u0173 \u0161eim\u0173 versl\u0173, rank\u0173 darbo, dovan\u0173 sau ir artimiesiems.\",\"publisher\":{\"@id\":\"https:\/\/skaitytaknyga.lt\/#organization\"},\"potentialAction\":[{\"@type\":\"SearchAction\",\"target\":{\"@type\":\"EntryPoint\",\"urlTemplate\":\"https:\/\/skaitytaknyga.lt\/?s={search_term_string}\"},\"query-input\":{\"@type\":\"PropertyValueSpecification\",\"valueRequired\":true,\"valueName\":\"search_term_string\"}}],\"inLanguage\":\"en-GB\"},{\"@type\":\"Organization\",\"@id\":\"https:\/\/skaitytaknyga.lt\/#organization\",\"name\":\"skaitytaknyga.lt\",\"url\":\"https:\/\/skaitytaknyga.lt\/\",\"logo\":{\"@type\":\"ImageObject\",\"inLanguage\":\"en-GB\",\"@id\":\"https:\/\/skaitytaknyga.lt\/#\/schema\/logo\/image\/\",\"url\":\"https:\/\/skaitytaknyga.lt\/wp-content\/uploads\/2024\/05\/cropped-cropped-cropped-02_00843_jt3bggkj1j3HLc7SyY6rEUpg.jpeg\",\"contentUrl\":\"https:\/\/skaitytaknyga.lt\/wp-content\/uploads\/2024\/05\/cropped-cropped-cropped-02_00843_jt3bggkj1j3HLc7SyY6rEUpg.jpeg\",\"width\":1600,\"height\":1600,\"caption\":\"skaitytaknyga.lt\"},\"image\":{\"@id\":\"https:\/\/skaitytaknyga.lt\/#\/schema\/logo\/image\/\"},\"sameAs\":[\"https:\/\/www.facebook.com\/skaitytaknyga\/\"]}]}<\/script>\n<!-- \/ Yoast SEO plugin. -->","yoast_head_json":{"title":"Edie Weiner, Arnol \u201eAteities \u012e\u017evalga. Kaip vadovautis nuojauta permain\u0173 laikais\u201c - Skaitytaknyga","description":"\u0160i knyga padeda \u012fd\u0117miau pa\u017evelgti \u012f tai, kas i\u0161 tikr\u0173j\u0173 vyksta. Futurologai E. Weiner ir A. Brownas atskleid\u017eia m\u0105stymo b\u016bdus, kurie i\u0161vaduoja prot\u0105 nuo","robots":{"index":"index","follow":"follow","max-snippet":"max-snippet:-1","max-image-preview":"max-image-preview:large","max-video-preview":"max-video-preview:-1"},"canonical":"https:\/\/skaitytaknyga.lt\/en\/produktas\/edie-weiner-arnol-ateities-izvalga-kaip-vadovautis-nuojauta-permainu-laikais-2\/","og_locale":"en_GB","og_type":"article","og_title":"Edie Weiner, Arnol \u201eAteities \u012e\u017evalga. Kaip vadovautis nuojauta permain\u0173 laikais\u201c - Skaitytaknyga","og_description":"\u0160i knyga padeda \u012fd\u0117miau pa\u017evelgti \u012f tai, kas i\u0161 tikr\u0173j\u0173 vyksta. Futurologai E. Weiner ir A. Brownas atskleid\u017eia m\u0105stymo b\u016bdus, kurie i\u0161vaduoja prot\u0105 nuo","og_url":"https:\/\/skaitytaknyga.lt\/en\/produktas\/edie-weiner-arnol-ateities-izvalga-kaip-vadovautis-nuojauta-permainu-laikais-2\/","og_site_name":"Skaitytaknyga","article_publisher":"https:\/\/www.facebook.com\/skaitytaknyga\/","article_modified_time":"2024-05-04T14:32:52+00:00","og_image":[{"width":273,"height":430,"url":"https:\/\/skaitytaknyga.lt\/wp-content\/uploads\/2024\/04\/1462879809_img0003.jpg","type":"image\/jpeg"}],"twitter_card":"summary_large_image","schema":{"@context":"https:\/\/schema.org","@graph":[{"@type":"WebPage","@id":"https:\/\/skaitytaknyga.lt\/produktas\/edie-weiner-arnol-ateities-izvalga-kaip-vadovautis-nuojauta-permainu-laikais-2\/","url":"https:\/\/skaitytaknyga.lt\/produktas\/edie-weiner-arnol-ateities-izvalga-kaip-vadovautis-nuojauta-permainu-laikais-2\/","name":"Edie Weiner, Arnol \u201eAteities \u012e\u017evalga. Kaip vadovautis nuojauta permain\u0173 laikais\u201c - Skaitytaknyga","isPartOf":{"@id":"https:\/\/skaitytaknyga.lt\/#website"},"primaryImageOfPage":{"@id":"https:\/\/skaitytaknyga.lt\/produktas\/edie-weiner-arnol-ateities-izvalga-kaip-vadovautis-nuojauta-permainu-laikais-2\/#primaryimage"},"image":{"@id":"https:\/\/skaitytaknyga.lt\/produktas\/edie-weiner-arnol-ateities-izvalga-kaip-vadovautis-nuojauta-permainu-laikais-2\/#primaryimage"},"thumbnailUrl":"https:\/\/skaitytaknyga.lt\/wp-content\/uploads\/2024\/04\/1462879809_img0003.jpg","datePublished":"2024-05-04T14:32:37+00:00","dateModified":"2024-05-04T14:32:52+00:00","description":"\u0160i knyga padeda \u012fd\u0117miau pa\u017evelgti \u012f tai, kas i\u0161 tikr\u0173j\u0173 vyksta. Futurologai E. Weiner ir A. Brownas atskleid\u017eia m\u0105stymo b\u016bdus, kurie i\u0161vaduoja prot\u0105 nuo","breadcrumb":{"@id":"https:\/\/skaitytaknyga.lt\/produktas\/edie-weiner-arnol-ateities-izvalga-kaip-vadovautis-nuojauta-permainu-laikais-2\/#breadcrumb"},"inLanguage":"en-GB","potentialAction":[{"@type":"ReadAction","target":["https:\/\/skaitytaknyga.lt\/produktas\/edie-weiner-arnol-ateities-izvalga-kaip-vadovautis-nuojauta-permainu-laikais-2\/"]}]},{"@type":"ImageObject","inLanguage":"en-GB","@id":"https:\/\/skaitytaknyga.lt\/produktas\/edie-weiner-arnol-ateities-izvalga-kaip-vadovautis-nuojauta-permainu-laikais-2\/#primaryimage","url":"https:\/\/skaitytaknyga.lt\/wp-content\/uploads\/2024\/04\/1462879809_img0003.jpg","contentUrl":"https:\/\/skaitytaknyga.lt\/wp-content\/uploads\/2024\/04\/1462879809_img0003.jpg","width":273,"height":430,"caption":"1462879809 img0003"},{"@type":"BreadcrumbList","@id":"https:\/\/skaitytaknyga.lt\/produktas\/edie-weiner-arnol-ateities-izvalga-kaip-vadovautis-nuojauta-permainu-laikais-2\/#breadcrumb","itemListElement":[{"@type":"ListItem","position":1,"name":"Home","item":"https:\/\/skaitytaknyga.lt\/"},{"@type":"ListItem","position":2,"name":"Parduotuv\u0117","item":"https:\/\/skaitytaknyga.lt\/knygu-parduotuve\/"},{"@type":"ListItem","position":3,"name":"Edie Weiner, Arnol \u201eAteities \u012e\u017evalga. Kaip vadovautis nuojauta permain\u0173 laikais\u201c"}]},{"@type":"WebSite","@id":"https:\/\/skaitytaknyga.lt\/#website","url":"https:\/\/skaitytaknyga.lt\/","name":"skaitytaknyga.lt","description":"Skaitytaknyga.lt \u2013 tai ma\u017eas \u0161eimos verslas, kuris prasid\u0117jo nuo meil\u0117s knygoms ir siekio i\u0161gelb\u0117ti knygas nuo likimo prie konteinerio. Kas vienam nereikalingas daiktas \u2013 kitam lobis, o mes esame tarpininkai, kurie padeda abiems tapti laimingesniems ???? \u017dinome kaip nelengva i\u0161gyventi ma\u017eiems verslams, tad nuo \u0161iol, \u010dia rasite ir kit\u0173, ma\u017e\u0173 \u0161eim\u0173 versl\u0173, rank\u0173 darbo, dovan\u0173 sau ir artimiesiems.","publisher":{"@id":"https:\/\/skaitytaknyga.lt\/#organization"},"potentialAction":[{"@type":"SearchAction","target":{"@type":"EntryPoint","urlTemplate":"https:\/\/skaitytaknyga.lt\/?s={search_term_string}"},"query-input":{"@type":"PropertyValueSpecification","valueRequired":true,"valueName":"search_term_string"}}],"inLanguage":"en-GB"},{"@type":"Organization","@id":"https:\/\/skaitytaknyga.lt\/#organization","name":"skaitytaknyga.lt","url":"https:\/\/skaitytaknyga.lt\/","logo":{"@type":"ImageObject","inLanguage":"en-GB","@id":"https:\/\/skaitytaknyga.lt\/#\/schema\/logo\/image\/","url":"https:\/\/skaitytaknyga.lt\/wp-content\/uploads\/2024\/05\/cropped-cropped-cropped-02_00843_jt3bggkj1j3HLc7SyY6rEUpg.jpeg","contentUrl":"https:\/\/skaitytaknyga.lt\/wp-content\/uploads\/2024\/05\/cropped-cropped-cropped-02_00843_jt3bggkj1j3HLc7SyY6rEUpg.jpeg","width":1600,"height":1600,"caption":"skaitytaknyga.lt"},"image":{"@id":"https:\/\/skaitytaknyga.lt\/#\/schema\/logo\/image\/"},"sameAs":["https:\/\/www.facebook.com\/skaitytaknyga\/"]}]}},"_links":{"self":[{"href":"https:\/\/skaitytaknyga.lt\/en\/wp-json\/wp\/v2\/product\/7624","targetHints":{"allow":["GET"]}}],"collection":[{"href":"https:\/\/skaitytaknyga.lt\/en\/wp-json\/wp\/v2\/product"}],"about":[{"href":"https:\/\/skaitytaknyga.lt\/en\/wp-json\/wp\/v2\/types\/product"}],"replies":[{"embeddable":true,"href":"https:\/\/skaitytaknyga.lt\/en\/wp-json\/wp\/v2\/comments?post=7624"}],"wp:featuredmedia":[{"embeddable":true,"href":"https:\/\/skaitytaknyga.lt\/en\/wp-json\/wp\/v2\/media\/2930"}],"wp:attachment":[{"href":"https:\/\/skaitytaknyga.lt\/en\/wp-json\/wp\/v2\/media?parent=7624"}],"wp:term":[{"taxonomy":"product_brand","embeddable":true,"href":"https:\/\/skaitytaknyga.lt\/en\/wp-json\/wp\/v2\/product_brand?post=7624"},{"taxonomy":"product_cat","embeddable":true,"href":"https:\/\/skaitytaknyga.lt\/en\/wp-json\/wp\/v2\/product_cat?post=7624"},{"taxonomy":"product_tag","embeddable":true,"href":"https:\/\/skaitytaknyga.lt\/en\/wp-json\/wp\/v2\/product_tag?post=7624"}],"curies":[{"name":"wp","href":"https:\/\/api.w.org\/{rel}","templated":true}]}}