{"id":7621,"date":"2024-05-04T14:32:37","date_gmt":"2024-05-04T14:32:37","guid":{"rendered":"https:\/\/skaitytaknyga.lt\/?post_type=product&#038;p=7621"},"modified":"2024-05-04T14:32:50","modified_gmt":"2024-05-04T14:32:50","slug":"j-altucher-pasirink-save-pageltes-virsus-2","status":"publish","type":"product","link":"https:\/\/skaitytaknyga.lt\/en\/produktas\/j-altucher-pasirink-save-pageltes-virsus-2\/","title":{"rendered":"J. Altucher \u201ePasirink save\u201c (pagelt\u0119s vir\u0161us)"},"content":{"rendered":"<p>Pasaulis kei\u010diasi. Geras i\u0161silavinimas ir darbo patirtis negarantuoja, kad sulauksite pensijos savo kompanijoje. Pramon\u0117s \u0161akos nyksta, darbo vietos naikinamos, socialiniai modeliai \u017elunga. Visose valstyb\u0117se nyksta vidurin\u0117 klas\u0117. Gali b\u016bti tikras d\u0117l viena: niekas neateis tav\u0119s pasamdyti, investuoti \u012f tavo kompanij\u0105, nepasirinks tav\u0119s, nepasi\u016blys norim\u0173 pareig\u0173. Tik pats gali priimti svarbiausi\u0105 sprendim\u0105 gyvenime \u2013 pasirinkti save!<\/p>\n<p>Tai ne tu\u0161ti \u017eod\u017eiai, o asmenine ir daugyb\u0117s turting\u0173 \u017emoni\u0173 patirtimi pagr\u012fstas tvirtinimas. Jamesas Altucheris (g. 1968 m.) yra visapusi\u0161kai s\u0117kmingas \u017emogus: nepaprastai protingas \u0161achmat\u0173 didmeistris, nuo nulio prad\u0117j\u0119s, i\u0161vyst\u0119s ir brangiai pardav\u0119s ne vien\u0105 de\u0161imt\u012f versl\u0173, tinklara\u0161tininkas su 15 milijon\u0173 skaitytoj\u0173, para\u0161\u0119s 17 knyg\u0173, kurios tapo bestseleriais (Pasirink save yra vienuoliktoji), graibstomas lektorius, galintis daugyb\u0119 garsenybi\u0173 vadinti draugais. Ta\u010diau jo biografijoje yra ne vienas bankrotas, skyrybos, darbo praradimas, priklausomyb\u0117s ir depresija. Vidutinybe save vadinan\u010dio J. Altucherio patarimai skirti ne kam kitam, o tokiam pat vidutinybei, kuris pri\u0117jo akligatv\u012f ir nebemato prasm\u0117s gyventi.<\/p>\n","protected":false},"excerpt":{"rendered":"<p>Pasaulis kei\u010diasi. Geras i\u0161silavinimas ir darbo patirtis negarantuoja, kad sulauksite pensijos savo kompanijoje. Pramon\u0117s \u0161akos nyksta, darbo vietos naikinamos, socialiniai modeliai \u017elunga. Visose valstyb\u0117se nyksta vidurin\u0117 klas\u0117. Gali b\u016bti tikras d\u0117l viena: niekas neateis tav\u0119s pasamdyti, investuoti \u012f tavo kompanij\u0105, nepasirinks tav\u0119s, nepasi\u016blys norim\u0173 pareig\u0173. Tik pats gali priimti svarbiausi\u0105 sprendim\u0105 gyvenime \u2013 pasirinkti save!<\/p>\n<p>Tai ne tu\u0161ti \u017eod\u017eiai, o asmenine ir daugyb\u0117s turting\u0173 \u017emoni\u0173 patirtimi pagr\u012fstas tvirtinimas. Jamesas Altucheris (g. 1968 m.) yra visapusi\u0161kai s\u0117kmingas \u017emogus: nepaprastai protingas \u0161achmat\u0173 didmeistris, nuo nulio prad\u0117j\u0119s, i\u0161vyst\u0119s ir brangiai pardav\u0119s ne vien\u0105 de\u0161imt\u012f versl\u0173, tinklara\u0161tininkas su 15 milijon\u0173 skaitytoj\u0173, para\u0161\u0119s 17 knyg\u0173, kurios tapo bestseleriais (Pasirink save yra vienuoliktoji), graibstomas lektorius, galintis daugyb\u0119 garsenybi\u0173 vadinti draugais. Ta\u010diau jo biografijoje yra ne vienas bankrotas, skyrybos, darbo praradimas, priklausomyb\u0117s ir depresija. Vidutinybe save vadinan\u010dio J. Altucherio patarimai skirti ne kam kitam, o tokiam pat vidutinybei, kuris pri\u0117jo akligatv\u012f ir nebemato prasm\u0117s gyventi.<\/p>\n","protected":false},"featured_media":2927,"comment_status":"closed","ping_status":"closed","template":"","meta":{"_acf_changed":false,"site-sidebar-layout":"default","site-content-layout":"","ast-site-content-layout":"default","site-content-style":"default","site-sidebar-style":"default","ast-global-header-display":"","ast-banner-title-visibility":"","ast-main-header-display":"","ast-hfb-above-header-display":"","ast-hfb-below-header-display":"","ast-hfb-mobile-header-display":"","site-post-title":"","ast-breadcrumbs-content":"","ast-featured-img":"","footer-sml-layout":"","ast-disable-related-posts":"","theme-transparent-header-meta":"","adv-header-id-meta":"","stick-header-meta":"","header-above-stick-meta":"","header-main-stick-meta":"","header-below-stick-meta":"","astra-migrate-meta-layouts":"default","ast-page-background-enabled":"default","ast-page-background-meta":{"desktop":{"background-color":"","background-image":"","background-repeat":"repeat","background-position":"center center","background-size":"auto","background-attachment":"scroll","background-type":"","background-media":"","overlay-type":"","overlay-color":"","overlay-opacity":"","overlay-gradient":""},"tablet":{"background-color":"","background-image":"","background-repeat":"repeat","background-position":"center center","background-size":"auto","background-attachment":"scroll","background-type":"","background-media":"","overlay-type":"","overlay-color":"","overlay-opacity":"","overlay-gradient":""},"mobile":{"background-color":"","background-image":"","background-repeat":"repeat","background-position":"center center","background-size":"auto","background-attachment":"scroll","background-type":"","background-media":"","overlay-type":"","overlay-color":"","overlay-opacity":"","overlay-gradient":""}},"ast-content-background-meta":{"desktop":{"background-color":"var(--ast-global-color-4)","background-image":"","background-repeat":"repeat","background-position":"center center","background-size":"auto","background-attachment":"scroll","background-type":"","background-media":"","overlay-type":"","overlay-color":"","overlay-opacity":"","overlay-gradient":""},"tablet":{"background-color":"var(--ast-global-color-4)","background-image":"","background-repeat":"repeat","background-position":"center center","background-size":"auto","background-attachment":"scroll","background-type":"","background-media":"","overlay-type":"","overlay-color":"","overlay-opacity":"","overlay-gradient":""},"mobile":{"background-color":"var(--ast-global-color-4)","background-image":"","background-repeat":"repeat","background-position":"center center","background-size":"auto","background-attachment":"scroll","background-type":"","background-media":"","overlay-type":"","overlay-color":"","overlay-opacity":"","overlay-gradient":""}}},"product_brand":[],"product_cat":[26],"product_tag":[],"class_list":{"0":"post-7621","1":"product","2":"type-product","3":"status-publish","4":"has-post-thumbnail","6":"product_cat-verslas-vadyba-ir-finansai","7":"desktop-align-left","8":"tablet-align-left","9":"mobile-align-left","11":"first","12":"instock","13":"shipping-taxable","14":"purchasable","15":"product-type-simple"},"acf":[],"yoast_head":"<!-- This site is optimized with the Yoast SEO plugin v27.4 - https:\/\/yoast.com\/product\/yoast-seo-wordpress\/ -->\n<title>J. Altucher \u201ePasirink save\u201c (pagelt\u0119s vir\u0161us) - Skaitytaknyga<\/title>\n<meta name=\"description\" content=\"Pasaulis kei\u010diasi. Geras i\u0161silavinimas ir darbo patirtis negarantuoja, kad sulauksite pensijos savo kompanijoje. Pramon\u0117s \u0161akos nyksta, darbo vietos naikinamos, socialiniai modeliai \u017elunga. Visose valstyb\u0117se nyksta vidurin\u0117 klas\u0117. Gali b\u016bti tikras d\u0117l viena: niekas neateis tav\u0119s pasamdyti, investuoti \u012f tavo kompanij\u0105, nepasirinks tav\u0119s, nepasi\u016blys norim\u0173 pareig\u0173. Tik pats gali priimti svarbiausi\u0105 sprendim\u0105 gyvenime \u2013 pasirinkti save!  Tai ne tu\u0161ti \u017eod\u017eiai, o asmenine ir daugyb\u0117s turting\u0173 \u017emoni\u0173 patirtimi pagr\u012fstas tvirtinimas. Jamesas Altucheris (g. 1968 m.) yra visapusi\u0161kai s\u0117kmingas \u017emogus: nepaprastai protingas \u0161achmat\u0173 didmeistris, nuo nulio prad\u0117j\u0119s, i\u0161vyst\u0119s ir brangiai pardav\u0119s ne vien\u0105 de\u0161imt\u012f versl\u0173, tinklara\u0161tininkas su 15 milijon\u0173 skaitytoj\u0173, para\u0161\u0119s 17 knyg\u0173, kurios tapo bestseleriais (Pasirink save yra vienuoliktoji), graibstomas lektorius, galintis daugyb\u0119 garsenybi\u0173 vadinti draugais. Ta\u010diau jo biografijoje yra ne vienas bankrotas, skyrybos, darbo praradimas, priklausomyb\u0117s ir depresija. Vidutinybe save vadinan\u010dio J. Altucherio patarimai skirti ne kam kitam, o tokiam pat vidutinybei, kuris pri\u0117jo akligatv\u012f ir nebemato prasm\u0117s gyventi.\" \/>\n<meta name=\"robots\" content=\"index, follow, max-snippet:-1, max-image-preview:large, max-video-preview:-1\" \/>\n<link rel=\"canonical\" href=\"https:\/\/skaitytaknyga.lt\/en\/produktas\/j-altucher-pasirink-save-pageltes-virsus-2\/\" \/>\n<meta property=\"og:locale\" content=\"en_GB\" \/>\n<meta property=\"og:locale:alternate\" content=\"lt_LT\" \/>\n<meta property=\"og:type\" content=\"article\" \/>\n<meta property=\"og:title\" content=\"J. Altucher \u201ePasirink save\u201c (pagelt\u0119s vir\u0161us) - Skaitytaknyga\" \/>\n<meta property=\"og:description\" content=\"Pasaulis kei\u010diasi. Geras i\u0161silavinimas ir darbo patirtis negarantuoja, kad sulauksite pensijos savo kompanijoje. Pramon\u0117s \u0161akos nyksta, darbo vietos naikinamos, socialiniai modeliai \u017elunga. Visose valstyb\u0117se nyksta vidurin\u0117 klas\u0117. Gali b\u016bti tikras d\u0117l viena: niekas neateis tav\u0119s pasamdyti, investuoti \u012f tavo kompanij\u0105, nepasirinks tav\u0119s, nepasi\u016blys norim\u0173 pareig\u0173. Tik pats gali priimti svarbiausi\u0105 sprendim\u0105 gyvenime \u2013 pasirinkti save!  Tai ne tu\u0161ti \u017eod\u017eiai, o asmenine ir daugyb\u0117s turting\u0173 \u017emoni\u0173 patirtimi pagr\u012fstas tvirtinimas. Jamesas Altucheris (g. 1968 m.) yra visapusi\u0161kai s\u0117kmingas \u017emogus: nepaprastai protingas \u0161achmat\u0173 didmeistris, nuo nulio prad\u0117j\u0119s, i\u0161vyst\u0119s ir brangiai pardav\u0119s ne vien\u0105 de\u0161imt\u012f versl\u0173, tinklara\u0161tininkas su 15 milijon\u0173 skaitytoj\u0173, para\u0161\u0119s 17 knyg\u0173, kurios tapo bestseleriais (Pasirink save yra vienuoliktoji), graibstomas lektorius, galintis daugyb\u0119 garsenybi\u0173 vadinti draugais. Ta\u010diau jo biografijoje yra ne vienas bankrotas, skyrybos, darbo praradimas, priklausomyb\u0117s ir depresija. Vidutinybe save vadinan\u010dio J. Altucherio patarimai skirti ne kam kitam, o tokiam pat vidutinybei, kuris pri\u0117jo akligatv\u012f ir nebemato prasm\u0117s gyventi.\" \/>\n<meta property=\"og:url\" content=\"https:\/\/skaitytaknyga.lt\/en\/produktas\/j-altucher-pasirink-save-pageltes-virsus-2\/\" \/>\n<meta property=\"og:site_name\" content=\"Skaitytaknyga\" \/>\n<meta property=\"article:publisher\" content=\"https:\/\/www.facebook.com\/skaitytaknyga\/\" \/>\n<meta property=\"article:modified_time\" content=\"2024-05-04T14:32:50+00:00\" \/>\n<meta property=\"og:image\" content=\"https:\/\/skaitytaknyga.lt\/wp-content\/uploads\/2024\/04\/000000000002164785-59de84c8dc136-asset-knyguklubas-cdb_9786094039133_p1-1.jpg\" \/>\n\t<meta property=\"og:image:width\" content=\"285\" \/>\n\t<meta property=\"og:image:height\" content=\"422\" \/>\n\t<meta property=\"og:image:type\" content=\"image\/jpeg\" \/>\n<meta name=\"twitter:card\" content=\"summary_large_image\" \/>\n<meta name=\"twitter:label1\" content=\"Estimated reading time\" \/>\n\t<meta name=\"twitter:data1\" content=\"1 minute\" \/>\n<script type=\"application\/ld+json\" class=\"yoast-schema-graph\">{\"@context\":\"https:\\\/\\\/schema.org\",\"@graph\":[{\"@type\":\"WebPage\",\"@id\":\"https:\\\/\\\/skaitytaknyga.lt\\\/produktas\\\/j-altucher-pasirink-save-pageltes-virsus-2\\\/\",\"url\":\"https:\\\/\\\/skaitytaknyga.lt\\\/produktas\\\/j-altucher-pasirink-save-pageltes-virsus-2\\\/\",\"name\":\"J. Altucher \u201ePasirink save\u201c (pagelt\u0119s vir\u0161us) - Skaitytaknyga\",\"isPartOf\":{\"@id\":\"https:\\\/\\\/skaitytaknyga.lt\\\/#website\"},\"primaryImageOfPage\":{\"@id\":\"https:\\\/\\\/skaitytaknyga.lt\\\/produktas\\\/j-altucher-pasirink-save-pageltes-virsus-2\\\/#primaryimage\"},\"image\":{\"@id\":\"https:\\\/\\\/skaitytaknyga.lt\\\/produktas\\\/j-altucher-pasirink-save-pageltes-virsus-2\\\/#primaryimage\"},\"thumbnailUrl\":\"https:\\\/\\\/skaitytaknyga.lt\\\/wp-content\\\/uploads\\\/2024\\\/04\\\/000000000002164785-59de84c8dc136-asset-knyguklubas-cdb_9786094039133_p1-1.jpg\",\"datePublished\":\"2024-05-04T14:32:37+00:00\",\"dateModified\":\"2024-05-04T14:32:50+00:00\",\"description\":\"Pasaulis kei\u010diasi. Geras i\u0161silavinimas ir darbo patirtis negarantuoja, kad sulauksite pensijos savo kompanijoje. Pramon\u0117s \u0161akos nyksta, darbo vietos naikinamos, socialiniai modeliai \u017elunga. Visose valstyb\u0117se nyksta vidurin\u0117 klas\u0117. Gali b\u016bti tikras d\u0117l viena: niekas neateis tav\u0119s pasamdyti, investuoti \u012f tavo kompanij\u0105, nepasirinks tav\u0119s, nepasi\u016blys norim\u0173 pareig\u0173. Tik pats gali priimti svarbiausi\u0105 sprendim\u0105 gyvenime \u2013 pasirinkti save! Tai ne tu\u0161ti \u017eod\u017eiai, o asmenine ir daugyb\u0117s turting\u0173 \u017emoni\u0173 patirtimi pagr\u012fstas tvirtinimas. Jamesas Altucheris (g. 1968 m.) yra visapusi\u0161kai s\u0117kmingas \u017emogus: nepaprastai protingas \u0161achmat\u0173 didmeistris, nuo nulio prad\u0117j\u0119s, i\u0161vyst\u0119s ir brangiai pardav\u0119s ne vien\u0105 de\u0161imt\u012f versl\u0173, tinklara\u0161tininkas su 15 milijon\u0173 skaitytoj\u0173, para\u0161\u0119s 17 knyg\u0173, kurios tapo bestseleriais (Pasirink save yra vienuoliktoji), graibstomas lektorius, galintis daugyb\u0119 garsenybi\u0173 vadinti draugais. Ta\u010diau jo biografijoje yra ne vienas bankrotas, skyrybos, darbo praradimas, priklausomyb\u0117s ir depresija. Vidutinybe save vadinan\u010dio J. Altucherio patarimai skirti ne kam kitam, o tokiam pat vidutinybei, kuris pri\u0117jo akligatv\u012f ir nebemato prasm\u0117s gyventi.\",\"breadcrumb\":{\"@id\":\"https:\\\/\\\/skaitytaknyga.lt\\\/produktas\\\/j-altucher-pasirink-save-pageltes-virsus-2\\\/#breadcrumb\"},\"inLanguage\":\"en-GB\",\"potentialAction\":[{\"@type\":\"ReadAction\",\"target\":[\"https:\\\/\\\/skaitytaknyga.lt\\\/produktas\\\/j-altucher-pasirink-save-pageltes-virsus-2\\\/\"]}]},{\"@type\":\"ImageObject\",\"inLanguage\":\"en-GB\",\"@id\":\"https:\\\/\\\/skaitytaknyga.lt\\\/produktas\\\/j-altucher-pasirink-save-pageltes-virsus-2\\\/#primaryimage\",\"url\":\"https:\\\/\\\/skaitytaknyga.lt\\\/wp-content\\\/uploads\\\/2024\\\/04\\\/000000000002164785-59de84c8dc136-asset-knyguklubas-cdb_9786094039133_p1-1.jpg\",\"contentUrl\":\"https:\\\/\\\/skaitytaknyga.lt\\\/wp-content\\\/uploads\\\/2024\\\/04\\\/000000000002164785-59de84c8dc136-asset-knyguklubas-cdb_9786094039133_p1-1.jpg\",\"width\":285,\"height\":422,\"caption\":\"000000000002164785 59de84c8dc136 asset knyguklubas cdb 9786094039133 p1 1\"},{\"@type\":\"BreadcrumbList\",\"@id\":\"https:\\\/\\\/skaitytaknyga.lt\\\/produktas\\\/j-altucher-pasirink-save-pageltes-virsus-2\\\/#breadcrumb\",\"itemListElement\":[{\"@type\":\"ListItem\",\"position\":1,\"name\":\"Home\",\"item\":\"https:\\\/\\\/skaitytaknyga.lt\\\/\"},{\"@type\":\"ListItem\",\"position\":2,\"name\":\"Parduotuv\u0117\",\"item\":\"https:\\\/\\\/skaitytaknyga.lt\\\/knygu-parduotuve\\\/\"},{\"@type\":\"ListItem\",\"position\":3,\"name\":\"J. Altucher \u201ePasirink save\u201c (pagelt\u0119s vir\u0161us)\"}]},{\"@type\":\"WebSite\",\"@id\":\"https:\\\/\\\/skaitytaknyga.lt\\\/#website\",\"url\":\"https:\\\/\\\/skaitytaknyga.lt\\\/\",\"name\":\"skaitytaknyga.lt\",\"description\":\"Skaitytaknyga.lt \u2013 tai ma\u017eas \u0161eimos verslas, kuris prasid\u0117jo nuo meil\u0117s knygoms ir siekio i\u0161gelb\u0117ti knygas nuo likimo prie konteinerio. Kas vienam nereikalingas daiktas \u2013 kitam lobis, o mes esame tarpininkai, kurie padeda abiems tapti laimingesniems ???? \u017dinome kaip nelengva i\u0161gyventi ma\u017eiems verslams, tad nuo \u0161iol, \u010dia rasite ir kit\u0173, ma\u017e\u0173 \u0161eim\u0173 versl\u0173, rank\u0173 darbo, dovan\u0173 sau ir artimiesiems.\",\"publisher\":{\"@id\":\"https:\\\/\\\/skaitytaknyga.lt\\\/#organization\"},\"potentialAction\":[{\"@type\":\"SearchAction\",\"target\":{\"@type\":\"EntryPoint\",\"urlTemplate\":\"https:\\\/\\\/skaitytaknyga.lt\\\/?s={search_term_string}\"},\"query-input\":{\"@type\":\"PropertyValueSpecification\",\"valueRequired\":true,\"valueName\":\"search_term_string\"}}],\"inLanguage\":\"en-GB\"},{\"@type\":\"Organization\",\"@id\":\"https:\\\/\\\/skaitytaknyga.lt\\\/#organization\",\"name\":\"skaitytaknyga.lt\",\"url\":\"https:\\\/\\\/skaitytaknyga.lt\\\/\",\"logo\":{\"@type\":\"ImageObject\",\"inLanguage\":\"en-GB\",\"@id\":\"https:\\\/\\\/skaitytaknyga.lt\\\/#\\\/schema\\\/logo\\\/image\\\/\",\"url\":\"https:\\\/\\\/skaitytaknyga.lt\\\/wp-content\\\/uploads\\\/2024\\\/05\\\/cropped-cropped-cropped-02_00843_jt3bggkj1j3HLc7SyY6rEUpg.jpeg\",\"contentUrl\":\"https:\\\/\\\/skaitytaknyga.lt\\\/wp-content\\\/uploads\\\/2024\\\/05\\\/cropped-cropped-cropped-02_00843_jt3bggkj1j3HLc7SyY6rEUpg.jpeg\",\"width\":1600,\"height\":1600,\"caption\":\"skaitytaknyga.lt\"},\"image\":{\"@id\":\"https:\\\/\\\/skaitytaknyga.lt\\\/#\\\/schema\\\/logo\\\/image\\\/\"},\"sameAs\":[\"https:\\\/\\\/www.facebook.com\\\/skaitytaknyga\\\/\"]}]}<\/script>\n<!-- \/ Yoast SEO plugin. -->","yoast_head_json":{"title":"J. Altucher \u201ePasirink save\u201c (pagelt\u0119s vir\u0161us) - Skaitytaknyga","description":"Pasaulis kei\u010diasi. Geras i\u0161silavinimas ir darbo patirtis negarantuoja, kad sulauksite pensijos savo kompanijoje. Pramon\u0117s \u0161akos nyksta, darbo vietos naikinamos, socialiniai modeliai \u017elunga. Visose valstyb\u0117se nyksta vidurin\u0117 klas\u0117. Gali b\u016bti tikras d\u0117l viena: niekas neateis tav\u0119s pasamdyti, investuoti \u012f tavo kompanij\u0105, nepasirinks tav\u0119s, nepasi\u016blys norim\u0173 pareig\u0173. Tik pats gali priimti svarbiausi\u0105 sprendim\u0105 gyvenime \u2013 pasirinkti save!  Tai ne tu\u0161ti \u017eod\u017eiai, o asmenine ir daugyb\u0117s turting\u0173 \u017emoni\u0173 patirtimi pagr\u012fstas tvirtinimas. Jamesas Altucheris (g. 1968 m.) yra visapusi\u0161kai s\u0117kmingas \u017emogus: nepaprastai protingas \u0161achmat\u0173 didmeistris, nuo nulio prad\u0117j\u0119s, i\u0161vyst\u0119s ir brangiai pardav\u0119s ne vien\u0105 de\u0161imt\u012f versl\u0173, tinklara\u0161tininkas su 15 milijon\u0173 skaitytoj\u0173, para\u0161\u0119s 17 knyg\u0173, kurios tapo bestseleriais (Pasirink save yra vienuoliktoji), graibstomas lektorius, galintis daugyb\u0119 garsenybi\u0173 vadinti draugais. Ta\u010diau jo biografijoje yra ne vienas bankrotas, skyrybos, darbo praradimas, priklausomyb\u0117s ir depresija. Vidutinybe save vadinan\u010dio J. Altucherio patarimai skirti ne kam kitam, o tokiam pat vidutinybei, kuris pri\u0117jo akligatv\u012f ir nebemato prasm\u0117s gyventi.","robots":{"index":"index","follow":"follow","max-snippet":"max-snippet:-1","max-image-preview":"max-image-preview:large","max-video-preview":"max-video-preview:-1"},"canonical":"https:\/\/skaitytaknyga.lt\/en\/produktas\/j-altucher-pasirink-save-pageltes-virsus-2\/","og_locale":"en_GB","og_type":"article","og_title":"J. Altucher \u201ePasirink save\u201c (pagelt\u0119s vir\u0161us) - Skaitytaknyga","og_description":"Pasaulis kei\u010diasi. Geras i\u0161silavinimas ir darbo patirtis negarantuoja, kad sulauksite pensijos savo kompanijoje. Pramon\u0117s \u0161akos nyksta, darbo vietos naikinamos, socialiniai modeliai \u017elunga. Visose valstyb\u0117se nyksta vidurin\u0117 klas\u0117. Gali b\u016bti tikras d\u0117l viena: niekas neateis tav\u0119s pasamdyti, investuoti \u012f tavo kompanij\u0105, nepasirinks tav\u0119s, nepasi\u016blys norim\u0173 pareig\u0173. Tik pats gali priimti svarbiausi\u0105 sprendim\u0105 gyvenime \u2013 pasirinkti save!  Tai ne tu\u0161ti \u017eod\u017eiai, o asmenine ir daugyb\u0117s turting\u0173 \u017emoni\u0173 patirtimi pagr\u012fstas tvirtinimas. Jamesas Altucheris (g. 1968 m.) yra visapusi\u0161kai s\u0117kmingas \u017emogus: nepaprastai protingas \u0161achmat\u0173 didmeistris, nuo nulio prad\u0117j\u0119s, i\u0161vyst\u0119s ir brangiai pardav\u0119s ne vien\u0105 de\u0161imt\u012f versl\u0173, tinklara\u0161tininkas su 15 milijon\u0173 skaitytoj\u0173, para\u0161\u0119s 17 knyg\u0173, kurios tapo bestseleriais (Pasirink save yra vienuoliktoji), graibstomas lektorius, galintis daugyb\u0119 garsenybi\u0173 vadinti draugais. Ta\u010diau jo biografijoje yra ne vienas bankrotas, skyrybos, darbo praradimas, priklausomyb\u0117s ir depresija. Vidutinybe save vadinan\u010dio J. Altucherio patarimai skirti ne kam kitam, o tokiam pat vidutinybei, kuris pri\u0117jo akligatv\u012f ir nebemato prasm\u0117s gyventi.","og_url":"https:\/\/skaitytaknyga.lt\/en\/produktas\/j-altucher-pasirink-save-pageltes-virsus-2\/","og_site_name":"Skaitytaknyga","article_publisher":"https:\/\/www.facebook.com\/skaitytaknyga\/","article_modified_time":"2024-05-04T14:32:50+00:00","og_image":[{"width":285,"height":422,"url":"https:\/\/skaitytaknyga.lt\/wp-content\/uploads\/2024\/04\/000000000002164785-59de84c8dc136-asset-knyguklubas-cdb_9786094039133_p1-1.jpg","type":"image\/jpeg"}],"twitter_card":"summary_large_image","twitter_misc":{"Estimated reading time":"1 minute"},"schema":{"@context":"https:\/\/schema.org","@graph":[{"@type":"WebPage","@id":"https:\/\/skaitytaknyga.lt\/produktas\/j-altucher-pasirink-save-pageltes-virsus-2\/","url":"https:\/\/skaitytaknyga.lt\/produktas\/j-altucher-pasirink-save-pageltes-virsus-2\/","name":"J. Altucher \u201ePasirink save\u201c (pagelt\u0119s vir\u0161us) - Skaitytaknyga","isPartOf":{"@id":"https:\/\/skaitytaknyga.lt\/#website"},"primaryImageOfPage":{"@id":"https:\/\/skaitytaknyga.lt\/produktas\/j-altucher-pasirink-save-pageltes-virsus-2\/#primaryimage"},"image":{"@id":"https:\/\/skaitytaknyga.lt\/produktas\/j-altucher-pasirink-save-pageltes-virsus-2\/#primaryimage"},"thumbnailUrl":"https:\/\/skaitytaknyga.lt\/wp-content\/uploads\/2024\/04\/000000000002164785-59de84c8dc136-asset-knyguklubas-cdb_9786094039133_p1-1.jpg","datePublished":"2024-05-04T14:32:37+00:00","dateModified":"2024-05-04T14:32:50+00:00","description":"Pasaulis kei\u010diasi. Geras i\u0161silavinimas ir darbo patirtis negarantuoja, kad sulauksite pensijos savo kompanijoje. Pramon\u0117s \u0161akos nyksta, darbo vietos naikinamos, socialiniai modeliai \u017elunga. Visose valstyb\u0117se nyksta vidurin\u0117 klas\u0117. Gali b\u016bti tikras d\u0117l viena: niekas neateis tav\u0119s pasamdyti, investuoti \u012f tavo kompanij\u0105, nepasirinks tav\u0119s, nepasi\u016blys norim\u0173 pareig\u0173. Tik pats gali priimti svarbiausi\u0105 sprendim\u0105 gyvenime \u2013 pasirinkti save! Tai ne tu\u0161ti \u017eod\u017eiai, o asmenine ir daugyb\u0117s turting\u0173 \u017emoni\u0173 patirtimi pagr\u012fstas tvirtinimas. Jamesas Altucheris (g. 1968 m.) yra visapusi\u0161kai s\u0117kmingas \u017emogus: nepaprastai protingas \u0161achmat\u0173 didmeistris, nuo nulio prad\u0117j\u0119s, i\u0161vyst\u0119s ir brangiai pardav\u0119s ne vien\u0105 de\u0161imt\u012f versl\u0173, tinklara\u0161tininkas su 15 milijon\u0173 skaitytoj\u0173, para\u0161\u0119s 17 knyg\u0173, kurios tapo bestseleriais (Pasirink save yra vienuoliktoji), graibstomas lektorius, galintis daugyb\u0119 garsenybi\u0173 vadinti draugais. Ta\u010diau jo biografijoje yra ne vienas bankrotas, skyrybos, darbo praradimas, priklausomyb\u0117s ir depresija. Vidutinybe save vadinan\u010dio J. Altucherio patarimai skirti ne kam kitam, o tokiam pat vidutinybei, kuris pri\u0117jo akligatv\u012f ir nebemato prasm\u0117s gyventi.","breadcrumb":{"@id":"https:\/\/skaitytaknyga.lt\/produktas\/j-altucher-pasirink-save-pageltes-virsus-2\/#breadcrumb"},"inLanguage":"en-GB","potentialAction":[{"@type":"ReadAction","target":["https:\/\/skaitytaknyga.lt\/produktas\/j-altucher-pasirink-save-pageltes-virsus-2\/"]}]},{"@type":"ImageObject","inLanguage":"en-GB","@id":"https:\/\/skaitytaknyga.lt\/produktas\/j-altucher-pasirink-save-pageltes-virsus-2\/#primaryimage","url":"https:\/\/skaitytaknyga.lt\/wp-content\/uploads\/2024\/04\/000000000002164785-59de84c8dc136-asset-knyguklubas-cdb_9786094039133_p1-1.jpg","contentUrl":"https:\/\/skaitytaknyga.lt\/wp-content\/uploads\/2024\/04\/000000000002164785-59de84c8dc136-asset-knyguklubas-cdb_9786094039133_p1-1.jpg","width":285,"height":422,"caption":"000000000002164785 59de84c8dc136 asset knyguklubas cdb 9786094039133 p1 1"},{"@type":"BreadcrumbList","@id":"https:\/\/skaitytaknyga.lt\/produktas\/j-altucher-pasirink-save-pageltes-virsus-2\/#breadcrumb","itemListElement":[{"@type":"ListItem","position":1,"name":"Home","item":"https:\/\/skaitytaknyga.lt\/"},{"@type":"ListItem","position":2,"name":"Parduotuv\u0117","item":"https:\/\/skaitytaknyga.lt\/knygu-parduotuve\/"},{"@type":"ListItem","position":3,"name":"J. Altucher \u201ePasirink save\u201c (pagelt\u0119s vir\u0161us)"}]},{"@type":"WebSite","@id":"https:\/\/skaitytaknyga.lt\/#website","url":"https:\/\/skaitytaknyga.lt\/","name":"skaitytaknyga.lt","description":"Skaitytaknyga.lt \u2013 tai ma\u017eas \u0161eimos verslas, kuris prasid\u0117jo nuo meil\u0117s knygoms ir siekio i\u0161gelb\u0117ti knygas nuo likimo prie konteinerio. Kas vienam nereikalingas daiktas \u2013 kitam lobis, o mes esame tarpininkai, kurie padeda abiems tapti laimingesniems ???? \u017dinome kaip nelengva i\u0161gyventi ma\u017eiems verslams, tad nuo \u0161iol, \u010dia rasite ir kit\u0173, ma\u017e\u0173 \u0161eim\u0173 versl\u0173, rank\u0173 darbo, dovan\u0173 sau ir artimiesiems.","publisher":{"@id":"https:\/\/skaitytaknyga.lt\/#organization"},"potentialAction":[{"@type":"SearchAction","target":{"@type":"EntryPoint","urlTemplate":"https:\/\/skaitytaknyga.lt\/?s={search_term_string}"},"query-input":{"@type":"PropertyValueSpecification","valueRequired":true,"valueName":"search_term_string"}}],"inLanguage":"en-GB"},{"@type":"Organization","@id":"https:\/\/skaitytaknyga.lt\/#organization","name":"skaitytaknyga.lt","url":"https:\/\/skaitytaknyga.lt\/","logo":{"@type":"ImageObject","inLanguage":"en-GB","@id":"https:\/\/skaitytaknyga.lt\/#\/schema\/logo\/image\/","url":"https:\/\/skaitytaknyga.lt\/wp-content\/uploads\/2024\/05\/cropped-cropped-cropped-02_00843_jt3bggkj1j3HLc7SyY6rEUpg.jpeg","contentUrl":"https:\/\/skaitytaknyga.lt\/wp-content\/uploads\/2024\/05\/cropped-cropped-cropped-02_00843_jt3bggkj1j3HLc7SyY6rEUpg.jpeg","width":1600,"height":1600,"caption":"skaitytaknyga.lt"},"image":{"@id":"https:\/\/skaitytaknyga.lt\/#\/schema\/logo\/image\/"},"sameAs":["https:\/\/www.facebook.com\/skaitytaknyga\/"]}]}},"_links":{"self":[{"href":"https:\/\/skaitytaknyga.lt\/en\/wp-json\/wp\/v2\/product\/7621","targetHints":{"allow":["GET"]}}],"collection":[{"href":"https:\/\/skaitytaknyga.lt\/en\/wp-json\/wp\/v2\/product"}],"about":[{"href":"https:\/\/skaitytaknyga.lt\/en\/wp-json\/wp\/v2\/types\/product"}],"replies":[{"embeddable":true,"href":"https:\/\/skaitytaknyga.lt\/en\/wp-json\/wp\/v2\/comments?post=7621"}],"wp:featuredmedia":[{"embeddable":true,"href":"https:\/\/skaitytaknyga.lt\/en\/wp-json\/wp\/v2\/media\/2927"}],"wp:attachment":[{"href":"https:\/\/skaitytaknyga.lt\/en\/wp-json\/wp\/v2\/media?parent=7621"}],"wp:term":[{"taxonomy":"product_brand","embeddable":true,"href":"https:\/\/skaitytaknyga.lt\/en\/wp-json\/wp\/v2\/product_brand?post=7621"},{"taxonomy":"product_cat","embeddable":true,"href":"https:\/\/skaitytaknyga.lt\/en\/wp-json\/wp\/v2\/product_cat?post=7621"},{"taxonomy":"product_tag","embeddable":true,"href":"https:\/\/skaitytaknyga.lt\/en\/wp-json\/wp\/v2\/product_tag?post=7621"}],"curies":[{"name":"wp","href":"https:\/\/api.w.org\/{rel}","templated":true}]}}