{"id":7615,"date":"2024-05-04T14:32:16","date_gmt":"2024-05-04T14:32:16","guid":{"rendered":"https:\/\/skaitytaknyga.lt\/?post_type=product&#038;p=7615"},"modified":"2024-05-04T14:32:44","modified_gmt":"2024-05-04T14:32:44","slug":"j-c-larreche-impulso-efektas-veiksmingo-augimo-paslaptys-2","status":"publish","type":"product","link":"https:\/\/skaitytaknyga.lt\/en\/produktas\/j-c-larreche-impulso-efektas-veiksmingo-augimo-paslaptys-2\/","title":{"rendered":"J. C. Larreche \u201eImpulso efektas. Veiksmingo augimo paslaptys&#8221;"},"content":{"rendered":"<p>Knygoje\u00a0\u201eImpulso efektas&#8221;\u00a0atskleid\u017eiama \u0161i\u0173 i\u0161skirtinai s\u0117kmingai dirban\u010di\u0173 bendrovi\u0173 paslaptis. Autorius si\u016blo suman\u0173 b\u016bd\u0105, pad\u0117siant\u012f u\u017etikrinti i\u0161skirtin\u0119 j\u016bs\u0173 verslo pl\u0117tr\u0105. \u0160ioje naujovi\u0161koje knygoje apra\u0161ytas ai\u0161kus procesas, susidedantis i\u0161 a\u0161tuoni\u0173 etap\u0173, leisiantis metodi\u0161kai sukurti impuls\u0105.Tai pavyks kiekvienai \u012fmonei, nesvarbu, kokiame \u016bkio sektoriuje ir kokiomis s\u0105lygomis ji dirba. Kai kurie verslo vadovai mano, kad tereikia sulaukti tinkamos bangos. Ta\u010diau tai n\u0117ra sumani\u0173 lyderi\u0173 po\u017ei\u016bris. Nuovokiems vadovams \u0161is po\u017ei\u016bris atrodo pernelyg pasyvus. I\u0161mintingi lyderiai patys aktyviai \u012fsi\u016bbuoja bang\u0105 ir su\u017eadina verslo augim\u0105, kurio nepaj\u0117gia sustabdyti jokios kli\u016btys. Pasikinkiusi \u012f\u017eiebt\u0105j\u012f impuls\u0105 ir paskatinusi i\u0161skirtin\u0119 verslo pl\u0117tr\u0105, j\u0173 valdoma \u012fmon\u0117 \u017eaibo grei\u010diu nutolsta nuo buvusi\u0173 konkuren\u010di\u0173.<\/p>\n","protected":false},"excerpt":{"rendered":"<p>Knygoje\u00a0\u201eImpulso efektas&#8221;\u00a0atskleid\u017eiama \u0161i\u0173 i\u0161skirtinai s\u0117kmingai dirban\u010di\u0173 bendrovi\u0173 paslaptis. Autorius si\u016blo suman\u0173 b\u016bd\u0105, pad\u0117siant\u012f u\u017etikrinti i\u0161skirtin\u0119 j\u016bs\u0173 verslo pl\u0117tr\u0105. \u0160ioje naujovi\u0161koje knygoje apra\u0161ytas ai\u0161kus procesas, susidedantis i\u0161 a\u0161tuoni\u0173 etap\u0173, leisiantis metodi\u0161kai sukurti impuls\u0105.Tai pavyks kiekvienai \u012fmonei, nesvarbu, kokiame \u016bkio sektoriuje ir kokiomis s\u0105lygomis ji dirba. Kai kurie verslo vadovai mano, kad tereikia sulaukti tinkamos bangos. Ta\u010diau tai n\u0117ra sumani\u0173 lyderi\u0173 po\u017ei\u016bris. Nuovokiems vadovams \u0161is po\u017ei\u016bris atrodo pernelyg pasyvus. I\u0161mintingi lyderiai patys aktyviai \u012fsi\u016bbuoja bang\u0105 ir su\u017eadina verslo augim\u0105, kurio nepaj\u0117gia sustabdyti jokios kli\u016btys. Pasikinkiusi \u012f\u017eiebt\u0105j\u012f impuls\u0105 ir paskatinusi i\u0161skirtin\u0119 verslo pl\u0117tr\u0105, j\u0173 valdoma \u012fmon\u0117 \u017eaibo grei\u010diu nutolsta nuo buvusi\u0173 konkuren\u010di\u0173.<\/p>\n","protected":false},"featured_media":2908,"comment_status":"closed","ping_status":"closed","template":"","meta":{"_acf_changed":false,"site-sidebar-layout":"default","site-content-layout":"","ast-site-content-layout":"default","site-content-style":"default","site-sidebar-style":"default","ast-global-header-display":"","ast-banner-title-visibility":"","ast-main-header-display":"","ast-hfb-above-header-display":"","ast-hfb-below-header-display":"","ast-hfb-mobile-header-display":"","site-post-title":"","ast-breadcrumbs-content":"","ast-featured-img":"","footer-sml-layout":"","ast-disable-related-posts":"","theme-transparent-header-meta":"","adv-header-id-meta":"","stick-header-meta":"","header-above-stick-meta":"","header-main-stick-meta":"","header-below-stick-meta":"","astra-migrate-meta-layouts":"default","ast-page-background-enabled":"default","ast-page-background-meta":{"desktop":{"background-color":"","background-image":"","background-repeat":"repeat","background-position":"center center","background-size":"auto","background-attachment":"scroll","background-type":"","background-media":"","overlay-type":"","overlay-color":"","overlay-opacity":"","overlay-gradient":""},"tablet":{"background-color":"","background-image":"","background-repeat":"repeat","background-position":"center center","background-size":"auto","background-attachment":"scroll","background-type":"","background-media":"","overlay-type":"","overlay-color":"","overlay-opacity":"","overlay-gradient":""},"mobile":{"background-color":"","background-image":"","background-repeat":"repeat","background-position":"center center","background-size":"auto","background-attachment":"scroll","background-type":"","background-media":"","overlay-type":"","overlay-color":"","overlay-opacity":"","overlay-gradient":""}},"ast-content-background-meta":{"desktop":{"background-color":"var(--ast-global-color-4)","background-image":"","background-repeat":"repeat","background-position":"center center","background-size":"auto","background-attachment":"scroll","background-type":"","background-media":"","overlay-type":"","overlay-color":"","overlay-opacity":"","overlay-gradient":""},"tablet":{"background-color":"var(--ast-global-color-4)","background-image":"","background-repeat":"repeat","background-position":"center center","background-size":"auto","background-attachment":"scroll","background-type":"","background-media":"","overlay-type":"","overlay-color":"","overlay-opacity":"","overlay-gradient":""},"mobile":{"background-color":"var(--ast-global-color-4)","background-image":"","background-repeat":"repeat","background-position":"center center","background-size":"auto","background-attachment":"scroll","background-type":"","background-media":"","overlay-type":"","overlay-color":"","overlay-opacity":"","overlay-gradient":""}}},"product_brand":[],"product_cat":[26],"product_tag":[],"class_list":{"0":"post-7615","1":"product","2":"type-product","3":"status-publish","4":"has-post-thumbnail","6":"product_cat-verslas-vadyba-ir-finansai","7":"desktop-align-left","8":"tablet-align-left","9":"mobile-align-left","11":"first","12":"instock","13":"shipping-taxable","14":"purchasable","15":"product-type-simple"},"acf":[],"yoast_head":"<!-- This site is optimized with the Yoast SEO plugin v27.4 - https:\/\/yoast.com\/product\/yoast-seo-wordpress\/ -->\n<title>J. C. Larreche \u201eImpulso efektas. Veiksmingo augimo paslaptys&quot; - Skaitytaknyga<\/title>\n<meta name=\"description\" content=\"Knygoje\u00a0\u201eImpulso efektas&quot;\u00a0atskleid\u017eiama \u0161i\u0173 i\u0161skirtinai s\u0117kmingai dirban\u010di\u0173 bendrovi\u0173 paslaptis. Autorius si\u016blo suman\u0173 b\u016bd\u0105, pad\u0117siant\u012f u\u017etikrinti\" \/>\n<meta name=\"robots\" content=\"index, follow, max-snippet:-1, max-image-preview:large, max-video-preview:-1\" \/>\n<link rel=\"canonical\" href=\"https:\/\/skaitytaknyga.lt\/en\/produktas\/j-c-larreche-impulso-efektas-veiksmingo-augimo-paslaptys-2\/\" \/>\n<meta property=\"og:locale\" content=\"en_GB\" \/>\n<meta property=\"og:locale:alternate\" content=\"lt_LT\" \/>\n<meta property=\"og:type\" content=\"article\" \/>\n<meta property=\"og:title\" content=\"J. C. Larreche \u201eImpulso efektas. Veiksmingo augimo paslaptys&quot; - Skaitytaknyga\" \/>\n<meta property=\"og:description\" content=\"Knygoje\u00a0\u201eImpulso efektas&quot;\u00a0atskleid\u017eiama \u0161i\u0173 i\u0161skirtinai s\u0117kmingai dirban\u010di\u0173 bendrovi\u0173 paslaptis. Autorius si\u016blo suman\u0173 b\u016bd\u0105, pad\u0117siant\u012f u\u017etikrinti\" \/>\n<meta property=\"og:url\" content=\"https:\/\/skaitytaknyga.lt\/en\/produktas\/j-c-larreche-impulso-efektas-veiksmingo-augimo-paslaptys-2\/\" \/>\n<meta property=\"og:site_name\" content=\"Skaitytaknyga\" \/>\n<meta property=\"article:publisher\" content=\"https:\/\/www.facebook.com\/skaitytaknyga\/\" \/>\n<meta property=\"article:modified_time\" content=\"2024-05-04T14:32:44+00:00\" \/>\n<meta property=\"og:image\" content=\"https:\/\/skaitytaknyga.lt\/wp-content\/uploads\/2024\/04\/impulsoefektas.jpg\" \/>\n\t<meta property=\"og:image:width\" content=\"306\" \/>\n\t<meta property=\"og:image:height\" content=\"450\" \/>\n\t<meta property=\"og:image:type\" content=\"image\/jpeg\" \/>\n<meta name=\"twitter:card\" content=\"summary_large_image\" \/>\n<meta name=\"twitter:label1\" content=\"Estimated reading time\" \/>\n\t<meta name=\"twitter:data1\" content=\"1 minute\" \/>\n<script type=\"application\/ld+json\" class=\"yoast-schema-graph\">{\"@context\":\"https:\\\/\\\/schema.org\",\"@graph\":[{\"@type\":\"WebPage\",\"@id\":\"https:\\\/\\\/skaitytaknyga.lt\\\/produktas\\\/j-c-larreche-impulso-efektas-veiksmingo-augimo-paslaptys-2\\\/\",\"url\":\"https:\\\/\\\/skaitytaknyga.lt\\\/produktas\\\/j-c-larreche-impulso-efektas-veiksmingo-augimo-paslaptys-2\\\/\",\"name\":\"J. C. Larreche \u201eImpulso efektas. Veiksmingo augimo paslaptys\\\" - Skaitytaknyga\",\"isPartOf\":{\"@id\":\"https:\\\/\\\/skaitytaknyga.lt\\\/#website\"},\"primaryImageOfPage\":{\"@id\":\"https:\\\/\\\/skaitytaknyga.lt\\\/produktas\\\/j-c-larreche-impulso-efektas-veiksmingo-augimo-paslaptys-2\\\/#primaryimage\"},\"image\":{\"@id\":\"https:\\\/\\\/skaitytaknyga.lt\\\/produktas\\\/j-c-larreche-impulso-efektas-veiksmingo-augimo-paslaptys-2\\\/#primaryimage\"},\"thumbnailUrl\":\"https:\\\/\\\/skaitytaknyga.lt\\\/wp-content\\\/uploads\\\/2024\\\/04\\\/impulsoefektas.jpg\",\"datePublished\":\"2024-05-04T14:32:16+00:00\",\"dateModified\":\"2024-05-04T14:32:44+00:00\",\"description\":\"Knygoje\u00a0\u201eImpulso efektas\\\"\u00a0atskleid\u017eiama \u0161i\u0173 i\u0161skirtinai s\u0117kmingai dirban\u010di\u0173 bendrovi\u0173 paslaptis. Autorius si\u016blo suman\u0173 b\u016bd\u0105, pad\u0117siant\u012f u\u017etikrinti\",\"breadcrumb\":{\"@id\":\"https:\\\/\\\/skaitytaknyga.lt\\\/produktas\\\/j-c-larreche-impulso-efektas-veiksmingo-augimo-paslaptys-2\\\/#breadcrumb\"},\"inLanguage\":\"en-GB\",\"potentialAction\":[{\"@type\":\"ReadAction\",\"target\":[\"https:\\\/\\\/skaitytaknyga.lt\\\/produktas\\\/j-c-larreche-impulso-efektas-veiksmingo-augimo-paslaptys-2\\\/\"]}]},{\"@type\":\"ImageObject\",\"inLanguage\":\"en-GB\",\"@id\":\"https:\\\/\\\/skaitytaknyga.lt\\\/produktas\\\/j-c-larreche-impulso-efektas-veiksmingo-augimo-paslaptys-2\\\/#primaryimage\",\"url\":\"https:\\\/\\\/skaitytaknyga.lt\\\/wp-content\\\/uploads\\\/2024\\\/04\\\/impulsoefektas.jpg\",\"contentUrl\":\"https:\\\/\\\/skaitytaknyga.lt\\\/wp-content\\\/uploads\\\/2024\\\/04\\\/impulsoefektas.jpg\",\"width\":306,\"height\":450,\"caption\":\"impulsoefektas\"},{\"@type\":\"BreadcrumbList\",\"@id\":\"https:\\\/\\\/skaitytaknyga.lt\\\/produktas\\\/j-c-larreche-impulso-efektas-veiksmingo-augimo-paslaptys-2\\\/#breadcrumb\",\"itemListElement\":[{\"@type\":\"ListItem\",\"position\":1,\"name\":\"Home\",\"item\":\"https:\\\/\\\/skaitytaknyga.lt\\\/\"},{\"@type\":\"ListItem\",\"position\":2,\"name\":\"Parduotuv\u0117\",\"item\":\"https:\\\/\\\/skaitytaknyga.lt\\\/knygu-parduotuve\\\/\"},{\"@type\":\"ListItem\",\"position\":3,\"name\":\"J. C. Larreche \u201eImpulso efektas. Veiksmingo augimo paslaptys&#8221;\"}]},{\"@type\":\"WebSite\",\"@id\":\"https:\\\/\\\/skaitytaknyga.lt\\\/#website\",\"url\":\"https:\\\/\\\/skaitytaknyga.lt\\\/\",\"name\":\"skaitytaknyga.lt\",\"description\":\"Skaitytaknyga.lt \u2013 tai ma\u017eas \u0161eimos verslas, kuris prasid\u0117jo nuo meil\u0117s knygoms ir siekio i\u0161gelb\u0117ti knygas nuo likimo prie konteinerio. Kas vienam nereikalingas daiktas \u2013 kitam lobis, o mes esame tarpininkai, kurie padeda abiems tapti laimingesniems ???? \u017dinome kaip nelengva i\u0161gyventi ma\u017eiems verslams, tad nuo \u0161iol, \u010dia rasite ir kit\u0173, ma\u017e\u0173 \u0161eim\u0173 versl\u0173, rank\u0173 darbo, dovan\u0173 sau ir artimiesiems.\",\"publisher\":{\"@id\":\"https:\\\/\\\/skaitytaknyga.lt\\\/#organization\"},\"potentialAction\":[{\"@type\":\"SearchAction\",\"target\":{\"@type\":\"EntryPoint\",\"urlTemplate\":\"https:\\\/\\\/skaitytaknyga.lt\\\/?s={search_term_string}\"},\"query-input\":{\"@type\":\"PropertyValueSpecification\",\"valueRequired\":true,\"valueName\":\"search_term_string\"}}],\"inLanguage\":\"en-GB\"},{\"@type\":\"Organization\",\"@id\":\"https:\\\/\\\/skaitytaknyga.lt\\\/#organization\",\"name\":\"skaitytaknyga.lt\",\"url\":\"https:\\\/\\\/skaitytaknyga.lt\\\/\",\"logo\":{\"@type\":\"ImageObject\",\"inLanguage\":\"en-GB\",\"@id\":\"https:\\\/\\\/skaitytaknyga.lt\\\/#\\\/schema\\\/logo\\\/image\\\/\",\"url\":\"https:\\\/\\\/skaitytaknyga.lt\\\/wp-content\\\/uploads\\\/2024\\\/05\\\/cropped-cropped-cropped-02_00843_jt3bggkj1j3HLc7SyY6rEUpg.jpeg\",\"contentUrl\":\"https:\\\/\\\/skaitytaknyga.lt\\\/wp-content\\\/uploads\\\/2024\\\/05\\\/cropped-cropped-cropped-02_00843_jt3bggkj1j3HLc7SyY6rEUpg.jpeg\",\"width\":1600,\"height\":1600,\"caption\":\"skaitytaknyga.lt\"},\"image\":{\"@id\":\"https:\\\/\\\/skaitytaknyga.lt\\\/#\\\/schema\\\/logo\\\/image\\\/\"},\"sameAs\":[\"https:\\\/\\\/www.facebook.com\\\/skaitytaknyga\\\/\"]}]}<\/script>\n<!-- \/ Yoast SEO plugin. -->","yoast_head_json":{"title":"J. C. Larreche \u201eImpulso efektas. Veiksmingo augimo paslaptys\" - Skaitytaknyga","description":"Knygoje\u00a0\u201eImpulso efektas\"\u00a0atskleid\u017eiama \u0161i\u0173 i\u0161skirtinai s\u0117kmingai dirban\u010di\u0173 bendrovi\u0173 paslaptis. Autorius si\u016blo suman\u0173 b\u016bd\u0105, pad\u0117siant\u012f u\u017etikrinti","robots":{"index":"index","follow":"follow","max-snippet":"max-snippet:-1","max-image-preview":"max-image-preview:large","max-video-preview":"max-video-preview:-1"},"canonical":"https:\/\/skaitytaknyga.lt\/en\/produktas\/j-c-larreche-impulso-efektas-veiksmingo-augimo-paslaptys-2\/","og_locale":"en_GB","og_type":"article","og_title":"J. C. Larreche \u201eImpulso efektas. Veiksmingo augimo paslaptys\" - Skaitytaknyga","og_description":"Knygoje\u00a0\u201eImpulso efektas\"\u00a0atskleid\u017eiama \u0161i\u0173 i\u0161skirtinai s\u0117kmingai dirban\u010di\u0173 bendrovi\u0173 paslaptis. Autorius si\u016blo suman\u0173 b\u016bd\u0105, pad\u0117siant\u012f u\u017etikrinti","og_url":"https:\/\/skaitytaknyga.lt\/en\/produktas\/j-c-larreche-impulso-efektas-veiksmingo-augimo-paslaptys-2\/","og_site_name":"Skaitytaknyga","article_publisher":"https:\/\/www.facebook.com\/skaitytaknyga\/","article_modified_time":"2024-05-04T14:32:44+00:00","og_image":[{"width":306,"height":450,"url":"https:\/\/skaitytaknyga.lt\/wp-content\/uploads\/2024\/04\/impulsoefektas.jpg","type":"image\/jpeg"}],"twitter_card":"summary_large_image","twitter_misc":{"Estimated reading time":"1 minute"},"schema":{"@context":"https:\/\/schema.org","@graph":[{"@type":"WebPage","@id":"https:\/\/skaitytaknyga.lt\/produktas\/j-c-larreche-impulso-efektas-veiksmingo-augimo-paslaptys-2\/","url":"https:\/\/skaitytaknyga.lt\/produktas\/j-c-larreche-impulso-efektas-veiksmingo-augimo-paslaptys-2\/","name":"J. C. Larreche \u201eImpulso efektas. Veiksmingo augimo paslaptys\" - Skaitytaknyga","isPartOf":{"@id":"https:\/\/skaitytaknyga.lt\/#website"},"primaryImageOfPage":{"@id":"https:\/\/skaitytaknyga.lt\/produktas\/j-c-larreche-impulso-efektas-veiksmingo-augimo-paslaptys-2\/#primaryimage"},"image":{"@id":"https:\/\/skaitytaknyga.lt\/produktas\/j-c-larreche-impulso-efektas-veiksmingo-augimo-paslaptys-2\/#primaryimage"},"thumbnailUrl":"https:\/\/skaitytaknyga.lt\/wp-content\/uploads\/2024\/04\/impulsoefektas.jpg","datePublished":"2024-05-04T14:32:16+00:00","dateModified":"2024-05-04T14:32:44+00:00","description":"Knygoje\u00a0\u201eImpulso efektas\"\u00a0atskleid\u017eiama \u0161i\u0173 i\u0161skirtinai s\u0117kmingai dirban\u010di\u0173 bendrovi\u0173 paslaptis. Autorius si\u016blo suman\u0173 b\u016bd\u0105, pad\u0117siant\u012f u\u017etikrinti","breadcrumb":{"@id":"https:\/\/skaitytaknyga.lt\/produktas\/j-c-larreche-impulso-efektas-veiksmingo-augimo-paslaptys-2\/#breadcrumb"},"inLanguage":"en-GB","potentialAction":[{"@type":"ReadAction","target":["https:\/\/skaitytaknyga.lt\/produktas\/j-c-larreche-impulso-efektas-veiksmingo-augimo-paslaptys-2\/"]}]},{"@type":"ImageObject","inLanguage":"en-GB","@id":"https:\/\/skaitytaknyga.lt\/produktas\/j-c-larreche-impulso-efektas-veiksmingo-augimo-paslaptys-2\/#primaryimage","url":"https:\/\/skaitytaknyga.lt\/wp-content\/uploads\/2024\/04\/impulsoefektas.jpg","contentUrl":"https:\/\/skaitytaknyga.lt\/wp-content\/uploads\/2024\/04\/impulsoefektas.jpg","width":306,"height":450,"caption":"impulsoefektas"},{"@type":"BreadcrumbList","@id":"https:\/\/skaitytaknyga.lt\/produktas\/j-c-larreche-impulso-efektas-veiksmingo-augimo-paslaptys-2\/#breadcrumb","itemListElement":[{"@type":"ListItem","position":1,"name":"Home","item":"https:\/\/skaitytaknyga.lt\/"},{"@type":"ListItem","position":2,"name":"Parduotuv\u0117","item":"https:\/\/skaitytaknyga.lt\/knygu-parduotuve\/"},{"@type":"ListItem","position":3,"name":"J. C. Larreche \u201eImpulso efektas. Veiksmingo augimo paslaptys&#8221;"}]},{"@type":"WebSite","@id":"https:\/\/skaitytaknyga.lt\/#website","url":"https:\/\/skaitytaknyga.lt\/","name":"skaitytaknyga.lt","description":"Skaitytaknyga.lt \u2013 tai ma\u017eas \u0161eimos verslas, kuris prasid\u0117jo nuo meil\u0117s knygoms ir siekio i\u0161gelb\u0117ti knygas nuo likimo prie konteinerio. Kas vienam nereikalingas daiktas \u2013 kitam lobis, o mes esame tarpininkai, kurie padeda abiems tapti laimingesniems ???? \u017dinome kaip nelengva i\u0161gyventi ma\u017eiems verslams, tad nuo \u0161iol, \u010dia rasite ir kit\u0173, ma\u017e\u0173 \u0161eim\u0173 versl\u0173, rank\u0173 darbo, dovan\u0173 sau ir artimiesiems.","publisher":{"@id":"https:\/\/skaitytaknyga.lt\/#organization"},"potentialAction":[{"@type":"SearchAction","target":{"@type":"EntryPoint","urlTemplate":"https:\/\/skaitytaknyga.lt\/?s={search_term_string}"},"query-input":{"@type":"PropertyValueSpecification","valueRequired":true,"valueName":"search_term_string"}}],"inLanguage":"en-GB"},{"@type":"Organization","@id":"https:\/\/skaitytaknyga.lt\/#organization","name":"skaitytaknyga.lt","url":"https:\/\/skaitytaknyga.lt\/","logo":{"@type":"ImageObject","inLanguage":"en-GB","@id":"https:\/\/skaitytaknyga.lt\/#\/schema\/logo\/image\/","url":"https:\/\/skaitytaknyga.lt\/wp-content\/uploads\/2024\/05\/cropped-cropped-cropped-02_00843_jt3bggkj1j3HLc7SyY6rEUpg.jpeg","contentUrl":"https:\/\/skaitytaknyga.lt\/wp-content\/uploads\/2024\/05\/cropped-cropped-cropped-02_00843_jt3bggkj1j3HLc7SyY6rEUpg.jpeg","width":1600,"height":1600,"caption":"skaitytaknyga.lt"},"image":{"@id":"https:\/\/skaitytaknyga.lt\/#\/schema\/logo\/image\/"},"sameAs":["https:\/\/www.facebook.com\/skaitytaknyga\/"]}]}},"_links":{"self":[{"href":"https:\/\/skaitytaknyga.lt\/en\/wp-json\/wp\/v2\/product\/7615","targetHints":{"allow":["GET"]}}],"collection":[{"href":"https:\/\/skaitytaknyga.lt\/en\/wp-json\/wp\/v2\/product"}],"about":[{"href":"https:\/\/skaitytaknyga.lt\/en\/wp-json\/wp\/v2\/types\/product"}],"replies":[{"embeddable":true,"href":"https:\/\/skaitytaknyga.lt\/en\/wp-json\/wp\/v2\/comments?post=7615"}],"wp:featuredmedia":[{"embeddable":true,"href":"https:\/\/skaitytaknyga.lt\/en\/wp-json\/wp\/v2\/media\/2908"}],"wp:attachment":[{"href":"https:\/\/skaitytaknyga.lt\/en\/wp-json\/wp\/v2\/media?parent=7615"}],"wp:term":[{"taxonomy":"product_brand","embeddable":true,"href":"https:\/\/skaitytaknyga.lt\/en\/wp-json\/wp\/v2\/product_brand?post=7615"},{"taxonomy":"product_cat","embeddable":true,"href":"https:\/\/skaitytaknyga.lt\/en\/wp-json\/wp\/v2\/product_cat?post=7615"},{"taxonomy":"product_tag","embeddable":true,"href":"https:\/\/skaitytaknyga.lt\/en\/wp-json\/wp\/v2\/product_tag?post=7615"}],"curies":[{"name":"wp","href":"https:\/\/api.w.org\/{rel}","templated":true}]}}