{"id":7611,"date":"2024-05-04T14:32:16","date_gmt":"2024-05-04T14:32:16","guid":{"rendered":"https:\/\/skaitytaknyga.lt\/?post_type=product&#038;p=7611"},"modified":"2024-05-04T14:32:41","modified_gmt":"2024-05-04T14:32:41","slug":"mantas-tvarijonavicius-kaip-igalinti-lietuviu-vadovu-praktiniai-pavyzdziai-2","status":"publish","type":"product","link":"https:\/\/skaitytaknyga.lt\/en\/produktas\/mantas-tvarijonavicius-kaip-igalinti-lietuviu-vadovu-praktiniai-pavyzdziai-2\/","title":{"rendered":"Mantas Tvarijonavi\u010dius \u201eKaip \u012fgalinti: lietuvi\u0173 vadov\u0173 praktiniai pavyzd\u017eiai\u201c"},"content":{"rendered":"<p>\u201eTai knyga apie vien\u0105 did\u017eiausi\u0173 i\u0161\u0161\u016bki\u0173 kiekvieno vadovo darbe \u2013 kaip u\u017edegti savo darbuotojus, paskatinti juos veikti dar daugiau ir geriau. Ji i\u0161siskiria originalia konstrukcija: tyrim\u0173 rezultatai, teoriniai apibendrinimai organi\u0161kai persipina su praktiniais vadovavimo pavyzd\u017eiais, kuriuos pateikia real\u016bs \u012fvardinti vadovai.&#8221;<\/p>\n<p>Dr. Virginijus Lepe\u0161ka, OVC Consulting valdybos pirmininkas ir konsultantas<\/p>\n<p>\u201e\u012edomiai, betarpi\u0161ku stiliumi para\u0161yta knyga ne tik suteikia vertingos informacijos, bet ir motyvuoja vadovus tobul\u0117ti, ie\u0161koti ir i\u0161bandyti \u012fvairias darbuotoj\u0173 psichologinio \u012fgalinimo praktikas.&#8221;<\/p>\n<p>Doc. dr. Dalia Bagd\u017ei\u016bnien\u0117, Vilniaus universitetas<\/p>\n<p>\u201e\u0160i knyga \u2013 puikus koncentratas apie \u012fgalinim\u0105, iliustruotas tyrimais ir m\u016bs\u0173 kult\u016brai pritaikomais praktiniais pavyzd\u017eiais. J\u0105 verta laikyti ant savo darbo stalo \u2012 pritaikom\u0173 id\u0117j\u0173 \u010dia ras tiek pradedantis, tiek jau patyr\u0119s \u012fmon\u0117s ar personalo vadovas.&#8221;<\/p>\n<p>Indr\u0117 Bartulyt\u0117-U\u017eup\u0117, AB SEB bankas, personalo departamento direktor\u0117<\/p>\n","protected":false},"excerpt":{"rendered":"<p>\u201eTai knyga apie vien\u0105 did\u017eiausi\u0173 i\u0161\u0161\u016bki\u0173 kiekvieno vadovo darbe \u2013 kaip u\u017edegti savo darbuotojus, paskatinti juos veikti dar daugiau ir geriau. Ji i\u0161siskiria originalia konstrukcija: tyrim\u0173 rezultatai, teoriniai apibendrinimai organi\u0161kai persipina su praktiniais vadovavimo pavyzd\u017eiais, kuriuos pateikia real\u016bs \u012fvardinti vadovai.&#8221; Dr. Virginijus Lepe\u0161ka, OVC Consulting valdybos pirmininkas ir konsultantas \u201e\u012edomiai, betarpi\u0161ku stiliumi para\u0161yta knyga ne tik suteikia vertingos informacijos, bet ir motyvuoja vadovus tobul\u0117ti, ie\u0161koti ir i\u0161bandyti \u012fvairias darbuotoj\u0173 psichologinio \u012fgalinimo praktikas.&#8221; Doc. dr. Dalia Bagd\u017ei\u016bnien\u0117, Vilniaus universitetas \u201e\u0160i knyga \u2013 puikus koncentratas apie \u012fgalinim\u0105, iliustruotas tyrimais ir m\u016bs\u0173 kult\u016brai pritaikomais praktiniais pavyzd\u017eiais. J\u0105 verta laikyti ant savo darbo stalo \u2012 pritaikom\u0173 id\u0117j\u0173 \u010dia ras tiek pradedantis, tiek jau patyr\u0119s \u012fmon\u0117s ar personalo vadovas.&#8221; Indr\u0117 Bartulyt\u0117-U\u017eup\u0117, AB SEB bankas, personalo departamento direktor\u0117<\/p>\n","protected":false},"featured_media":2904,"comment_status":"closed","ping_status":"closed","template":"","meta":{"_acf_changed":false,"site-sidebar-layout":"default","site-content-layout":"","ast-site-content-layout":"default","site-content-style":"default","site-sidebar-style":"default","ast-global-header-display":"","ast-banner-title-visibility":"","ast-main-header-display":"","ast-hfb-above-header-display":"","ast-hfb-below-header-display":"","ast-hfb-mobile-header-display":"","site-post-title":"","ast-breadcrumbs-content":"","ast-featured-img":"","footer-sml-layout":"","ast-disable-related-posts":"","theme-transparent-header-meta":"","adv-header-id-meta":"","stick-header-meta":"","header-above-stick-meta":"","header-main-stick-meta":"","header-below-stick-meta":"","astra-migrate-meta-layouts":"default","ast-page-background-enabled":"default","ast-page-background-meta":{"desktop":{"background-color":"","background-image":"","background-repeat":"repeat","background-position":"center center","background-size":"auto","background-attachment":"scroll","background-type":"","background-media":"","overlay-type":"","overlay-color":"","overlay-opacity":"","overlay-gradient":""},"tablet":{"background-color":"","background-image":"","background-repeat":"repeat","background-position":"center center","background-size":"auto","background-attachment":"scroll","background-type":"","background-media":"","overlay-type":"","overlay-color":"","overlay-opacity":"","overlay-gradient":""},"mobile":{"background-color":"","background-image":"","background-repeat":"repeat","background-position":"center center","background-size":"auto","background-attachment":"scroll","background-type":"","background-media":"","overlay-type":"","overlay-color":"","overlay-opacity":"","overlay-gradient":""}},"ast-content-background-meta":{"desktop":{"background-color":"var(--ast-global-color-4)","background-image":"","background-repeat":"repeat","background-position":"center center","background-size":"auto","background-attachment":"scroll","background-type":"","background-media":"","overlay-type":"","overlay-color":"","overlay-opacity":"","overlay-gradient":""},"tablet":{"background-color":"var(--ast-global-color-4)","background-image":"","background-repeat":"repeat","background-position":"center center","background-size":"auto","background-attachment":"scroll","background-type":"","background-media":"","overlay-type":"","overlay-color":"","overlay-opacity":"","overlay-gradient":""},"mobile":{"background-color":"var(--ast-global-color-4)","background-image":"","background-repeat":"repeat","background-position":"center center","background-size":"auto","background-attachment":"scroll","background-type":"","background-media":"","overlay-type":"","overlay-color":"","overlay-opacity":"","overlay-gradient":""}}},"product_brand":[],"product_cat":[26],"product_tag":[],"class_list":{"0":"post-7611","1":"product","2":"type-product","3":"status-publish","4":"has-post-thumbnail","6":"product_cat-verslas-vadyba-ir-finansai","7":"desktop-align-left","8":"tablet-align-left","9":"mobile-align-left","11":"first","12":"instock","13":"shipping-taxable","14":"purchasable","15":"product-type-simple"},"acf":[],"yoast_head":"<!-- This site is optimized with the Yoast SEO plugin v27.4 - https:\/\/yoast.com\/product\/yoast-seo-wordpress\/ -->\n<title>Mantas Tvarijonavi\u010dius \u201eKaip \u012fgalinti: lietuvi\u0173 vadov\u0173 praktiniai pavyzd\u017eiai\u201c - Skaitytaknyga<\/title>\n<meta name=\"description\" content=\"\u201eTai knyga apie vien\u0105 did\u017eiausi\u0173 i\u0161\u0161\u016bki\u0173 kiekvieno vadovo darbe \u2013 kaip u\u017edegti savo darbuotojus, paskatinti juos veikti dar daugiau ir geriau. Ji\" \/>\n<meta name=\"robots\" content=\"index, follow, max-snippet:-1, max-image-preview:large, max-video-preview:-1\" \/>\n<link rel=\"canonical\" href=\"https:\/\/skaitytaknyga.lt\/en\/produktas\/mantas-tvarijonavicius-kaip-igalinti-lietuviu-vadovu-praktiniai-pavyzdziai-2\/\" \/>\n<meta property=\"og:locale\" content=\"en_GB\" \/>\n<meta property=\"og:locale:alternate\" content=\"lt_LT\" \/>\n<meta property=\"og:type\" content=\"article\" \/>\n<meta property=\"og:title\" content=\"Mantas Tvarijonavi\u010dius \u201eKaip \u012fgalinti: lietuvi\u0173 vadov\u0173 praktiniai pavyzd\u017eiai\u201c - Skaitytaknyga\" \/>\n<meta property=\"og:description\" content=\"\u201eTai knyga apie vien\u0105 did\u017eiausi\u0173 i\u0161\u0161\u016bki\u0173 kiekvieno vadovo darbe \u2013 kaip u\u017edegti savo darbuotojus, paskatinti juos veikti dar daugiau ir geriau. Ji\" \/>\n<meta property=\"og:url\" content=\"https:\/\/skaitytaknyga.lt\/en\/produktas\/mantas-tvarijonavicius-kaip-igalinti-lietuviu-vadovu-praktiniai-pavyzdziai-2\/\" \/>\n<meta property=\"og:site_name\" content=\"Skaitytaknyga\" \/>\n<meta property=\"article:publisher\" content=\"https:\/\/www.facebook.com\/skaitytaknyga\/\" \/>\n<meta property=\"article:modified_time\" content=\"2024-05-04T14:32:41+00:00\" \/>\n<meta property=\"og:image\" content=\"https:\/\/skaitytaknyga.lt\/wp-content\/uploads\/2024\/04\/1462888671_kaip-motyvuoti1.png\" \/>\n\t<meta property=\"og:image:width\" content=\"275\" \/>\n\t<meta property=\"og:image:height\" content=\"430\" \/>\n\t<meta property=\"og:image:type\" content=\"image\/png\" \/>\n<meta name=\"twitter:card\" content=\"summary_large_image\" \/>\n<meta name=\"twitter:label1\" content=\"Estimated reading time\" \/>\n\t<meta name=\"twitter:data1\" content=\"1 minute\" \/>\n<script type=\"application\/ld+json\" class=\"yoast-schema-graph\">{\"@context\":\"https:\\\/\\\/schema.org\",\"@graph\":[{\"@type\":\"WebPage\",\"@id\":\"https:\\\/\\\/skaitytaknyga.lt\\\/produktas\\\/mantas-tvarijonavicius-kaip-igalinti-lietuviu-vadovu-praktiniai-pavyzdziai-2\\\/\",\"url\":\"https:\\\/\\\/skaitytaknyga.lt\\\/produktas\\\/mantas-tvarijonavicius-kaip-igalinti-lietuviu-vadovu-praktiniai-pavyzdziai-2\\\/\",\"name\":\"Mantas Tvarijonavi\u010dius \u201eKaip \u012fgalinti: lietuvi\u0173 vadov\u0173 praktiniai pavyzd\u017eiai\u201c - Skaitytaknyga\",\"isPartOf\":{\"@id\":\"https:\\\/\\\/skaitytaknyga.lt\\\/#website\"},\"primaryImageOfPage\":{\"@id\":\"https:\\\/\\\/skaitytaknyga.lt\\\/produktas\\\/mantas-tvarijonavicius-kaip-igalinti-lietuviu-vadovu-praktiniai-pavyzdziai-2\\\/#primaryimage\"},\"image\":{\"@id\":\"https:\\\/\\\/skaitytaknyga.lt\\\/produktas\\\/mantas-tvarijonavicius-kaip-igalinti-lietuviu-vadovu-praktiniai-pavyzdziai-2\\\/#primaryimage\"},\"thumbnailUrl\":\"https:\\\/\\\/skaitytaknyga.lt\\\/wp-content\\\/uploads\\\/2024\\\/04\\\/1462888671_kaip-motyvuoti1.png\",\"datePublished\":\"2024-05-04T14:32:16+00:00\",\"dateModified\":\"2024-05-04T14:32:41+00:00\",\"description\":\"\u201eTai knyga apie vien\u0105 did\u017eiausi\u0173 i\u0161\u0161\u016bki\u0173 kiekvieno vadovo darbe \u2013 kaip u\u017edegti savo darbuotojus, paskatinti juos veikti dar daugiau ir geriau. Ji\",\"breadcrumb\":{\"@id\":\"https:\\\/\\\/skaitytaknyga.lt\\\/produktas\\\/mantas-tvarijonavicius-kaip-igalinti-lietuviu-vadovu-praktiniai-pavyzdziai-2\\\/#breadcrumb\"},\"inLanguage\":\"en-GB\",\"potentialAction\":[{\"@type\":\"ReadAction\",\"target\":[\"https:\\\/\\\/skaitytaknyga.lt\\\/produktas\\\/mantas-tvarijonavicius-kaip-igalinti-lietuviu-vadovu-praktiniai-pavyzdziai-2\\\/\"]}]},{\"@type\":\"ImageObject\",\"inLanguage\":\"en-GB\",\"@id\":\"https:\\\/\\\/skaitytaknyga.lt\\\/produktas\\\/mantas-tvarijonavicius-kaip-igalinti-lietuviu-vadovu-praktiniai-pavyzdziai-2\\\/#primaryimage\",\"url\":\"https:\\\/\\\/skaitytaknyga.lt\\\/wp-content\\\/uploads\\\/2024\\\/04\\\/1462888671_kaip-motyvuoti1.png\",\"contentUrl\":\"https:\\\/\\\/skaitytaknyga.lt\\\/wp-content\\\/uploads\\\/2024\\\/04\\\/1462888671_kaip-motyvuoti1.png\",\"width\":275,\"height\":430,\"caption\":\"1462888671 kaip motyvuoti1\"},{\"@type\":\"BreadcrumbList\",\"@id\":\"https:\\\/\\\/skaitytaknyga.lt\\\/produktas\\\/mantas-tvarijonavicius-kaip-igalinti-lietuviu-vadovu-praktiniai-pavyzdziai-2\\\/#breadcrumb\",\"itemListElement\":[{\"@type\":\"ListItem\",\"position\":1,\"name\":\"Home\",\"item\":\"https:\\\/\\\/skaitytaknyga.lt\\\/\"},{\"@type\":\"ListItem\",\"position\":2,\"name\":\"Parduotuv\u0117\",\"item\":\"https:\\\/\\\/skaitytaknyga.lt\\\/knygu-parduotuve\\\/\"},{\"@type\":\"ListItem\",\"position\":3,\"name\":\"Mantas Tvarijonavi\u010dius \u201eKaip \u012fgalinti: lietuvi\u0173 vadov\u0173 praktiniai pavyzd\u017eiai\u201c\"}]},{\"@type\":\"WebSite\",\"@id\":\"https:\\\/\\\/skaitytaknyga.lt\\\/#website\",\"url\":\"https:\\\/\\\/skaitytaknyga.lt\\\/\",\"name\":\"skaitytaknyga.lt\",\"description\":\"Skaitytaknyga.lt \u2013 tai ma\u017eas \u0161eimos verslas, kuris prasid\u0117jo nuo meil\u0117s knygoms ir siekio i\u0161gelb\u0117ti knygas nuo likimo prie konteinerio. Kas vienam nereikalingas daiktas \u2013 kitam lobis, o mes esame tarpininkai, kurie padeda abiems tapti laimingesniems ???? \u017dinome kaip nelengva i\u0161gyventi ma\u017eiems verslams, tad nuo \u0161iol, \u010dia rasite ir kit\u0173, ma\u017e\u0173 \u0161eim\u0173 versl\u0173, rank\u0173 darbo, dovan\u0173 sau ir artimiesiems.\",\"publisher\":{\"@id\":\"https:\\\/\\\/skaitytaknyga.lt\\\/#organization\"},\"potentialAction\":[{\"@type\":\"SearchAction\",\"target\":{\"@type\":\"EntryPoint\",\"urlTemplate\":\"https:\\\/\\\/skaitytaknyga.lt\\\/?s={search_term_string}\"},\"query-input\":{\"@type\":\"PropertyValueSpecification\",\"valueRequired\":true,\"valueName\":\"search_term_string\"}}],\"inLanguage\":\"en-GB\"},{\"@type\":\"Organization\",\"@id\":\"https:\\\/\\\/skaitytaknyga.lt\\\/#organization\",\"name\":\"skaitytaknyga.lt\",\"url\":\"https:\\\/\\\/skaitytaknyga.lt\\\/\",\"logo\":{\"@type\":\"ImageObject\",\"inLanguage\":\"en-GB\",\"@id\":\"https:\\\/\\\/skaitytaknyga.lt\\\/#\\\/schema\\\/logo\\\/image\\\/\",\"url\":\"https:\\\/\\\/skaitytaknyga.lt\\\/wp-content\\\/uploads\\\/2024\\\/05\\\/cropped-cropped-cropped-02_00843_jt3bggkj1j3HLc7SyY6rEUpg.jpeg\",\"contentUrl\":\"https:\\\/\\\/skaitytaknyga.lt\\\/wp-content\\\/uploads\\\/2024\\\/05\\\/cropped-cropped-cropped-02_00843_jt3bggkj1j3HLc7SyY6rEUpg.jpeg\",\"width\":1600,\"height\":1600,\"caption\":\"skaitytaknyga.lt\"},\"image\":{\"@id\":\"https:\\\/\\\/skaitytaknyga.lt\\\/#\\\/schema\\\/logo\\\/image\\\/\"},\"sameAs\":[\"https:\\\/\\\/www.facebook.com\\\/skaitytaknyga\\\/\"]}]}<\/script>\n<!-- \/ Yoast SEO plugin. -->","yoast_head_json":{"title":"Mantas Tvarijonavi\u010dius \u201eKaip \u012fgalinti: lietuvi\u0173 vadov\u0173 praktiniai pavyzd\u017eiai\u201c - Skaitytaknyga","description":"\u201eTai knyga apie vien\u0105 did\u017eiausi\u0173 i\u0161\u0161\u016bki\u0173 kiekvieno vadovo darbe \u2013 kaip u\u017edegti savo darbuotojus, paskatinti juos veikti dar daugiau ir geriau. Ji","robots":{"index":"index","follow":"follow","max-snippet":"max-snippet:-1","max-image-preview":"max-image-preview:large","max-video-preview":"max-video-preview:-1"},"canonical":"https:\/\/skaitytaknyga.lt\/en\/produktas\/mantas-tvarijonavicius-kaip-igalinti-lietuviu-vadovu-praktiniai-pavyzdziai-2\/","og_locale":"en_GB","og_type":"article","og_title":"Mantas Tvarijonavi\u010dius \u201eKaip \u012fgalinti: lietuvi\u0173 vadov\u0173 praktiniai pavyzd\u017eiai\u201c - Skaitytaknyga","og_description":"\u201eTai knyga apie vien\u0105 did\u017eiausi\u0173 i\u0161\u0161\u016bki\u0173 kiekvieno vadovo darbe \u2013 kaip u\u017edegti savo darbuotojus, paskatinti juos veikti dar daugiau ir geriau. Ji","og_url":"https:\/\/skaitytaknyga.lt\/en\/produktas\/mantas-tvarijonavicius-kaip-igalinti-lietuviu-vadovu-praktiniai-pavyzdziai-2\/","og_site_name":"Skaitytaknyga","article_publisher":"https:\/\/www.facebook.com\/skaitytaknyga\/","article_modified_time":"2024-05-04T14:32:41+00:00","og_image":[{"width":275,"height":430,"url":"https:\/\/skaitytaknyga.lt\/wp-content\/uploads\/2024\/04\/1462888671_kaip-motyvuoti1.png","type":"image\/png"}],"twitter_card":"summary_large_image","twitter_misc":{"Estimated reading time":"1 minute"},"schema":{"@context":"https:\/\/schema.org","@graph":[{"@type":"WebPage","@id":"https:\/\/skaitytaknyga.lt\/produktas\/mantas-tvarijonavicius-kaip-igalinti-lietuviu-vadovu-praktiniai-pavyzdziai-2\/","url":"https:\/\/skaitytaknyga.lt\/produktas\/mantas-tvarijonavicius-kaip-igalinti-lietuviu-vadovu-praktiniai-pavyzdziai-2\/","name":"Mantas Tvarijonavi\u010dius \u201eKaip \u012fgalinti: lietuvi\u0173 vadov\u0173 praktiniai pavyzd\u017eiai\u201c - Skaitytaknyga","isPartOf":{"@id":"https:\/\/skaitytaknyga.lt\/#website"},"primaryImageOfPage":{"@id":"https:\/\/skaitytaknyga.lt\/produktas\/mantas-tvarijonavicius-kaip-igalinti-lietuviu-vadovu-praktiniai-pavyzdziai-2\/#primaryimage"},"image":{"@id":"https:\/\/skaitytaknyga.lt\/produktas\/mantas-tvarijonavicius-kaip-igalinti-lietuviu-vadovu-praktiniai-pavyzdziai-2\/#primaryimage"},"thumbnailUrl":"https:\/\/skaitytaknyga.lt\/wp-content\/uploads\/2024\/04\/1462888671_kaip-motyvuoti1.png","datePublished":"2024-05-04T14:32:16+00:00","dateModified":"2024-05-04T14:32:41+00:00","description":"\u201eTai knyga apie vien\u0105 did\u017eiausi\u0173 i\u0161\u0161\u016bki\u0173 kiekvieno vadovo darbe \u2013 kaip u\u017edegti savo darbuotojus, paskatinti juos veikti dar daugiau ir geriau. Ji","breadcrumb":{"@id":"https:\/\/skaitytaknyga.lt\/produktas\/mantas-tvarijonavicius-kaip-igalinti-lietuviu-vadovu-praktiniai-pavyzdziai-2\/#breadcrumb"},"inLanguage":"en-GB","potentialAction":[{"@type":"ReadAction","target":["https:\/\/skaitytaknyga.lt\/produktas\/mantas-tvarijonavicius-kaip-igalinti-lietuviu-vadovu-praktiniai-pavyzdziai-2\/"]}]},{"@type":"ImageObject","inLanguage":"en-GB","@id":"https:\/\/skaitytaknyga.lt\/produktas\/mantas-tvarijonavicius-kaip-igalinti-lietuviu-vadovu-praktiniai-pavyzdziai-2\/#primaryimage","url":"https:\/\/skaitytaknyga.lt\/wp-content\/uploads\/2024\/04\/1462888671_kaip-motyvuoti1.png","contentUrl":"https:\/\/skaitytaknyga.lt\/wp-content\/uploads\/2024\/04\/1462888671_kaip-motyvuoti1.png","width":275,"height":430,"caption":"1462888671 kaip motyvuoti1"},{"@type":"BreadcrumbList","@id":"https:\/\/skaitytaknyga.lt\/produktas\/mantas-tvarijonavicius-kaip-igalinti-lietuviu-vadovu-praktiniai-pavyzdziai-2\/#breadcrumb","itemListElement":[{"@type":"ListItem","position":1,"name":"Home","item":"https:\/\/skaitytaknyga.lt\/"},{"@type":"ListItem","position":2,"name":"Parduotuv\u0117","item":"https:\/\/skaitytaknyga.lt\/knygu-parduotuve\/"},{"@type":"ListItem","position":3,"name":"Mantas Tvarijonavi\u010dius \u201eKaip \u012fgalinti: lietuvi\u0173 vadov\u0173 praktiniai pavyzd\u017eiai\u201c"}]},{"@type":"WebSite","@id":"https:\/\/skaitytaknyga.lt\/#website","url":"https:\/\/skaitytaknyga.lt\/","name":"skaitytaknyga.lt","description":"Skaitytaknyga.lt \u2013 tai ma\u017eas \u0161eimos verslas, kuris prasid\u0117jo nuo meil\u0117s knygoms ir siekio i\u0161gelb\u0117ti knygas nuo likimo prie konteinerio. Kas vienam nereikalingas daiktas \u2013 kitam lobis, o mes esame tarpininkai, kurie padeda abiems tapti laimingesniems ???? \u017dinome kaip nelengva i\u0161gyventi ma\u017eiems verslams, tad nuo \u0161iol, \u010dia rasite ir kit\u0173, ma\u017e\u0173 \u0161eim\u0173 versl\u0173, rank\u0173 darbo, dovan\u0173 sau ir artimiesiems.","publisher":{"@id":"https:\/\/skaitytaknyga.lt\/#organization"},"potentialAction":[{"@type":"SearchAction","target":{"@type":"EntryPoint","urlTemplate":"https:\/\/skaitytaknyga.lt\/?s={search_term_string}"},"query-input":{"@type":"PropertyValueSpecification","valueRequired":true,"valueName":"search_term_string"}}],"inLanguage":"en-GB"},{"@type":"Organization","@id":"https:\/\/skaitytaknyga.lt\/#organization","name":"skaitytaknyga.lt","url":"https:\/\/skaitytaknyga.lt\/","logo":{"@type":"ImageObject","inLanguage":"en-GB","@id":"https:\/\/skaitytaknyga.lt\/#\/schema\/logo\/image\/","url":"https:\/\/skaitytaknyga.lt\/wp-content\/uploads\/2024\/05\/cropped-cropped-cropped-02_00843_jt3bggkj1j3HLc7SyY6rEUpg.jpeg","contentUrl":"https:\/\/skaitytaknyga.lt\/wp-content\/uploads\/2024\/05\/cropped-cropped-cropped-02_00843_jt3bggkj1j3HLc7SyY6rEUpg.jpeg","width":1600,"height":1600,"caption":"skaitytaknyga.lt"},"image":{"@id":"https:\/\/skaitytaknyga.lt\/#\/schema\/logo\/image\/"},"sameAs":["https:\/\/www.facebook.com\/skaitytaknyga\/"]}]}},"_links":{"self":[{"href":"https:\/\/skaitytaknyga.lt\/en\/wp-json\/wp\/v2\/product\/7611","targetHints":{"allow":["GET"]}}],"collection":[{"href":"https:\/\/skaitytaknyga.lt\/en\/wp-json\/wp\/v2\/product"}],"about":[{"href":"https:\/\/skaitytaknyga.lt\/en\/wp-json\/wp\/v2\/types\/product"}],"replies":[{"embeddable":true,"href":"https:\/\/skaitytaknyga.lt\/en\/wp-json\/wp\/v2\/comments?post=7611"}],"wp:featuredmedia":[{"embeddable":true,"href":"https:\/\/skaitytaknyga.lt\/en\/wp-json\/wp\/v2\/media\/2904"}],"wp:attachment":[{"href":"https:\/\/skaitytaknyga.lt\/en\/wp-json\/wp\/v2\/media?parent=7611"}],"wp:term":[{"taxonomy":"product_brand","embeddable":true,"href":"https:\/\/skaitytaknyga.lt\/en\/wp-json\/wp\/v2\/product_brand?post=7611"},{"taxonomy":"product_cat","embeddable":true,"href":"https:\/\/skaitytaknyga.lt\/en\/wp-json\/wp\/v2\/product_cat?post=7611"},{"taxonomy":"product_tag","embeddable":true,"href":"https:\/\/skaitytaknyga.lt\/en\/wp-json\/wp\/v2\/product_tag?post=7611"}],"curies":[{"name":"wp","href":"https:\/\/api.w.org\/{rel}","templated":true}]}}