{"id":7599,"date":"2024-05-04T14:32:15","date_gmt":"2024-05-04T14:32:15","guid":{"rendered":"https:\/\/skaitytaknyga.lt\/?post_type=product&#038;p=7599"},"modified":"2024-05-04T14:32:28","modified_gmt":"2024-05-04T14:32:28","slug":"lee-iacocca-catherine-whitney-kur-dingo-visi-lyderiai-2","status":"publish","type":"product","link":"https:\/\/skaitytaknyga.lt\/en\/produktas\/lee-iacocca-catherine-whitney-kur-dingo-visi-lyderiai-2\/","title":{"rendered":"Lee Iacocca, Catherine Whitney \u201eKur dingo visi lyderiai?\u201c"},"content":{"rendered":"<p>Li Jakoka (Lee Iacocca), buv\u0119s kompanij\u0173\u00a0Ford Motor Company\u00a0ir\u00a0Chrysler Corporation\u00a0prezidentas, bestseleri\u0173 autorius, gali did\u017eiuotis pa\u017eintimis su i\u0161kiliausiais pasaulio politikos ir verslo lyderiais. \u0160maik\u0161\u010diu stiliumi para\u0161ytoje knygoje rasite pasakojim\u0173 apie tai, kaip knygos autorius r\u016bk\u0117 cigarus su Fideliu Kastro (Fidel Castro), kok\u012f ilgaam\u017ei\u0161kumo recept\u0105 jam pasi\u016bl\u0117 Bobas Houpas (Bob Hope), kod\u0117l Bilas Klintonas (Bill Clinton) pa\u017eadino j\u012f vidurnakt\u012f, kaip Frankas Sinatra (Frank Sinatra) padainavo asmeni\u0161kai jam, u\u017e k\u0105 pasimelsti jo pra\u0161\u0117 popie\u017eius Jonas Paulius II, k\u0105 jis aptarin\u0117jo su Ronaldu Reiganu (Ronald Reagan), senatoriumi D\u017eonu Keriu (John Kerry), princu \u010carlzu (Charles) ir Kamila (Camilla), reperiu Snupu Dogu (Snoop Dogg) ir daugeliu kit\u0173.<\/p>\n<p>Be to, perskait\u0119 knyg\u0105 su\u017einosite, kokiomis b\u016bdo savyb\u0117mis turi i\u0161siskirti tikras lyderis, susim\u0105stysite apie atsakomyb\u0117s, demokratijos, konformizmo ir kitas \u0161iuolaikin\u0119 visuomen\u0119 slegian\u010dias problemas.<\/p>\n<p>\u201eAr man tik vienam \u0161ioje \u0161alyje jau gana to, kas \u010dia darosi? Kur, po velni\u0173, m\u016bs\u0173 pasipiktinimas? Juk tur\u0117tume r\u0117kti nesavu balsu. Nemok\u0161i\u0161k\u0173 kvaili\u0173 \u0161utv\u0117 vairuoja m\u016bs\u0173 valstyb\u0117s laiv\u0105 tiesiai \u012f uolas, susivienij\u0119 gangsteriai apvogin\u0117ja mus, gi mes net nesugebame apsivalyti po uragano, o k\u0105 jau kalb\u0117ti apie hibridinio automobilio suk\u016brim\u0105. Ta\u010diau u\u017euot \u012ft\u016b\u017e\u0119, visi s\u0117di sau ir pritariamai link\u010dioja galvas, kai politikai ragina laikytis nustatyto kurso.\u201c<\/p>\n","protected":false},"excerpt":{"rendered":"<p>Li Jakoka (Lee Iacocca), buv\u0119s kompanij\u0173\u00a0Ford Motor Company\u00a0ir\u00a0Chrysler Corporation\u00a0prezidentas, bestseleri\u0173 autorius, gali did\u017eiuotis pa\u017eintimis su i\u0161kiliausiais pasaulio politikos ir verslo lyderiais. \u0160maik\u0161\u010diu stiliumi para\u0161ytoje knygoje rasite pasakojim\u0173 apie tai, kaip knygos autorius r\u016bk\u0117 cigarus su Fideliu Kastro (Fidel Castro), kok\u012f ilgaam\u017ei\u0161kumo recept\u0105 jam pasi\u016bl\u0117 Bobas Houpas (Bob Hope), kod\u0117l Bilas Klintonas (Bill Clinton) pa\u017eadino j\u012f vidurnakt\u012f, kaip Frankas Sinatra (Frank Sinatra) padainavo asmeni\u0161kai jam, u\u017e k\u0105 pasimelsti jo pra\u0161\u0117 popie\u017eius Jonas Paulius II, k\u0105 jis aptarin\u0117jo su Ronaldu Reiganu (Ronald Reagan), senatoriumi D\u017eonu Keriu (John Kerry), princu \u010carlzu (Charles) ir Kamila (Camilla), reperiu Snupu Dogu (Snoop Dogg) ir daugeliu kit\u0173. Be to, perskait\u0119 knyg\u0105 su\u017einosite, kokiomis b\u016bdo savyb\u0117mis turi i\u0161siskirti tikras lyderis, susim\u0105stysite apie atsakomyb\u0117s, demokratijos, konformizmo ir kitas \u0161iuolaikin\u0119 visuomen\u0119 slegian\u010dias problemas. \u201eAr man tik vienam \u0161ioje \u0161alyje jau gana to, kas \u010dia darosi? Kur, po velni\u0173, m\u016bs\u0173 pasipiktinimas? Juk tur\u0117tume r\u0117kti nesavu balsu. Nemok\u0161i\u0161k\u0173 kvaili\u0173 \u0161utv\u0117 vairuoja m\u016bs\u0173 valstyb\u0117s laiv\u0105 tiesiai \u012f uolas, susivienij\u0119 gangsteriai apvogin\u0117ja mus, gi mes net nesugebame apsivalyti po uragano, o k\u0105 jau kalb\u0117ti apie hibridinio automobilio suk\u016brim\u0105. Ta\u010diau u\u017euot \u012ft\u016b\u017e\u0119, visi s\u0117di sau ir pritariamai link\u010dioja galvas, kai politikai ragina laikytis nustatyto kurso.\u201c<\/p>\n","protected":false},"featured_media":2882,"comment_status":"closed","ping_status":"closed","template":"","meta":{"_acf_changed":false,"site-sidebar-layout":"default","site-content-layout":"","ast-site-content-layout":"default","site-content-style":"default","site-sidebar-style":"default","ast-global-header-display":"","ast-banner-title-visibility":"","ast-main-header-display":"","ast-hfb-above-header-display":"","ast-hfb-below-header-display":"","ast-hfb-mobile-header-display":"","site-post-title":"","ast-breadcrumbs-content":"","ast-featured-img":"","footer-sml-layout":"","ast-disable-related-posts":"","theme-transparent-header-meta":"","adv-header-id-meta":"","stick-header-meta":"","header-above-stick-meta":"","header-main-stick-meta":"","header-below-stick-meta":"","astra-migrate-meta-layouts":"default","ast-page-background-enabled":"default","ast-page-background-meta":{"desktop":{"background-color":"","background-image":"","background-repeat":"repeat","background-position":"center center","background-size":"auto","background-attachment":"scroll","background-type":"","background-media":"","overlay-type":"","overlay-color":"","overlay-opacity":"","overlay-gradient":""},"tablet":{"background-color":"","background-image":"","background-repeat":"repeat","background-position":"center center","background-size":"auto","background-attachment":"scroll","background-type":"","background-media":"","overlay-type":"","overlay-color":"","overlay-opacity":"","overlay-gradient":""},"mobile":{"background-color":"","background-image":"","background-repeat":"repeat","background-position":"center center","background-size":"auto","background-attachment":"scroll","background-type":"","background-media":"","overlay-type":"","overlay-color":"","overlay-opacity":"","overlay-gradient":""}},"ast-content-background-meta":{"desktop":{"background-color":"var(--ast-global-color-4)","background-image":"","background-repeat":"repeat","background-position":"center center","background-size":"auto","background-attachment":"scroll","background-type":"","background-media":"","overlay-type":"","overlay-color":"","overlay-opacity":"","overlay-gradient":""},"tablet":{"background-color":"var(--ast-global-color-4)","background-image":"","background-repeat":"repeat","background-position":"center center","background-size":"auto","background-attachment":"scroll","background-type":"","background-media":"","overlay-type":"","overlay-color":"","overlay-opacity":"","overlay-gradient":""},"mobile":{"background-color":"var(--ast-global-color-4)","background-image":"","background-repeat":"repeat","background-position":"center center","background-size":"auto","background-attachment":"scroll","background-type":"","background-media":"","overlay-type":"","overlay-color":"","overlay-opacity":"","overlay-gradient":""}}},"product_brand":[],"product_cat":[26],"product_tag":[],"class_list":{"0":"post-7599","1":"product","2":"type-product","3":"status-publish","4":"has-post-thumbnail","6":"product_cat-verslas-vadyba-ir-finansai","7":"desktop-align-left","8":"tablet-align-left","9":"mobile-align-left","11":"first","12":"instock","13":"shipping-taxable","14":"purchasable","15":"product-type-simple"},"acf":[],"yoast_head":"<!-- This site is optimized with the Yoast SEO plugin v27.4 - https:\/\/yoast.com\/product\/yoast-seo-wordpress\/ -->\n<title>Lee Iacocca, Catherine Whitney \u201eKur dingo visi lyderiai?\u201c - Skaitytaknyga<\/title>\n<meta name=\"description\" content=\"Li Jakoka (Lee Iacocca), buv\u0119s kompanij\u0173\u00a0Ford Motor Company\u00a0ir\u00a0Chrysler Corporation\u00a0prezidentas, bestseleri\u0173 autorius, gali did\u017eiuotis pa\u017eintimis su\" \/>\n<meta name=\"robots\" content=\"index, follow, max-snippet:-1, max-image-preview:large, max-video-preview:-1\" \/>\n<link rel=\"canonical\" href=\"https:\/\/skaitytaknyga.lt\/en\/produktas\/lee-iacocca-catherine-whitney-kur-dingo-visi-lyderiai-2\/\" \/>\n<meta property=\"og:locale\" content=\"en_GB\" \/>\n<meta property=\"og:locale:alternate\" content=\"lt_LT\" \/>\n<meta property=\"og:type\" content=\"article\" \/>\n<meta property=\"og:title\" content=\"Lee Iacocca, Catherine Whitney \u201eKur dingo visi lyderiai?\u201c - Skaitytaknyga\" \/>\n<meta property=\"og:description\" content=\"Li Jakoka (Lee Iacocca), buv\u0119s kompanij\u0173\u00a0Ford Motor Company\u00a0ir\u00a0Chrysler Corporation\u00a0prezidentas, bestseleri\u0173 autorius, gali did\u017eiuotis pa\u017eintimis su\" \/>\n<meta property=\"og:url\" content=\"https:\/\/skaitytaknyga.lt\/en\/produktas\/lee-iacocca-catherine-whitney-kur-dingo-visi-lyderiai-2\/\" \/>\n<meta property=\"og:site_name\" content=\"Skaitytaknyga\" \/>\n<meta property=\"article:publisher\" content=\"https:\/\/www.facebook.com\/skaitytaknyga\/\" \/>\n<meta property=\"article:modified_time\" content=\"2024-05-04T14:32:28+00:00\" \/>\n<meta property=\"og:image\" content=\"https:\/\/skaitytaknyga.lt\/wp-content\/uploads\/2024\/04\/1462873282_kurdingovisilyderiai.jpg\" \/>\n\t<meta property=\"og:image:width\" content=\"306\" \/>\n\t<meta property=\"og:image:height\" content=\"430\" \/>\n\t<meta property=\"og:image:type\" content=\"image\/jpeg\" \/>\n<meta name=\"twitter:card\" content=\"summary_large_image\" \/>\n<meta name=\"twitter:label1\" content=\"Estimated reading time\" \/>\n\t<meta name=\"twitter:data1\" content=\"1 minute\" \/>\n<script type=\"application\/ld+json\" class=\"yoast-schema-graph\">{\"@context\":\"https:\\\/\\\/schema.org\",\"@graph\":[{\"@type\":\"WebPage\",\"@id\":\"https:\\\/\\\/skaitytaknyga.lt\\\/produktas\\\/lee-iacocca-catherine-whitney-kur-dingo-visi-lyderiai-2\\\/\",\"url\":\"https:\\\/\\\/skaitytaknyga.lt\\\/produktas\\\/lee-iacocca-catherine-whitney-kur-dingo-visi-lyderiai-2\\\/\",\"name\":\"Lee Iacocca, Catherine Whitney \u201eKur dingo visi lyderiai?\u201c - Skaitytaknyga\",\"isPartOf\":{\"@id\":\"https:\\\/\\\/skaitytaknyga.lt\\\/#website\"},\"primaryImageOfPage\":{\"@id\":\"https:\\\/\\\/skaitytaknyga.lt\\\/produktas\\\/lee-iacocca-catherine-whitney-kur-dingo-visi-lyderiai-2\\\/#primaryimage\"},\"image\":{\"@id\":\"https:\\\/\\\/skaitytaknyga.lt\\\/produktas\\\/lee-iacocca-catherine-whitney-kur-dingo-visi-lyderiai-2\\\/#primaryimage\"},\"thumbnailUrl\":\"https:\\\/\\\/skaitytaknyga.lt\\\/wp-content\\\/uploads\\\/2024\\\/04\\\/1462873282_kurdingovisilyderiai.jpg\",\"datePublished\":\"2024-05-04T14:32:15+00:00\",\"dateModified\":\"2024-05-04T14:32:28+00:00\",\"description\":\"Li Jakoka (Lee Iacocca), buv\u0119s kompanij\u0173\u00a0Ford Motor Company\u00a0ir\u00a0Chrysler Corporation\u00a0prezidentas, bestseleri\u0173 autorius, gali did\u017eiuotis pa\u017eintimis su\",\"breadcrumb\":{\"@id\":\"https:\\\/\\\/skaitytaknyga.lt\\\/produktas\\\/lee-iacocca-catherine-whitney-kur-dingo-visi-lyderiai-2\\\/#breadcrumb\"},\"inLanguage\":\"en-GB\",\"potentialAction\":[{\"@type\":\"ReadAction\",\"target\":[\"https:\\\/\\\/skaitytaknyga.lt\\\/produktas\\\/lee-iacocca-catherine-whitney-kur-dingo-visi-lyderiai-2\\\/\"]}]},{\"@type\":\"ImageObject\",\"inLanguage\":\"en-GB\",\"@id\":\"https:\\\/\\\/skaitytaknyga.lt\\\/produktas\\\/lee-iacocca-catherine-whitney-kur-dingo-visi-lyderiai-2\\\/#primaryimage\",\"url\":\"https:\\\/\\\/skaitytaknyga.lt\\\/wp-content\\\/uploads\\\/2024\\\/04\\\/1462873282_kurdingovisilyderiai.jpg\",\"contentUrl\":\"https:\\\/\\\/skaitytaknyga.lt\\\/wp-content\\\/uploads\\\/2024\\\/04\\\/1462873282_kurdingovisilyderiai.jpg\",\"width\":306,\"height\":430,\"caption\":\"1462873282 kurdingovisilyderiai\"},{\"@type\":\"BreadcrumbList\",\"@id\":\"https:\\\/\\\/skaitytaknyga.lt\\\/produktas\\\/lee-iacocca-catherine-whitney-kur-dingo-visi-lyderiai-2\\\/#breadcrumb\",\"itemListElement\":[{\"@type\":\"ListItem\",\"position\":1,\"name\":\"Home\",\"item\":\"https:\\\/\\\/skaitytaknyga.lt\\\/\"},{\"@type\":\"ListItem\",\"position\":2,\"name\":\"Parduotuv\u0117\",\"item\":\"https:\\\/\\\/skaitytaknyga.lt\\\/knygu-parduotuve\\\/\"},{\"@type\":\"ListItem\",\"position\":3,\"name\":\"Lee Iacocca, Catherine Whitney \u201eKur dingo visi lyderiai?\u201c\"}]},{\"@type\":\"WebSite\",\"@id\":\"https:\\\/\\\/skaitytaknyga.lt\\\/#website\",\"url\":\"https:\\\/\\\/skaitytaknyga.lt\\\/\",\"name\":\"skaitytaknyga.lt\",\"description\":\"Skaitytaknyga.lt \u2013 tai ma\u017eas \u0161eimos verslas, kuris prasid\u0117jo nuo meil\u0117s knygoms ir siekio i\u0161gelb\u0117ti knygas nuo likimo prie konteinerio. Kas vienam nereikalingas daiktas \u2013 kitam lobis, o mes esame tarpininkai, kurie padeda abiems tapti laimingesniems ???? \u017dinome kaip nelengva i\u0161gyventi ma\u017eiems verslams, tad nuo \u0161iol, \u010dia rasite ir kit\u0173, ma\u017e\u0173 \u0161eim\u0173 versl\u0173, rank\u0173 darbo, dovan\u0173 sau ir artimiesiems.\",\"publisher\":{\"@id\":\"https:\\\/\\\/skaitytaknyga.lt\\\/#organization\"},\"potentialAction\":[{\"@type\":\"SearchAction\",\"target\":{\"@type\":\"EntryPoint\",\"urlTemplate\":\"https:\\\/\\\/skaitytaknyga.lt\\\/?s={search_term_string}\"},\"query-input\":{\"@type\":\"PropertyValueSpecification\",\"valueRequired\":true,\"valueName\":\"search_term_string\"}}],\"inLanguage\":\"en-GB\"},{\"@type\":\"Organization\",\"@id\":\"https:\\\/\\\/skaitytaknyga.lt\\\/#organization\",\"name\":\"skaitytaknyga.lt\",\"url\":\"https:\\\/\\\/skaitytaknyga.lt\\\/\",\"logo\":{\"@type\":\"ImageObject\",\"inLanguage\":\"en-GB\",\"@id\":\"https:\\\/\\\/skaitytaknyga.lt\\\/#\\\/schema\\\/logo\\\/image\\\/\",\"url\":\"https:\\\/\\\/skaitytaknyga.lt\\\/wp-content\\\/uploads\\\/2024\\\/05\\\/cropped-cropped-cropped-02_00843_jt3bggkj1j3HLc7SyY6rEUpg.jpeg\",\"contentUrl\":\"https:\\\/\\\/skaitytaknyga.lt\\\/wp-content\\\/uploads\\\/2024\\\/05\\\/cropped-cropped-cropped-02_00843_jt3bggkj1j3HLc7SyY6rEUpg.jpeg\",\"width\":1600,\"height\":1600,\"caption\":\"skaitytaknyga.lt\"},\"image\":{\"@id\":\"https:\\\/\\\/skaitytaknyga.lt\\\/#\\\/schema\\\/logo\\\/image\\\/\"},\"sameAs\":[\"https:\\\/\\\/www.facebook.com\\\/skaitytaknyga\\\/\"]}]}<\/script>\n<!-- \/ Yoast SEO plugin. -->","yoast_head_json":{"title":"Lee Iacocca, Catherine Whitney \u201eKur dingo visi lyderiai?\u201c - Skaitytaknyga","description":"Li Jakoka (Lee Iacocca), buv\u0119s kompanij\u0173\u00a0Ford Motor Company\u00a0ir\u00a0Chrysler Corporation\u00a0prezidentas, bestseleri\u0173 autorius, gali did\u017eiuotis pa\u017eintimis su","robots":{"index":"index","follow":"follow","max-snippet":"max-snippet:-1","max-image-preview":"max-image-preview:large","max-video-preview":"max-video-preview:-1"},"canonical":"https:\/\/skaitytaknyga.lt\/en\/produktas\/lee-iacocca-catherine-whitney-kur-dingo-visi-lyderiai-2\/","og_locale":"en_GB","og_type":"article","og_title":"Lee Iacocca, Catherine Whitney \u201eKur dingo visi lyderiai?\u201c - Skaitytaknyga","og_description":"Li Jakoka (Lee Iacocca), buv\u0119s kompanij\u0173\u00a0Ford Motor Company\u00a0ir\u00a0Chrysler Corporation\u00a0prezidentas, bestseleri\u0173 autorius, gali did\u017eiuotis pa\u017eintimis su","og_url":"https:\/\/skaitytaknyga.lt\/en\/produktas\/lee-iacocca-catherine-whitney-kur-dingo-visi-lyderiai-2\/","og_site_name":"Skaitytaknyga","article_publisher":"https:\/\/www.facebook.com\/skaitytaknyga\/","article_modified_time":"2024-05-04T14:32:28+00:00","og_image":[{"width":306,"height":430,"url":"https:\/\/skaitytaknyga.lt\/wp-content\/uploads\/2024\/04\/1462873282_kurdingovisilyderiai.jpg","type":"image\/jpeg"}],"twitter_card":"summary_large_image","twitter_misc":{"Estimated reading time":"1 minute"},"schema":{"@context":"https:\/\/schema.org","@graph":[{"@type":"WebPage","@id":"https:\/\/skaitytaknyga.lt\/produktas\/lee-iacocca-catherine-whitney-kur-dingo-visi-lyderiai-2\/","url":"https:\/\/skaitytaknyga.lt\/produktas\/lee-iacocca-catherine-whitney-kur-dingo-visi-lyderiai-2\/","name":"Lee Iacocca, Catherine Whitney \u201eKur dingo visi lyderiai?\u201c - Skaitytaknyga","isPartOf":{"@id":"https:\/\/skaitytaknyga.lt\/#website"},"primaryImageOfPage":{"@id":"https:\/\/skaitytaknyga.lt\/produktas\/lee-iacocca-catherine-whitney-kur-dingo-visi-lyderiai-2\/#primaryimage"},"image":{"@id":"https:\/\/skaitytaknyga.lt\/produktas\/lee-iacocca-catherine-whitney-kur-dingo-visi-lyderiai-2\/#primaryimage"},"thumbnailUrl":"https:\/\/skaitytaknyga.lt\/wp-content\/uploads\/2024\/04\/1462873282_kurdingovisilyderiai.jpg","datePublished":"2024-05-04T14:32:15+00:00","dateModified":"2024-05-04T14:32:28+00:00","description":"Li Jakoka (Lee Iacocca), buv\u0119s kompanij\u0173\u00a0Ford Motor Company\u00a0ir\u00a0Chrysler Corporation\u00a0prezidentas, bestseleri\u0173 autorius, gali did\u017eiuotis pa\u017eintimis su","breadcrumb":{"@id":"https:\/\/skaitytaknyga.lt\/produktas\/lee-iacocca-catherine-whitney-kur-dingo-visi-lyderiai-2\/#breadcrumb"},"inLanguage":"en-GB","potentialAction":[{"@type":"ReadAction","target":["https:\/\/skaitytaknyga.lt\/produktas\/lee-iacocca-catherine-whitney-kur-dingo-visi-lyderiai-2\/"]}]},{"@type":"ImageObject","inLanguage":"en-GB","@id":"https:\/\/skaitytaknyga.lt\/produktas\/lee-iacocca-catherine-whitney-kur-dingo-visi-lyderiai-2\/#primaryimage","url":"https:\/\/skaitytaknyga.lt\/wp-content\/uploads\/2024\/04\/1462873282_kurdingovisilyderiai.jpg","contentUrl":"https:\/\/skaitytaknyga.lt\/wp-content\/uploads\/2024\/04\/1462873282_kurdingovisilyderiai.jpg","width":306,"height":430,"caption":"1462873282 kurdingovisilyderiai"},{"@type":"BreadcrumbList","@id":"https:\/\/skaitytaknyga.lt\/produktas\/lee-iacocca-catherine-whitney-kur-dingo-visi-lyderiai-2\/#breadcrumb","itemListElement":[{"@type":"ListItem","position":1,"name":"Home","item":"https:\/\/skaitytaknyga.lt\/"},{"@type":"ListItem","position":2,"name":"Parduotuv\u0117","item":"https:\/\/skaitytaknyga.lt\/knygu-parduotuve\/"},{"@type":"ListItem","position":3,"name":"Lee Iacocca, Catherine Whitney \u201eKur dingo visi lyderiai?\u201c"}]},{"@type":"WebSite","@id":"https:\/\/skaitytaknyga.lt\/#website","url":"https:\/\/skaitytaknyga.lt\/","name":"skaitytaknyga.lt","description":"Skaitytaknyga.lt \u2013 tai ma\u017eas \u0161eimos verslas, kuris prasid\u0117jo nuo meil\u0117s knygoms ir siekio i\u0161gelb\u0117ti knygas nuo likimo prie konteinerio. Kas vienam nereikalingas daiktas \u2013 kitam lobis, o mes esame tarpininkai, kurie padeda abiems tapti laimingesniems ???? \u017dinome kaip nelengva i\u0161gyventi ma\u017eiems verslams, tad nuo \u0161iol, \u010dia rasite ir kit\u0173, ma\u017e\u0173 \u0161eim\u0173 versl\u0173, rank\u0173 darbo, dovan\u0173 sau ir artimiesiems.","publisher":{"@id":"https:\/\/skaitytaknyga.lt\/#organization"},"potentialAction":[{"@type":"SearchAction","target":{"@type":"EntryPoint","urlTemplate":"https:\/\/skaitytaknyga.lt\/?s={search_term_string}"},"query-input":{"@type":"PropertyValueSpecification","valueRequired":true,"valueName":"search_term_string"}}],"inLanguage":"en-GB"},{"@type":"Organization","@id":"https:\/\/skaitytaknyga.lt\/#organization","name":"skaitytaknyga.lt","url":"https:\/\/skaitytaknyga.lt\/","logo":{"@type":"ImageObject","inLanguage":"en-GB","@id":"https:\/\/skaitytaknyga.lt\/#\/schema\/logo\/image\/","url":"https:\/\/skaitytaknyga.lt\/wp-content\/uploads\/2024\/05\/cropped-cropped-cropped-02_00843_jt3bggkj1j3HLc7SyY6rEUpg.jpeg","contentUrl":"https:\/\/skaitytaknyga.lt\/wp-content\/uploads\/2024\/05\/cropped-cropped-cropped-02_00843_jt3bggkj1j3HLc7SyY6rEUpg.jpeg","width":1600,"height":1600,"caption":"skaitytaknyga.lt"},"image":{"@id":"https:\/\/skaitytaknyga.lt\/#\/schema\/logo\/image\/"},"sameAs":["https:\/\/www.facebook.com\/skaitytaknyga\/"]}]}},"_links":{"self":[{"href":"https:\/\/skaitytaknyga.lt\/en\/wp-json\/wp\/v2\/product\/7599","targetHints":{"allow":["GET"]}}],"collection":[{"href":"https:\/\/skaitytaknyga.lt\/en\/wp-json\/wp\/v2\/product"}],"about":[{"href":"https:\/\/skaitytaknyga.lt\/en\/wp-json\/wp\/v2\/types\/product"}],"replies":[{"embeddable":true,"href":"https:\/\/skaitytaknyga.lt\/en\/wp-json\/wp\/v2\/comments?post=7599"}],"wp:featuredmedia":[{"embeddable":true,"href":"https:\/\/skaitytaknyga.lt\/en\/wp-json\/wp\/v2\/media\/2882"}],"wp:attachment":[{"href":"https:\/\/skaitytaknyga.lt\/en\/wp-json\/wp\/v2\/media?parent=7599"}],"wp:term":[{"taxonomy":"product_brand","embeddable":true,"href":"https:\/\/skaitytaknyga.lt\/en\/wp-json\/wp\/v2\/product_brand?post=7599"},{"taxonomy":"product_cat","embeddable":true,"href":"https:\/\/skaitytaknyga.lt\/en\/wp-json\/wp\/v2\/product_cat?post=7599"},{"taxonomy":"product_tag","embeddable":true,"href":"https:\/\/skaitytaknyga.lt\/en\/wp-json\/wp\/v2\/product_tag?post=7599"}],"curies":[{"name":"wp","href":"https:\/\/api.w.org\/{rel}","templated":true}]}}