{"id":7597,"date":"2024-05-04T14:32:15","date_gmt":"2024-05-04T14:32:15","guid":{"rendered":"https:\/\/skaitytaknyga.lt\/?post_type=product&#038;p=7597"},"modified":"2024-05-04T14:32:26","modified_gmt":"2024-05-04T14:32:26","slug":"susanne-helbach-grosser-verslo-etiketas-moterims-2","status":"publish","type":"product","link":"https:\/\/skaitytaknyga.lt\/en\/produktas\/susanne-helbach-grosser-verslo-etiketas-moterims-2\/","title":{"rendered":"Susanne Helbach-Grosser \u201eVerslo etiketas moterims\u201c"},"content":{"rendered":"<p>Nepriekai\u0161tingas elgesys versle &#8211; tiesiog b\u016btinas, jei trok\u0161tate s\u0117km\u0117s. Moterims \u0161iuo po\u017ei\u016briu tenka ypatingas vaidmuo, nes jos da\u017enai vertinamos pagal asmenin\u012f stili\u0173 ir sugeb\u0117jim\u0105 bendrauti su \u017emon\u0117mis.<\/p>\n<p>Kasdieniame verslinink\u0173 gyvenime nema\u017eai sp\u0105st\u0173, \u012f kuriuos patenka net ir subtiliausi\u0173 manier\u0173 moterys. K\u0105 daryti, jei kolega, \u012f kur\u012f kreipeisi \u201eTu\u201c, tampa vir\u0161ininku? Kaip surengti dalykinius pietus savo bute?<\/p>\n<p>Knygos autor\u0117s pateikia daug patarim\u0173: kaip kompetentingai elgtis, kaip sustiprinti nepriekai\u0161ting\u0105 dalyki\u0161kos moters \u012fvaizd\u012f. Pagal \u012fdomius testus \u012fvertinsite savo elges\u012f, o pasinaudodamos patarimais greitai atrasite i\u0161eit\u012f i\u0161 bet kokios situacijos.<\/p>\n<p>Susanne Helbach-Grosser\u00a0&#8211; viena \u017einomiausi\u0173 televizijos ir \u017einiasklaidos etiketo specialis\u010di\u0173. 1993 metais \u0160vebijos Gmiundo miete ji \u012fk\u016br\u0117 mokykl\u0105 \u201eTinkamas elgesys ir stilius\u201c, kuri organizuoja \u0161iuolaikinio etiketo ir stilingos karjeros seminarus Vokietijoje, Austrijoje ir \u0160veicarijoje.<\/p>\n","protected":false},"excerpt":{"rendered":"<p>Nepriekai\u0161tingas elgesys versle &#8211; tiesiog b\u016btinas, jei trok\u0161tate s\u0117km\u0117s. Moterims \u0161iuo po\u017ei\u016briu tenka ypatingas vaidmuo, nes jos da\u017enai vertinamos pagal asmenin\u012f stili\u0173 ir sugeb\u0117jim\u0105 bendrauti su \u017emon\u0117mis. Kasdieniame verslinink\u0173 gyvenime nema\u017eai sp\u0105st\u0173, \u012f kuriuos patenka net ir subtiliausi\u0173 manier\u0173 moterys. K\u0105 daryti, jei kolega, \u012f kur\u012f kreipeisi \u201eTu\u201c, tampa vir\u0161ininku? Kaip surengti dalykinius pietus savo bute? Knygos autor\u0117s pateikia daug patarim\u0173: kaip kompetentingai elgtis, kaip sustiprinti nepriekai\u0161ting\u0105 dalyki\u0161kos moters \u012fvaizd\u012f. Pagal \u012fdomius testus \u012fvertinsite savo elges\u012f, o pasinaudodamos patarimais greitai atrasite i\u0161eit\u012f i\u0161 bet kokios situacijos. Susanne Helbach-Grosser\u00a0&#8211; viena \u017einomiausi\u0173 televizijos ir \u017einiasklaidos etiketo specialis\u010di\u0173. 1993 metais \u0160vebijos Gmiundo miete ji \u012fk\u016br\u0117 mokykl\u0105 \u201eTinkamas elgesys ir stilius\u201c, kuri organizuoja \u0161iuolaikinio etiketo ir stilingos karjeros seminarus Vokietijoje, Austrijoje ir \u0160veicarijoje.<\/p>\n","protected":false},"featured_media":2880,"comment_status":"closed","ping_status":"closed","template":"","meta":{"_acf_changed":false,"site-sidebar-layout":"default","site-content-layout":"","ast-site-content-layout":"default","site-content-style":"default","site-sidebar-style":"default","ast-global-header-display":"","ast-banner-title-visibility":"","ast-main-header-display":"","ast-hfb-above-header-display":"","ast-hfb-below-header-display":"","ast-hfb-mobile-header-display":"","site-post-title":"","ast-breadcrumbs-content":"","ast-featured-img":"","footer-sml-layout":"","ast-disable-related-posts":"","theme-transparent-header-meta":"","adv-header-id-meta":"","stick-header-meta":"","header-above-stick-meta":"","header-main-stick-meta":"","header-below-stick-meta":"","astra-migrate-meta-layouts":"default","ast-page-background-enabled":"default","ast-page-background-meta":{"desktop":{"background-color":"","background-image":"","background-repeat":"repeat","background-position":"center center","background-size":"auto","background-attachment":"scroll","background-type":"","background-media":"","overlay-type":"","overlay-color":"","overlay-opacity":"","overlay-gradient":""},"tablet":{"background-color":"","background-image":"","background-repeat":"repeat","background-position":"center center","background-size":"auto","background-attachment":"scroll","background-type":"","background-media":"","overlay-type":"","overlay-color":"","overlay-opacity":"","overlay-gradient":""},"mobile":{"background-color":"","background-image":"","background-repeat":"repeat","background-position":"center center","background-size":"auto","background-attachment":"scroll","background-type":"","background-media":"","overlay-type":"","overlay-color":"","overlay-opacity":"","overlay-gradient":""}},"ast-content-background-meta":{"desktop":{"background-color":"var(--ast-global-color-4)","background-image":"","background-repeat":"repeat","background-position":"center center","background-size":"auto","background-attachment":"scroll","background-type":"","background-media":"","overlay-type":"","overlay-color":"","overlay-opacity":"","overlay-gradient":""},"tablet":{"background-color":"var(--ast-global-color-4)","background-image":"","background-repeat":"repeat","background-position":"center center","background-size":"auto","background-attachment":"scroll","background-type":"","background-media":"","overlay-type":"","overlay-color":"","overlay-opacity":"","overlay-gradient":""},"mobile":{"background-color":"var(--ast-global-color-4)","background-image":"","background-repeat":"repeat","background-position":"center center","background-size":"auto","background-attachment":"scroll","background-type":"","background-media":"","overlay-type":"","overlay-color":"","overlay-opacity":"","overlay-gradient":""}}},"product_brand":[],"product_cat":[26],"product_tag":[],"class_list":{"0":"post-7597","1":"product","2":"type-product","3":"status-publish","4":"has-post-thumbnail","6":"product_cat-verslas-vadyba-ir-finansai","7":"desktop-align-left","8":"tablet-align-left","9":"mobile-align-left","11":"first","12":"instock","13":"shipping-taxable","14":"purchasable","15":"product-type-simple"},"acf":[],"yoast_head":"<!-- This site is optimized with the Yoast SEO plugin v27.4 - https:\/\/yoast.com\/product\/yoast-seo-wordpress\/ -->\n<title>Susanne Helbach-Grosser \u201eVerslo etiketas moterims\u201c - Skaitytaknyga<\/title>\n<meta name=\"description\" content=\"Nepriekai\u0161tingas elgesys versle - tiesiog b\u016btinas, jei trok\u0161tate s\u0117km\u0117s. Moterims \u0161iuo po\u017ei\u016briu tenka ypatingas vaidmuo, nes jos da\u017enai vertinamos pagal\" \/>\n<meta name=\"robots\" content=\"index, follow, max-snippet:-1, max-image-preview:large, max-video-preview:-1\" \/>\n<link rel=\"canonical\" href=\"https:\/\/skaitytaknyga.lt\/en\/produktas\/susanne-helbach-grosser-verslo-etiketas-moterims-2\/\" \/>\n<meta property=\"og:locale\" content=\"en_GB\" \/>\n<meta property=\"og:locale:alternate\" content=\"lt_LT\" \/>\n<meta property=\"og:type\" content=\"article\" \/>\n<meta property=\"og:title\" content=\"Susanne Helbach-Grosser \u201eVerslo etiketas moterims\u201c - Skaitytaknyga\" \/>\n<meta property=\"og:description\" content=\"Nepriekai\u0161tingas elgesys versle - tiesiog b\u016btinas, jei trok\u0161tate s\u0117km\u0117s. Moterims \u0161iuo po\u017ei\u016briu tenka ypatingas vaidmuo, nes jos da\u017enai vertinamos pagal\" \/>\n<meta property=\"og:url\" content=\"https:\/\/skaitytaknyga.lt\/en\/produktas\/susanne-helbach-grosser-verslo-etiketas-moterims-2\/\" \/>\n<meta property=\"og:site_name\" content=\"Skaitytaknyga\" \/>\n<meta property=\"article:publisher\" content=\"https:\/\/www.facebook.com\/skaitytaknyga\/\" \/>\n<meta property=\"article:modified_time\" content=\"2024-05-04T14:32:26+00:00\" \/>\n<meta property=\"og:image\" content=\"https:\/\/skaitytaknyga.lt\/wp-content\/uploads\/2024\/04\/182035-img-b069bcf5855d93600695e3a60a944acc-v-e1606742045460.jpg\" \/>\n\t<meta property=\"og:image:width\" content=\"442\" \/>\n\t<meta property=\"og:image:height\" content=\"670\" \/>\n\t<meta property=\"og:image:type\" content=\"image\/jpeg\" \/>\n<meta name=\"twitter:card\" content=\"summary_large_image\" \/>\n<meta name=\"twitter:label1\" content=\"Estimated reading time\" \/>\n\t<meta name=\"twitter:data1\" content=\"1 minute\" \/>\n<script type=\"application\/ld+json\" class=\"yoast-schema-graph\">{\"@context\":\"https:\\\/\\\/schema.org\",\"@graph\":[{\"@type\":\"WebPage\",\"@id\":\"https:\\\/\\\/skaitytaknyga.lt\\\/produktas\\\/susanne-helbach-grosser-verslo-etiketas-moterims-2\\\/\",\"url\":\"https:\\\/\\\/skaitytaknyga.lt\\\/produktas\\\/susanne-helbach-grosser-verslo-etiketas-moterims-2\\\/\",\"name\":\"Susanne Helbach-Grosser \u201eVerslo etiketas moterims\u201c - Skaitytaknyga\",\"isPartOf\":{\"@id\":\"https:\\\/\\\/skaitytaknyga.lt\\\/#website\"},\"primaryImageOfPage\":{\"@id\":\"https:\\\/\\\/skaitytaknyga.lt\\\/produktas\\\/susanne-helbach-grosser-verslo-etiketas-moterims-2\\\/#primaryimage\"},\"image\":{\"@id\":\"https:\\\/\\\/skaitytaknyga.lt\\\/produktas\\\/susanne-helbach-grosser-verslo-etiketas-moterims-2\\\/#primaryimage\"},\"thumbnailUrl\":\"https:\\\/\\\/skaitytaknyga.lt\\\/wp-content\\\/uploads\\\/2024\\\/04\\\/182035-img-b069bcf5855d93600695e3a60a944acc-v-e1606742045460.jpg\",\"datePublished\":\"2024-05-04T14:32:15+00:00\",\"dateModified\":\"2024-05-04T14:32:26+00:00\",\"description\":\"Nepriekai\u0161tingas elgesys versle - tiesiog b\u016btinas, jei trok\u0161tate s\u0117km\u0117s. Moterims \u0161iuo po\u017ei\u016briu tenka ypatingas vaidmuo, nes jos da\u017enai vertinamos pagal\",\"breadcrumb\":{\"@id\":\"https:\\\/\\\/skaitytaknyga.lt\\\/produktas\\\/susanne-helbach-grosser-verslo-etiketas-moterims-2\\\/#breadcrumb\"},\"inLanguage\":\"en-GB\",\"potentialAction\":[{\"@type\":\"ReadAction\",\"target\":[\"https:\\\/\\\/skaitytaknyga.lt\\\/produktas\\\/susanne-helbach-grosser-verslo-etiketas-moterims-2\\\/\"]}]},{\"@type\":\"ImageObject\",\"inLanguage\":\"en-GB\",\"@id\":\"https:\\\/\\\/skaitytaknyga.lt\\\/produktas\\\/susanne-helbach-grosser-verslo-etiketas-moterims-2\\\/#primaryimage\",\"url\":\"https:\\\/\\\/skaitytaknyga.lt\\\/wp-content\\\/uploads\\\/2024\\\/04\\\/182035-img-b069bcf5855d93600695e3a60a944acc-v-e1606742045460.jpg\",\"contentUrl\":\"https:\\\/\\\/skaitytaknyga.lt\\\/wp-content\\\/uploads\\\/2024\\\/04\\\/182035-img-b069bcf5855d93600695e3a60a944acc-v-e1606742045460.jpg\",\"width\":442,\"height\":670,\"caption\":\"182035 img b069bcf5855d93600695e3a60a944acc v e1606742045460\"},{\"@type\":\"BreadcrumbList\",\"@id\":\"https:\\\/\\\/skaitytaknyga.lt\\\/produktas\\\/susanne-helbach-grosser-verslo-etiketas-moterims-2\\\/#breadcrumb\",\"itemListElement\":[{\"@type\":\"ListItem\",\"position\":1,\"name\":\"Home\",\"item\":\"https:\\\/\\\/skaitytaknyga.lt\\\/\"},{\"@type\":\"ListItem\",\"position\":2,\"name\":\"Parduotuv\u0117\",\"item\":\"https:\\\/\\\/skaitytaknyga.lt\\\/knygu-parduotuve\\\/\"},{\"@type\":\"ListItem\",\"position\":3,\"name\":\"Susanne Helbach-Grosser \u201eVerslo etiketas moterims\u201c\"}]},{\"@type\":\"WebSite\",\"@id\":\"https:\\\/\\\/skaitytaknyga.lt\\\/#website\",\"url\":\"https:\\\/\\\/skaitytaknyga.lt\\\/\",\"name\":\"skaitytaknyga.lt\",\"description\":\"Skaitytaknyga.lt \u2013 tai ma\u017eas \u0161eimos verslas, kuris prasid\u0117jo nuo meil\u0117s knygoms ir siekio i\u0161gelb\u0117ti knygas nuo likimo prie konteinerio. Kas vienam nereikalingas daiktas \u2013 kitam lobis, o mes esame tarpininkai, kurie padeda abiems tapti laimingesniems ???? \u017dinome kaip nelengva i\u0161gyventi ma\u017eiems verslams, tad nuo \u0161iol, \u010dia rasite ir kit\u0173, ma\u017e\u0173 \u0161eim\u0173 versl\u0173, rank\u0173 darbo, dovan\u0173 sau ir artimiesiems.\",\"publisher\":{\"@id\":\"https:\\\/\\\/skaitytaknyga.lt\\\/#organization\"},\"potentialAction\":[{\"@type\":\"SearchAction\",\"target\":{\"@type\":\"EntryPoint\",\"urlTemplate\":\"https:\\\/\\\/skaitytaknyga.lt\\\/?s={search_term_string}\"},\"query-input\":{\"@type\":\"PropertyValueSpecification\",\"valueRequired\":true,\"valueName\":\"search_term_string\"}}],\"inLanguage\":\"en-GB\"},{\"@type\":\"Organization\",\"@id\":\"https:\\\/\\\/skaitytaknyga.lt\\\/#organization\",\"name\":\"skaitytaknyga.lt\",\"url\":\"https:\\\/\\\/skaitytaknyga.lt\\\/\",\"logo\":{\"@type\":\"ImageObject\",\"inLanguage\":\"en-GB\",\"@id\":\"https:\\\/\\\/skaitytaknyga.lt\\\/#\\\/schema\\\/logo\\\/image\\\/\",\"url\":\"https:\\\/\\\/skaitytaknyga.lt\\\/wp-content\\\/uploads\\\/2024\\\/05\\\/cropped-cropped-cropped-02_00843_jt3bggkj1j3HLc7SyY6rEUpg.jpeg\",\"contentUrl\":\"https:\\\/\\\/skaitytaknyga.lt\\\/wp-content\\\/uploads\\\/2024\\\/05\\\/cropped-cropped-cropped-02_00843_jt3bggkj1j3HLc7SyY6rEUpg.jpeg\",\"width\":1600,\"height\":1600,\"caption\":\"skaitytaknyga.lt\"},\"image\":{\"@id\":\"https:\\\/\\\/skaitytaknyga.lt\\\/#\\\/schema\\\/logo\\\/image\\\/\"},\"sameAs\":[\"https:\\\/\\\/www.facebook.com\\\/skaitytaknyga\\\/\"]}]}<\/script>\n<!-- \/ Yoast SEO plugin. -->","yoast_head_json":{"title":"Susanne Helbach-Grosser \u201eVerslo etiketas moterims\u201c - Skaitytaknyga","description":"Nepriekai\u0161tingas elgesys versle - tiesiog b\u016btinas, jei trok\u0161tate s\u0117km\u0117s. Moterims \u0161iuo po\u017ei\u016briu tenka ypatingas vaidmuo, nes jos da\u017enai vertinamos pagal","robots":{"index":"index","follow":"follow","max-snippet":"max-snippet:-1","max-image-preview":"max-image-preview:large","max-video-preview":"max-video-preview:-1"},"canonical":"https:\/\/skaitytaknyga.lt\/en\/produktas\/susanne-helbach-grosser-verslo-etiketas-moterims-2\/","og_locale":"en_GB","og_type":"article","og_title":"Susanne Helbach-Grosser \u201eVerslo etiketas moterims\u201c - Skaitytaknyga","og_description":"Nepriekai\u0161tingas elgesys versle - tiesiog b\u016btinas, jei trok\u0161tate s\u0117km\u0117s. Moterims \u0161iuo po\u017ei\u016briu tenka ypatingas vaidmuo, nes jos da\u017enai vertinamos pagal","og_url":"https:\/\/skaitytaknyga.lt\/en\/produktas\/susanne-helbach-grosser-verslo-etiketas-moterims-2\/","og_site_name":"Skaitytaknyga","article_publisher":"https:\/\/www.facebook.com\/skaitytaknyga\/","article_modified_time":"2024-05-04T14:32:26+00:00","og_image":[{"width":442,"height":670,"url":"https:\/\/skaitytaknyga.lt\/wp-content\/uploads\/2024\/04\/182035-img-b069bcf5855d93600695e3a60a944acc-v-e1606742045460.jpg","type":"image\/jpeg"}],"twitter_card":"summary_large_image","twitter_misc":{"Estimated reading time":"1 minute"},"schema":{"@context":"https:\/\/schema.org","@graph":[{"@type":"WebPage","@id":"https:\/\/skaitytaknyga.lt\/produktas\/susanne-helbach-grosser-verslo-etiketas-moterims-2\/","url":"https:\/\/skaitytaknyga.lt\/produktas\/susanne-helbach-grosser-verslo-etiketas-moterims-2\/","name":"Susanne Helbach-Grosser \u201eVerslo etiketas moterims\u201c - Skaitytaknyga","isPartOf":{"@id":"https:\/\/skaitytaknyga.lt\/#website"},"primaryImageOfPage":{"@id":"https:\/\/skaitytaknyga.lt\/produktas\/susanne-helbach-grosser-verslo-etiketas-moterims-2\/#primaryimage"},"image":{"@id":"https:\/\/skaitytaknyga.lt\/produktas\/susanne-helbach-grosser-verslo-etiketas-moterims-2\/#primaryimage"},"thumbnailUrl":"https:\/\/skaitytaknyga.lt\/wp-content\/uploads\/2024\/04\/182035-img-b069bcf5855d93600695e3a60a944acc-v-e1606742045460.jpg","datePublished":"2024-05-04T14:32:15+00:00","dateModified":"2024-05-04T14:32:26+00:00","description":"Nepriekai\u0161tingas elgesys versle - tiesiog b\u016btinas, jei trok\u0161tate s\u0117km\u0117s. Moterims \u0161iuo po\u017ei\u016briu tenka ypatingas vaidmuo, nes jos da\u017enai vertinamos pagal","breadcrumb":{"@id":"https:\/\/skaitytaknyga.lt\/produktas\/susanne-helbach-grosser-verslo-etiketas-moterims-2\/#breadcrumb"},"inLanguage":"en-GB","potentialAction":[{"@type":"ReadAction","target":["https:\/\/skaitytaknyga.lt\/produktas\/susanne-helbach-grosser-verslo-etiketas-moterims-2\/"]}]},{"@type":"ImageObject","inLanguage":"en-GB","@id":"https:\/\/skaitytaknyga.lt\/produktas\/susanne-helbach-grosser-verslo-etiketas-moterims-2\/#primaryimage","url":"https:\/\/skaitytaknyga.lt\/wp-content\/uploads\/2024\/04\/182035-img-b069bcf5855d93600695e3a60a944acc-v-e1606742045460.jpg","contentUrl":"https:\/\/skaitytaknyga.lt\/wp-content\/uploads\/2024\/04\/182035-img-b069bcf5855d93600695e3a60a944acc-v-e1606742045460.jpg","width":442,"height":670,"caption":"182035 img b069bcf5855d93600695e3a60a944acc v e1606742045460"},{"@type":"BreadcrumbList","@id":"https:\/\/skaitytaknyga.lt\/produktas\/susanne-helbach-grosser-verslo-etiketas-moterims-2\/#breadcrumb","itemListElement":[{"@type":"ListItem","position":1,"name":"Home","item":"https:\/\/skaitytaknyga.lt\/"},{"@type":"ListItem","position":2,"name":"Parduotuv\u0117","item":"https:\/\/skaitytaknyga.lt\/knygu-parduotuve\/"},{"@type":"ListItem","position":3,"name":"Susanne Helbach-Grosser \u201eVerslo etiketas moterims\u201c"}]},{"@type":"WebSite","@id":"https:\/\/skaitytaknyga.lt\/#website","url":"https:\/\/skaitytaknyga.lt\/","name":"skaitytaknyga.lt","description":"Skaitytaknyga.lt \u2013 tai ma\u017eas \u0161eimos verslas, kuris prasid\u0117jo nuo meil\u0117s knygoms ir siekio i\u0161gelb\u0117ti knygas nuo likimo prie konteinerio. Kas vienam nereikalingas daiktas \u2013 kitam lobis, o mes esame tarpininkai, kurie padeda abiems tapti laimingesniems ???? \u017dinome kaip nelengva i\u0161gyventi ma\u017eiems verslams, tad nuo \u0161iol, \u010dia rasite ir kit\u0173, ma\u017e\u0173 \u0161eim\u0173 versl\u0173, rank\u0173 darbo, dovan\u0173 sau ir artimiesiems.","publisher":{"@id":"https:\/\/skaitytaknyga.lt\/#organization"},"potentialAction":[{"@type":"SearchAction","target":{"@type":"EntryPoint","urlTemplate":"https:\/\/skaitytaknyga.lt\/?s={search_term_string}"},"query-input":{"@type":"PropertyValueSpecification","valueRequired":true,"valueName":"search_term_string"}}],"inLanguage":"en-GB"},{"@type":"Organization","@id":"https:\/\/skaitytaknyga.lt\/#organization","name":"skaitytaknyga.lt","url":"https:\/\/skaitytaknyga.lt\/","logo":{"@type":"ImageObject","inLanguage":"en-GB","@id":"https:\/\/skaitytaknyga.lt\/#\/schema\/logo\/image\/","url":"https:\/\/skaitytaknyga.lt\/wp-content\/uploads\/2024\/05\/cropped-cropped-cropped-02_00843_jt3bggkj1j3HLc7SyY6rEUpg.jpeg","contentUrl":"https:\/\/skaitytaknyga.lt\/wp-content\/uploads\/2024\/05\/cropped-cropped-cropped-02_00843_jt3bggkj1j3HLc7SyY6rEUpg.jpeg","width":1600,"height":1600,"caption":"skaitytaknyga.lt"},"image":{"@id":"https:\/\/skaitytaknyga.lt\/#\/schema\/logo\/image\/"},"sameAs":["https:\/\/www.facebook.com\/skaitytaknyga\/"]}]}},"_links":{"self":[{"href":"https:\/\/skaitytaknyga.lt\/en\/wp-json\/wp\/v2\/product\/7597","targetHints":{"allow":["GET"]}}],"collection":[{"href":"https:\/\/skaitytaknyga.lt\/en\/wp-json\/wp\/v2\/product"}],"about":[{"href":"https:\/\/skaitytaknyga.lt\/en\/wp-json\/wp\/v2\/types\/product"}],"replies":[{"embeddable":true,"href":"https:\/\/skaitytaknyga.lt\/en\/wp-json\/wp\/v2\/comments?post=7597"}],"wp:featuredmedia":[{"embeddable":true,"href":"https:\/\/skaitytaknyga.lt\/en\/wp-json\/wp\/v2\/media\/2880"}],"wp:attachment":[{"href":"https:\/\/skaitytaknyga.lt\/en\/wp-json\/wp\/v2\/media?parent=7597"}],"wp:term":[{"taxonomy":"product_brand","embeddable":true,"href":"https:\/\/skaitytaknyga.lt\/en\/wp-json\/wp\/v2\/product_brand?post=7597"},{"taxonomy":"product_cat","embeddable":true,"href":"https:\/\/skaitytaknyga.lt\/en\/wp-json\/wp\/v2\/product_cat?post=7597"},{"taxonomy":"product_tag","embeddable":true,"href":"https:\/\/skaitytaknyga.lt\/en\/wp-json\/wp\/v2\/product_tag?post=7597"}],"curies":[{"name":"wp","href":"https:\/\/api.w.org\/{rel}","templated":true}]}}