{"id":7596,"date":"2024-05-04T14:32:15","date_gmt":"2024-05-04T14:32:15","guid":{"rendered":"https:\/\/skaitytaknyga.lt\/?post_type=product&#038;p=7596"},"modified":"2025-11-06T21:10:07","modified_gmt":"2025-11-06T19:10:07","slug":"og-mandino-trys-sekmes-misijos-2","status":"publish","type":"product","link":"https:\/\/skaitytaknyga.lt\/en\/produktas\/og-mandino-trys-sekmes-misijos-2\/","title":{"rendered":"Og Mandino \u201eTrys s\u0117km\u0117s misijos\u201c"},"content":{"rendered":"<p>Tai vienos i\u0161 nuostabiausi\u0173 istorij\u0173, kokias man teko skaityti. Jei kiekvienas dr\u0105sos netek\u0119s \u017emogus jas perskaityt\u0173 ir u\u017esidegt\u0173 ry\u017etu niekuomet nepasiduoti, pasaulyje b\u016bt\u0173 kur kas daugiau laiming\u0173j\u0173. \u2013 Norman Vincent Peale<\/p>\n<p>\u0160ioje knygoje surinktos trys Ogo Mandino apysakos: \u201eS\u0117km\u0117s misija\u201c, \u201eDvyliktasis angelas\u201c ir \u201eAkabaro dovana\u201c. Ma\u017ea b\u016bt\u0173 pasakyti, kad Ogas Mandinas yra \u201es\u0117km\u0117s literat\u016bros\u201c k\u016br\u0117jas, kuris dalija skaitytojams laimingo gyvenimo patarimus. Jo s\u0117km\u0117s ir laim\u0117s supratimas gerokai gilesnis, nei diktuoja vartotoji\u0161kos visuomen\u0117s standartai. Pasak Ogo Mandino, did\u012fj\u012f gyvenimo \u017eaidim\u0105 laimi ir tikr\u0105j\u0105 s\u0117km\u0117s vir\u0161\u016bn\u0119 pasiekia tie, kurie sugeba \u012fkv\u0117pti ir kurie net savo gyvyb\u0117s kaina nu\u0161vie\u010dia kit\u0173 \u017emoni\u0173 keli\u0105.<\/p>\n","protected":false},"excerpt":{"rendered":"<p>Tai vienos i\u0161 nuostabiausi\u0173 istorij\u0173, kokias man teko skaityti. Jei kiekvienas dr\u0105sos netek\u0119s \u017emogus jas perskaityt\u0173 ir u\u017esidegt\u0173 ry\u017etu niekuomet nepasiduoti, pasaulyje b\u016bt\u0173 kur kas daugiau laiming\u0173j\u0173. \u2013 Norman Vincent Peale \u0160ioje knygoje surinktos trys Ogo Mandino apysakos: \u201eS\u0117km\u0117s misija\u201c, \u201eDvyliktasis angelas\u201c ir \u201eAkabaro dovana\u201c. Ma\u017ea b\u016bt\u0173 pasakyti, kad Ogas Mandinas yra \u201es\u0117km\u0117s literat\u016bros\u201c k\u016br\u0117jas, kuris dalija skaitytojams laimingo gyvenimo patarimus. Jo s\u0117km\u0117s ir laim\u0117s supratimas gerokai gilesnis, nei diktuoja vartotoji\u0161kos visuomen\u0117s standartai. Pasak Ogo Mandino, did\u012fj\u012f gyvenimo \u017eaidim\u0105 laimi ir tikr\u0105j\u0105 s\u0117km\u0117s vir\u0161\u016bn\u0119 pasiekia tie, kurie sugeba \u012fkv\u0117pti ir kurie net savo gyvyb\u0117s kaina nu\u0161vie\u010dia kit\u0173 \u017emoni\u0173 keli\u0105.<\/p>\n","protected":false},"featured_media":2873,"comment_status":"closed","ping_status":"closed","template":"","meta":{"_acf_changed":false,"site-sidebar-layout":"default","site-content-layout":"","ast-site-content-layout":"default","site-content-style":"default","site-sidebar-style":"default","ast-global-header-display":"","ast-banner-title-visibility":"","ast-main-header-display":"","ast-hfb-above-header-display":"","ast-hfb-below-header-display":"","ast-hfb-mobile-header-display":"","site-post-title":"","ast-breadcrumbs-content":"","ast-featured-img":"","footer-sml-layout":"","ast-disable-related-posts":"","theme-transparent-header-meta":"","adv-header-id-meta":"","stick-header-meta":"","header-above-stick-meta":"","header-main-stick-meta":"","header-below-stick-meta":"","astra-migrate-meta-layouts":"default","ast-page-background-enabled":"default","ast-page-background-meta":{"desktop":{"background-color":"","background-image":"","background-repeat":"repeat","background-position":"center center","background-size":"auto","background-attachment":"scroll","background-type":"","background-media":"","overlay-type":"","overlay-color":"","overlay-opacity":"","overlay-gradient":""},"tablet":{"background-color":"","background-image":"","background-repeat":"repeat","background-position":"center center","background-size":"auto","background-attachment":"scroll","background-type":"","background-media":"","overlay-type":"","overlay-color":"","overlay-opacity":"","overlay-gradient":""},"mobile":{"background-color":"","background-image":"","background-repeat":"repeat","background-position":"center center","background-size":"auto","background-attachment":"scroll","background-type":"","background-media":"","overlay-type":"","overlay-color":"","overlay-opacity":"","overlay-gradient":""}},"ast-content-background-meta":{"desktop":{"background-color":"var(--ast-global-color-4)","background-image":"","background-repeat":"repeat","background-position":"center center","background-size":"auto","background-attachment":"scroll","background-type":"","background-media":"","overlay-type":"","overlay-color":"","overlay-opacity":"","overlay-gradient":""},"tablet":{"background-color":"var(--ast-global-color-4)","background-image":"","background-repeat":"repeat","background-position":"center center","background-size":"auto","background-attachment":"scroll","background-type":"","background-media":"","overlay-type":"","overlay-color":"","overlay-opacity":"","overlay-gradient":""},"mobile":{"background-color":"var(--ast-global-color-4)","background-image":"","background-repeat":"repeat","background-position":"center center","background-size":"auto","background-attachment":"scroll","background-type":"","background-media":"","overlay-type":"","overlay-color":"","overlay-opacity":"","overlay-gradient":""}}},"product_brand":[],"product_cat":[26],"product_tag":[],"class_list":{"0":"post-7596","1":"product","2":"type-product","3":"status-publish","4":"has-post-thumbnail","6":"product_cat-verslas-vadyba-ir-finansai","7":"desktop-align-left","8":"tablet-align-left","9":"mobile-align-left","11":"first","12":"instock","13":"shipping-taxable","14":"purchasable","15":"product-type-simple"},"acf":[],"yoast_head":"<!-- This site is optimized with the Yoast SEO plugin v27.4 - https:\/\/yoast.com\/product\/yoast-seo-wordpress\/ -->\n<title>Og Mandino \u201eTrys s\u0117km\u0117s misijos\u201c - Skaitytaknyga<\/title>\n<meta name=\"description\" content=\"Tai vienos i\u0161 nuostabiausi\u0173 istorij\u0173, kokias man teko skaityti. Jei kiekvienas dr\u0105sos netek\u0119s \u017emogus jas perskaityt\u0173 ir u\u017esidegt\u0173 ry\u017etu niekuomet\" \/>\n<meta name=\"robots\" content=\"index, follow, max-snippet:-1, max-image-preview:large, max-video-preview:-1\" \/>\n<link rel=\"canonical\" href=\"https:\/\/skaitytaknyga.lt\/en\/produktas\/og-mandino-trys-sekmes-misijos-2\/\" \/>\n<meta property=\"og:locale\" content=\"en_GB\" \/>\n<meta property=\"og:locale:alternate\" content=\"lt_LT\" \/>\n<meta property=\"og:type\" content=\"article\" \/>\n<meta property=\"og:title\" content=\"Og Mandino \u201eTrys s\u0117km\u0117s misijos\u201c - Skaitytaknyga\" \/>\n<meta property=\"og:description\" content=\"Tai vienos i\u0161 nuostabiausi\u0173 istorij\u0173, kokias man teko skaityti. Jei kiekvienas dr\u0105sos netek\u0119s \u017emogus jas perskaityt\u0173 ir u\u017esidegt\u0173 ry\u017etu niekuomet\" \/>\n<meta property=\"og:url\" content=\"https:\/\/skaitytaknyga.lt\/en\/produktas\/og-mandino-trys-sekmes-misijos-2\/\" \/>\n<meta property=\"og:site_name\" content=\"Skaitytaknyga\" \/>\n<meta property=\"article:publisher\" content=\"https:\/\/www.facebook.com\/skaitytaknyga\/\" \/>\n<meta property=\"article:modified_time\" content=\"2025-11-06T19:10:07+00:00\" \/>\n<meta property=\"og:image\" content=\"https:\/\/skaitytaknyga.lt\/wp-content\/uploads\/2024\/04\/20200822_152247_edited.jpg\" \/>\n\t<meta property=\"og:image:width\" content=\"1466\" \/>\n\t<meta property=\"og:image:height\" content=\"2392\" \/>\n\t<meta property=\"og:image:type\" content=\"image\/jpeg\" \/>\n<meta name=\"twitter:card\" content=\"summary_large_image\" \/>\n<meta name=\"twitter:label1\" content=\"Estimated reading time\" \/>\n\t<meta name=\"twitter:data1\" content=\"1 minute\" \/>\n<script type=\"application\/ld+json\" class=\"yoast-schema-graph\">{\"@context\":\"https:\\\/\\\/schema.org\",\"@graph\":[{\"@type\":\"WebPage\",\"@id\":\"https:\\\/\\\/skaitytaknyga.lt\\\/produktas\\\/og-mandino-trys-sekmes-misijos-2\\\/\",\"url\":\"https:\\\/\\\/skaitytaknyga.lt\\\/produktas\\\/og-mandino-trys-sekmes-misijos-2\\\/\",\"name\":\"Og Mandino \u201eTrys s\u0117km\u0117s misijos\u201c - Skaitytaknyga\",\"isPartOf\":{\"@id\":\"https:\\\/\\\/skaitytaknyga.lt\\\/#website\"},\"primaryImageOfPage\":{\"@id\":\"https:\\\/\\\/skaitytaknyga.lt\\\/produktas\\\/og-mandino-trys-sekmes-misijos-2\\\/#primaryimage\"},\"image\":{\"@id\":\"https:\\\/\\\/skaitytaknyga.lt\\\/produktas\\\/og-mandino-trys-sekmes-misijos-2\\\/#primaryimage\"},\"thumbnailUrl\":\"https:\\\/\\\/skaitytaknyga.lt\\\/wp-content\\\/uploads\\\/2024\\\/04\\\/20200822_152247_edited.jpg\",\"datePublished\":\"2024-05-04T14:32:15+00:00\",\"dateModified\":\"2025-11-06T19:10:07+00:00\",\"description\":\"Tai vienos i\u0161 nuostabiausi\u0173 istorij\u0173, kokias man teko skaityti. Jei kiekvienas dr\u0105sos netek\u0119s \u017emogus jas perskaityt\u0173 ir u\u017esidegt\u0173 ry\u017etu niekuomet\",\"breadcrumb\":{\"@id\":\"https:\\\/\\\/skaitytaknyga.lt\\\/produktas\\\/og-mandino-trys-sekmes-misijos-2\\\/#breadcrumb\"},\"inLanguage\":\"en-GB\",\"potentialAction\":[{\"@type\":\"ReadAction\",\"target\":[\"https:\\\/\\\/skaitytaknyga.lt\\\/produktas\\\/og-mandino-trys-sekmes-misijos-2\\\/\"]}]},{\"@type\":\"ImageObject\",\"inLanguage\":\"en-GB\",\"@id\":\"https:\\\/\\\/skaitytaknyga.lt\\\/produktas\\\/og-mandino-trys-sekmes-misijos-2\\\/#primaryimage\",\"url\":\"https:\\\/\\\/skaitytaknyga.lt\\\/wp-content\\\/uploads\\\/2024\\\/04\\\/20200822_152247_edited.jpg\",\"contentUrl\":\"https:\\\/\\\/skaitytaknyga.lt\\\/wp-content\\\/uploads\\\/2024\\\/04\\\/20200822_152247_edited.jpg\",\"width\":1466,\"height\":2392,\"caption\":\"20200822 152247 edited\"},{\"@type\":\"BreadcrumbList\",\"@id\":\"https:\\\/\\\/skaitytaknyga.lt\\\/produktas\\\/og-mandino-trys-sekmes-misijos-2\\\/#breadcrumb\",\"itemListElement\":[{\"@type\":\"ListItem\",\"position\":1,\"name\":\"Home\",\"item\":\"https:\\\/\\\/skaitytaknyga.lt\\\/\"},{\"@type\":\"ListItem\",\"position\":2,\"name\":\"Parduotuv\u0117\",\"item\":\"https:\\\/\\\/skaitytaknyga.lt\\\/knygu-parduotuve\\\/\"},{\"@type\":\"ListItem\",\"position\":3,\"name\":\"Og Mandino \u201eTrys s\u0117km\u0117s misijos\u201c\"}]},{\"@type\":\"WebSite\",\"@id\":\"https:\\\/\\\/skaitytaknyga.lt\\\/#website\",\"url\":\"https:\\\/\\\/skaitytaknyga.lt\\\/\",\"name\":\"skaitytaknyga.lt\",\"description\":\"Skaitytaknyga.lt \u2013 tai ma\u017eas \u0161eimos verslas, kuris prasid\u0117jo nuo meil\u0117s knygoms ir siekio i\u0161gelb\u0117ti knygas nuo likimo prie konteinerio. Kas vienam nereikalingas daiktas \u2013 kitam lobis, o mes esame tarpininkai, kurie padeda abiems tapti laimingesniems ???? \u017dinome kaip nelengva i\u0161gyventi ma\u017eiems verslams, tad nuo \u0161iol, \u010dia rasite ir kit\u0173, ma\u017e\u0173 \u0161eim\u0173 versl\u0173, rank\u0173 darbo, dovan\u0173 sau ir artimiesiems.\",\"publisher\":{\"@id\":\"https:\\\/\\\/skaitytaknyga.lt\\\/#organization\"},\"potentialAction\":[{\"@type\":\"SearchAction\",\"target\":{\"@type\":\"EntryPoint\",\"urlTemplate\":\"https:\\\/\\\/skaitytaknyga.lt\\\/?s={search_term_string}\"},\"query-input\":{\"@type\":\"PropertyValueSpecification\",\"valueRequired\":true,\"valueName\":\"search_term_string\"}}],\"inLanguage\":\"en-GB\"},{\"@type\":\"Organization\",\"@id\":\"https:\\\/\\\/skaitytaknyga.lt\\\/#organization\",\"name\":\"skaitytaknyga.lt\",\"url\":\"https:\\\/\\\/skaitytaknyga.lt\\\/\",\"logo\":{\"@type\":\"ImageObject\",\"inLanguage\":\"en-GB\",\"@id\":\"https:\\\/\\\/skaitytaknyga.lt\\\/#\\\/schema\\\/logo\\\/image\\\/\",\"url\":\"https:\\\/\\\/skaitytaknyga.lt\\\/wp-content\\\/uploads\\\/2024\\\/05\\\/cropped-cropped-cropped-02_00843_jt3bggkj1j3HLc7SyY6rEUpg.jpeg\",\"contentUrl\":\"https:\\\/\\\/skaitytaknyga.lt\\\/wp-content\\\/uploads\\\/2024\\\/05\\\/cropped-cropped-cropped-02_00843_jt3bggkj1j3HLc7SyY6rEUpg.jpeg\",\"width\":1600,\"height\":1600,\"caption\":\"skaitytaknyga.lt\"},\"image\":{\"@id\":\"https:\\\/\\\/skaitytaknyga.lt\\\/#\\\/schema\\\/logo\\\/image\\\/\"},\"sameAs\":[\"https:\\\/\\\/www.facebook.com\\\/skaitytaknyga\\\/\"]}]}<\/script>\n<!-- \/ Yoast SEO plugin. -->","yoast_head_json":{"title":"Og Mandino \u201eTrys s\u0117km\u0117s misijos\u201c - Skaitytaknyga","description":"Tai vienos i\u0161 nuostabiausi\u0173 istorij\u0173, kokias man teko skaityti. Jei kiekvienas dr\u0105sos netek\u0119s \u017emogus jas perskaityt\u0173 ir u\u017esidegt\u0173 ry\u017etu niekuomet","robots":{"index":"index","follow":"follow","max-snippet":"max-snippet:-1","max-image-preview":"max-image-preview:large","max-video-preview":"max-video-preview:-1"},"canonical":"https:\/\/skaitytaknyga.lt\/en\/produktas\/og-mandino-trys-sekmes-misijos-2\/","og_locale":"en_GB","og_type":"article","og_title":"Og Mandino \u201eTrys s\u0117km\u0117s misijos\u201c - Skaitytaknyga","og_description":"Tai vienos i\u0161 nuostabiausi\u0173 istorij\u0173, kokias man teko skaityti. Jei kiekvienas dr\u0105sos netek\u0119s \u017emogus jas perskaityt\u0173 ir u\u017esidegt\u0173 ry\u017etu niekuomet","og_url":"https:\/\/skaitytaknyga.lt\/en\/produktas\/og-mandino-trys-sekmes-misijos-2\/","og_site_name":"Skaitytaknyga","article_publisher":"https:\/\/www.facebook.com\/skaitytaknyga\/","article_modified_time":"2025-11-06T19:10:07+00:00","og_image":[{"width":1466,"height":2392,"url":"https:\/\/skaitytaknyga.lt\/wp-content\/uploads\/2024\/04\/20200822_152247_edited.jpg","type":"image\/jpeg"}],"twitter_card":"summary_large_image","twitter_misc":{"Estimated reading time":"1 minute"},"schema":{"@context":"https:\/\/schema.org","@graph":[{"@type":"WebPage","@id":"https:\/\/skaitytaknyga.lt\/produktas\/og-mandino-trys-sekmes-misijos-2\/","url":"https:\/\/skaitytaknyga.lt\/produktas\/og-mandino-trys-sekmes-misijos-2\/","name":"Og Mandino \u201eTrys s\u0117km\u0117s misijos\u201c - Skaitytaknyga","isPartOf":{"@id":"https:\/\/skaitytaknyga.lt\/#website"},"primaryImageOfPage":{"@id":"https:\/\/skaitytaknyga.lt\/produktas\/og-mandino-trys-sekmes-misijos-2\/#primaryimage"},"image":{"@id":"https:\/\/skaitytaknyga.lt\/produktas\/og-mandino-trys-sekmes-misijos-2\/#primaryimage"},"thumbnailUrl":"https:\/\/skaitytaknyga.lt\/wp-content\/uploads\/2024\/04\/20200822_152247_edited.jpg","datePublished":"2024-05-04T14:32:15+00:00","dateModified":"2025-11-06T19:10:07+00:00","description":"Tai vienos i\u0161 nuostabiausi\u0173 istorij\u0173, kokias man teko skaityti. Jei kiekvienas dr\u0105sos netek\u0119s \u017emogus jas perskaityt\u0173 ir u\u017esidegt\u0173 ry\u017etu niekuomet","breadcrumb":{"@id":"https:\/\/skaitytaknyga.lt\/produktas\/og-mandino-trys-sekmes-misijos-2\/#breadcrumb"},"inLanguage":"en-GB","potentialAction":[{"@type":"ReadAction","target":["https:\/\/skaitytaknyga.lt\/produktas\/og-mandino-trys-sekmes-misijos-2\/"]}]},{"@type":"ImageObject","inLanguage":"en-GB","@id":"https:\/\/skaitytaknyga.lt\/produktas\/og-mandino-trys-sekmes-misijos-2\/#primaryimage","url":"https:\/\/skaitytaknyga.lt\/wp-content\/uploads\/2024\/04\/20200822_152247_edited.jpg","contentUrl":"https:\/\/skaitytaknyga.lt\/wp-content\/uploads\/2024\/04\/20200822_152247_edited.jpg","width":1466,"height":2392,"caption":"20200822 152247 edited"},{"@type":"BreadcrumbList","@id":"https:\/\/skaitytaknyga.lt\/produktas\/og-mandino-trys-sekmes-misijos-2\/#breadcrumb","itemListElement":[{"@type":"ListItem","position":1,"name":"Home","item":"https:\/\/skaitytaknyga.lt\/"},{"@type":"ListItem","position":2,"name":"Parduotuv\u0117","item":"https:\/\/skaitytaknyga.lt\/knygu-parduotuve\/"},{"@type":"ListItem","position":3,"name":"Og Mandino \u201eTrys s\u0117km\u0117s misijos\u201c"}]},{"@type":"WebSite","@id":"https:\/\/skaitytaknyga.lt\/#website","url":"https:\/\/skaitytaknyga.lt\/","name":"skaitytaknyga.lt","description":"Skaitytaknyga.lt \u2013 tai ma\u017eas \u0161eimos verslas, kuris prasid\u0117jo nuo meil\u0117s knygoms ir siekio i\u0161gelb\u0117ti knygas nuo likimo prie konteinerio. Kas vienam nereikalingas daiktas \u2013 kitam lobis, o mes esame tarpininkai, kurie padeda abiems tapti laimingesniems ???? \u017dinome kaip nelengva i\u0161gyventi ma\u017eiems verslams, tad nuo \u0161iol, \u010dia rasite ir kit\u0173, ma\u017e\u0173 \u0161eim\u0173 versl\u0173, rank\u0173 darbo, dovan\u0173 sau ir artimiesiems.","publisher":{"@id":"https:\/\/skaitytaknyga.lt\/#organization"},"potentialAction":[{"@type":"SearchAction","target":{"@type":"EntryPoint","urlTemplate":"https:\/\/skaitytaknyga.lt\/?s={search_term_string}"},"query-input":{"@type":"PropertyValueSpecification","valueRequired":true,"valueName":"search_term_string"}}],"inLanguage":"en-GB"},{"@type":"Organization","@id":"https:\/\/skaitytaknyga.lt\/#organization","name":"skaitytaknyga.lt","url":"https:\/\/skaitytaknyga.lt\/","logo":{"@type":"ImageObject","inLanguage":"en-GB","@id":"https:\/\/skaitytaknyga.lt\/#\/schema\/logo\/image\/","url":"https:\/\/skaitytaknyga.lt\/wp-content\/uploads\/2024\/05\/cropped-cropped-cropped-02_00843_jt3bggkj1j3HLc7SyY6rEUpg.jpeg","contentUrl":"https:\/\/skaitytaknyga.lt\/wp-content\/uploads\/2024\/05\/cropped-cropped-cropped-02_00843_jt3bggkj1j3HLc7SyY6rEUpg.jpeg","width":1600,"height":1600,"caption":"skaitytaknyga.lt"},"image":{"@id":"https:\/\/skaitytaknyga.lt\/#\/schema\/logo\/image\/"},"sameAs":["https:\/\/www.facebook.com\/skaitytaknyga\/"]}]}},"_links":{"self":[{"href":"https:\/\/skaitytaknyga.lt\/en\/wp-json\/wp\/v2\/product\/7596","targetHints":{"allow":["GET"]}}],"collection":[{"href":"https:\/\/skaitytaknyga.lt\/en\/wp-json\/wp\/v2\/product"}],"about":[{"href":"https:\/\/skaitytaknyga.lt\/en\/wp-json\/wp\/v2\/types\/product"}],"replies":[{"embeddable":true,"href":"https:\/\/skaitytaknyga.lt\/en\/wp-json\/wp\/v2\/comments?post=7596"}],"wp:featuredmedia":[{"embeddable":true,"href":"https:\/\/skaitytaknyga.lt\/en\/wp-json\/wp\/v2\/media\/2873"}],"wp:attachment":[{"href":"https:\/\/skaitytaknyga.lt\/en\/wp-json\/wp\/v2\/media?parent=7596"}],"wp:term":[{"taxonomy":"product_brand","embeddable":true,"href":"https:\/\/skaitytaknyga.lt\/en\/wp-json\/wp\/v2\/product_brand?post=7596"},{"taxonomy":"product_cat","embeddable":true,"href":"https:\/\/skaitytaknyga.lt\/en\/wp-json\/wp\/v2\/product_cat?post=7596"},{"taxonomy":"product_tag","embeddable":true,"href":"https:\/\/skaitytaknyga.lt\/en\/wp-json\/wp\/v2\/product_tag?post=7596"}],"curies":[{"name":"wp","href":"https:\/\/api.w.org\/{rel}","templated":true}]}}