{"id":7589,"date":"2024-05-04T14:31:53","date_gmt":"2024-05-04T14:31:53","guid":{"rendered":"https:\/\/skaitytaknyga.lt\/?post_type=product&#038;p=7589"},"modified":"2026-03-10T10:17:54","modified_gmt":"2026-03-10T08:17:54","slug":"lawrence-kutner-cheryl-k-olson-vaikyste-prie-kompiuterio-2","status":"publish","type":"product","link":"https:\/\/skaitytaknyga.lt\/en\/produktas\/lawrence-kutner-cheryl-k-olson-vaikyste-prie-kompiuterio-2\/","title":{"rendered":"Vaikyst\u0117 prie kompiuterio"},"content":{"rendered":"<p>Knygoje\u00a0&#8220;Vaikyst\u0117 prie kompiuterio: visa tiesa apie smurtinius vaizdo \u017eaidimus&#8221;\u00a0L. Kutner ir Ch. K. Olson narplioja politikos, rinkodaros, propagandos ir klaiding\u0173 ankstesni\u0173 tyrim\u0173 voratinkl\u012f, kuris iki \u0161iol formavo t\u0117v\u0173 nuomon\u0119. Autoriai pateikia t\u0117vams prakti\u0161kus, tyrimais paremtus patarimus, kaip suma\u017einti vaizdo \u017eaidim\u0173 keliam\u0105 pavoj\u0173. Jie taip pat nurodo, kaip \u0161ie \u017eaidimai, net ir \u017eiaur\u016bs, gali visai netik\u0117tai pasitarnauti vaikams ir \u0161eimoms.<\/p>\n<p>Perskait\u0119 \u0161i\u0105 knyg\u0105 &#8220;Vaikyst\u0117 prie kompiuterio: visa tiesa apie smurtinius vaizdo \u017eaidimus&#8221;\u00a0su\u017einosite:<\/p>\n<p>&#8211; kas i\u0161 tikr\u0173j\u0173 yra vaizdo \u017eaidimuose, kuriuos \u017eaid\u017eia J\u016bs\u0173 vaikas;<\/p>\n<p>&#8211; kada ir kokie vaizdo \u017eaidimai gali b\u016bti \u017ealingi J\u016bs\u0173 vaikui;<\/p>\n<p>&#8211; kod\u0117l vaizdo \u017eaidimai gali tapti svarbiais socialiniais ar mokymo \u012frankiais;<\/p>\n<p>&#8211; kaip sukurti ir \u012fgyvendinti vaizdo \u017eaidim\u0173 taisykles savo namuose;<\/p>\n<p>\u00a0&#8211; kada reik\u0117t\u0173 jaudintis d\u0117l savo vaiko, \u017eaid\u017eian\u010dio su nepa\u017e\u012fstamaisiais ar internete;<\/p>\n<p>&#8211; koki\u0173 vertinim\u0173 susilaukia vaizdo \u017eaidimai<\/p>\n","protected":false},"excerpt":{"rendered":"<p>Knygoje\u00a0&#8220;Vaikyst\u0117 prie kompiuterio: visa tiesa apie smurtinius vaizdo \u017eaidimus&#8221;\u00a0L. Kutner ir Ch. K. Olson narplioja politikos, rinkodaros, propagandos ir klaiding\u0173 ankstesni\u0173 tyrim\u0173 voratinkl\u012f, kuris iki \u0161iol formavo t\u0117v\u0173 nuomon\u0119. Autoriai pateikia t\u0117vams prakti\u0161kus, tyrimais paremtus patarimus, kaip suma\u017einti vaizdo \u017eaidim\u0173 keliam\u0105 pavoj\u0173. Jie taip pat nurodo, kaip \u0161ie \u017eaidimai, net ir \u017eiaur\u016bs, gali visai netik\u0117tai pasitarnauti vaikams ir \u0161eimoms. Perskait\u0119 \u0161i\u0105 knyg\u0105 &#8220;Vaikyst\u0117 prie kompiuterio: visa tiesa apie smurtinius vaizdo \u017eaidimus&#8221;\u00a0su\u017einosite: &#8211; kas i\u0161 tikr\u0173j\u0173 yra vaizdo \u017eaidimuose, kuriuos \u017eaid\u017eia J\u016bs\u0173 vaikas; &#8211; kada ir kokie vaizdo \u017eaidimai gali b\u016bti \u017ealingi J\u016bs\u0173 vaikui; &#8211; kod\u0117l vaizdo \u017eaidimai gali tapti svarbiais socialiniais ar mokymo \u012frankiais; &#8211; kaip sukurti ir \u012fgyvendinti vaizdo \u017eaidim\u0173 taisykles savo namuose; \u00a0&#8211; kada reik\u0117t\u0173 jaudintis d\u0117l savo vaiko, \u017eaid\u017eian\u010dio su nepa\u017e\u012fstamaisiais ar internete; &#8211; koki\u0173 vertinim\u0173 susilaukia vaizdo \u017eaidimai<\/p>\n","protected":false},"featured_media":2858,"comment_status":"closed","ping_status":"closed","template":"","meta":{"_acf_changed":false,"site-sidebar-layout":"default","site-content-layout":"","ast-site-content-layout":"default","site-content-style":"default","site-sidebar-style":"default","ast-global-header-display":"","ast-banner-title-visibility":"","ast-main-header-display":"","ast-hfb-above-header-display":"","ast-hfb-below-header-display":"","ast-hfb-mobile-header-display":"","site-post-title":"","ast-breadcrumbs-content":"","ast-featured-img":"","footer-sml-layout":"","ast-disable-related-posts":"","theme-transparent-header-meta":"","adv-header-id-meta":"","stick-header-meta":"","header-above-stick-meta":"","header-main-stick-meta":"","header-below-stick-meta":"","astra-migrate-meta-layouts":"default","ast-page-background-enabled":"default","ast-page-background-meta":{"desktop":{"background-color":"","background-image":"","background-repeat":"repeat","background-position":"center center","background-size":"auto","background-attachment":"scroll","background-type":"","background-media":"","overlay-type":"","overlay-color":"","overlay-opacity":"","overlay-gradient":""},"tablet":{"background-color":"","background-image":"","background-repeat":"repeat","background-position":"center center","background-size":"auto","background-attachment":"scroll","background-type":"","background-media":"","overlay-type":"","overlay-color":"","overlay-opacity":"","overlay-gradient":""},"mobile":{"background-color":"","background-image":"","background-repeat":"repeat","background-position":"center center","background-size":"auto","background-attachment":"scroll","background-type":"","background-media":"","overlay-type":"","overlay-color":"","overlay-opacity":"","overlay-gradient":""}},"ast-content-background-meta":{"desktop":{"background-color":"var(--ast-global-color-4)","background-image":"","background-repeat":"repeat","background-position":"center center","background-size":"auto","background-attachment":"scroll","background-type":"","background-media":"","overlay-type":"","overlay-color":"","overlay-opacity":"","overlay-gradient":""},"tablet":{"background-color":"var(--ast-global-color-4)","background-image":"","background-repeat":"repeat","background-position":"center center","background-size":"auto","background-attachment":"scroll","background-type":"","background-media":"","overlay-type":"","overlay-color":"","overlay-opacity":"","overlay-gradient":""},"mobile":{"background-color":"var(--ast-global-color-4)","background-image":"","background-repeat":"repeat","background-position":"center center","background-size":"auto","background-attachment":"scroll","background-type":"","background-media":"","overlay-type":"","overlay-color":"","overlay-opacity":"","overlay-gradient":""}}},"product_brand":[],"product_cat":[37,30],"product_tag":[],"class_list":{"0":"post-7589","1":"product","2":"type-product","3":"status-publish","4":"has-post-thumbnail","6":"product_cat-nestumas-ir-vaiku-prieziura-bei-auklejimas","7":"product_cat-psichologija-ir-saviugda","8":"desktop-align-left","9":"tablet-align-left","10":"mobile-align-left","12":"first","13":"outofstock","14":"shipping-taxable","15":"purchasable","16":"product-type-simple"},"acf":[],"yoast_head":"<!-- This site is optimized with the Yoast SEO plugin v27.4 - https:\/\/yoast.com\/product\/yoast-seo-wordpress\/ -->\n<title>Vaikyst\u0117 prie kompiuterio<\/title>\n<meta name=\"description\" content=\"Knygoje\u00a0&quot;Vaikyst\u0117 prie kompiuterio: visa tiesa apie smurtinius vaizdo \u017eaidimus&quot;\u00a0L. Kutner ir Ch. K. Olson narplioja politikos, rinkodaros, propagandos ir\" \/>\n<meta name=\"robots\" content=\"index, follow, max-snippet:-1, max-image-preview:large, max-video-preview:-1\" \/>\n<link rel=\"canonical\" href=\"https:\/\/skaitytaknyga.lt\/en\/produktas\/lawrence-kutner-cheryl-k-olson-vaikyste-prie-kompiuterio-2\/\" \/>\n<meta property=\"og:locale\" content=\"en_GB\" \/>\n<meta property=\"og:locale:alternate\" content=\"lt_LT\" \/>\n<meta property=\"og:type\" content=\"article\" \/>\n<meta property=\"og:title\" content=\"Vaikyst\u0117 prie kompiuterio\" \/>\n<meta property=\"og:description\" content=\"Knygoje\u00a0&quot;Vaikyst\u0117 prie kompiuterio: visa tiesa apie smurtinius vaizdo \u017eaidimus&quot;\u00a0L. Kutner ir Ch. K. Olson narplioja politikos, rinkodaros, propagandos ir\" \/>\n<meta property=\"og:url\" content=\"https:\/\/skaitytaknyga.lt\/en\/produktas\/lawrence-kutner-cheryl-k-olson-vaikyste-prie-kompiuterio-2\/\" \/>\n<meta property=\"og:site_name\" content=\"Skaitytaknyga\" \/>\n<meta property=\"article:publisher\" content=\"https:\/\/www.facebook.com\/skaitytaknyga\/\" \/>\n<meta property=\"article:modified_time\" content=\"2026-03-10T08:17:54+00:00\" \/>\n<meta property=\"og:image\" content=\"https:\/\/skaitytaknyga.lt\/wp-content\/uploads\/2024\/04\/1462873966_vaikyste-prie-kompiuterio1.jpg\" \/>\n\t<meta property=\"og:image:width\" content=\"288\" \/>\n\t<meta property=\"og:image:height\" content=\"430\" \/>\n\t<meta property=\"og:image:type\" content=\"image\/jpeg\" \/>\n<meta name=\"twitter:card\" content=\"summary_large_image\" \/>\n<meta name=\"twitter:label1\" content=\"Estimated reading time\" \/>\n\t<meta name=\"twitter:data1\" content=\"1 minute\" \/>\n<script type=\"application\/ld+json\" class=\"yoast-schema-graph\">{\"@context\":\"https:\\\/\\\/schema.org\",\"@graph\":[{\"@type\":\"WebPage\",\"@id\":\"https:\\\/\\\/skaitytaknyga.lt\\\/produktas\\\/lawrence-kutner-cheryl-k-olson-vaikyste-prie-kompiuterio-2\\\/\",\"url\":\"https:\\\/\\\/skaitytaknyga.lt\\\/produktas\\\/lawrence-kutner-cheryl-k-olson-vaikyste-prie-kompiuterio-2\\\/\",\"name\":\"Vaikyst\u0117 prie kompiuterio\",\"isPartOf\":{\"@id\":\"https:\\\/\\\/skaitytaknyga.lt\\\/#website\"},\"primaryImageOfPage\":{\"@id\":\"https:\\\/\\\/skaitytaknyga.lt\\\/produktas\\\/lawrence-kutner-cheryl-k-olson-vaikyste-prie-kompiuterio-2\\\/#primaryimage\"},\"image\":{\"@id\":\"https:\\\/\\\/skaitytaknyga.lt\\\/produktas\\\/lawrence-kutner-cheryl-k-olson-vaikyste-prie-kompiuterio-2\\\/#primaryimage\"},\"thumbnailUrl\":\"https:\\\/\\\/skaitytaknyga.lt\\\/wp-content\\\/uploads\\\/2024\\\/04\\\/1462873966_vaikyste-prie-kompiuterio1.jpg\",\"datePublished\":\"2024-05-04T14:31:53+00:00\",\"dateModified\":\"2026-03-10T08:17:54+00:00\",\"description\":\"Knygoje\u00a0\\\"Vaikyst\u0117 prie kompiuterio: visa tiesa apie smurtinius vaizdo \u017eaidimus\\\"\u00a0L. Kutner ir Ch. K. Olson narplioja politikos, rinkodaros, propagandos ir\",\"breadcrumb\":{\"@id\":\"https:\\\/\\\/skaitytaknyga.lt\\\/produktas\\\/lawrence-kutner-cheryl-k-olson-vaikyste-prie-kompiuterio-2\\\/#breadcrumb\"},\"inLanguage\":\"en-GB\",\"potentialAction\":[{\"@type\":\"ReadAction\",\"target\":[\"https:\\\/\\\/skaitytaknyga.lt\\\/produktas\\\/lawrence-kutner-cheryl-k-olson-vaikyste-prie-kompiuterio-2\\\/\"]}]},{\"@type\":\"ImageObject\",\"inLanguage\":\"en-GB\",\"@id\":\"https:\\\/\\\/skaitytaknyga.lt\\\/produktas\\\/lawrence-kutner-cheryl-k-olson-vaikyste-prie-kompiuterio-2\\\/#primaryimage\",\"url\":\"https:\\\/\\\/skaitytaknyga.lt\\\/wp-content\\\/uploads\\\/2024\\\/04\\\/1462873966_vaikyste-prie-kompiuterio1.jpg\",\"contentUrl\":\"https:\\\/\\\/skaitytaknyga.lt\\\/wp-content\\\/uploads\\\/2024\\\/04\\\/1462873966_vaikyste-prie-kompiuterio1.jpg\",\"width\":288,\"height\":430,\"caption\":\"1462873966 vaikyste prie kompiuterio1\"},{\"@type\":\"BreadcrumbList\",\"@id\":\"https:\\\/\\\/skaitytaknyga.lt\\\/produktas\\\/lawrence-kutner-cheryl-k-olson-vaikyste-prie-kompiuterio-2\\\/#breadcrumb\",\"itemListElement\":[{\"@type\":\"ListItem\",\"position\":1,\"name\":\"Home\",\"item\":\"https:\\\/\\\/skaitytaknyga.lt\\\/\"},{\"@type\":\"ListItem\",\"position\":2,\"name\":\"Parduotuv\u0117\",\"item\":\"https:\\\/\\\/skaitytaknyga.lt\\\/knygu-parduotuve\\\/\"},{\"@type\":\"ListItem\",\"position\":3,\"name\":\"Vaikyst\u0117 prie kompiuterio\"}]},{\"@type\":\"WebSite\",\"@id\":\"https:\\\/\\\/skaitytaknyga.lt\\\/#website\",\"url\":\"https:\\\/\\\/skaitytaknyga.lt\\\/\",\"name\":\"skaitytaknyga.lt\",\"description\":\"Skaitytaknyga.lt \u2013 tai ma\u017eas \u0161eimos verslas, kuris prasid\u0117jo nuo meil\u0117s knygoms ir siekio i\u0161gelb\u0117ti knygas nuo likimo prie konteinerio. Kas vienam nereikalingas daiktas \u2013 kitam lobis, o mes esame tarpininkai, kurie padeda abiems tapti laimingesniems ???? \u017dinome kaip nelengva i\u0161gyventi ma\u017eiems verslams, tad nuo \u0161iol, \u010dia rasite ir kit\u0173, ma\u017e\u0173 \u0161eim\u0173 versl\u0173, rank\u0173 darbo, dovan\u0173 sau ir artimiesiems.\",\"publisher\":{\"@id\":\"https:\\\/\\\/skaitytaknyga.lt\\\/#organization\"},\"potentialAction\":[{\"@type\":\"SearchAction\",\"target\":{\"@type\":\"EntryPoint\",\"urlTemplate\":\"https:\\\/\\\/skaitytaknyga.lt\\\/?s={search_term_string}\"},\"query-input\":{\"@type\":\"PropertyValueSpecification\",\"valueRequired\":true,\"valueName\":\"search_term_string\"}}],\"inLanguage\":\"en-GB\"},{\"@type\":\"Organization\",\"@id\":\"https:\\\/\\\/skaitytaknyga.lt\\\/#organization\",\"name\":\"skaitytaknyga.lt\",\"url\":\"https:\\\/\\\/skaitytaknyga.lt\\\/\",\"logo\":{\"@type\":\"ImageObject\",\"inLanguage\":\"en-GB\",\"@id\":\"https:\\\/\\\/skaitytaknyga.lt\\\/#\\\/schema\\\/logo\\\/image\\\/\",\"url\":\"https:\\\/\\\/skaitytaknyga.lt\\\/wp-content\\\/uploads\\\/2024\\\/05\\\/cropped-cropped-cropped-02_00843_jt3bggkj1j3HLc7SyY6rEUpg.jpeg\",\"contentUrl\":\"https:\\\/\\\/skaitytaknyga.lt\\\/wp-content\\\/uploads\\\/2024\\\/05\\\/cropped-cropped-cropped-02_00843_jt3bggkj1j3HLc7SyY6rEUpg.jpeg\",\"width\":1600,\"height\":1600,\"caption\":\"skaitytaknyga.lt\"},\"image\":{\"@id\":\"https:\\\/\\\/skaitytaknyga.lt\\\/#\\\/schema\\\/logo\\\/image\\\/\"},\"sameAs\":[\"https:\\\/\\\/www.facebook.com\\\/skaitytaknyga\\\/\"]}]}<\/script>\n<!-- \/ Yoast SEO plugin. -->","yoast_head_json":{"title":"Vaikyst\u0117 prie kompiuterio","description":"Knygoje\u00a0\"Vaikyst\u0117 prie kompiuterio: visa tiesa apie smurtinius vaizdo \u017eaidimus\"\u00a0L. Kutner ir Ch. K. Olson narplioja politikos, rinkodaros, propagandos ir","robots":{"index":"index","follow":"follow","max-snippet":"max-snippet:-1","max-image-preview":"max-image-preview:large","max-video-preview":"max-video-preview:-1"},"canonical":"https:\/\/skaitytaknyga.lt\/en\/produktas\/lawrence-kutner-cheryl-k-olson-vaikyste-prie-kompiuterio-2\/","og_locale":"en_GB","og_type":"article","og_title":"[:lt]Vaikyst\u0117 prie kompiuterio[:] - Skaitytaknyga","og_description":"Knygoje\u00a0\"Vaikyst\u0117 prie kompiuterio: visa tiesa apie smurtinius vaizdo \u017eaidimus\"\u00a0L. Kutner ir Ch. K. Olson narplioja politikos, rinkodaros, propagandos ir","og_url":"https:\/\/skaitytaknyga.lt\/en\/produktas\/lawrence-kutner-cheryl-k-olson-vaikyste-prie-kompiuterio-2\/","og_site_name":"Skaitytaknyga","article_publisher":"https:\/\/www.facebook.com\/skaitytaknyga\/","article_modified_time":"2026-03-10T08:17:54+00:00","og_image":[{"width":288,"height":430,"url":"https:\/\/skaitytaknyga.lt\/wp-content\/uploads\/2024\/04\/1462873966_vaikyste-prie-kompiuterio1.jpg","type":"image\/jpeg"}],"twitter_card":"summary_large_image","twitter_misc":{"Estimated reading time":"1 minute"},"schema":{"@context":"https:\/\/schema.org","@graph":[{"@type":"WebPage","@id":"https:\/\/skaitytaknyga.lt\/produktas\/lawrence-kutner-cheryl-k-olson-vaikyste-prie-kompiuterio-2\/","url":"https:\/\/skaitytaknyga.lt\/produktas\/lawrence-kutner-cheryl-k-olson-vaikyste-prie-kompiuterio-2\/","name":"Vaikyst\u0117 prie kompiuterio","isPartOf":{"@id":"https:\/\/skaitytaknyga.lt\/#website"},"primaryImageOfPage":{"@id":"https:\/\/skaitytaknyga.lt\/produktas\/lawrence-kutner-cheryl-k-olson-vaikyste-prie-kompiuterio-2\/#primaryimage"},"image":{"@id":"https:\/\/skaitytaknyga.lt\/produktas\/lawrence-kutner-cheryl-k-olson-vaikyste-prie-kompiuterio-2\/#primaryimage"},"thumbnailUrl":"https:\/\/skaitytaknyga.lt\/wp-content\/uploads\/2024\/04\/1462873966_vaikyste-prie-kompiuterio1.jpg","datePublished":"2024-05-04T14:31:53+00:00","dateModified":"2026-03-10T08:17:54+00:00","description":"Knygoje\u00a0\"Vaikyst\u0117 prie kompiuterio: visa tiesa apie smurtinius vaizdo \u017eaidimus\"\u00a0L. Kutner ir Ch. K. Olson narplioja politikos, rinkodaros, propagandos ir","breadcrumb":{"@id":"https:\/\/skaitytaknyga.lt\/produktas\/lawrence-kutner-cheryl-k-olson-vaikyste-prie-kompiuterio-2\/#breadcrumb"},"inLanguage":"en-GB","potentialAction":[{"@type":"ReadAction","target":["https:\/\/skaitytaknyga.lt\/produktas\/lawrence-kutner-cheryl-k-olson-vaikyste-prie-kompiuterio-2\/"]}]},{"@type":"ImageObject","inLanguage":"en-GB","@id":"https:\/\/skaitytaknyga.lt\/produktas\/lawrence-kutner-cheryl-k-olson-vaikyste-prie-kompiuterio-2\/#primaryimage","url":"https:\/\/skaitytaknyga.lt\/wp-content\/uploads\/2024\/04\/1462873966_vaikyste-prie-kompiuterio1.jpg","contentUrl":"https:\/\/skaitytaknyga.lt\/wp-content\/uploads\/2024\/04\/1462873966_vaikyste-prie-kompiuterio1.jpg","width":288,"height":430,"caption":"1462873966 vaikyste prie kompiuterio1"},{"@type":"BreadcrumbList","@id":"https:\/\/skaitytaknyga.lt\/produktas\/lawrence-kutner-cheryl-k-olson-vaikyste-prie-kompiuterio-2\/#breadcrumb","itemListElement":[{"@type":"ListItem","position":1,"name":"Home","item":"https:\/\/skaitytaknyga.lt\/"},{"@type":"ListItem","position":2,"name":"Parduotuv\u0117","item":"https:\/\/skaitytaknyga.lt\/knygu-parduotuve\/"},{"@type":"ListItem","position":3,"name":"Vaikyst\u0117 prie kompiuterio"}]},{"@type":"WebSite","@id":"https:\/\/skaitytaknyga.lt\/#website","url":"https:\/\/skaitytaknyga.lt\/","name":"skaitytaknyga.lt","description":"Skaitytaknyga.lt \u2013 tai ma\u017eas \u0161eimos verslas, kuris prasid\u0117jo nuo meil\u0117s knygoms ir siekio i\u0161gelb\u0117ti knygas nuo likimo prie konteinerio. Kas vienam nereikalingas daiktas \u2013 kitam lobis, o mes esame tarpininkai, kurie padeda abiems tapti laimingesniems ???? \u017dinome kaip nelengva i\u0161gyventi ma\u017eiems verslams, tad nuo \u0161iol, \u010dia rasite ir kit\u0173, ma\u017e\u0173 \u0161eim\u0173 versl\u0173, rank\u0173 darbo, dovan\u0173 sau ir artimiesiems.","publisher":{"@id":"https:\/\/skaitytaknyga.lt\/#organization"},"potentialAction":[{"@type":"SearchAction","target":{"@type":"EntryPoint","urlTemplate":"https:\/\/skaitytaknyga.lt\/?s={search_term_string}"},"query-input":{"@type":"PropertyValueSpecification","valueRequired":true,"valueName":"search_term_string"}}],"inLanguage":"en-GB"},{"@type":"Organization","@id":"https:\/\/skaitytaknyga.lt\/#organization","name":"skaitytaknyga.lt","url":"https:\/\/skaitytaknyga.lt\/","logo":{"@type":"ImageObject","inLanguage":"en-GB","@id":"https:\/\/skaitytaknyga.lt\/#\/schema\/logo\/image\/","url":"https:\/\/skaitytaknyga.lt\/wp-content\/uploads\/2024\/05\/cropped-cropped-cropped-02_00843_jt3bggkj1j3HLc7SyY6rEUpg.jpeg","contentUrl":"https:\/\/skaitytaknyga.lt\/wp-content\/uploads\/2024\/05\/cropped-cropped-cropped-02_00843_jt3bggkj1j3HLc7SyY6rEUpg.jpeg","width":1600,"height":1600,"caption":"skaitytaknyga.lt"},"image":{"@id":"https:\/\/skaitytaknyga.lt\/#\/schema\/logo\/image\/"},"sameAs":["https:\/\/www.facebook.com\/skaitytaknyga\/"]}]}},"_links":{"self":[{"href":"https:\/\/skaitytaknyga.lt\/en\/wp-json\/wp\/v2\/product\/7589","targetHints":{"allow":["GET"]}}],"collection":[{"href":"https:\/\/skaitytaknyga.lt\/en\/wp-json\/wp\/v2\/product"}],"about":[{"href":"https:\/\/skaitytaknyga.lt\/en\/wp-json\/wp\/v2\/types\/product"}],"replies":[{"embeddable":true,"href":"https:\/\/skaitytaknyga.lt\/en\/wp-json\/wp\/v2\/comments?post=7589"}],"wp:featuredmedia":[{"embeddable":true,"href":"https:\/\/skaitytaknyga.lt\/en\/wp-json\/wp\/v2\/media\/2858"}],"wp:attachment":[{"href":"https:\/\/skaitytaknyga.lt\/en\/wp-json\/wp\/v2\/media?parent=7589"}],"wp:term":[{"taxonomy":"product_brand","embeddable":true,"href":"https:\/\/skaitytaknyga.lt\/en\/wp-json\/wp\/v2\/product_brand?post=7589"},{"taxonomy":"product_cat","embeddable":true,"href":"https:\/\/skaitytaknyga.lt\/en\/wp-json\/wp\/v2\/product_cat?post=7589"},{"taxonomy":"product_tag","embeddable":true,"href":"https:\/\/skaitytaknyga.lt\/en\/wp-json\/wp\/v2\/product_tag?post=7589"}],"curies":[{"name":"wp","href":"https:\/\/api.w.org\/{rel}","templated":true}]}}