{"id":7546,"date":"2024-05-04T14:31:30","date_gmt":"2024-05-04T14:31:30","guid":{"rendered":"https:\/\/skaitytaknyga.lt\/?post_type=product&#038;p=7546"},"modified":"2025-07-29T09:29:08","modified_gmt":"2025-07-29T06:29:08","slug":"antanas-stravinskas-mecislovas-sakalauskas-mazoji-architektura-iii-knyga","status":"publish","type":"product","link":"https:\/\/skaitytaknyga.lt\/en\/produktas\/antanas-stravinskas-mecislovas-sakalauskas-mazoji-architektura-iii-knyga\/","title":{"rendered":"Ma\u017eoji architekt\u016bra. III knyga"},"content":{"rendered":"<p>Albumas sudarytas i\u0161 Kauno M. K. \u010ciurlionio dail\u0117s muziejaus, Lietuvos dail\u0117s muziejaus, \u017demai\u010di\u0173 \u201eAlkos\u201c, Roki\u0161kio ir Ukmerg\u0117s kra\u0161totyros muziej\u0173 fonduose ir Vilniaus M. K. \u010ciurlionio meno mokyklos muziejuje saugom\u0173, taip pat \u012fvairiose Lietuvos etnografin\u0117se srityse dar tebestovin\u010di\u0173 paminkl\u0173 gele\u017eini\u0173 vir\u0161\u016bni\u0173 ir gele\u017eini\u0173 kry\u017ei\u0173 nuotrauk\u0173, kurias per daugel\u012f met\u0173 padar\u0117 didelis liaudies meno entuziastas fotografas Me\u010dislovas Sakalauskas.<\/p>\n","protected":false},"excerpt":{"rendered":"<p>Albumas sudarytas i\u0161 Kauno M. K. \u010ciurlionio dail\u0117s muziejaus, Lietuvos dail\u0117s muziejaus, \u017demai\u010di\u0173 \u201eAlkos\u201c, Roki\u0161kio ir Ukmerg\u0117s kra\u0161totyros muziej\u0173 fonduose ir Vilniaus M. K. \u010ciurlionio meno mokyklos muziejuje saugom\u0173, taip pat \u012fvairiose Lietuvos etnografin\u0117se srityse dar tebestovin\u010di\u0173 paminkl\u0173 gele\u017eini\u0173 vir\u0161\u016bni\u0173 ir gele\u017eini\u0173 kry\u017ei\u0173 nuotrauk\u0173, kurias per daugel\u012f met\u0173 padar\u0117 didelis liaudies meno entuziastas fotografas Me\u010dislovas Sakalauskas.<\/p>\n","protected":false},"featured_media":2758,"comment_status":"closed","ping_status":"closed","template":"","meta":{"_acf_changed":false,"site-sidebar-layout":"default","site-content-layout":"","ast-site-content-layout":"default","site-content-style":"default","site-sidebar-style":"default","ast-global-header-display":"","ast-banner-title-visibility":"","ast-main-header-display":"","ast-hfb-above-header-display":"","ast-hfb-below-header-display":"","ast-hfb-mobile-header-display":"","site-post-title":"","ast-breadcrumbs-content":"","ast-featured-img":"","footer-sml-layout":"","ast-disable-related-posts":"","theme-transparent-header-meta":"","adv-header-id-meta":"","stick-header-meta":"","header-above-stick-meta":"","header-main-stick-meta":"","header-below-stick-meta":"","astra-migrate-meta-layouts":"default","ast-page-background-enabled":"default","ast-page-background-meta":{"desktop":{"background-color":"","background-image":"","background-repeat":"repeat","background-position":"center center","background-size":"auto","background-attachment":"scroll","background-type":"","background-media":"","overlay-type":"","overlay-color":"","overlay-opacity":"","overlay-gradient":""},"tablet":{"background-color":"","background-image":"","background-repeat":"repeat","background-position":"center center","background-size":"auto","background-attachment":"scroll","background-type":"","background-media":"","overlay-type":"","overlay-color":"","overlay-opacity":"","overlay-gradient":""},"mobile":{"background-color":"","background-image":"","background-repeat":"repeat","background-position":"center center","background-size":"auto","background-attachment":"scroll","background-type":"","background-media":"","overlay-type":"","overlay-color":"","overlay-opacity":"","overlay-gradient":""}},"ast-content-background-meta":{"desktop":{"background-color":"var(--ast-global-color-4)","background-image":"","background-repeat":"repeat","background-position":"center center","background-size":"auto","background-attachment":"scroll","background-type":"","background-media":"","overlay-type":"","overlay-color":"","overlay-opacity":"","overlay-gradient":""},"tablet":{"background-color":"var(--ast-global-color-4)","background-image":"","background-repeat":"repeat","background-position":"center center","background-size":"auto","background-attachment":"scroll","background-type":"","background-media":"","overlay-type":"","overlay-color":"","overlay-opacity":"","overlay-gradient":""},"mobile":{"background-color":"var(--ast-global-color-4)","background-image":"","background-repeat":"repeat","background-position":"center center","background-size":"auto","background-attachment":"scroll","background-type":"","background-media":"","overlay-type":"","overlay-color":"","overlay-opacity":"","overlay-gradient":""}}},"product_brand":[],"product_cat":[57],"product_tag":[6981,3147,6979,2647,6978,6982,6980],"class_list":{"0":"post-7546","1":"product","2":"type-product","3":"status-publish","4":"has-post-thumbnail","6":"product_cat-menas-ir-albumai","7":"product_tag-antanas-stravinskas","8":"product_tag-fotografija","9":"product_tag-kryziai","10":"product_tag-liaudies-menas","11":"product_tag-mazoji-architektura","12":"product_tag-mecislovas-sakalauskas","13":"product_tag-muziejai","14":"desktop-align-left","15":"tablet-align-left","16":"mobile-align-left","18":"first","19":"instock","20":"shipping-taxable","21":"purchasable","22":"product-type-simple"},"acf":[],"yoast_head":"<!-- This site is optimized with the Yoast SEO plugin v27.0 - https:\/\/yoast.com\/product\/yoast-seo-wordpress\/ -->\n<title>Ma\u017eoji architekt\u016bra. III knyga<\/title>\n<meta name=\"description\" content=\"Albumas sudarytas i\u0161 Kauno M. K. \u010ciurlionio dail\u0117s muziejaus, Lietuvos dail\u0117s muziejaus, \u017demai\u010di\u0173 \u201eAlkos\u201c, Roki\u0161kio ir Ukmerg\u0117s kra\u0161totyros muziej\u0173\" \/>\n<meta name=\"robots\" content=\"index, follow, max-snippet:-1, max-image-preview:large, max-video-preview:-1\" \/>\n<link rel=\"canonical\" href=\"https:\/\/skaitytaknyga.lt\/en\/produktas\/antanas-stravinskas-mecislovas-sakalauskas-mazoji-architektura-iii-knyga\/\" \/>\n<meta property=\"og:locale\" content=\"en_GB\" \/>\n<meta property=\"og:locale:alternate\" content=\"lt_LT\" \/>\n<meta property=\"og:type\" content=\"article\" \/>\n<meta property=\"og:title\" content=\"Ma\u017eoji architekt\u016bra. III knyga\" \/>\n<meta property=\"og:description\" content=\"Albumas sudarytas i\u0161 Kauno M. K. \u010ciurlionio dail\u0117s muziejaus, Lietuvos dail\u0117s muziejaus, \u017demai\u010di\u0173 \u201eAlkos\u201c, Roki\u0161kio ir Ukmerg\u0117s kra\u0161totyros muziej\u0173\" \/>\n<meta property=\"og:url\" content=\"https:\/\/skaitytaknyga.lt\/en\/produktas\/antanas-stravinskas-mecislovas-sakalauskas-mazoji-architektura-iii-knyga\/\" \/>\n<meta property=\"og:site_name\" content=\"Skaitytaknyga\" \/>\n<meta property=\"article:publisher\" content=\"https:\/\/www.facebook.com\/skaitytaknyga\/\" \/>\n<meta property=\"article:modified_time\" content=\"2025-07-29T06:29:08+00:00\" \/>\n<meta property=\"og:image\" content=\"https:\/\/skaitytaknyga.lt\/wp-content\/uploads\/2024\/04\/img-1-1.jpg\" \/>\n\t<meta property=\"og:image:width\" content=\"320\" \/>\n\t<meta property=\"og:image:height\" content=\"420\" \/>\n\t<meta property=\"og:image:type\" content=\"image\/jpeg\" \/>\n<meta name=\"twitter:card\" content=\"summary_large_image\" \/>\n<script type=\"application\/ld+json\" class=\"yoast-schema-graph\">{\"@context\":\"https:\/\/schema.org\",\"@graph\":[{\"@type\":\"WebPage\",\"@id\":\"https:\/\/skaitytaknyga.lt\/produktas\/antanas-stravinskas-mecislovas-sakalauskas-mazoji-architektura-iii-knyga\/\",\"url\":\"https:\/\/skaitytaknyga.lt\/produktas\/antanas-stravinskas-mecislovas-sakalauskas-mazoji-architektura-iii-knyga\/\",\"name\":\"Ma\u017eoji architekt\u016bra. III knyga\",\"isPartOf\":{\"@id\":\"https:\/\/skaitytaknyga.lt\/#website\"},\"primaryImageOfPage\":{\"@id\":\"https:\/\/skaitytaknyga.lt\/produktas\/antanas-stravinskas-mecislovas-sakalauskas-mazoji-architektura-iii-knyga\/#primaryimage\"},\"image\":{\"@id\":\"https:\/\/skaitytaknyga.lt\/produktas\/antanas-stravinskas-mecislovas-sakalauskas-mazoji-architektura-iii-knyga\/#primaryimage\"},\"thumbnailUrl\":\"https:\/\/skaitytaknyga.lt\/wp-content\/uploads\/2024\/04\/img-1-1.jpg\",\"datePublished\":\"2024-05-04T14:31:30+00:00\",\"dateModified\":\"2025-07-29T06:29:08+00:00\",\"description\":\"Albumas sudarytas i\u0161 Kauno M. K. \u010ciurlionio dail\u0117s muziejaus, Lietuvos dail\u0117s muziejaus, \u017demai\u010di\u0173 \u201eAlkos\u201c, Roki\u0161kio ir Ukmerg\u0117s kra\u0161totyros muziej\u0173\",\"breadcrumb\":{\"@id\":\"https:\/\/skaitytaknyga.lt\/produktas\/antanas-stravinskas-mecislovas-sakalauskas-mazoji-architektura-iii-knyga\/#breadcrumb\"},\"inLanguage\":\"en-GB\",\"potentialAction\":[{\"@type\":\"ReadAction\",\"target\":[\"https:\/\/skaitytaknyga.lt\/produktas\/antanas-stravinskas-mecislovas-sakalauskas-mazoji-architektura-iii-knyga\/\"]}]},{\"@type\":\"ImageObject\",\"inLanguage\":\"en-GB\",\"@id\":\"https:\/\/skaitytaknyga.lt\/produktas\/antanas-stravinskas-mecislovas-sakalauskas-mazoji-architektura-iii-knyga\/#primaryimage\",\"url\":\"https:\/\/skaitytaknyga.lt\/wp-content\/uploads\/2024\/04\/img-1-1.jpg\",\"contentUrl\":\"https:\/\/skaitytaknyga.lt\/wp-content\/uploads\/2024\/04\/img-1-1.jpg\",\"width\":320,\"height\":420,\"caption\":\"img 1 1\"},{\"@type\":\"BreadcrumbList\",\"@id\":\"https:\/\/skaitytaknyga.lt\/produktas\/antanas-stravinskas-mecislovas-sakalauskas-mazoji-architektura-iii-knyga\/#breadcrumb\",\"itemListElement\":[{\"@type\":\"ListItem\",\"position\":1,\"name\":\"Home\",\"item\":\"https:\/\/skaitytaknyga.lt\/\"},{\"@type\":\"ListItem\",\"position\":2,\"name\":\"Parduotuv\u0117\",\"item\":\"https:\/\/skaitytaknyga.lt\/knygu-parduotuve\/\"},{\"@type\":\"ListItem\",\"position\":3,\"name\":\"Ma\u017eoji architekt\u016bra. III knyga\"}]},{\"@type\":\"WebSite\",\"@id\":\"https:\/\/skaitytaknyga.lt\/#website\",\"url\":\"https:\/\/skaitytaknyga.lt\/\",\"name\":\"skaitytaknyga.lt\",\"description\":\"Skaitytaknyga.lt \u2013 tai ma\u017eas \u0161eimos verslas, kuris prasid\u0117jo nuo meil\u0117s knygoms ir siekio i\u0161gelb\u0117ti knygas nuo likimo prie konteinerio. Kas vienam nereikalingas daiktas \u2013 kitam lobis, o mes esame tarpininkai, kurie padeda abiems tapti laimingesniems ???? \u017dinome kaip nelengva i\u0161gyventi ma\u017eiems verslams, tad nuo \u0161iol, \u010dia rasite ir kit\u0173, ma\u017e\u0173 \u0161eim\u0173 versl\u0173, rank\u0173 darbo, dovan\u0173 sau ir artimiesiems.\",\"publisher\":{\"@id\":\"https:\/\/skaitytaknyga.lt\/#organization\"},\"potentialAction\":[{\"@type\":\"SearchAction\",\"target\":{\"@type\":\"EntryPoint\",\"urlTemplate\":\"https:\/\/skaitytaknyga.lt\/?s={search_term_string}\"},\"query-input\":{\"@type\":\"PropertyValueSpecification\",\"valueRequired\":true,\"valueName\":\"search_term_string\"}}],\"inLanguage\":\"en-GB\"},{\"@type\":\"Organization\",\"@id\":\"https:\/\/skaitytaknyga.lt\/#organization\",\"name\":\"skaitytaknyga.lt\",\"url\":\"https:\/\/skaitytaknyga.lt\/\",\"logo\":{\"@type\":\"ImageObject\",\"inLanguage\":\"en-GB\",\"@id\":\"https:\/\/skaitytaknyga.lt\/#\/schema\/logo\/image\/\",\"url\":\"https:\/\/skaitytaknyga.lt\/wp-content\/uploads\/2024\/05\/cropped-cropped-cropped-02_00843_jt3bggkj1j3HLc7SyY6rEUpg.jpeg\",\"contentUrl\":\"https:\/\/skaitytaknyga.lt\/wp-content\/uploads\/2024\/05\/cropped-cropped-cropped-02_00843_jt3bggkj1j3HLc7SyY6rEUpg.jpeg\",\"width\":1600,\"height\":1600,\"caption\":\"skaitytaknyga.lt\"},\"image\":{\"@id\":\"https:\/\/skaitytaknyga.lt\/#\/schema\/logo\/image\/\"},\"sameAs\":[\"https:\/\/www.facebook.com\/skaitytaknyga\/\"]}]}<\/script>\n<!-- \/ Yoast SEO plugin. -->","yoast_head_json":{"title":"Ma\u017eoji architekt\u016bra. III knyga","description":"Albumas sudarytas i\u0161 Kauno M. K. \u010ciurlionio dail\u0117s muziejaus, Lietuvos dail\u0117s muziejaus, \u017demai\u010di\u0173 \u201eAlkos\u201c, Roki\u0161kio ir Ukmerg\u0117s kra\u0161totyros muziej\u0173","robots":{"index":"index","follow":"follow","max-snippet":"max-snippet:-1","max-image-preview":"max-image-preview:large","max-video-preview":"max-video-preview:-1"},"canonical":"https:\/\/skaitytaknyga.lt\/en\/produktas\/antanas-stravinskas-mecislovas-sakalauskas-mazoji-architektura-iii-knyga\/","og_locale":"en_GB","og_type":"article","og_title":"[:lt]Ma\u017eoji architekt\u016bra. III knyga[:] - Skaitytaknyga","og_description":"Albumas sudarytas i\u0161 Kauno M. K. \u010ciurlionio dail\u0117s muziejaus, Lietuvos dail\u0117s muziejaus, \u017demai\u010di\u0173 \u201eAlkos\u201c, Roki\u0161kio ir Ukmerg\u0117s kra\u0161totyros muziej\u0173","og_url":"https:\/\/skaitytaknyga.lt\/en\/produktas\/antanas-stravinskas-mecislovas-sakalauskas-mazoji-architektura-iii-knyga\/","og_site_name":"Skaitytaknyga","article_publisher":"https:\/\/www.facebook.com\/skaitytaknyga\/","article_modified_time":"2025-07-29T06:29:08+00:00","og_image":[{"width":320,"height":420,"url":"https:\/\/skaitytaknyga.lt\/wp-content\/uploads\/2024\/04\/img-1-1.jpg","type":"image\/jpeg"}],"twitter_card":"summary_large_image","schema":{"@context":"https:\/\/schema.org","@graph":[{"@type":"WebPage","@id":"https:\/\/skaitytaknyga.lt\/produktas\/antanas-stravinskas-mecislovas-sakalauskas-mazoji-architektura-iii-knyga\/","url":"https:\/\/skaitytaknyga.lt\/produktas\/antanas-stravinskas-mecislovas-sakalauskas-mazoji-architektura-iii-knyga\/","name":"Ma\u017eoji architekt\u016bra. III knyga","isPartOf":{"@id":"https:\/\/skaitytaknyga.lt\/#website"},"primaryImageOfPage":{"@id":"https:\/\/skaitytaknyga.lt\/produktas\/antanas-stravinskas-mecislovas-sakalauskas-mazoji-architektura-iii-knyga\/#primaryimage"},"image":{"@id":"https:\/\/skaitytaknyga.lt\/produktas\/antanas-stravinskas-mecislovas-sakalauskas-mazoji-architektura-iii-knyga\/#primaryimage"},"thumbnailUrl":"https:\/\/skaitytaknyga.lt\/wp-content\/uploads\/2024\/04\/img-1-1.jpg","datePublished":"2024-05-04T14:31:30+00:00","dateModified":"2025-07-29T06:29:08+00:00","description":"Albumas sudarytas i\u0161 Kauno M. K. \u010ciurlionio dail\u0117s muziejaus, Lietuvos dail\u0117s muziejaus, \u017demai\u010di\u0173 \u201eAlkos\u201c, Roki\u0161kio ir Ukmerg\u0117s kra\u0161totyros muziej\u0173","breadcrumb":{"@id":"https:\/\/skaitytaknyga.lt\/produktas\/antanas-stravinskas-mecislovas-sakalauskas-mazoji-architektura-iii-knyga\/#breadcrumb"},"inLanguage":"en-GB","potentialAction":[{"@type":"ReadAction","target":["https:\/\/skaitytaknyga.lt\/produktas\/antanas-stravinskas-mecislovas-sakalauskas-mazoji-architektura-iii-knyga\/"]}]},{"@type":"ImageObject","inLanguage":"en-GB","@id":"https:\/\/skaitytaknyga.lt\/produktas\/antanas-stravinskas-mecislovas-sakalauskas-mazoji-architektura-iii-knyga\/#primaryimage","url":"https:\/\/skaitytaknyga.lt\/wp-content\/uploads\/2024\/04\/img-1-1.jpg","contentUrl":"https:\/\/skaitytaknyga.lt\/wp-content\/uploads\/2024\/04\/img-1-1.jpg","width":320,"height":420,"caption":"img 1 1"},{"@type":"BreadcrumbList","@id":"https:\/\/skaitytaknyga.lt\/produktas\/antanas-stravinskas-mecislovas-sakalauskas-mazoji-architektura-iii-knyga\/#breadcrumb","itemListElement":[{"@type":"ListItem","position":1,"name":"Home","item":"https:\/\/skaitytaknyga.lt\/"},{"@type":"ListItem","position":2,"name":"Parduotuv\u0117","item":"https:\/\/skaitytaknyga.lt\/knygu-parduotuve\/"},{"@type":"ListItem","position":3,"name":"Ma\u017eoji architekt\u016bra. III knyga"}]},{"@type":"WebSite","@id":"https:\/\/skaitytaknyga.lt\/#website","url":"https:\/\/skaitytaknyga.lt\/","name":"skaitytaknyga.lt","description":"Skaitytaknyga.lt \u2013 tai ma\u017eas \u0161eimos verslas, kuris prasid\u0117jo nuo meil\u0117s knygoms ir siekio i\u0161gelb\u0117ti knygas nuo likimo prie konteinerio. Kas vienam nereikalingas daiktas \u2013 kitam lobis, o mes esame tarpininkai, kurie padeda abiems tapti laimingesniems ???? \u017dinome kaip nelengva i\u0161gyventi ma\u017eiems verslams, tad nuo \u0161iol, \u010dia rasite ir kit\u0173, ma\u017e\u0173 \u0161eim\u0173 versl\u0173, rank\u0173 darbo, dovan\u0173 sau ir artimiesiems.","publisher":{"@id":"https:\/\/skaitytaknyga.lt\/#organization"},"potentialAction":[{"@type":"SearchAction","target":{"@type":"EntryPoint","urlTemplate":"https:\/\/skaitytaknyga.lt\/?s={search_term_string}"},"query-input":{"@type":"PropertyValueSpecification","valueRequired":true,"valueName":"search_term_string"}}],"inLanguage":"en-GB"},{"@type":"Organization","@id":"https:\/\/skaitytaknyga.lt\/#organization","name":"skaitytaknyga.lt","url":"https:\/\/skaitytaknyga.lt\/","logo":{"@type":"ImageObject","inLanguage":"en-GB","@id":"https:\/\/skaitytaknyga.lt\/#\/schema\/logo\/image\/","url":"https:\/\/skaitytaknyga.lt\/wp-content\/uploads\/2024\/05\/cropped-cropped-cropped-02_00843_jt3bggkj1j3HLc7SyY6rEUpg.jpeg","contentUrl":"https:\/\/skaitytaknyga.lt\/wp-content\/uploads\/2024\/05\/cropped-cropped-cropped-02_00843_jt3bggkj1j3HLc7SyY6rEUpg.jpeg","width":1600,"height":1600,"caption":"skaitytaknyga.lt"},"image":{"@id":"https:\/\/skaitytaknyga.lt\/#\/schema\/logo\/image\/"},"sameAs":["https:\/\/www.facebook.com\/skaitytaknyga\/"]}]}},"_links":{"self":[{"href":"https:\/\/skaitytaknyga.lt\/en\/wp-json\/wp\/v2\/product\/7546","targetHints":{"allow":["GET"]}}],"collection":[{"href":"https:\/\/skaitytaknyga.lt\/en\/wp-json\/wp\/v2\/product"}],"about":[{"href":"https:\/\/skaitytaknyga.lt\/en\/wp-json\/wp\/v2\/types\/product"}],"replies":[{"embeddable":true,"href":"https:\/\/skaitytaknyga.lt\/en\/wp-json\/wp\/v2\/comments?post=7546"}],"wp:featuredmedia":[{"embeddable":true,"href":"https:\/\/skaitytaknyga.lt\/en\/wp-json\/wp\/v2\/media\/2758"}],"wp:attachment":[{"href":"https:\/\/skaitytaknyga.lt\/en\/wp-json\/wp\/v2\/media?parent=7546"}],"wp:term":[{"taxonomy":"product_brand","embeddable":true,"href":"https:\/\/skaitytaknyga.lt\/en\/wp-json\/wp\/v2\/product_brand?post=7546"},{"taxonomy":"product_cat","embeddable":true,"href":"https:\/\/skaitytaknyga.lt\/en\/wp-json\/wp\/v2\/product_cat?post=7546"},{"taxonomy":"product_tag","embeddable":true,"href":"https:\/\/skaitytaknyga.lt\/en\/wp-json\/wp\/v2\/product_tag?post=7546"}],"curies":[{"name":"wp","href":"https:\/\/api.w.org\/{rel}","templated":true}]}}