{"id":7544,"date":"2024-05-04T14:31:30","date_gmt":"2024-05-04T14:31:30","guid":{"rendered":"https:\/\/skaitytaknyga.lt\/?post_type=product&#038;p=7544"},"modified":"2025-07-29T09:29:08","modified_gmt":"2025-07-29T06:29:08","slug":"m-k-ciurlionis-32-reprodukcijos-suplyses-deklas-2","status":"publish","type":"product","link":"https:\/\/skaitytaknyga.lt\/en\/produktas\/m-k-ciurlionis-32-reprodukcijos-suplyses-deklas-2\/","title":{"rendered":"M. K. \u010ciurlionis. 32 reprodukcijos (suply\u0161\u0119s d\u0117klas)"},"content":{"rendered":"<p>\u012eD\u0116KL\u0116S \u012ePLY\u0160\u0118S<\/p>\n<p>A3 formato s\u0105siuvinis su A. Venclovos tekstu apie \u010ciurlion\u012f (lietuvi\u0173, rus\u0173, angl\u0173, vokie\u010di\u0173 ir pranc\u016bz\u0173 kalbomis) ir 32 spalvotos reprodukcijos ant A3 formato lap\u0173. Viskas sud\u0117ta \u012f papildom\u0105 aplank\u0105.<\/p>\n","protected":false},"excerpt":{"rendered":"<p>\u012eD\u0116KL\u0116S \u012ePLY\u0160\u0118S A3 formato s\u0105siuvinis su A. Venclovos tekstu apie \u010ciurlion\u012f (lietuvi\u0173, rus\u0173, angl\u0173, vokie\u010di\u0173 ir pranc\u016bz\u0173 kalbomis) ir 32 spalvotos reprodukcijos ant A3 formato lap\u0173. Viskas sud\u0117ta \u012f papildom\u0105 aplank\u0105.<\/p>\n","protected":false},"featured_media":2751,"comment_status":"closed","ping_status":"closed","template":"","meta":{"_acf_changed":false,"site-sidebar-layout":"default","site-content-layout":"","ast-site-content-layout":"default","site-content-style":"default","site-sidebar-style":"default","ast-global-header-display":"","ast-banner-title-visibility":"","ast-main-header-display":"","ast-hfb-above-header-display":"","ast-hfb-below-header-display":"","ast-hfb-mobile-header-display":"","site-post-title":"","ast-breadcrumbs-content":"","ast-featured-img":"","footer-sml-layout":"","ast-disable-related-posts":"","theme-transparent-header-meta":"","adv-header-id-meta":"","stick-header-meta":"","header-above-stick-meta":"","header-main-stick-meta":"","header-below-stick-meta":"","astra-migrate-meta-layouts":"default","ast-page-background-enabled":"default","ast-page-background-meta":{"desktop":{"background-color":"","background-image":"","background-repeat":"repeat","background-position":"center center","background-size":"auto","background-attachment":"scroll","background-type":"","background-media":"","overlay-type":"","overlay-color":"","overlay-opacity":"","overlay-gradient":""},"tablet":{"background-color":"","background-image":"","background-repeat":"repeat","background-position":"center center","background-size":"auto","background-attachment":"scroll","background-type":"","background-media":"","overlay-type":"","overlay-color":"","overlay-opacity":"","overlay-gradient":""},"mobile":{"background-color":"","background-image":"","background-repeat":"repeat","background-position":"center center","background-size":"auto","background-attachment":"scroll","background-type":"","background-media":"","overlay-type":"","overlay-color":"","overlay-opacity":"","overlay-gradient":""}},"ast-content-background-meta":{"desktop":{"background-color":"var(--ast-global-color-4)","background-image":"","background-repeat":"repeat","background-position":"center center","background-size":"auto","background-attachment":"scroll","background-type":"","background-media":"","overlay-type":"","overlay-color":"","overlay-opacity":"","overlay-gradient":""},"tablet":{"background-color":"var(--ast-global-color-4)","background-image":"","background-repeat":"repeat","background-position":"center center","background-size":"auto","background-attachment":"scroll","background-type":"","background-media":"","overlay-type":"","overlay-color":"","overlay-opacity":"","overlay-gradient":""},"mobile":{"background-color":"var(--ast-global-color-4)","background-image":"","background-repeat":"repeat","background-position":"center center","background-size":"auto","background-attachment":"scroll","background-type":"","background-media":"","overlay-type":"","overlay-color":"","overlay-opacity":"","overlay-gradient":""}}},"product_brand":[],"product_cat":[57],"product_tag":[6977,5454,3409,6968,6975],"class_list":{"0":"post-7544","1":"product","2":"type-product","3":"status-publish","4":"has-post-thumbnail","6":"product_cat-menas-ir-albumai","7":"product_tag-a-venclova","8":"product_tag-albumas","9":"product_tag-daile","10":"product_tag-m-k-ciurlionis","11":"product_tag-reprodukcijos","12":"desktop-align-left","13":"tablet-align-left","14":"mobile-align-left","16":"first","17":"outofstock","18":"shipping-taxable","19":"purchasable","20":"product-type-simple"},"acf":[],"yoast_head":"<!-- This site is optimized with the Yoast SEO plugin v27.0 - https:\/\/yoast.com\/product\/yoast-seo-wordpress\/ -->\n<title>M. K. \u010ciurlionis. 32 reprodukcijos (suply\u0161\u0119s d\u0117klas) - Skaitytaknyga<\/title>\n<meta name=\"description\" content=\"\u012eD\u0116KL\u0116S \u012ePLY\u0160\u0118S A3 formato s\u0105siuvinis su A. Venclovos tekstu apie \u010ciurlion\u012f (lietuvi\u0173, rus\u0173, angl\u0173, vokie\u010di\u0173 ir pranc\u016bz\u0173 kalbomis) ir 32 spalvotos\" \/>\n<meta name=\"robots\" content=\"index, follow, max-snippet:-1, max-image-preview:large, max-video-preview:-1\" \/>\n<link rel=\"canonical\" href=\"https:\/\/skaitytaknyga.lt\/en\/produktas\/m-k-ciurlionis-32-reprodukcijos-suplyses-deklas-2\/\" \/>\n<meta property=\"og:locale\" content=\"en_GB\" \/>\n<meta property=\"og:locale:alternate\" content=\"lt_LT\" \/>\n<meta property=\"og:type\" content=\"article\" \/>\n<meta property=\"og:title\" content=\"M. K. \u010ciurlionis. 32 reprodukcijos (suply\u0161\u0119s d\u0117klas) - Skaitytaknyga\" \/>\n<meta property=\"og:description\" content=\"\u012eD\u0116KL\u0116S \u012ePLY\u0160\u0118S A3 formato s\u0105siuvinis su A. Venclovos tekstu apie \u010ciurlion\u012f (lietuvi\u0173, rus\u0173, angl\u0173, vokie\u010di\u0173 ir pranc\u016bz\u0173 kalbomis) ir 32 spalvotos\" \/>\n<meta property=\"og:url\" content=\"https:\/\/skaitytaknyga.lt\/en\/produktas\/m-k-ciurlionis-32-reprodukcijos-suplyses-deklas-2\/\" \/>\n<meta property=\"og:site_name\" content=\"Skaitytaknyga\" \/>\n<meta property=\"article:publisher\" content=\"https:\/\/www.facebook.com\/skaitytaknyga\/\" \/>\n<meta property=\"article:modified_time\" content=\"2025-07-29T06:29:08+00:00\" \/>\n<meta property=\"og:image\" content=\"https:\/\/skaitytaknyga.lt\/wp-content\/uploads\/2024\/04\/1528107272_175835-ciurlionio-reprodukcijos-1975-1.jpg\" \/>\n\t<meta property=\"og:image:width\" content=\"320\" \/>\n\t<meta property=\"og:image:height\" content=\"429\" \/>\n\t<meta property=\"og:image:type\" content=\"image\/jpeg\" \/>\n<meta name=\"twitter:card\" content=\"summary_large_image\" \/>\n<script type=\"application\/ld+json\" class=\"yoast-schema-graph\">{\"@context\":\"https:\/\/schema.org\",\"@graph\":[{\"@type\":\"WebPage\",\"@id\":\"https:\/\/skaitytaknyga.lt\/produktas\/m-k-ciurlionis-32-reprodukcijos-suplyses-deklas-2\/\",\"url\":\"https:\/\/skaitytaknyga.lt\/produktas\/m-k-ciurlionis-32-reprodukcijos-suplyses-deklas-2\/\",\"name\":\"M. K. \u010ciurlionis. 32 reprodukcijos (suply\u0161\u0119s d\u0117klas) - Skaitytaknyga\",\"isPartOf\":{\"@id\":\"https:\/\/skaitytaknyga.lt\/#website\"},\"primaryImageOfPage\":{\"@id\":\"https:\/\/skaitytaknyga.lt\/produktas\/m-k-ciurlionis-32-reprodukcijos-suplyses-deklas-2\/#primaryimage\"},\"image\":{\"@id\":\"https:\/\/skaitytaknyga.lt\/produktas\/m-k-ciurlionis-32-reprodukcijos-suplyses-deklas-2\/#primaryimage\"},\"thumbnailUrl\":\"https:\/\/skaitytaknyga.lt\/wp-content\/uploads\/2024\/04\/1528107272_175835-ciurlionio-reprodukcijos-1975-1.jpg\",\"datePublished\":\"2024-05-04T14:31:30+00:00\",\"dateModified\":\"2025-07-29T06:29:08+00:00\",\"description\":\"\u012eD\u0116KL\u0116S \u012ePLY\u0160\u0118S A3 formato s\u0105siuvinis su A. Venclovos tekstu apie \u010ciurlion\u012f (lietuvi\u0173, rus\u0173, angl\u0173, vokie\u010di\u0173 ir pranc\u016bz\u0173 kalbomis) ir 32 spalvotos\",\"breadcrumb\":{\"@id\":\"https:\/\/skaitytaknyga.lt\/produktas\/m-k-ciurlionis-32-reprodukcijos-suplyses-deklas-2\/#breadcrumb\"},\"inLanguage\":\"en-GB\",\"potentialAction\":[{\"@type\":\"ReadAction\",\"target\":[\"https:\/\/skaitytaknyga.lt\/produktas\/m-k-ciurlionis-32-reprodukcijos-suplyses-deklas-2\/\"]}]},{\"@type\":\"ImageObject\",\"inLanguage\":\"en-GB\",\"@id\":\"https:\/\/skaitytaknyga.lt\/produktas\/m-k-ciurlionis-32-reprodukcijos-suplyses-deklas-2\/#primaryimage\",\"url\":\"https:\/\/skaitytaknyga.lt\/wp-content\/uploads\/2024\/04\/1528107272_175835-ciurlionio-reprodukcijos-1975-1.jpg\",\"contentUrl\":\"https:\/\/skaitytaknyga.lt\/wp-content\/uploads\/2024\/04\/1528107272_175835-ciurlionio-reprodukcijos-1975-1.jpg\",\"width\":320,\"height\":429,\"caption\":\"1528107272 175835 ciurlionio reprodukcijos 1975 1\"},{\"@type\":\"BreadcrumbList\",\"@id\":\"https:\/\/skaitytaknyga.lt\/produktas\/m-k-ciurlionis-32-reprodukcijos-suplyses-deklas-2\/#breadcrumb\",\"itemListElement\":[{\"@type\":\"ListItem\",\"position\":1,\"name\":\"Home\",\"item\":\"https:\/\/skaitytaknyga.lt\/\"},{\"@type\":\"ListItem\",\"position\":2,\"name\":\"Parduotuv\u0117\",\"item\":\"https:\/\/skaitytaknyga.lt\/knygu-parduotuve\/\"},{\"@type\":\"ListItem\",\"position\":3,\"name\":\"M. K. \u010ciurlionis. 32 reprodukcijos (suply\u0161\u0119s d\u0117klas)\"}]},{\"@type\":\"WebSite\",\"@id\":\"https:\/\/skaitytaknyga.lt\/#website\",\"url\":\"https:\/\/skaitytaknyga.lt\/\",\"name\":\"skaitytaknyga.lt\",\"description\":\"Skaitytaknyga.lt \u2013 tai ma\u017eas \u0161eimos verslas, kuris prasid\u0117jo nuo meil\u0117s knygoms ir siekio i\u0161gelb\u0117ti knygas nuo likimo prie konteinerio. Kas vienam nereikalingas daiktas \u2013 kitam lobis, o mes esame tarpininkai, kurie padeda abiems tapti laimingesniems ???? \u017dinome kaip nelengva i\u0161gyventi ma\u017eiems verslams, tad nuo \u0161iol, \u010dia rasite ir kit\u0173, ma\u017e\u0173 \u0161eim\u0173 versl\u0173, rank\u0173 darbo, dovan\u0173 sau ir artimiesiems.\",\"publisher\":{\"@id\":\"https:\/\/skaitytaknyga.lt\/#organization\"},\"potentialAction\":[{\"@type\":\"SearchAction\",\"target\":{\"@type\":\"EntryPoint\",\"urlTemplate\":\"https:\/\/skaitytaknyga.lt\/?s={search_term_string}\"},\"query-input\":{\"@type\":\"PropertyValueSpecification\",\"valueRequired\":true,\"valueName\":\"search_term_string\"}}],\"inLanguage\":\"en-GB\"},{\"@type\":\"Organization\",\"@id\":\"https:\/\/skaitytaknyga.lt\/#organization\",\"name\":\"skaitytaknyga.lt\",\"url\":\"https:\/\/skaitytaknyga.lt\/\",\"logo\":{\"@type\":\"ImageObject\",\"inLanguage\":\"en-GB\",\"@id\":\"https:\/\/skaitytaknyga.lt\/#\/schema\/logo\/image\/\",\"url\":\"https:\/\/skaitytaknyga.lt\/wp-content\/uploads\/2024\/05\/cropped-cropped-cropped-02_00843_jt3bggkj1j3HLc7SyY6rEUpg.jpeg\",\"contentUrl\":\"https:\/\/skaitytaknyga.lt\/wp-content\/uploads\/2024\/05\/cropped-cropped-cropped-02_00843_jt3bggkj1j3HLc7SyY6rEUpg.jpeg\",\"width\":1600,\"height\":1600,\"caption\":\"skaitytaknyga.lt\"},\"image\":{\"@id\":\"https:\/\/skaitytaknyga.lt\/#\/schema\/logo\/image\/\"},\"sameAs\":[\"https:\/\/www.facebook.com\/skaitytaknyga\/\"]}]}<\/script>\n<!-- \/ Yoast SEO plugin. -->","yoast_head_json":{"title":"M. K. \u010ciurlionis. 32 reprodukcijos (suply\u0161\u0119s d\u0117klas) - Skaitytaknyga","description":"\u012eD\u0116KL\u0116S \u012ePLY\u0160\u0118S A3 formato s\u0105siuvinis su A. Venclovos tekstu apie \u010ciurlion\u012f (lietuvi\u0173, rus\u0173, angl\u0173, vokie\u010di\u0173 ir pranc\u016bz\u0173 kalbomis) ir 32 spalvotos","robots":{"index":"index","follow":"follow","max-snippet":"max-snippet:-1","max-image-preview":"max-image-preview:large","max-video-preview":"max-video-preview:-1"},"canonical":"https:\/\/skaitytaknyga.lt\/en\/produktas\/m-k-ciurlionis-32-reprodukcijos-suplyses-deklas-2\/","og_locale":"en_GB","og_type":"article","og_title":"M. K. \u010ciurlionis. 32 reprodukcijos (suply\u0161\u0119s d\u0117klas) - Skaitytaknyga","og_description":"\u012eD\u0116KL\u0116S \u012ePLY\u0160\u0118S A3 formato s\u0105siuvinis su A. Venclovos tekstu apie \u010ciurlion\u012f (lietuvi\u0173, rus\u0173, angl\u0173, vokie\u010di\u0173 ir pranc\u016bz\u0173 kalbomis) ir 32 spalvotos","og_url":"https:\/\/skaitytaknyga.lt\/en\/produktas\/m-k-ciurlionis-32-reprodukcijos-suplyses-deklas-2\/","og_site_name":"Skaitytaknyga","article_publisher":"https:\/\/www.facebook.com\/skaitytaknyga\/","article_modified_time":"2025-07-29T06:29:08+00:00","og_image":[{"width":320,"height":429,"url":"https:\/\/skaitytaknyga.lt\/wp-content\/uploads\/2024\/04\/1528107272_175835-ciurlionio-reprodukcijos-1975-1.jpg","type":"image\/jpeg"}],"twitter_card":"summary_large_image","schema":{"@context":"https:\/\/schema.org","@graph":[{"@type":"WebPage","@id":"https:\/\/skaitytaknyga.lt\/produktas\/m-k-ciurlionis-32-reprodukcijos-suplyses-deklas-2\/","url":"https:\/\/skaitytaknyga.lt\/produktas\/m-k-ciurlionis-32-reprodukcijos-suplyses-deklas-2\/","name":"M. K. \u010ciurlionis. 32 reprodukcijos (suply\u0161\u0119s d\u0117klas) - Skaitytaknyga","isPartOf":{"@id":"https:\/\/skaitytaknyga.lt\/#website"},"primaryImageOfPage":{"@id":"https:\/\/skaitytaknyga.lt\/produktas\/m-k-ciurlionis-32-reprodukcijos-suplyses-deklas-2\/#primaryimage"},"image":{"@id":"https:\/\/skaitytaknyga.lt\/produktas\/m-k-ciurlionis-32-reprodukcijos-suplyses-deklas-2\/#primaryimage"},"thumbnailUrl":"https:\/\/skaitytaknyga.lt\/wp-content\/uploads\/2024\/04\/1528107272_175835-ciurlionio-reprodukcijos-1975-1.jpg","datePublished":"2024-05-04T14:31:30+00:00","dateModified":"2025-07-29T06:29:08+00:00","description":"\u012eD\u0116KL\u0116S \u012ePLY\u0160\u0118S A3 formato s\u0105siuvinis su A. Venclovos tekstu apie \u010ciurlion\u012f (lietuvi\u0173, rus\u0173, angl\u0173, vokie\u010di\u0173 ir pranc\u016bz\u0173 kalbomis) ir 32 spalvotos","breadcrumb":{"@id":"https:\/\/skaitytaknyga.lt\/produktas\/m-k-ciurlionis-32-reprodukcijos-suplyses-deklas-2\/#breadcrumb"},"inLanguage":"en-GB","potentialAction":[{"@type":"ReadAction","target":["https:\/\/skaitytaknyga.lt\/produktas\/m-k-ciurlionis-32-reprodukcijos-suplyses-deklas-2\/"]}]},{"@type":"ImageObject","inLanguage":"en-GB","@id":"https:\/\/skaitytaknyga.lt\/produktas\/m-k-ciurlionis-32-reprodukcijos-suplyses-deklas-2\/#primaryimage","url":"https:\/\/skaitytaknyga.lt\/wp-content\/uploads\/2024\/04\/1528107272_175835-ciurlionio-reprodukcijos-1975-1.jpg","contentUrl":"https:\/\/skaitytaknyga.lt\/wp-content\/uploads\/2024\/04\/1528107272_175835-ciurlionio-reprodukcijos-1975-1.jpg","width":320,"height":429,"caption":"1528107272 175835 ciurlionio reprodukcijos 1975 1"},{"@type":"BreadcrumbList","@id":"https:\/\/skaitytaknyga.lt\/produktas\/m-k-ciurlionis-32-reprodukcijos-suplyses-deklas-2\/#breadcrumb","itemListElement":[{"@type":"ListItem","position":1,"name":"Home","item":"https:\/\/skaitytaknyga.lt\/"},{"@type":"ListItem","position":2,"name":"Parduotuv\u0117","item":"https:\/\/skaitytaknyga.lt\/knygu-parduotuve\/"},{"@type":"ListItem","position":3,"name":"M. K. \u010ciurlionis. 32 reprodukcijos (suply\u0161\u0119s d\u0117klas)"}]},{"@type":"WebSite","@id":"https:\/\/skaitytaknyga.lt\/#website","url":"https:\/\/skaitytaknyga.lt\/","name":"skaitytaknyga.lt","description":"Skaitytaknyga.lt \u2013 tai ma\u017eas \u0161eimos verslas, kuris prasid\u0117jo nuo meil\u0117s knygoms ir siekio i\u0161gelb\u0117ti knygas nuo likimo prie konteinerio. Kas vienam nereikalingas daiktas \u2013 kitam lobis, o mes esame tarpininkai, kurie padeda abiems tapti laimingesniems ???? \u017dinome kaip nelengva i\u0161gyventi ma\u017eiems verslams, tad nuo \u0161iol, \u010dia rasite ir kit\u0173, ma\u017e\u0173 \u0161eim\u0173 versl\u0173, rank\u0173 darbo, dovan\u0173 sau ir artimiesiems.","publisher":{"@id":"https:\/\/skaitytaknyga.lt\/#organization"},"potentialAction":[{"@type":"SearchAction","target":{"@type":"EntryPoint","urlTemplate":"https:\/\/skaitytaknyga.lt\/?s={search_term_string}"},"query-input":{"@type":"PropertyValueSpecification","valueRequired":true,"valueName":"search_term_string"}}],"inLanguage":"en-GB"},{"@type":"Organization","@id":"https:\/\/skaitytaknyga.lt\/#organization","name":"skaitytaknyga.lt","url":"https:\/\/skaitytaknyga.lt\/","logo":{"@type":"ImageObject","inLanguage":"en-GB","@id":"https:\/\/skaitytaknyga.lt\/#\/schema\/logo\/image\/","url":"https:\/\/skaitytaknyga.lt\/wp-content\/uploads\/2024\/05\/cropped-cropped-cropped-02_00843_jt3bggkj1j3HLc7SyY6rEUpg.jpeg","contentUrl":"https:\/\/skaitytaknyga.lt\/wp-content\/uploads\/2024\/05\/cropped-cropped-cropped-02_00843_jt3bggkj1j3HLc7SyY6rEUpg.jpeg","width":1600,"height":1600,"caption":"skaitytaknyga.lt"},"image":{"@id":"https:\/\/skaitytaknyga.lt\/#\/schema\/logo\/image\/"},"sameAs":["https:\/\/www.facebook.com\/skaitytaknyga\/"]}]}},"_links":{"self":[{"href":"https:\/\/skaitytaknyga.lt\/en\/wp-json\/wp\/v2\/product\/7544","targetHints":{"allow":["GET"]}}],"collection":[{"href":"https:\/\/skaitytaknyga.lt\/en\/wp-json\/wp\/v2\/product"}],"about":[{"href":"https:\/\/skaitytaknyga.lt\/en\/wp-json\/wp\/v2\/types\/product"}],"replies":[{"embeddable":true,"href":"https:\/\/skaitytaknyga.lt\/en\/wp-json\/wp\/v2\/comments?post=7544"}],"wp:featuredmedia":[{"embeddable":true,"href":"https:\/\/skaitytaknyga.lt\/en\/wp-json\/wp\/v2\/media\/2751"}],"wp:attachment":[{"href":"https:\/\/skaitytaknyga.lt\/en\/wp-json\/wp\/v2\/media?parent=7544"}],"wp:term":[{"taxonomy":"product_brand","embeddable":true,"href":"https:\/\/skaitytaknyga.lt\/en\/wp-json\/wp\/v2\/product_brand?post=7544"},{"taxonomy":"product_cat","embeddable":true,"href":"https:\/\/skaitytaknyga.lt\/en\/wp-json\/wp\/v2\/product_cat?post=7544"},{"taxonomy":"product_tag","embeddable":true,"href":"https:\/\/skaitytaknyga.lt\/en\/wp-json\/wp\/v2\/product_tag?post=7544"}],"curies":[{"name":"wp","href":"https:\/\/api.w.org\/{rel}","templated":true}]}}