{"id":7540,"date":"2024-05-04T14:31:13","date_gmt":"2024-05-04T14:31:13","guid":{"rendered":"https:\/\/skaitytaknyga.lt\/?post_type=product&#038;p=7540"},"modified":"2024-05-04T14:31:27","modified_gmt":"2024-05-04T14:31:27","slug":"aleksandras-svijasas-ismintingas-pasaulis-pagelte-lapai-2","status":"publish","type":"product","link":"https:\/\/skaitytaknyga.lt\/en\/produktas\/aleksandras-svijasas-ismintingas-pasaulis-pagelte-lapai-2\/","title":{"rendered":"Aleksandras Svija\u0161as \u201eI\u0161mintingas pasaulis\u201c (pagelt\u0119 lapai)"},"content":{"rendered":"<p>\u017dmogui b\u016bdinga siekti tiksl\u0173. S\u0117kminga karjera, gerov\u0117, meil\u0117, \u0161eima, vaikai, i\u0161silavinimas, poilsis, k\u016bryba, \u2013 tai toli gra\u017eu ne visas m\u016bs\u0173 poreiki\u0173 s\u0105ra\u0161as. \u017dinoma, mes norime, kad viskas klot\u0173si skland\u017eiai.<\/p>\n<p>Deja, dauguma m\u016bs\u0173 gyvena r\u016bpes\u010di\u0173 ir neigiam\u0173 i\u0161gyvenim\u0173 kupiname pasaulyje. Kod\u0117l taip yra?<\/p>\n<p>Ar galima padaryti taip, kad problemos lengvai ir greitai i\u0161nykt\u0173, kad tiksl\u0173 link jud\u0117tume greitai ir lengvai ir kad gyvenimas teikt\u0173 vien malonum\u0105? Kaip i\u0161mokti gyventi ramiai ir d\u017eiaugsmingai, kaip atsikratyti visai bereikaling\u0173 r\u016bpes\u010di\u0173?<\/p>\n<p>Jeigu \u0161is ir kiti pana\u0161\u016bs klausimai kirba j\u016bs\u0173 galvoje, tai m\u016bs\u0173 knyga skirta kaip tik jums.<\/p>\n","protected":false},"excerpt":{"rendered":"<p>\u017dmogui b\u016bdinga siekti tiksl\u0173. S\u0117kminga karjera, gerov\u0117, meil\u0117, \u0161eima, vaikai, i\u0161silavinimas, poilsis, k\u016bryba, \u2013 tai toli gra\u017eu ne visas m\u016bs\u0173 poreiki\u0173 s\u0105ra\u0161as. \u017dinoma, mes norime, kad viskas klot\u0173si skland\u017eiai. Deja, dauguma m\u016bs\u0173 gyvena r\u016bpes\u010di\u0173 ir neigiam\u0173 i\u0161gyvenim\u0173 kupiname pasaulyje. Kod\u0117l taip yra? Ar galima padaryti taip, kad problemos lengvai ir greitai i\u0161nykt\u0173, kad tiksl\u0173 link jud\u0117tume greitai ir lengvai ir kad gyvenimas teikt\u0173 vien malonum\u0105? Kaip i\u0161mokti gyventi ramiai ir d\u017eiaugsmingai, kaip atsikratyti visai bereikaling\u0173 r\u016bpes\u010di\u0173? Jeigu \u0161is ir kiti pana\u0161\u016bs klausimai kirba j\u016bs\u0173 galvoje, tai m\u016bs\u0173 knyga skirta kaip tik jums.<\/p>\n","protected":false},"featured_media":2719,"comment_status":"closed","ping_status":"closed","template":"","meta":{"_acf_changed":false,"site-sidebar-layout":"default","site-content-layout":"","ast-site-content-layout":"default","site-content-style":"default","site-sidebar-style":"default","ast-global-header-display":"","ast-banner-title-visibility":"","ast-main-header-display":"","ast-hfb-above-header-display":"","ast-hfb-below-header-display":"","ast-hfb-mobile-header-display":"","site-post-title":"","ast-breadcrumbs-content":"","ast-featured-img":"","footer-sml-layout":"","ast-disable-related-posts":"","theme-transparent-header-meta":"","adv-header-id-meta":"","stick-header-meta":"","header-above-stick-meta":"","header-main-stick-meta":"","header-below-stick-meta":"","astra-migrate-meta-layouts":"default","ast-page-background-enabled":"default","ast-page-background-meta":{"desktop":{"background-color":"","background-image":"","background-repeat":"repeat","background-position":"center center","background-size":"auto","background-attachment":"scroll","background-type":"","background-media":"","overlay-type":"","overlay-color":"","overlay-opacity":"","overlay-gradient":""},"tablet":{"background-color":"","background-image":"","background-repeat":"repeat","background-position":"center center","background-size":"auto","background-attachment":"scroll","background-type":"","background-media":"","overlay-type":"","overlay-color":"","overlay-opacity":"","overlay-gradient":""},"mobile":{"background-color":"","background-image":"","background-repeat":"repeat","background-position":"center center","background-size":"auto","background-attachment":"scroll","background-type":"","background-media":"","overlay-type":"","overlay-color":"","overlay-opacity":"","overlay-gradient":""}},"ast-content-background-meta":{"desktop":{"background-color":"var(--ast-global-color-4)","background-image":"","background-repeat":"repeat","background-position":"center center","background-size":"auto","background-attachment":"scroll","background-type":"","background-media":"","overlay-type":"","overlay-color":"","overlay-opacity":"","overlay-gradient":""},"tablet":{"background-color":"var(--ast-global-color-4)","background-image":"","background-repeat":"repeat","background-position":"center center","background-size":"auto","background-attachment":"scroll","background-type":"","background-media":"","overlay-type":"","overlay-color":"","overlay-opacity":"","overlay-gradient":""},"mobile":{"background-color":"var(--ast-global-color-4)","background-image":"","background-repeat":"repeat","background-position":"center center","background-size":"auto","background-attachment":"scroll","background-type":"","background-media":"","overlay-type":"","overlay-color":"","overlay-opacity":"","overlay-gradient":""}}},"product_brand":[],"product_cat":[30],"product_tag":[],"class_list":{"0":"post-7540","1":"product","2":"type-product","3":"status-publish","4":"has-post-thumbnail","6":"product_cat-psichologija-ir-saviugda","7":"desktop-align-left","8":"tablet-align-left","9":"mobile-align-left","11":"first","12":"outofstock","13":"shipping-taxable","14":"purchasable","15":"product-type-simple"},"acf":[],"yoast_head":"<!-- This site is optimized with the Yoast SEO plugin v27.4 - https:\/\/yoast.com\/product\/yoast-seo-wordpress\/ -->\n<title>Aleksandras Svija\u0161as \u201eI\u0161mintingas pasaulis\u201c (pagelt\u0119 lapai) - Skaitytaknyga<\/title>\n<meta name=\"description\" content=\"\u017dmogui b\u016bdinga siekti tiksl\u0173. S\u0117kminga karjera, gerov\u0117, meil\u0117, \u0161eima, vaikai, i\u0161silavinimas, poilsis, k\u016bryba, \u2013 tai toli gra\u017eu ne visas m\u016bs\u0173 poreiki\u0173\" \/>\n<meta name=\"robots\" content=\"index, follow, max-snippet:-1, max-image-preview:large, max-video-preview:-1\" \/>\n<link rel=\"canonical\" href=\"https:\/\/skaitytaknyga.lt\/en\/produktas\/aleksandras-svijasas-ismintingas-pasaulis-pagelte-lapai-2\/\" \/>\n<meta property=\"og:locale\" content=\"en_GB\" \/>\n<meta property=\"og:locale:alternate\" content=\"lt_LT\" \/>\n<meta property=\"og:type\" content=\"article\" \/>\n<meta property=\"og:title\" content=\"Aleksandras Svija\u0161as \u201eI\u0161mintingas pasaulis\u201c (pagelt\u0119 lapai) - Skaitytaknyga\" \/>\n<meta property=\"og:description\" content=\"\u017dmogui b\u016bdinga siekti tiksl\u0173. S\u0117kminga karjera, gerov\u0117, meil\u0117, \u0161eima, vaikai, i\u0161silavinimas, poilsis, k\u016bryba, \u2013 tai toli gra\u017eu ne visas m\u016bs\u0173 poreiki\u0173\" \/>\n<meta property=\"og:url\" content=\"https:\/\/skaitytaknyga.lt\/en\/produktas\/aleksandras-svijasas-ismintingas-pasaulis-pagelte-lapai-2\/\" \/>\n<meta property=\"og:site_name\" content=\"Skaitytaknyga\" \/>\n<meta property=\"article:publisher\" content=\"https:\/\/www.facebook.com\/skaitytaknyga\/\" \/>\n<meta property=\"article:modified_time\" content=\"2024-05-04T14:31:27+00:00\" \/>\n<meta property=\"og:image\" content=\"https:\/\/skaitytaknyga.lt\/wp-content\/uploads\/2024\/04\/125457-0d21d5a4-1819-4605-9eb2-f1cdbb30fb05-e1606592666181.jpg\" \/>\n\t<meta property=\"og:image:width\" content=\"418\" \/>\n\t<meta property=\"og:image:height\" content=\"658\" \/>\n\t<meta property=\"og:image:type\" content=\"image\/jpeg\" \/>\n<meta name=\"twitter:card\" content=\"summary_large_image\" \/>\n<meta name=\"twitter:label1\" content=\"Estimated reading time\" \/>\n\t<meta name=\"twitter:data1\" content=\"1 minute\" \/>\n<script type=\"application\/ld+json\" class=\"yoast-schema-graph\">{\"@context\":\"https:\\\/\\\/schema.org\",\"@graph\":[{\"@type\":\"WebPage\",\"@id\":\"https:\\\/\\\/skaitytaknyga.lt\\\/produktas\\\/aleksandras-svijasas-ismintingas-pasaulis-pagelte-lapai-2\\\/\",\"url\":\"https:\\\/\\\/skaitytaknyga.lt\\\/produktas\\\/aleksandras-svijasas-ismintingas-pasaulis-pagelte-lapai-2\\\/\",\"name\":\"Aleksandras Svija\u0161as \u201eI\u0161mintingas pasaulis\u201c (pagelt\u0119 lapai) - Skaitytaknyga\",\"isPartOf\":{\"@id\":\"https:\\\/\\\/skaitytaknyga.lt\\\/#website\"},\"primaryImageOfPage\":{\"@id\":\"https:\\\/\\\/skaitytaknyga.lt\\\/produktas\\\/aleksandras-svijasas-ismintingas-pasaulis-pagelte-lapai-2\\\/#primaryimage\"},\"image\":{\"@id\":\"https:\\\/\\\/skaitytaknyga.lt\\\/produktas\\\/aleksandras-svijasas-ismintingas-pasaulis-pagelte-lapai-2\\\/#primaryimage\"},\"thumbnailUrl\":\"https:\\\/\\\/skaitytaknyga.lt\\\/wp-content\\\/uploads\\\/2024\\\/04\\\/125457-0d21d5a4-1819-4605-9eb2-f1cdbb30fb05-e1606592666181.jpg\",\"datePublished\":\"2024-05-04T14:31:13+00:00\",\"dateModified\":\"2024-05-04T14:31:27+00:00\",\"description\":\"\u017dmogui b\u016bdinga siekti tiksl\u0173. S\u0117kminga karjera, gerov\u0117, meil\u0117, \u0161eima, vaikai, i\u0161silavinimas, poilsis, k\u016bryba, \u2013 tai toli gra\u017eu ne visas m\u016bs\u0173 poreiki\u0173\",\"breadcrumb\":{\"@id\":\"https:\\\/\\\/skaitytaknyga.lt\\\/produktas\\\/aleksandras-svijasas-ismintingas-pasaulis-pagelte-lapai-2\\\/#breadcrumb\"},\"inLanguage\":\"en-GB\",\"potentialAction\":[{\"@type\":\"ReadAction\",\"target\":[\"https:\\\/\\\/skaitytaknyga.lt\\\/produktas\\\/aleksandras-svijasas-ismintingas-pasaulis-pagelte-lapai-2\\\/\"]}]},{\"@type\":\"ImageObject\",\"inLanguage\":\"en-GB\",\"@id\":\"https:\\\/\\\/skaitytaknyga.lt\\\/produktas\\\/aleksandras-svijasas-ismintingas-pasaulis-pagelte-lapai-2\\\/#primaryimage\",\"url\":\"https:\\\/\\\/skaitytaknyga.lt\\\/wp-content\\\/uploads\\\/2024\\\/04\\\/125457-0d21d5a4-1819-4605-9eb2-f1cdbb30fb05-e1606592666181.jpg\",\"contentUrl\":\"https:\\\/\\\/skaitytaknyga.lt\\\/wp-content\\\/uploads\\\/2024\\\/04\\\/125457-0d21d5a4-1819-4605-9eb2-f1cdbb30fb05-e1606592666181.jpg\",\"width\":418,\"height\":658,\"caption\":\"125457 0d21d5a4 1819 4605 9eb2 f1cdbb30fb05 e1606592666181\"},{\"@type\":\"BreadcrumbList\",\"@id\":\"https:\\\/\\\/skaitytaknyga.lt\\\/produktas\\\/aleksandras-svijasas-ismintingas-pasaulis-pagelte-lapai-2\\\/#breadcrumb\",\"itemListElement\":[{\"@type\":\"ListItem\",\"position\":1,\"name\":\"Home\",\"item\":\"https:\\\/\\\/skaitytaknyga.lt\\\/\"},{\"@type\":\"ListItem\",\"position\":2,\"name\":\"Parduotuv\u0117\",\"item\":\"https:\\\/\\\/skaitytaknyga.lt\\\/knygu-parduotuve\\\/\"},{\"@type\":\"ListItem\",\"position\":3,\"name\":\"Aleksandras Svija\u0161as \u201eI\u0161mintingas pasaulis\u201c (pagelt\u0119 lapai)\"}]},{\"@type\":\"WebSite\",\"@id\":\"https:\\\/\\\/skaitytaknyga.lt\\\/#website\",\"url\":\"https:\\\/\\\/skaitytaknyga.lt\\\/\",\"name\":\"skaitytaknyga.lt\",\"description\":\"Skaitytaknyga.lt \u2013 tai ma\u017eas \u0161eimos verslas, kuris prasid\u0117jo nuo meil\u0117s knygoms ir siekio i\u0161gelb\u0117ti knygas nuo likimo prie konteinerio. Kas vienam nereikalingas daiktas \u2013 kitam lobis, o mes esame tarpininkai, kurie padeda abiems tapti laimingesniems ???? \u017dinome kaip nelengva i\u0161gyventi ma\u017eiems verslams, tad nuo \u0161iol, \u010dia rasite ir kit\u0173, ma\u017e\u0173 \u0161eim\u0173 versl\u0173, rank\u0173 darbo, dovan\u0173 sau ir artimiesiems.\",\"publisher\":{\"@id\":\"https:\\\/\\\/skaitytaknyga.lt\\\/#organization\"},\"potentialAction\":[{\"@type\":\"SearchAction\",\"target\":{\"@type\":\"EntryPoint\",\"urlTemplate\":\"https:\\\/\\\/skaitytaknyga.lt\\\/?s={search_term_string}\"},\"query-input\":{\"@type\":\"PropertyValueSpecification\",\"valueRequired\":true,\"valueName\":\"search_term_string\"}}],\"inLanguage\":\"en-GB\"},{\"@type\":\"Organization\",\"@id\":\"https:\\\/\\\/skaitytaknyga.lt\\\/#organization\",\"name\":\"skaitytaknyga.lt\",\"url\":\"https:\\\/\\\/skaitytaknyga.lt\\\/\",\"logo\":{\"@type\":\"ImageObject\",\"inLanguage\":\"en-GB\",\"@id\":\"https:\\\/\\\/skaitytaknyga.lt\\\/#\\\/schema\\\/logo\\\/image\\\/\",\"url\":\"https:\\\/\\\/skaitytaknyga.lt\\\/wp-content\\\/uploads\\\/2024\\\/05\\\/cropped-cropped-cropped-02_00843_jt3bggkj1j3HLc7SyY6rEUpg.jpeg\",\"contentUrl\":\"https:\\\/\\\/skaitytaknyga.lt\\\/wp-content\\\/uploads\\\/2024\\\/05\\\/cropped-cropped-cropped-02_00843_jt3bggkj1j3HLc7SyY6rEUpg.jpeg\",\"width\":1600,\"height\":1600,\"caption\":\"skaitytaknyga.lt\"},\"image\":{\"@id\":\"https:\\\/\\\/skaitytaknyga.lt\\\/#\\\/schema\\\/logo\\\/image\\\/\"},\"sameAs\":[\"https:\\\/\\\/www.facebook.com\\\/skaitytaknyga\\\/\"]}]}<\/script>\n<!-- \/ Yoast SEO plugin. -->","yoast_head_json":{"title":"Aleksandras Svija\u0161as \u201eI\u0161mintingas pasaulis\u201c (pagelt\u0119 lapai) - Skaitytaknyga","description":"\u017dmogui b\u016bdinga siekti tiksl\u0173. S\u0117kminga karjera, gerov\u0117, meil\u0117, \u0161eima, vaikai, i\u0161silavinimas, poilsis, k\u016bryba, \u2013 tai toli gra\u017eu ne visas m\u016bs\u0173 poreiki\u0173","robots":{"index":"index","follow":"follow","max-snippet":"max-snippet:-1","max-image-preview":"max-image-preview:large","max-video-preview":"max-video-preview:-1"},"canonical":"https:\/\/skaitytaknyga.lt\/en\/produktas\/aleksandras-svijasas-ismintingas-pasaulis-pagelte-lapai-2\/","og_locale":"en_GB","og_type":"article","og_title":"Aleksandras Svija\u0161as \u201eI\u0161mintingas pasaulis\u201c (pagelt\u0119 lapai) - Skaitytaknyga","og_description":"\u017dmogui b\u016bdinga siekti tiksl\u0173. S\u0117kminga karjera, gerov\u0117, meil\u0117, \u0161eima, vaikai, i\u0161silavinimas, poilsis, k\u016bryba, \u2013 tai toli gra\u017eu ne visas m\u016bs\u0173 poreiki\u0173","og_url":"https:\/\/skaitytaknyga.lt\/en\/produktas\/aleksandras-svijasas-ismintingas-pasaulis-pagelte-lapai-2\/","og_site_name":"Skaitytaknyga","article_publisher":"https:\/\/www.facebook.com\/skaitytaknyga\/","article_modified_time":"2024-05-04T14:31:27+00:00","og_image":[{"width":418,"height":658,"url":"https:\/\/skaitytaknyga.lt\/wp-content\/uploads\/2024\/04\/125457-0d21d5a4-1819-4605-9eb2-f1cdbb30fb05-e1606592666181.jpg","type":"image\/jpeg"}],"twitter_card":"summary_large_image","twitter_misc":{"Estimated reading time":"1 minute"},"schema":{"@context":"https:\/\/schema.org","@graph":[{"@type":"WebPage","@id":"https:\/\/skaitytaknyga.lt\/produktas\/aleksandras-svijasas-ismintingas-pasaulis-pagelte-lapai-2\/","url":"https:\/\/skaitytaknyga.lt\/produktas\/aleksandras-svijasas-ismintingas-pasaulis-pagelte-lapai-2\/","name":"Aleksandras Svija\u0161as \u201eI\u0161mintingas pasaulis\u201c (pagelt\u0119 lapai) - Skaitytaknyga","isPartOf":{"@id":"https:\/\/skaitytaknyga.lt\/#website"},"primaryImageOfPage":{"@id":"https:\/\/skaitytaknyga.lt\/produktas\/aleksandras-svijasas-ismintingas-pasaulis-pagelte-lapai-2\/#primaryimage"},"image":{"@id":"https:\/\/skaitytaknyga.lt\/produktas\/aleksandras-svijasas-ismintingas-pasaulis-pagelte-lapai-2\/#primaryimage"},"thumbnailUrl":"https:\/\/skaitytaknyga.lt\/wp-content\/uploads\/2024\/04\/125457-0d21d5a4-1819-4605-9eb2-f1cdbb30fb05-e1606592666181.jpg","datePublished":"2024-05-04T14:31:13+00:00","dateModified":"2024-05-04T14:31:27+00:00","description":"\u017dmogui b\u016bdinga siekti tiksl\u0173. S\u0117kminga karjera, gerov\u0117, meil\u0117, \u0161eima, vaikai, i\u0161silavinimas, poilsis, k\u016bryba, \u2013 tai toli gra\u017eu ne visas m\u016bs\u0173 poreiki\u0173","breadcrumb":{"@id":"https:\/\/skaitytaknyga.lt\/produktas\/aleksandras-svijasas-ismintingas-pasaulis-pagelte-lapai-2\/#breadcrumb"},"inLanguage":"en-GB","potentialAction":[{"@type":"ReadAction","target":["https:\/\/skaitytaknyga.lt\/produktas\/aleksandras-svijasas-ismintingas-pasaulis-pagelte-lapai-2\/"]}]},{"@type":"ImageObject","inLanguage":"en-GB","@id":"https:\/\/skaitytaknyga.lt\/produktas\/aleksandras-svijasas-ismintingas-pasaulis-pagelte-lapai-2\/#primaryimage","url":"https:\/\/skaitytaknyga.lt\/wp-content\/uploads\/2024\/04\/125457-0d21d5a4-1819-4605-9eb2-f1cdbb30fb05-e1606592666181.jpg","contentUrl":"https:\/\/skaitytaknyga.lt\/wp-content\/uploads\/2024\/04\/125457-0d21d5a4-1819-4605-9eb2-f1cdbb30fb05-e1606592666181.jpg","width":418,"height":658,"caption":"125457 0d21d5a4 1819 4605 9eb2 f1cdbb30fb05 e1606592666181"},{"@type":"BreadcrumbList","@id":"https:\/\/skaitytaknyga.lt\/produktas\/aleksandras-svijasas-ismintingas-pasaulis-pagelte-lapai-2\/#breadcrumb","itemListElement":[{"@type":"ListItem","position":1,"name":"Home","item":"https:\/\/skaitytaknyga.lt\/"},{"@type":"ListItem","position":2,"name":"Parduotuv\u0117","item":"https:\/\/skaitytaknyga.lt\/knygu-parduotuve\/"},{"@type":"ListItem","position":3,"name":"Aleksandras Svija\u0161as \u201eI\u0161mintingas pasaulis\u201c (pagelt\u0119 lapai)"}]},{"@type":"WebSite","@id":"https:\/\/skaitytaknyga.lt\/#website","url":"https:\/\/skaitytaknyga.lt\/","name":"skaitytaknyga.lt","description":"Skaitytaknyga.lt \u2013 tai ma\u017eas \u0161eimos verslas, kuris prasid\u0117jo nuo meil\u0117s knygoms ir siekio i\u0161gelb\u0117ti knygas nuo likimo prie konteinerio. Kas vienam nereikalingas daiktas \u2013 kitam lobis, o mes esame tarpininkai, kurie padeda abiems tapti laimingesniems ???? \u017dinome kaip nelengva i\u0161gyventi ma\u017eiems verslams, tad nuo \u0161iol, \u010dia rasite ir kit\u0173, ma\u017e\u0173 \u0161eim\u0173 versl\u0173, rank\u0173 darbo, dovan\u0173 sau ir artimiesiems.","publisher":{"@id":"https:\/\/skaitytaknyga.lt\/#organization"},"potentialAction":[{"@type":"SearchAction","target":{"@type":"EntryPoint","urlTemplate":"https:\/\/skaitytaknyga.lt\/?s={search_term_string}"},"query-input":{"@type":"PropertyValueSpecification","valueRequired":true,"valueName":"search_term_string"}}],"inLanguage":"en-GB"},{"@type":"Organization","@id":"https:\/\/skaitytaknyga.lt\/#organization","name":"skaitytaknyga.lt","url":"https:\/\/skaitytaknyga.lt\/","logo":{"@type":"ImageObject","inLanguage":"en-GB","@id":"https:\/\/skaitytaknyga.lt\/#\/schema\/logo\/image\/","url":"https:\/\/skaitytaknyga.lt\/wp-content\/uploads\/2024\/05\/cropped-cropped-cropped-02_00843_jt3bggkj1j3HLc7SyY6rEUpg.jpeg","contentUrl":"https:\/\/skaitytaknyga.lt\/wp-content\/uploads\/2024\/05\/cropped-cropped-cropped-02_00843_jt3bggkj1j3HLc7SyY6rEUpg.jpeg","width":1600,"height":1600,"caption":"skaitytaknyga.lt"},"image":{"@id":"https:\/\/skaitytaknyga.lt\/#\/schema\/logo\/image\/"},"sameAs":["https:\/\/www.facebook.com\/skaitytaknyga\/"]}]}},"_links":{"self":[{"href":"https:\/\/skaitytaknyga.lt\/en\/wp-json\/wp\/v2\/product\/7540","targetHints":{"allow":["GET"]}}],"collection":[{"href":"https:\/\/skaitytaknyga.lt\/en\/wp-json\/wp\/v2\/product"}],"about":[{"href":"https:\/\/skaitytaknyga.lt\/en\/wp-json\/wp\/v2\/types\/product"}],"replies":[{"embeddable":true,"href":"https:\/\/skaitytaknyga.lt\/en\/wp-json\/wp\/v2\/comments?post=7540"}],"wp:featuredmedia":[{"embeddable":true,"href":"https:\/\/skaitytaknyga.lt\/en\/wp-json\/wp\/v2\/media\/2719"}],"wp:attachment":[{"href":"https:\/\/skaitytaknyga.lt\/en\/wp-json\/wp\/v2\/media?parent=7540"}],"wp:term":[{"taxonomy":"product_brand","embeddable":true,"href":"https:\/\/skaitytaknyga.lt\/en\/wp-json\/wp\/v2\/product_brand?post=7540"},{"taxonomy":"product_cat","embeddable":true,"href":"https:\/\/skaitytaknyga.lt\/en\/wp-json\/wp\/v2\/product_cat?post=7540"},{"taxonomy":"product_tag","embeddable":true,"href":"https:\/\/skaitytaknyga.lt\/en\/wp-json\/wp\/v2\/product_tag?post=7540"}],"curies":[{"name":"wp","href":"https:\/\/api.w.org\/{rel}","templated":true}]}}