{"id":7536,"date":"2024-05-04T14:31:13","date_gmt":"2024-05-04T14:31:13","guid":{"rendered":"https:\/\/skaitytaknyga.lt\/?post_type=product&#038;p=7536"},"modified":"2025-07-07T08:50:25","modified_gmt":"2025-07-07T05:50:25","slug":"saulius-kanisauskas-likimo-anatomija-nestebuklingi-stebuklai","status":"publish","type":"product","link":"https:\/\/skaitytaknyga.lt\/en\/produktas\/saulius-kanisauskas-likimo-anatomija-nestebuklingi-stebuklai\/","title":{"rendered":"Likimo anatomija. Laiptai \u012f dang\u0173"},"content":{"rendered":"<p>Antrojoje Likimo anatomijos knygoje autorius t\u0119sia pasakojim\u0105 apie \u017emogaus likim\u0105 ir lemt\u012f, labiau akcentuodamas dorovines ir gyvenimo prasm\u0117s problemas. Knygos prad\u017eioje daug d\u0117mesio skiriama &#8220;lemtingiems&#8221; \u017emogaus am\u017eiaus tarpsniams &#8211; apra\u0161om\u0173 d\u0117sningum\u0173 \u017einojimas \u017emogui padeda nenusivilti, suvokti, jog ne jam vienam sunku gyventi. Pagaliau &#8211; ir tai ima ai\u0161k\u0117ti knygos pabaigoje &#8211; n\u0117ra n\u0117 vieno \u017emogaus, kurio gyvenimas b\u016bt\u0173 neprasmingas, tod\u0117l kiekvienas \u017emogus turi nepaliaujamai kopti laiptais i dang\u0173.<\/p>\n","protected":false},"excerpt":{"rendered":"<p>Antrojoje Likimo anatomijos knygoje autorius t\u0119sia pasakojim\u0105 apie \u017emogaus likim\u0105 ir lemt\u012f, labiau akcentuodamas dorovines ir gyvenimo prasm\u0117s problemas. Knygos prad\u017eioje daug d\u0117mesio skiriama &#8220;lemtingiems&#8221; \u017emogaus am\u017eiaus tarpsniams &#8211; apra\u0161om\u0173 d\u0117sningum\u0173 \u017einojimas \u017emogui padeda nenusivilti, suvokti, jog ne jam vienam sunku gyventi. Pagaliau &#8211; ir tai ima ai\u0161k\u0117ti knygos pabaigoje &#8211; n\u0117ra n\u0117 vieno \u017emogaus, kurio gyvenimas b\u016bt\u0173 neprasmingas, tod\u0117l kiekvienas \u017emogus turi nepaliaujamai kopti laiptais i dang\u0173.<\/p>\n","protected":false},"featured_media":15004,"comment_status":"closed","ping_status":"closed","template":"","meta":{"_acf_changed":false,"site-sidebar-layout":"default","site-content-layout":"","ast-site-content-layout":"default","site-content-style":"default","site-sidebar-style":"default","ast-global-header-display":"","ast-banner-title-visibility":"","ast-main-header-display":"","ast-hfb-above-header-display":"","ast-hfb-below-header-display":"","ast-hfb-mobile-header-display":"","site-post-title":"","ast-breadcrumbs-content":"","ast-featured-img":"","footer-sml-layout":"","ast-disable-related-posts":"","theme-transparent-header-meta":"default","adv-header-id-meta":"","stick-header-meta":"","header-above-stick-meta":"","header-main-stick-meta":"","header-below-stick-meta":"","astra-migrate-meta-layouts":"set","ast-page-background-enabled":"default","ast-page-background-meta":{"desktop":{"background-color":"","background-image":"","background-repeat":"repeat","background-position":"center center","background-size":"auto","background-attachment":"scroll","background-type":"","background-media":"","overlay-type":"","overlay-color":"","overlay-opacity":"","overlay-gradient":""},"tablet":{"background-color":"","background-image":"","background-repeat":"repeat","background-position":"center center","background-size":"auto","background-attachment":"scroll","background-type":"","background-media":"","overlay-type":"","overlay-color":"","overlay-opacity":"","overlay-gradient":""},"mobile":{"background-color":"","background-image":"","background-repeat":"repeat","background-position":"center center","background-size":"auto","background-attachment":"scroll","background-type":"","background-media":"","overlay-type":"","overlay-color":"","overlay-opacity":"","overlay-gradient":""}},"ast-content-background-meta":{"desktop":{"background-color":"var(--ast-global-color-4)","background-image":"","background-repeat":"repeat","background-position":"center center","background-size":"auto","background-attachment":"scroll","background-type":"","background-media":"","overlay-type":"","overlay-color":"","overlay-opacity":"","overlay-gradient":""},"tablet":{"background-color":"var(--ast-global-color-4)","background-image":"","background-repeat":"repeat","background-position":"center center","background-size":"auto","background-attachment":"scroll","background-type":"","background-media":"","overlay-type":"","overlay-color":"","overlay-opacity":"","overlay-gradient":""},"mobile":{"background-color":"var(--ast-global-color-4)","background-image":"","background-repeat":"repeat","background-position":"center center","background-size":"auto","background-attachment":"scroll","background-type":"","background-media":"","overlay-type":"","overlay-color":"","overlay-opacity":"","overlay-gradient":""}}},"product_brand":[],"product_cat":[165],"product_tag":[6011,1627,6010,5680,1789],"class_list":{"0":"post-7536","1":"product","2":"type-product","3":"status-publish","4":"has-post-thumbnail","6":"product_cat-religija-filosofija-ir-ezoterika","7":"product_tag-dorove","8":"product_tag-gyvenimo-prasme","9":"product_tag-likimo-anatomija","10":"product_tag-saulius-kanisauskas","11":"product_tag-zmogaus-likimas","12":"desktop-align-left","13":"tablet-align-left","14":"mobile-align-left","16":"first","17":"outofstock","18":"shipping-taxable","19":"purchasable","20":"product-type-simple"},"acf":[],"yoast_head":"<!-- This site is optimized with the Yoast SEO plugin v27.0 - https:\/\/yoast.com\/product\/yoast-seo-wordpress\/ -->\n<title>Likimo anatomija. Laiptai \u012f dang\u0173<\/title>\n<meta name=\"description\" content=\"Antrojoje Likimo anatomijos knygoje autorius t\u0119sia pasakojim\u0105 apie \u017emogaus likim\u0105 ir lemt\u012f, labiau akcentuodamas dorovines ir gyvenimo prasm\u0117s problemas.\" \/>\n<meta name=\"robots\" content=\"index, follow, max-snippet:-1, max-image-preview:large, max-video-preview:-1\" \/>\n<link rel=\"canonical\" href=\"https:\/\/skaitytaknyga.lt\/en\/produktas\/saulius-kanisauskas-likimo-anatomija-nestebuklingi-stebuklai\/\" \/>\n<meta property=\"og:locale\" content=\"en_GB\" \/>\n<meta property=\"og:locale:alternate\" content=\"lt_LT\" \/>\n<meta property=\"og:type\" content=\"article\" \/>\n<meta property=\"og:title\" content=\"Likimo anatomija. Laiptai \u012f dang\u0173\" \/>\n<meta property=\"og:description\" content=\"Antrojoje Likimo anatomijos knygoje autorius t\u0119sia pasakojim\u0105 apie \u017emogaus likim\u0105 ir lemt\u012f, labiau akcentuodamas dorovines ir gyvenimo prasm\u0117s problemas.\" \/>\n<meta property=\"og:url\" content=\"https:\/\/skaitytaknyga.lt\/en\/produktas\/saulius-kanisauskas-likimo-anatomija-nestebuklingi-stebuklai\/\" \/>\n<meta property=\"og:site_name\" content=\"Skaitytaknyga\" \/>\n<meta property=\"article:publisher\" content=\"https:\/\/www.facebook.com\/skaitytaknyga\/\" \/>\n<meta property=\"article:modified_time\" content=\"2025-07-07T05:50:25+00:00\" \/>\n<meta property=\"og:image\" content=\"https:\/\/skaitytaknyga.lt\/wp-content\/uploads\/2024\/05\/Likimo-anatomija.-Laiptai-i-dangu-1.jpg\" \/>\n\t<meta property=\"og:image:width\" content=\"625\" \/>\n\t<meta property=\"og:image:height\" content=\"794\" \/>\n\t<meta property=\"og:image:type\" content=\"image\/jpeg\" \/>\n<meta name=\"twitter:card\" content=\"summary_large_image\" \/>\n<meta name=\"twitter:label1\" content=\"Estimated reading time\" \/>\n\t<meta name=\"twitter:data1\" content=\"1 minute\" \/>\n<script type=\"application\/ld+json\" class=\"yoast-schema-graph\">{\"@context\":\"https:\/\/schema.org\",\"@graph\":[{\"@type\":\"WebPage\",\"@id\":\"https:\/\/skaitytaknyga.lt\/produktas\/saulius-kanisauskas-likimo-anatomija-nestebuklingi-stebuklai\/\",\"url\":\"https:\/\/skaitytaknyga.lt\/produktas\/saulius-kanisauskas-likimo-anatomija-nestebuklingi-stebuklai\/\",\"name\":\"Likimo anatomija. Laiptai \u012f dang\u0173\",\"isPartOf\":{\"@id\":\"https:\/\/skaitytaknyga.lt\/#website\"},\"primaryImageOfPage\":{\"@id\":\"https:\/\/skaitytaknyga.lt\/produktas\/saulius-kanisauskas-likimo-anatomija-nestebuklingi-stebuklai\/#primaryimage\"},\"image\":{\"@id\":\"https:\/\/skaitytaknyga.lt\/produktas\/saulius-kanisauskas-likimo-anatomija-nestebuklingi-stebuklai\/#primaryimage\"},\"thumbnailUrl\":\"https:\/\/skaitytaknyga.lt\/wp-content\/uploads\/2024\/05\/Likimo-anatomija.-Laiptai-i-dangu-1.jpg\",\"datePublished\":\"2024-05-04T14:31:13+00:00\",\"dateModified\":\"2025-07-07T05:50:25+00:00\",\"description\":\"Antrojoje Likimo anatomijos knygoje autorius t\u0119sia pasakojim\u0105 apie \u017emogaus likim\u0105 ir lemt\u012f, labiau akcentuodamas dorovines ir gyvenimo prasm\u0117s problemas.\",\"breadcrumb\":{\"@id\":\"https:\/\/skaitytaknyga.lt\/produktas\/saulius-kanisauskas-likimo-anatomija-nestebuklingi-stebuklai\/#breadcrumb\"},\"inLanguage\":\"en-GB\",\"potentialAction\":[{\"@type\":\"ReadAction\",\"target\":[\"https:\/\/skaitytaknyga.lt\/produktas\/saulius-kanisauskas-likimo-anatomija-nestebuklingi-stebuklai\/\"]}]},{\"@type\":\"ImageObject\",\"inLanguage\":\"en-GB\",\"@id\":\"https:\/\/skaitytaknyga.lt\/produktas\/saulius-kanisauskas-likimo-anatomija-nestebuklingi-stebuklai\/#primaryimage\",\"url\":\"https:\/\/skaitytaknyga.lt\/wp-content\/uploads\/2024\/05\/Likimo-anatomija.-Laiptai-i-dangu-1.jpg\",\"contentUrl\":\"https:\/\/skaitytaknyga.lt\/wp-content\/uploads\/2024\/05\/Likimo-anatomija.-Laiptai-i-dangu-1.jpg\",\"width\":625,\"height\":794},{\"@type\":\"BreadcrumbList\",\"@id\":\"https:\/\/skaitytaknyga.lt\/produktas\/saulius-kanisauskas-likimo-anatomija-nestebuklingi-stebuklai\/#breadcrumb\",\"itemListElement\":[{\"@type\":\"ListItem\",\"position\":1,\"name\":\"Home\",\"item\":\"https:\/\/skaitytaknyga.lt\/\"},{\"@type\":\"ListItem\",\"position\":2,\"name\":\"Parduotuv\u0117\",\"item\":\"https:\/\/skaitytaknyga.lt\/knygu-parduotuve\/\"},{\"@type\":\"ListItem\",\"position\":3,\"name\":\"Likimo anatomija. Laiptai \u012f dang\u0173\"}]},{\"@type\":\"WebSite\",\"@id\":\"https:\/\/skaitytaknyga.lt\/#website\",\"url\":\"https:\/\/skaitytaknyga.lt\/\",\"name\":\"skaitytaknyga.lt\",\"description\":\"Skaitytaknyga.lt \u2013 tai ma\u017eas \u0161eimos verslas, kuris prasid\u0117jo nuo meil\u0117s knygoms ir siekio i\u0161gelb\u0117ti knygas nuo likimo prie konteinerio. Kas vienam nereikalingas daiktas \u2013 kitam lobis, o mes esame tarpininkai, kurie padeda abiems tapti laimingesniems ???? \u017dinome kaip nelengva i\u0161gyventi ma\u017eiems verslams, tad nuo \u0161iol, \u010dia rasite ir kit\u0173, ma\u017e\u0173 \u0161eim\u0173 versl\u0173, rank\u0173 darbo, dovan\u0173 sau ir artimiesiems.\",\"publisher\":{\"@id\":\"https:\/\/skaitytaknyga.lt\/#organization\"},\"potentialAction\":[{\"@type\":\"SearchAction\",\"target\":{\"@type\":\"EntryPoint\",\"urlTemplate\":\"https:\/\/skaitytaknyga.lt\/?s={search_term_string}\"},\"query-input\":{\"@type\":\"PropertyValueSpecification\",\"valueRequired\":true,\"valueName\":\"search_term_string\"}}],\"inLanguage\":\"en-GB\"},{\"@type\":\"Organization\",\"@id\":\"https:\/\/skaitytaknyga.lt\/#organization\",\"name\":\"skaitytaknyga.lt\",\"url\":\"https:\/\/skaitytaknyga.lt\/\",\"logo\":{\"@type\":\"ImageObject\",\"inLanguage\":\"en-GB\",\"@id\":\"https:\/\/skaitytaknyga.lt\/#\/schema\/logo\/image\/\",\"url\":\"https:\/\/skaitytaknyga.lt\/wp-content\/uploads\/2024\/05\/cropped-cropped-cropped-02_00843_jt3bggkj1j3HLc7SyY6rEUpg.jpeg\",\"contentUrl\":\"https:\/\/skaitytaknyga.lt\/wp-content\/uploads\/2024\/05\/cropped-cropped-cropped-02_00843_jt3bggkj1j3HLc7SyY6rEUpg.jpeg\",\"width\":1600,\"height\":1600,\"caption\":\"skaitytaknyga.lt\"},\"image\":{\"@id\":\"https:\/\/skaitytaknyga.lt\/#\/schema\/logo\/image\/\"},\"sameAs\":[\"https:\/\/www.facebook.com\/skaitytaknyga\/\"]}]}<\/script>\n<!-- \/ Yoast SEO plugin. -->","yoast_head_json":{"title":"Likimo anatomija. Laiptai \u012f dang\u0173","description":"Antrojoje Likimo anatomijos knygoje autorius t\u0119sia pasakojim\u0105 apie \u017emogaus likim\u0105 ir lemt\u012f, labiau akcentuodamas dorovines ir gyvenimo prasm\u0117s problemas.","robots":{"index":"index","follow":"follow","max-snippet":"max-snippet:-1","max-image-preview":"max-image-preview:large","max-video-preview":"max-video-preview:-1"},"canonical":"https:\/\/skaitytaknyga.lt\/en\/produktas\/saulius-kanisauskas-likimo-anatomija-nestebuklingi-stebuklai\/","og_locale":"en_GB","og_type":"article","og_title":"[:lt]Likimo anatomija. Laiptai \u012f dang\u0173[:] - Skaitytaknyga","og_description":"Antrojoje Likimo anatomijos knygoje autorius t\u0119sia pasakojim\u0105 apie \u017emogaus likim\u0105 ir lemt\u012f, labiau akcentuodamas dorovines ir gyvenimo prasm\u0117s problemas.","og_url":"https:\/\/skaitytaknyga.lt\/en\/produktas\/saulius-kanisauskas-likimo-anatomija-nestebuklingi-stebuklai\/","og_site_name":"Skaitytaknyga","article_publisher":"https:\/\/www.facebook.com\/skaitytaknyga\/","article_modified_time":"2025-07-07T05:50:25+00:00","og_image":[{"width":625,"height":794,"url":"https:\/\/skaitytaknyga.lt\/wp-content\/uploads\/2024\/05\/Likimo-anatomija.-Laiptai-i-dangu-1.jpg","type":"image\/jpeg"}],"twitter_card":"summary_large_image","twitter_misc":{"Estimated reading time":"1 minute"},"schema":{"@context":"https:\/\/schema.org","@graph":[{"@type":"WebPage","@id":"https:\/\/skaitytaknyga.lt\/produktas\/saulius-kanisauskas-likimo-anatomija-nestebuklingi-stebuklai\/","url":"https:\/\/skaitytaknyga.lt\/produktas\/saulius-kanisauskas-likimo-anatomija-nestebuklingi-stebuklai\/","name":"Likimo anatomija. Laiptai \u012f dang\u0173","isPartOf":{"@id":"https:\/\/skaitytaknyga.lt\/#website"},"primaryImageOfPage":{"@id":"https:\/\/skaitytaknyga.lt\/produktas\/saulius-kanisauskas-likimo-anatomija-nestebuklingi-stebuklai\/#primaryimage"},"image":{"@id":"https:\/\/skaitytaknyga.lt\/produktas\/saulius-kanisauskas-likimo-anatomija-nestebuklingi-stebuklai\/#primaryimage"},"thumbnailUrl":"https:\/\/skaitytaknyga.lt\/wp-content\/uploads\/2024\/05\/Likimo-anatomija.-Laiptai-i-dangu-1.jpg","datePublished":"2024-05-04T14:31:13+00:00","dateModified":"2025-07-07T05:50:25+00:00","description":"Antrojoje Likimo anatomijos knygoje autorius t\u0119sia pasakojim\u0105 apie \u017emogaus likim\u0105 ir lemt\u012f, labiau akcentuodamas dorovines ir gyvenimo prasm\u0117s problemas.","breadcrumb":{"@id":"https:\/\/skaitytaknyga.lt\/produktas\/saulius-kanisauskas-likimo-anatomija-nestebuklingi-stebuklai\/#breadcrumb"},"inLanguage":"en-GB","potentialAction":[{"@type":"ReadAction","target":["https:\/\/skaitytaknyga.lt\/produktas\/saulius-kanisauskas-likimo-anatomija-nestebuklingi-stebuklai\/"]}]},{"@type":"ImageObject","inLanguage":"en-GB","@id":"https:\/\/skaitytaknyga.lt\/produktas\/saulius-kanisauskas-likimo-anatomija-nestebuklingi-stebuklai\/#primaryimage","url":"https:\/\/skaitytaknyga.lt\/wp-content\/uploads\/2024\/05\/Likimo-anatomija.-Laiptai-i-dangu-1.jpg","contentUrl":"https:\/\/skaitytaknyga.lt\/wp-content\/uploads\/2024\/05\/Likimo-anatomija.-Laiptai-i-dangu-1.jpg","width":625,"height":794},{"@type":"BreadcrumbList","@id":"https:\/\/skaitytaknyga.lt\/produktas\/saulius-kanisauskas-likimo-anatomija-nestebuklingi-stebuklai\/#breadcrumb","itemListElement":[{"@type":"ListItem","position":1,"name":"Home","item":"https:\/\/skaitytaknyga.lt\/"},{"@type":"ListItem","position":2,"name":"Parduotuv\u0117","item":"https:\/\/skaitytaknyga.lt\/knygu-parduotuve\/"},{"@type":"ListItem","position":3,"name":"Likimo anatomija. Laiptai \u012f dang\u0173"}]},{"@type":"WebSite","@id":"https:\/\/skaitytaknyga.lt\/#website","url":"https:\/\/skaitytaknyga.lt\/","name":"skaitytaknyga.lt","description":"Skaitytaknyga.lt \u2013 tai ma\u017eas \u0161eimos verslas, kuris prasid\u0117jo nuo meil\u0117s knygoms ir siekio i\u0161gelb\u0117ti knygas nuo likimo prie konteinerio. Kas vienam nereikalingas daiktas \u2013 kitam lobis, o mes esame tarpininkai, kurie padeda abiems tapti laimingesniems ???? \u017dinome kaip nelengva i\u0161gyventi ma\u017eiems verslams, tad nuo \u0161iol, \u010dia rasite ir kit\u0173, ma\u017e\u0173 \u0161eim\u0173 versl\u0173, rank\u0173 darbo, dovan\u0173 sau ir artimiesiems.","publisher":{"@id":"https:\/\/skaitytaknyga.lt\/#organization"},"potentialAction":[{"@type":"SearchAction","target":{"@type":"EntryPoint","urlTemplate":"https:\/\/skaitytaknyga.lt\/?s={search_term_string}"},"query-input":{"@type":"PropertyValueSpecification","valueRequired":true,"valueName":"search_term_string"}}],"inLanguage":"en-GB"},{"@type":"Organization","@id":"https:\/\/skaitytaknyga.lt\/#organization","name":"skaitytaknyga.lt","url":"https:\/\/skaitytaknyga.lt\/","logo":{"@type":"ImageObject","inLanguage":"en-GB","@id":"https:\/\/skaitytaknyga.lt\/#\/schema\/logo\/image\/","url":"https:\/\/skaitytaknyga.lt\/wp-content\/uploads\/2024\/05\/cropped-cropped-cropped-02_00843_jt3bggkj1j3HLc7SyY6rEUpg.jpeg","contentUrl":"https:\/\/skaitytaknyga.lt\/wp-content\/uploads\/2024\/05\/cropped-cropped-cropped-02_00843_jt3bggkj1j3HLc7SyY6rEUpg.jpeg","width":1600,"height":1600,"caption":"skaitytaknyga.lt"},"image":{"@id":"https:\/\/skaitytaknyga.lt\/#\/schema\/logo\/image\/"},"sameAs":["https:\/\/www.facebook.com\/skaitytaknyga\/"]}]}},"_links":{"self":[{"href":"https:\/\/skaitytaknyga.lt\/en\/wp-json\/wp\/v2\/product\/7536","targetHints":{"allow":["GET"]}}],"collection":[{"href":"https:\/\/skaitytaknyga.lt\/en\/wp-json\/wp\/v2\/product"}],"about":[{"href":"https:\/\/skaitytaknyga.lt\/en\/wp-json\/wp\/v2\/types\/product"}],"replies":[{"embeddable":true,"href":"https:\/\/skaitytaknyga.lt\/en\/wp-json\/wp\/v2\/comments?post=7536"}],"wp:featuredmedia":[{"embeddable":true,"href":"https:\/\/skaitytaknyga.lt\/en\/wp-json\/wp\/v2\/media\/15004"}],"wp:attachment":[{"href":"https:\/\/skaitytaknyga.lt\/en\/wp-json\/wp\/v2\/media?parent=7536"}],"wp:term":[{"taxonomy":"product_brand","embeddable":true,"href":"https:\/\/skaitytaknyga.lt\/en\/wp-json\/wp\/v2\/product_brand?post=7536"},{"taxonomy":"product_cat","embeddable":true,"href":"https:\/\/skaitytaknyga.lt\/en\/wp-json\/wp\/v2\/product_cat?post=7536"},{"taxonomy":"product_tag","embeddable":true,"href":"https:\/\/skaitytaknyga.lt\/en\/wp-json\/wp\/v2\/product_tag?post=7536"}],"curies":[{"name":"wp","href":"https:\/\/api.w.org\/{rel}","templated":true}]}}