{"id":7533,"date":"2024-05-04T17:31:13","date_gmt":"2024-05-04T14:31:13","guid":{"rendered":"https:\/\/skaitytaknyga.lt\/?post_type=product&#038;p=7533"},"modified":"2026-03-19T12:54:12","modified_gmt":"2026-03-19T10:54:12","slug":"f-dostojevskis-broliai-karamazovai-2-tomai","status":"publish","type":"product","link":"https:\/\/skaitytaknyga.lt\/en\/produktas\/f-dostojevskis-broliai-karamazovai-2-tomai\/","title":{"rendered":"F. Dostojevskis \u201eBroliai Karamazovai\u201c (2 tomai)"},"content":{"rendered":"<p>\u201eBroliai Karamazovai\u201c \u2013 paskutinis Fiodoro Dostojevskio romanas ir jo magnum opus, ra\u0161ytojas mir\u0117 pra\u0117jus vos keliems m\u0117nesiams po pirmosios publikacijos. Nors pagr\u012fstai did\u017eiavosi savo k\u016briniu, ko gero, net dr\u0105siausioje fantazijose negal\u0117jo numatyti, kad \u0161is romanas taps nemaria klasika, kuri\u0105 savo m\u0117gstamiausia knyga iki \u0161i\u0173 dien\u0173 vadina ir vie\u0161ai cituoja \u012ftakingiausi pasaulio \u017emon\u0117s. \u0160imtus kart\u0173 kino juostuose ir teatro scenose atgimusi\u0173 \u201eBroli\u0173 Karamazov\u0173\u201c gerb\u0117jai spalvingi \u2013 nuo ra\u0161ytoj\u0173 Franzo Kafkos ir Hermanno Hess\u0117s, vadinusio Dostojevsk\u012f prana\u0161u, Hurto Vonneguto ir Haruki Murakami, \u012ftakingiausi\u0173 XX a. prot\u0173 Alberto Ensteino ir Sigmundo Freudo, iki popie\u017eiaus Benedikto XVI-ojo ir politik\u0117s Hillary Clinton, Vladimiro Putino ir net&#8230; Josifo Stalino.<\/p>\n<p>Pasakojame apie dvarinink\u0105 Karamazov\u0105, despot\u0105, ir savivaliautoj\u0105 ir apie keturis jo s\u016bnus. vaizduojami \u012fvykiai, pareng\u0119 dirv\u0105 sunkiam nusikaltimui. Religija ir ateizmas, idealizmas ir materializmas, protas ir dvasia, revoliucija ir taikus dvasinio tobul\u0117jimo kelias \u2013 tai tik kelios temos, gvildenamos sud\u0117tingoje ir intriguojan\u010dioje t\u0117va\u017eudyst\u0117s istorijoje. Kai kas teigia, kad F. Dostojevskis \u201ei\u0161prana\u0161avo\u201c Rusijos likim\u0105. Kurdamas Karamazov\u0173 \u0161eimos ir su ja susijusi\u0173 persona\u017e\u0173 paveikslus, autorius atspindi pagrindines epochos id\u0117jas: permain\u0173 nuojaut\u0105, dvasin\u0119 asmenyb\u0117s kriz\u0119, \u017emogi\u0161k\u0173j\u0173 santyki\u0173 perkainojim\u0105. F. Dostojevskis ir mums i\u0161kelia klausim\u0105: kas nutinka \u017emogui, kuris praranda tik\u0117jim\u0105?<\/p>\n<p>F. Dostojevskis kartu su kitais inteligentais, skai\u010diusiais draud\u017eiamus pranc\u016bz\u0173 socialist\u0173 ra\u0161tus, buvo nuteistas su\u0161audyti, ta\u010diau paskutin\u0119 akimirk\u0105 mirties bausm\u0117 buvo pakeista ketveriais metais katorgos Omske ir privaloma karo tarnyba eiliniu. Atliekant bausm\u0119, Fiodorui Dostojevskiui buvo diagnozuota epilepsija, liga suteik\u0117 jam teis\u0119 sugr\u012f\u017eti \u012f civili\u0173 gyvenim\u0105. Kal\u0117damas Omske, ra\u0161ytojas pa\u017eino vargingiausi\u0173 Rusijos visuomen\u0117s sluoksni\u0173 gyvenim\u0105. Romane \u201eBroliai Karamazovai\u201c, pirm\u0105 kart\u0105 publikuotame 1879\u20131880 m., atsispind\u0117jo ir asmenin\u0117 F. Dostojevskio trauma \u2013 b\u016bsimojo ra\u0161ytojo t\u0117v\u0105 nu\u017eud\u0117 jo paties baud\u017eiauninkai.<\/p>\n","protected":false},"excerpt":{"rendered":"<p>\u201eBroliai Karamazovai\u201c \u2013 paskutinis Fiodoro Dostojevskio romanas ir jo magnum opus, ra\u0161ytojas mir\u0117 pra\u0117jus vos keliems m\u0117nesiams po pirmosios publikacijos. Nors pagr\u012fstai did\u017eiavosi savo k\u016briniu, ko gero, net dr\u0105siausioje fantazijose negal\u0117jo numatyti, kad \u0161is romanas taps nemaria klasika, kuri\u0105 savo m\u0117gstamiausia knyga iki \u0161i\u0173 dien\u0173 vadina ir vie\u0161ai cituoja \u012ftakingiausi pasaulio \u017emon\u0117s. \u0160imtus kart\u0173 kino juostuose ir teatro scenose atgimusi\u0173 \u201eBroli\u0173 Karamazov\u0173\u201c gerb\u0117jai spalvingi \u2013 nuo ra\u0161ytoj\u0173 Franzo Kafkos ir Hermanno Hess\u0117s, vadinusio Dostojevsk\u012f prana\u0161u, Hurto Vonneguto ir Haruki Murakami, \u012ftakingiausi\u0173 XX a. prot\u0173 Alberto Ensteino ir Sigmundo Freudo, iki popie\u017eiaus Benedikto XVI-ojo ir politik\u0117s Hillary Clinton, Vladimiro Putino ir net&#8230; Josifo Stalino. Pasakojame apie dvarinink\u0105 Karamazov\u0105, despot\u0105, ir savivaliautoj\u0105 ir apie keturis jo s\u016bnus. vaizduojami \u012fvykiai, pareng\u0119 dirv\u0105 sunkiam nusikaltimui. Religija ir ateizmas, idealizmas ir materializmas, protas ir dvasia, revoliucija ir taikus dvasinio tobul\u0117jimo kelias \u2013 tai tik kelios temos, gvildenamos sud\u0117tingoje ir intriguojan\u010dioje t\u0117va\u017eudyst\u0117s istorijoje. Kai kas teigia, kad F. Dostojevskis \u201ei\u0161prana\u0161avo\u201c Rusijos likim\u0105. Kurdamas Karamazov\u0173 \u0161eimos ir su ja susijusi\u0173 persona\u017e\u0173 paveikslus, autorius atspindi pagrindines epochos id\u0117jas: permain\u0173 nuojaut\u0105, dvasin\u0119 asmenyb\u0117s kriz\u0119, \u017emogi\u0161k\u0173j\u0173 santyki\u0173 perkainojim\u0105. F. Dostojevskis ir mums i\u0161kelia klausim\u0105: kas nutinka \u017emogui, kuris praranda tik\u0117jim\u0105? F. Dostojevskis kartu su kitais inteligentais, skai\u010diusiais draud\u017eiamus pranc\u016bz\u0173 socialist\u0173 ra\u0161tus, buvo nuteistas su\u0161audyti, ta\u010diau paskutin\u0119 akimirk\u0105 mirties bausm\u0117 buvo pakeista ketveriais metais katorgos Omske ir privaloma karo tarnyba eiliniu. Atliekant bausm\u0119, Fiodorui Dostojevskiui buvo diagnozuota epilepsija, liga suteik\u0117 jam teis\u0119 sugr\u012f\u017eti \u012f civili\u0173 gyvenim\u0105. Kal\u0117damas Omske, ra\u0161ytojas pa\u017eino vargingiausi\u0173 Rusijos visuomen\u0117s sluoksni\u0173 gyvenim\u0105. Romane \u201eBroliai Karamazovai\u201c, pirm\u0105 kart\u0105 publikuotame 1879\u20131880 m., atsispind\u0117jo ir asmenin\u0117 F. Dostojevskio trauma \u2013 b\u016bsimojo ra\u0161ytojo t\u0117v\u0105 nu\u017eud\u0117 jo paties baud\u017eiauninkai.<\/p>\n","protected":false},"featured_media":24608,"comment_status":"closed","ping_status":"closed","template":"","meta":{"_acf_changed":false,"site-sidebar-layout":"default","site-content-layout":"","ast-site-content-layout":"default","site-content-style":"default","site-sidebar-style":"default","ast-global-header-display":"","ast-banner-title-visibility":"","ast-main-header-display":"","ast-hfb-above-header-display":"","ast-hfb-below-header-display":"","ast-hfb-mobile-header-display":"","site-post-title":"","ast-breadcrumbs-content":"","ast-featured-img":"","footer-sml-layout":"","ast-disable-related-posts":"","theme-transparent-header-meta":"default","adv-header-id-meta":"","stick-header-meta":"","header-above-stick-meta":"","header-main-stick-meta":"","header-below-stick-meta":"","astra-migrate-meta-layouts":"set","ast-page-background-enabled":"default","ast-page-background-meta":{"desktop":{"background-color":"","background-image":"","background-repeat":"repeat","background-position":"center center","background-size":"auto","background-attachment":"scroll","background-type":"","background-media":"","overlay-type":"","overlay-color":"","overlay-opacity":"","overlay-gradient":""},"tablet":{"background-color":"","background-image":"","background-repeat":"repeat","background-position":"center center","background-size":"auto","background-attachment":"scroll","background-type":"","background-media":"","overlay-type":"","overlay-color":"","overlay-opacity":"","overlay-gradient":""},"mobile":{"background-color":"","background-image":"","background-repeat":"repeat","background-position":"center center","background-size":"auto","background-attachment":"scroll","background-type":"","background-media":"","overlay-type":"","overlay-color":"","overlay-opacity":"","overlay-gradient":""}},"ast-content-background-meta":{"desktop":{"background-color":"var(--ast-global-color-4)","background-image":"","background-repeat":"repeat","background-position":"center center","background-size":"auto","background-attachment":"scroll","background-type":"","background-media":"","overlay-type":"","overlay-color":"","overlay-opacity":"","overlay-gradient":""},"tablet":{"background-color":"var(--ast-global-color-4)","background-image":"","background-repeat":"repeat","background-position":"center center","background-size":"auto","background-attachment":"scroll","background-type":"","background-media":"","overlay-type":"","overlay-color":"","overlay-opacity":"","overlay-gradient":""},"mobile":{"background-color":"var(--ast-global-color-4)","background-image":"","background-repeat":"repeat","background-position":"center center","background-size":"auto","background-attachment":"scroll","background-type":"","background-media":"","overlay-type":"","overlay-color":"","overlay-opacity":"","overlay-gradient":""}}},"product_brand":[],"product_cat":[15],"product_tag":[],"class_list":{"0":"post-7533","1":"product","2":"type-product","3":"status-publish","4":"has-post-thumbnail","6":"product_cat-uncategorized","7":"desktop-align-left","8":"tablet-align-left","9":"mobile-align-left","11":"first","12":"outofstock","13":"shipping-taxable","14":"purchasable","15":"product-type-variable"},"acf":[],"yoast_head":"<!-- This site is optimized with the Yoast SEO plugin v27.4 - https:\/\/yoast.com\/product\/yoast-seo-wordpress\/ -->\n<title>F. Dostojevskis \u201eBroliai Karamazovai\u201c (2 tomai)<\/title>\n<meta name=\"description\" content=\"\u201eBroliai Karamazovai\u201c \u2013 paskutinis Fiodoro Dostojevskio romanas ir jo magnum opus, ra\u0161ytojas mir\u0117 pra\u0117jus vos keliems m\u0117nesiams po pirmosios publikacijos.\" \/>\n<meta name=\"robots\" content=\"index, follow, max-snippet:-1, max-image-preview:large, max-video-preview:-1\" \/>\n<link rel=\"canonical\" href=\"https:\/\/skaitytaknyga.lt\/en\/produktas\/f-dostojevskis-broliai-karamazovai-2-tomai\/\" \/>\n<meta property=\"og:locale\" content=\"en_GB\" \/>\n<meta property=\"og:locale:alternate\" content=\"lt_LT\" \/>\n<meta property=\"og:type\" content=\"article\" \/>\n<meta property=\"og:title\" content=\"F. Dostojevskis \u201eBroliai Karamazovai\u201c (2 tomai)\" \/>\n<meta property=\"og:description\" content=\"\u201eBroliai Karamazovai\u201c \u2013 paskutinis Fiodoro Dostojevskio romanas ir jo magnum opus, ra\u0161ytojas mir\u0117 pra\u0117jus vos keliems m\u0117nesiams po pirmosios publikacijos.\" \/>\n<meta property=\"og:url\" content=\"https:\/\/skaitytaknyga.lt\/en\/produktas\/f-dostojevskis-broliai-karamazovai-2-tomai\/\" \/>\n<meta property=\"og:site_name\" content=\"Skaitytaknyga\" \/>\n<meta property=\"article:publisher\" content=\"https:\/\/www.facebook.com\/skaitytaknyga\/\" \/>\n<meta property=\"article:modified_time\" content=\"2026-03-19T10:54:12+00:00\" \/>\n<meta property=\"og:image\" content=\"https:\/\/skaitytaknyga.lt\/wp-content\/uploads\/2024\/05\/Broliai-Karamazovai.webp\" \/>\n\t<meta property=\"og:image:width\" content=\"400\" \/>\n\t<meta property=\"og:image:height\" content=\"625\" \/>\n\t<meta property=\"og:image:type\" content=\"image\/webp\" \/>\n<meta name=\"twitter:card\" content=\"summary_large_image\" \/>\n<meta name=\"twitter:label1\" content=\"Estimated reading time\" \/>\n\t<meta name=\"twitter:data1\" content=\"2 minutes\" \/>\n<script type=\"application\/ld+json\" class=\"yoast-schema-graph\">{\"@context\":\"https:\\\/\\\/schema.org\",\"@graph\":[{\"@type\":\"WebPage\",\"@id\":\"https:\\\/\\\/skaitytaknyga.lt\\\/produktas\\\/f-dostojevskis-broliai-karamazovai-2-tomai\\\/\",\"url\":\"https:\\\/\\\/skaitytaknyga.lt\\\/produktas\\\/f-dostojevskis-broliai-karamazovai-2-tomai\\\/\",\"name\":\"F. Dostojevskis \u201eBroliai Karamazovai\u201c (2 tomai)\",\"isPartOf\":{\"@id\":\"https:\\\/\\\/skaitytaknyga.lt\\\/#website\"},\"primaryImageOfPage\":{\"@id\":\"https:\\\/\\\/skaitytaknyga.lt\\\/produktas\\\/f-dostojevskis-broliai-karamazovai-2-tomai\\\/#primaryimage\"},\"image\":{\"@id\":\"https:\\\/\\\/skaitytaknyga.lt\\\/produktas\\\/f-dostojevskis-broliai-karamazovai-2-tomai\\\/#primaryimage\"},\"thumbnailUrl\":\"https:\\\/\\\/skaitytaknyga.lt\\\/wp-content\\\/uploads\\\/2024\\\/05\\\/Broliai-Karamazovai.webp\",\"datePublished\":\"2024-05-04T14:31:13+00:00\",\"dateModified\":\"2026-03-19T10:54:12+00:00\",\"description\":\"\u201eBroliai Karamazovai\u201c \u2013 paskutinis Fiodoro Dostojevskio romanas ir jo magnum opus, ra\u0161ytojas mir\u0117 pra\u0117jus vos keliems m\u0117nesiams po pirmosios publikacijos.\",\"breadcrumb\":{\"@id\":\"https:\\\/\\\/skaitytaknyga.lt\\\/produktas\\\/f-dostojevskis-broliai-karamazovai-2-tomai\\\/#breadcrumb\"},\"inLanguage\":\"en-GB\",\"potentialAction\":[{\"@type\":\"ReadAction\",\"target\":[\"https:\\\/\\\/skaitytaknyga.lt\\\/produktas\\\/f-dostojevskis-broliai-karamazovai-2-tomai\\\/\"]}]},{\"@type\":\"ImageObject\",\"inLanguage\":\"en-GB\",\"@id\":\"https:\\\/\\\/skaitytaknyga.lt\\\/produktas\\\/f-dostojevskis-broliai-karamazovai-2-tomai\\\/#primaryimage\",\"url\":\"https:\\\/\\\/skaitytaknyga.lt\\\/wp-content\\\/uploads\\\/2024\\\/05\\\/Broliai-Karamazovai.webp\",\"contentUrl\":\"https:\\\/\\\/skaitytaknyga.lt\\\/wp-content\\\/uploads\\\/2024\\\/05\\\/Broliai-Karamazovai.webp\",\"width\":400,\"height\":625,\"caption\":\"Broliai Karamazovai\"},{\"@type\":\"BreadcrumbList\",\"@id\":\"https:\\\/\\\/skaitytaknyga.lt\\\/produktas\\\/f-dostojevskis-broliai-karamazovai-2-tomai\\\/#breadcrumb\",\"itemListElement\":[{\"@type\":\"ListItem\",\"position\":1,\"name\":\"Home\",\"item\":\"https:\\\/\\\/skaitytaknyga.lt\\\/\"},{\"@type\":\"ListItem\",\"position\":2,\"name\":\"Parduotuv\u0117\",\"item\":\"https:\\\/\\\/skaitytaknyga.lt\\\/knygu-parduotuve\\\/\"},{\"@type\":\"ListItem\",\"position\":3,\"name\":\"F. Dostojevskis \u201eBroliai Karamazovai\u201c (2 tomai)\"}]},{\"@type\":\"WebSite\",\"@id\":\"https:\\\/\\\/skaitytaknyga.lt\\\/#website\",\"url\":\"https:\\\/\\\/skaitytaknyga.lt\\\/\",\"name\":\"skaitytaknyga.lt\",\"description\":\"Skaitytaknyga.lt \u2013 tai ma\u017eas \u0161eimos verslas, kuris prasid\u0117jo nuo meil\u0117s knygoms ir siekio i\u0161gelb\u0117ti knygas nuo likimo prie konteinerio. Kas vienam nereikalingas daiktas \u2013 kitam lobis, o mes esame tarpininkai, kurie padeda abiems tapti laimingesniems ???? \u017dinome kaip nelengva i\u0161gyventi ma\u017eiems verslams, tad nuo \u0161iol, \u010dia rasite ir kit\u0173, ma\u017e\u0173 \u0161eim\u0173 versl\u0173, rank\u0173 darbo, dovan\u0173 sau ir artimiesiems.\",\"publisher\":{\"@id\":\"https:\\\/\\\/skaitytaknyga.lt\\\/#organization\"},\"potentialAction\":[{\"@type\":\"SearchAction\",\"target\":{\"@type\":\"EntryPoint\",\"urlTemplate\":\"https:\\\/\\\/skaitytaknyga.lt\\\/?s={search_term_string}\"},\"query-input\":{\"@type\":\"PropertyValueSpecification\",\"valueRequired\":true,\"valueName\":\"search_term_string\"}}],\"inLanguage\":\"en-GB\"},{\"@type\":\"Organization\",\"@id\":\"https:\\\/\\\/skaitytaknyga.lt\\\/#organization\",\"name\":\"skaitytaknyga.lt\",\"url\":\"https:\\\/\\\/skaitytaknyga.lt\\\/\",\"logo\":{\"@type\":\"ImageObject\",\"inLanguage\":\"en-GB\",\"@id\":\"https:\\\/\\\/skaitytaknyga.lt\\\/#\\\/schema\\\/logo\\\/image\\\/\",\"url\":\"https:\\\/\\\/skaitytaknyga.lt\\\/wp-content\\\/uploads\\\/2024\\\/05\\\/cropped-cropped-cropped-02_00843_jt3bggkj1j3HLc7SyY6rEUpg.jpeg\",\"contentUrl\":\"https:\\\/\\\/skaitytaknyga.lt\\\/wp-content\\\/uploads\\\/2024\\\/05\\\/cropped-cropped-cropped-02_00843_jt3bggkj1j3HLc7SyY6rEUpg.jpeg\",\"width\":1600,\"height\":1600,\"caption\":\"skaitytaknyga.lt\"},\"image\":{\"@id\":\"https:\\\/\\\/skaitytaknyga.lt\\\/#\\\/schema\\\/logo\\\/image\\\/\"},\"sameAs\":[\"https:\\\/\\\/www.facebook.com\\\/skaitytaknyga\\\/\"]}]}<\/script>\n<!-- \/ Yoast SEO plugin. -->","yoast_head_json":{"title":"F. Dostojevskis \u201eBroliai Karamazovai\u201c (2 tomai)","description":"\u201eBroliai Karamazovai\u201c \u2013 paskutinis Fiodoro Dostojevskio romanas ir jo magnum opus, ra\u0161ytojas mir\u0117 pra\u0117jus vos keliems m\u0117nesiams po pirmosios publikacijos.","robots":{"index":"index","follow":"follow","max-snippet":"max-snippet:-1","max-image-preview":"max-image-preview:large","max-video-preview":"max-video-preview:-1"},"canonical":"https:\/\/skaitytaknyga.lt\/en\/produktas\/f-dostojevskis-broliai-karamazovai-2-tomai\/","og_locale":"en_GB","og_type":"article","og_title":"[:lt]F. Dostojevskis \u201eBroliai Karamazovai\u201c (2 tomai)[:] - Skaitytaknyga","og_description":"\u201eBroliai Karamazovai\u201c \u2013 paskutinis Fiodoro Dostojevskio romanas ir jo magnum opus, ra\u0161ytojas mir\u0117 pra\u0117jus vos keliems m\u0117nesiams po pirmosios publikacijos.","og_url":"https:\/\/skaitytaknyga.lt\/en\/produktas\/f-dostojevskis-broliai-karamazovai-2-tomai\/","og_site_name":"Skaitytaknyga","article_publisher":"https:\/\/www.facebook.com\/skaitytaknyga\/","article_modified_time":"2026-03-19T10:54:12+00:00","og_image":[{"width":400,"height":625,"url":"https:\/\/skaitytaknyga.lt\/wp-content\/uploads\/2024\/05\/Broliai-Karamazovai.webp","type":"image\/webp"}],"twitter_card":"summary_large_image","twitter_misc":{"Estimated reading time":"2 minutes"},"schema":{"@context":"https:\/\/schema.org","@graph":[{"@type":"WebPage","@id":"https:\/\/skaitytaknyga.lt\/produktas\/f-dostojevskis-broliai-karamazovai-2-tomai\/","url":"https:\/\/skaitytaknyga.lt\/produktas\/f-dostojevskis-broliai-karamazovai-2-tomai\/","name":"F. Dostojevskis \u201eBroliai Karamazovai\u201c (2 tomai)","isPartOf":{"@id":"https:\/\/skaitytaknyga.lt\/#website"},"primaryImageOfPage":{"@id":"https:\/\/skaitytaknyga.lt\/produktas\/f-dostojevskis-broliai-karamazovai-2-tomai\/#primaryimage"},"image":{"@id":"https:\/\/skaitytaknyga.lt\/produktas\/f-dostojevskis-broliai-karamazovai-2-tomai\/#primaryimage"},"thumbnailUrl":"https:\/\/skaitytaknyga.lt\/wp-content\/uploads\/2024\/05\/Broliai-Karamazovai.webp","datePublished":"2024-05-04T14:31:13+00:00","dateModified":"2026-03-19T10:54:12+00:00","description":"\u201eBroliai Karamazovai\u201c \u2013 paskutinis Fiodoro Dostojevskio romanas ir jo magnum opus, ra\u0161ytojas mir\u0117 pra\u0117jus vos keliems m\u0117nesiams po pirmosios publikacijos.","breadcrumb":{"@id":"https:\/\/skaitytaknyga.lt\/produktas\/f-dostojevskis-broliai-karamazovai-2-tomai\/#breadcrumb"},"inLanguage":"en-GB","potentialAction":[{"@type":"ReadAction","target":["https:\/\/skaitytaknyga.lt\/produktas\/f-dostojevskis-broliai-karamazovai-2-tomai\/"]}]},{"@type":"ImageObject","inLanguage":"en-GB","@id":"https:\/\/skaitytaknyga.lt\/produktas\/f-dostojevskis-broliai-karamazovai-2-tomai\/#primaryimage","url":"https:\/\/skaitytaknyga.lt\/wp-content\/uploads\/2024\/05\/Broliai-Karamazovai.webp","contentUrl":"https:\/\/skaitytaknyga.lt\/wp-content\/uploads\/2024\/05\/Broliai-Karamazovai.webp","width":400,"height":625,"caption":"Broliai Karamazovai"},{"@type":"BreadcrumbList","@id":"https:\/\/skaitytaknyga.lt\/produktas\/f-dostojevskis-broliai-karamazovai-2-tomai\/#breadcrumb","itemListElement":[{"@type":"ListItem","position":1,"name":"Home","item":"https:\/\/skaitytaknyga.lt\/"},{"@type":"ListItem","position":2,"name":"Parduotuv\u0117","item":"https:\/\/skaitytaknyga.lt\/knygu-parduotuve\/"},{"@type":"ListItem","position":3,"name":"F. Dostojevskis \u201eBroliai Karamazovai\u201c (2 tomai)"}]},{"@type":"WebSite","@id":"https:\/\/skaitytaknyga.lt\/#website","url":"https:\/\/skaitytaknyga.lt\/","name":"skaitytaknyga.lt","description":"Skaitytaknyga.lt \u2013 tai ma\u017eas \u0161eimos verslas, kuris prasid\u0117jo nuo meil\u0117s knygoms ir siekio i\u0161gelb\u0117ti knygas nuo likimo prie konteinerio. Kas vienam nereikalingas daiktas \u2013 kitam lobis, o mes esame tarpininkai, kurie padeda abiems tapti laimingesniems ???? \u017dinome kaip nelengva i\u0161gyventi ma\u017eiems verslams, tad nuo \u0161iol, \u010dia rasite ir kit\u0173, ma\u017e\u0173 \u0161eim\u0173 versl\u0173, rank\u0173 darbo, dovan\u0173 sau ir artimiesiems.","publisher":{"@id":"https:\/\/skaitytaknyga.lt\/#organization"},"potentialAction":[{"@type":"SearchAction","target":{"@type":"EntryPoint","urlTemplate":"https:\/\/skaitytaknyga.lt\/?s={search_term_string}"},"query-input":{"@type":"PropertyValueSpecification","valueRequired":true,"valueName":"search_term_string"}}],"inLanguage":"en-GB"},{"@type":"Organization","@id":"https:\/\/skaitytaknyga.lt\/#organization","name":"skaitytaknyga.lt","url":"https:\/\/skaitytaknyga.lt\/","logo":{"@type":"ImageObject","inLanguage":"en-GB","@id":"https:\/\/skaitytaknyga.lt\/#\/schema\/logo\/image\/","url":"https:\/\/skaitytaknyga.lt\/wp-content\/uploads\/2024\/05\/cropped-cropped-cropped-02_00843_jt3bggkj1j3HLc7SyY6rEUpg.jpeg","contentUrl":"https:\/\/skaitytaknyga.lt\/wp-content\/uploads\/2024\/05\/cropped-cropped-cropped-02_00843_jt3bggkj1j3HLc7SyY6rEUpg.jpeg","width":1600,"height":1600,"caption":"skaitytaknyga.lt"},"image":{"@id":"https:\/\/skaitytaknyga.lt\/#\/schema\/logo\/image\/"},"sameAs":["https:\/\/www.facebook.com\/skaitytaknyga\/"]}]}},"_links":{"self":[{"href":"https:\/\/skaitytaknyga.lt\/en\/wp-json\/wp\/v2\/product\/7533","targetHints":{"allow":["GET"]}}],"collection":[{"href":"https:\/\/skaitytaknyga.lt\/en\/wp-json\/wp\/v2\/product"}],"about":[{"href":"https:\/\/skaitytaknyga.lt\/en\/wp-json\/wp\/v2\/types\/product"}],"replies":[{"embeddable":true,"href":"https:\/\/skaitytaknyga.lt\/en\/wp-json\/wp\/v2\/comments?post=7533"}],"wp:featuredmedia":[{"embeddable":true,"href":"https:\/\/skaitytaknyga.lt\/en\/wp-json\/wp\/v2\/media\/24608"}],"wp:attachment":[{"href":"https:\/\/skaitytaknyga.lt\/en\/wp-json\/wp\/v2\/media?parent=7533"}],"wp:term":[{"taxonomy":"product_brand","embeddable":true,"href":"https:\/\/skaitytaknyga.lt\/en\/wp-json\/wp\/v2\/product_brand?post=7533"},{"taxonomy":"product_cat","embeddable":true,"href":"https:\/\/skaitytaknyga.lt\/en\/wp-json\/wp\/v2\/product_cat?post=7533"},{"taxonomy":"product_tag","embeddable":true,"href":"https:\/\/skaitytaknyga.lt\/en\/wp-json\/wp\/v2\/product_tag?post=7533"}],"curies":[{"name":"wp","href":"https:\/\/api.w.org\/{rel}","templated":true}]}}