{"id":7531,"date":"2024-05-04T14:31:13","date_gmt":"2024-05-04T14:31:13","guid":{"rendered":"https:\/\/skaitytaknyga.lt\/?post_type=product&#038;p=7531"},"modified":"2026-03-05T15:58:09","modified_gmt":"2026-03-05T13:58:09","slug":"sally-green-pusiau-paklydes","status":"publish","type":"product","link":"https:\/\/skaitytaknyga.lt\/en\/produktas\/sally-green-pusiau-paklydes\/","title":{"rendered":"Pusiau paklyd\u0119s"},"content":{"rendered":"<p>Paskutin\u0117 trilogijos \u201ePusiau blogas&#8221; dalis.<\/p>\n<p>NEITANAS BYRNAS V\u0116L B\u0116GA<\/p>\n<p>Baltieji pasiruo\u0161\u0119 pulti,<br \/>\njuodiesiems i\u0161kil\u0119s mirtinas pavojus.<\/p>\n<p>Neitanas galingesnis nei bet kada anks\u010diau,<br \/>\nbet tarp sveiko proto ir beprotyb\u0117s jam t\u0117ra lik\u0119s vienas \u017eingsnis.<\/p>\n<p>Kad i\u0161gelb\u0117t\u0173 Aljans\u0105 nuo pra\u017e\u016bties,<br \/>\njis turi tapti galingiausiu jo ginklu.<\/p>\n<p>Kad apsaugot\u0173 visuomen\u0119, kuri jo neken\u010dia,<br \/>\njis privalo rizikuoti viskuo, k\u0105 turi brangiausia.<\/p>\n<p>Tai paskutin\u0117 kova.<\/p>\n<p>Aljansas gali pralaim\u0117ti kar\u0105, o j\u0173 svarbiausias ginklas \u2013 septyniolikmetis raganius Neitanas \u2013 kraustosi i\u0161 proto. Neitano nu\u017eudyt\u0173j\u0173 skai\u010dius spar\u010diai auga, ta\u010diau tironi\u0161kai Balt\u0173j\u0173 ragani\u0173 tarybos vald\u017eiai pabaigos nematyti. Neart\u0117ja Neitanas ir prie savo svarbiausio asmeninio tikslo: atker\u0161yti buvusiai mylimajai Analizai, kuri \u012fvykd\u0117 nedovanotin\u0105 nusikaltim\u0105. Amuletas, kuris priklauso ypa\u010d galingai juodajai raganai Led\u017eerei, gal\u0117t\u0173 i\u0161saugoti Aljans\u0105 ir Neitano gyvyb\u0119, bet j\u012f gauti itin sunku. O kur dar reg\u0117jimai, kurie kaip prakeiksmas prad\u0117jo lankyti Neitan\u0105: juose jis nuolat mato savo mirt\u012f. Neitano draugas Gabrielius \u012fkalbin\u0117ja j\u012f pab\u0117gti ir prad\u0117ti visk\u0105 i\u0161 naujo, ta\u010diau nuo karo Neitanas pab\u0117gti nebegali \u2013 kaip ir nuo \u017emogaus, kuriuo jis tapo.<\/p>\n","protected":false},"excerpt":{"rendered":"<p>Paskutin\u0117 trilogijos \u201ePusiau blogas&#8221; dalis. NEITANAS BYRNAS V\u0116L B\u0116GA Baltieji pasiruo\u0161\u0119 pulti, juodiesiems i\u0161kil\u0119s mirtinas pavojus. Neitanas galingesnis nei bet kada anks\u010diau, bet tarp sveiko proto ir beprotyb\u0117s jam t\u0117ra lik\u0119s vienas \u017eingsnis. Kad i\u0161gelb\u0117t\u0173 Aljans\u0105 nuo pra\u017e\u016bties, jis turi tapti galingiausiu jo ginklu. Kad apsaugot\u0173 visuomen\u0119, kuri jo neken\u010dia, jis privalo rizikuoti viskuo, k\u0105 turi brangiausia. Tai paskutin\u0117 kova. Aljansas gali pralaim\u0117ti kar\u0105, o j\u0173 svarbiausias ginklas \u2013 septyniolikmetis raganius Neitanas \u2013 kraustosi i\u0161 proto. Neitano nu\u017eudyt\u0173j\u0173 skai\u010dius spar\u010diai auga, ta\u010diau tironi\u0161kai Balt\u0173j\u0173 ragani\u0173 tarybos vald\u017eiai pabaigos nematyti. Neart\u0117ja Neitanas ir prie savo svarbiausio asmeninio tikslo: atker\u0161yti buvusiai mylimajai Analizai, kuri \u012fvykd\u0117 nedovanotin\u0105 nusikaltim\u0105. Amuletas, kuris priklauso ypa\u010d galingai juodajai raganai Led\u017eerei, gal\u0117t\u0173 i\u0161saugoti Aljans\u0105 ir Neitano gyvyb\u0119, bet j\u012f gauti itin sunku. O kur dar reg\u0117jimai, kurie kaip prakeiksmas prad\u0117jo lankyti Neitan\u0105: juose jis nuolat mato savo mirt\u012f. Neitano draugas Gabrielius \u012fkalbin\u0117ja j\u012f pab\u0117gti ir prad\u0117ti visk\u0105 i\u0161 naujo, ta\u010diau nuo karo Neitanas pab\u0117gti nebegali \u2013 kaip ir nuo \u017emogaus, kuriuo jis tapo.<\/p>\n","protected":false},"featured_media":2705,"comment_status":"closed","ping_status":"closed","template":"","meta":{"_acf_changed":false,"site-sidebar-layout":"default","site-content-layout":"","ast-site-content-layout":"default","site-content-style":"default","site-sidebar-style":"default","ast-global-header-display":"","ast-banner-title-visibility":"","ast-main-header-display":"","ast-hfb-above-header-display":"","ast-hfb-below-header-display":"","ast-hfb-mobile-header-display":"","site-post-title":"","ast-breadcrumbs-content":"","ast-featured-img":"","footer-sml-layout":"","ast-disable-related-posts":"","theme-transparent-header-meta":"","adv-header-id-meta":"","stick-header-meta":"","header-above-stick-meta":"","header-main-stick-meta":"","header-below-stick-meta":"","astra-migrate-meta-layouts":"default","ast-page-background-enabled":"default","ast-page-background-meta":{"desktop":{"background-color":"","background-image":"","background-repeat":"repeat","background-position":"center center","background-size":"auto","background-attachment":"scroll","background-type":"","background-media":"","overlay-type":"","overlay-color":"","overlay-opacity":"","overlay-gradient":""},"tablet":{"background-color":"","background-image":"","background-repeat":"repeat","background-position":"center center","background-size":"auto","background-attachment":"scroll","background-type":"","background-media":"","overlay-type":"","overlay-color":"","overlay-opacity":"","overlay-gradient":""},"mobile":{"background-color":"","background-image":"","background-repeat":"repeat","background-position":"center center","background-size":"auto","background-attachment":"scroll","background-type":"","background-media":"","overlay-type":"","overlay-color":"","overlay-opacity":"","overlay-gradient":""}},"ast-content-background-meta":{"desktop":{"background-color":"var(--ast-global-color-4)","background-image":"","background-repeat":"repeat","background-position":"center center","background-size":"auto","background-attachment":"scroll","background-type":"","background-media":"","overlay-type":"","overlay-color":"","overlay-opacity":"","overlay-gradient":""},"tablet":{"background-color":"var(--ast-global-color-4)","background-image":"","background-repeat":"repeat","background-position":"center center","background-size":"auto","background-attachment":"scroll","background-type":"","background-media":"","overlay-type":"","overlay-color":"","overlay-opacity":"","overlay-gradient":""},"mobile":{"background-color":"var(--ast-global-color-4)","background-image":"","background-repeat":"repeat","background-position":"center center","background-size":"auto","background-attachment":"scroll","background-type":"","background-media":"","overlay-type":"","overlay-color":"","overlay-opacity":"","overlay-gradient":""}}},"product_brand":[],"product_cat":[9580],"product_tag":[],"class_list":{"0":"post-7531","1":"product","2":"type-product","3":"status-publish","4":"has-post-thumbnail","6":"product_cat-psichologiniai-detektyvai","7":"desktop-align-left","8":"tablet-align-left","9":"mobile-align-left","11":"first","12":"outofstock","13":"shipping-taxable","14":"purchasable","15":"product-type-simple"},"acf":[],"yoast_head":"<!-- This site is optimized with the Yoast SEO plugin v27.4 - https:\/\/yoast.com\/product\/yoast-seo-wordpress\/ -->\n<title>Pusiau paklyd\u0119s<\/title>\n<meta name=\"description\" content=\"Paskutin\u0117 trilogijos \u201ePusiau blogas&quot; dalis. NEITANAS BYRNAS V\u0116L B\u0116GA Baltieji pasiruo\u0161\u0119 pulti, juodiesiems i\u0161kil\u0119s mirtinas pavojus. Neitanas galingesnis\" \/>\n<meta name=\"robots\" content=\"index, follow, max-snippet:-1, max-image-preview:large, max-video-preview:-1\" \/>\n<link rel=\"canonical\" href=\"https:\/\/skaitytaknyga.lt\/en\/produktas\/sally-green-pusiau-paklydes\/\" \/>\n<meta property=\"og:locale\" content=\"en_GB\" \/>\n<meta property=\"og:locale:alternate\" content=\"lt_LT\" \/>\n<meta property=\"og:type\" content=\"article\" \/>\n<meta property=\"og:title\" content=\"Pusiau paklyd\u0119s\" \/>\n<meta property=\"og:description\" content=\"Paskutin\u0117 trilogijos \u201ePusiau blogas&quot; dalis. NEITANAS BYRNAS V\u0116L B\u0116GA Baltieji pasiruo\u0161\u0119 pulti, juodiesiems i\u0161kil\u0119s mirtinas pavojus. Neitanas galingesnis\" \/>\n<meta property=\"og:url\" content=\"https:\/\/skaitytaknyga.lt\/en\/produktas\/sally-green-pusiau-paklydes\/\" \/>\n<meta property=\"og:site_name\" content=\"Skaitytaknyga\" \/>\n<meta property=\"article:publisher\" content=\"https:\/\/www.facebook.com\/skaitytaknyga\/\" \/>\n<meta property=\"article:modified_time\" content=\"2026-03-05T13:58:09+00:00\" \/>\n<meta property=\"og:image\" content=\"https:\/\/skaitytaknyga.lt\/wp-content\/uploads\/2024\/04\/1494337411_9789955239734.jpg\" \/>\n\t<meta property=\"og:image:width\" content=\"303\" \/>\n\t<meta property=\"og:image:height\" content=\"430\" \/>\n\t<meta property=\"og:image:type\" content=\"image\/jpeg\" \/>\n<meta name=\"twitter:card\" content=\"summary_large_image\" \/>\n<meta name=\"twitter:label1\" content=\"Estimated reading time\" \/>\n\t<meta name=\"twitter:data1\" content=\"1 minute\" \/>\n<script type=\"application\/ld+json\" class=\"yoast-schema-graph\">{\"@context\":\"https:\\\/\\\/schema.org\",\"@graph\":[{\"@type\":\"WebPage\",\"@id\":\"https:\\\/\\\/skaitytaknyga.lt\\\/produktas\\\/sally-green-pusiau-paklydes\\\/\",\"url\":\"https:\\\/\\\/skaitytaknyga.lt\\\/produktas\\\/sally-green-pusiau-paklydes\\\/\",\"name\":\"Pusiau paklyd\u0119s\",\"isPartOf\":{\"@id\":\"https:\\\/\\\/skaitytaknyga.lt\\\/#website\"},\"primaryImageOfPage\":{\"@id\":\"https:\\\/\\\/skaitytaknyga.lt\\\/produktas\\\/sally-green-pusiau-paklydes\\\/#primaryimage\"},\"image\":{\"@id\":\"https:\\\/\\\/skaitytaknyga.lt\\\/produktas\\\/sally-green-pusiau-paklydes\\\/#primaryimage\"},\"thumbnailUrl\":\"https:\\\/\\\/skaitytaknyga.lt\\\/wp-content\\\/uploads\\\/2024\\\/04\\\/1494337411_9789955239734.jpg\",\"datePublished\":\"2024-05-04T14:31:13+00:00\",\"dateModified\":\"2026-03-05T13:58:09+00:00\",\"description\":\"Paskutin\u0117 trilogijos \u201ePusiau blogas\\\" dalis. NEITANAS BYRNAS V\u0116L B\u0116GA Baltieji pasiruo\u0161\u0119 pulti, juodiesiems i\u0161kil\u0119s mirtinas pavojus. Neitanas galingesnis\",\"breadcrumb\":{\"@id\":\"https:\\\/\\\/skaitytaknyga.lt\\\/produktas\\\/sally-green-pusiau-paklydes\\\/#breadcrumb\"},\"inLanguage\":\"en-GB\",\"potentialAction\":[{\"@type\":\"ReadAction\",\"target\":[\"https:\\\/\\\/skaitytaknyga.lt\\\/produktas\\\/sally-green-pusiau-paklydes\\\/\"]}]},{\"@type\":\"ImageObject\",\"inLanguage\":\"en-GB\",\"@id\":\"https:\\\/\\\/skaitytaknyga.lt\\\/produktas\\\/sally-green-pusiau-paklydes\\\/#primaryimage\",\"url\":\"https:\\\/\\\/skaitytaknyga.lt\\\/wp-content\\\/uploads\\\/2024\\\/04\\\/1494337411_9789955239734.jpg\",\"contentUrl\":\"https:\\\/\\\/skaitytaknyga.lt\\\/wp-content\\\/uploads\\\/2024\\\/04\\\/1494337411_9789955239734.jpg\",\"width\":303,\"height\":430,\"caption\":\"1494337411 9789955239734\"},{\"@type\":\"BreadcrumbList\",\"@id\":\"https:\\\/\\\/skaitytaknyga.lt\\\/produktas\\\/sally-green-pusiau-paklydes\\\/#breadcrumb\",\"itemListElement\":[{\"@type\":\"ListItem\",\"position\":1,\"name\":\"Home\",\"item\":\"https:\\\/\\\/skaitytaknyga.lt\\\/\"},{\"@type\":\"ListItem\",\"position\":2,\"name\":\"Parduotuv\u0117\",\"item\":\"https:\\\/\\\/skaitytaknyga.lt\\\/knygu-parduotuve\\\/\"},{\"@type\":\"ListItem\",\"position\":3,\"name\":\"Pusiau paklyd\u0119s\"}]},{\"@type\":\"WebSite\",\"@id\":\"https:\\\/\\\/skaitytaknyga.lt\\\/#website\",\"url\":\"https:\\\/\\\/skaitytaknyga.lt\\\/\",\"name\":\"skaitytaknyga.lt\",\"description\":\"Skaitytaknyga.lt \u2013 tai ma\u017eas \u0161eimos verslas, kuris prasid\u0117jo nuo meil\u0117s knygoms ir siekio i\u0161gelb\u0117ti knygas nuo likimo prie konteinerio. Kas vienam nereikalingas daiktas \u2013 kitam lobis, o mes esame tarpininkai, kurie padeda abiems tapti laimingesniems ???? \u017dinome kaip nelengva i\u0161gyventi ma\u017eiems verslams, tad nuo \u0161iol, \u010dia rasite ir kit\u0173, ma\u017e\u0173 \u0161eim\u0173 versl\u0173, rank\u0173 darbo, dovan\u0173 sau ir artimiesiems.\",\"publisher\":{\"@id\":\"https:\\\/\\\/skaitytaknyga.lt\\\/#organization\"},\"potentialAction\":[{\"@type\":\"SearchAction\",\"target\":{\"@type\":\"EntryPoint\",\"urlTemplate\":\"https:\\\/\\\/skaitytaknyga.lt\\\/?s={search_term_string}\"},\"query-input\":{\"@type\":\"PropertyValueSpecification\",\"valueRequired\":true,\"valueName\":\"search_term_string\"}}],\"inLanguage\":\"en-GB\"},{\"@type\":\"Organization\",\"@id\":\"https:\\\/\\\/skaitytaknyga.lt\\\/#organization\",\"name\":\"skaitytaknyga.lt\",\"url\":\"https:\\\/\\\/skaitytaknyga.lt\\\/\",\"logo\":{\"@type\":\"ImageObject\",\"inLanguage\":\"en-GB\",\"@id\":\"https:\\\/\\\/skaitytaknyga.lt\\\/#\\\/schema\\\/logo\\\/image\\\/\",\"url\":\"https:\\\/\\\/skaitytaknyga.lt\\\/wp-content\\\/uploads\\\/2024\\\/05\\\/cropped-cropped-cropped-02_00843_jt3bggkj1j3HLc7SyY6rEUpg.jpeg\",\"contentUrl\":\"https:\\\/\\\/skaitytaknyga.lt\\\/wp-content\\\/uploads\\\/2024\\\/05\\\/cropped-cropped-cropped-02_00843_jt3bggkj1j3HLc7SyY6rEUpg.jpeg\",\"width\":1600,\"height\":1600,\"caption\":\"skaitytaknyga.lt\"},\"image\":{\"@id\":\"https:\\\/\\\/skaitytaknyga.lt\\\/#\\\/schema\\\/logo\\\/image\\\/\"},\"sameAs\":[\"https:\\\/\\\/www.facebook.com\\\/skaitytaknyga\\\/\"]}]}<\/script>\n<!-- \/ Yoast SEO plugin. -->","yoast_head_json":{"title":"Pusiau paklyd\u0119s","description":"Paskutin\u0117 trilogijos \u201ePusiau blogas\" dalis. NEITANAS BYRNAS V\u0116L B\u0116GA Baltieji pasiruo\u0161\u0119 pulti, juodiesiems i\u0161kil\u0119s mirtinas pavojus. Neitanas galingesnis","robots":{"index":"index","follow":"follow","max-snippet":"max-snippet:-1","max-image-preview":"max-image-preview:large","max-video-preview":"max-video-preview:-1"},"canonical":"https:\/\/skaitytaknyga.lt\/en\/produktas\/sally-green-pusiau-paklydes\/","og_locale":"en_GB","og_type":"article","og_title":"[:lt]Pusiau paklyd\u0119s[:] - Skaitytaknyga","og_description":"Paskutin\u0117 trilogijos \u201ePusiau blogas\" dalis. NEITANAS BYRNAS V\u0116L B\u0116GA Baltieji pasiruo\u0161\u0119 pulti, juodiesiems i\u0161kil\u0119s mirtinas pavojus. Neitanas galingesnis","og_url":"https:\/\/skaitytaknyga.lt\/en\/produktas\/sally-green-pusiau-paklydes\/","og_site_name":"Skaitytaknyga","article_publisher":"https:\/\/www.facebook.com\/skaitytaknyga\/","article_modified_time":"2026-03-05T13:58:09+00:00","og_image":[{"width":303,"height":430,"url":"https:\/\/skaitytaknyga.lt\/wp-content\/uploads\/2024\/04\/1494337411_9789955239734.jpg","type":"image\/jpeg"}],"twitter_card":"summary_large_image","twitter_misc":{"Estimated reading time":"1 minute"},"schema":{"@context":"https:\/\/schema.org","@graph":[{"@type":"WebPage","@id":"https:\/\/skaitytaknyga.lt\/produktas\/sally-green-pusiau-paklydes\/","url":"https:\/\/skaitytaknyga.lt\/produktas\/sally-green-pusiau-paklydes\/","name":"Pusiau paklyd\u0119s","isPartOf":{"@id":"https:\/\/skaitytaknyga.lt\/#website"},"primaryImageOfPage":{"@id":"https:\/\/skaitytaknyga.lt\/produktas\/sally-green-pusiau-paklydes\/#primaryimage"},"image":{"@id":"https:\/\/skaitytaknyga.lt\/produktas\/sally-green-pusiau-paklydes\/#primaryimage"},"thumbnailUrl":"https:\/\/skaitytaknyga.lt\/wp-content\/uploads\/2024\/04\/1494337411_9789955239734.jpg","datePublished":"2024-05-04T14:31:13+00:00","dateModified":"2026-03-05T13:58:09+00:00","description":"Paskutin\u0117 trilogijos \u201ePusiau blogas\" dalis. NEITANAS BYRNAS V\u0116L B\u0116GA Baltieji pasiruo\u0161\u0119 pulti, juodiesiems i\u0161kil\u0119s mirtinas pavojus. Neitanas galingesnis","breadcrumb":{"@id":"https:\/\/skaitytaknyga.lt\/produktas\/sally-green-pusiau-paklydes\/#breadcrumb"},"inLanguage":"en-GB","potentialAction":[{"@type":"ReadAction","target":["https:\/\/skaitytaknyga.lt\/produktas\/sally-green-pusiau-paklydes\/"]}]},{"@type":"ImageObject","inLanguage":"en-GB","@id":"https:\/\/skaitytaknyga.lt\/produktas\/sally-green-pusiau-paklydes\/#primaryimage","url":"https:\/\/skaitytaknyga.lt\/wp-content\/uploads\/2024\/04\/1494337411_9789955239734.jpg","contentUrl":"https:\/\/skaitytaknyga.lt\/wp-content\/uploads\/2024\/04\/1494337411_9789955239734.jpg","width":303,"height":430,"caption":"1494337411 9789955239734"},{"@type":"BreadcrumbList","@id":"https:\/\/skaitytaknyga.lt\/produktas\/sally-green-pusiau-paklydes\/#breadcrumb","itemListElement":[{"@type":"ListItem","position":1,"name":"Home","item":"https:\/\/skaitytaknyga.lt\/"},{"@type":"ListItem","position":2,"name":"Parduotuv\u0117","item":"https:\/\/skaitytaknyga.lt\/knygu-parduotuve\/"},{"@type":"ListItem","position":3,"name":"Pusiau paklyd\u0119s"}]},{"@type":"WebSite","@id":"https:\/\/skaitytaknyga.lt\/#website","url":"https:\/\/skaitytaknyga.lt\/","name":"skaitytaknyga.lt","description":"Skaitytaknyga.lt \u2013 tai ma\u017eas \u0161eimos verslas, kuris prasid\u0117jo nuo meil\u0117s knygoms ir siekio i\u0161gelb\u0117ti knygas nuo likimo prie konteinerio. Kas vienam nereikalingas daiktas \u2013 kitam lobis, o mes esame tarpininkai, kurie padeda abiems tapti laimingesniems ???? \u017dinome kaip nelengva i\u0161gyventi ma\u017eiems verslams, tad nuo \u0161iol, \u010dia rasite ir kit\u0173, ma\u017e\u0173 \u0161eim\u0173 versl\u0173, rank\u0173 darbo, dovan\u0173 sau ir artimiesiems.","publisher":{"@id":"https:\/\/skaitytaknyga.lt\/#organization"},"potentialAction":[{"@type":"SearchAction","target":{"@type":"EntryPoint","urlTemplate":"https:\/\/skaitytaknyga.lt\/?s={search_term_string}"},"query-input":{"@type":"PropertyValueSpecification","valueRequired":true,"valueName":"search_term_string"}}],"inLanguage":"en-GB"},{"@type":"Organization","@id":"https:\/\/skaitytaknyga.lt\/#organization","name":"skaitytaknyga.lt","url":"https:\/\/skaitytaknyga.lt\/","logo":{"@type":"ImageObject","inLanguage":"en-GB","@id":"https:\/\/skaitytaknyga.lt\/#\/schema\/logo\/image\/","url":"https:\/\/skaitytaknyga.lt\/wp-content\/uploads\/2024\/05\/cropped-cropped-cropped-02_00843_jt3bggkj1j3HLc7SyY6rEUpg.jpeg","contentUrl":"https:\/\/skaitytaknyga.lt\/wp-content\/uploads\/2024\/05\/cropped-cropped-cropped-02_00843_jt3bggkj1j3HLc7SyY6rEUpg.jpeg","width":1600,"height":1600,"caption":"skaitytaknyga.lt"},"image":{"@id":"https:\/\/skaitytaknyga.lt\/#\/schema\/logo\/image\/"},"sameAs":["https:\/\/www.facebook.com\/skaitytaknyga\/"]}]}},"_links":{"self":[{"href":"https:\/\/skaitytaknyga.lt\/en\/wp-json\/wp\/v2\/product\/7531","targetHints":{"allow":["GET"]}}],"collection":[{"href":"https:\/\/skaitytaknyga.lt\/en\/wp-json\/wp\/v2\/product"}],"about":[{"href":"https:\/\/skaitytaknyga.lt\/en\/wp-json\/wp\/v2\/types\/product"}],"replies":[{"embeddable":true,"href":"https:\/\/skaitytaknyga.lt\/en\/wp-json\/wp\/v2\/comments?post=7531"}],"wp:featuredmedia":[{"embeddable":true,"href":"https:\/\/skaitytaknyga.lt\/en\/wp-json\/wp\/v2\/media\/2705"}],"wp:attachment":[{"href":"https:\/\/skaitytaknyga.lt\/en\/wp-json\/wp\/v2\/media?parent=7531"}],"wp:term":[{"taxonomy":"product_brand","embeddable":true,"href":"https:\/\/skaitytaknyga.lt\/en\/wp-json\/wp\/v2\/product_brand?post=7531"},{"taxonomy":"product_cat","embeddable":true,"href":"https:\/\/skaitytaknyga.lt\/en\/wp-json\/wp\/v2\/product_cat?post=7531"},{"taxonomy":"product_tag","embeddable":true,"href":"https:\/\/skaitytaknyga.lt\/en\/wp-json\/wp\/v2\/product_tag?post=7531"}],"curies":[{"name":"wp","href":"https:\/\/api.w.org\/{rel}","templated":true}]}}