{"id":7518,"date":"2024-05-04T17:30:55","date_gmt":"2024-05-04T14:30:55","guid":{"rendered":"https:\/\/skaitytaknyga.lt\/?post_type=product&#038;p=7518"},"modified":"2025-11-08T10:47:33","modified_gmt":"2025-11-08T08:47:33","slug":"m-norbekovas-kvailio-patirtis-arba-kelias-i-praregejima-su-nedideliu-defektu-2","status":"publish","type":"product","link":"https:\/\/skaitytaknyga.lt\/en\/produktas\/m-norbekovas-kvailio-patirtis-arba-kelias-i-praregejima-su-nedideliu-defektu-2\/","title":{"rendered":"M. Norbekovas \u201eKvailio patirtis, arba kelias \u012f prareg\u0117jim\u0105&#8221;"},"content":{"rendered":"<p>J\u016bs\u0173 rankose \u2013 ne\u012fprasta knyga. Tai n\u0117ra paprasti patarimai, kaip per trump\u0105 laik\u0105 atgauti reg\u0117jim\u0105, ar filosofinis traktatas chroni\u0161kam nevyk\u0117liui, tai veikimo instrukcija. \u0160ioje knygoje i\u0161d\u0117styta alternatyvi gydymo sistema, kuri\u0105 tarptautin\u0117 nepriklausom\u0173 ekspert\u0173 asociacija 1998 m. i\u0161 vis\u0173 \u017einom\u0173 sistem\u0173 pripa\u017eino esant efektyviausi\u0105.<\/p>\n<p>Knygos autorius M. Norbekovas \u2013 ry\u0161ki ir stipri asmenyb\u0117, kvie\u010dianti paskui save visus, turin\u010dius gyv\u0105 \u0161ird\u012f ir berib\u012f nor\u0105 pa\u017einti save. Neabejotina, kad \u0161iai knygai niekas neliks abejingas. Vieniems ji sukels neprielankum\u0105 ar net prie\u0161i\u0161kum\u0105, kitiems taps atradimu.<\/p>\n<p>Vienu \u017eod\u017eiu, J\u016bs\u0173 rankose knyga-testas, galintis parodyti, ar gebate skaityti tarp eilu\u010di\u0173, matyti \u0161irdimi ir suvokti tikr\u0105j\u0105 dalyk\u0173 esm\u0119.<\/p>\n","protected":false},"excerpt":{"rendered":"<p>J\u016bs\u0173 rankose \u2013 ne\u012fprasta knyga. Tai n\u0117ra paprasti patarimai, kaip per trump\u0105 laik\u0105 atgauti reg\u0117jim\u0105, ar filosofinis traktatas chroni\u0161kam nevyk\u0117liui, tai veikimo instrukcija. \u0160ioje knygoje i\u0161d\u0117styta alternatyvi gydymo sistema, kuri\u0105 tarptautin\u0117 nepriklausom\u0173 ekspert\u0173 asociacija 1998 m. i\u0161 vis\u0173 \u017einom\u0173 sistem\u0173 pripa\u017eino esant efektyviausi\u0105. Knygos autorius M. Norbekovas \u2013 ry\u0161ki ir stipri asmenyb\u0117, kvie\u010dianti paskui save visus, turin\u010dius gyv\u0105 \u0161ird\u012f ir berib\u012f nor\u0105 pa\u017einti save. Neabejotina, kad \u0161iai knygai niekas neliks abejingas. Vieniems ji sukels neprielankum\u0105 ar net prie\u0161i\u0161kum\u0105, kitiems taps atradimu. Vienu \u017eod\u017eiu, J\u016bs\u0173 rankose knyga-testas, galintis parodyti, ar gebate skaityti tarp eilu\u010di\u0173, matyti \u0161irdimi ir suvokti tikr\u0105j\u0105 dalyk\u0173 esm\u0119.<\/p>\n","protected":false},"featured_media":2661,"comment_status":"closed","ping_status":"closed","template":"","meta":{"_acf_changed":false,"site-sidebar-layout":"default","site-content-layout":"","ast-site-content-layout":"default","site-content-style":"default","site-sidebar-style":"default","ast-global-header-display":"","ast-banner-title-visibility":"","ast-main-header-display":"","ast-hfb-above-header-display":"","ast-hfb-below-header-display":"","ast-hfb-mobile-header-display":"","site-post-title":"","ast-breadcrumbs-content":"","ast-featured-img":"","footer-sml-layout":"","ast-disable-related-posts":"","theme-transparent-header-meta":"","adv-header-id-meta":"","stick-header-meta":"","header-above-stick-meta":"","header-main-stick-meta":"","header-below-stick-meta":"","astra-migrate-meta-layouts":"default","ast-page-background-enabled":"default","ast-page-background-meta":{"desktop":{"background-color":"","background-image":"","background-repeat":"repeat","background-position":"center center","background-size":"auto","background-attachment":"scroll","background-type":"","background-media":"","overlay-type":"","overlay-color":"","overlay-opacity":"","overlay-gradient":""},"tablet":{"background-color":"","background-image":"","background-repeat":"repeat","background-position":"center center","background-size":"auto","background-attachment":"scroll","background-type":"","background-media":"","overlay-type":"","overlay-color":"","overlay-opacity":"","overlay-gradient":""},"mobile":{"background-color":"","background-image":"","background-repeat":"repeat","background-position":"center center","background-size":"auto","background-attachment":"scroll","background-type":"","background-media":"","overlay-type":"","overlay-color":"","overlay-opacity":"","overlay-gradient":""}},"ast-content-background-meta":{"desktop":{"background-color":"var(--ast-global-color-4)","background-image":"","background-repeat":"repeat","background-position":"center center","background-size":"auto","background-attachment":"scroll","background-type":"","background-media":"","overlay-type":"","overlay-color":"","overlay-opacity":"","overlay-gradient":""},"tablet":{"background-color":"var(--ast-global-color-4)","background-image":"","background-repeat":"repeat","background-position":"center center","background-size":"auto","background-attachment":"scroll","background-type":"","background-media":"","overlay-type":"","overlay-color":"","overlay-opacity":"","overlay-gradient":""},"mobile":{"background-color":"var(--ast-global-color-4)","background-image":"","background-repeat":"repeat","background-position":"center center","background-size":"auto","background-attachment":"scroll","background-type":"","background-media":"","overlay-type":"","overlay-color":"","overlay-opacity":"","overlay-gradient":""}}},"product_brand":[],"product_cat":[30],"product_tag":[],"class_list":{"0":"post-7518","1":"product","2":"type-product","3":"status-publish","4":"has-post-thumbnail","6":"product_cat-psichologija-ir-saviugda","7":"desktop-align-left","8":"tablet-align-left","9":"mobile-align-left","11":"first","12":"outofstock","13":"shipping-taxable","14":"purchasable","15":"product-type-simple"},"acf":[],"yoast_head":"<!-- This site is optimized with the Yoast SEO plugin v27.4 - https:\/\/yoast.com\/product\/yoast-seo-wordpress\/ -->\n<title>M. Norbekovas \u201eKvailio patirtis, arba kelias \u012f prareg\u0117jim\u0105&quot;<\/title>\n<meta name=\"description\" content=\"J\u016bs\u0173 rankose \u2013 ne\u012fprasta knyga. Tai n\u0117ra paprasti patarimai, kaip per trump\u0105 laik\u0105 atgauti reg\u0117jim\u0105, ar filosofinis traktatas chroni\u0161kam nevyk\u0117liui, tai\" \/>\n<meta name=\"robots\" content=\"index, follow, max-snippet:-1, max-image-preview:large, max-video-preview:-1\" \/>\n<link rel=\"canonical\" href=\"https:\/\/skaitytaknyga.lt\/en\/produktas\/m-norbekovas-kvailio-patirtis-arba-kelias-i-praregejima-su-nedideliu-defektu-2\/\" \/>\n<meta property=\"og:locale\" content=\"en_GB\" \/>\n<meta property=\"og:locale:alternate\" content=\"lt_LT\" \/>\n<meta property=\"og:type\" content=\"article\" \/>\n<meta property=\"og:title\" content=\"M. Norbekovas \u201eKvailio patirtis, arba kelias \u012f prareg\u0117jim\u0105&quot;\" \/>\n<meta property=\"og:description\" content=\"J\u016bs\u0173 rankose \u2013 ne\u012fprasta knyga. Tai n\u0117ra paprasti patarimai, kaip per trump\u0105 laik\u0105 atgauti reg\u0117jim\u0105, ar filosofinis traktatas chroni\u0161kam nevyk\u0117liui, tai\" \/>\n<meta property=\"og:url\" content=\"https:\/\/skaitytaknyga.lt\/en\/produktas\/m-norbekovas-kvailio-patirtis-arba-kelias-i-praregejima-su-nedideliu-defektu-2\/\" \/>\n<meta property=\"og:site_name\" content=\"Skaitytaknyga\" \/>\n<meta property=\"article:publisher\" content=\"https:\/\/www.facebook.com\/skaitytaknyga\/\" \/>\n<meta property=\"article:modified_time\" content=\"2025-11-08T08:47:33+00:00\" \/>\n<meta property=\"og:image\" content=\"https:\/\/skaitytaknyga.lt\/wp-content\/uploads\/2024\/04\/1462873683_kvailio-patirtis.jpg\" \/>\n\t<meta property=\"og:image:width\" content=\"275\" \/>\n\t<meta property=\"og:image:height\" content=\"430\" \/>\n\t<meta property=\"og:image:type\" content=\"image\/jpeg\" \/>\n<meta name=\"twitter:card\" content=\"summary_large_image\" \/>\n<meta name=\"twitter:label1\" content=\"Estimated reading time\" \/>\n\t<meta name=\"twitter:data1\" content=\"1 minute\" \/>\n<script type=\"application\/ld+json\" class=\"yoast-schema-graph\">{\"@context\":\"https:\\\/\\\/schema.org\",\"@graph\":[{\"@type\":\"WebPage\",\"@id\":\"https:\\\/\\\/skaitytaknyga.lt\\\/produktas\\\/m-norbekovas-kvailio-patirtis-arba-kelias-i-praregejima-su-nedideliu-defektu-2\\\/\",\"url\":\"https:\\\/\\\/skaitytaknyga.lt\\\/produktas\\\/m-norbekovas-kvailio-patirtis-arba-kelias-i-praregejima-su-nedideliu-defektu-2\\\/\",\"name\":\"M. Norbekovas \u201eKvailio patirtis, arba kelias \u012f prareg\u0117jim\u0105\\\"\",\"isPartOf\":{\"@id\":\"https:\\\/\\\/skaitytaknyga.lt\\\/#website\"},\"primaryImageOfPage\":{\"@id\":\"https:\\\/\\\/skaitytaknyga.lt\\\/produktas\\\/m-norbekovas-kvailio-patirtis-arba-kelias-i-praregejima-su-nedideliu-defektu-2\\\/#primaryimage\"},\"image\":{\"@id\":\"https:\\\/\\\/skaitytaknyga.lt\\\/produktas\\\/m-norbekovas-kvailio-patirtis-arba-kelias-i-praregejima-su-nedideliu-defektu-2\\\/#primaryimage\"},\"thumbnailUrl\":\"https:\\\/\\\/skaitytaknyga.lt\\\/wp-content\\\/uploads\\\/2024\\\/04\\\/1462873683_kvailio-patirtis.jpg\",\"datePublished\":\"2024-05-04T14:30:55+00:00\",\"dateModified\":\"2025-11-08T08:47:33+00:00\",\"description\":\"J\u016bs\u0173 rankose \u2013 ne\u012fprasta knyga. Tai n\u0117ra paprasti patarimai, kaip per trump\u0105 laik\u0105 atgauti reg\u0117jim\u0105, ar filosofinis traktatas chroni\u0161kam nevyk\u0117liui, tai\",\"breadcrumb\":{\"@id\":\"https:\\\/\\\/skaitytaknyga.lt\\\/produktas\\\/m-norbekovas-kvailio-patirtis-arba-kelias-i-praregejima-su-nedideliu-defektu-2\\\/#breadcrumb\"},\"inLanguage\":\"en-GB\",\"potentialAction\":[{\"@type\":\"ReadAction\",\"target\":[\"https:\\\/\\\/skaitytaknyga.lt\\\/produktas\\\/m-norbekovas-kvailio-patirtis-arba-kelias-i-praregejima-su-nedideliu-defektu-2\\\/\"]}]},{\"@type\":\"ImageObject\",\"inLanguage\":\"en-GB\",\"@id\":\"https:\\\/\\\/skaitytaknyga.lt\\\/produktas\\\/m-norbekovas-kvailio-patirtis-arba-kelias-i-praregejima-su-nedideliu-defektu-2\\\/#primaryimage\",\"url\":\"https:\\\/\\\/skaitytaknyga.lt\\\/wp-content\\\/uploads\\\/2024\\\/04\\\/1462873683_kvailio-patirtis.jpg\",\"contentUrl\":\"https:\\\/\\\/skaitytaknyga.lt\\\/wp-content\\\/uploads\\\/2024\\\/04\\\/1462873683_kvailio-patirtis.jpg\",\"width\":275,\"height\":430,\"caption\":\"1462873683 kvailio patirtis\"},{\"@type\":\"BreadcrumbList\",\"@id\":\"https:\\\/\\\/skaitytaknyga.lt\\\/produktas\\\/m-norbekovas-kvailio-patirtis-arba-kelias-i-praregejima-su-nedideliu-defektu-2\\\/#breadcrumb\",\"itemListElement\":[{\"@type\":\"ListItem\",\"position\":1,\"name\":\"Home\",\"item\":\"https:\\\/\\\/skaitytaknyga.lt\\\/\"},{\"@type\":\"ListItem\",\"position\":2,\"name\":\"Parduotuv\u0117\",\"item\":\"https:\\\/\\\/skaitytaknyga.lt\\\/knygu-parduotuve\\\/\"},{\"@type\":\"ListItem\",\"position\":3,\"name\":\"M. Norbekovas \u201eKvailio patirtis, arba kelias \u012f prareg\u0117jim\u0105&#8221;\"}]},{\"@type\":\"WebSite\",\"@id\":\"https:\\\/\\\/skaitytaknyga.lt\\\/#website\",\"url\":\"https:\\\/\\\/skaitytaknyga.lt\\\/\",\"name\":\"skaitytaknyga.lt\",\"description\":\"Skaitytaknyga.lt \u2013 tai ma\u017eas \u0161eimos verslas, kuris prasid\u0117jo nuo meil\u0117s knygoms ir siekio i\u0161gelb\u0117ti knygas nuo likimo prie konteinerio. Kas vienam nereikalingas daiktas \u2013 kitam lobis, o mes esame tarpininkai, kurie padeda abiems tapti laimingesniems ???? \u017dinome kaip nelengva i\u0161gyventi ma\u017eiems verslams, tad nuo \u0161iol, \u010dia rasite ir kit\u0173, ma\u017e\u0173 \u0161eim\u0173 versl\u0173, rank\u0173 darbo, dovan\u0173 sau ir artimiesiems.\",\"publisher\":{\"@id\":\"https:\\\/\\\/skaitytaknyga.lt\\\/#organization\"},\"potentialAction\":[{\"@type\":\"SearchAction\",\"target\":{\"@type\":\"EntryPoint\",\"urlTemplate\":\"https:\\\/\\\/skaitytaknyga.lt\\\/?s={search_term_string}\"},\"query-input\":{\"@type\":\"PropertyValueSpecification\",\"valueRequired\":true,\"valueName\":\"search_term_string\"}}],\"inLanguage\":\"en-GB\"},{\"@type\":\"Organization\",\"@id\":\"https:\\\/\\\/skaitytaknyga.lt\\\/#organization\",\"name\":\"skaitytaknyga.lt\",\"url\":\"https:\\\/\\\/skaitytaknyga.lt\\\/\",\"logo\":{\"@type\":\"ImageObject\",\"inLanguage\":\"en-GB\",\"@id\":\"https:\\\/\\\/skaitytaknyga.lt\\\/#\\\/schema\\\/logo\\\/image\\\/\",\"url\":\"https:\\\/\\\/skaitytaknyga.lt\\\/wp-content\\\/uploads\\\/2024\\\/05\\\/cropped-cropped-cropped-02_00843_jt3bggkj1j3HLc7SyY6rEUpg.jpeg\",\"contentUrl\":\"https:\\\/\\\/skaitytaknyga.lt\\\/wp-content\\\/uploads\\\/2024\\\/05\\\/cropped-cropped-cropped-02_00843_jt3bggkj1j3HLc7SyY6rEUpg.jpeg\",\"width\":1600,\"height\":1600,\"caption\":\"skaitytaknyga.lt\"},\"image\":{\"@id\":\"https:\\\/\\\/skaitytaknyga.lt\\\/#\\\/schema\\\/logo\\\/image\\\/\"},\"sameAs\":[\"https:\\\/\\\/www.facebook.com\\\/skaitytaknyga\\\/\"]}]}<\/script>\n<!-- \/ Yoast SEO plugin. -->","yoast_head_json":{"title":"M. Norbekovas \u201eKvailio patirtis, arba kelias \u012f prareg\u0117jim\u0105\"","description":"J\u016bs\u0173 rankose \u2013 ne\u012fprasta knyga. Tai n\u0117ra paprasti patarimai, kaip per trump\u0105 laik\u0105 atgauti reg\u0117jim\u0105, ar filosofinis traktatas chroni\u0161kam nevyk\u0117liui, tai","robots":{"index":"index","follow":"follow","max-snippet":"max-snippet:-1","max-image-preview":"max-image-preview:large","max-video-preview":"max-video-preview:-1"},"canonical":"https:\/\/skaitytaknyga.lt\/en\/produktas\/m-norbekovas-kvailio-patirtis-arba-kelias-i-praregejima-su-nedideliu-defektu-2\/","og_locale":"en_GB","og_type":"article","og_title":"[:lt]M. Norbekovas \u201eKvailio patirtis, arba kelias \u012f prareg\u0117jim\u0105\"[:] - Skaitytaknyga","og_description":"J\u016bs\u0173 rankose \u2013 ne\u012fprasta knyga. Tai n\u0117ra paprasti patarimai, kaip per trump\u0105 laik\u0105 atgauti reg\u0117jim\u0105, ar filosofinis traktatas chroni\u0161kam nevyk\u0117liui, tai","og_url":"https:\/\/skaitytaknyga.lt\/en\/produktas\/m-norbekovas-kvailio-patirtis-arba-kelias-i-praregejima-su-nedideliu-defektu-2\/","og_site_name":"Skaitytaknyga","article_publisher":"https:\/\/www.facebook.com\/skaitytaknyga\/","article_modified_time":"2025-11-08T08:47:33+00:00","og_image":[{"width":275,"height":430,"url":"https:\/\/skaitytaknyga.lt\/wp-content\/uploads\/2024\/04\/1462873683_kvailio-patirtis.jpg","type":"image\/jpeg"}],"twitter_card":"summary_large_image","twitter_misc":{"Estimated reading time":"1 minute"},"schema":{"@context":"https:\/\/schema.org","@graph":[{"@type":"WebPage","@id":"https:\/\/skaitytaknyga.lt\/produktas\/m-norbekovas-kvailio-patirtis-arba-kelias-i-praregejima-su-nedideliu-defektu-2\/","url":"https:\/\/skaitytaknyga.lt\/produktas\/m-norbekovas-kvailio-patirtis-arba-kelias-i-praregejima-su-nedideliu-defektu-2\/","name":"M. Norbekovas \u201eKvailio patirtis, arba kelias \u012f prareg\u0117jim\u0105\"","isPartOf":{"@id":"https:\/\/skaitytaknyga.lt\/#website"},"primaryImageOfPage":{"@id":"https:\/\/skaitytaknyga.lt\/produktas\/m-norbekovas-kvailio-patirtis-arba-kelias-i-praregejima-su-nedideliu-defektu-2\/#primaryimage"},"image":{"@id":"https:\/\/skaitytaknyga.lt\/produktas\/m-norbekovas-kvailio-patirtis-arba-kelias-i-praregejima-su-nedideliu-defektu-2\/#primaryimage"},"thumbnailUrl":"https:\/\/skaitytaknyga.lt\/wp-content\/uploads\/2024\/04\/1462873683_kvailio-patirtis.jpg","datePublished":"2024-05-04T14:30:55+00:00","dateModified":"2025-11-08T08:47:33+00:00","description":"J\u016bs\u0173 rankose \u2013 ne\u012fprasta knyga. Tai n\u0117ra paprasti patarimai, kaip per trump\u0105 laik\u0105 atgauti reg\u0117jim\u0105, ar filosofinis traktatas chroni\u0161kam nevyk\u0117liui, tai","breadcrumb":{"@id":"https:\/\/skaitytaknyga.lt\/produktas\/m-norbekovas-kvailio-patirtis-arba-kelias-i-praregejima-su-nedideliu-defektu-2\/#breadcrumb"},"inLanguage":"en-GB","potentialAction":[{"@type":"ReadAction","target":["https:\/\/skaitytaknyga.lt\/produktas\/m-norbekovas-kvailio-patirtis-arba-kelias-i-praregejima-su-nedideliu-defektu-2\/"]}]},{"@type":"ImageObject","inLanguage":"en-GB","@id":"https:\/\/skaitytaknyga.lt\/produktas\/m-norbekovas-kvailio-patirtis-arba-kelias-i-praregejima-su-nedideliu-defektu-2\/#primaryimage","url":"https:\/\/skaitytaknyga.lt\/wp-content\/uploads\/2024\/04\/1462873683_kvailio-patirtis.jpg","contentUrl":"https:\/\/skaitytaknyga.lt\/wp-content\/uploads\/2024\/04\/1462873683_kvailio-patirtis.jpg","width":275,"height":430,"caption":"1462873683 kvailio patirtis"},{"@type":"BreadcrumbList","@id":"https:\/\/skaitytaknyga.lt\/produktas\/m-norbekovas-kvailio-patirtis-arba-kelias-i-praregejima-su-nedideliu-defektu-2\/#breadcrumb","itemListElement":[{"@type":"ListItem","position":1,"name":"Home","item":"https:\/\/skaitytaknyga.lt\/"},{"@type":"ListItem","position":2,"name":"Parduotuv\u0117","item":"https:\/\/skaitytaknyga.lt\/knygu-parduotuve\/"},{"@type":"ListItem","position":3,"name":"M. Norbekovas \u201eKvailio patirtis, arba kelias \u012f prareg\u0117jim\u0105&#8221;"}]},{"@type":"WebSite","@id":"https:\/\/skaitytaknyga.lt\/#website","url":"https:\/\/skaitytaknyga.lt\/","name":"skaitytaknyga.lt","description":"Skaitytaknyga.lt \u2013 tai ma\u017eas \u0161eimos verslas, kuris prasid\u0117jo nuo meil\u0117s knygoms ir siekio i\u0161gelb\u0117ti knygas nuo likimo prie konteinerio. Kas vienam nereikalingas daiktas \u2013 kitam lobis, o mes esame tarpininkai, kurie padeda abiems tapti laimingesniems ???? \u017dinome kaip nelengva i\u0161gyventi ma\u017eiems verslams, tad nuo \u0161iol, \u010dia rasite ir kit\u0173, ma\u017e\u0173 \u0161eim\u0173 versl\u0173, rank\u0173 darbo, dovan\u0173 sau ir artimiesiems.","publisher":{"@id":"https:\/\/skaitytaknyga.lt\/#organization"},"potentialAction":[{"@type":"SearchAction","target":{"@type":"EntryPoint","urlTemplate":"https:\/\/skaitytaknyga.lt\/?s={search_term_string}"},"query-input":{"@type":"PropertyValueSpecification","valueRequired":true,"valueName":"search_term_string"}}],"inLanguage":"en-GB"},{"@type":"Organization","@id":"https:\/\/skaitytaknyga.lt\/#organization","name":"skaitytaknyga.lt","url":"https:\/\/skaitytaknyga.lt\/","logo":{"@type":"ImageObject","inLanguage":"en-GB","@id":"https:\/\/skaitytaknyga.lt\/#\/schema\/logo\/image\/","url":"https:\/\/skaitytaknyga.lt\/wp-content\/uploads\/2024\/05\/cropped-cropped-cropped-02_00843_jt3bggkj1j3HLc7SyY6rEUpg.jpeg","contentUrl":"https:\/\/skaitytaknyga.lt\/wp-content\/uploads\/2024\/05\/cropped-cropped-cropped-02_00843_jt3bggkj1j3HLc7SyY6rEUpg.jpeg","width":1600,"height":1600,"caption":"skaitytaknyga.lt"},"image":{"@id":"https:\/\/skaitytaknyga.lt\/#\/schema\/logo\/image\/"},"sameAs":["https:\/\/www.facebook.com\/skaitytaknyga\/"]}]}},"_links":{"self":[{"href":"https:\/\/skaitytaknyga.lt\/en\/wp-json\/wp\/v2\/product\/7518","targetHints":{"allow":["GET"]}}],"collection":[{"href":"https:\/\/skaitytaknyga.lt\/en\/wp-json\/wp\/v2\/product"}],"about":[{"href":"https:\/\/skaitytaknyga.lt\/en\/wp-json\/wp\/v2\/types\/product"}],"replies":[{"embeddable":true,"href":"https:\/\/skaitytaknyga.lt\/en\/wp-json\/wp\/v2\/comments?post=7518"}],"wp:featuredmedia":[{"embeddable":true,"href":"https:\/\/skaitytaknyga.lt\/en\/wp-json\/wp\/v2\/media\/2661"}],"wp:attachment":[{"href":"https:\/\/skaitytaknyga.lt\/en\/wp-json\/wp\/v2\/media?parent=7518"}],"wp:term":[{"taxonomy":"product_brand","embeddable":true,"href":"https:\/\/skaitytaknyga.lt\/en\/wp-json\/wp\/v2\/product_brand?post=7518"},{"taxonomy":"product_cat","embeddable":true,"href":"https:\/\/skaitytaknyga.lt\/en\/wp-json\/wp\/v2\/product_cat?post=7518"},{"taxonomy":"product_tag","embeddable":true,"href":"https:\/\/skaitytaknyga.lt\/en\/wp-json\/wp\/v2\/product_tag?post=7518"}],"curies":[{"name":"wp","href":"https:\/\/api.w.org\/{rel}","templated":true}]}}